{"id":236415,"date":"2025-03-19T11:08:41","date_gmt":"2025-03-19T09:08:41","guid":{"rendered":"https:\/\/evolve-fitness.eu\/product\/evolve-prime-series-presses-a-pectoraux-a-forte-inclinaison-chargees-dune-plaque-ev-pl-pr-010\/"},"modified":"2026-04-23T09:15:23","modified_gmt":"2026-04-23T06:15:23","slug":"evolve-prime-series-presses-a-pectoraux-a-forte-inclinaison-chargees-dune-plaque-ev-pl-pr-010","status":"publish","type":"product","link":"https:\/\/evolve-fitness.eu\/fr\/produit\/evolve-prime-series-presses-a-pectoraux-a-forte-inclinaison-chargees-dune-plaque-ev-pl-pr-010\/","title":{"rendered":"Evolve Prime Series &#8211; Presses \u00e0 pectoraux \u00e0 forte inclinaison charg\u00e9es d&rsquo;une plaque, EV-PL-PR-010"},"content":{"rendered":"\n<section class=\"wp-block-group alignfull has-lightgray-background-color has-background is-layout-constrained wp-block-group-is-layout-constrained\">\n<div class=\"wp-block-columns alignwide is-layout-flex wp-container-core-columns-is-layout-2edb0647 wp-block-columns-is-layout-flex\" style=\"margin-top:0;margin-bottom:0\">\n<div class=\"wp-block-column is-layout-flow wp-block-column-is-layout-flow\" style=\"flex-basis:33.33%\"><\/div>\n\n\n\n<div class=\"wp-block-column is-layout-flow wp-block-column-is-layout-flow\" style=\"flex-basis:66.66%\"><\/div>\n<\/div>\n<\/section>\n\n<section class=\"wp-block-group alignfull black-content has-white-color has-darkgray-background-color has-text-color has-background is-layout-constrained wp-block-group-is-layout-constrained\" style=\"padding-top:var(--wp--preset--spacing--section-bottom);padding-bottom:var(--wp--preset--spacing--section-bottom)\">\n<h3 class=\"wp-block-heading has-text-align-center\"><strong><strong>EVOLVE PLATE LOADED PRIME SERIES<\/strong><\/strong><\/h3>\n\n\n\n<p>Avec la s\u00e9rie Evolve Plate Loaded Prime, l&rsquo;excellence est la norme. Am\u00e9liorez votre entra\u00eenement musculaire avec des machines con\u00e7ues pour le confort, la durabilit\u00e9 et la performance. D\u00e9couvrez d\u00e8s aujourd&rsquo;hui l&rsquo;ensemble de la gamme et red\u00e9finissez votre parcours de remise en forme.  <\/p>\n\n\n\n<section class=\"wp-block-group alignfull black-content has-white-color has-darkgray-background-color has-text-color has-background is-layout-constrained wp-block-group-is-layout-constrained\" style=\"padding-top:var(--wp--preset--spacing--section-bottom);padding-bottom:var(--wp--preset--spacing--section-bottom)\">\n<div class=\"wp-block-columns alignwide mobile-reverse is-layout-flex wp-container-core-columns-is-layout-ca64bf2d wp-block-columns-is-layout-flex\" style=\"margin-bottom:var(--wp--preset--spacing--side-padding)\">\n<div class=\"wp-block-column is-vertically-aligned-center is-layout-flow wp-block-column-is-layout-flow\">\n<h3 class=\"wp-block-heading\" style=\"margin-bottom:var(--wp--preset--spacing--h-3-bottom)\"><strong><strong><strong><strong>Am\u00e9liorez le d\u00e9veloppement de la partie sup\u00e9rieure de la poitrine<\/strong><\/strong><\/strong><\/strong><\/h3>\n\n\n\n<p><strong><em><strong><strong>avec une biom\u00e9canique optimale<\/strong><\/strong><\/em><\/strong><\/p>\n\n\n\n<p style=\"margin-bottom:var(--wp--preset--spacing--tb-section-padding)\">L&rsquo;<strong>Evolve Prime Series High Incline Chest Press<\/strong> est con\u00e7u pour cibler le haut de la poitrine, les \u00e9paules et les triceps avec pr\u00e9cision. Con\u00e7ue avec un mouvement de pression inclin\u00e9, cette machine imite la biom\u00e9canique naturelle d&rsquo;une presse de banc inclin\u00e9e tout en offrant la stabilit\u00e9 et la s\u00e9curit\u00e9 d&rsquo;une trajectoire guid\u00e9e. Son syst\u00e8me de r\u00e9sistance \u00e0 plaques permet une surcharge progressive, ce qui le rend id\u00e9al pour les utilisateurs de tous niveaux. Avec un si\u00e8ge ergonomique et des positions de pr\u00e9hension r\u00e9glables, cet appareil assure un confort et une efficacit\u00e9 maximum, permettant aux utilisateurs de repousser leurs limites en toute confiance.   <\/p>\n\n\n\n<h3 class=\"wp-block-heading\" style=\"margin-bottom:var(--wp--preset--spacing--h-3-bottom)\"><strong><strong><strong><strong><strong><strong><strong>Optimisez la force du haut du corps<\/strong><\/strong><\/strong><\/strong><\/strong><\/strong><\/strong><\/h3>\n\n\n\n<p><strong><em><strong>Mouvement doux et contr\u00f4l\u00e9 pour une activation musculaire sup\u00e9rieure<\/strong><\/em><\/strong><\/p>\n\n\n\n<p>L&rsquo;<strong>Evolve Prime Series High Incline Chest Press<\/strong> est con\u00e7u pour les athl\u00e8tes et les amateurs de fitness qui cherchent \u00e0 am\u00e9liorer la force et la d\u00e9finition de la partie sup\u00e9rieure de leur poitrine. Le mouvement ind\u00e9pendant des bras favorise un d\u00e9veloppement musculaire \u00e9quilibr\u00e9, tandis que l&rsquo;angle de pression optimis\u00e9 r\u00e9duit la pression sur les \u00e9paules. Son cadre robuste et son m\u00e9canisme de r\u00e9sistance souple garantissent sa durabilit\u00e9 et ses performances dans n&rsquo;importe quelle salle de sport. Que votre objectif soit l&rsquo;hypertrophie musculaire, le renforcement de la force ou la mise en condition g\u00e9n\u00e9rale du haut du corps, cet appareil offre une exp\u00e9rience d&rsquo;entra\u00eenement efficace et contr\u00f4l\u00e9e.   <\/p>\n<\/div>\n\n\n\n<div class=\"wp-block-column is-vertically-aligned-center is-layout-flow wp-block-column-is-layout-flow\">\n<figure class=\"wp-block-image size-large\"><img loading=\"lazy\" decoding=\"async\" width=\"1024\" height=\"1024\" src=\"https:\/\/evolve-fitness.eu\/wp-content\/uploads\/2025\/03\/EV-PL-PR-010-Evolve-Prime-Series-Plate-Loaded-High-Incline-Chest-Press-Recovered-1024x1024.png\" alt=\"EV-PL-PR-010\" class=\"wp-image-187187\" srcset=\"https:\/\/evolve-fitness.eu\/wp-content\/uploads\/2025\/03\/EV-PL-PR-010-Evolve-Prime-Series-Plate-Loaded-High-Incline-Chest-Press-Recovered-1024x1024.png 1024w, https:\/\/evolve-fitness.eu\/wp-content\/uploads\/2025\/03\/EV-PL-PR-010-Evolve-Prime-Series-Plate-Loaded-High-Incline-Chest-Press-Recovered-300x300.png 300w, https:\/\/evolve-fitness.eu\/wp-content\/uploads\/2025\/03\/EV-PL-PR-010-Evolve-Prime-Series-Plate-Loaded-High-Incline-Chest-Press-Recovered-150x150.png 150w, https:\/\/evolve-fitness.eu\/wp-content\/uploads\/2025\/03\/EV-PL-PR-010-Evolve-Prime-Series-Plate-Loaded-High-Incline-Chest-Press-Recovered-768x768.png 768w, https:\/\/evolve-fitness.eu\/wp-content\/uploads\/2025\/03\/EV-PL-PR-010-Evolve-Prime-Series-Plate-Loaded-High-Incline-Chest-Press-Recovered-1536x1536.png 1536w, https:\/\/evolve-fitness.eu\/wp-content\/uploads\/2025\/03\/EV-PL-PR-010-Evolve-Prime-Series-Plate-Loaded-High-Incline-Chest-Press-Recovered-2048x2048.png 2048w, https:\/\/evolve-fitness.eu\/wp-content\/uploads\/2025\/03\/EV-PL-PR-010-Evolve-Prime-Series-Plate-Loaded-High-Incline-Chest-Press-Recovered-600x600.png 600w\" sizes=\"auto, (max-width: 1024px) 100vw, 1024px\" \/><\/figure>\n<\/div>\n<\/div>\n<\/section>\n<\/section>\n","protected":false},"excerpt":{"rendered":"<p>L&rsquo;appareil Evolve Prime Series High Incline Chest Press (EV-PL-PR-010) est con\u00e7u pour cibler le haut de la poitrine, les \u00e9paules et les triceps, en fournissant un mouvement de pression puissant et contr\u00f4l\u00e9. Gr\u00e2ce \u00e0 son angle d&rsquo;inclinaison \u00e9lev\u00e9, cette machine met l&rsquo;accent sur la partie claviculaire des muscles pectoraux, ce qui favorise le d\u00e9veloppement du haut du corps. Con\u00e7u pour des mouvements fluides et un positionnement ergonomique, il assure une biom\u00e9canique optimale, permettant aux utilisateurs de s&rsquo;entra\u00eener efficacement et en toute s\u00e9curit\u00e9. Que votre objectif soit de d\u00e9velopper la masse musculaire, d&rsquo;augmenter la force ou d&rsquo;am\u00e9liorer les performances de pressage, cette machine \u00e0 plaques est un compl\u00e9ment essentiel \u00e0 tout dispositif d&rsquo;entra\u00eenement avanc\u00e9.   <\/p>\n","protected":false},"featured_media":187195,"template":"","meta":{"_acf_changed":false,"inline_featured_image":false},"product_brand":[],"product_cat":[5194,5195],"product_tag":[],"class_list":{"0":"post-236415","1":"product","2":"type-product","3":"status-publish","4":"has-post-thumbnail","6":"product_cat-machines-a-plateau","7":"product_cat-prime-series-plate-loaded-fr","9":"first","10":"instock","11":"shipping-taxable","12":"purchasable","13":"product-type-simple"},"acf":{"long_title":"Evolve Prime Series - Presses \u00e0 pectoraux \u00e0 forte inclinaison charg\u00e9es d'une plaque, EV-PL-PR-010","subtitle":"","specifications":[{"label":"SKU","text_value":"EV-PL-PR-010","icon":"x"},{"label":"Dimensions","text_value":"1700 x 1280 x 1575 mm","icon":"x"},{"label":"Poids","text_value":"128 kg","icon":"x"},{"label":"Peinture anticorrosion","text_value":"","icon":"v"},{"label":"Cadre m\u00e9tallique sans ar\u00eates vives","text_value":"","icon":"v"},{"label":"Protecteurs de sol durables","text_value":"","icon":"v"},{"label":"Poign\u00e9es antid\u00e9rapantes","text_value":"","icon":"v"},{"label":"Rembourrage \u00e9pais","text_value":"","icon":"v"},{"label":"Garantie","text_value":"2 ans","icon":"x"}],"product_frequently_asked_questions":null},"yoast_head":"<!-- This site is optimized with the Yoast SEO plugin v27.4 - https:\/\/yoast.com\/product\/yoast-seo-wordpress\/ -->\n<title>Evolve Prime Series - Presses \u00e0 pectoraux \u00e0 forte inclinaison charg\u00e9es d&#039;une plaque, EV-PL-PR-010 - Evolve<\/title>\n<meta name=\"robots\" content=\"index, follow, max-snippet:-1, max-image-preview:large, max-video-preview:-1\" \/>\n<link rel=\"canonical\" href=\"https:\/\/evolve-fitness.eu\/fr\/produit\/evolve-prime-series-presses-a-pectoraux-a-forte-inclinaison-chargees-dune-plaque-ev-pl-pr-010\/\" \/>\n<meta property=\"og:locale\" content=\"fr_FR\" \/>\n<meta property=\"og:type\" content=\"article\" \/>\n<meta property=\"og:title\" content=\"Evolve Prime Series - Presses \u00e0 pectoraux \u00e0 forte inclinaison charg\u00e9es d&#039;une plaque, EV-PL-PR-010 - Evolve\" \/>\n<meta property=\"og:url\" content=\"https:\/\/evolve-fitness.eu\/fr\/produit\/evolve-prime-series-presses-a-pectoraux-a-forte-inclinaison-chargees-dune-plaque-ev-pl-pr-010\/\" \/>\n<meta property=\"og:site_name\" content=\"Evolve\" \/>\n<meta property=\"article:publisher\" content=\"https:\/\/www.facebook.com\/EvolveFitnessEurope\" \/>\n<meta property=\"article:modified_time\" content=\"2026-04-23T06:15:23+00:00\" \/>\n<meta property=\"og:image\" content=\"https:\/\/evolve-fitness.eu\/wp-content\/uploads\/2025\/03\/EV-PL-PR-010-Evolve-Prime-Series-Plate-Loaded-High-Incline-Chest-Press-Recovered.png\" \/>\n\t<meta property=\"og:image:width\" content=\"3000\" \/>\n\t<meta property=\"og:image:height\" content=\"3000\" \/>\n\t<meta property=\"og:image:type\" content=\"image\/png\" \/>\n<meta name=\"twitter:card\" content=\"summary_large_image\" \/>\n<script type=\"application\/ld+json\" class=\"yoast-schema-graph\">{\"@context\":\"https:\\\/\\\/schema.org\",\"@graph\":[{\"@type\":\"WebPage\",\"@id\":\"https:\\\/\\\/evolve-fitness.eu\\\/fr\\\/produit\\\/evolve-prime-series-presses-a-pectoraux-a-forte-inclinaison-chargees-dune-plaque-ev-pl-pr-010\\\/\",\"url\":\"https:\\\/\\\/evolve-fitness.eu\\\/fr\\\/produit\\\/evolve-prime-series-presses-a-pectoraux-a-forte-inclinaison-chargees-dune-plaque-ev-pl-pr-010\\\/\",\"name\":\"Evolve Prime Series - Presses \u00e0 pectoraux \u00e0 forte inclinaison charg\u00e9es d'une plaque, EV-PL-PR-010 - Evolve\",\"isPartOf\":{\"@id\":\"https:\\\/\\\/evolve-fitness.eu\\\/fr\\\/#website\"},\"primaryImageOfPage\":{\"@id\":\"https:\\\/\\\/evolve-fitness.eu\\\/fr\\\/produit\\\/evolve-prime-series-presses-a-pectoraux-a-forte-inclinaison-chargees-dune-plaque-ev-pl-pr-010\\\/#primaryimage\"},\"image\":{\"@id\":\"https:\\\/\\\/evolve-fitness.eu\\\/fr\\\/produit\\\/evolve-prime-series-presses-a-pectoraux-a-forte-inclinaison-chargees-dune-plaque-ev-pl-pr-010\\\/#primaryimage\"},\"thumbnailUrl\":\"https:\\\/\\\/evolve-fitness.eu\\\/wp-content\\\/uploads\\\/2025\\\/03\\\/EV-PL-PR-010-Evolve-Prime-Series-Plate-Loaded-High-Incline-Chest-Press-Recovered.png\",\"datePublished\":\"2025-03-19T09:08:41+00:00\",\"dateModified\":\"2026-04-23T06:15:23+00:00\",\"breadcrumb\":{\"@id\":\"https:\\\/\\\/evolve-fitness.eu\\\/fr\\\/produit\\\/evolve-prime-series-presses-a-pectoraux-a-forte-inclinaison-chargees-dune-plaque-ev-pl-pr-010\\\/#breadcrumb\"},\"inLanguage\":\"fr-FR\",\"potentialAction\":[{\"@type\":\"ReadAction\",\"target\":[\"https:\\\/\\\/evolve-fitness.eu\\\/fr\\\/produit\\\/evolve-prime-series-presses-a-pectoraux-a-forte-inclinaison-chargees-dune-plaque-ev-pl-pr-010\\\/\"]}]},{\"@type\":\"ImageObject\",\"inLanguage\":\"fr-FR\",\"@id\":\"https:\\\/\\\/evolve-fitness.eu\\\/fr\\\/produit\\\/evolve-prime-series-presses-a-pectoraux-a-forte-inclinaison-chargees-dune-plaque-ev-pl-pr-010\\\/#primaryimage\",\"url\":\"https:\\\/\\\/evolve-fitness.eu\\\/wp-content\\\/uploads\\\/2025\\\/03\\\/EV-PL-PR-010-Evolve-Prime-Series-Plate-Loaded-High-Incline-Chest-Press-Recovered.png\",\"contentUrl\":\"https:\\\/\\\/evolve-fitness.eu\\\/wp-content\\\/uploads\\\/2025\\\/03\\\/EV-PL-PR-010-Evolve-Prime-Series-Plate-Loaded-High-Incline-Chest-Press-Recovered.png\",\"width\":3000,\"height\":3000,\"caption\":\"EV-PL-PR-010\"},{\"@type\":\"BreadcrumbList\",\"@id\":\"https:\\\/\\\/evolve-fitness.eu\\\/fr\\\/produit\\\/evolve-prime-series-presses-a-pectoraux-a-forte-inclinaison-chargees-dune-plaque-ev-pl-pr-010\\\/#breadcrumb\",\"itemListElement\":[{\"@type\":\"ListItem\",\"position\":1,\"name\":\"Home\",\"item\":\"https:\\\/\\\/evolve-fitness.eu\\\/fr\\\/\"},{\"@type\":\"ListItem\",\"position\":2,\"name\":\"Produits\",\"item\":\"https:\\\/\\\/evolve-fitness.eu\\\/fr\\\/shop\\\/\"},{\"@type\":\"ListItem\",\"position\":3,\"name\":\"Evolve Prime Series &#8211; Presses \u00e0 pectoraux \u00e0 forte inclinaison charg\u00e9es d&#8217;une plaque, EV-PL-PR-010\"}]},{\"@type\":\"WebSite\",\"@id\":\"https:\\\/\\\/evolve-fitness.eu\\\/fr\\\/#website\",\"url\":\"https:\\\/\\\/evolve-fitness.eu\\\/fr\\\/\",\"name\":\"Evolve\",\"description\":\"Your Evolved Gear Arrived\",\"publisher\":{\"@id\":\"https:\\\/\\\/evolve-fitness.eu\\\/fr\\\/#organization\"},\"potentialAction\":[{\"@type\":\"SearchAction\",\"target\":{\"@type\":\"EntryPoint\",\"urlTemplate\":\"https:\\\/\\\/evolve-fitness.eu\\\/fr\\\/?s={search_term_string}\"},\"query-input\":{\"@type\":\"PropertyValueSpecification\",\"valueRequired\":true,\"valueName\":\"search_term_string\"}}],\"inLanguage\":\"fr-FR\"},{\"@type\":\"Organization\",\"@id\":\"https:\\\/\\\/evolve-fitness.eu\\\/fr\\\/#organization\",\"name\":\"Evolve\",\"url\":\"https:\\\/\\\/evolve-fitness.eu\\\/fr\\\/\",\"logo\":{\"@type\":\"ImageObject\",\"inLanguage\":\"fr-FR\",\"@id\":\"https:\\\/\\\/evolve-fitness.eu\\\/fr\\\/#\\\/schema\\\/logo\\\/image\\\/\",\"url\":\"https:\\\/\\\/evolve-fitness.eu\\\/wp-content\\\/uploads\\\/2023\\\/05\\\/Evolve-logo.svg\",\"contentUrl\":\"https:\\\/\\\/evolve-fitness.eu\\\/wp-content\\\/uploads\\\/2023\\\/05\\\/Evolve-logo.svg\",\"width\":176,\"height\":20,\"caption\":\"Evolve\"},\"image\":{\"@id\":\"https:\\\/\\\/evolve-fitness.eu\\\/fr\\\/#\\\/schema\\\/logo\\\/image\\\/\"},\"sameAs\":[\"https:\\\/\\\/www.facebook.com\\\/EvolveFitnessEurope\"]}]}<\/script>\n<!-- \/ Yoast SEO plugin. -->","yoast_head_json":{"title":"Evolve Prime Series - Presses \u00e0 pectoraux \u00e0 forte inclinaison charg\u00e9es d'une plaque, EV-PL-PR-010 - Evolve","robots":{"index":"index","follow":"follow","max-snippet":"max-snippet:-1","max-image-preview":"max-image-preview:large","max-video-preview":"max-video-preview:-1"},"canonical":"https:\/\/evolve-fitness.eu\/fr\/produit\/evolve-prime-series-presses-a-pectoraux-a-forte-inclinaison-chargees-dune-plaque-ev-pl-pr-010\/","og_locale":"fr_FR","og_type":"article","og_title":"Evolve Prime Series - Presses \u00e0 pectoraux \u00e0 forte inclinaison charg\u00e9es d'une plaque, EV-PL-PR-010 - Evolve","og_url":"https:\/\/evolve-fitness.eu\/fr\/produit\/evolve-prime-series-presses-a-pectoraux-a-forte-inclinaison-chargees-dune-plaque-ev-pl-pr-010\/","og_site_name":"Evolve","article_publisher":"https:\/\/www.facebook.com\/EvolveFitnessEurope","article_modified_time":"2026-04-23T06:15:23+00:00","og_image":[{"width":3000,"height":3000,"url":"https:\/\/evolve-fitness.eu\/wp-content\/uploads\/2025\/03\/EV-PL-PR-010-Evolve-Prime-Series-Plate-Loaded-High-Incline-Chest-Press-Recovered.png","type":"image\/png"}],"twitter_card":"summary_large_image","schema":{"@context":"https:\/\/schema.org","@graph":[{"@type":"WebPage","@id":"https:\/\/evolve-fitness.eu\/fr\/produit\/evolve-prime-series-presses-a-pectoraux-a-forte-inclinaison-chargees-dune-plaque-ev-pl-pr-010\/","url":"https:\/\/evolve-fitness.eu\/fr\/produit\/evolve-prime-series-presses-a-pectoraux-a-forte-inclinaison-chargees-dune-plaque-ev-pl-pr-010\/","name":"Evolve Prime Series - Presses \u00e0 pectoraux \u00e0 forte inclinaison charg\u00e9es d'une plaque, EV-PL-PR-010 - Evolve","isPartOf":{"@id":"https:\/\/evolve-fitness.eu\/fr\/#website"},"primaryImageOfPage":{"@id":"https:\/\/evolve-fitness.eu\/fr\/produit\/evolve-prime-series-presses-a-pectoraux-a-forte-inclinaison-chargees-dune-plaque-ev-pl-pr-010\/#primaryimage"},"image":{"@id":"https:\/\/evolve-fitness.eu\/fr\/produit\/evolve-prime-series-presses-a-pectoraux-a-forte-inclinaison-chargees-dune-plaque-ev-pl-pr-010\/#primaryimage"},"thumbnailUrl":"https:\/\/evolve-fitness.eu\/wp-content\/uploads\/2025\/03\/EV-PL-PR-010-Evolve-Prime-Series-Plate-Loaded-High-Incline-Chest-Press-Recovered.png","datePublished":"2025-03-19T09:08:41+00:00","dateModified":"2026-04-23T06:15:23+00:00","breadcrumb":{"@id":"https:\/\/evolve-fitness.eu\/fr\/produit\/evolve-prime-series-presses-a-pectoraux-a-forte-inclinaison-chargees-dune-plaque-ev-pl-pr-010\/#breadcrumb"},"inLanguage":"fr-FR","potentialAction":[{"@type":"ReadAction","target":["https:\/\/evolve-fitness.eu\/fr\/produit\/evolve-prime-series-presses-a-pectoraux-a-forte-inclinaison-chargees-dune-plaque-ev-pl-pr-010\/"]}]},{"@type":"ImageObject","inLanguage":"fr-FR","@id":"https:\/\/evolve-fitness.eu\/fr\/produit\/evolve-prime-series-presses-a-pectoraux-a-forte-inclinaison-chargees-dune-plaque-ev-pl-pr-010\/#primaryimage","url":"https:\/\/evolve-fitness.eu\/wp-content\/uploads\/2025\/03\/EV-PL-PR-010-Evolve-Prime-Series-Plate-Loaded-High-Incline-Chest-Press-Recovered.png","contentUrl":"https:\/\/evolve-fitness.eu\/wp-content\/uploads\/2025\/03\/EV-PL-PR-010-Evolve-Prime-Series-Plate-Loaded-High-Incline-Chest-Press-Recovered.png","width":3000,"height":3000,"caption":"EV-PL-PR-010"},{"@type":"BreadcrumbList","@id":"https:\/\/evolve-fitness.eu\/fr\/produit\/evolve-prime-series-presses-a-pectoraux-a-forte-inclinaison-chargees-dune-plaque-ev-pl-pr-010\/#breadcrumb","itemListElement":[{"@type":"ListItem","position":1,"name":"Home","item":"https:\/\/evolve-fitness.eu\/fr\/"},{"@type":"ListItem","position":2,"name":"Produits","item":"https:\/\/evolve-fitness.eu\/fr\/shop\/"},{"@type":"ListItem","position":3,"name":"Evolve Prime Series &#8211; Presses \u00e0 pectoraux \u00e0 forte inclinaison charg\u00e9es d&#8217;une plaque, EV-PL-PR-010"}]},{"@type":"WebSite","@id":"https:\/\/evolve-fitness.eu\/fr\/#website","url":"https:\/\/evolve-fitness.eu\/fr\/","name":"Evolve","description":"Your Evolved Gear Arrived","publisher":{"@id":"https:\/\/evolve-fitness.eu\/fr\/#organization"},"potentialAction":[{"@type":"SearchAction","target":{"@type":"EntryPoint","urlTemplate":"https:\/\/evolve-fitness.eu\/fr\/?s={search_term_string}"},"query-input":{"@type":"PropertyValueSpecification","valueRequired":true,"valueName":"search_term_string"}}],"inLanguage":"fr-FR"},{"@type":"Organization","@id":"https:\/\/evolve-fitness.eu\/fr\/#organization","name":"Evolve","url":"https:\/\/evolve-fitness.eu\/fr\/","logo":{"@type":"ImageObject","inLanguage":"fr-FR","@id":"https:\/\/evolve-fitness.eu\/fr\/#\/schema\/logo\/image\/","url":"https:\/\/evolve-fitness.eu\/wp-content\/uploads\/2023\/05\/Evolve-logo.svg","contentUrl":"https:\/\/evolve-fitness.eu\/wp-content\/uploads\/2023\/05\/Evolve-logo.svg","width":176,"height":20,"caption":"Evolve"},"image":{"@id":"https:\/\/evolve-fitness.eu\/fr\/#\/schema\/logo\/image\/"},"sameAs":["https:\/\/www.facebook.com\/EvolveFitnessEurope"]}]}},"_links":{"self":[{"href":"https:\/\/evolve-fitness.eu\/fr\/wp-json\/wp\/v2\/product\/236415","targetHints":{"allow":["GET"]}}],"collection":[{"href":"https:\/\/evolve-fitness.eu\/fr\/wp-json\/wp\/v2\/product"}],"about":[{"href":"https:\/\/evolve-fitness.eu\/fr\/wp-json\/wp\/v2\/types\/product"}],"wp:featuredmedia":[{"embeddable":true,"href":"https:\/\/evolve-fitness.eu\/fr\/wp-json\/wp\/v2\/media\/187195"}],"wp:attachment":[{"href":"https:\/\/evolve-fitness.eu\/fr\/wp-json\/wp\/v2\/media?parent=236415"}],"wp:term":[{"taxonomy":"product_brand","embeddable":true,"href":"https:\/\/evolve-fitness.eu\/fr\/wp-json\/wp\/v2\/product_brand?post=236415"},{"taxonomy":"product_cat","embeddable":true,"href":"https:\/\/evolve-fitness.eu\/fr\/wp-json\/wp\/v2\/product_cat?post=236415"},{"taxonomy":"product_tag","embeddable":true,"href":"https:\/\/evolve-fitness.eu\/fr\/wp-json\/wp\/v2\/product_tag?post=236415"}],"curies":[{"name":"wp","href":"https:\/\/api.w.org\/{rel}","templated":true}]}}