{"id":236480,"date":"2025-03-21T09:22:09","date_gmt":"2025-03-21T07:22:09","guid":{"rendered":"https:\/\/evolve-fitness.eu\/product\/evolve-prime-series-hack-squat-avec-charge-de-plaques\/"},"modified":"2026-04-23T09:18:50","modified_gmt":"2026-04-23T06:18:50","slug":"evolve-prime-series-hack-squat-avec-charge-de-plaques","status":"publish","type":"product","link":"https:\/\/evolve-fitness.eu\/fr\/produit\/evolve-prime-series-hack-squat-avec-charge-de-plaques\/","title":{"rendered":"Evolve Prime Series Hack Squat avec charge de plaques"},"content":{"rendered":"\n<section class=\"wp-block-group alignfull has-lightgray-background-color has-background is-layout-constrained wp-block-group-is-layout-constrained\">\n<div class=\"wp-block-columns alignwide is-layout-flex wp-container-core-columns-is-layout-2edb0647 wp-block-columns-is-layout-flex\" style=\"margin-top:0;margin-bottom:0\">\n<div class=\"wp-block-column is-layout-flow wp-block-column-is-layout-flow\" style=\"flex-basis:33.33%\"><\/div>\n\n\n\n<div class=\"wp-block-column is-layout-flow wp-block-column-is-layout-flow\" style=\"flex-basis:66.66%\"><\/div>\n<\/div>\n<\/section>\n\n<section class=\"wp-block-group alignfull black-content has-white-color has-darkgray-background-color has-text-color has-background is-layout-constrained wp-block-group-is-layout-constrained\" style=\"padding-top:var(--wp--preset--spacing--section-bottom);padding-bottom:var(--wp--preset--spacing--section-bottom)\">\n<h3 class=\"wp-block-heading has-text-align-center\"><strong><strong>EVOLVE PLATE LOADED PRIME SERIES<\/strong><\/strong><\/h3>\n\n\n\n<p>Avec la s\u00e9rie Evolve Plate Loaded Prime, l&rsquo;excellence est la norme. Am\u00e9liorez votre entra\u00eenement musculaire avec des machines con\u00e7ues pour le confort, la durabilit\u00e9 et la performance. D\u00e9couvrez d\u00e8s aujourd&rsquo;hui l&rsquo;ensemble de la gamme et red\u00e9finissez votre parcours de remise en forme.  <\/p>\n\n\n\n<section class=\"wp-block-group alignfull black-content has-white-color has-darkgray-background-color has-text-color has-background is-layout-constrained wp-block-group-is-layout-constrained\" style=\"padding-top:var(--wp--preset--spacing--section-bottom);padding-bottom:var(--wp--preset--spacing--section-bottom)\">\n<div class=\"wp-block-columns alignwide mobile-reverse is-layout-flex wp-container-core-columns-is-layout-ca64bf2d wp-block-columns-is-layout-flex\" style=\"margin-bottom:var(--wp--preset--spacing--side-padding)\">\n<div class=\"wp-block-column is-vertically-aligned-center is-layout-flow wp-block-column-is-layout-flow\">\n<h3 class=\"wp-block-heading\" style=\"margin-bottom:var(--wp--preset--spacing--h-3-bottom)\"><strong><strong><strong>Am\u00e9liorer le bas du corps<\/strong><\/strong><\/strong><\/h3>\n\n\n\n<p><strong><em><strong>Force et stabilit\u00e9<\/strong><\/em><\/strong><\/p>\n\n\n\n<p style=\"margin-bottom:var(--wp--preset--spacing--tb-section-padding)\">Le Evolve Prime Series Plate Loaded Hack Squat est con\u00e7u pour fournir un entra\u00eenement biom\u00e9canique optimis\u00e9 du bas du corps, ciblant les quadriceps, les fessiers et les ischio-jambiers avec un mouvement fluide et contr\u00f4l\u00e9. Dot\u00e9 d&rsquo;un repose-pieds inclin\u00e9, d&rsquo;un support dorsal ergonomique et d&rsquo;un syst\u00e8me de r\u00e9sistance \u00e0 plaques, cet appareil assure une bonne m\u00e9canique de squat tout en r\u00e9duisant le stress sur le bas du dos et les articulations. <\/p>\n\n\n\n<h3 class=\"wp-block-heading\" style=\"margin-bottom:var(--wp--preset--spacing--h-3-bottom)\"><strong><strong><strong><strong><strong>Une formation polyvalente<\/strong><\/strong><\/strong><\/strong><\/strong><\/h3>\n\n\n\n<p><strong><em>pour tous les niveaux de condition physique<\/em><\/strong><\/p>\n\n\n\n<p>L&rsquo;Evolve Prime Series Plate Loaded Hack Squat permet une gamme compl\u00e8te de mouvements avec une trajectoire de mouvement guid\u00e9e qui assure une r\u00e9sistance constante et une forme correcte. Son syst\u00e8me de chargement par plaque permet une surcharge progressive, ce qui convient aussi bien aux d\u00e9butants qu&rsquo;aux halt\u00e9rophiles avanc\u00e9s. La plate-forme inclin\u00e9e pour les pieds favorise la stabilit\u00e9 des genoux et des chevilles, tandis que le support dorsal rembourr\u00e9 am\u00e9liore le confort et le contr\u00f4le pendant les lev\u00e9es lourdes. Que vous vous concentriez sur l&rsquo;hypertrophie musculaire, les performances athl\u00e9tiques ou la force g\u00e9n\u00e9rale des jambes, cet appareil offre un entra\u00eenement de squat tr\u00e8s efficace et efficient.     <\/p>\n<\/div>\n\n\n\n<div class=\"wp-block-column is-vertically-aligned-center is-layout-flow wp-block-column-is-layout-flow\">\n<figure class=\"wp-block-image size-large\"><img loading=\"lazy\" decoding=\"async\" width=\"1024\" height=\"1024\" src=\"https:\/\/evolve-fitness.eu\/wp-content\/uploads\/2025\/03\/EV-PL-PR-114-Evolve-Prime-Series-Plate-Loaded-Hack-Squat-Recovered-1024x1024.png\" alt=\"\" class=\"wp-image-187714\" srcset=\"https:\/\/evolve-fitness.eu\/wp-content\/uploads\/2025\/03\/EV-PL-PR-114-Evolve-Prime-Series-Plate-Loaded-Hack-Squat-Recovered-1024x1024.png 1024w, https:\/\/evolve-fitness.eu\/wp-content\/uploads\/2025\/03\/EV-PL-PR-114-Evolve-Prime-Series-Plate-Loaded-Hack-Squat-Recovered-300x300.png 300w, https:\/\/evolve-fitness.eu\/wp-content\/uploads\/2025\/03\/EV-PL-PR-114-Evolve-Prime-Series-Plate-Loaded-Hack-Squat-Recovered-150x150.png 150w, https:\/\/evolve-fitness.eu\/wp-content\/uploads\/2025\/03\/EV-PL-PR-114-Evolve-Prime-Series-Plate-Loaded-Hack-Squat-Recovered-768x768.png 768w, https:\/\/evolve-fitness.eu\/wp-content\/uploads\/2025\/03\/EV-PL-PR-114-Evolve-Prime-Series-Plate-Loaded-Hack-Squat-Recovered-1536x1536.png 1536w, https:\/\/evolve-fitness.eu\/wp-content\/uploads\/2025\/03\/EV-PL-PR-114-Evolve-Prime-Series-Plate-Loaded-Hack-Squat-Recovered-2048x2048.png 2048w, https:\/\/evolve-fitness.eu\/wp-content\/uploads\/2025\/03\/EV-PL-PR-114-Evolve-Prime-Series-Plate-Loaded-Hack-Squat-Recovered-600x600.png 600w\" sizes=\"auto, (max-width: 1024px) 100vw, 1024px\" \/><\/figure>\n<\/div>\n<\/div>\n<\/section>\n<\/section>\n","protected":false},"excerpt":{"rendered":"<p>Maximisez la puissance de vos jambes avec le Evolve Prime Series Plate Loaded Hack Squat. Cet appareil offre un entra\u00eenement biom\u00e9canique optimis\u00e9 du bas du corps, ciblant efficacement les quadriceps, les fessiers et les ischio-jambiers gr\u00e2ce \u00e0 des mouvements fluides et contr\u00f4l\u00e9s. Dot\u00e9 d&rsquo;un repose-pieds inclin\u00e9, d&rsquo;un support dorsal ergonomique et d&rsquo;une r\u00e9sistance \u00e0 plaques, il assure une bonne m\u00e9canique de squat tout en r\u00e9duisant le stress sur le bas du dos et les articulations. Construit pour \u00eatre durable et stable, cet appareil est parfait pour d\u00e9velopper la force et la masse musculaire du bas du corps, permettant aux utilisateurs de repousser leurs limites en toute s\u00e9curit\u00e9.   <\/p>\n","protected":false},"featured_media":187722,"template":"","meta":{"_acf_changed":false,"inline_featured_image":false},"product_brand":[],"product_cat":[5194,5195],"product_tag":[],"class_list":{"0":"post-236480","1":"product","2":"type-product","3":"status-publish","4":"has-post-thumbnail","6":"product_cat-machines-a-plateau","7":"product_cat-prime-series-plate-loaded-fr","9":"first","10":"instock","11":"shipping-taxable","12":"purchasable","13":"product-type-simple"},"acf":{"long_title":"Evolve Prime Series Hack Squat avec charge de plaques","subtitle":"","specifications":[{"label":"SKU","text_value":"EV-PL-PR-114","icon":"x"},{"label":"Dimensions","text_value":"2246 x 1643 x 1382 mm","icon":"x"},{"label":"Poids","text_value":"230 kg","icon":"x"},{"label":"Protecteurs de sol durables","text_value":"","icon":"v"},{"label":"Cadre m\u00e9tallique sans ar\u00eates vives","text_value":"","icon":"v"},{"label":"Personnalisez les couleurs du cadre et du rev\u00eatement","text_value":"","icon":"v"},{"label":"Rembourrage \u00e9pais","text_value":"","icon":"v"},{"label":"Peinture anticorrosion","text_value":"","icon":"x"},{"label":"Garantie","text_value":"2 ans","icon":"x"}],"product_frequently_asked_questions":null},"yoast_head":"<!-- This site is optimized with the Yoast SEO plugin v27.4 - https:\/\/yoast.com\/product\/yoast-seo-wordpress\/ -->\n<title>Evolve Prime Series Hack Squat avec charge de plaques - Evolve<\/title>\n<meta name=\"description\" content=\"Le Hack Squat offre un entra\u00eenement biom\u00e9canique optimis\u00e9 du bas du corps, ciblant efficacement les quadriceps, les fessiers et les ischio-jambiers gr\u00e2ce \u00e0 des mouvements fluides et contr\u00f4l\u00e9s.\" \/>\n<meta name=\"robots\" content=\"index, follow, max-snippet:-1, max-image-preview:large, max-video-preview:-1\" \/>\n<link rel=\"canonical\" href=\"https:\/\/evolve-fitness.eu\/fr\/produit\/evolve-prime-series-hack-squat-avec-charge-de-plaques\/\" \/>\n<meta property=\"og:locale\" content=\"fr_FR\" \/>\n<meta property=\"og:type\" content=\"article\" \/>\n<meta property=\"og:title\" content=\"Evolve Prime Series Hack Squat avec charge de plaques - Evolve\" \/>\n<meta property=\"og:description\" content=\"Le Hack Squat offre un entra\u00eenement biom\u00e9canique optimis\u00e9 du bas du corps, ciblant efficacement les quadriceps, les fessiers et les ischio-jambiers gr\u00e2ce \u00e0 des mouvements fluides et contr\u00f4l\u00e9s.\" \/>\n<meta property=\"og:url\" content=\"https:\/\/evolve-fitness.eu\/fr\/produit\/evolve-prime-series-hack-squat-avec-charge-de-plaques\/\" \/>\n<meta property=\"og:site_name\" content=\"Evolve\" \/>\n<meta property=\"article:publisher\" content=\"https:\/\/www.facebook.com\/EvolveFitnessEurope\" \/>\n<meta property=\"article:modified_time\" content=\"2026-04-23T06:18:50+00:00\" \/>\n<meta property=\"og:image\" content=\"https:\/\/evolve-fitness.eu\/wp-content\/uploads\/2025\/03\/EV-PL-PR-114-Evolve-Prime-Series-Plate-Loaded-Hack-Squat-Recovered.png\" \/>\n\t<meta property=\"og:image:width\" content=\"3000\" \/>\n\t<meta property=\"og:image:height\" content=\"3000\" \/>\n\t<meta property=\"og:image:type\" content=\"image\/png\" \/>\n<meta name=\"twitter:card\" content=\"summary_large_image\" \/>\n<script type=\"application\/ld+json\" class=\"yoast-schema-graph\">{\"@context\":\"https:\\\/\\\/schema.org\",\"@graph\":[{\"@type\":\"WebPage\",\"@id\":\"https:\\\/\\\/evolve-fitness.eu\\\/fr\\\/produit\\\/evolve-prime-series-hack-squat-avec-charge-de-plaques\\\/\",\"url\":\"https:\\\/\\\/evolve-fitness.eu\\\/fr\\\/produit\\\/evolve-prime-series-hack-squat-avec-charge-de-plaques\\\/\",\"name\":\"Evolve Prime Series Hack Squat avec charge de plaques - Evolve\",\"isPartOf\":{\"@id\":\"https:\\\/\\\/evolve-fitness.eu\\\/fr\\\/#website\"},\"primaryImageOfPage\":{\"@id\":\"https:\\\/\\\/evolve-fitness.eu\\\/fr\\\/produit\\\/evolve-prime-series-hack-squat-avec-charge-de-plaques\\\/#primaryimage\"},\"image\":{\"@id\":\"https:\\\/\\\/evolve-fitness.eu\\\/fr\\\/produit\\\/evolve-prime-series-hack-squat-avec-charge-de-plaques\\\/#primaryimage\"},\"thumbnailUrl\":\"https:\\\/\\\/evolve-fitness.eu\\\/wp-content\\\/uploads\\\/2025\\\/03\\\/EV-PL-PR-114-Evolve-Prime-Series-Plate-Loaded-Hack-Squat-Recovered.png\",\"datePublished\":\"2025-03-21T07:22:09+00:00\",\"dateModified\":\"2026-04-23T06:18:50+00:00\",\"description\":\"Le Hack Squat offre un entra\u00eenement biom\u00e9canique optimis\u00e9 du bas du corps, ciblant efficacement les quadriceps, les fessiers et les ischio-jambiers gr\u00e2ce \u00e0 des mouvements fluides et contr\u00f4l\u00e9s.\",\"breadcrumb\":{\"@id\":\"https:\\\/\\\/evolve-fitness.eu\\\/fr\\\/produit\\\/evolve-prime-series-hack-squat-avec-charge-de-plaques\\\/#breadcrumb\"},\"inLanguage\":\"fr-FR\",\"potentialAction\":[{\"@type\":\"ReadAction\",\"target\":[\"https:\\\/\\\/evolve-fitness.eu\\\/fr\\\/produit\\\/evolve-prime-series-hack-squat-avec-charge-de-plaques\\\/\"]}]},{\"@type\":\"ImageObject\",\"inLanguage\":\"fr-FR\",\"@id\":\"https:\\\/\\\/evolve-fitness.eu\\\/fr\\\/produit\\\/evolve-prime-series-hack-squat-avec-charge-de-plaques\\\/#primaryimage\",\"url\":\"https:\\\/\\\/evolve-fitness.eu\\\/wp-content\\\/uploads\\\/2025\\\/03\\\/EV-PL-PR-114-Evolve-Prime-Series-Plate-Loaded-Hack-Squat-Recovered.png\",\"contentUrl\":\"https:\\\/\\\/evolve-fitness.eu\\\/wp-content\\\/uploads\\\/2025\\\/03\\\/EV-PL-PR-114-Evolve-Prime-Series-Plate-Loaded-Hack-Squat-Recovered.png\",\"width\":3000,\"height\":3000},{\"@type\":\"BreadcrumbList\",\"@id\":\"https:\\\/\\\/evolve-fitness.eu\\\/fr\\\/produit\\\/evolve-prime-series-hack-squat-avec-charge-de-plaques\\\/#breadcrumb\",\"itemListElement\":[{\"@type\":\"ListItem\",\"position\":1,\"name\":\"Home\",\"item\":\"https:\\\/\\\/evolve-fitness.eu\\\/fr\\\/\"},{\"@type\":\"ListItem\",\"position\":2,\"name\":\"Produits\",\"item\":\"https:\\\/\\\/evolve-fitness.eu\\\/fr\\\/shop\\\/\"},{\"@type\":\"ListItem\",\"position\":3,\"name\":\"Evolve Prime Series Hack Squat avec charge de plaques\"}]},{\"@type\":\"WebSite\",\"@id\":\"https:\\\/\\\/evolve-fitness.eu\\\/fr\\\/#website\",\"url\":\"https:\\\/\\\/evolve-fitness.eu\\\/fr\\\/\",\"name\":\"Evolve\",\"description\":\"Your Evolved Gear Arrived\",\"publisher\":{\"@id\":\"https:\\\/\\\/evolve-fitness.eu\\\/fr\\\/#organization\"},\"potentialAction\":[{\"@type\":\"SearchAction\",\"target\":{\"@type\":\"EntryPoint\",\"urlTemplate\":\"https:\\\/\\\/evolve-fitness.eu\\\/fr\\\/?s={search_term_string}\"},\"query-input\":{\"@type\":\"PropertyValueSpecification\",\"valueRequired\":true,\"valueName\":\"search_term_string\"}}],\"inLanguage\":\"fr-FR\"},{\"@type\":\"Organization\",\"@id\":\"https:\\\/\\\/evolve-fitness.eu\\\/fr\\\/#organization\",\"name\":\"Evolve\",\"url\":\"https:\\\/\\\/evolve-fitness.eu\\\/fr\\\/\",\"logo\":{\"@type\":\"ImageObject\",\"inLanguage\":\"fr-FR\",\"@id\":\"https:\\\/\\\/evolve-fitness.eu\\\/fr\\\/#\\\/schema\\\/logo\\\/image\\\/\",\"url\":\"https:\\\/\\\/evolve-fitness.eu\\\/wp-content\\\/uploads\\\/2023\\\/05\\\/Evolve-logo.svg\",\"contentUrl\":\"https:\\\/\\\/evolve-fitness.eu\\\/wp-content\\\/uploads\\\/2023\\\/05\\\/Evolve-logo.svg\",\"width\":176,\"height\":20,\"caption\":\"Evolve\"},\"image\":{\"@id\":\"https:\\\/\\\/evolve-fitness.eu\\\/fr\\\/#\\\/schema\\\/logo\\\/image\\\/\"},\"sameAs\":[\"https:\\\/\\\/www.facebook.com\\\/EvolveFitnessEurope\"]}]}<\/script>\n<!-- \/ Yoast SEO plugin. -->","yoast_head_json":{"title":"Evolve Prime Series Hack Squat avec charge de plaques - Evolve","description":"Le Hack Squat offre un entra\u00eenement biom\u00e9canique optimis\u00e9 du bas du corps, ciblant efficacement les quadriceps, les fessiers et les ischio-jambiers gr\u00e2ce \u00e0 des mouvements fluides et contr\u00f4l\u00e9s.","robots":{"index":"index","follow":"follow","max-snippet":"max-snippet:-1","max-image-preview":"max-image-preview:large","max-video-preview":"max-video-preview:-1"},"canonical":"https:\/\/evolve-fitness.eu\/fr\/produit\/evolve-prime-series-hack-squat-avec-charge-de-plaques\/","og_locale":"fr_FR","og_type":"article","og_title":"Evolve Prime Series Hack Squat avec charge de plaques - Evolve","og_description":"Le Hack Squat offre un entra\u00eenement biom\u00e9canique optimis\u00e9 du bas du corps, ciblant efficacement les quadriceps, les fessiers et les ischio-jambiers gr\u00e2ce \u00e0 des mouvements fluides et contr\u00f4l\u00e9s.","og_url":"https:\/\/evolve-fitness.eu\/fr\/produit\/evolve-prime-series-hack-squat-avec-charge-de-plaques\/","og_site_name":"Evolve","article_publisher":"https:\/\/www.facebook.com\/EvolveFitnessEurope","article_modified_time":"2026-04-23T06:18:50+00:00","og_image":[{"width":3000,"height":3000,"url":"https:\/\/evolve-fitness.eu\/wp-content\/uploads\/2025\/03\/EV-PL-PR-114-Evolve-Prime-Series-Plate-Loaded-Hack-Squat-Recovered.png","type":"image\/png"}],"twitter_card":"summary_large_image","schema":{"@context":"https:\/\/schema.org","@graph":[{"@type":"WebPage","@id":"https:\/\/evolve-fitness.eu\/fr\/produit\/evolve-prime-series-hack-squat-avec-charge-de-plaques\/","url":"https:\/\/evolve-fitness.eu\/fr\/produit\/evolve-prime-series-hack-squat-avec-charge-de-plaques\/","name":"Evolve Prime Series Hack Squat avec charge de plaques - Evolve","isPartOf":{"@id":"https:\/\/evolve-fitness.eu\/fr\/#website"},"primaryImageOfPage":{"@id":"https:\/\/evolve-fitness.eu\/fr\/produit\/evolve-prime-series-hack-squat-avec-charge-de-plaques\/#primaryimage"},"image":{"@id":"https:\/\/evolve-fitness.eu\/fr\/produit\/evolve-prime-series-hack-squat-avec-charge-de-plaques\/#primaryimage"},"thumbnailUrl":"https:\/\/evolve-fitness.eu\/wp-content\/uploads\/2025\/03\/EV-PL-PR-114-Evolve-Prime-Series-Plate-Loaded-Hack-Squat-Recovered.png","datePublished":"2025-03-21T07:22:09+00:00","dateModified":"2026-04-23T06:18:50+00:00","description":"Le Hack Squat offre un entra\u00eenement biom\u00e9canique optimis\u00e9 du bas du corps, ciblant efficacement les quadriceps, les fessiers et les ischio-jambiers gr\u00e2ce \u00e0 des mouvements fluides et contr\u00f4l\u00e9s.","breadcrumb":{"@id":"https:\/\/evolve-fitness.eu\/fr\/produit\/evolve-prime-series-hack-squat-avec-charge-de-plaques\/#breadcrumb"},"inLanguage":"fr-FR","potentialAction":[{"@type":"ReadAction","target":["https:\/\/evolve-fitness.eu\/fr\/produit\/evolve-prime-series-hack-squat-avec-charge-de-plaques\/"]}]},{"@type":"ImageObject","inLanguage":"fr-FR","@id":"https:\/\/evolve-fitness.eu\/fr\/produit\/evolve-prime-series-hack-squat-avec-charge-de-plaques\/#primaryimage","url":"https:\/\/evolve-fitness.eu\/wp-content\/uploads\/2025\/03\/EV-PL-PR-114-Evolve-Prime-Series-Plate-Loaded-Hack-Squat-Recovered.png","contentUrl":"https:\/\/evolve-fitness.eu\/wp-content\/uploads\/2025\/03\/EV-PL-PR-114-Evolve-Prime-Series-Plate-Loaded-Hack-Squat-Recovered.png","width":3000,"height":3000},{"@type":"BreadcrumbList","@id":"https:\/\/evolve-fitness.eu\/fr\/produit\/evolve-prime-series-hack-squat-avec-charge-de-plaques\/#breadcrumb","itemListElement":[{"@type":"ListItem","position":1,"name":"Home","item":"https:\/\/evolve-fitness.eu\/fr\/"},{"@type":"ListItem","position":2,"name":"Produits","item":"https:\/\/evolve-fitness.eu\/fr\/shop\/"},{"@type":"ListItem","position":3,"name":"Evolve Prime Series Hack Squat avec charge de plaques"}]},{"@type":"WebSite","@id":"https:\/\/evolve-fitness.eu\/fr\/#website","url":"https:\/\/evolve-fitness.eu\/fr\/","name":"Evolve","description":"Your Evolved Gear Arrived","publisher":{"@id":"https:\/\/evolve-fitness.eu\/fr\/#organization"},"potentialAction":[{"@type":"SearchAction","target":{"@type":"EntryPoint","urlTemplate":"https:\/\/evolve-fitness.eu\/fr\/?s={search_term_string}"},"query-input":{"@type":"PropertyValueSpecification","valueRequired":true,"valueName":"search_term_string"}}],"inLanguage":"fr-FR"},{"@type":"Organization","@id":"https:\/\/evolve-fitness.eu\/fr\/#organization","name":"Evolve","url":"https:\/\/evolve-fitness.eu\/fr\/","logo":{"@type":"ImageObject","inLanguage":"fr-FR","@id":"https:\/\/evolve-fitness.eu\/fr\/#\/schema\/logo\/image\/","url":"https:\/\/evolve-fitness.eu\/wp-content\/uploads\/2023\/05\/Evolve-logo.svg","contentUrl":"https:\/\/evolve-fitness.eu\/wp-content\/uploads\/2023\/05\/Evolve-logo.svg","width":176,"height":20,"caption":"Evolve"},"image":{"@id":"https:\/\/evolve-fitness.eu\/fr\/#\/schema\/logo\/image\/"},"sameAs":["https:\/\/www.facebook.com\/EvolveFitnessEurope"]}]}},"_links":{"self":[{"href":"https:\/\/evolve-fitness.eu\/fr\/wp-json\/wp\/v2\/product\/236480","targetHints":{"allow":["GET"]}}],"collection":[{"href":"https:\/\/evolve-fitness.eu\/fr\/wp-json\/wp\/v2\/product"}],"about":[{"href":"https:\/\/evolve-fitness.eu\/fr\/wp-json\/wp\/v2\/types\/product"}],"wp:featuredmedia":[{"embeddable":true,"href":"https:\/\/evolve-fitness.eu\/fr\/wp-json\/wp\/v2\/media\/187722"}],"wp:attachment":[{"href":"https:\/\/evolve-fitness.eu\/fr\/wp-json\/wp\/v2\/media?parent=236480"}],"wp:term":[{"taxonomy":"product_brand","embeddable":true,"href":"https:\/\/evolve-fitness.eu\/fr\/wp-json\/wp\/v2\/product_brand?post=236480"},{"taxonomy":"product_cat","embeddable":true,"href":"https:\/\/evolve-fitness.eu\/fr\/wp-json\/wp\/v2\/product_cat?post=236480"},{"taxonomy":"product_tag","embeddable":true,"href":"https:\/\/evolve-fitness.eu\/fr\/wp-json\/wp\/v2\/product_tag?post=236480"}],"curies":[{"name":"wp","href":"https:\/\/api.w.org\/{rel}","templated":true}]}}