{"id":236500,"date":"2025-03-21T09:51:38","date_gmt":"2025-03-21T07:51:38","guid":{"rendered":"https:\/\/evolve-fitness.eu\/product\/machine-de-smith-a-plateau-evolve-prime-series-2\/"},"modified":"2026-04-23T09:19:55","modified_gmt":"2026-04-23T06:19:55","slug":"machine-de-smith-a-plateau-evolve-prime-series-2","status":"publish","type":"product","link":"https:\/\/evolve-fitness.eu\/fr\/produit\/machine-de-smith-a-plateau-evolve-prime-series-2\/","title":{"rendered":"Machine de Smith \u00e0 plateau Evolve Prime Series"},"content":{"rendered":"\n<p><\/p>\n\n<p><\/p>\n\n<p><\/p>\n\n<p><\/p>\n\n<section class=\"wp-block-group alignfull has-lightgray-background-color has-background is-layout-constrained wp-block-group-is-layout-constrained\">\n<div class=\"wp-block-columns alignwide is-layout-flex wp-container-core-columns-is-layout-2edb0647 wp-block-columns-is-layout-flex\" style=\"margin-top:0;margin-bottom:0\">\n<div class=\"wp-block-column is-layout-flow wp-block-column-is-layout-flow\" style=\"flex-basis:33.33%\"><\/div>\n\n\n\n<div class=\"wp-block-column is-layout-flow wp-block-column-is-layout-flow\" style=\"flex-basis:66.66%\"><\/div>\n<\/div>\n<\/section>\n\n<section class=\"wp-block-group alignfull black-content has-white-color has-darkgray-background-color has-text-color has-background is-layout-constrained wp-block-group-is-layout-constrained\" style=\"padding-top:var(--wp--preset--spacing--section-bottom);padding-bottom:var(--wp--preset--spacing--section-bottom)\">\n<h3 class=\"wp-block-heading has-text-align-center\"><strong><strong>EVOLVE PLATE LOADED PRIME SERIES<\/strong><\/strong><\/h3>\n\n\n\n<p>Avec la s\u00e9rie Evolve Plate Loaded Prime, l&rsquo;excellence est la norme. Am\u00e9liorez votre entra\u00eenement musculaire avec des machines con\u00e7ues pour le confort, la durabilit\u00e9 et la performance. D\u00e9couvrez d\u00e8s aujourd&rsquo;hui l&rsquo;ensemble de la gamme et red\u00e9finissez votre parcours de remise en forme.  <\/p>\n\n\n\n<section class=\"wp-block-group alignfull black-content has-white-color has-darkgray-background-color has-text-color has-background is-layout-constrained wp-block-group-is-layout-constrained\" style=\"padding-top:var(--wp--preset--spacing--section-bottom);padding-bottom:var(--wp--preset--spacing--section-bottom)\">\n<div class=\"wp-block-columns alignwide mobile-reverse is-layout-flex wp-container-core-columns-is-layout-ca64bf2d wp-block-columns-is-layout-flex\" style=\"margin-bottom:var(--wp--preset--spacing--side-padding)\">\n<div class=\"wp-block-column is-vertically-aligned-center is-layout-flow wp-block-column-is-layout-flow\">\n<h3 class=\"wp-block-heading\" style=\"margin-bottom:var(--wp--preset--spacing--h-3-bottom)\"><strong><strong><strong>Un entra\u00eenement musculaire contr\u00f4l\u00e9 et efficace<\/strong><\/strong><\/strong><\/h3>\n\n\n\n<p><strong><em><strong>Force et stabilit\u00e9<\/strong><\/em><\/strong><\/p>\n\n\n\n<p style=\"margin-bottom:var(--wp--preset--spacing--tb-section-padding)\">L&rsquo;appareil de musculation Evolve Prime Series Plate Loaded Smith Machine est con\u00e7u pour fournir un environnement contr\u00f4l\u00e9 et stable pour l&rsquo;entra\u00eenement de la force, permettant aux utilisateurs d&rsquo;effectuer une vari\u00e9t\u00e9 d&rsquo;exercices avec une s\u00e9curit\u00e9 et une efficacit\u00e9 accrues. Dot\u00e9 d&rsquo;un chemin d&rsquo;halt\u00e8re lisse et guid\u00e9, d&rsquo;une construction durable et d&rsquo;un syst\u00e8me de r\u00e9sistance \u00e0 plaques, cet appareil garantit une biom\u00e9canique correcte tout en minimisant le risque de blessure. Id\u00e9al pour les squats, les presses, les fentes et autres, il favorise la surcharge progressive et le d\u00e9veloppement musculaire \u00e0 tous les niveaux de condition physique.    <\/p>\n\n\n\n<h3 class=\"wp-block-heading\" style=\"margin-bottom:var(--wp--preset--spacing--h-3-bottom)\"><strong><strong><strong><strong><strong>Conception polyvalente et peu encombrante<\/strong><\/strong><\/strong><\/strong><\/strong><\/h3>\n\n\n\n<p><strong><em>Solution d&rsquo;entra\u00eenement musculaire<\/em><\/strong><\/p>\n\n\n\n<p>L&rsquo;appareil de musculation Evolve Prime Series Plate Loaded Smith offre une exp\u00e9rience de levage sans faille gr\u00e2ce \u00e0 ses rails de guidage con\u00e7us avec pr\u00e9cision, qui garantissent des mouvements fluides et coh\u00e9rents. Les multiples but\u00e9es de s\u00e9curit\u00e9 permettent de soulever des charges en toute confiance sans avoir besoin d&rsquo;un accompagnateur, ce qui en fait un excellent outil pour l&rsquo;entra\u00eenement en solo. Son cadre robuste renforce la stabilit\u00e9, tandis que le syst\u00e8me \u00e0 plaques offre une r\u00e9sistance personnalisable pour des s\u00e9ances d&rsquo;entra\u00eenement sur mesure. Que vous vous concentriez sur le d\u00e9veloppement musculaire, l&rsquo;endurance ou la r\u00e9\u00e9ducation, cet appareil Smith constitue une solution d&rsquo;entra\u00eenement musculaire fiable et efficace.   <\/p>\n<\/div>\n\n\n\n<div class=\"wp-block-column is-vertically-aligned-center is-layout-flow wp-block-column-is-layout-flow\">\n<figure class=\"wp-block-image size-large\"><img loading=\"lazy\" decoding=\"async\" width=\"1024\" height=\"1024\" src=\"https:\/\/evolve-fitness.eu\/wp-content\/uploads\/2025\/03\/EV-PL-PR-120-Evolve-Prime-Series-Plate-Loaded-Smith-Machine-Recovered-1024x1024.png\" alt=\"\" class=\"wp-image-187790\" srcset=\"https:\/\/evolve-fitness.eu\/wp-content\/uploads\/2025\/03\/EV-PL-PR-120-Evolve-Prime-Series-Plate-Loaded-Smith-Machine-Recovered-1024x1024.png 1024w, https:\/\/evolve-fitness.eu\/wp-content\/uploads\/2025\/03\/EV-PL-PR-120-Evolve-Prime-Series-Plate-Loaded-Smith-Machine-Recovered-300x300.png 300w, https:\/\/evolve-fitness.eu\/wp-content\/uploads\/2025\/03\/EV-PL-PR-120-Evolve-Prime-Series-Plate-Loaded-Smith-Machine-Recovered-150x150.png 150w, https:\/\/evolve-fitness.eu\/wp-content\/uploads\/2025\/03\/EV-PL-PR-120-Evolve-Prime-Series-Plate-Loaded-Smith-Machine-Recovered-768x768.png 768w, https:\/\/evolve-fitness.eu\/wp-content\/uploads\/2025\/03\/EV-PL-PR-120-Evolve-Prime-Series-Plate-Loaded-Smith-Machine-Recovered-1536x1536.png 1536w, https:\/\/evolve-fitness.eu\/wp-content\/uploads\/2025\/03\/EV-PL-PR-120-Evolve-Prime-Series-Plate-Loaded-Smith-Machine-Recovered-2048x2048.png 2048w, https:\/\/evolve-fitness.eu\/wp-content\/uploads\/2025\/03\/EV-PL-PR-120-Evolve-Prime-Series-Plate-Loaded-Smith-Machine-Recovered-600x600.png 600w\" sizes=\"auto, (max-width: 1024px) 100vw, 1024px\" \/><\/figure>\n<\/div>\n<\/div>\n<\/section>\n<\/section>\n","protected":false},"excerpt":{"rendered":"<p>L&rsquo;appareil de musculation Evolve Prime Series Plate Loaded Smith Machine offre un environnement s\u00fbr et contr\u00f4l\u00e9 pour l&rsquo;entra\u00eenement de la force. Avec un chemin d&rsquo;halt\u00e8re lisse et guid\u00e9, une construction durable et une r\u00e9sistance \u00e0 plaques, il permet de faire des squats, des presses, des fentes et bien plus encore. L&rsquo;appareil offre une r\u00e9sistance personnalisable, garantissant un d\u00e9veloppement musculaire efficace pour tous les niveaux de condition physique. Ses arr\u00eats de s\u00e9curit\u00e9 permettent de s&rsquo;entra\u00eener seul, ce qui en fait un appareil id\u00e9al pour le renforcement musculaire, l&rsquo;endurance ou la r\u00e9\u00e9ducation.   <\/p>\n","protected":false},"featured_media":187798,"template":"","meta":{"_acf_changed":false,"inline_featured_image":false},"product_brand":[],"product_cat":[5194,5195],"product_tag":[],"class_list":{"0":"post-236500","1":"product","2":"type-product","3":"status-publish","4":"has-post-thumbnail","6":"product_cat-machines-a-plateau","7":"product_cat-prime-series-plate-loaded-fr","9":"first","10":"instock","11":"shipping-taxable","12":"purchasable","13":"product-type-simple"},"acf":{"long_title":"Machine de Smith \u00e0 plateau Evolve Prime Series","subtitle":"","specifications":[{"label":"SKU","text_value":"EV-PL-PR-120","icon":"x"},{"label":"Dimensions","text_value":"1340 x 2245 x 2285 mm","icon":"x"},{"label":"Poids","text_value":"270 kg","icon":"x"},{"label":"Protecteurs de sol durables","text_value":"","icon":"v"},{"label":"Cadre m\u00e9tallique sans ar\u00eates vives","text_value":"","icon":"v"},{"label":"Peinture anticorrosion","text_value":"","icon":"v"},{"label":"Garantie","text_value":"2 ans","icon":"x"}],"product_frequently_asked_questions":null},"yoast_head":"<!-- This site is optimized with the Yoast SEO plugin v27.4 - https:\/\/yoast.com\/product\/yoast-seo-wordpress\/ -->\n<title>Machine de Smith \u00e0 plateau Evolve Prime Series - Evolve<\/title>\n<meta name=\"description\" content=\"L&#039;appareil de musculation Evolve Smith Machine est dot\u00e9 d&#039;un chemin d&#039;halt\u00e8res lisse et guid\u00e9, d&#039;une construction durable et d&#039;une r\u00e9sistance \u00e0 plaques. Il permet de faire des squats, des presses, des fentes et bien plus encore.\" \/>\n<meta name=\"robots\" content=\"index, follow, max-snippet:-1, max-image-preview:large, max-video-preview:-1\" \/>\n<link rel=\"canonical\" href=\"https:\/\/evolve-fitness.eu\/fr\/produit\/machine-de-smith-a-plateau-evolve-prime-series-2\/\" \/>\n<meta property=\"og:locale\" content=\"fr_FR\" \/>\n<meta property=\"og:type\" content=\"article\" \/>\n<meta property=\"og:title\" content=\"Machine de Smith \u00e0 plateau Evolve Prime Series - Evolve\" \/>\n<meta property=\"og:description\" content=\"L&#039;appareil de musculation Evolve Smith Machine est dot\u00e9 d&#039;un chemin d&#039;halt\u00e8res lisse et guid\u00e9, d&#039;une construction durable et d&#039;une r\u00e9sistance \u00e0 plaques. Il permet de faire des squats, des presses, des fentes et bien plus encore.\" \/>\n<meta property=\"og:url\" content=\"https:\/\/evolve-fitness.eu\/fr\/produit\/machine-de-smith-a-plateau-evolve-prime-series-2\/\" \/>\n<meta property=\"og:site_name\" content=\"Evolve\" \/>\n<meta property=\"article:publisher\" content=\"https:\/\/www.facebook.com\/EvolveFitnessEurope\" \/>\n<meta property=\"article:modified_time\" content=\"2026-04-23T06:19:55+00:00\" \/>\n<meta property=\"og:image\" content=\"https:\/\/evolve-fitness.eu\/wp-content\/uploads\/2025\/03\/EV-PL-PR-120-Evolve-Prime-Series-Plate-Loaded-Smith-Machine-Recovered.png\" \/>\n\t<meta property=\"og:image:width\" content=\"3000\" \/>\n\t<meta property=\"og:image:height\" content=\"3000\" \/>\n\t<meta property=\"og:image:type\" content=\"image\/png\" \/>\n<meta name=\"twitter:card\" content=\"summary_large_image\" \/>\n<script type=\"application\/ld+json\" class=\"yoast-schema-graph\">{\"@context\":\"https:\\\/\\\/schema.org\",\"@graph\":[{\"@type\":\"WebPage\",\"@id\":\"https:\\\/\\\/evolve-fitness.eu\\\/fr\\\/produit\\\/machine-de-smith-a-plateau-evolve-prime-series-2\\\/\",\"url\":\"https:\\\/\\\/evolve-fitness.eu\\\/fr\\\/produit\\\/machine-de-smith-a-plateau-evolve-prime-series-2\\\/\",\"name\":\"Machine de Smith \u00e0 plateau Evolve Prime Series - Evolve\",\"isPartOf\":{\"@id\":\"https:\\\/\\\/evolve-fitness.eu\\\/fr\\\/#website\"},\"primaryImageOfPage\":{\"@id\":\"https:\\\/\\\/evolve-fitness.eu\\\/fr\\\/produit\\\/machine-de-smith-a-plateau-evolve-prime-series-2\\\/#primaryimage\"},\"image\":{\"@id\":\"https:\\\/\\\/evolve-fitness.eu\\\/fr\\\/produit\\\/machine-de-smith-a-plateau-evolve-prime-series-2\\\/#primaryimage\"},\"thumbnailUrl\":\"https:\\\/\\\/evolve-fitness.eu\\\/wp-content\\\/uploads\\\/2025\\\/03\\\/EV-PL-PR-120-Evolve-Prime-Series-Plate-Loaded-Smith-Machine-Recovered.png\",\"datePublished\":\"2025-03-21T07:51:38+00:00\",\"dateModified\":\"2026-04-23T06:19:55+00:00\",\"description\":\"L'appareil de musculation Evolve Smith Machine est dot\u00e9 d'un chemin d'halt\u00e8res lisse et guid\u00e9, d'une construction durable et d'une r\u00e9sistance \u00e0 plaques. Il permet de faire des squats, des presses, des fentes et bien plus encore.\",\"breadcrumb\":{\"@id\":\"https:\\\/\\\/evolve-fitness.eu\\\/fr\\\/produit\\\/machine-de-smith-a-plateau-evolve-prime-series-2\\\/#breadcrumb\"},\"inLanguage\":\"fr-FR\",\"potentialAction\":[{\"@type\":\"ReadAction\",\"target\":[\"https:\\\/\\\/evolve-fitness.eu\\\/fr\\\/produit\\\/machine-de-smith-a-plateau-evolve-prime-series-2\\\/\"]}]},{\"@type\":\"ImageObject\",\"inLanguage\":\"fr-FR\",\"@id\":\"https:\\\/\\\/evolve-fitness.eu\\\/fr\\\/produit\\\/machine-de-smith-a-plateau-evolve-prime-series-2\\\/#primaryimage\",\"url\":\"https:\\\/\\\/evolve-fitness.eu\\\/wp-content\\\/uploads\\\/2025\\\/03\\\/EV-PL-PR-120-Evolve-Prime-Series-Plate-Loaded-Smith-Machine-Recovered.png\",\"contentUrl\":\"https:\\\/\\\/evolve-fitness.eu\\\/wp-content\\\/uploads\\\/2025\\\/03\\\/EV-PL-PR-120-Evolve-Prime-Series-Plate-Loaded-Smith-Machine-Recovered.png\",\"width\":3000,\"height\":3000},{\"@type\":\"BreadcrumbList\",\"@id\":\"https:\\\/\\\/evolve-fitness.eu\\\/fr\\\/produit\\\/machine-de-smith-a-plateau-evolve-prime-series-2\\\/#breadcrumb\",\"itemListElement\":[{\"@type\":\"ListItem\",\"position\":1,\"name\":\"Home\",\"item\":\"https:\\\/\\\/evolve-fitness.eu\\\/fr\\\/\"},{\"@type\":\"ListItem\",\"position\":2,\"name\":\"Produits\",\"item\":\"https:\\\/\\\/evolve-fitness.eu\\\/fr\\\/shop\\\/\"},{\"@type\":\"ListItem\",\"position\":3,\"name\":\"Machine de Smith \u00e0 plateau Evolve Prime Series\"}]},{\"@type\":\"WebSite\",\"@id\":\"https:\\\/\\\/evolve-fitness.eu\\\/fr\\\/#website\",\"url\":\"https:\\\/\\\/evolve-fitness.eu\\\/fr\\\/\",\"name\":\"Evolve\",\"description\":\"Your Evolved Gear Arrived\",\"publisher\":{\"@id\":\"https:\\\/\\\/evolve-fitness.eu\\\/fr\\\/#organization\"},\"potentialAction\":[{\"@type\":\"SearchAction\",\"target\":{\"@type\":\"EntryPoint\",\"urlTemplate\":\"https:\\\/\\\/evolve-fitness.eu\\\/fr\\\/?s={search_term_string}\"},\"query-input\":{\"@type\":\"PropertyValueSpecification\",\"valueRequired\":true,\"valueName\":\"search_term_string\"}}],\"inLanguage\":\"fr-FR\"},{\"@type\":\"Organization\",\"@id\":\"https:\\\/\\\/evolve-fitness.eu\\\/fr\\\/#organization\",\"name\":\"Evolve\",\"url\":\"https:\\\/\\\/evolve-fitness.eu\\\/fr\\\/\",\"logo\":{\"@type\":\"ImageObject\",\"inLanguage\":\"fr-FR\",\"@id\":\"https:\\\/\\\/evolve-fitness.eu\\\/fr\\\/#\\\/schema\\\/logo\\\/image\\\/\",\"url\":\"https:\\\/\\\/evolve-fitness.eu\\\/wp-content\\\/uploads\\\/2023\\\/05\\\/Evolve-logo.svg\",\"contentUrl\":\"https:\\\/\\\/evolve-fitness.eu\\\/wp-content\\\/uploads\\\/2023\\\/05\\\/Evolve-logo.svg\",\"width\":176,\"height\":20,\"caption\":\"Evolve\"},\"image\":{\"@id\":\"https:\\\/\\\/evolve-fitness.eu\\\/fr\\\/#\\\/schema\\\/logo\\\/image\\\/\"},\"sameAs\":[\"https:\\\/\\\/www.facebook.com\\\/EvolveFitnessEurope\"]}]}<\/script>\n<!-- \/ Yoast SEO plugin. -->","yoast_head_json":{"title":"Machine de Smith \u00e0 plateau Evolve Prime Series - Evolve","description":"L'appareil de musculation Evolve Smith Machine est dot\u00e9 d'un chemin d'halt\u00e8res lisse et guid\u00e9, d'une construction durable et d'une r\u00e9sistance \u00e0 plaques. Il permet de faire des squats, des presses, des fentes et bien plus encore.","robots":{"index":"index","follow":"follow","max-snippet":"max-snippet:-1","max-image-preview":"max-image-preview:large","max-video-preview":"max-video-preview:-1"},"canonical":"https:\/\/evolve-fitness.eu\/fr\/produit\/machine-de-smith-a-plateau-evolve-prime-series-2\/","og_locale":"fr_FR","og_type":"article","og_title":"Machine de Smith \u00e0 plateau Evolve Prime Series - Evolve","og_description":"L'appareil de musculation Evolve Smith Machine est dot\u00e9 d'un chemin d'halt\u00e8res lisse et guid\u00e9, d'une construction durable et d'une r\u00e9sistance \u00e0 plaques. Il permet de faire des squats, des presses, des fentes et bien plus encore.","og_url":"https:\/\/evolve-fitness.eu\/fr\/produit\/machine-de-smith-a-plateau-evolve-prime-series-2\/","og_site_name":"Evolve","article_publisher":"https:\/\/www.facebook.com\/EvolveFitnessEurope","article_modified_time":"2026-04-23T06:19:55+00:00","og_image":[{"width":3000,"height":3000,"url":"https:\/\/evolve-fitness.eu\/wp-content\/uploads\/2025\/03\/EV-PL-PR-120-Evolve-Prime-Series-Plate-Loaded-Smith-Machine-Recovered.png","type":"image\/png"}],"twitter_card":"summary_large_image","schema":{"@context":"https:\/\/schema.org","@graph":[{"@type":"WebPage","@id":"https:\/\/evolve-fitness.eu\/fr\/produit\/machine-de-smith-a-plateau-evolve-prime-series-2\/","url":"https:\/\/evolve-fitness.eu\/fr\/produit\/machine-de-smith-a-plateau-evolve-prime-series-2\/","name":"Machine de Smith \u00e0 plateau Evolve Prime Series - Evolve","isPartOf":{"@id":"https:\/\/evolve-fitness.eu\/fr\/#website"},"primaryImageOfPage":{"@id":"https:\/\/evolve-fitness.eu\/fr\/produit\/machine-de-smith-a-plateau-evolve-prime-series-2\/#primaryimage"},"image":{"@id":"https:\/\/evolve-fitness.eu\/fr\/produit\/machine-de-smith-a-plateau-evolve-prime-series-2\/#primaryimage"},"thumbnailUrl":"https:\/\/evolve-fitness.eu\/wp-content\/uploads\/2025\/03\/EV-PL-PR-120-Evolve-Prime-Series-Plate-Loaded-Smith-Machine-Recovered.png","datePublished":"2025-03-21T07:51:38+00:00","dateModified":"2026-04-23T06:19:55+00:00","description":"L'appareil de musculation Evolve Smith Machine est dot\u00e9 d'un chemin d'halt\u00e8res lisse et guid\u00e9, d'une construction durable et d'une r\u00e9sistance \u00e0 plaques. Il permet de faire des squats, des presses, des fentes et bien plus encore.","breadcrumb":{"@id":"https:\/\/evolve-fitness.eu\/fr\/produit\/machine-de-smith-a-plateau-evolve-prime-series-2\/#breadcrumb"},"inLanguage":"fr-FR","potentialAction":[{"@type":"ReadAction","target":["https:\/\/evolve-fitness.eu\/fr\/produit\/machine-de-smith-a-plateau-evolve-prime-series-2\/"]}]},{"@type":"ImageObject","inLanguage":"fr-FR","@id":"https:\/\/evolve-fitness.eu\/fr\/produit\/machine-de-smith-a-plateau-evolve-prime-series-2\/#primaryimage","url":"https:\/\/evolve-fitness.eu\/wp-content\/uploads\/2025\/03\/EV-PL-PR-120-Evolve-Prime-Series-Plate-Loaded-Smith-Machine-Recovered.png","contentUrl":"https:\/\/evolve-fitness.eu\/wp-content\/uploads\/2025\/03\/EV-PL-PR-120-Evolve-Prime-Series-Plate-Loaded-Smith-Machine-Recovered.png","width":3000,"height":3000},{"@type":"BreadcrumbList","@id":"https:\/\/evolve-fitness.eu\/fr\/produit\/machine-de-smith-a-plateau-evolve-prime-series-2\/#breadcrumb","itemListElement":[{"@type":"ListItem","position":1,"name":"Home","item":"https:\/\/evolve-fitness.eu\/fr\/"},{"@type":"ListItem","position":2,"name":"Produits","item":"https:\/\/evolve-fitness.eu\/fr\/shop\/"},{"@type":"ListItem","position":3,"name":"Machine de Smith \u00e0 plateau Evolve Prime Series"}]},{"@type":"WebSite","@id":"https:\/\/evolve-fitness.eu\/fr\/#website","url":"https:\/\/evolve-fitness.eu\/fr\/","name":"Evolve","description":"Your Evolved Gear Arrived","publisher":{"@id":"https:\/\/evolve-fitness.eu\/fr\/#organization"},"potentialAction":[{"@type":"SearchAction","target":{"@type":"EntryPoint","urlTemplate":"https:\/\/evolve-fitness.eu\/fr\/?s={search_term_string}"},"query-input":{"@type":"PropertyValueSpecification","valueRequired":true,"valueName":"search_term_string"}}],"inLanguage":"fr-FR"},{"@type":"Organization","@id":"https:\/\/evolve-fitness.eu\/fr\/#organization","name":"Evolve","url":"https:\/\/evolve-fitness.eu\/fr\/","logo":{"@type":"ImageObject","inLanguage":"fr-FR","@id":"https:\/\/evolve-fitness.eu\/fr\/#\/schema\/logo\/image\/","url":"https:\/\/evolve-fitness.eu\/wp-content\/uploads\/2023\/05\/Evolve-logo.svg","contentUrl":"https:\/\/evolve-fitness.eu\/wp-content\/uploads\/2023\/05\/Evolve-logo.svg","width":176,"height":20,"caption":"Evolve"},"image":{"@id":"https:\/\/evolve-fitness.eu\/fr\/#\/schema\/logo\/image\/"},"sameAs":["https:\/\/www.facebook.com\/EvolveFitnessEurope"]}]}},"_links":{"self":[{"href":"https:\/\/evolve-fitness.eu\/fr\/wp-json\/wp\/v2\/product\/236500","targetHints":{"allow":["GET"]}}],"collection":[{"href":"https:\/\/evolve-fitness.eu\/fr\/wp-json\/wp\/v2\/product"}],"about":[{"href":"https:\/\/evolve-fitness.eu\/fr\/wp-json\/wp\/v2\/types\/product"}],"wp:featuredmedia":[{"embeddable":true,"href":"https:\/\/evolve-fitness.eu\/fr\/wp-json\/wp\/v2\/media\/187798"}],"wp:attachment":[{"href":"https:\/\/evolve-fitness.eu\/fr\/wp-json\/wp\/v2\/media?parent=236500"}],"wp:term":[{"taxonomy":"product_brand","embeddable":true,"href":"https:\/\/evolve-fitness.eu\/fr\/wp-json\/wp\/v2\/product_brand?post=236500"},{"taxonomy":"product_cat","embeddable":true,"href":"https:\/\/evolve-fitness.eu\/fr\/wp-json\/wp\/v2\/product_cat?post=236500"},{"taxonomy":"product_tag","embeddable":true,"href":"https:\/\/evolve-fitness.eu\/fr\/wp-json\/wp\/v2\/product_tag?post=236500"}],"curies":[{"name":"wp","href":"https:\/\/api.w.org\/{rel}","templated":true}]}}