{"id":236515,"date":"2025-03-21T11:37:07","date_gmt":"2025-03-21T09:37:07","guid":{"rendered":"https:\/\/evolve-fitness.eu\/product\/serie-evolve-prime-rangee-lineaire-a-plaques\/"},"modified":"2026-04-23T09:20:46","modified_gmt":"2026-04-23T06:20:46","slug":"serie-evolve-prime-rangee-lineaire-a-plaques","status":"publish","type":"product","link":"https:\/\/evolve-fitness.eu\/fr\/produit\/serie-evolve-prime-rangee-lineaire-a-plaques\/","title":{"rendered":"S\u00e9rie Evolve Prime &#8211; Rang\u00e9e lin\u00e9aire \u00e0 plaques"},"content":{"rendered":"\n<section class=\"wp-block-group alignfull has-lightgray-background-color has-background is-layout-constrained wp-block-group-is-layout-constrained\">\n<div class=\"wp-block-columns alignwide is-layout-flex wp-container-core-columns-is-layout-2edb0647 wp-block-columns-is-layout-flex\" style=\"margin-top:0;margin-bottom:0\">\n<div class=\"wp-block-column is-layout-flow wp-block-column-is-layout-flow\" style=\"flex-basis:33.33%\"><\/div>\n\n\n\n<div class=\"wp-block-column is-layout-flow wp-block-column-is-layout-flow\" style=\"flex-basis:66.66%\"><\/div>\n<\/div>\n<\/section>\n\n<section class=\"wp-block-group alignfull black-content has-white-color has-darkgray-background-color has-text-color has-background is-layout-constrained wp-block-group-is-layout-constrained\" style=\"padding-top:var(--wp--preset--spacing--section-bottom);padding-bottom:var(--wp--preset--spacing--section-bottom)\">\n<h3 class=\"wp-block-heading has-text-align-center\"><strong><strong>EVOLVE PLATE LOADED PRIME SERIES<\/strong><\/strong><\/h3>\n\n\n\n<p>Avec la s\u00e9rie Evolve Plate Loaded Prime, l&rsquo;excellence est la norme. Am\u00e9liorez votre entra\u00eenement musculaire avec des machines con\u00e7ues pour le confort, la durabilit\u00e9 et la performance. D\u00e9couvrez d\u00e8s aujourd&rsquo;hui l&rsquo;ensemble de la gamme et red\u00e9finissez votre parcours de remise en forme.  <\/p>\n\n\n\n<section class=\"wp-block-group alignfull black-content has-white-color has-darkgray-background-color has-text-color has-background is-layout-constrained wp-block-group-is-layout-constrained\" style=\"padding-top:var(--wp--preset--spacing--section-bottom);padding-bottom:var(--wp--preset--spacing--section-bottom)\">\n<div class=\"wp-block-columns alignwide mobile-reverse is-layout-flex wp-container-core-columns-is-layout-ca64bf2d wp-block-columns-is-layout-flex\" style=\"margin-bottom:var(--wp--preset--spacing--side-padding)\">\n<div class=\"wp-block-column is-vertically-aligned-center is-layout-flow wp-block-column-is-layout-flow\">\n<h3 class=\"wp-block-heading\" style=\"margin-bottom:var(--wp--preset--spacing--h-3-bottom)\"><strong><strong><strong>Entra\u00eenements cibl\u00e9s pour le haut du corps<\/strong><\/strong><\/strong><\/h3>\n\n\n\n<p><strong><em><strong>Engagement musculaire cibl\u00e9<\/strong><\/em><\/strong><\/p>\n\n\n\n<p style=\"margin-bottom:var(--wp--preset--spacing--tb-section-padding)\">L&rsquo;appareil Evolve Prime Series Plate Loaded Linear Row est con\u00e7u pour fournir un entra\u00eenement puissant et efficace du dos, ciblant les lombaires, les trap\u00e8zes et les rhombo\u00efdes avec un mouvement de traction naturel. Dot\u00e9 d&rsquo;un coussin thoracique ergonomique, de poign\u00e9es r\u00e9glables et d&rsquo;un syst\u00e8me de r\u00e9sistance \u00e0 plaques, cet appareil garantit une biom\u00e9canique appropri\u00e9e pour une activation maximale des muscles tout en r\u00e9duisant les tensions au niveau du bas du dos. Construit pour \u00eatre durable et stable, c&rsquo;est un outil essentiel pour d\u00e9velopper la force du haut du corps et am\u00e9liorer la posture.    <\/p>\n\n\n\n<h3 class=\"wp-block-heading\" style=\"margin-bottom:var(--wp--preset--spacing--h-3-bottom)\"><strong><strong><strong><strong><strong>Caract\u00e9ristiques de haute qualit\u00e9<\/strong><\/strong><\/strong><\/strong><\/strong><\/h3>\n\n\n\n<p><strong><em>Durabilit\u00e9 et efficacit\u00e9 de l&rsquo;espace<\/em><\/strong><\/p>\n\n\n\n<p>L&rsquo;appareil Evolve Prime Series Linear Row \u00e0 plateau offre une trajectoire de mouvement guid\u00e9e qui \u00e9limine les efforts inutiles et permet une activation pr\u00e9cise et efficace des muscles. Le mouvement ind\u00e9pendant des bras favorise un d\u00e9veloppement \u00e9quilibr\u00e9, tandis que le syst\u00e8me \u00e0 plaques permet une surcharge progressive, ce qui le rend adapt\u00e9 \u00e0 tous les niveaux de condition physique. Avec sa construction robuste et son support confortable, cet appareil est id\u00e9al pour les athl\u00e8tes et les amateurs de fitness qui cherchent \u00e0 am\u00e9liorer la force du dos, l&rsquo;endurance et le conditionnement g\u00e9n\u00e9ral du haut du corps.  <\/p>\n<\/div>\n\n\n\n<div class=\"wp-block-column is-vertically-aligned-center is-layout-flow wp-block-column-is-layout-flow\">\n<figure class=\"wp-block-image size-large is-resized is-style-rounded\"><img loading=\"lazy\" decoding=\"async\" width=\"1024\" height=\"1024\" src=\"https:\/\/evolve-fitness.eu\/wp-content\/uploads\/2025\/03\/EV-PL-PR-119-Evolve-Prime-Series-Plate-Loaded-Linear-Row-Recovered-1024x1024.png\" alt=\"\" class=\"wp-image-187841\" style=\"width:643px;height:706px\" srcset=\"https:\/\/evolve-fitness.eu\/wp-content\/uploads\/2025\/03\/EV-PL-PR-119-Evolve-Prime-Series-Plate-Loaded-Linear-Row-Recovered-1024x1024.png 1024w, https:\/\/evolve-fitness.eu\/wp-content\/uploads\/2025\/03\/EV-PL-PR-119-Evolve-Prime-Series-Plate-Loaded-Linear-Row-Recovered-300x300.png 300w, https:\/\/evolve-fitness.eu\/wp-content\/uploads\/2025\/03\/EV-PL-PR-119-Evolve-Prime-Series-Plate-Loaded-Linear-Row-Recovered-150x150.png 150w, https:\/\/evolve-fitness.eu\/wp-content\/uploads\/2025\/03\/EV-PL-PR-119-Evolve-Prime-Series-Plate-Loaded-Linear-Row-Recovered-768x768.png 768w, https:\/\/evolve-fitness.eu\/wp-content\/uploads\/2025\/03\/EV-PL-PR-119-Evolve-Prime-Series-Plate-Loaded-Linear-Row-Recovered-1536x1536.png 1536w, https:\/\/evolve-fitness.eu\/wp-content\/uploads\/2025\/03\/EV-PL-PR-119-Evolve-Prime-Series-Plate-Loaded-Linear-Row-Recovered-2048x2048.png 2048w, https:\/\/evolve-fitness.eu\/wp-content\/uploads\/2025\/03\/EV-PL-PR-119-Evolve-Prime-Series-Plate-Loaded-Linear-Row-Recovered-600x600.png 600w\" sizes=\"auto, (max-width: 1024px) 100vw, 1024px\" \/><\/figure>\n<\/div>\n<\/div>\n<\/section>\n<\/section>\n","protected":false},"excerpt":{"rendered":"<p>L&rsquo;Evolve Prime Series Plate Loaded Linear Row est con\u00e7u pour cibler les lombaires, les trap\u00e8zes et les rhombo\u00efdes gr\u00e2ce \u00e0 un mouvement d&rsquo;aviron fluide et contr\u00f4l\u00e9. Dot\u00e9 d&rsquo;un coussin thoracique ergonomique, de poign\u00e9es r\u00e9glables et d&rsquo;un syst\u00e8me de r\u00e9sistance \u00e0 plaques, il garantit une forme correcte tout en r\u00e9duisant les tensions dans le bas du dos. Id\u00e9al pour renforcer le haut du corps, cet appareil permet une surcharge progressive et convient \u00e0 tous les niveaux de condition physique. Parfait pour am\u00e9liorer la posture, la force du dos et le conditionnement g\u00e9n\u00e9ral du haut du corps.   <\/p>\n","protected":false},"featured_media":187849,"template":"","meta":{"_acf_changed":false,"inline_featured_image":false},"product_brand":[],"product_cat":[5194,5195],"product_tag":[],"class_list":{"0":"post-236515","1":"product","2":"type-product","3":"status-publish","4":"has-post-thumbnail","6":"product_cat-machines-a-plateau","7":"product_cat-prime-series-plate-loaded-fr","9":"first","10":"instock","11":"shipping-taxable","12":"purchasable","13":"product-type-simple"},"acf":{"long_title":"S\u00e9rie Evolve Prime - Rang\u00e9e lin\u00e9aire \u00e0 plaques","subtitle":"","specifications":[{"label":"SKU","text_value":"EV-PL-PR-119","icon":"x"},{"label":"Dimensions","text_value":"1720 x 1210 x 1700 mm","icon":"x"},{"label":"Poids","text_value":"165 kg","icon":"x"},{"label":"Poids maximal de l'utilisateur","text_value":"180 kg","icon":"x"},{"label":"Stockage des disques d'halt\u00e8res","text_value":"","icon":"v"},{"label":"Protecteurs de sol durables","text_value":"","icon":"v"},{"label":"Cadre m\u00e9tallique sans ar\u00eates vives","text_value":"","icon":"v"},{"label":"Personnalisez les couleurs du cadre et du rev\u00eatement","text_value":"","icon":"v"},{"label":"Rembourrage \u00e9pais","text_value":"","icon":"x"},{"label":"Peinture anticorrosion","text_value":"","icon":"x"},{"label":"Poign\u00e9es antid\u00e9rapantes","text_value":"","icon":"x"},{"label":"Garantie","text_value":"2 ans","icon":"x"}],"product_frequently_asked_questions":null},"yoast_head":"<!-- This site is optimized with the Yoast SEO plugin v27.4 - https:\/\/yoast.com\/product\/yoast-seo-wordpress\/ -->\n<title>S\u00e9rie Evolve Prime - Rang\u00e9e lin\u00e9aire \u00e0 plaques - Evolve<\/title>\n<meta name=\"description\" content=\"L&#039;appareil Evolve Prime Series Plate Loaded Linear Row est con\u00e7u pour cibler les lombaires, les trap\u00e8zes et les rhombo\u00efdes gr\u00e2ce \u00e0 un mouvement d&#039;aviron fluide et contr\u00f4l\u00e9.\" \/>\n<meta name=\"robots\" content=\"index, follow, max-snippet:-1, max-image-preview:large, max-video-preview:-1\" \/>\n<link rel=\"canonical\" href=\"https:\/\/evolve-fitness.eu\/fr\/produit\/serie-evolve-prime-rangee-lineaire-a-plaques\/\" \/>\n<meta property=\"og:locale\" content=\"fr_FR\" \/>\n<meta property=\"og:type\" content=\"article\" \/>\n<meta property=\"og:title\" content=\"S\u00e9rie Evolve Prime - Rang\u00e9e lin\u00e9aire \u00e0 plaques - Evolve\" \/>\n<meta property=\"og:description\" content=\"L&#039;appareil Evolve Prime Series Plate Loaded Linear Row est con\u00e7u pour cibler les lombaires, les trap\u00e8zes et les rhombo\u00efdes gr\u00e2ce \u00e0 un mouvement d&#039;aviron fluide et contr\u00f4l\u00e9.\" \/>\n<meta property=\"og:url\" content=\"https:\/\/evolve-fitness.eu\/fr\/produit\/serie-evolve-prime-rangee-lineaire-a-plaques\/\" \/>\n<meta property=\"og:site_name\" content=\"Evolve\" \/>\n<meta property=\"article:publisher\" content=\"https:\/\/www.facebook.com\/EvolveFitnessEurope\" \/>\n<meta property=\"article:modified_time\" content=\"2026-04-23T06:20:46+00:00\" \/>\n<meta property=\"og:image\" content=\"https:\/\/evolve-fitness.eu\/wp-content\/uploads\/2025\/03\/EV-PL-PR-119-Evolve-Prime-Series-Plate-Loaded-Linear-Row-Recovered.png\" \/>\n\t<meta property=\"og:image:width\" content=\"3000\" \/>\n\t<meta property=\"og:image:height\" content=\"3000\" \/>\n\t<meta property=\"og:image:type\" content=\"image\/png\" \/>\n<meta name=\"twitter:card\" content=\"summary_large_image\" \/>\n<script type=\"application\/ld+json\" class=\"yoast-schema-graph\">{\"@context\":\"https:\\\/\\\/schema.org\",\"@graph\":[{\"@type\":\"WebPage\",\"@id\":\"https:\\\/\\\/evolve-fitness.eu\\\/fr\\\/produit\\\/serie-evolve-prime-rangee-lineaire-a-plaques\\\/\",\"url\":\"https:\\\/\\\/evolve-fitness.eu\\\/fr\\\/produit\\\/serie-evolve-prime-rangee-lineaire-a-plaques\\\/\",\"name\":\"S\u00e9rie Evolve Prime - Rang\u00e9e lin\u00e9aire \u00e0 plaques - Evolve\",\"isPartOf\":{\"@id\":\"https:\\\/\\\/evolve-fitness.eu\\\/fr\\\/#website\"},\"primaryImageOfPage\":{\"@id\":\"https:\\\/\\\/evolve-fitness.eu\\\/fr\\\/produit\\\/serie-evolve-prime-rangee-lineaire-a-plaques\\\/#primaryimage\"},\"image\":{\"@id\":\"https:\\\/\\\/evolve-fitness.eu\\\/fr\\\/produit\\\/serie-evolve-prime-rangee-lineaire-a-plaques\\\/#primaryimage\"},\"thumbnailUrl\":\"https:\\\/\\\/evolve-fitness.eu\\\/wp-content\\\/uploads\\\/2025\\\/03\\\/EV-PL-PR-119-Evolve-Prime-Series-Plate-Loaded-Linear-Row-Recovered.png\",\"datePublished\":\"2025-03-21T09:37:07+00:00\",\"dateModified\":\"2026-04-23T06:20:46+00:00\",\"description\":\"L'appareil Evolve Prime Series Plate Loaded Linear Row est con\u00e7u pour cibler les lombaires, les trap\u00e8zes et les rhombo\u00efdes gr\u00e2ce \u00e0 un mouvement d'aviron fluide et contr\u00f4l\u00e9.\",\"breadcrumb\":{\"@id\":\"https:\\\/\\\/evolve-fitness.eu\\\/fr\\\/produit\\\/serie-evolve-prime-rangee-lineaire-a-plaques\\\/#breadcrumb\"},\"inLanguage\":\"fr-FR\",\"potentialAction\":[{\"@type\":\"ReadAction\",\"target\":[\"https:\\\/\\\/evolve-fitness.eu\\\/fr\\\/produit\\\/serie-evolve-prime-rangee-lineaire-a-plaques\\\/\"]}]},{\"@type\":\"ImageObject\",\"inLanguage\":\"fr-FR\",\"@id\":\"https:\\\/\\\/evolve-fitness.eu\\\/fr\\\/produit\\\/serie-evolve-prime-rangee-lineaire-a-plaques\\\/#primaryimage\",\"url\":\"https:\\\/\\\/evolve-fitness.eu\\\/wp-content\\\/uploads\\\/2025\\\/03\\\/EV-PL-PR-119-Evolve-Prime-Series-Plate-Loaded-Linear-Row-Recovered.png\",\"contentUrl\":\"https:\\\/\\\/evolve-fitness.eu\\\/wp-content\\\/uploads\\\/2025\\\/03\\\/EV-PL-PR-119-Evolve-Prime-Series-Plate-Loaded-Linear-Row-Recovered.png\",\"width\":3000,\"height\":3000},{\"@type\":\"BreadcrumbList\",\"@id\":\"https:\\\/\\\/evolve-fitness.eu\\\/fr\\\/produit\\\/serie-evolve-prime-rangee-lineaire-a-plaques\\\/#breadcrumb\",\"itemListElement\":[{\"@type\":\"ListItem\",\"position\":1,\"name\":\"Home\",\"item\":\"https:\\\/\\\/evolve-fitness.eu\\\/fr\\\/\"},{\"@type\":\"ListItem\",\"position\":2,\"name\":\"Produits\",\"item\":\"https:\\\/\\\/evolve-fitness.eu\\\/fr\\\/shop\\\/\"},{\"@type\":\"ListItem\",\"position\":3,\"name\":\"S\u00e9rie Evolve Prime &#8211; Rang\u00e9e lin\u00e9aire \u00e0 plaques\"}]},{\"@type\":\"WebSite\",\"@id\":\"https:\\\/\\\/evolve-fitness.eu\\\/fr\\\/#website\",\"url\":\"https:\\\/\\\/evolve-fitness.eu\\\/fr\\\/\",\"name\":\"Evolve\",\"description\":\"Your Evolved Gear Arrived\",\"publisher\":{\"@id\":\"https:\\\/\\\/evolve-fitness.eu\\\/fr\\\/#organization\"},\"potentialAction\":[{\"@type\":\"SearchAction\",\"target\":{\"@type\":\"EntryPoint\",\"urlTemplate\":\"https:\\\/\\\/evolve-fitness.eu\\\/fr\\\/?s={search_term_string}\"},\"query-input\":{\"@type\":\"PropertyValueSpecification\",\"valueRequired\":true,\"valueName\":\"search_term_string\"}}],\"inLanguage\":\"fr-FR\"},{\"@type\":\"Organization\",\"@id\":\"https:\\\/\\\/evolve-fitness.eu\\\/fr\\\/#organization\",\"name\":\"Evolve\",\"url\":\"https:\\\/\\\/evolve-fitness.eu\\\/fr\\\/\",\"logo\":{\"@type\":\"ImageObject\",\"inLanguage\":\"fr-FR\",\"@id\":\"https:\\\/\\\/evolve-fitness.eu\\\/fr\\\/#\\\/schema\\\/logo\\\/image\\\/\",\"url\":\"https:\\\/\\\/evolve-fitness.eu\\\/wp-content\\\/uploads\\\/2023\\\/05\\\/Evolve-logo.svg\",\"contentUrl\":\"https:\\\/\\\/evolve-fitness.eu\\\/wp-content\\\/uploads\\\/2023\\\/05\\\/Evolve-logo.svg\",\"width\":176,\"height\":20,\"caption\":\"Evolve\"},\"image\":{\"@id\":\"https:\\\/\\\/evolve-fitness.eu\\\/fr\\\/#\\\/schema\\\/logo\\\/image\\\/\"},\"sameAs\":[\"https:\\\/\\\/www.facebook.com\\\/EvolveFitnessEurope\"]}]}<\/script>\n<!-- \/ Yoast SEO plugin. -->","yoast_head_json":{"title":"S\u00e9rie Evolve Prime - Rang\u00e9e lin\u00e9aire \u00e0 plaques - Evolve","description":"L'appareil Evolve Prime Series Plate Loaded Linear Row est con\u00e7u pour cibler les lombaires, les trap\u00e8zes et les rhombo\u00efdes gr\u00e2ce \u00e0 un mouvement d'aviron fluide et contr\u00f4l\u00e9.","robots":{"index":"index","follow":"follow","max-snippet":"max-snippet:-1","max-image-preview":"max-image-preview:large","max-video-preview":"max-video-preview:-1"},"canonical":"https:\/\/evolve-fitness.eu\/fr\/produit\/serie-evolve-prime-rangee-lineaire-a-plaques\/","og_locale":"fr_FR","og_type":"article","og_title":"S\u00e9rie Evolve Prime - Rang\u00e9e lin\u00e9aire \u00e0 plaques - Evolve","og_description":"L'appareil Evolve Prime Series Plate Loaded Linear Row est con\u00e7u pour cibler les lombaires, les trap\u00e8zes et les rhombo\u00efdes gr\u00e2ce \u00e0 un mouvement d'aviron fluide et contr\u00f4l\u00e9.","og_url":"https:\/\/evolve-fitness.eu\/fr\/produit\/serie-evolve-prime-rangee-lineaire-a-plaques\/","og_site_name":"Evolve","article_publisher":"https:\/\/www.facebook.com\/EvolveFitnessEurope","article_modified_time":"2026-04-23T06:20:46+00:00","og_image":[{"width":3000,"height":3000,"url":"https:\/\/evolve-fitness.eu\/wp-content\/uploads\/2025\/03\/EV-PL-PR-119-Evolve-Prime-Series-Plate-Loaded-Linear-Row-Recovered.png","type":"image\/png"}],"twitter_card":"summary_large_image","schema":{"@context":"https:\/\/schema.org","@graph":[{"@type":"WebPage","@id":"https:\/\/evolve-fitness.eu\/fr\/produit\/serie-evolve-prime-rangee-lineaire-a-plaques\/","url":"https:\/\/evolve-fitness.eu\/fr\/produit\/serie-evolve-prime-rangee-lineaire-a-plaques\/","name":"S\u00e9rie Evolve Prime - Rang\u00e9e lin\u00e9aire \u00e0 plaques - Evolve","isPartOf":{"@id":"https:\/\/evolve-fitness.eu\/fr\/#website"},"primaryImageOfPage":{"@id":"https:\/\/evolve-fitness.eu\/fr\/produit\/serie-evolve-prime-rangee-lineaire-a-plaques\/#primaryimage"},"image":{"@id":"https:\/\/evolve-fitness.eu\/fr\/produit\/serie-evolve-prime-rangee-lineaire-a-plaques\/#primaryimage"},"thumbnailUrl":"https:\/\/evolve-fitness.eu\/wp-content\/uploads\/2025\/03\/EV-PL-PR-119-Evolve-Prime-Series-Plate-Loaded-Linear-Row-Recovered.png","datePublished":"2025-03-21T09:37:07+00:00","dateModified":"2026-04-23T06:20:46+00:00","description":"L'appareil Evolve Prime Series Plate Loaded Linear Row est con\u00e7u pour cibler les lombaires, les trap\u00e8zes et les rhombo\u00efdes gr\u00e2ce \u00e0 un mouvement d'aviron fluide et contr\u00f4l\u00e9.","breadcrumb":{"@id":"https:\/\/evolve-fitness.eu\/fr\/produit\/serie-evolve-prime-rangee-lineaire-a-plaques\/#breadcrumb"},"inLanguage":"fr-FR","potentialAction":[{"@type":"ReadAction","target":["https:\/\/evolve-fitness.eu\/fr\/produit\/serie-evolve-prime-rangee-lineaire-a-plaques\/"]}]},{"@type":"ImageObject","inLanguage":"fr-FR","@id":"https:\/\/evolve-fitness.eu\/fr\/produit\/serie-evolve-prime-rangee-lineaire-a-plaques\/#primaryimage","url":"https:\/\/evolve-fitness.eu\/wp-content\/uploads\/2025\/03\/EV-PL-PR-119-Evolve-Prime-Series-Plate-Loaded-Linear-Row-Recovered.png","contentUrl":"https:\/\/evolve-fitness.eu\/wp-content\/uploads\/2025\/03\/EV-PL-PR-119-Evolve-Prime-Series-Plate-Loaded-Linear-Row-Recovered.png","width":3000,"height":3000},{"@type":"BreadcrumbList","@id":"https:\/\/evolve-fitness.eu\/fr\/produit\/serie-evolve-prime-rangee-lineaire-a-plaques\/#breadcrumb","itemListElement":[{"@type":"ListItem","position":1,"name":"Home","item":"https:\/\/evolve-fitness.eu\/fr\/"},{"@type":"ListItem","position":2,"name":"Produits","item":"https:\/\/evolve-fitness.eu\/fr\/shop\/"},{"@type":"ListItem","position":3,"name":"S\u00e9rie Evolve Prime &#8211; Rang\u00e9e lin\u00e9aire \u00e0 plaques"}]},{"@type":"WebSite","@id":"https:\/\/evolve-fitness.eu\/fr\/#website","url":"https:\/\/evolve-fitness.eu\/fr\/","name":"Evolve","description":"Your Evolved Gear Arrived","publisher":{"@id":"https:\/\/evolve-fitness.eu\/fr\/#organization"},"potentialAction":[{"@type":"SearchAction","target":{"@type":"EntryPoint","urlTemplate":"https:\/\/evolve-fitness.eu\/fr\/?s={search_term_string}"},"query-input":{"@type":"PropertyValueSpecification","valueRequired":true,"valueName":"search_term_string"}}],"inLanguage":"fr-FR"},{"@type":"Organization","@id":"https:\/\/evolve-fitness.eu\/fr\/#organization","name":"Evolve","url":"https:\/\/evolve-fitness.eu\/fr\/","logo":{"@type":"ImageObject","inLanguage":"fr-FR","@id":"https:\/\/evolve-fitness.eu\/fr\/#\/schema\/logo\/image\/","url":"https:\/\/evolve-fitness.eu\/wp-content\/uploads\/2023\/05\/Evolve-logo.svg","contentUrl":"https:\/\/evolve-fitness.eu\/wp-content\/uploads\/2023\/05\/Evolve-logo.svg","width":176,"height":20,"caption":"Evolve"},"image":{"@id":"https:\/\/evolve-fitness.eu\/fr\/#\/schema\/logo\/image\/"},"sameAs":["https:\/\/www.facebook.com\/EvolveFitnessEurope"]}]}},"_links":{"self":[{"href":"https:\/\/evolve-fitness.eu\/fr\/wp-json\/wp\/v2\/product\/236515","targetHints":{"allow":["GET"]}}],"collection":[{"href":"https:\/\/evolve-fitness.eu\/fr\/wp-json\/wp\/v2\/product"}],"about":[{"href":"https:\/\/evolve-fitness.eu\/fr\/wp-json\/wp\/v2\/types\/product"}],"wp:featuredmedia":[{"embeddable":true,"href":"https:\/\/evolve-fitness.eu\/fr\/wp-json\/wp\/v2\/media\/187849"}],"wp:attachment":[{"href":"https:\/\/evolve-fitness.eu\/fr\/wp-json\/wp\/v2\/media?parent=236515"}],"wp:term":[{"taxonomy":"product_brand","embeddable":true,"href":"https:\/\/evolve-fitness.eu\/fr\/wp-json\/wp\/v2\/product_brand?post=236515"},{"taxonomy":"product_cat","embeddable":true,"href":"https:\/\/evolve-fitness.eu\/fr\/wp-json\/wp\/v2\/product_cat?post=236515"},{"taxonomy":"product_tag","embeddable":true,"href":"https:\/\/evolve-fitness.eu\/fr\/wp-json\/wp\/v2\/product_tag?post=236515"}],"curies":[{"name":"wp","href":"https:\/\/api.w.org\/{rel}","templated":true}]}}