{"id":236762,"date":"2025-10-14T07:23:47","date_gmt":"2025-10-14T07:23:47","guid":{"rendered":"https:\/\/evolve-fitness.eu\/product\/evolve-econ-series-plate-loaded-standing-lateral-raise-ec-020\/"},"modified":"2025-10-14T07:23:47","modified_gmt":"2025-10-14T04:23:47","slug":"evolve-econ-series-plate-loaded-standing-lateral-raise-ec-020","status":"publish","type":"product","link":"https:\/\/evolve-fitness.eu\/fr\/produit\/evolve-econ-series-plate-loaded-standing-lateral-raise-ec-020\/","title":{"rendered":"Evolve Econ Series Plate Loaded Standing Lateral Raise (EC-020)"},"content":{"rendered":"","protected":false},"excerpt":{"rendered":"<p>L&rsquo;Evolve Econ Series Standing Lateral Raise est con\u00e7u pour isoler et renforcer les muscles delto\u00efdes lat\u00e9raux par le biais d&rsquo;un mouvement naturel en position debout. Son m\u00e9canisme \u00e0 plaques permet un contr\u00f4le souple de la r\u00e9sistance, tandis que le positionnement ergonomique des poign\u00e9es garantit une forme et un \u00e9quilibre appropri\u00e9s. Construit pour durer et offrir des performances constantes, c&rsquo;est un choix id\u00e9al pour les environnements d&rsquo;entra\u00eenement commerciaux et professionnels.  <\/p>\n","protected":false},"featured_media":236763,"template":"","meta":{"_acf_changed":false,"inline_featured_image":false},"product_brand":[],"product_cat":[5427,5194],"product_tag":[],"class_list":{"0":"post-236762","1":"product","2":"type-product","3":"status-publish","4":"has-post-thumbnail","6":"product_cat-econ-series-plate-loaded-machines","7":"product_cat-machines-a-plateau","9":"first","10":"instock","11":"shipping-taxable","12":"purchasable","13":"product-type-simple"},"acf":{"long_title":"Evolve Econ Series Plate Loaded Standing Lateral Raise (EC-020)","subtitle":"","specifications":[{"label":"SKU","text_value":"EV-PL-EC-020","icon":"x"},{"label":"Dimensions","text_value":"1165 x 885 x 1550 mm","icon":"x"},{"label":"Poids","text_value":"57,3 kg","icon":"x"},{"label":"Max. poids de l'utilisateur","text_value":"150 kg","icon":"x"},{"label":"Max. charge","text_value":"2 x 100 kg","icon":"x"},{"label":"Peinture anticorrosion","text_value":"","icon":"v"},{"label":"Cadre m\u00e9tallique sans ar\u00eates vives","text_value":"","icon":"v"},{"label":"Protecteurs de sol durables","text_value":"","icon":"v"},{"label":"Garantie","text_value":"2 ans","icon":"x"}],"product_frequently_asked_questions":null},"yoast_head":"<!-- This site is optimized with the Yoast SEO plugin v27.4 - https:\/\/yoast.com\/product\/yoast-seo-wordpress\/ -->\n<title>Evolve Econ Series Plate Loaded Standing Lateral Raise (EC-020) - Evolve<\/title>\n<meta name=\"description\" content=\"L&#039;\u00e9l\u00e9vation lat\u00e9rale debout Evolve Econ Series est con\u00e7ue pour isoler et renforcer les muscles delto\u00efdes lat\u00e9raux gr\u00e2ce aux \u00e9l\u00e9ments suivants\" \/>\n<meta name=\"robots\" content=\"index, follow, max-snippet:-1, max-image-preview:large, max-video-preview:-1\" \/>\n<link rel=\"canonical\" href=\"https:\/\/evolve-fitness.eu\/fr\/produit\/evolve-econ-series-plate-loaded-standing-lateral-raise-ec-020\/\" \/>\n<meta property=\"og:locale\" content=\"fr_FR\" \/>\n<meta property=\"og:type\" content=\"article\" \/>\n<meta property=\"og:title\" content=\"Evolve Econ Series Plate Loaded Standing Lateral Raise (EC-020) - Evolve\" \/>\n<meta property=\"og:description\" content=\"L&#039;\u00e9l\u00e9vation lat\u00e9rale debout Evolve Econ Series est con\u00e7ue pour isoler et renforcer les muscles delto\u00efdes lat\u00e9raux gr\u00e2ce aux \u00e9l\u00e9ments suivants\" \/>\n<meta property=\"og:url\" content=\"https:\/\/evolve-fitness.eu\/fr\/produit\/evolve-econ-series-plate-loaded-standing-lateral-raise-ec-020\/\" \/>\n<meta property=\"og:site_name\" content=\"Evolve\" \/>\n<meta property=\"article:publisher\" content=\"https:\/\/www.facebook.com\/EvolveFitnessEurope\" \/>\n<meta property=\"og:image\" content=\"https:\/\/evolve-fitness.eu\/wp-content\/uploads\/2025\/10\/EV-PL-EC-020.png\" \/>\n\t<meta property=\"og:image:width\" content=\"810\" \/>\n\t<meta property=\"og:image:height\" content=\"810\" \/>\n\t<meta property=\"og:image:type\" content=\"image\/png\" \/>\n<meta name=\"twitter:card\" content=\"summary_large_image\" \/>\n<script type=\"application\/ld+json\" class=\"yoast-schema-graph\">{\"@context\":\"https:\\\/\\\/schema.org\",\"@graph\":[{\"@type\":\"WebPage\",\"@id\":\"https:\\\/\\\/evolve-fitness.eu\\\/fr\\\/produit\\\/evolve-econ-series-plate-loaded-standing-lateral-raise-ec-020\\\/\",\"url\":\"https:\\\/\\\/evolve-fitness.eu\\\/fr\\\/produit\\\/evolve-econ-series-plate-loaded-standing-lateral-raise-ec-020\\\/\",\"name\":\"Evolve Econ Series Plate Loaded Standing Lateral Raise (EC-020) - Evolve\",\"isPartOf\":{\"@id\":\"https:\\\/\\\/evolve-fitness.eu\\\/fr\\\/#website\"},\"primaryImageOfPage\":{\"@id\":\"https:\\\/\\\/evolve-fitness.eu\\\/fr\\\/produit\\\/evolve-econ-series-plate-loaded-standing-lateral-raise-ec-020\\\/#primaryimage\"},\"image\":{\"@id\":\"https:\\\/\\\/evolve-fitness.eu\\\/fr\\\/produit\\\/evolve-econ-series-plate-loaded-standing-lateral-raise-ec-020\\\/#primaryimage\"},\"thumbnailUrl\":\"https:\\\/\\\/evolve-fitness.eu\\\/wp-content\\\/uploads\\\/2025\\\/10\\\/EV-PL-EC-020.png\",\"datePublished\":\"2025-10-14T07:23:47+00:00\",\"description\":\"L'\u00e9l\u00e9vation lat\u00e9rale debout Evolve Econ Series est con\u00e7ue pour isoler et renforcer les muscles delto\u00efdes lat\u00e9raux gr\u00e2ce aux \u00e9l\u00e9ments suivants\",\"breadcrumb\":{\"@id\":\"https:\\\/\\\/evolve-fitness.eu\\\/fr\\\/produit\\\/evolve-econ-series-plate-loaded-standing-lateral-raise-ec-020\\\/#breadcrumb\"},\"inLanguage\":\"fr-FR\",\"potentialAction\":[{\"@type\":\"ReadAction\",\"target\":[\"https:\\\/\\\/evolve-fitness.eu\\\/fr\\\/produit\\\/evolve-econ-series-plate-loaded-standing-lateral-raise-ec-020\\\/\"]}]},{\"@type\":\"ImageObject\",\"inLanguage\":\"fr-FR\",\"@id\":\"https:\\\/\\\/evolve-fitness.eu\\\/fr\\\/produit\\\/evolve-econ-series-plate-loaded-standing-lateral-raise-ec-020\\\/#primaryimage\",\"url\":\"https:\\\/\\\/evolve-fitness.eu\\\/wp-content\\\/uploads\\\/2025\\\/10\\\/EV-PL-EC-020.png\",\"contentUrl\":\"https:\\\/\\\/evolve-fitness.eu\\\/wp-content\\\/uploads\\\/2025\\\/10\\\/EV-PL-EC-020.png\",\"width\":810,\"height\":810},{\"@type\":\"BreadcrumbList\",\"@id\":\"https:\\\/\\\/evolve-fitness.eu\\\/fr\\\/produit\\\/evolve-econ-series-plate-loaded-standing-lateral-raise-ec-020\\\/#breadcrumb\",\"itemListElement\":[{\"@type\":\"ListItem\",\"position\":1,\"name\":\"Home\",\"item\":\"https:\\\/\\\/evolve-fitness.eu\\\/fr\\\/\"},{\"@type\":\"ListItem\",\"position\":2,\"name\":\"Produits\",\"item\":\"https:\\\/\\\/evolve-fitness.eu\\\/fr\\\/shop\\\/\"},{\"@type\":\"ListItem\",\"position\":3,\"name\":\"Evolve Econ Series Plate Loaded Standing Lateral Raise (EC-020)\"}]},{\"@type\":\"WebSite\",\"@id\":\"https:\\\/\\\/evolve-fitness.eu\\\/fr\\\/#website\",\"url\":\"https:\\\/\\\/evolve-fitness.eu\\\/fr\\\/\",\"name\":\"Evolve\",\"description\":\"Your Evolved Gear Arrived\",\"publisher\":{\"@id\":\"https:\\\/\\\/evolve-fitness.eu\\\/fr\\\/#organization\"},\"potentialAction\":[{\"@type\":\"SearchAction\",\"target\":{\"@type\":\"EntryPoint\",\"urlTemplate\":\"https:\\\/\\\/evolve-fitness.eu\\\/fr\\\/?s={search_term_string}\"},\"query-input\":{\"@type\":\"PropertyValueSpecification\",\"valueRequired\":true,\"valueName\":\"search_term_string\"}}],\"inLanguage\":\"fr-FR\"},{\"@type\":\"Organization\",\"@id\":\"https:\\\/\\\/evolve-fitness.eu\\\/fr\\\/#organization\",\"name\":\"Evolve\",\"url\":\"https:\\\/\\\/evolve-fitness.eu\\\/fr\\\/\",\"logo\":{\"@type\":\"ImageObject\",\"inLanguage\":\"fr-FR\",\"@id\":\"https:\\\/\\\/evolve-fitness.eu\\\/fr\\\/#\\\/schema\\\/logo\\\/image\\\/\",\"url\":\"https:\\\/\\\/evolve-fitness.eu\\\/wp-content\\\/uploads\\\/2023\\\/05\\\/Evolve-logo.svg\",\"contentUrl\":\"https:\\\/\\\/evolve-fitness.eu\\\/wp-content\\\/uploads\\\/2023\\\/05\\\/Evolve-logo.svg\",\"width\":176,\"height\":20,\"caption\":\"Evolve\"},\"image\":{\"@id\":\"https:\\\/\\\/evolve-fitness.eu\\\/fr\\\/#\\\/schema\\\/logo\\\/image\\\/\"},\"sameAs\":[\"https:\\\/\\\/www.facebook.com\\\/EvolveFitnessEurope\"]}]}<\/script>\n<!-- \/ Yoast SEO plugin. -->","yoast_head_json":{"title":"Evolve Econ Series Plate Loaded Standing Lateral Raise (EC-020) - Evolve","description":"L'\u00e9l\u00e9vation lat\u00e9rale debout Evolve Econ Series est con\u00e7ue pour isoler et renforcer les muscles delto\u00efdes lat\u00e9raux gr\u00e2ce aux \u00e9l\u00e9ments suivants","robots":{"index":"index","follow":"follow","max-snippet":"max-snippet:-1","max-image-preview":"max-image-preview:large","max-video-preview":"max-video-preview:-1"},"canonical":"https:\/\/evolve-fitness.eu\/fr\/produit\/evolve-econ-series-plate-loaded-standing-lateral-raise-ec-020\/","og_locale":"fr_FR","og_type":"article","og_title":"Evolve Econ Series Plate Loaded Standing Lateral Raise (EC-020) - Evolve","og_description":"L'\u00e9l\u00e9vation lat\u00e9rale debout Evolve Econ Series est con\u00e7ue pour isoler et renforcer les muscles delto\u00efdes lat\u00e9raux gr\u00e2ce aux \u00e9l\u00e9ments suivants","og_url":"https:\/\/evolve-fitness.eu\/fr\/produit\/evolve-econ-series-plate-loaded-standing-lateral-raise-ec-020\/","og_site_name":"Evolve","article_publisher":"https:\/\/www.facebook.com\/EvolveFitnessEurope","og_image":[{"width":810,"height":810,"url":"https:\/\/evolve-fitness.eu\/wp-content\/uploads\/2025\/10\/EV-PL-EC-020.png","type":"image\/png"}],"twitter_card":"summary_large_image","schema":{"@context":"https:\/\/schema.org","@graph":[{"@type":"WebPage","@id":"https:\/\/evolve-fitness.eu\/fr\/produit\/evolve-econ-series-plate-loaded-standing-lateral-raise-ec-020\/","url":"https:\/\/evolve-fitness.eu\/fr\/produit\/evolve-econ-series-plate-loaded-standing-lateral-raise-ec-020\/","name":"Evolve Econ Series Plate Loaded Standing Lateral Raise (EC-020) - Evolve","isPartOf":{"@id":"https:\/\/evolve-fitness.eu\/fr\/#website"},"primaryImageOfPage":{"@id":"https:\/\/evolve-fitness.eu\/fr\/produit\/evolve-econ-series-plate-loaded-standing-lateral-raise-ec-020\/#primaryimage"},"image":{"@id":"https:\/\/evolve-fitness.eu\/fr\/produit\/evolve-econ-series-plate-loaded-standing-lateral-raise-ec-020\/#primaryimage"},"thumbnailUrl":"https:\/\/evolve-fitness.eu\/wp-content\/uploads\/2025\/10\/EV-PL-EC-020.png","datePublished":"2025-10-14T07:23:47+00:00","description":"L'\u00e9l\u00e9vation lat\u00e9rale debout Evolve Econ Series est con\u00e7ue pour isoler et renforcer les muscles delto\u00efdes lat\u00e9raux gr\u00e2ce aux \u00e9l\u00e9ments suivants","breadcrumb":{"@id":"https:\/\/evolve-fitness.eu\/fr\/produit\/evolve-econ-series-plate-loaded-standing-lateral-raise-ec-020\/#breadcrumb"},"inLanguage":"fr-FR","potentialAction":[{"@type":"ReadAction","target":["https:\/\/evolve-fitness.eu\/fr\/produit\/evolve-econ-series-plate-loaded-standing-lateral-raise-ec-020\/"]}]},{"@type":"ImageObject","inLanguage":"fr-FR","@id":"https:\/\/evolve-fitness.eu\/fr\/produit\/evolve-econ-series-plate-loaded-standing-lateral-raise-ec-020\/#primaryimage","url":"https:\/\/evolve-fitness.eu\/wp-content\/uploads\/2025\/10\/EV-PL-EC-020.png","contentUrl":"https:\/\/evolve-fitness.eu\/wp-content\/uploads\/2025\/10\/EV-PL-EC-020.png","width":810,"height":810},{"@type":"BreadcrumbList","@id":"https:\/\/evolve-fitness.eu\/fr\/produit\/evolve-econ-series-plate-loaded-standing-lateral-raise-ec-020\/#breadcrumb","itemListElement":[{"@type":"ListItem","position":1,"name":"Home","item":"https:\/\/evolve-fitness.eu\/fr\/"},{"@type":"ListItem","position":2,"name":"Produits","item":"https:\/\/evolve-fitness.eu\/fr\/shop\/"},{"@type":"ListItem","position":3,"name":"Evolve Econ Series Plate Loaded Standing Lateral Raise (EC-020)"}]},{"@type":"WebSite","@id":"https:\/\/evolve-fitness.eu\/fr\/#website","url":"https:\/\/evolve-fitness.eu\/fr\/","name":"Evolve","description":"Your Evolved Gear Arrived","publisher":{"@id":"https:\/\/evolve-fitness.eu\/fr\/#organization"},"potentialAction":[{"@type":"SearchAction","target":{"@type":"EntryPoint","urlTemplate":"https:\/\/evolve-fitness.eu\/fr\/?s={search_term_string}"},"query-input":{"@type":"PropertyValueSpecification","valueRequired":true,"valueName":"search_term_string"}}],"inLanguage":"fr-FR"},{"@type":"Organization","@id":"https:\/\/evolve-fitness.eu\/fr\/#organization","name":"Evolve","url":"https:\/\/evolve-fitness.eu\/fr\/","logo":{"@type":"ImageObject","inLanguage":"fr-FR","@id":"https:\/\/evolve-fitness.eu\/fr\/#\/schema\/logo\/image\/","url":"https:\/\/evolve-fitness.eu\/wp-content\/uploads\/2023\/05\/Evolve-logo.svg","contentUrl":"https:\/\/evolve-fitness.eu\/wp-content\/uploads\/2023\/05\/Evolve-logo.svg","width":176,"height":20,"caption":"Evolve"},"image":{"@id":"https:\/\/evolve-fitness.eu\/fr\/#\/schema\/logo\/image\/"},"sameAs":["https:\/\/www.facebook.com\/EvolveFitnessEurope"]}]}},"_links":{"self":[{"href":"https:\/\/evolve-fitness.eu\/fr\/wp-json\/wp\/v2\/product\/236762","targetHints":{"allow":["GET"]}}],"collection":[{"href":"https:\/\/evolve-fitness.eu\/fr\/wp-json\/wp\/v2\/product"}],"about":[{"href":"https:\/\/evolve-fitness.eu\/fr\/wp-json\/wp\/v2\/types\/product"}],"wp:featuredmedia":[{"embeddable":true,"href":"https:\/\/evolve-fitness.eu\/fr\/wp-json\/wp\/v2\/media\/236763"}],"wp:attachment":[{"href":"https:\/\/evolve-fitness.eu\/fr\/wp-json\/wp\/v2\/media?parent=236762"}],"wp:term":[{"taxonomy":"product_brand","embeddable":true,"href":"https:\/\/evolve-fitness.eu\/fr\/wp-json\/wp\/v2\/product_brand?post=236762"},{"taxonomy":"product_cat","embeddable":true,"href":"https:\/\/evolve-fitness.eu\/fr\/wp-json\/wp\/v2\/product_cat?post=236762"},{"taxonomy":"product_tag","embeddable":true,"href":"https:\/\/evolve-fitness.eu\/fr\/wp-json\/wp\/v2\/product_tag?post=236762"}],"curies":[{"name":"wp","href":"https:\/\/api.w.org\/{rel}","templated":true}]}}