{"id":237885,"date":"2025-10-14T10:21:23","date_gmt":"2025-10-14T10:21:23","guid":{"rendered":"https:\/\/evolve-fitness.eu\/product\/serie-evolve-econ-adduction-debout-avec-plateau-ec-110\/"},"modified":"2025-10-14T10:21:23","modified_gmt":"2025-10-14T07:21:23","slug":"serie-evolve-econ-adduction-debout-avec-plateau-ec-110","status":"publish","type":"product","link":"https:\/\/evolve-fitness.eu\/fr\/produit\/serie-evolve-econ-adduction-debout-avec-plateau-ec-110\/","title":{"rendered":"S\u00e9rie Evolve Econ &#8211; Adduction debout avec plateau (EC-110)"},"content":{"rendered":"","protected":false},"excerpt":{"rendered":"<p>L&rsquo;adduction debout Evolve Econ Series Plate Loaded est con\u00e7ue pour renforcer et tonifier les muscles de l&rsquo;int\u00e9rieur des cuisses gr\u00e2ce \u00e0 un mod\u00e8le de mouvement contr\u00f4l\u00e9 et naturel. Son syst\u00e8me de r\u00e9sistance \u00e0 plaques permet une charge souple et r\u00e9glable, tandis que la conception ergonomique en position debout favorise la stabilit\u00e9 et l&rsquo;alignement correct du corps. Construit pour durer et offrir des performances constantes, il constitue un excellent compl\u00e9ment \u00e0 tout centre d&rsquo;entra\u00eenement commercial ou professionnel.  <\/p>\n<p>\n","protected":false},"featured_media":237886,"template":"","meta":{"_acf_changed":false,"inline_featured_image":false},"product_brand":[],"product_cat":[5427,5194],"product_tag":[13141],"class_list":{"0":"post-237885","1":"product","2":"type-product","3":"status-publish","4":"has-post-thumbnail","6":"product_cat-econ-series-plate-loaded-machines","7":"product_cat-machines-a-plateau","8":"product_tag-plaque-chargee","10":"first","11":"instock","12":"shipping-taxable","13":"purchasable","14":"product-type-simple"},"acf":{"long_title":"S\u00e9rie Evolve Econ - Adduction debout avec plateau (EC-110)","subtitle":"","specifications":[{"label":"SKU","text_value":"EV-PL-EC-110","icon":"x"},{"label":"Dimensions","text_value":"1341 x 1419 x 1461 mm","icon":"x"},{"label":"Poids","text_value":"108,2 kg","icon":"x"},{"label":"Peinture anticorrosion","text_value":"","icon":"v"},{"label":"Cadre m\u00e9tallique sans ar\u00eates vives","text_value":"","icon":"v"},{"label":"Protecteurs de sol durables","text_value":"","icon":"v"},{"label":"Garantie","text_value":"2 ans","icon":"x"}],"product_frequently_asked_questions":null},"yoast_head":"<!-- This site is optimized with the Yoast SEO plugin v27.4 - https:\/\/yoast.com\/product\/yoast-seo-wordpress\/ -->\n<title>S\u00e9rie Evolve Econ - Adduction debout avec plateau (EC-110) - Evolve<\/title>\n<meta name=\"description\" content=\"L&#039;adduction debout Evolve Econ Series Plate Loaded est con\u00e7ue pour renforcer et tonifier les muscles de l&#039;int\u00e9rieur des cuisses gr\u00e2ce \u00e0 un mouvement contr\u00f4l\u00e9.\" \/>\n<meta name=\"robots\" content=\"index, follow, max-snippet:-1, max-image-preview:large, max-video-preview:-1\" \/>\n<link rel=\"canonical\" href=\"https:\/\/evolve-fitness.eu\/fr\/produit\/serie-evolve-econ-adduction-debout-avec-plateau-ec-110\/\" \/>\n<meta property=\"og:locale\" content=\"fr_FR\" \/>\n<meta property=\"og:type\" content=\"article\" \/>\n<meta property=\"og:title\" content=\"S\u00e9rie Evolve Econ - Adduction debout avec plateau (EC-110) - Evolve\" \/>\n<meta property=\"og:description\" content=\"L&#039;adduction debout Evolve Econ Series Plate Loaded est con\u00e7ue pour renforcer et tonifier les muscles de l&#039;int\u00e9rieur des cuisses gr\u00e2ce \u00e0 un mouvement contr\u00f4l\u00e9.\" \/>\n<meta property=\"og:url\" content=\"https:\/\/evolve-fitness.eu\/fr\/produit\/serie-evolve-econ-adduction-debout-avec-plateau-ec-110\/\" \/>\n<meta property=\"og:site_name\" content=\"Evolve\" \/>\n<meta property=\"article:publisher\" content=\"https:\/\/www.facebook.com\/EvolveFitnessEurope\" \/>\n<meta property=\"og:image\" content=\"https:\/\/evolve-fitness.eu\/wp-content\/uploads\/2025\/10\/Heading-19.png\" \/>\n\t<meta property=\"og:image:width\" content=\"810\" \/>\n\t<meta property=\"og:image:height\" content=\"810\" \/>\n\t<meta property=\"og:image:type\" content=\"image\/png\" \/>\n<meta name=\"twitter:card\" content=\"summary_large_image\" \/>\n<script type=\"application\/ld+json\" class=\"yoast-schema-graph\">{\"@context\":\"https:\\\/\\\/schema.org\",\"@graph\":[{\"@type\":\"WebPage\",\"@id\":\"https:\\\/\\\/evolve-fitness.eu\\\/fr\\\/produit\\\/serie-evolve-econ-adduction-debout-avec-plateau-ec-110\\\/\",\"url\":\"https:\\\/\\\/evolve-fitness.eu\\\/fr\\\/produit\\\/serie-evolve-econ-adduction-debout-avec-plateau-ec-110\\\/\",\"name\":\"S\u00e9rie Evolve Econ - Adduction debout avec plateau (EC-110) - Evolve\",\"isPartOf\":{\"@id\":\"https:\\\/\\\/evolve-fitness.eu\\\/fr\\\/#website\"},\"primaryImageOfPage\":{\"@id\":\"https:\\\/\\\/evolve-fitness.eu\\\/fr\\\/produit\\\/serie-evolve-econ-adduction-debout-avec-plateau-ec-110\\\/#primaryimage\"},\"image\":{\"@id\":\"https:\\\/\\\/evolve-fitness.eu\\\/fr\\\/produit\\\/serie-evolve-econ-adduction-debout-avec-plateau-ec-110\\\/#primaryimage\"},\"thumbnailUrl\":\"https:\\\/\\\/evolve-fitness.eu\\\/wp-content\\\/uploads\\\/2025\\\/10\\\/Heading-19.png\",\"datePublished\":\"2025-10-14T10:21:23+00:00\",\"description\":\"L'adduction debout Evolve Econ Series Plate Loaded est con\u00e7ue pour renforcer et tonifier les muscles de l'int\u00e9rieur des cuisses gr\u00e2ce \u00e0 un mouvement contr\u00f4l\u00e9.\",\"breadcrumb\":{\"@id\":\"https:\\\/\\\/evolve-fitness.eu\\\/fr\\\/produit\\\/serie-evolve-econ-adduction-debout-avec-plateau-ec-110\\\/#breadcrumb\"},\"inLanguage\":\"fr-FR\",\"potentialAction\":[{\"@type\":\"ReadAction\",\"target\":[\"https:\\\/\\\/evolve-fitness.eu\\\/fr\\\/produit\\\/serie-evolve-econ-adduction-debout-avec-plateau-ec-110\\\/\"]}]},{\"@type\":\"ImageObject\",\"inLanguage\":\"fr-FR\",\"@id\":\"https:\\\/\\\/evolve-fitness.eu\\\/fr\\\/produit\\\/serie-evolve-econ-adduction-debout-avec-plateau-ec-110\\\/#primaryimage\",\"url\":\"https:\\\/\\\/evolve-fitness.eu\\\/wp-content\\\/uploads\\\/2025\\\/10\\\/Heading-19.png\",\"contentUrl\":\"https:\\\/\\\/evolve-fitness.eu\\\/wp-content\\\/uploads\\\/2025\\\/10\\\/Heading-19.png\",\"width\":810,\"height\":810},{\"@type\":\"BreadcrumbList\",\"@id\":\"https:\\\/\\\/evolve-fitness.eu\\\/fr\\\/produit\\\/serie-evolve-econ-adduction-debout-avec-plateau-ec-110\\\/#breadcrumb\",\"itemListElement\":[{\"@type\":\"ListItem\",\"position\":1,\"name\":\"Home\",\"item\":\"https:\\\/\\\/evolve-fitness.eu\\\/fr\\\/\"},{\"@type\":\"ListItem\",\"position\":2,\"name\":\"Produits\",\"item\":\"https:\\\/\\\/evolve-fitness.eu\\\/fr\\\/shop\\\/\"},{\"@type\":\"ListItem\",\"position\":3,\"name\":\"S\u00e9rie Evolve Econ &#8211; Adduction debout avec plateau (EC-110)\"}]},{\"@type\":\"WebSite\",\"@id\":\"https:\\\/\\\/evolve-fitness.eu\\\/fr\\\/#website\",\"url\":\"https:\\\/\\\/evolve-fitness.eu\\\/fr\\\/\",\"name\":\"Evolve\",\"description\":\"Your Evolved Gear Arrived\",\"publisher\":{\"@id\":\"https:\\\/\\\/evolve-fitness.eu\\\/fr\\\/#organization\"},\"potentialAction\":[{\"@type\":\"SearchAction\",\"target\":{\"@type\":\"EntryPoint\",\"urlTemplate\":\"https:\\\/\\\/evolve-fitness.eu\\\/fr\\\/?s={search_term_string}\"},\"query-input\":{\"@type\":\"PropertyValueSpecification\",\"valueRequired\":true,\"valueName\":\"search_term_string\"}}],\"inLanguage\":\"fr-FR\"},{\"@type\":\"Organization\",\"@id\":\"https:\\\/\\\/evolve-fitness.eu\\\/fr\\\/#organization\",\"name\":\"Evolve\",\"url\":\"https:\\\/\\\/evolve-fitness.eu\\\/fr\\\/\",\"logo\":{\"@type\":\"ImageObject\",\"inLanguage\":\"fr-FR\",\"@id\":\"https:\\\/\\\/evolve-fitness.eu\\\/fr\\\/#\\\/schema\\\/logo\\\/image\\\/\",\"url\":\"https:\\\/\\\/evolve-fitness.eu\\\/wp-content\\\/uploads\\\/2023\\\/05\\\/Evolve-logo.svg\",\"contentUrl\":\"https:\\\/\\\/evolve-fitness.eu\\\/wp-content\\\/uploads\\\/2023\\\/05\\\/Evolve-logo.svg\",\"width\":176,\"height\":20,\"caption\":\"Evolve\"},\"image\":{\"@id\":\"https:\\\/\\\/evolve-fitness.eu\\\/fr\\\/#\\\/schema\\\/logo\\\/image\\\/\"},\"sameAs\":[\"https:\\\/\\\/www.facebook.com\\\/EvolveFitnessEurope\"]}]}<\/script>\n<!-- \/ Yoast SEO plugin. -->","yoast_head_json":{"title":"S\u00e9rie Evolve Econ - Adduction debout avec plateau (EC-110) - Evolve","description":"L'adduction debout Evolve Econ Series Plate Loaded est con\u00e7ue pour renforcer et tonifier les muscles de l'int\u00e9rieur des cuisses gr\u00e2ce \u00e0 un mouvement contr\u00f4l\u00e9.","robots":{"index":"index","follow":"follow","max-snippet":"max-snippet:-1","max-image-preview":"max-image-preview:large","max-video-preview":"max-video-preview:-1"},"canonical":"https:\/\/evolve-fitness.eu\/fr\/produit\/serie-evolve-econ-adduction-debout-avec-plateau-ec-110\/","og_locale":"fr_FR","og_type":"article","og_title":"S\u00e9rie Evolve Econ - Adduction debout avec plateau (EC-110) - Evolve","og_description":"L'adduction debout Evolve Econ Series Plate Loaded est con\u00e7ue pour renforcer et tonifier les muscles de l'int\u00e9rieur des cuisses gr\u00e2ce \u00e0 un mouvement contr\u00f4l\u00e9.","og_url":"https:\/\/evolve-fitness.eu\/fr\/produit\/serie-evolve-econ-adduction-debout-avec-plateau-ec-110\/","og_site_name":"Evolve","article_publisher":"https:\/\/www.facebook.com\/EvolveFitnessEurope","og_image":[{"width":810,"height":810,"url":"https:\/\/evolve-fitness.eu\/wp-content\/uploads\/2025\/10\/Heading-19.png","type":"image\/png"}],"twitter_card":"summary_large_image","schema":{"@context":"https:\/\/schema.org","@graph":[{"@type":"WebPage","@id":"https:\/\/evolve-fitness.eu\/fr\/produit\/serie-evolve-econ-adduction-debout-avec-plateau-ec-110\/","url":"https:\/\/evolve-fitness.eu\/fr\/produit\/serie-evolve-econ-adduction-debout-avec-plateau-ec-110\/","name":"S\u00e9rie Evolve Econ - Adduction debout avec plateau (EC-110) - Evolve","isPartOf":{"@id":"https:\/\/evolve-fitness.eu\/fr\/#website"},"primaryImageOfPage":{"@id":"https:\/\/evolve-fitness.eu\/fr\/produit\/serie-evolve-econ-adduction-debout-avec-plateau-ec-110\/#primaryimage"},"image":{"@id":"https:\/\/evolve-fitness.eu\/fr\/produit\/serie-evolve-econ-adduction-debout-avec-plateau-ec-110\/#primaryimage"},"thumbnailUrl":"https:\/\/evolve-fitness.eu\/wp-content\/uploads\/2025\/10\/Heading-19.png","datePublished":"2025-10-14T10:21:23+00:00","description":"L'adduction debout Evolve Econ Series Plate Loaded est con\u00e7ue pour renforcer et tonifier les muscles de l'int\u00e9rieur des cuisses gr\u00e2ce \u00e0 un mouvement contr\u00f4l\u00e9.","breadcrumb":{"@id":"https:\/\/evolve-fitness.eu\/fr\/produit\/serie-evolve-econ-adduction-debout-avec-plateau-ec-110\/#breadcrumb"},"inLanguage":"fr-FR","potentialAction":[{"@type":"ReadAction","target":["https:\/\/evolve-fitness.eu\/fr\/produit\/serie-evolve-econ-adduction-debout-avec-plateau-ec-110\/"]}]},{"@type":"ImageObject","inLanguage":"fr-FR","@id":"https:\/\/evolve-fitness.eu\/fr\/produit\/serie-evolve-econ-adduction-debout-avec-plateau-ec-110\/#primaryimage","url":"https:\/\/evolve-fitness.eu\/wp-content\/uploads\/2025\/10\/Heading-19.png","contentUrl":"https:\/\/evolve-fitness.eu\/wp-content\/uploads\/2025\/10\/Heading-19.png","width":810,"height":810},{"@type":"BreadcrumbList","@id":"https:\/\/evolve-fitness.eu\/fr\/produit\/serie-evolve-econ-adduction-debout-avec-plateau-ec-110\/#breadcrumb","itemListElement":[{"@type":"ListItem","position":1,"name":"Home","item":"https:\/\/evolve-fitness.eu\/fr\/"},{"@type":"ListItem","position":2,"name":"Produits","item":"https:\/\/evolve-fitness.eu\/fr\/shop\/"},{"@type":"ListItem","position":3,"name":"S\u00e9rie Evolve Econ &#8211; Adduction debout avec plateau (EC-110)"}]},{"@type":"WebSite","@id":"https:\/\/evolve-fitness.eu\/fr\/#website","url":"https:\/\/evolve-fitness.eu\/fr\/","name":"Evolve","description":"Your Evolved Gear Arrived","publisher":{"@id":"https:\/\/evolve-fitness.eu\/fr\/#organization"},"potentialAction":[{"@type":"SearchAction","target":{"@type":"EntryPoint","urlTemplate":"https:\/\/evolve-fitness.eu\/fr\/?s={search_term_string}"},"query-input":{"@type":"PropertyValueSpecification","valueRequired":true,"valueName":"search_term_string"}}],"inLanguage":"fr-FR"},{"@type":"Organization","@id":"https:\/\/evolve-fitness.eu\/fr\/#organization","name":"Evolve","url":"https:\/\/evolve-fitness.eu\/fr\/","logo":{"@type":"ImageObject","inLanguage":"fr-FR","@id":"https:\/\/evolve-fitness.eu\/fr\/#\/schema\/logo\/image\/","url":"https:\/\/evolve-fitness.eu\/wp-content\/uploads\/2023\/05\/Evolve-logo.svg","contentUrl":"https:\/\/evolve-fitness.eu\/wp-content\/uploads\/2023\/05\/Evolve-logo.svg","width":176,"height":20,"caption":"Evolve"},"image":{"@id":"https:\/\/evolve-fitness.eu\/fr\/#\/schema\/logo\/image\/"},"sameAs":["https:\/\/www.facebook.com\/EvolveFitnessEurope"]}]}},"_links":{"self":[{"href":"https:\/\/evolve-fitness.eu\/fr\/wp-json\/wp\/v2\/product\/237885","targetHints":{"allow":["GET"]}}],"collection":[{"href":"https:\/\/evolve-fitness.eu\/fr\/wp-json\/wp\/v2\/product"}],"about":[{"href":"https:\/\/evolve-fitness.eu\/fr\/wp-json\/wp\/v2\/types\/product"}],"wp:featuredmedia":[{"embeddable":true,"href":"https:\/\/evolve-fitness.eu\/fr\/wp-json\/wp\/v2\/media\/237886"}],"wp:attachment":[{"href":"https:\/\/evolve-fitness.eu\/fr\/wp-json\/wp\/v2\/media?parent=237885"}],"wp:term":[{"taxonomy":"product_brand","embeddable":true,"href":"https:\/\/evolve-fitness.eu\/fr\/wp-json\/wp\/v2\/product_brand?post=237885"},{"taxonomy":"product_cat","embeddable":true,"href":"https:\/\/evolve-fitness.eu\/fr\/wp-json\/wp\/v2\/product_cat?post=237885"},{"taxonomy":"product_tag","embeddable":true,"href":"https:\/\/evolve-fitness.eu\/fr\/wp-json\/wp\/v2\/product_tag?post=237885"}],"curies":[{"name":"wp","href":"https:\/\/api.w.org\/{rel}","templated":true}]}}