{"id":238178,"date":"2025-03-19T08:27:59","date_gmt":"2025-03-19T06:27:59","guid":{"rendered":"https:\/\/evolve-fitness.eu\/product\/evolve-prime-series-squat-lunge-avec-charge-de-plaques-ev-pl-pr-008\/"},"modified":"2026-04-23T09:46:58","modified_gmt":"2026-04-23T06:46:58","slug":"evolve-prime-series-squat-lunge-avec-charge-de-plaques-ev-pl-pr-008","status":"publish","type":"product","link":"https:\/\/evolve-fitness.eu\/fr\/produit\/evolve-prime-series-squat-lunge-avec-charge-de-plaques-ev-pl-pr-008\/","title":{"rendered":"Evolve Prime Series Squat Lunge avec charge de plaques, EV-PL-PR-008"},"content":{"rendered":"\n<section class=\"wp-block-group alignfull has-lightgray-background-color has-background is-layout-constrained wp-block-group-is-layout-constrained\">\n<div class=\"wp-block-columns alignwide is-layout-flex wp-container-core-columns-is-layout-2edb0647 wp-block-columns-is-layout-flex\" style=\"margin-top:0;margin-bottom:0\">\n<div class=\"wp-block-column is-layout-flow wp-block-column-is-layout-flow\" style=\"flex-basis:33.33%\"><\/div>\n\n\n\n<div class=\"wp-block-column is-layout-flow wp-block-column-is-layout-flow\" style=\"flex-basis:66.66%\"><\/div>\n<\/div>\n<\/section>\n\n<section class=\"wp-block-group alignfull black-content has-white-color has-darkgray-background-color has-text-color has-background is-layout-constrained wp-block-group-is-layout-constrained\" style=\"padding-top:var(--wp--preset--spacing--section-bottom);padding-bottom:var(--wp--preset--spacing--section-bottom)\">\n<h3 class=\"wp-block-heading has-text-align-center\"><strong><strong>EVOLVE PLATE LOADED PRIME SERIES<\/strong><\/strong><\/h3>\n\n\n\n<p>Avec la s\u00e9rie Evolve Plate Loaded Prime, l&rsquo;excellence est la norme. Am\u00e9liorez votre entra\u00eenement musculaire avec des machines con\u00e7ues pour le confort, la durabilit\u00e9 et la performance. D\u00e9couvrez d\u00e8s aujourd&rsquo;hui l&rsquo;ensemble de la gamme et red\u00e9finissez votre parcours de remise en forme.  <\/p>\n\n\n\n<section class=\"wp-block-group alignfull black-content has-white-color has-darkgray-background-color has-text-color has-background is-layout-constrained wp-block-group-is-layout-constrained\" style=\"padding-top:var(--wp--preset--spacing--section-bottom);padding-bottom:var(--wp--preset--spacing--section-bottom)\">\n<div class=\"wp-block-columns alignwide mobile-reverse is-layout-flex wp-container-core-columns-is-layout-ca64bf2d wp-block-columns-is-layout-flex\" style=\"margin-bottom:var(--wp--preset--spacing--side-padding)\">\n<div class=\"wp-block-column is-vertically-aligned-center is-layout-flow wp-block-column-is-layout-flow\">\n<h3 class=\"wp-block-heading\" style=\"margin-bottom:var(--wp--preset--spacing--h-3-bottom)\"><strong><strong><strong>Am\u00e9liorer le bas du corps<\/strong><\/strong><\/strong><\/h3>\n\n\n\n<p><strong><em><strong>Force et stabilit\u00e9<\/strong><\/em><\/strong><\/p>\n\n\n\n<p style=\"margin-bottom:var(--wp--preset--spacing--tb-section-padding)\">L&rsquo;appareil <strong>Evolve Prime Series Squat Lunge \u00e0 plateau<\/strong> est con\u00e7u pour maximiser la force du bas du corps, l&rsquo;activation musculaire et les performances athl\u00e9tiques. Cette machine permet aux utilisateurs d&rsquo;effectuer des <strong>flexions et des fentes<\/strong> contr\u00f4l\u00e9es, ciblant efficacement les <strong>quadriceps, les ischio-jambiers, les fessiers et les mollets<\/strong>. Le mouvement guid\u00e9 assure une biom\u00e9canique appropri\u00e9e, r\u00e9duisant la tension sur les articulations tout en favorisant un engagement musculaire optimal. Que vous vous entra\u00eeniez pour la puissance explosive, la force fonctionnelle ou l&rsquo;endurance musculaire, cet \u00e9quipement constitue un moyen s\u00fbr et efficace de repousser vos limites.   <\/p>\n\n\n\n<h3 class=\"wp-block-heading\" style=\"margin-bottom:var(--wp--preset--spacing--h-3-bottom)\"><strong><strong><strong><strong><strong>Une formation polyvalente<\/strong><\/strong><\/strong><\/strong><\/strong><\/h3>\n\n\n\n<p><strong><em>pour tous les niveaux de condition physique<\/em><\/strong><\/p>\n\n\n\n<p>Ce syst\u00e8me \u00e0 plaques offre une r\u00e9sistance r\u00e9glable, ce qui le rend adapt\u00e9 aux d\u00e9butants comme aux plus exp\u00e9riment\u00e9s. En incorporant des mouvements unilat\u00e9raux comme les fentes, les utilisateurs peuvent corriger les d\u00e9s\u00e9quilibres musculaires et am\u00e9liorer la stabilit\u00e9 g\u00e9n\u00e9rale. Le <strong>Squat Lunge d&rsquo;Evolve Prime Series<\/strong> est id\u00e9al pour les athl\u00e8tes, les bodybuilders et les amateurs de fitness en g\u00e9n\u00e9ral qui cherchent \u00e0 am\u00e9liorer la force du bas du corps tout en renfor\u00e7ant l&rsquo;\u00e9quilibre et la coordination. Sa conception ergonomique garantit un entra\u00eenement confortable et efficace, ce qui en fait un compl\u00e9ment essentiel \u00e0 tout programme d&rsquo;entra\u00eenement musculaire.   <\/p>\n<\/div>\n\n\n\n<div class=\"wp-block-column is-vertically-aligned-center is-layout-flow wp-block-column-is-layout-flow\">\n<figure class=\"wp-block-image size-large\"><img loading=\"lazy\" decoding=\"async\" width=\"1024\" height=\"1024\" src=\"https:\/\/evolve-fitness.eu\/wp-content\/uploads\/2025\/03\/EV-PL-PR-008-Evolve-Prime-Series-Plate-Loaded-Squat-Lunge-Recovered-1024x1024.png\" alt=\"\" class=\"wp-image-187081\" srcset=\"https:\/\/evolve-fitness.eu\/wp-content\/uploads\/2025\/03\/EV-PL-PR-008-Evolve-Prime-Series-Plate-Loaded-Squat-Lunge-Recovered-1024x1024.png 1024w, https:\/\/evolve-fitness.eu\/wp-content\/uploads\/2025\/03\/EV-PL-PR-008-Evolve-Prime-Series-Plate-Loaded-Squat-Lunge-Recovered-300x300.png 300w, https:\/\/evolve-fitness.eu\/wp-content\/uploads\/2025\/03\/EV-PL-PR-008-Evolve-Prime-Series-Plate-Loaded-Squat-Lunge-Recovered-150x150.png 150w, https:\/\/evolve-fitness.eu\/wp-content\/uploads\/2025\/03\/EV-PL-PR-008-Evolve-Prime-Series-Plate-Loaded-Squat-Lunge-Recovered-768x768.png 768w, https:\/\/evolve-fitness.eu\/wp-content\/uploads\/2025\/03\/EV-PL-PR-008-Evolve-Prime-Series-Plate-Loaded-Squat-Lunge-Recovered-1536x1536.png 1536w, https:\/\/evolve-fitness.eu\/wp-content\/uploads\/2025\/03\/EV-PL-PR-008-Evolve-Prime-Series-Plate-Loaded-Squat-Lunge-Recovered-2048x2048.png 2048w, https:\/\/evolve-fitness.eu\/wp-content\/uploads\/2025\/03\/EV-PL-PR-008-Evolve-Prime-Series-Plate-Loaded-Squat-Lunge-Recovered-600x600.png 600w\" sizes=\"auto, (max-width: 1024px) 100vw, 1024px\" \/><\/figure>\n<\/div>\n<\/div>\n<\/section>\n<\/section>\n","protected":false},"excerpt":{"rendered":"<p>L&rsquo;Evolve Prime Series Plate Loaded Squat Lunge est un appareil d&rsquo;entra\u00eenement polyvalent pour le bas du corps, con\u00e7u pour maximiser la force, la stabilit\u00e9 et l&rsquo;activation musculaire. Gr\u00e2ce \u00e0 son syst\u00e8me de r\u00e9sistance \u00e0 plaques, il permet aux utilisateurs d&rsquo;effectuer des squats et des fentes avec des mouvements contr\u00f4l\u00e9s et une biom\u00e9canique optimale. Le repose-pieds ergonomique et le cadre robuste garantissent un positionnement correct, r\u00e9duisant la tension sur les articulations tout en ciblant efficacement les quadriceps, les fessiers et les ischio-jambiers. Id\u00e9ale pour un entra\u00eenement progressif de la force, cette machine constitue un moyen efficace de d\u00e9velopper la puissance et l&rsquo;endurance du bas du corps.   <\/p>\n","protected":false},"featured_media":187089,"template":"","meta":{"_acf_changed":false,"inline_featured_image":false},"product_brand":[],"product_cat":[5194,5195],"product_tag":[],"class_list":{"0":"post-238178","1":"product","2":"type-product","3":"status-publish","4":"has-post-thumbnail","6":"product_cat-machines-a-plateau","7":"product_cat-prime-series-plate-loaded-fr","9":"first","10":"instock","11":"shipping-taxable","12":"purchasable","13":"product-type-simple"},"acf":{"long_title":"Evolve Prime Series Squat Lunge avec charge de plaques, EV-PL-PR-008","subtitle":"","specifications":[{"label":"SKU","text_value":"EV-PL-PR-008","icon":"x"},{"label":"Dimensions","text_value":"1365 x 1720 x 880 mm","icon":"x"},{"label":"Poids","text_value":"90 kg","icon":"x"},{"label":"Protecteurs de sol durables","text_value":"","icon":"v"},{"label":"Peinture anticorrosion","text_value":"","icon":"v"},{"label":"Cadre m\u00e9tallique sans ar\u00eates vives","text_value":"","icon":"v"},{"label":"Rembourrage \u00e9pais","text_value":"","icon":"v"},{"label":"Poign\u00e9es antid\u00e9rapantes","text_value":"","icon":"v"},{"label":"Garantie","text_value":"2 ans","icon":"x"}],"product_frequently_asked_questions":null},"yoast_head":"<!-- This site is optimized with the Yoast SEO plugin v27.4 - https:\/\/yoast.com\/product\/yoast-seo-wordpress\/ -->\n<title>Evolve Prime Series Squat Lunge avec charge de plaques, EV-PL-PR-008 - Evolve<\/title>\n<meta name=\"description\" content=\"Le Squat Lunge d&#039;Evolve Prime Series est un appareil d&#039;entra\u00eenement polyvalent pour le bas du corps, con\u00e7u pour maximiser la force, la stabilit\u00e9 et l&#039;activation musculaire.\" \/>\n<meta name=\"robots\" content=\"index, follow, max-snippet:-1, max-image-preview:large, max-video-preview:-1\" \/>\n<link rel=\"canonical\" href=\"https:\/\/evolve-fitness.eu\/fr\/produit\/evolve-prime-series-squat-lunge-avec-charge-de-plaques-ev-pl-pr-008\/\" \/>\n<meta property=\"og:locale\" content=\"fr_FR\" \/>\n<meta property=\"og:type\" content=\"article\" \/>\n<meta property=\"og:title\" content=\"Evolve Prime Series Squat Lunge avec charge de plaques, EV-PL-PR-008 - Evolve\" \/>\n<meta property=\"og:description\" content=\"Le Squat Lunge d&#039;Evolve Prime Series est un appareil d&#039;entra\u00eenement polyvalent pour le bas du corps, con\u00e7u pour maximiser la force, la stabilit\u00e9 et l&#039;activation musculaire.\" \/>\n<meta property=\"og:url\" content=\"https:\/\/evolve-fitness.eu\/fr\/produit\/evolve-prime-series-squat-lunge-avec-charge-de-plaques-ev-pl-pr-008\/\" \/>\n<meta property=\"og:site_name\" content=\"Evolve\" \/>\n<meta property=\"article:publisher\" content=\"https:\/\/www.facebook.com\/EvolveFitnessEurope\" \/>\n<meta property=\"article:modified_time\" content=\"2026-04-23T06:46:58+00:00\" \/>\n<meta property=\"og:image\" content=\"https:\/\/evolve-fitness.eu\/wp-content\/uploads\/2025\/03\/EV-PL-PR-008-Evolve-Prime-Series-Plate-Loaded-Squat-Lunge-Recovered.png\" \/>\n\t<meta property=\"og:image:width\" content=\"3000\" \/>\n\t<meta property=\"og:image:height\" content=\"3000\" \/>\n\t<meta property=\"og:image:type\" content=\"image\/png\" \/>\n<meta name=\"twitter:card\" content=\"summary_large_image\" \/>\n<script type=\"application\/ld+json\" class=\"yoast-schema-graph\">{\"@context\":\"https:\\\/\\\/schema.org\",\"@graph\":[{\"@type\":\"WebPage\",\"@id\":\"https:\\\/\\\/evolve-fitness.eu\\\/fr\\\/produit\\\/evolve-prime-series-squat-lunge-avec-charge-de-plaques-ev-pl-pr-008\\\/\",\"url\":\"https:\\\/\\\/evolve-fitness.eu\\\/fr\\\/produit\\\/evolve-prime-series-squat-lunge-avec-charge-de-plaques-ev-pl-pr-008\\\/\",\"name\":\"Evolve Prime Series Squat Lunge avec charge de plaques, EV-PL-PR-008 - Evolve\",\"isPartOf\":{\"@id\":\"https:\\\/\\\/evolve-fitness.eu\\\/fr\\\/#website\"},\"primaryImageOfPage\":{\"@id\":\"https:\\\/\\\/evolve-fitness.eu\\\/fr\\\/produit\\\/evolve-prime-series-squat-lunge-avec-charge-de-plaques-ev-pl-pr-008\\\/#primaryimage\"},\"image\":{\"@id\":\"https:\\\/\\\/evolve-fitness.eu\\\/fr\\\/produit\\\/evolve-prime-series-squat-lunge-avec-charge-de-plaques-ev-pl-pr-008\\\/#primaryimage\"},\"thumbnailUrl\":\"https:\\\/\\\/evolve-fitness.eu\\\/wp-content\\\/uploads\\\/2025\\\/03\\\/EV-PL-PR-008-Evolve-Prime-Series-Plate-Loaded-Squat-Lunge-Recovered.png\",\"datePublished\":\"2025-03-19T06:27:59+00:00\",\"dateModified\":\"2026-04-23T06:46:58+00:00\",\"description\":\"Le Squat Lunge d'Evolve Prime Series est un appareil d'entra\u00eenement polyvalent pour le bas du corps, con\u00e7u pour maximiser la force, la stabilit\u00e9 et l'activation musculaire.\",\"breadcrumb\":{\"@id\":\"https:\\\/\\\/evolve-fitness.eu\\\/fr\\\/produit\\\/evolve-prime-series-squat-lunge-avec-charge-de-plaques-ev-pl-pr-008\\\/#breadcrumb\"},\"inLanguage\":\"fr-FR\",\"potentialAction\":[{\"@type\":\"ReadAction\",\"target\":[\"https:\\\/\\\/evolve-fitness.eu\\\/fr\\\/produit\\\/evolve-prime-series-squat-lunge-avec-charge-de-plaques-ev-pl-pr-008\\\/\"]}]},{\"@type\":\"ImageObject\",\"inLanguage\":\"fr-FR\",\"@id\":\"https:\\\/\\\/evolve-fitness.eu\\\/fr\\\/produit\\\/evolve-prime-series-squat-lunge-avec-charge-de-plaques-ev-pl-pr-008\\\/#primaryimage\",\"url\":\"https:\\\/\\\/evolve-fitness.eu\\\/wp-content\\\/uploads\\\/2025\\\/03\\\/EV-PL-PR-008-Evolve-Prime-Series-Plate-Loaded-Squat-Lunge-Recovered.png\",\"contentUrl\":\"https:\\\/\\\/evolve-fitness.eu\\\/wp-content\\\/uploads\\\/2025\\\/03\\\/EV-PL-PR-008-Evolve-Prime-Series-Plate-Loaded-Squat-Lunge-Recovered.png\",\"width\":3000,\"height\":3000},{\"@type\":\"BreadcrumbList\",\"@id\":\"https:\\\/\\\/evolve-fitness.eu\\\/fr\\\/produit\\\/evolve-prime-series-squat-lunge-avec-charge-de-plaques-ev-pl-pr-008\\\/#breadcrumb\",\"itemListElement\":[{\"@type\":\"ListItem\",\"position\":1,\"name\":\"Home\",\"item\":\"https:\\\/\\\/evolve-fitness.eu\\\/fr\\\/\"},{\"@type\":\"ListItem\",\"position\":2,\"name\":\"Produits\",\"item\":\"https:\\\/\\\/evolve-fitness.eu\\\/fr\\\/shop\\\/\"},{\"@type\":\"ListItem\",\"position\":3,\"name\":\"Evolve Prime Series Squat Lunge avec charge de plaques, EV-PL-PR-008\"}]},{\"@type\":\"WebSite\",\"@id\":\"https:\\\/\\\/evolve-fitness.eu\\\/fr\\\/#website\",\"url\":\"https:\\\/\\\/evolve-fitness.eu\\\/fr\\\/\",\"name\":\"Evolve\",\"description\":\"Your Evolved Gear Arrived\",\"publisher\":{\"@id\":\"https:\\\/\\\/evolve-fitness.eu\\\/fr\\\/#organization\"},\"potentialAction\":[{\"@type\":\"SearchAction\",\"target\":{\"@type\":\"EntryPoint\",\"urlTemplate\":\"https:\\\/\\\/evolve-fitness.eu\\\/fr\\\/?s={search_term_string}\"},\"query-input\":{\"@type\":\"PropertyValueSpecification\",\"valueRequired\":true,\"valueName\":\"search_term_string\"}}],\"inLanguage\":\"fr-FR\"},{\"@type\":\"Organization\",\"@id\":\"https:\\\/\\\/evolve-fitness.eu\\\/fr\\\/#organization\",\"name\":\"Evolve\",\"url\":\"https:\\\/\\\/evolve-fitness.eu\\\/fr\\\/\",\"logo\":{\"@type\":\"ImageObject\",\"inLanguage\":\"fr-FR\",\"@id\":\"https:\\\/\\\/evolve-fitness.eu\\\/fr\\\/#\\\/schema\\\/logo\\\/image\\\/\",\"url\":\"https:\\\/\\\/evolve-fitness.eu\\\/wp-content\\\/uploads\\\/2023\\\/05\\\/Evolve-logo.svg\",\"contentUrl\":\"https:\\\/\\\/evolve-fitness.eu\\\/wp-content\\\/uploads\\\/2023\\\/05\\\/Evolve-logo.svg\",\"width\":176,\"height\":20,\"caption\":\"Evolve\"},\"image\":{\"@id\":\"https:\\\/\\\/evolve-fitness.eu\\\/fr\\\/#\\\/schema\\\/logo\\\/image\\\/\"},\"sameAs\":[\"https:\\\/\\\/www.facebook.com\\\/EvolveFitnessEurope\"]}]}<\/script>\n<!-- \/ Yoast SEO plugin. -->","yoast_head_json":{"title":"Evolve Prime Series Squat Lunge avec charge de plaques, EV-PL-PR-008 - Evolve","description":"Le Squat Lunge d'Evolve Prime Series est un appareil d'entra\u00eenement polyvalent pour le bas du corps, con\u00e7u pour maximiser la force, la stabilit\u00e9 et l'activation musculaire.","robots":{"index":"index","follow":"follow","max-snippet":"max-snippet:-1","max-image-preview":"max-image-preview:large","max-video-preview":"max-video-preview:-1"},"canonical":"https:\/\/evolve-fitness.eu\/fr\/produit\/evolve-prime-series-squat-lunge-avec-charge-de-plaques-ev-pl-pr-008\/","og_locale":"fr_FR","og_type":"article","og_title":"Evolve Prime Series Squat Lunge avec charge de plaques, EV-PL-PR-008 - Evolve","og_description":"Le Squat Lunge d'Evolve Prime Series est un appareil d'entra\u00eenement polyvalent pour le bas du corps, con\u00e7u pour maximiser la force, la stabilit\u00e9 et l'activation musculaire.","og_url":"https:\/\/evolve-fitness.eu\/fr\/produit\/evolve-prime-series-squat-lunge-avec-charge-de-plaques-ev-pl-pr-008\/","og_site_name":"Evolve","article_publisher":"https:\/\/www.facebook.com\/EvolveFitnessEurope","article_modified_time":"2026-04-23T06:46:58+00:00","og_image":[{"width":3000,"height":3000,"url":"https:\/\/evolve-fitness.eu\/wp-content\/uploads\/2025\/03\/EV-PL-PR-008-Evolve-Prime-Series-Plate-Loaded-Squat-Lunge-Recovered.png","type":"image\/png"}],"twitter_card":"summary_large_image","schema":{"@context":"https:\/\/schema.org","@graph":[{"@type":"WebPage","@id":"https:\/\/evolve-fitness.eu\/fr\/produit\/evolve-prime-series-squat-lunge-avec-charge-de-plaques-ev-pl-pr-008\/","url":"https:\/\/evolve-fitness.eu\/fr\/produit\/evolve-prime-series-squat-lunge-avec-charge-de-plaques-ev-pl-pr-008\/","name":"Evolve Prime Series Squat Lunge avec charge de plaques, EV-PL-PR-008 - Evolve","isPartOf":{"@id":"https:\/\/evolve-fitness.eu\/fr\/#website"},"primaryImageOfPage":{"@id":"https:\/\/evolve-fitness.eu\/fr\/produit\/evolve-prime-series-squat-lunge-avec-charge-de-plaques-ev-pl-pr-008\/#primaryimage"},"image":{"@id":"https:\/\/evolve-fitness.eu\/fr\/produit\/evolve-prime-series-squat-lunge-avec-charge-de-plaques-ev-pl-pr-008\/#primaryimage"},"thumbnailUrl":"https:\/\/evolve-fitness.eu\/wp-content\/uploads\/2025\/03\/EV-PL-PR-008-Evolve-Prime-Series-Plate-Loaded-Squat-Lunge-Recovered.png","datePublished":"2025-03-19T06:27:59+00:00","dateModified":"2026-04-23T06:46:58+00:00","description":"Le Squat Lunge d'Evolve Prime Series est un appareil d'entra\u00eenement polyvalent pour le bas du corps, con\u00e7u pour maximiser la force, la stabilit\u00e9 et l'activation musculaire.","breadcrumb":{"@id":"https:\/\/evolve-fitness.eu\/fr\/produit\/evolve-prime-series-squat-lunge-avec-charge-de-plaques-ev-pl-pr-008\/#breadcrumb"},"inLanguage":"fr-FR","potentialAction":[{"@type":"ReadAction","target":["https:\/\/evolve-fitness.eu\/fr\/produit\/evolve-prime-series-squat-lunge-avec-charge-de-plaques-ev-pl-pr-008\/"]}]},{"@type":"ImageObject","inLanguage":"fr-FR","@id":"https:\/\/evolve-fitness.eu\/fr\/produit\/evolve-prime-series-squat-lunge-avec-charge-de-plaques-ev-pl-pr-008\/#primaryimage","url":"https:\/\/evolve-fitness.eu\/wp-content\/uploads\/2025\/03\/EV-PL-PR-008-Evolve-Prime-Series-Plate-Loaded-Squat-Lunge-Recovered.png","contentUrl":"https:\/\/evolve-fitness.eu\/wp-content\/uploads\/2025\/03\/EV-PL-PR-008-Evolve-Prime-Series-Plate-Loaded-Squat-Lunge-Recovered.png","width":3000,"height":3000},{"@type":"BreadcrumbList","@id":"https:\/\/evolve-fitness.eu\/fr\/produit\/evolve-prime-series-squat-lunge-avec-charge-de-plaques-ev-pl-pr-008\/#breadcrumb","itemListElement":[{"@type":"ListItem","position":1,"name":"Home","item":"https:\/\/evolve-fitness.eu\/fr\/"},{"@type":"ListItem","position":2,"name":"Produits","item":"https:\/\/evolve-fitness.eu\/fr\/shop\/"},{"@type":"ListItem","position":3,"name":"Evolve Prime Series Squat Lunge avec charge de plaques, EV-PL-PR-008"}]},{"@type":"WebSite","@id":"https:\/\/evolve-fitness.eu\/fr\/#website","url":"https:\/\/evolve-fitness.eu\/fr\/","name":"Evolve","description":"Your Evolved Gear Arrived","publisher":{"@id":"https:\/\/evolve-fitness.eu\/fr\/#organization"},"potentialAction":[{"@type":"SearchAction","target":{"@type":"EntryPoint","urlTemplate":"https:\/\/evolve-fitness.eu\/fr\/?s={search_term_string}"},"query-input":{"@type":"PropertyValueSpecification","valueRequired":true,"valueName":"search_term_string"}}],"inLanguage":"fr-FR"},{"@type":"Organization","@id":"https:\/\/evolve-fitness.eu\/fr\/#organization","name":"Evolve","url":"https:\/\/evolve-fitness.eu\/fr\/","logo":{"@type":"ImageObject","inLanguage":"fr-FR","@id":"https:\/\/evolve-fitness.eu\/fr\/#\/schema\/logo\/image\/","url":"https:\/\/evolve-fitness.eu\/wp-content\/uploads\/2023\/05\/Evolve-logo.svg","contentUrl":"https:\/\/evolve-fitness.eu\/wp-content\/uploads\/2023\/05\/Evolve-logo.svg","width":176,"height":20,"caption":"Evolve"},"image":{"@id":"https:\/\/evolve-fitness.eu\/fr\/#\/schema\/logo\/image\/"},"sameAs":["https:\/\/www.facebook.com\/EvolveFitnessEurope"]}]}},"_links":{"self":[{"href":"https:\/\/evolve-fitness.eu\/fr\/wp-json\/wp\/v2\/product\/238178","targetHints":{"allow":["GET"]}}],"collection":[{"href":"https:\/\/evolve-fitness.eu\/fr\/wp-json\/wp\/v2\/product"}],"about":[{"href":"https:\/\/evolve-fitness.eu\/fr\/wp-json\/wp\/v2\/types\/product"}],"wp:featuredmedia":[{"embeddable":true,"href":"https:\/\/evolve-fitness.eu\/fr\/wp-json\/wp\/v2\/media\/187089"}],"wp:attachment":[{"href":"https:\/\/evolve-fitness.eu\/fr\/wp-json\/wp\/v2\/media?parent=238178"}],"wp:term":[{"taxonomy":"product_brand","embeddable":true,"href":"https:\/\/evolve-fitness.eu\/fr\/wp-json\/wp\/v2\/product_brand?post=238178"},{"taxonomy":"product_cat","embeddable":true,"href":"https:\/\/evolve-fitness.eu\/fr\/wp-json\/wp\/v2\/product_cat?post=238178"},{"taxonomy":"product_tag","embeddable":true,"href":"https:\/\/evolve-fitness.eu\/fr\/wp-json\/wp\/v2\/product_tag?post=238178"}],"curies":[{"name":"wp","href":"https:\/\/api.w.org\/{rel}","templated":true}]}}