{"id":238524,"date":"2023-11-15T11:38:39","date_gmt":"2023-11-15T09:38:39","guid":{"rendered":"https:\/\/evolve-fitness.eu\/product\/support-dhalteres-evolve-studio-2\/"},"modified":"2026-04-23T09:54:33","modified_gmt":"2026-04-23T06:54:33","slug":"support-dhalteres-evolve-studio-2","status":"publish","type":"product","link":"https:\/\/evolve-fitness.eu\/fr\/produit\/support-dhalteres-evolve-studio-2\/","title":{"rendered":"Support d&rsquo;halt\u00e8res Evolve Studio"},"content":{"rendered":"\n<section class=\"wp-block-group alignfull black-content has-white-color has-darkgray-background-color has-text-color has-background is-layout-constrained wp-block-group-is-layout-constrained\" style=\"padding-top:var(--wp--preset--spacing--section-bottom);padding-bottom:var(--wp--preset--spacing--section-bottom)\">\n<p class=\"has-text-align-center has-medium-2-font-size\" style=\"padding-top:var(--wp--preset--spacing--tb-padding);padding-bottom:var(--wp--preset--spacing--tb-padding)\"><strong>Maximiser l&rsquo;efficacit\u00e9 de votre spa et de votre salle de fitness gr\u00e2ce \u00e0 l&rsquo;\u00e9quipement d&rsquo;a\u00e9robic de l&rsquo;Evolve Studio <\/strong><\/p>\n\n\n\n<p>Transforma\u021bi-v\u0103 studioul de fitness sau sala de gimnastic\u0103 de acas\u0103 cu <strong>suportul pentru haltere aerobice Evolve<\/strong>, proiectat \u00een mod expert pentru a \u00eembun\u0103t\u0103\u021bi organizarea \u0219i accesibilitatea. Designul vertical eficient din punct de vedere al spa\u021biului al suportului nostru \u00eel face un accesoriu ideal pentru studiourile de fitness, centrele de wellness \u0219i spa\u021biile de antrenament la domiciliu, g\u0103zduind diverse haltere aerobice \u0219i de vinil. <\/p>\n\n\n\n<div class=\"wp-block-columns alignwide mobile-reverse is-layout-flex wp-container-core-columns-is-layout-ca64bf2d wp-block-columns-is-layout-flex\" style=\"margin-bottom:var(--wp--preset--spacing--side-padding)\">\n<div class=\"wp-block-column is-vertically-aligned-center is-layout-flow wp-block-column-is-layout-flow\">\n<h3 class=\"wp-block-heading\" style=\"margin-bottom:var(--wp--preset--spacing--h-3-bottom)\"><strong>\n  <strong>\n    <strong>\n      <strong>\n        <strong>\n          <strong>\n            <strong>\n              <strong>\n                <strong>\n                  <strong>Caract\u00e9ristiques techniques<\/strong>\n                <\/strong>\n              <\/strong>\n            <\/strong>\n          <\/strong>\n        <\/strong>\n      <\/strong>\n    <\/strong>\n  <\/strong>\n<\/strong>:<\/h3>\n\n\n\n<ul class=\"wp-block-list\">\n<li><strong>Design de economisire a spa\u021biului :<\/strong> Structura vertical\u0103 a raftului pentru haltere Evolve permite o depozitare maxim\u0103 f\u0103r\u0103 a sacrifica spa\u021biul pe podea, perfect pentru zonele compacte.<\/li>\n\n\n\n<li><strong>Mobilitate u\u0219oar\u0103 :<\/strong> Echipat cu patru ro\u021bi robuste cu fr\u00e2ne sigure, acest suport poate fi deplasat \u0219i pozi\u021bionat f\u0103r\u0103 efort, oferind un confort de neegalat.<\/li>\n\n\n\n<li><strong>Construc\u021bie durabil\u0103 :<\/strong> Suportul est un cadru acoperit cu pulbere, asigur\u00e2nd longevitate \u0219i rezisten\u021b\u0103 la uzur\u0103, potrivit pentru mediile de fitness riguroase.<\/li>\n\n\n\n<li><strong>Stabil \u0219i compact :<\/strong> Cadrul s\u0103u stabil ofer\u0103 o solu\u021bie de depozitare sigur\u0103, p\u0103str\u00e2nd zona de antrenament \u00eengrijit\u0103 \u0219i organizat\u0103.<\/li>\n<\/ul>\n<\/div>\n\n\n\n<div class=\"wp-block-column is-vertically-aligned-center is-layout-flow wp-block-column-is-layout-flow\">\n<figure class=\"wp-block-video\"><video height=\"2160\" style=\"aspect-ratio: 3840 \/ 2160;\" width=\"3840\" autoplay=\"\" controls=\"\" loop=\"\" muted=\"\" src=\"https:\/\/evolve-fitness.eu\/wp-content\/uploads\/2023\/12\/1-2.mp4\"><\/video><\/figure>\n<\/div>\n<\/div>\n\n\n\n<div class=\"wp-block-columns alignwide is-layout-flex wp-container-core-columns-is-layout-c45ee707 wp-block-columns-is-layout-flex\" style=\"margin-bottom:var(--wp--preset--spacing--side-padding);padding-top:var(--wp--preset--spacing--side-padding)\">\n<div class=\"wp-block-column is-vertically-aligned-center is-layout-flow wp-block-column-is-layout-flow\">\n<figure class=\"wp-block-video\"><video height=\"2160\" style=\"aspect-ratio: 3840 \/ 2160;\" width=\"3840\" autoplay=\"\" controls=\"\" loop=\"\" muted=\"\" src=\"https:\/\/evolve-fitness.eu\/wp-content\/uploads\/2023\/12\/2-2.mp4\"><\/video><\/figure>\n<\/div>\n\n\n\n<div class=\"wp-block-column is-vertically-aligned-center is-layout-constrained wp-block-column-is-layout-constrained\">\n<h3 class=\"wp-block-heading\" style=\"margin-bottom:var(--wp--preset--spacing--h-3-bottom)\"><strong><strong><strong><strong><strong><strong><strong><strong><strong><strong>De ce s\u0103 alege\u021bi raftul pentru haltere Evolve Aerobic ?<\/strong><\/strong><\/strong><\/strong><\/strong><\/strong><\/strong><\/strong><\/strong><\/strong><\/h3>\n\n\n\n<p>Ce support n&rsquo;est pas une solution de d\u00e9pozitare ; il s&rsquo;agit d&rsquo;un accessoire pour la remise en forme. Fie c\u0103 este vorba de un centru de fitness profesionist sau de o sal\u0103 de gimnastic\u0103 personal\u0103, suportul nostru asigur\u0103 c\u0103 ganterele dvs. sunt \u00eentotdeauna la \u00eendem\u00e2n\u0103, organizate \u0219i depozitate \u00een siguran\u021b\u0103. Designul s\u0103u elegant \u0219i mobilitatea u\u0219oar\u0103 \u00eel fac o alegere de top pentru entuzia\u0219tii \u0219i profesioni\u0219tii de fitness.    <\/p>\n<\/div>\n<\/div>\n\n\n\n<p class=\"has-text-align-center has-medium-2-font-size\">Investi\u021bi \u00een <strong>suportul pentru gantere Evolve Studio<\/strong> \u0219i experimenta\u021bi combina\u021bia perfect\u0103 de func\u021bionalitate, durabilitate \u0219i stil. Comanda\u021bi acum \u0219i ridica\u021bi spa\u021biul de fitness ! <\/p>\n<\/section>\n","protected":false},"excerpt":{"rendered":"<p>Ridica\u021bi spa\u021biul de fitness cu suportul pentru haltere aerobice Evolve (EV-RS-SD-500), o solu\u021bie mobil\u0103 \u0219i eficient\u0103 din punct de vedere al spa\u021biului pentru organizarea halterelor aerobice \u0219i de vinil. Designul s\u0103u vertical, compact \u0219i cadrul acoperit cu pulbere \u00eel fac ideal pentru studiourile de fitness \u0219i s\u0103lile de sport de acas\u0103, \u00een timp ce greutatea de 34 kg asigur\u0103 stabilitate. Equip\u00e9 d&rsquo;une housse de transport et d&rsquo;une garantie de bonne fin, ce support est un outil parfait de fonctionnalit\u00e9 et de durabilit\u00e9 pour les personnes qui pratiquent le fitness et qui ont besoin d&rsquo;un moyen de locomotion efficace et accessible.  <\/p>\n","protected":false},"featured_media":0,"template":"","meta":{"_acf_changed":false,"inline_featured_image":false},"product_brand":[],"product_cat":[13034],"product_tag":[],"class_list":{"0":"post-238524","1":"product","2":"type-product","3":"status-publish","5":"product_cat-hyrox-gear","7":"first","8":"instock","9":"shipping-taxable","10":"purchasable","11":"product-type-simple"},"acf":{"long_title":"","subtitle":"","specifications":null,"product_frequently_asked_questions":null},"yoast_head":"<!-- This site is optimized with the Yoast SEO plugin v27.4 - https:\/\/yoast.com\/product\/yoast-seo-wordpress\/ -->\n<title>Support d&#039;halt\u00e8res Evolve Studio - Evolve<\/title>\n<meta name=\"robots\" content=\"index, follow, max-snippet:-1, max-image-preview:large, max-video-preview:-1\" \/>\n<link rel=\"canonical\" href=\"https:\/\/evolve-fitness.eu\/fr\/produit\/support-dhalteres-evolve-studio-2\/\" \/>\n<meta property=\"og:locale\" content=\"fr_FR\" \/>\n<meta property=\"og:type\" content=\"article\" \/>\n<meta property=\"og:title\" content=\"Support d&#039;halt\u00e8res Evolve Studio - Evolve\" \/>\n<meta property=\"og:url\" content=\"https:\/\/evolve-fitness.eu\/fr\/produit\/support-dhalteres-evolve-studio-2\/\" \/>\n<meta property=\"og:site_name\" content=\"Evolve\" \/>\n<meta property=\"article:publisher\" content=\"https:\/\/www.facebook.com\/EvolveFitnessEurope\" \/>\n<meta property=\"article:modified_time\" content=\"2026-04-23T06:54:33+00:00\" \/>\n<meta name=\"twitter:card\" content=\"summary_large_image\" \/>\n<script type=\"application\/ld+json\" class=\"yoast-schema-graph\">{\"@context\":\"https:\\\/\\\/schema.org\",\"@graph\":[{\"@type\":\"WebPage\",\"@id\":\"https:\\\/\\\/evolve-fitness.eu\\\/fr\\\/produit\\\/support-dhalteres-evolve-studio-2\\\/\",\"url\":\"https:\\\/\\\/evolve-fitness.eu\\\/fr\\\/produit\\\/support-dhalteres-evolve-studio-2\\\/\",\"name\":\"Support d'halt\u00e8res Evolve Studio - Evolve\",\"isPartOf\":{\"@id\":\"https:\\\/\\\/evolve-fitness.eu\\\/fr\\\/#website\"},\"datePublished\":\"2023-11-15T09:38:39+00:00\",\"dateModified\":\"2026-04-23T06:54:33+00:00\",\"breadcrumb\":{\"@id\":\"https:\\\/\\\/evolve-fitness.eu\\\/fr\\\/produit\\\/support-dhalteres-evolve-studio-2\\\/#breadcrumb\"},\"inLanguage\":\"fr-FR\",\"potentialAction\":[{\"@type\":\"ReadAction\",\"target\":[\"https:\\\/\\\/evolve-fitness.eu\\\/fr\\\/produit\\\/support-dhalteres-evolve-studio-2\\\/\"]}]},{\"@type\":\"BreadcrumbList\",\"@id\":\"https:\\\/\\\/evolve-fitness.eu\\\/fr\\\/produit\\\/support-dhalteres-evolve-studio-2\\\/#breadcrumb\",\"itemListElement\":[{\"@type\":\"ListItem\",\"position\":1,\"name\":\"Home\",\"item\":\"https:\\\/\\\/evolve-fitness.eu\\\/fr\\\/\"},{\"@type\":\"ListItem\",\"position\":2,\"name\":\"Produits\",\"item\":\"https:\\\/\\\/evolve-fitness.eu\\\/fr\\\/shop\\\/\"},{\"@type\":\"ListItem\",\"position\":3,\"name\":\"Support d&#8217;halt\u00e8res Evolve Studio\"}]},{\"@type\":\"WebSite\",\"@id\":\"https:\\\/\\\/evolve-fitness.eu\\\/fr\\\/#website\",\"url\":\"https:\\\/\\\/evolve-fitness.eu\\\/fr\\\/\",\"name\":\"Evolve\",\"description\":\"Your Evolved Gear Arrived\",\"publisher\":{\"@id\":\"https:\\\/\\\/evolve-fitness.eu\\\/fr\\\/#organization\"},\"potentialAction\":[{\"@type\":\"SearchAction\",\"target\":{\"@type\":\"EntryPoint\",\"urlTemplate\":\"https:\\\/\\\/evolve-fitness.eu\\\/fr\\\/?s={search_term_string}\"},\"query-input\":{\"@type\":\"PropertyValueSpecification\",\"valueRequired\":true,\"valueName\":\"search_term_string\"}}],\"inLanguage\":\"fr-FR\"},{\"@type\":\"Organization\",\"@id\":\"https:\\\/\\\/evolve-fitness.eu\\\/fr\\\/#organization\",\"name\":\"Evolve\",\"url\":\"https:\\\/\\\/evolve-fitness.eu\\\/fr\\\/\",\"logo\":{\"@type\":\"ImageObject\",\"inLanguage\":\"fr-FR\",\"@id\":\"https:\\\/\\\/evolve-fitness.eu\\\/fr\\\/#\\\/schema\\\/logo\\\/image\\\/\",\"url\":\"https:\\\/\\\/evolve-fitness.eu\\\/wp-content\\\/uploads\\\/2023\\\/05\\\/Evolve-logo.svg\",\"contentUrl\":\"https:\\\/\\\/evolve-fitness.eu\\\/wp-content\\\/uploads\\\/2023\\\/05\\\/Evolve-logo.svg\",\"width\":176,\"height\":20,\"caption\":\"Evolve\"},\"image\":{\"@id\":\"https:\\\/\\\/evolve-fitness.eu\\\/fr\\\/#\\\/schema\\\/logo\\\/image\\\/\"},\"sameAs\":[\"https:\\\/\\\/www.facebook.com\\\/EvolveFitnessEurope\"]}]}<\/script>\n<!-- \/ Yoast SEO plugin. -->","yoast_head_json":{"title":"Support d'halt\u00e8res Evolve Studio - Evolve","robots":{"index":"index","follow":"follow","max-snippet":"max-snippet:-1","max-image-preview":"max-image-preview:large","max-video-preview":"max-video-preview:-1"},"canonical":"https:\/\/evolve-fitness.eu\/fr\/produit\/support-dhalteres-evolve-studio-2\/","og_locale":"fr_FR","og_type":"article","og_title":"Support d'halt\u00e8res Evolve Studio - Evolve","og_url":"https:\/\/evolve-fitness.eu\/fr\/produit\/support-dhalteres-evolve-studio-2\/","og_site_name":"Evolve","article_publisher":"https:\/\/www.facebook.com\/EvolveFitnessEurope","article_modified_time":"2026-04-23T06:54:33+00:00","twitter_card":"summary_large_image","schema":{"@context":"https:\/\/schema.org","@graph":[{"@type":"WebPage","@id":"https:\/\/evolve-fitness.eu\/fr\/produit\/support-dhalteres-evolve-studio-2\/","url":"https:\/\/evolve-fitness.eu\/fr\/produit\/support-dhalteres-evolve-studio-2\/","name":"Support d'halt\u00e8res Evolve Studio - Evolve","isPartOf":{"@id":"https:\/\/evolve-fitness.eu\/fr\/#website"},"datePublished":"2023-11-15T09:38:39+00:00","dateModified":"2026-04-23T06:54:33+00:00","breadcrumb":{"@id":"https:\/\/evolve-fitness.eu\/fr\/produit\/support-dhalteres-evolve-studio-2\/#breadcrumb"},"inLanguage":"fr-FR","potentialAction":[{"@type":"ReadAction","target":["https:\/\/evolve-fitness.eu\/fr\/produit\/support-dhalteres-evolve-studio-2\/"]}]},{"@type":"BreadcrumbList","@id":"https:\/\/evolve-fitness.eu\/fr\/produit\/support-dhalteres-evolve-studio-2\/#breadcrumb","itemListElement":[{"@type":"ListItem","position":1,"name":"Home","item":"https:\/\/evolve-fitness.eu\/fr\/"},{"@type":"ListItem","position":2,"name":"Produits","item":"https:\/\/evolve-fitness.eu\/fr\/shop\/"},{"@type":"ListItem","position":3,"name":"Support d&#8217;halt\u00e8res Evolve Studio"}]},{"@type":"WebSite","@id":"https:\/\/evolve-fitness.eu\/fr\/#website","url":"https:\/\/evolve-fitness.eu\/fr\/","name":"Evolve","description":"Your Evolved Gear Arrived","publisher":{"@id":"https:\/\/evolve-fitness.eu\/fr\/#organization"},"potentialAction":[{"@type":"SearchAction","target":{"@type":"EntryPoint","urlTemplate":"https:\/\/evolve-fitness.eu\/fr\/?s={search_term_string}"},"query-input":{"@type":"PropertyValueSpecification","valueRequired":true,"valueName":"search_term_string"}}],"inLanguage":"fr-FR"},{"@type":"Organization","@id":"https:\/\/evolve-fitness.eu\/fr\/#organization","name":"Evolve","url":"https:\/\/evolve-fitness.eu\/fr\/","logo":{"@type":"ImageObject","inLanguage":"fr-FR","@id":"https:\/\/evolve-fitness.eu\/fr\/#\/schema\/logo\/image\/","url":"https:\/\/evolve-fitness.eu\/wp-content\/uploads\/2023\/05\/Evolve-logo.svg","contentUrl":"https:\/\/evolve-fitness.eu\/wp-content\/uploads\/2023\/05\/Evolve-logo.svg","width":176,"height":20,"caption":"Evolve"},"image":{"@id":"https:\/\/evolve-fitness.eu\/fr\/#\/schema\/logo\/image\/"},"sameAs":["https:\/\/www.facebook.com\/EvolveFitnessEurope"]}]}},"_links":{"self":[{"href":"https:\/\/evolve-fitness.eu\/fr\/wp-json\/wp\/v2\/product\/238524","targetHints":{"allow":["GET"]}}],"collection":[{"href":"https:\/\/evolve-fitness.eu\/fr\/wp-json\/wp\/v2\/product"}],"about":[{"href":"https:\/\/evolve-fitness.eu\/fr\/wp-json\/wp\/v2\/types\/product"}],"wp:attachment":[{"href":"https:\/\/evolve-fitness.eu\/fr\/wp-json\/wp\/v2\/media?parent=238524"}],"wp:term":[{"taxonomy":"product_brand","embeddable":true,"href":"https:\/\/evolve-fitness.eu\/fr\/wp-json\/wp\/v2\/product_brand?post=238524"},{"taxonomy":"product_cat","embeddable":true,"href":"https:\/\/evolve-fitness.eu\/fr\/wp-json\/wp\/v2\/product_cat?post=238524"},{"taxonomy":"product_tag","embeddable":true,"href":"https:\/\/evolve-fitness.eu\/fr\/wp-json\/wp\/v2\/product_tag?post=238524"}],"curies":[{"name":"wp","href":"https:\/\/api.w.org\/{rel}","templated":true}]}}