{"id":24348,"date":"2023-11-15T10:26:35","date_gmt":"2023-11-15T10:26:35","guid":{"rendered":"https:\/\/evolve-fitness.eu\/product\/plaques-de-poids-evolve-arbre\/"},"modified":"2026-04-09T15:57:19","modified_gmt":"2026-04-09T12:57:19","slug":"plaques-de-poids-evolve-arbre","status":"publish","type":"product","link":"https:\/\/evolve-fitness.eu\/fr\/produit\/plaques-de-poids-evolve-arbre\/","title":{"rendered":"Arbre de plaques de poids Evolve (TR-266)"},"content":{"rendered":"\n<section class=\"wp-block-group alignfull black-content has-white-color has-darkgray-background-color has-text-color has-background is-layout-constrained wp-block-group-is-layout-constrained\" style=\"padding-top:var(--wp--preset--spacing--section-bottom);padding-bottom:var(--wp--preset--spacing--section-bottom)\">\n<p class=\"has-text-align-center has-medium-2-font-size\"><strong>Maximisez l&rsquo;espace de votre salle de sport<\/strong> &#8211; <strong>La solution de rangement ultime<\/strong><\/p>\n\n\n\n<p class=\"has-text-align-center has-medium-font-size\">Bienvenue dans le monde de l&rsquo;halt\u00e9rophilie efficace et organis\u00e9e avec l&rsquo;arbre \u00e0 plaques de poids Evolve. Con\u00e7u pour les plaques de poids olympiques, ce cadre vertical permet non seulement de gagner de la place, mais il est aussi un gage de durabilit\u00e9 et de s\u00e9curit\u00e9.<\/p>\n\n\n\n<div class=\"wp-block-columns alignwide mobile-reverse is-layout-flex wp-container-core-columns-is-layout-ca64bf2d wp-block-columns-is-layout-flex\" style=\"margin-bottom:var(--wp--preset--spacing--side-padding)\">\n<div class=\"wp-block-column is-vertically-aligned-center is-layout-flow wp-block-column-is-layout-flow\">\n<h3 class=\"wp-block-heading\" style=\"margin-bottom:var(--wp--preset--spacing--h-3-bottom)\"><strong><strong><strong><strong><strong><strong><strong><strong><strong>Une construction durable et p\u00e9renne<\/strong><\/strong><\/strong><\/strong><\/strong><\/strong><\/strong><\/strong><\/strong><\/h3>\n\n\n\n<p>Con\u00e7u pour durer, l&rsquo;arbre \u00e0 poids Evolve est dot\u00e9 d&rsquo;un cadre soud\u00e9 robuste combinant des tubes circulaires de \u230076 x 2,5 mm et des tubes rectangulaires de 50 x 100 x 3 mm. Ses \u00e9crous et ses boulons en acier inoxydable renforcent la stabilit\u00e9, ce qui le rend id\u00e9al pour les salles de sport commerciales tr\u00e8s fr\u00e9quent\u00e9es, les installations militaires, les centres de remise en forme dans les bureaux et les spas. La finition thermolaqu\u00e9e ajoute une esth\u00e9tique audacieuse tout en prot\u00e9geant des rayures et de la rouille.<\/p>\n<\/div>\n\n\n\n<div class=\"wp-block-column is-vertically-aligned-center is-layout-flow wp-block-column-is-layout-flow\">\n<figure class=\"wp-block-image alignright size-full is-resized is-style-rounded\"><img loading=\"lazy\" decoding=\"async\" width=\"1000\" height=\"1000\" src=\"https:\/\/evolve-fitness.eu\/wp-content\/uploads\/2023\/11\/EV-RS-TR-266-dim.png\" alt=\"\" class=\"wp-image-223246\" style=\"object-fit:cover;width:680px;height:600px\" srcset=\"https:\/\/evolve-fitness.eu\/wp-content\/uploads\/2023\/11\/EV-RS-TR-266-dim.png 1000w, https:\/\/evolve-fitness.eu\/wp-content\/uploads\/2023\/11\/EV-RS-TR-266-dim-300x300.png 300w, https:\/\/evolve-fitness.eu\/wp-content\/uploads\/2023\/11\/EV-RS-TR-266-dim-150x150.png 150w, https:\/\/evolve-fitness.eu\/wp-content\/uploads\/2023\/11\/EV-RS-TR-266-dim-768x768.png 768w, https:\/\/evolve-fitness.eu\/wp-content\/uploads\/2023\/11\/EV-RS-TR-266-dim-600x600.png 600w\" sizes=\"auto, (max-width: 1000px) 100vw, 1000px\" \/><\/figure>\n<\/div>\n<\/div>\n\n\n\n<div class=\"wp-block-columns alignwide is-layout-flex wp-container-core-columns-is-layout-c45ee707 wp-block-columns-is-layout-flex\" style=\"margin-bottom:var(--wp--preset--spacing--side-padding);padding-top:var(--wp--preset--spacing--side-padding)\">\n<div class=\"wp-block-column is-vertically-aligned-center is-layout-flow wp-block-column-is-layout-flow\">\n<figure class=\"wp-block-image size-full is-resized is-style-rounded\"><img loading=\"lazy\" decoding=\"async\" width=\"1707\" height=\"2560\" src=\"https:\/\/evolve-fitness.eu\/wp-content\/uploads\/2023\/11\/A7_03115-1-scaled.jpg\" alt=\"\" class=\"wp-image-222607\" style=\"aspect-ratio:1;object-fit:cover;width:680px\" srcset=\"https:\/\/evolve-fitness.eu\/wp-content\/uploads\/2023\/11\/A7_03115-1-scaled.jpg 1707w, https:\/\/evolve-fitness.eu\/wp-content\/uploads\/2023\/11\/A7_03115-1-200x300.jpg 200w, https:\/\/evolve-fitness.eu\/wp-content\/uploads\/2023\/11\/A7_03115-1-683x1024.jpg 683w, https:\/\/evolve-fitness.eu\/wp-content\/uploads\/2023\/11\/A7_03115-1-100x150.jpg 100w, https:\/\/evolve-fitness.eu\/wp-content\/uploads\/2023\/11\/A7_03115-1-768x1152.jpg 768w, https:\/\/evolve-fitness.eu\/wp-content\/uploads\/2023\/11\/A7_03115-1-1024x1536.jpg 1024w, https:\/\/evolve-fitness.eu\/wp-content\/uploads\/2023\/11\/A7_03115-1-1365x2048.jpg 1365w, https:\/\/evolve-fitness.eu\/wp-content\/uploads\/2023\/11\/A7_03115-1-300x450.jpg 300w, https:\/\/evolve-fitness.eu\/wp-content\/uploads\/2023\/11\/A7_03115-1-600x900.jpg 600w\" sizes=\"auto, (max-width: 1707px) 100vw, 1707px\" \/><\/figure>\n<\/div>\n\n\n\n<div class=\"wp-block-column is-vertically-aligned-center is-layout-constrained wp-block-column-is-layout-constrained\">\n<h3 class=\"wp-block-heading\" style=\"margin-bottom:var(--wp--preset--spacing--h-3-bottom)\"><strong><strong><strong><strong><strong><strong><strong><strong><strong>Conception pratique et peu encombrante<\/strong><\/strong><\/strong><\/strong><\/strong><\/strong><\/strong><\/strong><\/strong><\/h3>\n\n\n\n<p>Cette conception compacte et verticale n&rsquo;est pas seulement un gain de place, mais aussi le r\u00eave de tout organisateur. Facilement accessible et bien rang\u00e9, le rack permet de s\u00e9lectionner les poids sans probl\u00e8me. Il s&rsquo;agit d&rsquo;un compl\u00e9ment parfait pour toute salle de sport \u00e0 domicile ou dans un environnement commercial, garantissant que votre zone d&rsquo;entra\u00eenement reste libre de tout encombrement.<\/p>\n<\/div>\n<\/div>\n\n\n\n<div class=\"wp-block-columns alignwide is-layout-flex wp-container-core-columns-is-layout-c45ee707 wp-block-columns-is-layout-flex\" style=\"margin-bottom:var(--wp--preset--spacing--side-padding);padding-top:var(--wp--preset--spacing--side-padding)\">\n<div class=\"wp-block-column is-vertically-aligned-center is-layout-constrained wp-block-column-is-layout-constrained\">\n<h3 class=\"wp-block-heading\" style=\"margin-bottom:var(--wp--preset--spacing--h-3-bottom)\"><strong><strong><strong><strong><strong><strong><strong><strong><strong><strong>S\u00e9curit\u00e9 et stabilit\u00e9 sans compromis<\/strong><\/strong><\/strong><\/strong><\/strong><\/strong><\/strong><\/strong><\/strong><\/strong><\/h3>\n\n\n\n<p>Pour votre s\u00e9curit\u00e9, les barres d&rsquo;halt\u00e8res sont recouvertes d&rsquo;un mat\u00e9riau tr\u00e8s r\u00e9sistant \u00e0 l&rsquo;usure, conforme aux normes GB 17498-2008 et EU EN2057. Avec les certifications ROSH et REACH, vous pouvez \u00eatre assur\u00e9 de sa qualit\u00e9. Les couvre-pieds en PVC souple prot\u00e8gent vos sols et garantissent une bonne stabilit\u00e9 pendant les s\u00e9ances d&rsquo;entra\u00eenement intenses.<\/p>\n<\/div>\n\n\n\n<div class=\"wp-block-column is-vertically-aligned-center is-layout-flow wp-block-column-is-layout-flow\">\n<figure class=\"wp-block-image size-full is-resized is-style-rounded\"><img loading=\"lazy\" decoding=\"async\" width=\"973\" height=\"973\" src=\"https:\/\/evolve-fitness.eu\/wp-content\/uploads\/2023\/11\/Dizainas-be-pavadinimo-hgh-edited-1.png\" alt=\"\" class=\"wp-image-6002\" style=\"object-fit:cover;width:680px;height:600px\" srcset=\"https:\/\/evolve-fitness.eu\/wp-content\/uploads\/2023\/11\/Dizainas-be-pavadinimo-hgh-edited-1.png 973w, https:\/\/evolve-fitness.eu\/wp-content\/uploads\/2023\/11\/Dizainas-be-pavadinimo-hgh-edited-1-300x300.png 300w, https:\/\/evolve-fitness.eu\/wp-content\/uploads\/2023\/11\/Dizainas-be-pavadinimo-hgh-edited-1-150x150.png 150w, https:\/\/evolve-fitness.eu\/wp-content\/uploads\/2023\/11\/Dizainas-be-pavadinimo-hgh-edited-1-600x600.png 600w, https:\/\/evolve-fitness.eu\/wp-content\/uploads\/2023\/11\/Dizainas-be-pavadinimo-hgh-edited-1-768x768.png 768w\" sizes=\"auto, (max-width: 973px) 100vw, 973px\" \/><\/figure>\n<\/div>\n<\/div>\n<\/section>\n","protected":false},"excerpt":{"rendered":"<p>L&rsquo;arbre \u00e0 plaques de poids Evolve est le summum de l&rsquo;organisation et de la durabilit\u00e9 en salle de sport. Con\u00e7ue sp\u00e9cifiquement pour les plaques de poids olympiques, cette solution de stockage vertical est enti\u00e8rement compatible avec les poids olympiques standard utilis\u00e9s dans les salles de sport professionnelles et \u00e0 domicile. Elle est dot\u00e9e d&rsquo;un cadre robuste, soud\u00e9 de mani\u00e8re experte \u00e0 partir de mat\u00e9riaux tr\u00e8s r\u00e9sistants et recouvert d&rsquo;un rev\u00eatement en poudre \u00e9l\u00e9gant et r\u00e9sistant aux rayures. Id\u00e9ale pour les salles de sport commerciales et les amateurs de fitness \u00e0 domicile, elle garantit la s\u00e9curit\u00e9 gr\u00e2ce \u00e0 ses barres de protection r\u00e9sistantes \u00e0 l&rsquo;usure et \u00e0 ses pieds en PVC adapt\u00e9s au sol.  <\/p>\n<p>Sa conception compacte permet non seulement d&rsquo;\u00e9conomiser de l&rsquo;espace, mais aussi de ranger vos plaques olympiques et de les rendre facilement accessibles. Avec une capacit\u00e9 de charge maximale de 600 kg et une solide garantie de deux ans, l&rsquo;arbre \u00e0 plaques de poids Evolve est un compl\u00e9ment essentiel \u00e0 tout espace de fitness, offrant une stabilit\u00e9 exceptionnelle et un environnement sans encombrement. Am\u00e9liorez votre zone d&rsquo;entra\u00eenement avec cette solution de stockage \u00e9l\u00e9gante, efficace et durable.  <\/p>\n","protected":false},"featured_media":24351,"template":"","meta":{"_acf_changed":false,"inline_featured_image":false},"product_brand":[],"product_cat":[1452,2878],"product_tag":[],"class_list":{"0":"post-24348","1":"product","2":"type-product","3":"status-publish","4":"has-post-thumbnail","6":"product_cat-poids-libres","7":"product_cat-rayonnages-et-solutions-de-stockage","9":"first","10":"instock","11":"shipping-taxable","12":"purchasable","13":"product-type-simple"},"acf":{"long_title":"Arbre de plaques de poids Evolve (TR-266)","subtitle":"","specifications":[{"label":"SKU","text_value":"EV-RS-TR-266","icon":"x"},{"label":"Dimensions","text_value":"808 x 667 x 1319 mm","icon":"v"},{"label":"Poids","text_value":"24 kg","icon":"v"},{"label":"Charge maximale","text_value":"600 kg","icon":"v"},{"label":"Garantie","text_value":"2 ans","icon":"v"},{"label":"Cadre haut de gamme rev\u00eatu de poudre pour la durabilit\u00e9 et l'esth\u00e9tique","text_value":"","icon":"v"},{"label":"S\u00e9curit\u00e9 accrue gr\u00e2ce \u00e0 des mat\u00e9riaux de protection tr\u00e8s r\u00e9sistants","text_value":"","icon":"v"},{"label":"Couvre-pieds en PVC respectueux du sol.","text_value":"","icon":"v"},{"label":"Conception verticale \u00e0 faible encombrement pour une organisation optimale","text_value":"","icon":"v"}],"product_frequently_asked_questions":null},"yoast_head":"<!-- This site is optimized with the Yoast SEO plugin v27.4 - https:\/\/yoast.com\/product\/yoast-seo-wordpress\/ -->\n<title>Arbre de plaques de poids Evolve (TR-266) - Evolve<\/title>\n<meta name=\"robots\" content=\"index, follow, max-snippet:-1, max-image-preview:large, max-video-preview:-1\" \/>\n<link rel=\"canonical\" href=\"https:\/\/evolve-fitness.eu\/fr\/produit\/plaques-de-poids-evolve-arbre\/\" \/>\n<meta property=\"og:locale\" content=\"fr_FR\" \/>\n<meta property=\"og:type\" content=\"article\" \/>\n<meta property=\"og:title\" content=\"Arbre de plaques de poids Evolve (TR-266) - Evolve\" \/>\n<meta property=\"og:url\" content=\"https:\/\/evolve-fitness.eu\/fr\/produit\/plaques-de-poids-evolve-arbre\/\" \/>\n<meta property=\"og:site_name\" content=\"Evolve\" \/>\n<meta property=\"article:publisher\" content=\"https:\/\/www.facebook.com\/EvolveFitnessEurope\" \/>\n<meta property=\"article:modified_time\" content=\"2026-04-09T12:57:19+00:00\" \/>\n<meta property=\"og:image\" content=\"https:\/\/evolve-fitness.eu\/wp-content\/uploads\/2023\/11\/Evolve-Weight-Plates-Tree1.1.png\" \/>\n\t<meta property=\"og:image:width\" content=\"680\" \/>\n\t<meta property=\"og:image:height\" content=\"600\" \/>\n\t<meta property=\"og:image:type\" content=\"image\/png\" \/>\n<meta name=\"twitter:card\" content=\"summary_large_image\" \/>\n<script type=\"application\/ld+json\" class=\"yoast-schema-graph\">{\"@context\":\"https:\\\/\\\/schema.org\",\"@graph\":[{\"@type\":\"WebPage\",\"@id\":\"https:\\\/\\\/evolve-fitness.eu\\\/fr\\\/produit\\\/plaques-de-poids-evolve-arbre\\\/\",\"url\":\"https:\\\/\\\/evolve-fitness.eu\\\/fr\\\/produit\\\/plaques-de-poids-evolve-arbre\\\/\",\"name\":\"Arbre de plaques de poids Evolve (TR-266) - Evolve\",\"isPartOf\":{\"@id\":\"https:\\\/\\\/evolve-fitness.eu\\\/fr\\\/#website\"},\"primaryImageOfPage\":{\"@id\":\"https:\\\/\\\/evolve-fitness.eu\\\/fr\\\/produit\\\/plaques-de-poids-evolve-arbre\\\/#primaryimage\"},\"image\":{\"@id\":\"https:\\\/\\\/evolve-fitness.eu\\\/fr\\\/produit\\\/plaques-de-poids-evolve-arbre\\\/#primaryimage\"},\"thumbnailUrl\":\"https:\\\/\\\/evolve-fitness.eu\\\/wp-content\\\/uploads\\\/2023\\\/11\\\/Evolve-Weight-Plates-Tree1.1.png\",\"datePublished\":\"2023-11-15T10:26:35+00:00\",\"dateModified\":\"2026-04-09T12:57:19+00:00\",\"breadcrumb\":{\"@id\":\"https:\\\/\\\/evolve-fitness.eu\\\/fr\\\/produit\\\/plaques-de-poids-evolve-arbre\\\/#breadcrumb\"},\"inLanguage\":\"fr-FR\",\"potentialAction\":[{\"@type\":\"ReadAction\",\"target\":[\"https:\\\/\\\/evolve-fitness.eu\\\/fr\\\/produit\\\/plaques-de-poids-evolve-arbre\\\/\"]}]},{\"@type\":\"ImageObject\",\"inLanguage\":\"fr-FR\",\"@id\":\"https:\\\/\\\/evolve-fitness.eu\\\/fr\\\/produit\\\/plaques-de-poids-evolve-arbre\\\/#primaryimage\",\"url\":\"https:\\\/\\\/evolve-fitness.eu\\\/wp-content\\\/uploads\\\/2023\\\/11\\\/Evolve-Weight-Plates-Tree1.1.png\",\"contentUrl\":\"https:\\\/\\\/evolve-fitness.eu\\\/wp-content\\\/uploads\\\/2023\\\/11\\\/Evolve-Weight-Plates-Tree1.1.png\",\"width\":680,\"height\":600,\"caption\":\"EV-RS-TR-266\"},{\"@type\":\"BreadcrumbList\",\"@id\":\"https:\\\/\\\/evolve-fitness.eu\\\/fr\\\/produit\\\/plaques-de-poids-evolve-arbre\\\/#breadcrumb\",\"itemListElement\":[{\"@type\":\"ListItem\",\"position\":1,\"name\":\"Home\",\"item\":\"https:\\\/\\\/evolve-fitness.eu\\\/fr\\\/\"},{\"@type\":\"ListItem\",\"position\":2,\"name\":\"Produits\",\"item\":\"https:\\\/\\\/evolve-fitness.eu\\\/fr\\\/shop\\\/\"},{\"@type\":\"ListItem\",\"position\":3,\"name\":\"Arbre de plaques de poids Evolve (TR-266)\"}]},{\"@type\":\"WebSite\",\"@id\":\"https:\\\/\\\/evolve-fitness.eu\\\/fr\\\/#website\",\"url\":\"https:\\\/\\\/evolve-fitness.eu\\\/fr\\\/\",\"name\":\"Evolve\",\"description\":\"Your Evolved Gear Arrived\",\"publisher\":{\"@id\":\"https:\\\/\\\/evolve-fitness.eu\\\/fr\\\/#organization\"},\"potentialAction\":[{\"@type\":\"SearchAction\",\"target\":{\"@type\":\"EntryPoint\",\"urlTemplate\":\"https:\\\/\\\/evolve-fitness.eu\\\/fr\\\/?s={search_term_string}\"},\"query-input\":{\"@type\":\"PropertyValueSpecification\",\"valueRequired\":true,\"valueName\":\"search_term_string\"}}],\"inLanguage\":\"fr-FR\"},{\"@type\":\"Organization\",\"@id\":\"https:\\\/\\\/evolve-fitness.eu\\\/fr\\\/#organization\",\"name\":\"Evolve\",\"url\":\"https:\\\/\\\/evolve-fitness.eu\\\/fr\\\/\",\"logo\":{\"@type\":\"ImageObject\",\"inLanguage\":\"fr-FR\",\"@id\":\"https:\\\/\\\/evolve-fitness.eu\\\/fr\\\/#\\\/schema\\\/logo\\\/image\\\/\",\"url\":\"https:\\\/\\\/evolve-fitness.eu\\\/wp-content\\\/uploads\\\/2023\\\/05\\\/Evolve-logo.svg\",\"contentUrl\":\"https:\\\/\\\/evolve-fitness.eu\\\/wp-content\\\/uploads\\\/2023\\\/05\\\/Evolve-logo.svg\",\"width\":176,\"height\":20,\"caption\":\"Evolve\"},\"image\":{\"@id\":\"https:\\\/\\\/evolve-fitness.eu\\\/fr\\\/#\\\/schema\\\/logo\\\/image\\\/\"},\"sameAs\":[\"https:\\\/\\\/www.facebook.com\\\/EvolveFitnessEurope\"]}]}<\/script>\n<!-- \/ Yoast SEO plugin. -->","yoast_head_json":{"title":"Arbre de plaques de poids Evolve (TR-266) - Evolve","robots":{"index":"index","follow":"follow","max-snippet":"max-snippet:-1","max-image-preview":"max-image-preview:large","max-video-preview":"max-video-preview:-1"},"canonical":"https:\/\/evolve-fitness.eu\/fr\/produit\/plaques-de-poids-evolve-arbre\/","og_locale":"fr_FR","og_type":"article","og_title":"Arbre de plaques de poids Evolve (TR-266) - Evolve","og_url":"https:\/\/evolve-fitness.eu\/fr\/produit\/plaques-de-poids-evolve-arbre\/","og_site_name":"Evolve","article_publisher":"https:\/\/www.facebook.com\/EvolveFitnessEurope","article_modified_time":"2026-04-09T12:57:19+00:00","og_image":[{"width":680,"height":600,"url":"https:\/\/evolve-fitness.eu\/wp-content\/uploads\/2023\/11\/Evolve-Weight-Plates-Tree1.1.png","type":"image\/png"}],"twitter_card":"summary_large_image","schema":{"@context":"https:\/\/schema.org","@graph":[{"@type":"WebPage","@id":"https:\/\/evolve-fitness.eu\/fr\/produit\/plaques-de-poids-evolve-arbre\/","url":"https:\/\/evolve-fitness.eu\/fr\/produit\/plaques-de-poids-evolve-arbre\/","name":"Arbre de plaques de poids Evolve (TR-266) - Evolve","isPartOf":{"@id":"https:\/\/evolve-fitness.eu\/fr\/#website"},"primaryImageOfPage":{"@id":"https:\/\/evolve-fitness.eu\/fr\/produit\/plaques-de-poids-evolve-arbre\/#primaryimage"},"image":{"@id":"https:\/\/evolve-fitness.eu\/fr\/produit\/plaques-de-poids-evolve-arbre\/#primaryimage"},"thumbnailUrl":"https:\/\/evolve-fitness.eu\/wp-content\/uploads\/2023\/11\/Evolve-Weight-Plates-Tree1.1.png","datePublished":"2023-11-15T10:26:35+00:00","dateModified":"2026-04-09T12:57:19+00:00","breadcrumb":{"@id":"https:\/\/evolve-fitness.eu\/fr\/produit\/plaques-de-poids-evolve-arbre\/#breadcrumb"},"inLanguage":"fr-FR","potentialAction":[{"@type":"ReadAction","target":["https:\/\/evolve-fitness.eu\/fr\/produit\/plaques-de-poids-evolve-arbre\/"]}]},{"@type":"ImageObject","inLanguage":"fr-FR","@id":"https:\/\/evolve-fitness.eu\/fr\/produit\/plaques-de-poids-evolve-arbre\/#primaryimage","url":"https:\/\/evolve-fitness.eu\/wp-content\/uploads\/2023\/11\/Evolve-Weight-Plates-Tree1.1.png","contentUrl":"https:\/\/evolve-fitness.eu\/wp-content\/uploads\/2023\/11\/Evolve-Weight-Plates-Tree1.1.png","width":680,"height":600,"caption":"EV-RS-TR-266"},{"@type":"BreadcrumbList","@id":"https:\/\/evolve-fitness.eu\/fr\/produit\/plaques-de-poids-evolve-arbre\/#breadcrumb","itemListElement":[{"@type":"ListItem","position":1,"name":"Home","item":"https:\/\/evolve-fitness.eu\/fr\/"},{"@type":"ListItem","position":2,"name":"Produits","item":"https:\/\/evolve-fitness.eu\/fr\/shop\/"},{"@type":"ListItem","position":3,"name":"Arbre de plaques de poids Evolve (TR-266)"}]},{"@type":"WebSite","@id":"https:\/\/evolve-fitness.eu\/fr\/#website","url":"https:\/\/evolve-fitness.eu\/fr\/","name":"Evolve","description":"Your Evolved Gear Arrived","publisher":{"@id":"https:\/\/evolve-fitness.eu\/fr\/#organization"},"potentialAction":[{"@type":"SearchAction","target":{"@type":"EntryPoint","urlTemplate":"https:\/\/evolve-fitness.eu\/fr\/?s={search_term_string}"},"query-input":{"@type":"PropertyValueSpecification","valueRequired":true,"valueName":"search_term_string"}}],"inLanguage":"fr-FR"},{"@type":"Organization","@id":"https:\/\/evolve-fitness.eu\/fr\/#organization","name":"Evolve","url":"https:\/\/evolve-fitness.eu\/fr\/","logo":{"@type":"ImageObject","inLanguage":"fr-FR","@id":"https:\/\/evolve-fitness.eu\/fr\/#\/schema\/logo\/image\/","url":"https:\/\/evolve-fitness.eu\/wp-content\/uploads\/2023\/05\/Evolve-logo.svg","contentUrl":"https:\/\/evolve-fitness.eu\/wp-content\/uploads\/2023\/05\/Evolve-logo.svg","width":176,"height":20,"caption":"Evolve"},"image":{"@id":"https:\/\/evolve-fitness.eu\/fr\/#\/schema\/logo\/image\/"},"sameAs":["https:\/\/www.facebook.com\/EvolveFitnessEurope"]}]}},"_links":{"self":[{"href":"https:\/\/evolve-fitness.eu\/fr\/wp-json\/wp\/v2\/product\/24348","targetHints":{"allow":["GET"]}}],"collection":[{"href":"https:\/\/evolve-fitness.eu\/fr\/wp-json\/wp\/v2\/product"}],"about":[{"href":"https:\/\/evolve-fitness.eu\/fr\/wp-json\/wp\/v2\/types\/product"}],"wp:featuredmedia":[{"embeddable":true,"href":"https:\/\/evolve-fitness.eu\/fr\/wp-json\/wp\/v2\/media\/24351"}],"wp:attachment":[{"href":"https:\/\/evolve-fitness.eu\/fr\/wp-json\/wp\/v2\/media?parent=24348"}],"wp:term":[{"taxonomy":"product_brand","embeddable":true,"href":"https:\/\/evolve-fitness.eu\/fr\/wp-json\/wp\/v2\/product_brand?post=24348"},{"taxonomy":"product_cat","embeddable":true,"href":"https:\/\/evolve-fitness.eu\/fr\/wp-json\/wp\/v2\/product_cat?post=24348"},{"taxonomy":"product_tag","embeddable":true,"href":"https:\/\/evolve-fitness.eu\/fr\/wp-json\/wp\/v2\/product_tag?post=24348"}],"curies":[{"name":"wp","href":"https:\/\/api.w.org\/{rel}","templated":true}]}}