{"id":33938,"date":"2023-08-08T13:29:34","date_gmt":"2023-08-08T13:29:34","guid":{"rendered":"https:\/\/evolve-fitness.eu\/product\/evolve-cpu-urethane-curl-fixed-barbell\/"},"modified":"2026-03-27T09:06:49","modified_gmt":"2026-03-27T07:06:49","slug":"evolve-cpu-urethane-curl-fixed-barbell","status":"publish","type":"product","link":"https:\/\/evolve-fitness.eu\/fr\/produit\/evolve-cpu-urethane-curl-fixed-barbell\/","title":{"rendered":"Evolve CPU Urethane Curl Fixed Barbell"},"content":{"rendered":"\n<section class=\"wp-block-group alignfull has-lightgray-background-color has-background is-layout-constrained wp-block-group-is-layout-constrained\">\n<div class=\"wp-block-columns alignwide is-layout-flex wp-container-core-columns-is-layout-2edb0647 wp-block-columns-is-layout-flex\" style=\"margin-top:0;margin-bottom:0\">\n<div class=\"wp-block-column is-layout-flow wp-block-column-is-layout-flow\" style=\"flex-basis:33.33%\"><\/div>\n\n\n\n<div class=\"wp-block-column is-layout-flow wp-block-column-is-layout-flow\" style=\"flex-basis:66.66%\"><\/div>\n<\/div>\n<\/section>\n\n<section class=\"wp-block-group alignfull black-content has-white-color has-darkgray-background-color has-text-color has-background is-layout-constrained wp-block-group-is-layout-constrained\" style=\"padding-top:var(--wp--preset--spacing--section-bottom);padding-bottom:var(--wp--preset--spacing--section-bottom)\">\n<div class=\"wp-block-columns alignwide is-layout-flex wp-container-core-columns-is-layout-c45ee707 wp-block-columns-is-layout-flex\" style=\"margin-bottom:var(--wp--preset--spacing--side-padding);padding-top:var(--wp--preset--spacing--side-padding)\">\n<div class=\"wp-block-column is-vertically-aligned-center is-layout-flow wp-block-column-is-layout-flow\">\n<h3 class=\"wp-block-heading\" style=\"margin-bottom:var(--wp--preset--spacing--h-3-bottom)\">Evolvez votre salle de sport avec Evolve<\/h3>\n\n\n\n<p><em><strong>Performance durable et personnalisation pour les propri\u00e9taires de salles de sport<\/strong><\/em><\/p>\n\n\n\n<p style=\"margin-bottom:var(--wp--preset--spacing--tb-section-padding)\">L&rsquo;ensemble d&rsquo;halt\u00e8res Evolve en ur\u00e9thane avec poids fixes droits ou courb\u00e9s offre un nouveau niveau de durabilit\u00e9 et de polyvalence. Con\u00e7u pour r\u00e9pondre aux exigences des salles de sport commerciales et des amateurs de fitness \u00e0 domicile, cet ensemble red\u00e9finit l&rsquo;endurance gr\u00e2ce \u00e0 un mat\u00e9riau en ur\u00e9thane de premi\u00e8re qualit\u00e9. Fini les soucis d&rsquo;usure, d&rsquo;\u00e9caillage ou de d\u00e9collement, car ces halt\u00e8res conservent leur aspect impeccable au fil du temps, ce qui constitue une solution rentable qui \u00e9vite les remplacements fr\u00e9quents.<\/p>\n<\/div>\n\n\n\n<div class=\"wp-block-column is-vertically-aligned-center is-layout-flow wp-block-column-is-layout-flow\">\n<div class=\"wp-block-columns is-layout-flex wp-container-core-columns-is-layout-9d6595d7 wp-block-columns-is-layout-flex\">\n<div class=\"wp-block-column is-layout-flow wp-block-column-is-layout-flow\">\n<figure class=\"wp-block-video\"><video height=\"2160\" style=\"aspect-ratio: 3840 \/ 2160;\" width=\"3840\" autoplay=\"\" controls=\"\" loop=\"\" muted=\"\" src=\"https:\/\/evolve-fitness.eu\/wp-content\/uploads\/2023\/12\/2-5.mp4\"><\/video><\/figure>\n<\/div>\n<\/div>\n<\/div>\n<\/div>\n\n\n\n<div class=\"wp-block-columns alignwide is-layout-flex wp-container-core-columns-is-layout-c45ee707 wp-block-columns-is-layout-flex\" style=\"margin-bottom:var(--wp--preset--spacing--side-padding);padding-top:var(--wp--preset--spacing--side-padding)\">\n<div class=\"wp-block-column is-vertically-aligned-center is-layout-flow wp-block-column-is-layout-flow\">\n<figure class=\"wp-block-image alignright size-large is-style-rounded\"><img loading=\"lazy\" decoding=\"async\" width=\"1024\" height=\"481\" src=\"https:\/\/evolve-fitness.eu\/wp-content\/uploads\/2023\/08\/Dizainas-be-pavadinimo-1024x481.png\" alt=\"\" class=\"wp-image-988\" srcset=\"https:\/\/evolve-fitness.eu\/wp-content\/uploads\/2023\/08\/Dizainas-be-pavadinimo-1024x481.png 1024w, https:\/\/evolve-fitness.eu\/wp-content\/uploads\/2023\/08\/Dizainas-be-pavadinimo-300x141.png 300w, https:\/\/evolve-fitness.eu\/wp-content\/uploads\/2023\/08\/Dizainas-be-pavadinimo-320x150.png 320w, https:\/\/evolve-fitness.eu\/wp-content\/uploads\/2023\/08\/Dizainas-be-pavadinimo-600x282.png 600w, https:\/\/evolve-fitness.eu\/wp-content\/uploads\/2023\/08\/Dizainas-be-pavadinimo-150x70.png 150w, https:\/\/evolve-fitness.eu\/wp-content\/uploads\/2023\/08\/Dizainas-be-pavadinimo-768x361.png 768w, https:\/\/evolve-fitness.eu\/wp-content\/uploads\/2023\/08\/Dizainas-be-pavadinimo.png 1080w\" sizes=\"auto, (max-width: 1024px) 100vw, 1024px\" \/><\/figure>\n<\/div>\n\n\n\n<div class=\"wp-block-column is-vertically-aligned-center is-layout-constrained wp-block-column-is-layout-constrained\">\n<h3 class=\"wp-block-heading\" style=\"margin-bottom:var(--wp--preset--spacing--h-3-bottom)\">Personnalisable et \u00e9l\u00e9gant<\/h3>\n\n\n\n<p><strong><em><strong><em>Am\u00e9liorez l&rsquo;image de marque de votre salle de sport<\/em><\/strong><\/em><\/strong><\/p>\n\n\n\n<p style=\"margin-bottom:var(--wp--preset--spacing--tb-section-padding)\">En plus de leur durabilit\u00e9 exceptionnelle, les halt\u00e8res Evolve en ur\u00e9thane \u00e0 poids fixes droits ou courb\u00e9s offrent des possibilit\u00e9s de personnalisation, ce qui vous permet d&rsquo;am\u00e9liorer l&rsquo;image de marque et l&rsquo;impact visuel de votre salle de sport. Incorporez le logo de votre salle de sport et choisissez des couleurs personnalis\u00e9es, ce qui vous permettra de vous d\u00e9marquer et de faire une impression durable sur vos membres.<\/p>\n<\/div>\n<\/div>\n\n\n\n<div class=\"wp-block-columns alignwide is-layout-flex wp-container-core-columns-is-layout-c45ee707 wp-block-columns-is-layout-flex\" style=\"margin-bottom:var(--wp--preset--spacing--side-padding);padding-top:var(--wp--preset--spacing--side-padding)\">\n<div class=\"wp-block-column is-vertically-aligned-center is-layout-flow wp-block-column-is-layout-flow\">\n<h3 class=\"wp-block-heading\" style=\"margin-bottom:var(--wp--preset--spacing--h-3-bottom)\">Logos d\u00e9coup\u00e9s au laser et impr\u00e9gn\u00e9s d&rsquo;ur\u00e9thane<\/h3>\n\n\n\n<p><strong><em>Am\u00e9liorer l&rsquo;esth\u00e9tique sans compromettre la performance<\/em><\/strong><\/p>\n\n\n\n<p style=\"margin-bottom:var(--wp--preset--spacing--tb-section-padding)\">Orn\u00e9s de logos d\u00e9coup\u00e9s au laser et d&rsquo;indications de poids durables infus\u00e9es d&rsquo;ur\u00e9thane, les halt\u00e8res fixes droits ou courb\u00e9s Evolve en ur\u00e9thane allient harmonieusement esth\u00e9tisme et praticit\u00e9. Gr\u00e2ce \u00e0 ces marquages bien visibles, vous pouvez passer sans effort d&rsquo;un poids \u00e0 l&rsquo;autre pendant les s\u00e9ances d&rsquo;entra\u00eenement, ce qui permet aux membres de votre salle de sport de s&rsquo;entra\u00eener de mani\u00e8re efficace et sans heurts.<\/p>\n<\/div>\n\n\n\n<div class=\"wp-block-column is-vertically-aligned-center is-layout-flow wp-block-column-is-layout-flow\">\n<div class=\"wp-block-columns is-layout-flex wp-container-core-columns-is-layout-9d6595d7 wp-block-columns-is-layout-flex\">\n<div class=\"wp-block-column is-layout-flow wp-block-column-is-layout-flow\">\n<figure class=\"wp-block-image size-full is-style-rounded\"><img loading=\"lazy\" decoding=\"async\" width=\"606\" height=\"595\" src=\"https:\/\/evolve-fitness.eu\/wp-content\/uploads\/2023\/08\/TPU-fixed-barbells-edited.jpg\" alt=\"\" class=\"wp-image-1010\" srcset=\"https:\/\/evolve-fitness.eu\/wp-content\/uploads\/2023\/08\/TPU-fixed-barbells-edited.jpg 606w, https:\/\/evolve-fitness.eu\/wp-content\/uploads\/2023\/08\/TPU-fixed-barbells-edited-300x295.jpg 300w, https:\/\/evolve-fitness.eu\/wp-content\/uploads\/2023\/08\/TPU-fixed-barbells-edited-153x150.jpg 153w, https:\/\/evolve-fitness.eu\/wp-content\/uploads\/2023\/08\/TPU-fixed-barbells-edited-600x589.jpg 600w, https:\/\/evolve-fitness.eu\/wp-content\/uploads\/2023\/08\/TPU-fixed-barbells-edited-150x147.jpg 150w\" sizes=\"auto, (max-width: 606px) 100vw, 606px\" \/><\/figure>\n<\/div>\n<\/div>\n<\/div>\n<\/div>\n\n\n\n<div class=\"wp-block-columns alignwide is-layout-flex wp-container-core-columns-is-layout-c45ee707 wp-block-columns-is-layout-flex\" style=\"margin-bottom:var(--wp--preset--spacing--side-padding);padding-top:var(--wp--preset--spacing--side-padding)\">\n<div class=\"wp-block-column is-vertically-aligned-center is-layout-flow wp-block-column-is-layout-flow\">\n<figure class=\"wp-block-image size-full is-style-rounded\"><img loading=\"lazy\" decoding=\"async\" width=\"926\" height=\"1000\" src=\"https:\/\/evolve-fitness.eu\/wp-content\/uploads\/2023\/08\/grip.png\" alt=\"\" class=\"wp-image-1000\" srcset=\"https:\/\/evolve-fitness.eu\/wp-content\/uploads\/2023\/08\/grip.png 926w, https:\/\/evolve-fitness.eu\/wp-content\/uploads\/2023\/08\/grip-300x324.png 300w, https:\/\/evolve-fitness.eu\/wp-content\/uploads\/2023\/08\/grip-139x150.png 139w, https:\/\/evolve-fitness.eu\/wp-content\/uploads\/2023\/08\/grip-600x648.png 600w, https:\/\/evolve-fitness.eu\/wp-content\/uploads\/2023\/08\/grip-278x300.png 278w, https:\/\/evolve-fitness.eu\/wp-content\/uploads\/2023\/08\/grip-768x829.png 768w\" sizes=\"auto, (max-width: 926px) 100vw, 926px\" \/><\/figure>\n<\/div>\n\n\n\n<div class=\"wp-block-column is-vertically-aligned-center is-layout-flow wp-block-column-is-layout-flow\">\n<h3 class=\"wp-block-heading\" style=\"margin-bottom:var(--wp--preset--spacing--h-3-bottom)\">Poign\u00e9es molet\u00e9es chrom\u00e9es dures<\/h3>\n\n\n\n<p><strong><em>Une prise en main qui dure<\/em><\/strong><\/p>\n\n\n\n<p>Faites l&rsquo;exp\u00e9rience d&rsquo;une prise en main et d&rsquo;une performance in\u00e9gal\u00e9es avec les halt\u00e8res \u00e0 poids fixes en ur\u00e9thane Evolve. Dot\u00e9s de poign\u00e9es chrom\u00e9es dures et molet\u00e9es, ces halt\u00e8res offrent une tenue in\u00e9branlable m\u00eame lors des exercices les plus exigeants. Le design molet\u00e9 assure une prise solide, compl\u00e9t\u00e9e par un placage chrom\u00e9 qui non seulement am\u00e9liore la prise en main, mais ajoute \u00e9galement une \u00e9l\u00e9gante touche de durabilit\u00e9.<\/p>\n<\/div>\n<\/div>\n\n\n\n<div class=\"wp-block-columns alignwide is-layout-flex wp-container-core-columns-is-layout-c45ee707 wp-block-columns-is-layout-flex\" style=\"margin-bottom:var(--wp--preset--spacing--side-padding);padding-top:var(--wp--preset--spacing--side-padding)\">\n<div class=\"wp-block-column is-vertically-aligned-center is-layout-flow wp-block-column-is-layout-flow\">\n<h3 class=\"wp-block-heading\" style=\"margin-bottom:var(--wp--preset--spacing--h-3-bottom)\">Fabrication de pr\u00e9cision<\/h3>\n\n\n\n<p><strong><em>L&rsquo;excellence constante<\/em><\/strong><\/p>\n\n\n\n<p style=\"margin-bottom:var(--wp--preset--spacing--tb-section-padding)\">Profitez de l&rsquo;assurance d&rsquo;une excellence constante avec les halt\u00e8res fixes en ur\u00e9thane Evolve, fabriqu\u00e9s avec pr\u00e9cision. Gr\u00e2ce \u00e0 une construction m\u00e9ticuleuse, ces halt\u00e8res offrent un poids uniforme et des performances in\u00e9branlables, surpassant les options standard qui peuvent pr\u00e9senter des \u00e9carts de poids.<\/p>\n\n\n\n<h3 class=\"wp-block-heading\" style=\"margin-bottom:var(--wp--preset--spacing--h-3-bottom)\">S\u00e9curit\u00e9 et fiabilit\u00e9<\/h3>\n\n\n\n<p><strong><em>Une exp\u00e9rience d&rsquo;entra\u00eenement coh\u00e9rente<\/em><\/strong><\/p>\n\n\n\n<p>La s\u00e9curit\u00e9 et la fiabilit\u00e9 sont primordiales, et l&rsquo;ensemble d&rsquo;halt\u00e8res Evolve en ur\u00e9thane avec poids fixes droits ou courb\u00e9s respecte cet engagement. Compos\u00e9s d&rsquo;ur\u00e9thane de haute qualit\u00e9, non toxique et inodore, ces halt\u00e8res cr\u00e9ent un environnement d&rsquo;entra\u00eenement s\u00fbr et respectueux de la sant\u00e9. Leur construction robuste minimise le risque de casse ou d&rsquo;\u00e9br\u00e9chure, r\u00e9duisant ainsi les risques de blessures pendant les s\u00e9ances d&rsquo;entra\u00eenement intenses.<\/p>\n<\/div>\n\n\n\n<div class=\"wp-block-column is-vertically-aligned-center is-layout-flow wp-block-column-is-layout-flow\">\n<div class=\"wp-block-columns is-layout-flex wp-container-core-columns-is-layout-9d6595d7 wp-block-columns-is-layout-flex\">\n<div class=\"wp-block-column is-layout-flow wp-block-column-is-layout-flow\">\n<figure class=\"wp-block-image size-full is-style-rounded\"><img loading=\"lazy\" decoding=\"async\" width=\"1000\" height=\"665\" src=\"https:\/\/evolve-fitness.eu\/wp-content\/uploads\/2023\/08\/Fixed-barbells-3.jpg\" alt=\"\" class=\"wp-image-992\" srcset=\"https:\/\/evolve-fitness.eu\/wp-content\/uploads\/2023\/08\/Fixed-barbells-3.jpg 1000w, https:\/\/evolve-fitness.eu\/wp-content\/uploads\/2023\/08\/Fixed-barbells-3-300x200.jpg 300w, https:\/\/evolve-fitness.eu\/wp-content\/uploads\/2023\/08\/Fixed-barbells-3-226x150.jpg 226w, https:\/\/evolve-fitness.eu\/wp-content\/uploads\/2023\/08\/Fixed-barbells-3-600x399.jpg 600w, https:\/\/evolve-fitness.eu\/wp-content\/uploads\/2023\/08\/Fixed-barbells-3-150x100.jpg 150w, https:\/\/evolve-fitness.eu\/wp-content\/uploads\/2023\/08\/Fixed-barbells-3-768x511.jpg 768w\" sizes=\"auto, (max-width: 1000px) 100vw, 1000px\" \/><\/figure>\n<\/div>\n<\/div>\n<\/div>\n<\/div>\n<\/section>\n","protected":false},"excerpt":{"rendered":"<p>Am\u00e9liorez la qualit\u00e9 de votre salle de sport avec l&rsquo;ensemble d&rsquo;halt\u00e8res en ur\u00e9thane Evolve \u00e0 poids fixes droits ou courb\u00e9s, durable et polyvalent. Fabriqu\u00e9s en ur\u00e9thane de premi\u00e8re qualit\u00e9, ces halt\u00e8res sont con\u00e7us pour r\u00e9sister \u00e0 l&rsquo;usure et conserver leur apparence. Vous pouvez personnaliser l&rsquo;identit\u00e9 de votre salle de sport avec votre logo et vos couleurs, ce qui vous permettra de vous d\u00e9marquer. La s\u00e9curit\u00e9 est une priorit\u00e9 car ces halt\u00e8res sont fabriqu\u00e9s en ur\u00e9thane s\u00fbr et inodore. L&rsquo;ensemble est disponible en plusieurs poids, de 10 kg \u00e0 55 kg, pour r\u00e9pondre aux diff\u00e9rents niveaux de forme physique. Vous pouvez compter sur leur poids et leur performance constants, et les logos transparents ajoutent une touche de style. Am\u00e9liorez vos \u00e9quipements de salle de sport avec l&rsquo;ensemble d&rsquo;halt\u00e8res Evolve en ur\u00e9thane \u00e0 poids fixes droits ou courb\u00e9s, qui met en valeur la qualit\u00e9 et l&rsquo;excellence personnalis\u00e9e.      <\/p>\n","protected":false},"featured_media":33962,"template":"","meta":{"_acf_changed":false,"inline_featured_image":false},"product_brand":[],"product_cat":[1452,4137],"product_tag":[4142,4138,1477,1416,4152,4146,4166,4176,1860,4158],"class_list":{"0":"post-33938","1":"product","2":"type-product","3":"status-publish","4":"has-post-thumbnail","6":"product_cat-poids-libres","7":"product_cat-halteres-a-poids-fixe","8":"product_tag-barre-fixe","9":"product_tag-boucle-durethane","10":"product_tag-decoupe-au-laser","11":"product_tag-fitness-a-domicile","12":"product_tag-fixer","13":"product_tag-la-durabilite","14":"product_tag-logos-infuses","15":"product_tag-poignees-moletees-chromees-dures","16":"product_tag-precision-fr","17":"product_tag-salles-de-sport-commerciales","19":"first","20":"instock","21":"shipping-taxable","22":"purchasable","23":"product-type-variable"},"acf":{"long_title":"Evolve CPU Urethane Curl Fixed Barbell","subtitle":"","specifications":[{"label":"SKU","text_value":"EV-FB-UC","icon":"x"},{"label":"Intervalle d'incr\u00e9mentation du poids","text_value":"5 kg","icon":"x"},{"label":"Halt\u00e8res fixes avec une \u00e2me en acier et un rev\u00eatement ext\u00e9rieur par coul\u00e9e d'un compos\u00e9 de polyur\u00e9thane liquide","text_value":"","icon":"v"},{"label":"Le poids est indiqu\u00e9 sur les deux c\u00f4t\u00e9s de chaque halt\u00e8re fixe.","text_value":"","icon":"v"},{"label":"Options de personnalisation","text_value":"Choix des couleurs du logo et du num\u00e9ro \/ Adaptation \u00e0 l'identit\u00e9 int\u00e9rieure souhait\u00e9e \/ Possibilit\u00e9 de graver un logo personnalis\u00e9","icon":"x"},{"label":"Garantie","text_value":"5 ans","icon":"x"}]},"yoast_head":"<!-- This site is optimized with the Yoast SEO plugin v26.6 - https:\/\/yoast.com\/wordpress\/plugins\/seo\/ -->\n<title>Evolve CPU Urethane Curl Fixed Barbell - Evolve<\/title>\n<meta name=\"robots\" content=\"index, follow, max-snippet:-1, max-image-preview:large, max-video-preview:-1\" \/>\n<link rel=\"canonical\" href=\"https:\/\/evolve-fitness.eu\/fr\/produit\/evolve-cpu-urethane-curl-fixed-barbell\/\" \/>\n<meta property=\"og:locale\" content=\"fr_FR\" \/>\n<meta property=\"og:type\" content=\"article\" \/>\n<meta property=\"og:title\" content=\"Evolve CPU Urethane Curl Fixed Barbell - Evolve\" \/>\n<meta property=\"og:url\" content=\"https:\/\/evolve-fitness.eu\/fr\/produit\/evolve-cpu-urethane-curl-fixed-barbell\/\" \/>\n<meta property=\"og:site_name\" content=\"Evolve\" \/>\n<meta property=\"article:publisher\" content=\"https:\/\/www.facebook.com\/EvolveFitnessEurope\" \/>\n<meta property=\"article:modified_time\" content=\"2026-03-27T07:06:49+00:00\" \/>\n<meta property=\"og:image\" content=\"https:\/\/evolve-fitness.eu\/wp-content\/uploads\/2023\/11\/Evolve-CPU-Urethane-Curl-Fixed-Barbells-2.png\" \/>\n\t<meta property=\"og:image:width\" content=\"680\" \/>\n\t<meta property=\"og:image:height\" content=\"600\" \/>\n\t<meta property=\"og:image:type\" content=\"image\/png\" \/>\n<meta name=\"twitter:card\" content=\"summary_large_image\" \/>\n<script type=\"application\/ld+json\" class=\"yoast-schema-graph\">{\"@context\":\"https:\/\/schema.org\",\"@graph\":[{\"@type\":\"WebPage\",\"@id\":\"https:\/\/evolve-fitness.eu\/fr\/produit\/evolve-cpu-urethane-curl-fixed-barbell\/\",\"url\":\"https:\/\/evolve-fitness.eu\/fr\/produit\/evolve-cpu-urethane-curl-fixed-barbell\/\",\"name\":\"Evolve CPU Urethane Curl Fixed Barbell - Evolve\",\"isPartOf\":{\"@id\":\"https:\/\/evolve-fitness.eu\/fr\/#website\"},\"primaryImageOfPage\":{\"@id\":\"https:\/\/evolve-fitness.eu\/fr\/produit\/evolve-cpu-urethane-curl-fixed-barbell\/#primaryimage\"},\"image\":{\"@id\":\"https:\/\/evolve-fitness.eu\/fr\/produit\/evolve-cpu-urethane-curl-fixed-barbell\/#primaryimage\"},\"thumbnailUrl\":\"https:\/\/evolve-fitness.eu\/wp-content\/uploads\/2023\/11\/Evolve-CPU-Urethane-Curl-Fixed-Barbells-2.png\",\"datePublished\":\"2023-08-08T13:29:34+00:00\",\"dateModified\":\"2026-03-27T07:06:49+00:00\",\"breadcrumb\":{\"@id\":\"https:\/\/evolve-fitness.eu\/fr\/produit\/evolve-cpu-urethane-curl-fixed-barbell\/#breadcrumb\"},\"inLanguage\":\"fr-FR\",\"potentialAction\":[{\"@type\":\"ReadAction\",\"target\":[\"https:\/\/evolve-fitness.eu\/fr\/produit\/evolve-cpu-urethane-curl-fixed-barbell\/\"]}]},{\"@type\":\"ImageObject\",\"inLanguage\":\"fr-FR\",\"@id\":\"https:\/\/evolve-fitness.eu\/fr\/produit\/evolve-cpu-urethane-curl-fixed-barbell\/#primaryimage\",\"url\":\"https:\/\/evolve-fitness.eu\/wp-content\/uploads\/2023\/11\/Evolve-CPU-Urethane-Curl-Fixed-Barbells-2.png\",\"contentUrl\":\"https:\/\/evolve-fitness.eu\/wp-content\/uploads\/2023\/11\/Evolve-CPU-Urethane-Curl-Fixed-Barbells-2.png\",\"width\":680,\"height\":600,\"caption\":\"EV-FB-US\"},{\"@type\":\"BreadcrumbList\",\"@id\":\"https:\/\/evolve-fitness.eu\/fr\/produit\/evolve-cpu-urethane-curl-fixed-barbell\/#breadcrumb\",\"itemListElement\":[{\"@type\":\"ListItem\",\"position\":1,\"name\":\"Home\",\"item\":\"https:\/\/evolve-fitness.eu\/fr\/\"},{\"@type\":\"ListItem\",\"position\":2,\"name\":\"Produits\",\"item\":\"https:\/\/evolve-fitness.eu\/fr\/shop\/\"},{\"@type\":\"ListItem\",\"position\":3,\"name\":\"Evolve CPU Urethane Curl Fixed Barbell\"}]},{\"@type\":\"WebSite\",\"@id\":\"https:\/\/evolve-fitness.eu\/fr\/#website\",\"url\":\"https:\/\/evolve-fitness.eu\/fr\/\",\"name\":\"Evolve\",\"description\":\"Your Evolved Gear Arrived\",\"publisher\":{\"@id\":\"https:\/\/evolve-fitness.eu\/fr\/#organization\"},\"potentialAction\":[{\"@type\":\"SearchAction\",\"target\":{\"@type\":\"EntryPoint\",\"urlTemplate\":\"https:\/\/evolve-fitness.eu\/fr\/?s={search_term_string}\"},\"query-input\":{\"@type\":\"PropertyValueSpecification\",\"valueRequired\":true,\"valueName\":\"search_term_string\"}}],\"inLanguage\":\"fr-FR\"},{\"@type\":\"Organization\",\"@id\":\"https:\/\/evolve-fitness.eu\/fr\/#organization\",\"name\":\"Evolve\",\"url\":\"https:\/\/evolve-fitness.eu\/fr\/\",\"logo\":{\"@type\":\"ImageObject\",\"inLanguage\":\"fr-FR\",\"@id\":\"https:\/\/evolve-fitness.eu\/fr\/#\/schema\/logo\/image\/\",\"url\":\"https:\/\/evolve-fitness.eu\/wp-content\/uploads\/2023\/05\/Evolve-logo.svg\",\"contentUrl\":\"https:\/\/evolve-fitness.eu\/wp-content\/uploads\/2023\/05\/Evolve-logo.svg\",\"width\":176,\"height\":20,\"caption\":\"Evolve\"},\"image\":{\"@id\":\"https:\/\/evolve-fitness.eu\/fr\/#\/schema\/logo\/image\/\"},\"sameAs\":[\"https:\/\/www.facebook.com\/EvolveFitnessEurope\"]}]}<\/script>\n<!-- \/ Yoast SEO plugin. -->","yoast_head_json":{"title":"Evolve CPU Urethane Curl Fixed Barbell - Evolve","robots":{"index":"index","follow":"follow","max-snippet":"max-snippet:-1","max-image-preview":"max-image-preview:large","max-video-preview":"max-video-preview:-1"},"canonical":"https:\/\/evolve-fitness.eu\/fr\/produit\/evolve-cpu-urethane-curl-fixed-barbell\/","og_locale":"fr_FR","og_type":"article","og_title":"Evolve CPU Urethane Curl Fixed Barbell - Evolve","og_url":"https:\/\/evolve-fitness.eu\/fr\/produit\/evolve-cpu-urethane-curl-fixed-barbell\/","og_site_name":"Evolve","article_publisher":"https:\/\/www.facebook.com\/EvolveFitnessEurope","article_modified_time":"2026-03-27T07:06:49+00:00","og_image":[{"width":680,"height":600,"url":"https:\/\/evolve-fitness.eu\/wp-content\/uploads\/2023\/11\/Evolve-CPU-Urethane-Curl-Fixed-Barbells-2.png","type":"image\/png"}],"twitter_card":"summary_large_image","schema":{"@context":"https:\/\/schema.org","@graph":[{"@type":"WebPage","@id":"https:\/\/evolve-fitness.eu\/fr\/produit\/evolve-cpu-urethane-curl-fixed-barbell\/","url":"https:\/\/evolve-fitness.eu\/fr\/produit\/evolve-cpu-urethane-curl-fixed-barbell\/","name":"Evolve CPU Urethane Curl Fixed Barbell - Evolve","isPartOf":{"@id":"https:\/\/evolve-fitness.eu\/fr\/#website"},"primaryImageOfPage":{"@id":"https:\/\/evolve-fitness.eu\/fr\/produit\/evolve-cpu-urethane-curl-fixed-barbell\/#primaryimage"},"image":{"@id":"https:\/\/evolve-fitness.eu\/fr\/produit\/evolve-cpu-urethane-curl-fixed-barbell\/#primaryimage"},"thumbnailUrl":"https:\/\/evolve-fitness.eu\/wp-content\/uploads\/2023\/11\/Evolve-CPU-Urethane-Curl-Fixed-Barbells-2.png","datePublished":"2023-08-08T13:29:34+00:00","dateModified":"2026-03-27T07:06:49+00:00","breadcrumb":{"@id":"https:\/\/evolve-fitness.eu\/fr\/produit\/evolve-cpu-urethane-curl-fixed-barbell\/#breadcrumb"},"inLanguage":"fr-FR","potentialAction":[{"@type":"ReadAction","target":["https:\/\/evolve-fitness.eu\/fr\/produit\/evolve-cpu-urethane-curl-fixed-barbell\/"]}]},{"@type":"ImageObject","inLanguage":"fr-FR","@id":"https:\/\/evolve-fitness.eu\/fr\/produit\/evolve-cpu-urethane-curl-fixed-barbell\/#primaryimage","url":"https:\/\/evolve-fitness.eu\/wp-content\/uploads\/2023\/11\/Evolve-CPU-Urethane-Curl-Fixed-Barbells-2.png","contentUrl":"https:\/\/evolve-fitness.eu\/wp-content\/uploads\/2023\/11\/Evolve-CPU-Urethane-Curl-Fixed-Barbells-2.png","width":680,"height":600,"caption":"EV-FB-US"},{"@type":"BreadcrumbList","@id":"https:\/\/evolve-fitness.eu\/fr\/produit\/evolve-cpu-urethane-curl-fixed-barbell\/#breadcrumb","itemListElement":[{"@type":"ListItem","position":1,"name":"Home","item":"https:\/\/evolve-fitness.eu\/fr\/"},{"@type":"ListItem","position":2,"name":"Produits","item":"https:\/\/evolve-fitness.eu\/fr\/shop\/"},{"@type":"ListItem","position":3,"name":"Evolve CPU Urethane Curl Fixed Barbell"}]},{"@type":"WebSite","@id":"https:\/\/evolve-fitness.eu\/fr\/#website","url":"https:\/\/evolve-fitness.eu\/fr\/","name":"Evolve","description":"Your Evolved Gear Arrived","publisher":{"@id":"https:\/\/evolve-fitness.eu\/fr\/#organization"},"potentialAction":[{"@type":"SearchAction","target":{"@type":"EntryPoint","urlTemplate":"https:\/\/evolve-fitness.eu\/fr\/?s={search_term_string}"},"query-input":{"@type":"PropertyValueSpecification","valueRequired":true,"valueName":"search_term_string"}}],"inLanguage":"fr-FR"},{"@type":"Organization","@id":"https:\/\/evolve-fitness.eu\/fr\/#organization","name":"Evolve","url":"https:\/\/evolve-fitness.eu\/fr\/","logo":{"@type":"ImageObject","inLanguage":"fr-FR","@id":"https:\/\/evolve-fitness.eu\/fr\/#\/schema\/logo\/image\/","url":"https:\/\/evolve-fitness.eu\/wp-content\/uploads\/2023\/05\/Evolve-logo.svg","contentUrl":"https:\/\/evolve-fitness.eu\/wp-content\/uploads\/2023\/05\/Evolve-logo.svg","width":176,"height":20,"caption":"Evolve"},"image":{"@id":"https:\/\/evolve-fitness.eu\/fr\/#\/schema\/logo\/image\/"},"sameAs":["https:\/\/www.facebook.com\/EvolveFitnessEurope"]}]}},"_links":{"self":[{"href":"https:\/\/evolve-fitness.eu\/fr\/wp-json\/wp\/v2\/product\/33938","targetHints":{"allow":["GET"]}}],"collection":[{"href":"https:\/\/evolve-fitness.eu\/fr\/wp-json\/wp\/v2\/product"}],"about":[{"href":"https:\/\/evolve-fitness.eu\/fr\/wp-json\/wp\/v2\/types\/product"}],"wp:featuredmedia":[{"embeddable":true,"href":"https:\/\/evolve-fitness.eu\/fr\/wp-json\/wp\/v2\/media\/33962"}],"wp:attachment":[{"href":"https:\/\/evolve-fitness.eu\/fr\/wp-json\/wp\/v2\/media?parent=33938"}],"wp:term":[{"taxonomy":"product_brand","embeddable":true,"href":"https:\/\/evolve-fitness.eu\/fr\/wp-json\/wp\/v2\/product_brand?post=33938"},{"taxonomy":"product_cat","embeddable":true,"href":"https:\/\/evolve-fitness.eu\/fr\/wp-json\/wp\/v2\/product_cat?post=33938"},{"taxonomy":"product_tag","embeddable":true,"href":"https:\/\/evolve-fitness.eu\/fr\/wp-json\/wp\/v2\/product_tag?post=33938"}],"curies":[{"name":"wp","href":"https:\/\/api.w.org\/{rel}","templated":true}]}}