{"id":37658,"date":"2023-11-14T06:45:22","date_gmt":"2023-11-14T06:45:22","guid":{"rendered":"https:\/\/evolve-fitness.eu\/product\/kettlebells-en-caoutchouc-evolve-4-14-kg\/"},"modified":"2024-07-31T12:37:51","modified_gmt":"2024-07-31T12:37:51","slug":"kettlebells-en-caoutchouc-evolve-4-14-kg","status":"publish","type":"product","link":"https:\/\/evolve-fitness.eu\/fr\/produit\/kettlebells-en-caoutchouc-evolve-4-14-kg\/","title":{"rendered":"Kettlebells en caoutchouc Evolve 4-14 kg"},"content":{"rendered":"\n<section class=\"wp-block-group alignfull has-lightgray-background-color has-background is-layout-constrained wp-block-group-is-layout-constrained\">\n<div class=\"wp-block-columns alignwide is-layout-flex wp-container-core-columns-is-layout-2edb0647 wp-block-columns-is-layout-flex\" style=\"margin-top:0;margin-bottom:0\">\n<div class=\"wp-block-column is-layout-flow wp-block-column-is-layout-flow\" style=\"flex-basis:33.33%\"><\/div>\n\n\n\n<div class=\"wp-block-column is-layout-flow wp-block-column-is-layout-flow\" style=\"flex-basis:66.66%\"><\/div>\n<\/div>\n<\/section>\n\n<section class=\"wp-block-group alignfull black-content has-white-color has-darkgray-background-color has-text-color has-background is-layout-constrained wp-block-group-is-layout-constrained\" style=\"padding-top:var(--wp--preset--spacing--section-bottom);padding-bottom:var(--wp--preset--spacing--section-bottom)\">\n<div class=\"wp-block-columns alignwide mobile-reverse is-layout-flex wp-container-core-columns-is-layout-ca64bf2d wp-block-columns-is-layout-flex\" style=\"margin-bottom:var(--wp--preset--spacing--side-padding)\">\n<div class=\"wp-block-column is-vertically-aligned-center is-layout-flow wp-block-column-is-layout-flow\">\n<h3 class=\"wp-block-heading\" style=\"margin-bottom:var(--wp--preset--spacing--h-3-bottom)\"><strong>Durabilit\u00e9 exceptionnelle<\/strong><\/h3>\n\n\n\n<p><strong><em><strong><em><strong><em>Long\u00e9vit\u00e9 et r\u00e9sistance<\/em><\/strong><\/em><\/strong><\/em><\/strong><\/p>\n\n\n\n<p>Chaque kettlebell Evolve commence sa vie sous la forme d&rsquo;un alliage m\u00e9tallique robuste, promettant long\u00e9vit\u00e9 et r\u00e9sistance \u00e0 l&rsquo;usure. M\u00e9ticuleusement con\u00e7us, ces kettlebells r\u00e9sistent \u00e0 la corrosion et \u00e0 la d\u00e9formation, ce qui leur permet de conserver leur \u00e9tat impeccable d&rsquo;une s\u00e9ance \u00e0 l&rsquo;autre. Leur moulage de pr\u00e9cision garantit un excellent \u00e9quilibre et une grande pr\u00e9cision dimensionnelle, ce qui en fait un choix de premier ordre pour les gymnases professionnels, les bases militaires, les h\u00f4tels, les centres de r\u00e9\u00e9ducation et les amateurs de fitness \u00e0 domicile qui exigent ce qu&rsquo;il y a de mieux.<\/p>\n<\/div>\n\n\n\n<div class=\"wp-block-column is-vertically-aligned-center is-layout-flow wp-block-column-is-layout-flow\">\n<figure class=\"wp-block-image alignright size-full is-resized is-style-rounded\"><img loading=\"lazy\" decoding=\"async\" width=\"680\" height=\"600\" src=\"https:\/\/evolve-fitness.eu\/wp-content\/uploads\/2023\/11\/Evolve-Rubber-Kettlebells.png\" alt=\"\" class=\"wp-image-5697\" style=\"object-fit:cover;width:680px;height:600px\" srcset=\"https:\/\/evolve-fitness.eu\/wp-content\/uploads\/2023\/11\/Evolve-Rubber-Kettlebells.png 680w, https:\/\/evolve-fitness.eu\/wp-content\/uploads\/2023\/11\/Evolve-Rubber-Kettlebells-300x265.png 300w, https:\/\/evolve-fitness.eu\/wp-content\/uploads\/2023\/11\/Evolve-Rubber-Kettlebells-170x150.png 170w, https:\/\/evolve-fitness.eu\/wp-content\/uploads\/2023\/11\/Evolve-Rubber-Kettlebells-600x529.png 600w, https:\/\/evolve-fitness.eu\/wp-content\/uploads\/2023\/11\/Evolve-Rubber-Kettlebells-150x132.png 150w\" sizes=\"auto, (max-width: 680px) 100vw, 680px\" \/><\/figure>\n<\/div>\n<\/div>\n\n\n\n<div class=\"wp-block-columns alignwide is-layout-flex wp-container-core-columns-is-layout-c45ee707 wp-block-columns-is-layout-flex\" style=\"margin-bottom:var(--wp--preset--spacing--side-padding);padding-top:var(--wp--preset--spacing--side-padding)\">\n<div class=\"wp-block-column is-vertically-aligned-center is-layout-flow wp-block-column-is-layout-flow\">\n<figure class=\"wp-block-image size-full is-resized is-style-rounded\"><img loading=\"lazy\" decoding=\"async\" width=\"1920\" height=\"1280\" src=\"https:\/\/evolve-fitness.eu\/wp-content\/uploads\/2023\/11\/EV-KB-RB-Evolve-Rubber-Kettlebells-4-14-kg-5.jpg\" alt=\"\" class=\"wp-image-150739\" style=\"object-fit:cover;width:680px;height:600px\" srcset=\"https:\/\/evolve-fitness.eu\/wp-content\/uploads\/2023\/11\/EV-KB-RB-Evolve-Rubber-Kettlebells-4-14-kg-5.jpg 1920w, https:\/\/evolve-fitness.eu\/wp-content\/uploads\/2023\/11\/EV-KB-RB-Evolve-Rubber-Kettlebells-4-14-kg-5-300x200.jpg 300w, https:\/\/evolve-fitness.eu\/wp-content\/uploads\/2023\/11\/EV-KB-RB-Evolve-Rubber-Kettlebells-4-14-kg-5-225x150.jpg 225w, https:\/\/evolve-fitness.eu\/wp-content\/uploads\/2023\/11\/EV-KB-RB-Evolve-Rubber-Kettlebells-4-14-kg-5-600x400.jpg 600w, https:\/\/evolve-fitness.eu\/wp-content\/uploads\/2023\/11\/EV-KB-RB-Evolve-Rubber-Kettlebells-4-14-kg-5-1024x683.jpg 1024w, https:\/\/evolve-fitness.eu\/wp-content\/uploads\/2023\/11\/EV-KB-RB-Evolve-Rubber-Kettlebells-4-14-kg-5-150x100.jpg 150w, https:\/\/evolve-fitness.eu\/wp-content\/uploads\/2023\/11\/EV-KB-RB-Evolve-Rubber-Kettlebells-4-14-kg-5-768x512.jpg 768w, https:\/\/evolve-fitness.eu\/wp-content\/uploads\/2023\/11\/EV-KB-RB-Evolve-Rubber-Kettlebells-4-14-kg-5-1536x1024.jpg 1536w\" sizes=\"auto, (max-width: 1920px) 100vw, 1920px\" \/><\/figure>\n<\/div>\n\n\n\n<div class=\"wp-block-column is-vertically-aligned-center is-layout-flow wp-block-column-is-layout-flow\">\n<h3 class=\"wp-block-heading\" style=\"margin-bottom:var(--wp--preset--spacing--h-3-bottom)\"><strong><strong>Fonctionnalit\u00e9 avanc\u00e9e<\/strong><\/strong><\/h3>\n\n\n\n<p><strong><em><strong><em><strong><em>Durabilit\u00e9<\/em><\/strong><\/em><\/strong><\/em><\/strong> <em><strong>et garanties<\/strong><\/em><\/p>\n\n\n\n<p>L&rsquo;enveloppe en caoutchouc des kettlebells Evolve est plus qu&rsquo;un simple choix esth\u00e9tique. Il augmente consid\u00e9rablement leur durabilit\u00e9, prot\u00e8ge votre rev\u00eatement de sol et votre \u00e9quipement contre les dommages et r\u00e9duit consid\u00e9rablement le bruit pendant les s\u00e9ances d&rsquo;entra\u00eenement. La surface textur\u00e9e est non seulement facile \u00e0 nettoyer, mais elle offre \u00e9galement une prise s\u00fbre et antid\u00e9rapante, cruciale pour la s\u00e9curit\u00e9 pendant les s\u00e9ances d&rsquo;entra\u00eenement intenses. De plus, gr\u00e2ce aux marquages de poids en relief et d\u00e9coup\u00e9s au laser, le choix de la kettlebell adapt\u00e9e \u00e0 votre entra\u00eenement est un jeu d&rsquo;enfant.<\/p>\n<\/div>\n<\/div>\n\n\n\n<div class=\"wp-block-columns alignwide are-vertically-aligned-center mobile-reverse is-layout-flex wp-container-core-columns-is-layout-e8158c2f wp-block-columns-is-layout-flex\" style=\"padding-top:var(--wp--preset--spacing--side-padding)\">\n<div class=\"wp-block-column is-vertically-aligned-center is-layout-flow wp-block-column-is-layout-flow\">\n<h3 class=\"wp-block-heading\" style=\"margin-bottom:var(--wp--preset--spacing--h-3-bottom)\"><strong><strong><strong>Polyvalence pour tous les niveaux de forme physique<\/strong><\/strong><\/strong><\/h3>\n\n\n\n<p><strong><em><strong><em><strong>Qualit\u00e9 et valeur<\/strong><\/em><\/strong><\/em><\/strong><\/p>\n\n\n\n<p>Qu&rsquo;il s&rsquo;agisse d&rsquo;un entra\u00eenement individuel, collectif, fonctionnel ou CrossFit, les kettlebells Evolve r\u00e9pondent \u00e0 tous les besoins. Leur gamme vari\u00e9e, en termes de taille, de diam\u00e8tre et d&rsquo;\u00e9paisseur de la poign\u00e9e, vous permet de choisir le kettlebell id\u00e9al pour vos besoins d&rsquo;entra\u00eenement. Disponibles dans des poids allant de 4 kg \u00e0 14 kg, ces kettlebells sont dot\u00e9s d&rsquo;une base large et plate qui leur conf\u00e8re une stabilit\u00e9 in\u00e9gal\u00e9e, \u00e9liminant ainsi les oscillations et am\u00e9liorant votre exp\u00e9rience de l&rsquo;exercice.<\/p>\n<\/div>\n\n\n\n<div class=\"wp-block-column is-vertically-aligned-center is-layout-flow wp-block-column-is-layout-flow\">\n<figure class=\"wp-block-image alignright size-full is-resized is-style-rounded\"><img loading=\"lazy\" decoding=\"async\" width=\"680\" height=\"600\" src=\"https:\/\/evolve-fitness.eu\/wp-content\/uploads\/2023\/11\/Evolve-Rubber-Kettlebells-3.png\" alt=\"\" class=\"wp-image-5701\" style=\"object-fit:cover;width:680px;height:600px\" srcset=\"https:\/\/evolve-fitness.eu\/wp-content\/uploads\/2023\/11\/Evolve-Rubber-Kettlebells-3.png 680w, https:\/\/evolve-fitness.eu\/wp-content\/uploads\/2023\/11\/Evolve-Rubber-Kettlebells-3-300x265.png 300w, https:\/\/evolve-fitness.eu\/wp-content\/uploads\/2023\/11\/Evolve-Rubber-Kettlebells-3-170x150.png 170w, https:\/\/evolve-fitness.eu\/wp-content\/uploads\/2023\/11\/Evolve-Rubber-Kettlebells-3-600x529.png 600w, https:\/\/evolve-fitness.eu\/wp-content\/uploads\/2023\/11\/Evolve-Rubber-Kettlebells-3-150x132.png 150w\" sizes=\"auto, (max-width: 680px) 100vw, 680px\" \/><\/figure>\n<\/div>\n<\/div>\n\n\n\n<p class=\"has-text-align-center has-medium-font-size\"><strong>D\u00e9couvrez la diff\u00e9rence Evolve et transformez votre parcours de remise en forme avec notre gamme de kettlebells en caoutchouc. Con\u00e7us pour ceux qui appr\u00e9cient la qualit\u00e9 et la performance, les kettlebells Evolve sont votre partenaire de confiance pour atteindre vos objectifs en mati\u00e8re de force et de conditionnement.<\/strong><\/p>\n<\/section>\n","protected":false},"excerpt":{"rendered":"<p>Les kettlebells Evolve sont recouverts de caoutchouc et fabriqu\u00e9s \u00e0 partir d&rsquo;un alliage m\u00e9tallique solide. La base plate de la kettlebell assure une stabilit\u00e9 maximale, tandis que les poign\u00e9es antid\u00e9rapantes permettent une prise ferme pendant les exercices. Le diam\u00e8tre de la poign\u00e9e varie en fonction du poids de la kettlebell. Le rev\u00eatement en caoutchouc assure non seulement un fonctionnement silencieux, mais prot\u00e8ge \u00e9galement le m\u00e9tal contre les dommages, les rayures et la rouille.<\/p>\n","protected":false},"featured_media":37678,"template":"","meta":{"_acf_changed":false,"inline_featured_image":false},"product_brand":[],"product_cat":[1452,4857],"product_tag":[],"class_list":{"0":"post-37658","1":"product","2":"type-product","3":"status-publish","4":"has-post-thumbnail","6":"product_cat-poids-libres","7":"product_cat-kettlebells-fr","9":"first","10":"instock","11":"shipping-taxable","12":"purchasable","13":"product-type-variable"},"acf":{"long_title":"Kettlebells en caoutchouc Evolve","subtitle":"","specifications":[{"label":"SKU","text_value":"EV-KB-RB","icon":"x"},{"label":"Poign\u00e9e chrom\u00e9e pour une finition \u00e9l\u00e9gante.","text_value":"","icon":"v"},{"label":"Rev\u00eatement en caoutchouc durable pour la long\u00e9vit\u00e9 et la protection du sol","text_value":"","icon":"v"},{"label":"Base large et plate assurant un \u00e9quilibre et une stabilit\u00e9 parfaits","text_value":"","icon":"v"}]},"yoast_head":"<!-- This site is optimized with the Yoast SEO plugin v26.6 - https:\/\/yoast.com\/wordpress\/plugins\/seo\/ -->\n<title>Kettlebells en caoutchouc Evolve 4-14 kg - Evolve<\/title>\n<meta name=\"robots\" content=\"index, follow, max-snippet:-1, max-image-preview:large, max-video-preview:-1\" \/>\n<link rel=\"canonical\" href=\"https:\/\/evolve-fitness.eu\/fr\/produit\/kettlebells-en-caoutchouc-evolve-4-14-kg\/\" \/>\n<meta property=\"og:locale\" content=\"fr_FR\" \/>\n<meta property=\"og:type\" content=\"article\" \/>\n<meta property=\"og:title\" content=\"Kettlebells en caoutchouc Evolve 4-14 kg - Evolve\" \/>\n<meta property=\"og:url\" content=\"https:\/\/evolve-fitness.eu\/fr\/produit\/kettlebells-en-caoutchouc-evolve-4-14-kg\/\" \/>\n<meta property=\"og:site_name\" content=\"Evolve\" \/>\n<meta property=\"article:publisher\" content=\"https:\/\/www.facebook.com\/EvolveFitnessEurope\" \/>\n<meta property=\"article:modified_time\" content=\"2024-07-31T12:37:51+00:00\" \/>\n<meta property=\"og:image\" content=\"https:\/\/evolve-fitness.eu\/wp-content\/uploads\/2023\/11\/EV-KB-RB-4.png\" \/>\n\t<meta property=\"og:image:width\" content=\"680\" \/>\n\t<meta property=\"og:image:height\" content=\"600\" \/>\n\t<meta property=\"og:image:type\" content=\"image\/png\" \/>\n<meta name=\"twitter:card\" content=\"summary_large_image\" \/>\n<script type=\"application\/ld+json\" class=\"yoast-schema-graph\">{\"@context\":\"https:\/\/schema.org\",\"@graph\":[{\"@type\":\"WebPage\",\"@id\":\"https:\/\/evolve-fitness.eu\/fr\/produit\/kettlebells-en-caoutchouc-evolve-4-14-kg\/\",\"url\":\"https:\/\/evolve-fitness.eu\/fr\/produit\/kettlebells-en-caoutchouc-evolve-4-14-kg\/\",\"name\":\"Kettlebells en caoutchouc Evolve 4-14 kg - Evolve\",\"isPartOf\":{\"@id\":\"https:\/\/evolve-fitness.eu\/fr\/#website\"},\"primaryImageOfPage\":{\"@id\":\"https:\/\/evolve-fitness.eu\/fr\/produit\/kettlebells-en-caoutchouc-evolve-4-14-kg\/#primaryimage\"},\"image\":{\"@id\":\"https:\/\/evolve-fitness.eu\/fr\/produit\/kettlebells-en-caoutchouc-evolve-4-14-kg\/#primaryimage\"},\"thumbnailUrl\":\"https:\/\/evolve-fitness.eu\/wp-content\/uploads\/2023\/11\/EV-KB-RB-4.png\",\"datePublished\":\"2023-11-14T06:45:22+00:00\",\"dateModified\":\"2024-07-31T12:37:51+00:00\",\"breadcrumb\":{\"@id\":\"https:\/\/evolve-fitness.eu\/fr\/produit\/kettlebells-en-caoutchouc-evolve-4-14-kg\/#breadcrumb\"},\"inLanguage\":\"fr-FR\",\"potentialAction\":[{\"@type\":\"ReadAction\",\"target\":[\"https:\/\/evolve-fitness.eu\/fr\/produit\/kettlebells-en-caoutchouc-evolve-4-14-kg\/\"]}]},{\"@type\":\"ImageObject\",\"inLanguage\":\"fr-FR\",\"@id\":\"https:\/\/evolve-fitness.eu\/fr\/produit\/kettlebells-en-caoutchouc-evolve-4-14-kg\/#primaryimage\",\"url\":\"https:\/\/evolve-fitness.eu\/wp-content\/uploads\/2023\/11\/EV-KB-RB-4.png\",\"contentUrl\":\"https:\/\/evolve-fitness.eu\/wp-content\/uploads\/2023\/11\/EV-KB-RB-4.png\",\"width\":680,\"height\":600,\"caption\":\"EV-KB-RB\"},{\"@type\":\"BreadcrumbList\",\"@id\":\"https:\/\/evolve-fitness.eu\/fr\/produit\/kettlebells-en-caoutchouc-evolve-4-14-kg\/#breadcrumb\",\"itemListElement\":[{\"@type\":\"ListItem\",\"position\":1,\"name\":\"Home\",\"item\":\"https:\/\/evolve-fitness.eu\/fr\/\"},{\"@type\":\"ListItem\",\"position\":2,\"name\":\"Produits\",\"item\":\"https:\/\/evolve-fitness.eu\/fr\/shop\/\"},{\"@type\":\"ListItem\",\"position\":3,\"name\":\"Kettlebells en caoutchouc Evolve 4-14 kg\"}]},{\"@type\":\"WebSite\",\"@id\":\"https:\/\/evolve-fitness.eu\/fr\/#website\",\"url\":\"https:\/\/evolve-fitness.eu\/fr\/\",\"name\":\"Evolve\",\"description\":\"Your Evolved Gear Arrived\",\"publisher\":{\"@id\":\"https:\/\/evolve-fitness.eu\/fr\/#organization\"},\"potentialAction\":[{\"@type\":\"SearchAction\",\"target\":{\"@type\":\"EntryPoint\",\"urlTemplate\":\"https:\/\/evolve-fitness.eu\/fr\/?s={search_term_string}\"},\"query-input\":{\"@type\":\"PropertyValueSpecification\",\"valueRequired\":true,\"valueName\":\"search_term_string\"}}],\"inLanguage\":\"fr-FR\"},{\"@type\":\"Organization\",\"@id\":\"https:\/\/evolve-fitness.eu\/fr\/#organization\",\"name\":\"Evolve\",\"url\":\"https:\/\/evolve-fitness.eu\/fr\/\",\"logo\":{\"@type\":\"ImageObject\",\"inLanguage\":\"fr-FR\",\"@id\":\"https:\/\/evolve-fitness.eu\/fr\/#\/schema\/logo\/image\/\",\"url\":\"https:\/\/evolve-fitness.eu\/wp-content\/uploads\/2023\/05\/Evolve-logo.svg\",\"contentUrl\":\"https:\/\/evolve-fitness.eu\/wp-content\/uploads\/2023\/05\/Evolve-logo.svg\",\"width\":176,\"height\":20,\"caption\":\"Evolve\"},\"image\":{\"@id\":\"https:\/\/evolve-fitness.eu\/fr\/#\/schema\/logo\/image\/\"},\"sameAs\":[\"https:\/\/www.facebook.com\/EvolveFitnessEurope\"]}]}<\/script>\n<!-- \/ Yoast SEO plugin. -->","yoast_head_json":{"title":"Kettlebells en caoutchouc Evolve 4-14 kg - Evolve","robots":{"index":"index","follow":"follow","max-snippet":"max-snippet:-1","max-image-preview":"max-image-preview:large","max-video-preview":"max-video-preview:-1"},"canonical":"https:\/\/evolve-fitness.eu\/fr\/produit\/kettlebells-en-caoutchouc-evolve-4-14-kg\/","og_locale":"fr_FR","og_type":"article","og_title":"Kettlebells en caoutchouc Evolve 4-14 kg - Evolve","og_url":"https:\/\/evolve-fitness.eu\/fr\/produit\/kettlebells-en-caoutchouc-evolve-4-14-kg\/","og_site_name":"Evolve","article_publisher":"https:\/\/www.facebook.com\/EvolveFitnessEurope","article_modified_time":"2024-07-31T12:37:51+00:00","og_image":[{"width":680,"height":600,"url":"https:\/\/evolve-fitness.eu\/wp-content\/uploads\/2023\/11\/EV-KB-RB-4.png","type":"image\/png"}],"twitter_card":"summary_large_image","schema":{"@context":"https:\/\/schema.org","@graph":[{"@type":"WebPage","@id":"https:\/\/evolve-fitness.eu\/fr\/produit\/kettlebells-en-caoutchouc-evolve-4-14-kg\/","url":"https:\/\/evolve-fitness.eu\/fr\/produit\/kettlebells-en-caoutchouc-evolve-4-14-kg\/","name":"Kettlebells en caoutchouc Evolve 4-14 kg - Evolve","isPartOf":{"@id":"https:\/\/evolve-fitness.eu\/fr\/#website"},"primaryImageOfPage":{"@id":"https:\/\/evolve-fitness.eu\/fr\/produit\/kettlebells-en-caoutchouc-evolve-4-14-kg\/#primaryimage"},"image":{"@id":"https:\/\/evolve-fitness.eu\/fr\/produit\/kettlebells-en-caoutchouc-evolve-4-14-kg\/#primaryimage"},"thumbnailUrl":"https:\/\/evolve-fitness.eu\/wp-content\/uploads\/2023\/11\/EV-KB-RB-4.png","datePublished":"2023-11-14T06:45:22+00:00","dateModified":"2024-07-31T12:37:51+00:00","breadcrumb":{"@id":"https:\/\/evolve-fitness.eu\/fr\/produit\/kettlebells-en-caoutchouc-evolve-4-14-kg\/#breadcrumb"},"inLanguage":"fr-FR","potentialAction":[{"@type":"ReadAction","target":["https:\/\/evolve-fitness.eu\/fr\/produit\/kettlebells-en-caoutchouc-evolve-4-14-kg\/"]}]},{"@type":"ImageObject","inLanguage":"fr-FR","@id":"https:\/\/evolve-fitness.eu\/fr\/produit\/kettlebells-en-caoutchouc-evolve-4-14-kg\/#primaryimage","url":"https:\/\/evolve-fitness.eu\/wp-content\/uploads\/2023\/11\/EV-KB-RB-4.png","contentUrl":"https:\/\/evolve-fitness.eu\/wp-content\/uploads\/2023\/11\/EV-KB-RB-4.png","width":680,"height":600,"caption":"EV-KB-RB"},{"@type":"BreadcrumbList","@id":"https:\/\/evolve-fitness.eu\/fr\/produit\/kettlebells-en-caoutchouc-evolve-4-14-kg\/#breadcrumb","itemListElement":[{"@type":"ListItem","position":1,"name":"Home","item":"https:\/\/evolve-fitness.eu\/fr\/"},{"@type":"ListItem","position":2,"name":"Produits","item":"https:\/\/evolve-fitness.eu\/fr\/shop\/"},{"@type":"ListItem","position":3,"name":"Kettlebells en caoutchouc Evolve 4-14 kg"}]},{"@type":"WebSite","@id":"https:\/\/evolve-fitness.eu\/fr\/#website","url":"https:\/\/evolve-fitness.eu\/fr\/","name":"Evolve","description":"Your Evolved Gear Arrived","publisher":{"@id":"https:\/\/evolve-fitness.eu\/fr\/#organization"},"potentialAction":[{"@type":"SearchAction","target":{"@type":"EntryPoint","urlTemplate":"https:\/\/evolve-fitness.eu\/fr\/?s={search_term_string}"},"query-input":{"@type":"PropertyValueSpecification","valueRequired":true,"valueName":"search_term_string"}}],"inLanguage":"fr-FR"},{"@type":"Organization","@id":"https:\/\/evolve-fitness.eu\/fr\/#organization","name":"Evolve","url":"https:\/\/evolve-fitness.eu\/fr\/","logo":{"@type":"ImageObject","inLanguage":"fr-FR","@id":"https:\/\/evolve-fitness.eu\/fr\/#\/schema\/logo\/image\/","url":"https:\/\/evolve-fitness.eu\/wp-content\/uploads\/2023\/05\/Evolve-logo.svg","contentUrl":"https:\/\/evolve-fitness.eu\/wp-content\/uploads\/2023\/05\/Evolve-logo.svg","width":176,"height":20,"caption":"Evolve"},"image":{"@id":"https:\/\/evolve-fitness.eu\/fr\/#\/schema\/logo\/image\/"},"sameAs":["https:\/\/www.facebook.com\/EvolveFitnessEurope"]}]}},"_links":{"self":[{"href":"https:\/\/evolve-fitness.eu\/fr\/wp-json\/wp\/v2\/product\/37658","targetHints":{"allow":["GET"]}}],"collection":[{"href":"https:\/\/evolve-fitness.eu\/fr\/wp-json\/wp\/v2\/product"}],"about":[{"href":"https:\/\/evolve-fitness.eu\/fr\/wp-json\/wp\/v2\/types\/product"}],"wp:featuredmedia":[{"embeddable":true,"href":"https:\/\/evolve-fitness.eu\/fr\/wp-json\/wp\/v2\/media\/37678"}],"wp:attachment":[{"href":"https:\/\/evolve-fitness.eu\/fr\/wp-json\/wp\/v2\/media?parent=37658"}],"wp:term":[{"taxonomy":"product_brand","embeddable":true,"href":"https:\/\/evolve-fitness.eu\/fr\/wp-json\/wp\/v2\/product_brand?post=37658"},{"taxonomy":"product_cat","embeddable":true,"href":"https:\/\/evolve-fitness.eu\/fr\/wp-json\/wp\/v2\/product_cat?post=37658"},{"taxonomy":"product_tag","embeddable":true,"href":"https:\/\/evolve-fitness.eu\/fr\/wp-json\/wp\/v2\/product_tag?post=37658"}],"curies":[{"name":"wp","href":"https:\/\/api.w.org\/{rel}","templated":true}]}}