{"id":37946,"date":"2023-11-14T07:48:07","date_gmt":"2023-11-14T05:48:07","guid":{"rendered":"https:\/\/evolve-fitness.eu\/product\/kettlebells-en-fonte-evolve\/"},"modified":"2024-05-07T09:52:16","modified_gmt":"2024-05-07T09:52:16","slug":"kettlebells-en-fonte-evolve","status":"publish","type":"product","link":"https:\/\/evolve-fitness.eu\/fr\/produit\/kettlebells-en-fonte-evolve\/","title":{"rendered":"Kettlebells en fonte Evolve"},"content":{"rendered":"\n<section class=\"wp-block-group alignfull has-lightgray-background-color has-background is-layout-constrained wp-block-group-is-layout-constrained\">\n<div class=\"wp-block-columns alignwide is-layout-flex wp-container-core-columns-is-layout-2edb0647 wp-block-columns-is-layout-flex\" style=\"margin-top:0;margin-bottom:0\">\n<div class=\"wp-block-column is-layout-flow wp-block-column-is-layout-flow\" style=\"flex-basis:33.33%\"><\/div>\n\n\n\n<div class=\"wp-block-column is-layout-flow wp-block-column-is-layout-flow\" style=\"flex-basis:66.66%\"><\/div>\n<\/div>\n<\/section>\n\n<section class=\"wp-block-group alignfull black-content has-white-color has-darkgray-background-color has-text-color has-background is-layout-constrained wp-block-group-is-layout-constrained\" style=\"padding-top:var(--wp--preset--spacing--section-bottom);padding-bottom:var(--wp--preset--spacing--section-bottom)\">\n<div class=\"wp-block-columns alignwide mobile-reverse is-layout-flex wp-container-core-columns-is-layout-ca64bf2d wp-block-columns-is-layout-flex\" style=\"margin-bottom:var(--wp--preset--spacing--side-padding)\">\n<div class=\"wp-block-column is-vertically-aligned-center is-layout-flow wp-block-column-is-layout-flow\">\n<h3 class=\"wp-block-heading\" style=\"margin-bottom:var(--wp--preset--spacing--h-3-bottom)\"><strong>Durabilit\u00e9 exceptionnelle<\/strong><\/h3>\n\n\n\n<p><strong><em><strong><em><strong><em>Construit pour durer<\/em><\/strong><\/em><\/strong><\/em><\/strong><\/p>\n\n\n\n<p>Les kettlebells Evolve sont fabriqu\u00e9s \u00e0 partir d&rsquo;un alliage de fer robuste, garantissant une durabilit\u00e9 et une r\u00e9sistance \u00e0 la d\u00e9formation exceptionnelles. La technique de moulage en une seule pi\u00e8ce utilis\u00e9e pour leur fabrication garantit non seulement la pr\u00e9cision de l&rsquo;\u00e9quilibre et la solidit\u00e9 de la structure, mais aussi la long\u00e9vit\u00e9. Ces kettlebells sont r\u00e9sistants \u00e0 l&rsquo;usure et aux d\u00e9chirures, ce qui les rend adapt\u00e9s \u00e0 une utilisation intensive dans les salles de sport professionnelles, les bases militaires, les centres de r\u00e9\u00e9ducation et les salles de sport \u00e0 domicile.<\/p>\n<\/div>\n\n\n\n<div class=\"wp-block-column is-vertically-aligned-center is-layout-flow wp-block-column-is-layout-flow\">\n<figure class=\"wp-block-video\"><video height=\"720\" style=\"aspect-ratio: 1280 \/ 720;\" width=\"1280\" autoplay=\"\" controls=\"\" loop=\"\" muted=\"\" src=\"https:\/\/evolve-fitness.eu\/wp-content\/uploads\/2023\/11\/EVOLVE-CAST-IRON-KETTLEBELLS.mp4\"><\/video><\/figure>\n<\/div>\n<\/div>\n\n\n\n<div class=\"wp-block-columns alignwide is-layout-flex wp-container-core-columns-is-layout-c45ee707 wp-block-columns-is-layout-flex\" style=\"margin-bottom:var(--wp--preset--spacing--side-padding);padding-top:var(--wp--preset--spacing--side-padding)\">\n<div class=\"wp-block-column is-vertically-aligned-center is-layout-flow wp-block-column-is-layout-flow\">\n<figure class=\"wp-block-image size-full is-resized is-style-rounded\"><img loading=\"lazy\" decoding=\"async\" width=\"680\" height=\"600\" src=\"https:\/\/evolve-fitness.eu\/wp-content\/uploads\/2023\/11\/EVOLVE-CAST-IRON-KETTLEBELLS.png\" alt=\"\" class=\"wp-image-5735\" style=\"object-fit:cover;width:680px;height:600px\" srcset=\"https:\/\/evolve-fitness.eu\/wp-content\/uploads\/2023\/11\/EVOLVE-CAST-IRON-KETTLEBELLS.png 680w, https:\/\/evolve-fitness.eu\/wp-content\/uploads\/2023\/11\/EVOLVE-CAST-IRON-KETTLEBELLS-300x265.png 300w, https:\/\/evolve-fitness.eu\/wp-content\/uploads\/2023\/11\/EVOLVE-CAST-IRON-KETTLEBELLS-170x150.png 170w, https:\/\/evolve-fitness.eu\/wp-content\/uploads\/2023\/11\/EVOLVE-CAST-IRON-KETTLEBELLS-600x529.png 600w, https:\/\/evolve-fitness.eu\/wp-content\/uploads\/2023\/11\/EVOLVE-CAST-IRON-KETTLEBELLS-150x132.png 150w\" sizes=\"auto, (max-width: 680px) 100vw, 680px\" \/><\/figure>\n<\/div>\n\n\n\n<div class=\"wp-block-column is-vertically-aligned-center is-layout-flow wp-block-column-is-layout-flow\">\n<h3 class=\"wp-block-heading\" style=\"margin-bottom:var(--wp--preset--spacing--h-3-bottom)\"><strong><strong>Fonctionnalit\u00e9<\/strong><\/strong><\/h3>\n\n\n\n<p><strong><em>Con\u00e7u pour la performance<\/em><\/strong><\/p>\n\n\n\n<p>Chaque kettlebell Evolve est dot\u00e9 d&rsquo;une poign\u00e9e textur\u00e9e antid\u00e9rapante l\u00e9g\u00e8rement incurv\u00e9e, offrant une prise solide et stable. Cette conception est cruciale pour les exercices n\u00e9cessitant des mouvements brusques et aigus, ce qui les rend id\u00e9aux pour l&rsquo;entra\u00eenement individuel, collectif, fonctionnel ou CrossFit. La surface rugueuse des poign\u00e9es est propice \u00e0 la tenue du magn\u00e9sium, assurant une prise s\u00fbre m\u00eame lors des s\u00e9ances d&rsquo;entra\u00eenement les plus intenses.<\/p>\n<\/div>\n<\/div>\n\n\n\n<div class=\"wp-block-columns alignwide are-vertically-aligned-center mobile-reverse is-layout-flex wp-container-core-columns-is-layout-e8158c2f wp-block-columns-is-layout-flex\" style=\"padding-top:var(--wp--preset--spacing--side-padding)\">\n<div class=\"wp-block-column is-vertically-aligned-center is-layout-flow wp-block-column-is-layout-flow\">\n<h3 class=\"wp-block-heading\" style=\"margin-bottom:var(--wp--preset--spacing--h-3-bottom)\"><strong><strong><strong>Un excellent choix  <\/strong><\/strong><\/strong><\/h3>\n\n\n\n<p><strong><em><strong><em><strong><strong><strong><strong>Pour des besoins de formation vari\u00e9s<\/strong><\/strong><\/strong><\/strong><\/em><\/strong><\/em><\/strong><\/p>\n\n\n\n<p>Les kettlebells Evolve ne sont pas seulement une question de force, mais aussi de polyvalence. Disponibles dans des poids allant de 4 \u00e0 32 kg, ces kettlebells s&rsquo;adressent \u00e0 diff\u00e9rents niveaux de condition physique et styles d&rsquo;entra\u00eenement. La base plate de chaque kettlebell assure une stabilit\u00e9 maximale, emp\u00eachant le vacillement et permettant d&rsquo;effectuer une grande vari\u00e9t\u00e9 d&rsquo;exercices en toute s\u00e9curit\u00e9.<\/p>\n<\/div>\n\n\n\n<div class=\"wp-block-column is-vertically-aligned-center is-layout-flow wp-block-column-is-layout-flow\">\n<figure class=\"wp-block-image alignright size-full is-resized is-style-rounded\"><img loading=\"lazy\" decoding=\"async\" width=\"680\" height=\"600\" src=\"https:\/\/evolve-fitness.eu\/wp-content\/uploads\/2023\/11\/EVOLVE-CAST-IRON-KETTLEBELLS-2.png\" alt=\"\" class=\"wp-image-5731\" style=\"object-fit:cover;width:680px;height:600px\" srcset=\"https:\/\/evolve-fitness.eu\/wp-content\/uploads\/2023\/11\/EVOLVE-CAST-IRON-KETTLEBELLS-2.png 680w, https:\/\/evolve-fitness.eu\/wp-content\/uploads\/2023\/11\/EVOLVE-CAST-IRON-KETTLEBELLS-2-300x265.png 300w, https:\/\/evolve-fitness.eu\/wp-content\/uploads\/2023\/11\/EVOLVE-CAST-IRON-KETTLEBELLS-2-170x150.png 170w, https:\/\/evolve-fitness.eu\/wp-content\/uploads\/2023\/11\/EVOLVE-CAST-IRON-KETTLEBELLS-2-600x529.png 600w, https:\/\/evolve-fitness.eu\/wp-content\/uploads\/2023\/11\/EVOLVE-CAST-IRON-KETTLEBELLS-2-150x132.png 150w\" sizes=\"auto, (max-width: 680px) 100vw, 680px\" \/><\/figure>\n<\/div>\n<\/div>\n\n\n\n<div class=\"wp-block-columns alignwide are-vertically-aligned-center mobile-reverse is-layout-flex wp-container-core-columns-is-layout-e8158c2f wp-block-columns-is-layout-flex\" style=\"padding-top:var(--wp--preset--spacing--side-padding)\">\n<div class=\"wp-block-column is-vertically-aligned-center is-layout-flow wp-block-column-is-layout-flow\">\n<figure class=\"wp-block-image alignright size-full is-resized is-style-rounded\"><img loading=\"lazy\" decoding=\"async\" width=\"680\" height=\"600\" src=\"https:\/\/evolve-fitness.eu\/wp-content\/uploads\/2023\/11\/EVOLVE-CAST-IRON-KETTLEBELLS-3.png\" alt=\"\" class=\"wp-image-5733\" style=\"object-fit:cover;width:680px;height:600px\" srcset=\"https:\/\/evolve-fitness.eu\/wp-content\/uploads\/2023\/11\/EVOLVE-CAST-IRON-KETTLEBELLS-3.png 680w, https:\/\/evolve-fitness.eu\/wp-content\/uploads\/2023\/11\/EVOLVE-CAST-IRON-KETTLEBELLS-3-300x265.png 300w, https:\/\/evolve-fitness.eu\/wp-content\/uploads\/2023\/11\/EVOLVE-CAST-IRON-KETTLEBELLS-3-170x150.png 170w, https:\/\/evolve-fitness.eu\/wp-content\/uploads\/2023\/11\/EVOLVE-CAST-IRON-KETTLEBELLS-3-600x529.png 600w, https:\/\/evolve-fitness.eu\/wp-content\/uploads\/2023\/11\/EVOLVE-CAST-IRON-KETTLEBELLS-3-150x132.png 150w\" sizes=\"auto, (max-width: 680px) 100vw, 680px\" \/><\/figure>\n<\/div>\n\n\n\n<div class=\"wp-block-column is-vertically-aligned-center is-layout-flow wp-block-column-is-layout-flow\">\n<h3 class=\"wp-block-heading\" style=\"margin-bottom:var(--wp--preset--spacing--h-3-bottom)\"><strong><strong><strong>R\u00e9sistance facile \u00e0 modifier<\/strong><\/strong><\/strong><\/h3>\n\n\n\n<p><strong><em><strong><em><strong><strong><strong><strong>Code couleur pratique<\/strong><\/strong><\/strong><\/strong><\/em><\/strong><\/em><\/strong><\/p>\n\n\n\n<p>Pour faciliter la t\u00e2che de l&rsquo;utilisateur, les kettlebells Evolve sont dot\u00e9s de poign\u00e9es \u00e0 code couleur, ce qui permet aux utilisateurs d&rsquo;identifier facilement les diff\u00e9rents poids d&rsquo;un seul coup d&rsquo;\u0153il. Cette fonction est particuli\u00e8rement utile dans les environnements d&rsquo;entra\u00eenement rapides o\u00f9 les changements de poids sont fr\u00e9quents.<\/p>\n<\/div>\n<\/div>\n\n\n\n<p class=\"has-text-align-center has-medium-font-size\"><strong>Les Kettlebells en fonte Evolve sont l&rsquo;incarnation de la qualit\u00e9 et de la fonctionnalit\u00e9. Que vous soyez un passionn\u00e9 de fitness, un athl\u00e8te professionnel ou un propri\u00e9taire de salle de sport, ces kettlebells sont un excellent choix pour r\u00e9pondre \u00e0 un large \u00e9ventail de besoins d&rsquo;entra\u00eenement, combinant durabilit\u00e9, fonctionnalit\u00e9 et facilit\u00e9 d&rsquo;utilisation dans un outil de fitness exceptionnel.<\/strong><\/p>\n<\/section>\n","protected":false},"excerpt":{"rendered":"<p>Lib\u00e9rez votre potentiel de remise en forme avec les Kettlebells en fonte Evolve<br \/>\nDans le monde dynamique du fitness, les Kettlebells en fonte Evolve se distinguent comme un symbole de durabilit\u00e9, de fonctionnalit\u00e9 et de style, con\u00e7u pour r\u00e9pondre aux divers besoins des amateurs de fitness. Que vous \u00e9quipiez une salle de sport professionnelle, que vous am\u00e9nagiez un espace d&rsquo;entra\u00eenement \u00e0 domicile ou que vous approvisionniez un centre de remise en forme commercial, la gamme de kettlebells d&rsquo;Evolve est con\u00e7ue pour am\u00e9liorer votre exp\u00e9rience d&rsquo;entra\u00eenement.<\/p>\n","protected":false},"featured_media":37961,"template":"","meta":{"_acf_changed":false,"inline_featured_image":false},"product_brand":[],"product_cat":[1452,4857],"product_tag":[],"class_list":{"0":"post-37946","1":"product","2":"type-product","3":"status-publish","4":"has-post-thumbnail","6":"product_cat-poids-libres","7":"product_cat-kettlebells-fr","9":"first","10":"instock","11":"shipping-taxable","12":"purchasable","13":"product-type-variable"},"acf":{"long_title":"Kettlebells en fonte Evolve","subtitle":"","specifications":[{"label":"SKU","text_value":"EV-KB-IK","icon":"x"},{"label":"Poign\u00e9es larges et textur\u00e9es pour une bonne prise en main","text_value":"","icon":"v"},{"label":"Code couleur pour une identification facile du poids","text_value":"","icon":"v"},{"label":"Base large et plate pour un \u00e9quilibre parfait","text_value":"","icon":"v"},{"label":"Moulage en fer d'une seule pi\u00e8ce avec un rev\u00eatement en poudre pour la protection contre la rouille.","text_value":"","icon":"v"}]},"yoast_head":"<!-- This site is optimized with the Yoast SEO plugin v26.6 - https:\/\/yoast.com\/wordpress\/plugins\/seo\/ -->\n<title>Kettlebells en fonte Evolve - Evolve<\/title>\n<meta name=\"robots\" content=\"index, follow, max-snippet:-1, max-image-preview:large, max-video-preview:-1\" \/>\n<link rel=\"canonical\" href=\"https:\/\/evolve-fitness.eu\/fr\/produit\/kettlebells-en-fonte-evolve\/\" \/>\n<meta property=\"og:locale\" content=\"fr_FR\" \/>\n<meta property=\"og:type\" content=\"article\" \/>\n<meta property=\"og:title\" content=\"Kettlebells en fonte Evolve - Evolve\" \/>\n<meta property=\"og:url\" content=\"https:\/\/evolve-fitness.eu\/fr\/produit\/kettlebells-en-fonte-evolve\/\" \/>\n<meta property=\"og:site_name\" content=\"Evolve\" \/>\n<meta property=\"article:publisher\" content=\"https:\/\/www.facebook.com\/EvolveFitnessEurope\" \/>\n<meta property=\"article:modified_time\" content=\"2024-05-07T09:52:16+00:00\" \/>\n<meta property=\"og:image\" content=\"https:\/\/evolve-fitness.eu\/wp-content\/uploads\/2023\/11\/EV-KB-RB-1.png\" \/>\n\t<meta property=\"og:image:width\" content=\"680\" \/>\n\t<meta property=\"og:image:height\" content=\"600\" \/>\n\t<meta property=\"og:image:type\" content=\"image\/png\" \/>\n<meta name=\"twitter:card\" content=\"summary_large_image\" \/>\n<script type=\"application\/ld+json\" class=\"yoast-schema-graph\">{\"@context\":\"https:\/\/schema.org\",\"@graph\":[{\"@type\":\"WebPage\",\"@id\":\"https:\/\/evolve-fitness.eu\/fr\/produit\/kettlebells-en-fonte-evolve\/\",\"url\":\"https:\/\/evolve-fitness.eu\/fr\/produit\/kettlebells-en-fonte-evolve\/\",\"name\":\"Kettlebells en fonte Evolve - Evolve\",\"isPartOf\":{\"@id\":\"https:\/\/evolve-fitness.eu\/fr\/#website\"},\"primaryImageOfPage\":{\"@id\":\"https:\/\/evolve-fitness.eu\/fr\/produit\/kettlebells-en-fonte-evolve\/#primaryimage\"},\"image\":{\"@id\":\"https:\/\/evolve-fitness.eu\/fr\/produit\/kettlebells-en-fonte-evolve\/#primaryimage\"},\"thumbnailUrl\":\"https:\/\/evolve-fitness.eu\/wp-content\/uploads\/2023\/11\/EV-KB-RB-1.png\",\"datePublished\":\"2023-11-14T05:48:07+00:00\",\"dateModified\":\"2024-05-07T09:52:16+00:00\",\"breadcrumb\":{\"@id\":\"https:\/\/evolve-fitness.eu\/fr\/produit\/kettlebells-en-fonte-evolve\/#breadcrumb\"},\"inLanguage\":\"fr-FR\",\"potentialAction\":[{\"@type\":\"ReadAction\",\"target\":[\"https:\/\/evolve-fitness.eu\/fr\/produit\/kettlebells-en-fonte-evolve\/\"]}]},{\"@type\":\"ImageObject\",\"inLanguage\":\"fr-FR\",\"@id\":\"https:\/\/evolve-fitness.eu\/fr\/produit\/kettlebells-en-fonte-evolve\/#primaryimage\",\"url\":\"https:\/\/evolve-fitness.eu\/wp-content\/uploads\/2023\/11\/EV-KB-RB-1.png\",\"contentUrl\":\"https:\/\/evolve-fitness.eu\/wp-content\/uploads\/2023\/11\/EV-KB-RB-1.png\",\"width\":680,\"height\":600},{\"@type\":\"BreadcrumbList\",\"@id\":\"https:\/\/evolve-fitness.eu\/fr\/produit\/kettlebells-en-fonte-evolve\/#breadcrumb\",\"itemListElement\":[{\"@type\":\"ListItem\",\"position\":1,\"name\":\"Home\",\"item\":\"https:\/\/evolve-fitness.eu\/fr\/\"},{\"@type\":\"ListItem\",\"position\":2,\"name\":\"Produits\",\"item\":\"https:\/\/evolve-fitness.eu\/fr\/shop\/\"},{\"@type\":\"ListItem\",\"position\":3,\"name\":\"Kettlebells en fonte Evolve\"}]},{\"@type\":\"WebSite\",\"@id\":\"https:\/\/evolve-fitness.eu\/fr\/#website\",\"url\":\"https:\/\/evolve-fitness.eu\/fr\/\",\"name\":\"Evolve\",\"description\":\"Your Evolved Gear Arrived\",\"publisher\":{\"@id\":\"https:\/\/evolve-fitness.eu\/fr\/#organization\"},\"potentialAction\":[{\"@type\":\"SearchAction\",\"target\":{\"@type\":\"EntryPoint\",\"urlTemplate\":\"https:\/\/evolve-fitness.eu\/fr\/?s={search_term_string}\"},\"query-input\":{\"@type\":\"PropertyValueSpecification\",\"valueRequired\":true,\"valueName\":\"search_term_string\"}}],\"inLanguage\":\"fr-FR\"},{\"@type\":\"Organization\",\"@id\":\"https:\/\/evolve-fitness.eu\/fr\/#organization\",\"name\":\"Evolve\",\"url\":\"https:\/\/evolve-fitness.eu\/fr\/\",\"logo\":{\"@type\":\"ImageObject\",\"inLanguage\":\"fr-FR\",\"@id\":\"https:\/\/evolve-fitness.eu\/fr\/#\/schema\/logo\/image\/\",\"url\":\"https:\/\/evolve-fitness.eu\/wp-content\/uploads\/2023\/05\/Evolve-logo.svg\",\"contentUrl\":\"https:\/\/evolve-fitness.eu\/wp-content\/uploads\/2023\/05\/Evolve-logo.svg\",\"width\":176,\"height\":20,\"caption\":\"Evolve\"},\"image\":{\"@id\":\"https:\/\/evolve-fitness.eu\/fr\/#\/schema\/logo\/image\/\"},\"sameAs\":[\"https:\/\/www.facebook.com\/EvolveFitnessEurope\"]}]}<\/script>\n<!-- \/ Yoast SEO plugin. -->","yoast_head_json":{"title":"Kettlebells en fonte Evolve - Evolve","robots":{"index":"index","follow":"follow","max-snippet":"max-snippet:-1","max-image-preview":"max-image-preview:large","max-video-preview":"max-video-preview:-1"},"canonical":"https:\/\/evolve-fitness.eu\/fr\/produit\/kettlebells-en-fonte-evolve\/","og_locale":"fr_FR","og_type":"article","og_title":"Kettlebells en fonte Evolve - Evolve","og_url":"https:\/\/evolve-fitness.eu\/fr\/produit\/kettlebells-en-fonte-evolve\/","og_site_name":"Evolve","article_publisher":"https:\/\/www.facebook.com\/EvolveFitnessEurope","article_modified_time":"2024-05-07T09:52:16+00:00","og_image":[{"width":680,"height":600,"url":"https:\/\/evolve-fitness.eu\/wp-content\/uploads\/2023\/11\/EV-KB-RB-1.png","type":"image\/png"}],"twitter_card":"summary_large_image","schema":{"@context":"https:\/\/schema.org","@graph":[{"@type":"WebPage","@id":"https:\/\/evolve-fitness.eu\/fr\/produit\/kettlebells-en-fonte-evolve\/","url":"https:\/\/evolve-fitness.eu\/fr\/produit\/kettlebells-en-fonte-evolve\/","name":"Kettlebells en fonte Evolve - Evolve","isPartOf":{"@id":"https:\/\/evolve-fitness.eu\/fr\/#website"},"primaryImageOfPage":{"@id":"https:\/\/evolve-fitness.eu\/fr\/produit\/kettlebells-en-fonte-evolve\/#primaryimage"},"image":{"@id":"https:\/\/evolve-fitness.eu\/fr\/produit\/kettlebells-en-fonte-evolve\/#primaryimage"},"thumbnailUrl":"https:\/\/evolve-fitness.eu\/wp-content\/uploads\/2023\/11\/EV-KB-RB-1.png","datePublished":"2023-11-14T05:48:07+00:00","dateModified":"2024-05-07T09:52:16+00:00","breadcrumb":{"@id":"https:\/\/evolve-fitness.eu\/fr\/produit\/kettlebells-en-fonte-evolve\/#breadcrumb"},"inLanguage":"fr-FR","potentialAction":[{"@type":"ReadAction","target":["https:\/\/evolve-fitness.eu\/fr\/produit\/kettlebells-en-fonte-evolve\/"]}]},{"@type":"ImageObject","inLanguage":"fr-FR","@id":"https:\/\/evolve-fitness.eu\/fr\/produit\/kettlebells-en-fonte-evolve\/#primaryimage","url":"https:\/\/evolve-fitness.eu\/wp-content\/uploads\/2023\/11\/EV-KB-RB-1.png","contentUrl":"https:\/\/evolve-fitness.eu\/wp-content\/uploads\/2023\/11\/EV-KB-RB-1.png","width":680,"height":600},{"@type":"BreadcrumbList","@id":"https:\/\/evolve-fitness.eu\/fr\/produit\/kettlebells-en-fonte-evolve\/#breadcrumb","itemListElement":[{"@type":"ListItem","position":1,"name":"Home","item":"https:\/\/evolve-fitness.eu\/fr\/"},{"@type":"ListItem","position":2,"name":"Produits","item":"https:\/\/evolve-fitness.eu\/fr\/shop\/"},{"@type":"ListItem","position":3,"name":"Kettlebells en fonte Evolve"}]},{"@type":"WebSite","@id":"https:\/\/evolve-fitness.eu\/fr\/#website","url":"https:\/\/evolve-fitness.eu\/fr\/","name":"Evolve","description":"Your Evolved Gear Arrived","publisher":{"@id":"https:\/\/evolve-fitness.eu\/fr\/#organization"},"potentialAction":[{"@type":"SearchAction","target":{"@type":"EntryPoint","urlTemplate":"https:\/\/evolve-fitness.eu\/fr\/?s={search_term_string}"},"query-input":{"@type":"PropertyValueSpecification","valueRequired":true,"valueName":"search_term_string"}}],"inLanguage":"fr-FR"},{"@type":"Organization","@id":"https:\/\/evolve-fitness.eu\/fr\/#organization","name":"Evolve","url":"https:\/\/evolve-fitness.eu\/fr\/","logo":{"@type":"ImageObject","inLanguage":"fr-FR","@id":"https:\/\/evolve-fitness.eu\/fr\/#\/schema\/logo\/image\/","url":"https:\/\/evolve-fitness.eu\/wp-content\/uploads\/2023\/05\/Evolve-logo.svg","contentUrl":"https:\/\/evolve-fitness.eu\/wp-content\/uploads\/2023\/05\/Evolve-logo.svg","width":176,"height":20,"caption":"Evolve"},"image":{"@id":"https:\/\/evolve-fitness.eu\/fr\/#\/schema\/logo\/image\/"},"sameAs":["https:\/\/www.facebook.com\/EvolveFitnessEurope"]}]}},"_links":{"self":[{"href":"https:\/\/evolve-fitness.eu\/fr\/wp-json\/wp\/v2\/product\/37946","targetHints":{"allow":["GET"]}}],"collection":[{"href":"https:\/\/evolve-fitness.eu\/fr\/wp-json\/wp\/v2\/product"}],"about":[{"href":"https:\/\/evolve-fitness.eu\/fr\/wp-json\/wp\/v2\/types\/product"}],"wp:featuredmedia":[{"embeddable":true,"href":"https:\/\/evolve-fitness.eu\/fr\/wp-json\/wp\/v2\/media\/37961"}],"wp:attachment":[{"href":"https:\/\/evolve-fitness.eu\/fr\/wp-json\/wp\/v2\/media?parent=37946"}],"wp:term":[{"taxonomy":"product_brand","embeddable":true,"href":"https:\/\/evolve-fitness.eu\/fr\/wp-json\/wp\/v2\/product_brand?post=37946"},{"taxonomy":"product_cat","embeddable":true,"href":"https:\/\/evolve-fitness.eu\/fr\/wp-json\/wp\/v2\/product_cat?post=37946"},{"taxonomy":"product_tag","embeddable":true,"href":"https:\/\/evolve-fitness.eu\/fr\/wp-json\/wp\/v2\/product_tag?post=37946"}],"curies":[{"name":"wp","href":"https:\/\/api.w.org\/{rel}","templated":true}]}}