{"id":42234,"date":"2023-12-22T09:18:14","date_gmt":"2023-12-22T09:18:14","guid":{"rendered":"https:\/\/evolve-fitness.eu\/product\/montants-evolve-pour-systemes-de-rangement-120-190-cm\/"},"modified":"2026-04-08T15:17:53","modified_gmt":"2026-04-08T12:17:53","slug":"montants-evolve-pour-systemes-de-rangement-120-190-cm","status":"publish","type":"product","link":"https:\/\/evolve-fitness.eu\/fr\/produit\/montants-evolve-pour-systemes-de-rangement-120-190-cm\/","title":{"rendered":"Montants Evolve pour syst\u00e8mes de rangement 120 \/ 190 cm (ST-UP)"},"content":{"rendered":"\n<section class=\"wp-block-group alignfull has-lightgray-background-color has-background is-layout-constrained wp-block-group-is-layout-constrained\">\n<div class=\"wp-block-columns alignwide is-layout-flex wp-container-core-columns-is-layout-2edb0647 wp-block-columns-is-layout-flex\" style=\"margin-top:0;margin-bottom:0\">\n<div class=\"wp-block-column is-layout-flow wp-block-column-is-layout-flow\" style=\"flex-basis:33.33%\"><\/div>\n\n\n\n<div class=\"wp-block-column is-layout-flow wp-block-column-is-layout-flow\" style=\"flex-basis:66.66%\"><\/div>\n<\/div>\n<\/section>\n","protected":false},"excerpt":{"rendered":"<p>Optimisez votre espace de rangement avec les montants Evolve pour syst\u00e8mes de rangement en 120 cm et 190 cm de hauteur. Ces montants robustes et polyvalents sont con\u00e7us pour am\u00e9liorer la fonctionnalit\u00e9 de votre syst\u00e8me de stockage, en fournissant un support fiable pour les \u00e9tag\u00e8res et les accessoires. Con\u00e7us pour durer, les montants Evolve s&rsquo;int\u00e8grent parfaitement \u00e0 votre environnement de fitness, vous permettant de cr\u00e9er un espace bien organis\u00e9 et efficace pour votre \u00e9quipement de gym. Am\u00e9liorez vos solutions de rangement avec les montants Evolve, con\u00e7us pour r\u00e9pondre aux exigences d&rsquo;un espace de fitness dynamique et fonctionnel.<\/p>\n","protected":false},"featured_media":42249,"template":"","meta":{"_acf_changed":false,"inline_featured_image":false},"product_brand":[],"product_cat":[2856,3603,2855],"product_tag":[],"class_list":{"0":"post-42234","1":"product","2":"type-product","3":"status-publish","4":"has-post-thumbnail","6":"product_cat-composants-de-lappareil-de-forage","7":"product_cat-stockage","8":"product_cat-transversal-et-fonctionnel","10":"first","11":"instock","12":"shipping-taxable","13":"purchasable","14":"product-type-variable"},"acf":{"long_title":"  Montants Evolve pour syst\u00e8mes de rangement 120 \/ 190 cm (ST-UP)","subtitle":"","specifications":[{"label":"SKU","text_value":"EV-ST-UP","icon":"x"}]},"yoast_head":"<!-- This site is optimized with the Yoast SEO plugin v27.4 - https:\/\/yoast.com\/product\/yoast-seo-wordpress\/ -->\n<title>Montants Evolve pour syst\u00e8mes de rangement 120 \/ 190 cm (ST-UP) - Evolve<\/title>\n<meta name=\"robots\" content=\"index, follow, max-snippet:-1, max-image-preview:large, max-video-preview:-1\" \/>\n<link rel=\"canonical\" href=\"https:\/\/evolve-fitness.eu\/fr\/produit\/montants-evolve-pour-systemes-de-rangement-120-190-cm\/\" \/>\n<meta property=\"og:locale\" content=\"fr_FR\" \/>\n<meta property=\"og:type\" content=\"article\" \/>\n<meta property=\"og:title\" content=\"Montants Evolve pour syst\u00e8mes de rangement 120 \/ 190 cm (ST-UP) - Evolve\" \/>\n<meta property=\"og:url\" content=\"https:\/\/evolve-fitness.eu\/fr\/produit\/montants-evolve-pour-systemes-de-rangement-120-190-cm\/\" \/>\n<meta property=\"og:site_name\" content=\"Evolve\" \/>\n<meta property=\"article:publisher\" content=\"https:\/\/www.facebook.com\/EvolveFitnessEurope\" \/>\n<meta property=\"article:modified_time\" content=\"2026-04-08T12:17:53+00:00\" \/>\n<meta property=\"og:image\" content=\"https:\/\/evolve-fitness.eu\/wp-content\/uploads\/2023\/12\/Evolve-Uprights-For-Storage-Systems-120-190-cm-.png\" \/>\n\t<meta property=\"og:image:width\" content=\"680\" \/>\n\t<meta property=\"og:image:height\" content=\"600\" \/>\n\t<meta property=\"og:image:type\" content=\"image\/png\" \/>\n<meta name=\"twitter:card\" content=\"summary_large_image\" \/>\n<script type=\"application\/ld+json\" class=\"yoast-schema-graph\">{\"@context\":\"https:\\\/\\\/schema.org\",\"@graph\":[{\"@type\":\"WebPage\",\"@id\":\"https:\\\/\\\/evolve-fitness.eu\\\/fr\\\/produit\\\/montants-evolve-pour-systemes-de-rangement-120-190-cm\\\/\",\"url\":\"https:\\\/\\\/evolve-fitness.eu\\\/fr\\\/produit\\\/montants-evolve-pour-systemes-de-rangement-120-190-cm\\\/\",\"name\":\"Montants Evolve pour syst\u00e8mes de rangement 120 \\\/ 190 cm (ST-UP) - Evolve\",\"isPartOf\":{\"@id\":\"https:\\\/\\\/evolve-fitness.eu\\\/fr\\\/#website\"},\"primaryImageOfPage\":{\"@id\":\"https:\\\/\\\/evolve-fitness.eu\\\/fr\\\/produit\\\/montants-evolve-pour-systemes-de-rangement-120-190-cm\\\/#primaryimage\"},\"image\":{\"@id\":\"https:\\\/\\\/evolve-fitness.eu\\\/fr\\\/produit\\\/montants-evolve-pour-systemes-de-rangement-120-190-cm\\\/#primaryimage\"},\"thumbnailUrl\":\"https:\\\/\\\/evolve-fitness.eu\\\/wp-content\\\/uploads\\\/2023\\\/12\\\/Evolve-Uprights-For-Storage-Systems-120-190-cm-.png\",\"datePublished\":\"2023-12-22T09:18:14+00:00\",\"dateModified\":\"2026-04-08T12:17:53+00:00\",\"breadcrumb\":{\"@id\":\"https:\\\/\\\/evolve-fitness.eu\\\/fr\\\/produit\\\/montants-evolve-pour-systemes-de-rangement-120-190-cm\\\/#breadcrumb\"},\"inLanguage\":\"fr-FR\",\"potentialAction\":[{\"@type\":\"ReadAction\",\"target\":[\"https:\\\/\\\/evolve-fitness.eu\\\/fr\\\/produit\\\/montants-evolve-pour-systemes-de-rangement-120-190-cm\\\/\"]}]},{\"@type\":\"ImageObject\",\"inLanguage\":\"fr-FR\",\"@id\":\"https:\\\/\\\/evolve-fitness.eu\\\/fr\\\/produit\\\/montants-evolve-pour-systemes-de-rangement-120-190-cm\\\/#primaryimage\",\"url\":\"https:\\\/\\\/evolve-fitness.eu\\\/wp-content\\\/uploads\\\/2023\\\/12\\\/Evolve-Uprights-For-Storage-Systems-120-190-cm-.png\",\"contentUrl\":\"https:\\\/\\\/evolve-fitness.eu\\\/wp-content\\\/uploads\\\/2023\\\/12\\\/Evolve-Uprights-For-Storage-Systems-120-190-cm-.png\",\"width\":680,\"height\":600,\"caption\":\"ER-ST-UP\"},{\"@type\":\"BreadcrumbList\",\"@id\":\"https:\\\/\\\/evolve-fitness.eu\\\/fr\\\/produit\\\/montants-evolve-pour-systemes-de-rangement-120-190-cm\\\/#breadcrumb\",\"itemListElement\":[{\"@type\":\"ListItem\",\"position\":1,\"name\":\"Home\",\"item\":\"https:\\\/\\\/evolve-fitness.eu\\\/fr\\\/\"},{\"@type\":\"ListItem\",\"position\":2,\"name\":\"Produits\",\"item\":\"https:\\\/\\\/evolve-fitness.eu\\\/fr\\\/shop\\\/\"},{\"@type\":\"ListItem\",\"position\":3,\"name\":\"Montants Evolve pour syst\u00e8mes de rangement 120 \\\/ 190 cm (ST-UP)\"}]},{\"@type\":\"WebSite\",\"@id\":\"https:\\\/\\\/evolve-fitness.eu\\\/fr\\\/#website\",\"url\":\"https:\\\/\\\/evolve-fitness.eu\\\/fr\\\/\",\"name\":\"Evolve\",\"description\":\"Your Evolved Gear Arrived\",\"publisher\":{\"@id\":\"https:\\\/\\\/evolve-fitness.eu\\\/fr\\\/#organization\"},\"potentialAction\":[{\"@type\":\"SearchAction\",\"target\":{\"@type\":\"EntryPoint\",\"urlTemplate\":\"https:\\\/\\\/evolve-fitness.eu\\\/fr\\\/?s={search_term_string}\"},\"query-input\":{\"@type\":\"PropertyValueSpecification\",\"valueRequired\":true,\"valueName\":\"search_term_string\"}}],\"inLanguage\":\"fr-FR\"},{\"@type\":\"Organization\",\"@id\":\"https:\\\/\\\/evolve-fitness.eu\\\/fr\\\/#organization\",\"name\":\"Evolve\",\"url\":\"https:\\\/\\\/evolve-fitness.eu\\\/fr\\\/\",\"logo\":{\"@type\":\"ImageObject\",\"inLanguage\":\"fr-FR\",\"@id\":\"https:\\\/\\\/evolve-fitness.eu\\\/fr\\\/#\\\/schema\\\/logo\\\/image\\\/\",\"url\":\"https:\\\/\\\/evolve-fitness.eu\\\/wp-content\\\/uploads\\\/2023\\\/05\\\/Evolve-logo.svg\",\"contentUrl\":\"https:\\\/\\\/evolve-fitness.eu\\\/wp-content\\\/uploads\\\/2023\\\/05\\\/Evolve-logo.svg\",\"width\":176,\"height\":20,\"caption\":\"Evolve\"},\"image\":{\"@id\":\"https:\\\/\\\/evolve-fitness.eu\\\/fr\\\/#\\\/schema\\\/logo\\\/image\\\/\"},\"sameAs\":[\"https:\\\/\\\/www.facebook.com\\\/EvolveFitnessEurope\"]}]}<\/script>\n<!-- \/ Yoast SEO plugin. -->","yoast_head_json":{"title":"Montants Evolve pour syst\u00e8mes de rangement 120 \/ 190 cm (ST-UP) - Evolve","robots":{"index":"index","follow":"follow","max-snippet":"max-snippet:-1","max-image-preview":"max-image-preview:large","max-video-preview":"max-video-preview:-1"},"canonical":"https:\/\/evolve-fitness.eu\/fr\/produit\/montants-evolve-pour-systemes-de-rangement-120-190-cm\/","og_locale":"fr_FR","og_type":"article","og_title":"Montants Evolve pour syst\u00e8mes de rangement 120 \/ 190 cm (ST-UP) - Evolve","og_url":"https:\/\/evolve-fitness.eu\/fr\/produit\/montants-evolve-pour-systemes-de-rangement-120-190-cm\/","og_site_name":"Evolve","article_publisher":"https:\/\/www.facebook.com\/EvolveFitnessEurope","article_modified_time":"2026-04-08T12:17:53+00:00","og_image":[{"width":680,"height":600,"url":"https:\/\/evolve-fitness.eu\/wp-content\/uploads\/2023\/12\/Evolve-Uprights-For-Storage-Systems-120-190-cm-.png","type":"image\/png"}],"twitter_card":"summary_large_image","schema":{"@context":"https:\/\/schema.org","@graph":[{"@type":"WebPage","@id":"https:\/\/evolve-fitness.eu\/fr\/produit\/montants-evolve-pour-systemes-de-rangement-120-190-cm\/","url":"https:\/\/evolve-fitness.eu\/fr\/produit\/montants-evolve-pour-systemes-de-rangement-120-190-cm\/","name":"Montants Evolve pour syst\u00e8mes de rangement 120 \/ 190 cm (ST-UP) - Evolve","isPartOf":{"@id":"https:\/\/evolve-fitness.eu\/fr\/#website"},"primaryImageOfPage":{"@id":"https:\/\/evolve-fitness.eu\/fr\/produit\/montants-evolve-pour-systemes-de-rangement-120-190-cm\/#primaryimage"},"image":{"@id":"https:\/\/evolve-fitness.eu\/fr\/produit\/montants-evolve-pour-systemes-de-rangement-120-190-cm\/#primaryimage"},"thumbnailUrl":"https:\/\/evolve-fitness.eu\/wp-content\/uploads\/2023\/12\/Evolve-Uprights-For-Storage-Systems-120-190-cm-.png","datePublished":"2023-12-22T09:18:14+00:00","dateModified":"2026-04-08T12:17:53+00:00","breadcrumb":{"@id":"https:\/\/evolve-fitness.eu\/fr\/produit\/montants-evolve-pour-systemes-de-rangement-120-190-cm\/#breadcrumb"},"inLanguage":"fr-FR","potentialAction":[{"@type":"ReadAction","target":["https:\/\/evolve-fitness.eu\/fr\/produit\/montants-evolve-pour-systemes-de-rangement-120-190-cm\/"]}]},{"@type":"ImageObject","inLanguage":"fr-FR","@id":"https:\/\/evolve-fitness.eu\/fr\/produit\/montants-evolve-pour-systemes-de-rangement-120-190-cm\/#primaryimage","url":"https:\/\/evolve-fitness.eu\/wp-content\/uploads\/2023\/12\/Evolve-Uprights-For-Storage-Systems-120-190-cm-.png","contentUrl":"https:\/\/evolve-fitness.eu\/wp-content\/uploads\/2023\/12\/Evolve-Uprights-For-Storage-Systems-120-190-cm-.png","width":680,"height":600,"caption":"ER-ST-UP"},{"@type":"BreadcrumbList","@id":"https:\/\/evolve-fitness.eu\/fr\/produit\/montants-evolve-pour-systemes-de-rangement-120-190-cm\/#breadcrumb","itemListElement":[{"@type":"ListItem","position":1,"name":"Home","item":"https:\/\/evolve-fitness.eu\/fr\/"},{"@type":"ListItem","position":2,"name":"Produits","item":"https:\/\/evolve-fitness.eu\/fr\/shop\/"},{"@type":"ListItem","position":3,"name":"Montants Evolve pour syst\u00e8mes de rangement 120 \/ 190 cm (ST-UP)"}]},{"@type":"WebSite","@id":"https:\/\/evolve-fitness.eu\/fr\/#website","url":"https:\/\/evolve-fitness.eu\/fr\/","name":"Evolve","description":"Your Evolved Gear Arrived","publisher":{"@id":"https:\/\/evolve-fitness.eu\/fr\/#organization"},"potentialAction":[{"@type":"SearchAction","target":{"@type":"EntryPoint","urlTemplate":"https:\/\/evolve-fitness.eu\/fr\/?s={search_term_string}"},"query-input":{"@type":"PropertyValueSpecification","valueRequired":true,"valueName":"search_term_string"}}],"inLanguage":"fr-FR"},{"@type":"Organization","@id":"https:\/\/evolve-fitness.eu\/fr\/#organization","name":"Evolve","url":"https:\/\/evolve-fitness.eu\/fr\/","logo":{"@type":"ImageObject","inLanguage":"fr-FR","@id":"https:\/\/evolve-fitness.eu\/fr\/#\/schema\/logo\/image\/","url":"https:\/\/evolve-fitness.eu\/wp-content\/uploads\/2023\/05\/Evolve-logo.svg","contentUrl":"https:\/\/evolve-fitness.eu\/wp-content\/uploads\/2023\/05\/Evolve-logo.svg","width":176,"height":20,"caption":"Evolve"},"image":{"@id":"https:\/\/evolve-fitness.eu\/fr\/#\/schema\/logo\/image\/"},"sameAs":["https:\/\/www.facebook.com\/EvolveFitnessEurope"]}]}},"_links":{"self":[{"href":"https:\/\/evolve-fitness.eu\/fr\/wp-json\/wp\/v2\/product\/42234","targetHints":{"allow":["GET"]}}],"collection":[{"href":"https:\/\/evolve-fitness.eu\/fr\/wp-json\/wp\/v2\/product"}],"about":[{"href":"https:\/\/evolve-fitness.eu\/fr\/wp-json\/wp\/v2\/types\/product"}],"wp:featuredmedia":[{"embeddable":true,"href":"https:\/\/evolve-fitness.eu\/fr\/wp-json\/wp\/v2\/media\/42249"}],"wp:attachment":[{"href":"https:\/\/evolve-fitness.eu\/fr\/wp-json\/wp\/v2\/media?parent=42234"}],"wp:term":[{"taxonomy":"product_brand","embeddable":true,"href":"https:\/\/evolve-fitness.eu\/fr\/wp-json\/wp\/v2\/product_brand?post=42234"},{"taxonomy":"product_cat","embeddable":true,"href":"https:\/\/evolve-fitness.eu\/fr\/wp-json\/wp\/v2\/product_cat?post=42234"},{"taxonomy":"product_tag","embeddable":true,"href":"https:\/\/evolve-fitness.eu\/fr\/wp-json\/wp\/v2\/product_tag?post=42234"}],"curies":[{"name":"wp","href":"https:\/\/api.w.org\/{rel}","templated":true}]}}