{"id":42926,"date":"2023-09-14T11:39:14","date_gmt":"2023-09-14T11:39:14","guid":{"rendered":"https:\/\/evolve-fitness.eu\/product\/dalles-de-sol-en-caoutchouc-dinterieur-evolve-avec-finition-superieure-100-x-100-x-15-5-cm\/"},"modified":"2025-01-08T09:44:21","modified_gmt":"2025-01-08T09:44:21","slug":"dalles-de-sol-en-caoutchouc-dinterieur-evolve-avec-finition-superieure-100-x-100-x-15-5-cm","status":"publish","type":"product","link":"https:\/\/evolve-fitness.eu\/fr\/produit\/dalles-de-sol-en-caoutchouc-dinterieur-evolve-avec-finition-superieure-100-x-100-x-15-5-cm\/","title":{"rendered":"Dalles de sol en caoutchouc d&rsquo;int\u00e9rieur Evolve avec finition sup\u00e9rieure 100 x 100 x 1,5 &#8211; 5 cm"},"content":{"rendered":"\n<section class=\"wp-block-group alignfull has-lightgray-background-color has-background is-layout-constrained wp-block-group-is-layout-constrained\">\n<div class=\"wp-block-columns alignwide is-layout-flex wp-container-core-columns-is-layout-2edb0647 wp-block-columns-is-layout-flex\" style=\"margin-top:0;margin-bottom:0\">\n<div class=\"wp-block-column is-layout-flow wp-block-column-is-layout-flow\" style=\"flex-basis:33.33%\"><\/div>\n\n\n\n<div class=\"wp-block-column is-layout-flow wp-block-column-is-layout-flow\" style=\"flex-basis:66.66%\"><\/div>\n<\/div>\n<\/section>\n\n<section class=\"wp-block-group alignfull black-content has-white-color has-darkgray-background-color has-text-color has-background is-layout-constrained wp-block-group-is-layout-constrained\" style=\"padding-top:var(--wp--preset--spacing--section-bottom);padding-bottom:var(--wp--preset--spacing--section-bottom)\">\n<div class=\"wp-block-columns alignwide is-layout-flex wp-container-core-columns-is-layout-c45ee707 wp-block-columns-is-layout-flex\" style=\"margin-bottom:var(--wp--preset--spacing--side-padding);padding-top:var(--wp--preset--spacing--side-padding)\">\n<div class=\"wp-block-column is-vertically-aligned-center is-layout-flow wp-block-column-is-layout-flow\">\n<h3 class=\"wp-block-heading\"><strong>Technologie avanc\u00e9e de la couche sup\u00e9rieure de 20 mm<\/strong><\/h3>\n\n\n\n<p><strong><em><strong><em>Con\u00e7u pour une durabilit\u00e9 et une s\u00e9curit\u00e9 sup\u00e9rieures<\/em><\/strong><\/em><\/strong><\/p>\n\n\n\n<p style=\"margin-bottom:var(--wp--preset--spacing--tb-section-padding)\">La couche sup\u00e9rieure innovante de 20 mm des dalles de sol d&rsquo;int\u00e9rieur Evolve les distingue, offrant une r\u00e9sistance in\u00e9gal\u00e9e \u00e0 l&rsquo;usure caus\u00e9e par les \u00e9quipements lourds et les exercices \u00e0 fort impact. Cette couche de pointe absorbe les chocs, r\u00e9duit le bruit et am\u00e9liore l&rsquo;adh\u00e9rence, garantissant une exp\u00e9rience d&rsquo;entra\u00eenement plus s\u00fbre et plus confortable. Que vous l\u00e2chiez des poids ou que vous pratiquiez des mouvements dynamiques, ces dalles sont con\u00e7ues pour tout supporter avec facilit\u00e9.  <br\/><br\/>Gr\u00e2ce \u00e0 ce rev\u00eatement, la surface du caoutchouc est compl\u00e8tement lisse, ce qui l&#8217;emp\u00eache de s&rsquo;effriter avec le temps et facilite son nettoyage et son entretien.<\/p>\n<\/div>\n\n\n\n<div class=\"wp-block-column is-vertically-aligned-center is-layout-flow wp-block-column-is-layout-flow\">\n<figure class=\"wp-block-image size-large\"><img loading=\"lazy\" decoding=\"async\" width=\"1024\" height=\"512\" src=\"https:\/\/evolve-fitness.eu\/wp-content\/uploads\/2023\/09\/2-6-1024x512.jpg\" alt=\"EV-FT-01-15-NF-50NF\" class=\"wp-image-171217\" srcset=\"https:\/\/evolve-fitness.eu\/wp-content\/uploads\/2023\/09\/2-6-1024x512.jpg 1024w, https:\/\/evolve-fitness.eu\/wp-content\/uploads\/2023\/09\/2-6-300x150.jpg 300w, https:\/\/evolve-fitness.eu\/wp-content\/uploads\/2023\/09\/2-6-150x75.jpg 150w, https:\/\/evolve-fitness.eu\/wp-content\/uploads\/2023\/09\/2-6-768x384.jpg 768w, https:\/\/evolve-fitness.eu\/wp-content\/uploads\/2023\/09\/2-6-1536x768.jpg 1536w, https:\/\/evolve-fitness.eu\/wp-content\/uploads\/2023\/09\/2-6-2048x1024.jpg 2048w, https:\/\/evolve-fitness.eu\/wp-content\/uploads\/2023\/09\/2-6-600x300.jpg 600w\" sizes=\"auto, (max-width: 1024px) 100vw, 1024px\" \/><\/figure>\n<\/div>\n<\/div>\n\n\n\n<div class=\"wp-block-columns alignwide are-vertically-aligned-center mobile-reverse is-layout-flex wp-container-core-columns-is-layout-e8158c2f wp-block-columns-is-layout-flex\" style=\"padding-top:var(--wp--preset--spacing--side-padding)\">\n<div class=\"wp-block-column is-vertically-aligned-center is-layout-flow wp-block-column-is-layout-flow\">\n<figure class=\"wp-block-image size-large\"><img loading=\"lazy\" decoding=\"async\" width=\"576\" height=\"1024\" src=\"https:\/\/evolve-fitness.eu\/wp-content\/uploads\/2023\/09\/1-4-576x1024.jpg\" alt=\"\" class=\"wp-image-171242\" srcset=\"https:\/\/evolve-fitness.eu\/wp-content\/uploads\/2023\/09\/1-4-576x1024.jpg 576w, https:\/\/evolve-fitness.eu\/wp-content\/uploads\/2023\/09\/1-4-169x300.jpg 169w, https:\/\/evolve-fitness.eu\/wp-content\/uploads\/2023\/09\/1-4-84x150.jpg 84w, https:\/\/evolve-fitness.eu\/wp-content\/uploads\/2023\/09\/1-4-768x1365.jpg 768w, https:\/\/evolve-fitness.eu\/wp-content\/uploads\/2023\/09\/1-4-864x1536.jpg 864w, https:\/\/evolve-fitness.eu\/wp-content\/uploads\/2023\/09\/1-4-1152x2048.jpg 1152w, https:\/\/evolve-fitness.eu\/wp-content\/uploads\/2023\/09\/1-4-300x533.jpg 300w, https:\/\/evolve-fitness.eu\/wp-content\/uploads\/2023\/09\/1-4-600x1066.jpg 600w, https:\/\/evolve-fitness.eu\/wp-content\/uploads\/2023\/09\/1-4-scaled.jpg 1440w\" sizes=\"auto, (max-width: 576px) 100vw, 576px\" \/><\/figure>\n<\/div>\n\n\n\n<div class=\"wp-block-column is-vertically-aligned-center is-layout-flow wp-block-column-is-layout-flow\">\n<h3 class=\"wp-block-heading\" style=\"margin-bottom:var(--wp--preset--spacing--h-3-bottom)\"><strong>Solution polyvalente pour les sols sportifs<\/strong><\/h3>\n\n\n\n<p><strong><em><strong><em>Con\u00e7u pour la forme physique et l&rsquo;excellence sportive<\/em><\/strong><\/em><\/strong><\/p>\n\n\n\n<p style=\"margin-bottom:var(--wp--preset--spacing--tb-section-padding)\">Les dalles de sol d&rsquo;int\u00e9rieur Evolve sont le meilleur choix pour cr\u00e9er un environnement sportif fonctionnel et polyvalent. Leur construction robuste et leur surface antid\u00e9rapante les rendent adapt\u00e9es \u00e0 un large \u00e9ventail d&rsquo;activit\u00e9s, notamment l&rsquo;halt\u00e9rophilie, le cardio, le yoga et les sports d&rsquo;\u00e9quipe. Faciles \u00e0 installer et \u00e0 entretenir, ces dalles constituent une option de rev\u00eatement de sol fiable qui convient aux athl\u00e8tes de tous niveaux, en leur offrant confort, s\u00e9curit\u00e9 et performance dans n&rsquo;importe quel environnement.  <\/p>\n<\/div>\n<\/div>\n<\/section>\n","protected":false},"excerpt":{"rendered":"<p>Les dalles de sol d&rsquo;int\u00e9rieur Evolve sont des solutions de sol de premi\u00e8re qualit\u00e9 con\u00e7ues pour r\u00e9sister aux environnements de gymnastique les plus difficiles, tout en garantissant la s\u00e9curit\u00e9 et la durabilit\u00e9 gr\u00e2ce \u00e0 une couche sup\u00e9rieure sp\u00e9cialis\u00e9e de 20 mm. Ces dalles sont id\u00e9ales pour les applications lourdes, offrant une r\u00e9sistance exceptionnelle aux chocs, une r\u00e9duction du bruit et un confort pour diverses activit\u00e9s sportives et de remise en forme. Elles sont tr\u00e8s faciles \u00e0 entretenir et \u00e0 nettoyer.  <\/p>\n","protected":false},"featured_media":42947,"template":"","meta":{"_acf_changed":false,"inline_featured_image":false},"product_brand":[],"product_cat":[2743,5260],"product_tag":[],"class_list":{"0":"post-42926","1":"product","2":"type-product","3":"status-publish","4":"has-post-thumbnail","6":"product_cat-plates-formes-et-planchers","7":"product_cat-revetements-de-sol","9":"first","10":"instock","11":"shipping-taxable","12":"purchasable","13":"product-type-variable"},"acf":{"long_title":"Dalles de sol en caoutchouc d'int\u00e9rieur Evolve avec finition sup\u00e9rieure 100 x 100 x 1,5 - 5 cm","subtitle":"","specifications":[{"label":"SKU","text_value":"EV-FT-01-15-NF-50NF","icon":"x"},{"label":"Densit\u00e9","text_value":"1000 kg \/ m3","icon":"x"},{"label":"Couche sup\u00e9rieure sp\u00e9ciale","text_value":"","icon":"v"}]},"yoast_head":"<!-- This site is optimized with the Yoast SEO plugin v26.6 - https:\/\/yoast.com\/wordpress\/plugins\/seo\/ -->\n<title>Dalles de sol en caoutchouc d&#039;int\u00e9rieur Evolve avec finition sup\u00e9rieure 100 x 100 x 1,5 - 5 cm - Evolve<\/title>\n<meta name=\"robots\" content=\"index, follow, max-snippet:-1, max-image-preview:large, max-video-preview:-1\" \/>\n<link rel=\"canonical\" href=\"https:\/\/evolve-fitness.eu\/fr\/produit\/dalles-de-sol-en-caoutchouc-dinterieur-evolve-avec-finition-superieure-100-x-100-x-15-5-cm\/\" \/>\n<meta property=\"og:locale\" content=\"fr_FR\" \/>\n<meta property=\"og:type\" content=\"article\" \/>\n<meta property=\"og:title\" content=\"Dalles de sol en caoutchouc d&#039;int\u00e9rieur Evolve avec finition sup\u00e9rieure 100 x 100 x 1,5 - 5 cm - Evolve\" \/>\n<meta property=\"og:url\" content=\"https:\/\/evolve-fitness.eu\/fr\/produit\/dalles-de-sol-en-caoutchouc-dinterieur-evolve-avec-finition-superieure-100-x-100-x-15-5-cm\/\" \/>\n<meta property=\"og:site_name\" content=\"Evolve\" \/>\n<meta property=\"article:publisher\" content=\"https:\/\/www.facebook.com\/EvolveFitnessEurope\" \/>\n<meta property=\"article:modified_time\" content=\"2025-01-08T09:44:21+00:00\" \/>\n<meta property=\"og:image\" content=\"https:\/\/evolve-fitness.eu\/wp-content\/uploads\/2023\/09\/Evolve-FT-ID-NF-1.png\" \/>\n\t<meta property=\"og:image:width\" content=\"680\" \/>\n\t<meta property=\"og:image:height\" content=\"600\" \/>\n\t<meta property=\"og:image:type\" content=\"image\/png\" \/>\n<meta name=\"twitter:card\" content=\"summary_large_image\" \/>\n<script type=\"application\/ld+json\" class=\"yoast-schema-graph\">{\"@context\":\"https:\/\/schema.org\",\"@graph\":[{\"@type\":\"WebPage\",\"@id\":\"https:\/\/evolve-fitness.eu\/fr\/produit\/dalles-de-sol-en-caoutchouc-dinterieur-evolve-avec-finition-superieure-100-x-100-x-15-5-cm\/\",\"url\":\"https:\/\/evolve-fitness.eu\/fr\/produit\/dalles-de-sol-en-caoutchouc-dinterieur-evolve-avec-finition-superieure-100-x-100-x-15-5-cm\/\",\"name\":\"Dalles de sol en caoutchouc d'int\u00e9rieur Evolve avec finition sup\u00e9rieure 100 x 100 x 1,5 - 5 cm - Evolve\",\"isPartOf\":{\"@id\":\"https:\/\/evolve-fitness.eu\/fr\/#website\"},\"primaryImageOfPage\":{\"@id\":\"https:\/\/evolve-fitness.eu\/fr\/produit\/dalles-de-sol-en-caoutchouc-dinterieur-evolve-avec-finition-superieure-100-x-100-x-15-5-cm\/#primaryimage\"},\"image\":{\"@id\":\"https:\/\/evolve-fitness.eu\/fr\/produit\/dalles-de-sol-en-caoutchouc-dinterieur-evolve-avec-finition-superieure-100-x-100-x-15-5-cm\/#primaryimage\"},\"thumbnailUrl\":\"https:\/\/evolve-fitness.eu\/wp-content\/uploads\/2023\/09\/Evolve-FT-ID-NF-1.png\",\"datePublished\":\"2023-09-14T11:39:14+00:00\",\"dateModified\":\"2025-01-08T09:44:21+00:00\",\"breadcrumb\":{\"@id\":\"https:\/\/evolve-fitness.eu\/fr\/produit\/dalles-de-sol-en-caoutchouc-dinterieur-evolve-avec-finition-superieure-100-x-100-x-15-5-cm\/#breadcrumb\"},\"inLanguage\":\"fr-FR\",\"potentialAction\":[{\"@type\":\"ReadAction\",\"target\":[\"https:\/\/evolve-fitness.eu\/fr\/produit\/dalles-de-sol-en-caoutchouc-dinterieur-evolve-avec-finition-superieure-100-x-100-x-15-5-cm\/\"]}]},{\"@type\":\"ImageObject\",\"inLanguage\":\"fr-FR\",\"@id\":\"https:\/\/evolve-fitness.eu\/fr\/produit\/dalles-de-sol-en-caoutchouc-dinterieur-evolve-avec-finition-superieure-100-x-100-x-15-5-cm\/#primaryimage\",\"url\":\"https:\/\/evolve-fitness.eu\/wp-content\/uploads\/2023\/09\/Evolve-FT-ID-NF-1.png\",\"contentUrl\":\"https:\/\/evolve-fitness.eu\/wp-content\/uploads\/2023\/09\/Evolve-FT-ID-NF-1.png\",\"width\":680,\"height\":600},{\"@type\":\"BreadcrumbList\",\"@id\":\"https:\/\/evolve-fitness.eu\/fr\/produit\/dalles-de-sol-en-caoutchouc-dinterieur-evolve-avec-finition-superieure-100-x-100-x-15-5-cm\/#breadcrumb\",\"itemListElement\":[{\"@type\":\"ListItem\",\"position\":1,\"name\":\"Home\",\"item\":\"https:\/\/evolve-fitness.eu\/fr\/\"},{\"@type\":\"ListItem\",\"position\":2,\"name\":\"Produits\",\"item\":\"https:\/\/evolve-fitness.eu\/fr\/shop\/\"},{\"@type\":\"ListItem\",\"position\":3,\"name\":\"Dalles de sol en caoutchouc d&#8217;int\u00e9rieur Evolve avec finition sup\u00e9rieure 100 x 100 x 1,5 &#8211; 5 cm\"}]},{\"@type\":\"WebSite\",\"@id\":\"https:\/\/evolve-fitness.eu\/fr\/#website\",\"url\":\"https:\/\/evolve-fitness.eu\/fr\/\",\"name\":\"Evolve\",\"description\":\"Your Evolved Gear Arrived\",\"publisher\":{\"@id\":\"https:\/\/evolve-fitness.eu\/fr\/#organization\"},\"potentialAction\":[{\"@type\":\"SearchAction\",\"target\":{\"@type\":\"EntryPoint\",\"urlTemplate\":\"https:\/\/evolve-fitness.eu\/fr\/?s={search_term_string}\"},\"query-input\":{\"@type\":\"PropertyValueSpecification\",\"valueRequired\":true,\"valueName\":\"search_term_string\"}}],\"inLanguage\":\"fr-FR\"},{\"@type\":\"Organization\",\"@id\":\"https:\/\/evolve-fitness.eu\/fr\/#organization\",\"name\":\"Evolve\",\"url\":\"https:\/\/evolve-fitness.eu\/fr\/\",\"logo\":{\"@type\":\"ImageObject\",\"inLanguage\":\"fr-FR\",\"@id\":\"https:\/\/evolve-fitness.eu\/fr\/#\/schema\/logo\/image\/\",\"url\":\"https:\/\/evolve-fitness.eu\/wp-content\/uploads\/2023\/05\/Evolve-logo.svg\",\"contentUrl\":\"https:\/\/evolve-fitness.eu\/wp-content\/uploads\/2023\/05\/Evolve-logo.svg\",\"width\":176,\"height\":20,\"caption\":\"Evolve\"},\"image\":{\"@id\":\"https:\/\/evolve-fitness.eu\/fr\/#\/schema\/logo\/image\/\"},\"sameAs\":[\"https:\/\/www.facebook.com\/EvolveFitnessEurope\"]}]}<\/script>\n<!-- \/ Yoast SEO plugin. -->","yoast_head_json":{"title":"Dalles de sol en caoutchouc d'int\u00e9rieur Evolve avec finition sup\u00e9rieure 100 x 100 x 1,5 - 5 cm - Evolve","robots":{"index":"index","follow":"follow","max-snippet":"max-snippet:-1","max-image-preview":"max-image-preview:large","max-video-preview":"max-video-preview:-1"},"canonical":"https:\/\/evolve-fitness.eu\/fr\/produit\/dalles-de-sol-en-caoutchouc-dinterieur-evolve-avec-finition-superieure-100-x-100-x-15-5-cm\/","og_locale":"fr_FR","og_type":"article","og_title":"Dalles de sol en caoutchouc d'int\u00e9rieur Evolve avec finition sup\u00e9rieure 100 x 100 x 1,5 - 5 cm - Evolve","og_url":"https:\/\/evolve-fitness.eu\/fr\/produit\/dalles-de-sol-en-caoutchouc-dinterieur-evolve-avec-finition-superieure-100-x-100-x-15-5-cm\/","og_site_name":"Evolve","article_publisher":"https:\/\/www.facebook.com\/EvolveFitnessEurope","article_modified_time":"2025-01-08T09:44:21+00:00","og_image":[{"width":680,"height":600,"url":"https:\/\/evolve-fitness.eu\/wp-content\/uploads\/2023\/09\/Evolve-FT-ID-NF-1.png","type":"image\/png"}],"twitter_card":"summary_large_image","schema":{"@context":"https:\/\/schema.org","@graph":[{"@type":"WebPage","@id":"https:\/\/evolve-fitness.eu\/fr\/produit\/dalles-de-sol-en-caoutchouc-dinterieur-evolve-avec-finition-superieure-100-x-100-x-15-5-cm\/","url":"https:\/\/evolve-fitness.eu\/fr\/produit\/dalles-de-sol-en-caoutchouc-dinterieur-evolve-avec-finition-superieure-100-x-100-x-15-5-cm\/","name":"Dalles de sol en caoutchouc d'int\u00e9rieur Evolve avec finition sup\u00e9rieure 100 x 100 x 1,5 - 5 cm - Evolve","isPartOf":{"@id":"https:\/\/evolve-fitness.eu\/fr\/#website"},"primaryImageOfPage":{"@id":"https:\/\/evolve-fitness.eu\/fr\/produit\/dalles-de-sol-en-caoutchouc-dinterieur-evolve-avec-finition-superieure-100-x-100-x-15-5-cm\/#primaryimage"},"image":{"@id":"https:\/\/evolve-fitness.eu\/fr\/produit\/dalles-de-sol-en-caoutchouc-dinterieur-evolve-avec-finition-superieure-100-x-100-x-15-5-cm\/#primaryimage"},"thumbnailUrl":"https:\/\/evolve-fitness.eu\/wp-content\/uploads\/2023\/09\/Evolve-FT-ID-NF-1.png","datePublished":"2023-09-14T11:39:14+00:00","dateModified":"2025-01-08T09:44:21+00:00","breadcrumb":{"@id":"https:\/\/evolve-fitness.eu\/fr\/produit\/dalles-de-sol-en-caoutchouc-dinterieur-evolve-avec-finition-superieure-100-x-100-x-15-5-cm\/#breadcrumb"},"inLanguage":"fr-FR","potentialAction":[{"@type":"ReadAction","target":["https:\/\/evolve-fitness.eu\/fr\/produit\/dalles-de-sol-en-caoutchouc-dinterieur-evolve-avec-finition-superieure-100-x-100-x-15-5-cm\/"]}]},{"@type":"ImageObject","inLanguage":"fr-FR","@id":"https:\/\/evolve-fitness.eu\/fr\/produit\/dalles-de-sol-en-caoutchouc-dinterieur-evolve-avec-finition-superieure-100-x-100-x-15-5-cm\/#primaryimage","url":"https:\/\/evolve-fitness.eu\/wp-content\/uploads\/2023\/09\/Evolve-FT-ID-NF-1.png","contentUrl":"https:\/\/evolve-fitness.eu\/wp-content\/uploads\/2023\/09\/Evolve-FT-ID-NF-1.png","width":680,"height":600},{"@type":"BreadcrumbList","@id":"https:\/\/evolve-fitness.eu\/fr\/produit\/dalles-de-sol-en-caoutchouc-dinterieur-evolve-avec-finition-superieure-100-x-100-x-15-5-cm\/#breadcrumb","itemListElement":[{"@type":"ListItem","position":1,"name":"Home","item":"https:\/\/evolve-fitness.eu\/fr\/"},{"@type":"ListItem","position":2,"name":"Produits","item":"https:\/\/evolve-fitness.eu\/fr\/shop\/"},{"@type":"ListItem","position":3,"name":"Dalles de sol en caoutchouc d&#8217;int\u00e9rieur Evolve avec finition sup\u00e9rieure 100 x 100 x 1,5 &#8211; 5 cm"}]},{"@type":"WebSite","@id":"https:\/\/evolve-fitness.eu\/fr\/#website","url":"https:\/\/evolve-fitness.eu\/fr\/","name":"Evolve","description":"Your Evolved Gear Arrived","publisher":{"@id":"https:\/\/evolve-fitness.eu\/fr\/#organization"},"potentialAction":[{"@type":"SearchAction","target":{"@type":"EntryPoint","urlTemplate":"https:\/\/evolve-fitness.eu\/fr\/?s={search_term_string}"},"query-input":{"@type":"PropertyValueSpecification","valueRequired":true,"valueName":"search_term_string"}}],"inLanguage":"fr-FR"},{"@type":"Organization","@id":"https:\/\/evolve-fitness.eu\/fr\/#organization","name":"Evolve","url":"https:\/\/evolve-fitness.eu\/fr\/","logo":{"@type":"ImageObject","inLanguage":"fr-FR","@id":"https:\/\/evolve-fitness.eu\/fr\/#\/schema\/logo\/image\/","url":"https:\/\/evolve-fitness.eu\/wp-content\/uploads\/2023\/05\/Evolve-logo.svg","contentUrl":"https:\/\/evolve-fitness.eu\/wp-content\/uploads\/2023\/05\/Evolve-logo.svg","width":176,"height":20,"caption":"Evolve"},"image":{"@id":"https:\/\/evolve-fitness.eu\/fr\/#\/schema\/logo\/image\/"},"sameAs":["https:\/\/www.facebook.com\/EvolveFitnessEurope"]}]}},"_links":{"self":[{"href":"https:\/\/evolve-fitness.eu\/fr\/wp-json\/wp\/v2\/product\/42926","targetHints":{"allow":["GET"]}}],"collection":[{"href":"https:\/\/evolve-fitness.eu\/fr\/wp-json\/wp\/v2\/product"}],"about":[{"href":"https:\/\/evolve-fitness.eu\/fr\/wp-json\/wp\/v2\/types\/product"}],"wp:featuredmedia":[{"embeddable":true,"href":"https:\/\/evolve-fitness.eu\/fr\/wp-json\/wp\/v2\/media\/42947"}],"wp:attachment":[{"href":"https:\/\/evolve-fitness.eu\/fr\/wp-json\/wp\/v2\/media?parent=42926"}],"wp:term":[{"taxonomy":"product_brand","embeddable":true,"href":"https:\/\/evolve-fitness.eu\/fr\/wp-json\/wp\/v2\/product_brand?post=42926"},{"taxonomy":"product_cat","embeddable":true,"href":"https:\/\/evolve-fitness.eu\/fr\/wp-json\/wp\/v2\/product_cat?post=42926"},{"taxonomy":"product_tag","embeddable":true,"href":"https:\/\/evolve-fitness.eu\/fr\/wp-json\/wp\/v2\/product_tag?post=42926"}],"curies":[{"name":"wp","href":"https:\/\/api.w.org\/{rel}","templated":true}]}}