{"id":44370,"date":"2023-09-15T08:13:23","date_gmt":"2023-09-15T08:13:23","guid":{"rendered":"https:\/\/evolve-fitness.eu\/product\/sac-de-transport-evolve-carbon-series-5-25-kg\/"},"modified":"2026-03-27T10:47:40","modified_gmt":"2026-03-27T08:47:40","slug":"sac-de-transport-evolve-carbon-series-5-25-kg","status":"publish","type":"product","link":"https:\/\/evolve-fitness.eu\/fr\/produit\/sac-de-transport-evolve-carbon-series-5-25-kg\/","title":{"rendered":"Sac de transport Evolve Carbon Series 5-25 kg"},"content":{"rendered":"\n<section class=\"wp-block-group alignfull has-lightgray-background-color has-background is-layout-constrained wp-block-group-is-layout-constrained\">\n<div class=\"wp-block-columns alignwide is-layout-flex wp-container-core-columns-is-layout-2edb0647 wp-block-columns-is-layout-flex\" style=\"margin-top:0;margin-bottom:0\">\n<div class=\"wp-block-column is-layout-flow wp-block-column-is-layout-flow\" style=\"flex-basis:33.33%\"><\/div>\n\n\n\n<div class=\"wp-block-column is-layout-flow wp-block-column-is-layout-flow\" style=\"flex-basis:66.66%\"><\/div>\n<\/div>\n<\/section>\n\n<div class=\"wp-block-columns alignfull mobile-reverse has-black-background-color has-background is-layout-flex wp-container-core-columns-is-layout-ca64bf2d wp-block-columns-is-layout-flex\" style=\"margin-bottom:var(--wp--preset--spacing--side-padding)\">\n<div class=\"wp-block-column is-vertically-aligned-center is-layout-flow wp-block-column-is-layout-flow\">\n<figure class=\"wp-block-video\"><video height=\"1080\" style=\"aspect-ratio: 1920 \/ 1080;\" width=\"1920\" controls=\"\" src=\"https:\/\/evolve-fitness.eu\/wp-content\/uploads\/2023\/09\/8.mp4\"><\/video><\/figure>\n<\/div>\n\n\n\n<div class=\"wp-block-column is-vertically-aligned-center is-layout-flow wp-block-column-is-layout-flow\">\n<h3 class=\"wp-block-heading has-white-color has-text-color\" style=\"margin-bottom:var(--wp--preset--spacing--h-3-bottom)\"><strong><strong><strong><strong><strong><strong><strong>TRANSVERSAL ET FONCTIONNEL<\/strong><\/strong><\/strong><\/strong><\/strong><\/strong><\/strong><\/h3>\n\n\n\n<p>POLYVALENT ET DURABLE<\/p>\n\n\n\n<ul style=\"font-size:1.1rem;letter-spacing:0.02em\" class=\"wp-block-list has-white-color has-text-color\">\n<li><strong>Un \u00e9quipement polyvalent durable :<\/strong> Notre \u00e9quipement multifonctionnel m\u00e9ticuleusement con\u00e7u est construit pour supporter les exigences des s\u00e9ances d&rsquo;entra\u00eenement quotidiennes et intensives.<\/li>\n\n\n\n<li><strong>L&rsquo;espace d&rsquo;entra\u00eenement id\u00e9al :<\/strong> Am\u00e9liorez votre parcours de remise en forme en int\u00e9grant notre gamme vari\u00e9e d&rsquo;accessoires dans votre espace d&rsquo;entra\u00eenement, pour en faire un centre d&rsquo;entra\u00eenement exaltant pour l&rsquo;ensemble du corps.<\/li>\n\n\n\n<li><strong>Conception centr\u00e9e sur l&rsquo;utilisateur :<\/strong> D\u00e9couvrez la diff\u00e9rence avec un \u00e9quipement m\u00e9ticuleusement con\u00e7u pour l&rsquo;utilisateur, garantissant l&rsquo;efficacit\u00e9, le confort et la s\u00e9curit\u00e9 de vos s\u00e9ances d&rsquo;entra\u00eenement.<\/li>\n\n\n\n<li><strong>Packs d&rsquo;\u00e9quipement :<\/strong> D\u00e9couvrez nos packs d&rsquo;\u00e9quipement complets qui simplifient le processus de cr\u00e9ation de votre propre salle de sport. Avec tout ce dont vous avez besoin pour un entra\u00eenement Cross Training ou fonctionnel, il n&rsquo;a jamais \u00e9t\u00e9 aussi facile d&rsquo;atteindre vos objectifs de remise en forme.<\/li>\n<\/ul>\n\n\n\n<p><\/p>\n\n\n\n<p class=\"has-white-color has-text-color\"><strong>R\u00e9am\u00e9nagez votre espace d&rsquo;entra\u00eenement et atteignez un nouveau niveau de forme physique gr\u00e2ce \u00e0 nos \u00e9quipements polyvalents, robustes et conviviaux.<\/strong><\/p>\n<\/div>\n<\/div>\n","protected":false},"excerpt":{"rendered":"<p>Am\u00e9liorez votre routine d&rsquo;entra\u00eenement avec les Powerbags Evolve Carbon Series, disponibles dans une gamme de poids allant de 5 kg \u00e0 25 kg. Ces Powerbags sont plus qu&rsquo;un simple \u00e9quipement de gymnastique : ils sont con\u00e7us pour apporter style et fonctionnalit\u00e9 \u00e0 votre programme de remise en forme. Dot\u00e9s d&rsquo;une surface en PVC Carbon \u00e0 la pointe de la technologie, qui est non seulement facile \u00e0 nettoyer mais qui offre \u00e9galement une bonne prise en main, ces Powerbags pr\u00e9sentent un design \u00e9l\u00e9gant et moderne qui s&rsquo;int\u00e8gre \u00e0 tous les environnements de salle de sport. A l&rsquo;int\u00e9rieur, une doublure souple amortit les chocs pendant les exercices, garantissant \u00e0 la fois la s\u00e9curit\u00e9 et le maintien de la forme. Adapt\u00e9s \u00e0 un usage intensif et commercial, ces Powerbags sont polyvalents et conviennent aux utilisateurs de tous les niveaux de fitness pour le cardio, le fonctionnel, le crossfit et bien plus encore. Avec des coutures renforc\u00e9es, des poign\u00e9es antid\u00e9rapantes et des orifices d&rsquo;a\u00e9ration, ces Powerbags sont con\u00e7us pour durer, ce qui en fait le choix id\u00e9al pour les particuliers et les salles de sport professionnelles. Am\u00e9liorez votre jeu de fitness avec les Powerbags Evolve Carbon Series et d\u00e9couvrez les avantages d&rsquo;un \u00e9quipement d&rsquo;entra\u00eenement polyvalent et de haute qualit\u00e9.<\/p>\n","protected":false},"featured_media":44371,"template":"","meta":{"_acf_changed":false,"inline_featured_image":false},"product_brand":[],"product_cat":[3887,13034,2855],"product_tag":[],"class_list":{"0":"post-44370","1":"product","2":"type-product","3":"status-publish","4":"has-post-thumbnail","6":"product_cat-equipement-fonctionnel","7":"product_cat-hyrox-gear","8":"product_cat-transversal-et-fonctionnel","10":"first","11":"instock","12":"shipping-taxable","13":"purchasable","14":"product-type-variable"},"acf":{"long_title":"Sac de transport Evolve Carbon Series 5-25 kg","subtitle":"","specifications":[{"label":"SKU","text_value":"EV-PB-CS","icon":"x"},{"label":"Disponible en","text_value":"5 kg \/ 10 kg \/ 15 kg \/ 20 kg \/ 25 kg","icon":"x"},{"label":"Les orifices d'a\u00e9ration r\u00e9duisent la pression interne","text_value":"","icon":"v"},{"label":"Fermeture \u00e0 glissi\u00e8re et 3 bandes Velcro pour la durabilit\u00e9","text_value":"","icon":"v"},{"label":"La doublure en mousse respirante haute densit\u00e9 maintient la forme.","text_value":"","icon":"v"},{"label":"Surface high-tech, durable, facile \u00e0 nettoyer Carbon look","text_value":"","icon":"v"},{"label":"3 poign\u00e9es souples antid\u00e9rapantes pour varier les exercices","text_value":"","icon":"v"},{"label":"Coutures renforc\u00e9es avec double piq\u00fbre","text_value":"","icon":"v"},{"label":"L'int\u00e9rieur du sac est rempli de sable","text_value":"","icon":"v"},{"label":"Mat\u00e9riau en carbone","text_value":"","icon":"v"},{"label":"Garantie","text_value":"2 ans","icon":"x"}]},"yoast_head":"<!-- This site is optimized with the Yoast SEO plugin v27.4 - https:\/\/yoast.com\/product\/yoast-seo-wordpress\/ -->\n<title>Sac de transport Evolve Carbon Series 5-25 kg - Evolve<\/title>\n<meta name=\"robots\" content=\"index, follow, max-snippet:-1, max-image-preview:large, max-video-preview:-1\" \/>\n<link rel=\"canonical\" href=\"https:\/\/evolve-fitness.eu\/fr\/produit\/sac-de-transport-evolve-carbon-series-5-25-kg\/\" \/>\n<meta property=\"og:locale\" content=\"fr_FR\" \/>\n<meta property=\"og:type\" content=\"article\" \/>\n<meta property=\"og:title\" content=\"Sac de transport Evolve Carbon Series 5-25 kg - Evolve\" \/>\n<meta property=\"og:url\" content=\"https:\/\/evolve-fitness.eu\/fr\/produit\/sac-de-transport-evolve-carbon-series-5-25-kg\/\" \/>\n<meta property=\"og:site_name\" content=\"Evolve\" \/>\n<meta property=\"article:publisher\" content=\"https:\/\/www.facebook.com\/EvolveFitnessEurope\" \/>\n<meta property=\"article:modified_time\" content=\"2026-03-27T08:47:40+00:00\" \/>\n<meta property=\"og:image\" content=\"https:\/\/evolve-fitness.eu\/wp-content\/uploads\/2023\/09\/Evolve-Carbon-Series-Powerbags.png\" \/>\n\t<meta property=\"og:image:width\" content=\"680\" \/>\n\t<meta property=\"og:image:height\" content=\"600\" \/>\n\t<meta property=\"og:image:type\" content=\"image\/png\" \/>\n<meta name=\"twitter:card\" content=\"summary_large_image\" \/>\n<script type=\"application\/ld+json\" class=\"yoast-schema-graph\">{\"@context\":\"https:\\\/\\\/schema.org\",\"@graph\":[{\"@type\":\"WebPage\",\"@id\":\"https:\\\/\\\/evolve-fitness.eu\\\/fr\\\/produit\\\/sac-de-transport-evolve-carbon-series-5-25-kg\\\/\",\"url\":\"https:\\\/\\\/evolve-fitness.eu\\\/fr\\\/produit\\\/sac-de-transport-evolve-carbon-series-5-25-kg\\\/\",\"name\":\"Sac de transport Evolve Carbon Series 5-25 kg - Evolve\",\"isPartOf\":{\"@id\":\"https:\\\/\\\/evolve-fitness.eu\\\/fr\\\/#website\"},\"primaryImageOfPage\":{\"@id\":\"https:\\\/\\\/evolve-fitness.eu\\\/fr\\\/produit\\\/sac-de-transport-evolve-carbon-series-5-25-kg\\\/#primaryimage\"},\"image\":{\"@id\":\"https:\\\/\\\/evolve-fitness.eu\\\/fr\\\/produit\\\/sac-de-transport-evolve-carbon-series-5-25-kg\\\/#primaryimage\"},\"thumbnailUrl\":\"https:\\\/\\\/evolve-fitness.eu\\\/wp-content\\\/uploads\\\/2023\\\/09\\\/Evolve-Carbon-Series-Powerbags.png\",\"datePublished\":\"2023-09-15T08:13:23+00:00\",\"dateModified\":\"2026-03-27T08:47:40+00:00\",\"breadcrumb\":{\"@id\":\"https:\\\/\\\/evolve-fitness.eu\\\/fr\\\/produit\\\/sac-de-transport-evolve-carbon-series-5-25-kg\\\/#breadcrumb\"},\"inLanguage\":\"fr-FR\",\"potentialAction\":[{\"@type\":\"ReadAction\",\"target\":[\"https:\\\/\\\/evolve-fitness.eu\\\/fr\\\/produit\\\/sac-de-transport-evolve-carbon-series-5-25-kg\\\/\"]}]},{\"@type\":\"ImageObject\",\"inLanguage\":\"fr-FR\",\"@id\":\"https:\\\/\\\/evolve-fitness.eu\\\/fr\\\/produit\\\/sac-de-transport-evolve-carbon-series-5-25-kg\\\/#primaryimage\",\"url\":\"https:\\\/\\\/evolve-fitness.eu\\\/wp-content\\\/uploads\\\/2023\\\/09\\\/Evolve-Carbon-Series-Powerbags.png\",\"contentUrl\":\"https:\\\/\\\/evolve-fitness.eu\\\/wp-content\\\/uploads\\\/2023\\\/09\\\/Evolve-Carbon-Series-Powerbags.png\",\"width\":680,\"height\":600,\"caption\":\"EV-PB-CS\"},{\"@type\":\"BreadcrumbList\",\"@id\":\"https:\\\/\\\/evolve-fitness.eu\\\/fr\\\/produit\\\/sac-de-transport-evolve-carbon-series-5-25-kg\\\/#breadcrumb\",\"itemListElement\":[{\"@type\":\"ListItem\",\"position\":1,\"name\":\"Home\",\"item\":\"https:\\\/\\\/evolve-fitness.eu\\\/fr\\\/\"},{\"@type\":\"ListItem\",\"position\":2,\"name\":\"Produits\",\"item\":\"https:\\\/\\\/evolve-fitness.eu\\\/fr\\\/shop\\\/\"},{\"@type\":\"ListItem\",\"position\":3,\"name\":\"Sac de transport Evolve Carbon Series 5-25 kg\"}]},{\"@type\":\"WebSite\",\"@id\":\"https:\\\/\\\/evolve-fitness.eu\\\/fr\\\/#website\",\"url\":\"https:\\\/\\\/evolve-fitness.eu\\\/fr\\\/\",\"name\":\"Evolve\",\"description\":\"Your Evolved Gear Arrived\",\"publisher\":{\"@id\":\"https:\\\/\\\/evolve-fitness.eu\\\/fr\\\/#organization\"},\"potentialAction\":[{\"@type\":\"SearchAction\",\"target\":{\"@type\":\"EntryPoint\",\"urlTemplate\":\"https:\\\/\\\/evolve-fitness.eu\\\/fr\\\/?s={search_term_string}\"},\"query-input\":{\"@type\":\"PropertyValueSpecification\",\"valueRequired\":true,\"valueName\":\"search_term_string\"}}],\"inLanguage\":\"fr-FR\"},{\"@type\":\"Organization\",\"@id\":\"https:\\\/\\\/evolve-fitness.eu\\\/fr\\\/#organization\",\"name\":\"Evolve\",\"url\":\"https:\\\/\\\/evolve-fitness.eu\\\/fr\\\/\",\"logo\":{\"@type\":\"ImageObject\",\"inLanguage\":\"fr-FR\",\"@id\":\"https:\\\/\\\/evolve-fitness.eu\\\/fr\\\/#\\\/schema\\\/logo\\\/image\\\/\",\"url\":\"https:\\\/\\\/evolve-fitness.eu\\\/wp-content\\\/uploads\\\/2023\\\/05\\\/Evolve-logo.svg\",\"contentUrl\":\"https:\\\/\\\/evolve-fitness.eu\\\/wp-content\\\/uploads\\\/2023\\\/05\\\/Evolve-logo.svg\",\"width\":176,\"height\":20,\"caption\":\"Evolve\"},\"image\":{\"@id\":\"https:\\\/\\\/evolve-fitness.eu\\\/fr\\\/#\\\/schema\\\/logo\\\/image\\\/\"},\"sameAs\":[\"https:\\\/\\\/www.facebook.com\\\/EvolveFitnessEurope\"]}]}<\/script>\n<!-- \/ Yoast SEO plugin. -->","yoast_head_json":{"title":"Sac de transport Evolve Carbon Series 5-25 kg - Evolve","robots":{"index":"index","follow":"follow","max-snippet":"max-snippet:-1","max-image-preview":"max-image-preview:large","max-video-preview":"max-video-preview:-1"},"canonical":"https:\/\/evolve-fitness.eu\/fr\/produit\/sac-de-transport-evolve-carbon-series-5-25-kg\/","og_locale":"fr_FR","og_type":"article","og_title":"Sac de transport Evolve Carbon Series 5-25 kg - Evolve","og_url":"https:\/\/evolve-fitness.eu\/fr\/produit\/sac-de-transport-evolve-carbon-series-5-25-kg\/","og_site_name":"Evolve","article_publisher":"https:\/\/www.facebook.com\/EvolveFitnessEurope","article_modified_time":"2026-03-27T08:47:40+00:00","og_image":[{"width":680,"height":600,"url":"https:\/\/evolve-fitness.eu\/wp-content\/uploads\/2023\/09\/Evolve-Carbon-Series-Powerbags.png","type":"image\/png"}],"twitter_card":"summary_large_image","schema":{"@context":"https:\/\/schema.org","@graph":[{"@type":"WebPage","@id":"https:\/\/evolve-fitness.eu\/fr\/produit\/sac-de-transport-evolve-carbon-series-5-25-kg\/","url":"https:\/\/evolve-fitness.eu\/fr\/produit\/sac-de-transport-evolve-carbon-series-5-25-kg\/","name":"Sac de transport Evolve Carbon Series 5-25 kg - Evolve","isPartOf":{"@id":"https:\/\/evolve-fitness.eu\/fr\/#website"},"primaryImageOfPage":{"@id":"https:\/\/evolve-fitness.eu\/fr\/produit\/sac-de-transport-evolve-carbon-series-5-25-kg\/#primaryimage"},"image":{"@id":"https:\/\/evolve-fitness.eu\/fr\/produit\/sac-de-transport-evolve-carbon-series-5-25-kg\/#primaryimage"},"thumbnailUrl":"https:\/\/evolve-fitness.eu\/wp-content\/uploads\/2023\/09\/Evolve-Carbon-Series-Powerbags.png","datePublished":"2023-09-15T08:13:23+00:00","dateModified":"2026-03-27T08:47:40+00:00","breadcrumb":{"@id":"https:\/\/evolve-fitness.eu\/fr\/produit\/sac-de-transport-evolve-carbon-series-5-25-kg\/#breadcrumb"},"inLanguage":"fr-FR","potentialAction":[{"@type":"ReadAction","target":["https:\/\/evolve-fitness.eu\/fr\/produit\/sac-de-transport-evolve-carbon-series-5-25-kg\/"]}]},{"@type":"ImageObject","inLanguage":"fr-FR","@id":"https:\/\/evolve-fitness.eu\/fr\/produit\/sac-de-transport-evolve-carbon-series-5-25-kg\/#primaryimage","url":"https:\/\/evolve-fitness.eu\/wp-content\/uploads\/2023\/09\/Evolve-Carbon-Series-Powerbags.png","contentUrl":"https:\/\/evolve-fitness.eu\/wp-content\/uploads\/2023\/09\/Evolve-Carbon-Series-Powerbags.png","width":680,"height":600,"caption":"EV-PB-CS"},{"@type":"BreadcrumbList","@id":"https:\/\/evolve-fitness.eu\/fr\/produit\/sac-de-transport-evolve-carbon-series-5-25-kg\/#breadcrumb","itemListElement":[{"@type":"ListItem","position":1,"name":"Home","item":"https:\/\/evolve-fitness.eu\/fr\/"},{"@type":"ListItem","position":2,"name":"Produits","item":"https:\/\/evolve-fitness.eu\/fr\/shop\/"},{"@type":"ListItem","position":3,"name":"Sac de transport Evolve Carbon Series 5-25 kg"}]},{"@type":"WebSite","@id":"https:\/\/evolve-fitness.eu\/fr\/#website","url":"https:\/\/evolve-fitness.eu\/fr\/","name":"Evolve","description":"Your Evolved Gear Arrived","publisher":{"@id":"https:\/\/evolve-fitness.eu\/fr\/#organization"},"potentialAction":[{"@type":"SearchAction","target":{"@type":"EntryPoint","urlTemplate":"https:\/\/evolve-fitness.eu\/fr\/?s={search_term_string}"},"query-input":{"@type":"PropertyValueSpecification","valueRequired":true,"valueName":"search_term_string"}}],"inLanguage":"fr-FR"},{"@type":"Organization","@id":"https:\/\/evolve-fitness.eu\/fr\/#organization","name":"Evolve","url":"https:\/\/evolve-fitness.eu\/fr\/","logo":{"@type":"ImageObject","inLanguage":"fr-FR","@id":"https:\/\/evolve-fitness.eu\/fr\/#\/schema\/logo\/image\/","url":"https:\/\/evolve-fitness.eu\/wp-content\/uploads\/2023\/05\/Evolve-logo.svg","contentUrl":"https:\/\/evolve-fitness.eu\/wp-content\/uploads\/2023\/05\/Evolve-logo.svg","width":176,"height":20,"caption":"Evolve"},"image":{"@id":"https:\/\/evolve-fitness.eu\/fr\/#\/schema\/logo\/image\/"},"sameAs":["https:\/\/www.facebook.com\/EvolveFitnessEurope"]}]}},"_links":{"self":[{"href":"https:\/\/evolve-fitness.eu\/fr\/wp-json\/wp\/v2\/product\/44370","targetHints":{"allow":["GET"]}}],"collection":[{"href":"https:\/\/evolve-fitness.eu\/fr\/wp-json\/wp\/v2\/product"}],"about":[{"href":"https:\/\/evolve-fitness.eu\/fr\/wp-json\/wp\/v2\/types\/product"}],"wp:featuredmedia":[{"embeddable":true,"href":"https:\/\/evolve-fitness.eu\/fr\/wp-json\/wp\/v2\/media\/44371"}],"wp:attachment":[{"href":"https:\/\/evolve-fitness.eu\/fr\/wp-json\/wp\/v2\/media?parent=44370"}],"wp:term":[{"taxonomy":"product_brand","embeddable":true,"href":"https:\/\/evolve-fitness.eu\/fr\/wp-json\/wp\/v2\/product_brand?post=44370"},{"taxonomy":"product_cat","embeddable":true,"href":"https:\/\/evolve-fitness.eu\/fr\/wp-json\/wp\/v2\/product_cat?post=44370"},{"taxonomy":"product_tag","embeddable":true,"href":"https:\/\/evolve-fitness.eu\/fr\/wp-json\/wp\/v2\/product_tag?post=44370"}],"curies":[{"name":"wp","href":"https:\/\/api.w.org\/{rel}","templated":true}]}}