{"id":46475,"date":"2023-11-13T15:44:47","date_gmt":"2023-11-13T15:44:47","guid":{"rendered":"https:\/\/evolve-fitness.eu\/product\/poutre-dinclinaison-decroissance-evolve-1100-mm-1800-mm\/"},"modified":"2026-04-08T15:11:17","modified_gmt":"2026-04-08T12:11:17","slug":"poutre-dinclinaison-decroissance-evolve-1100-mm-1800-mm","status":"publish","type":"product","link":"https:\/\/evolve-fitness.eu\/fr\/produit\/poutre-dinclinaison-decroissance-evolve-1100-mm-1800-mm\/","title":{"rendered":"Poutre d&rsquo;inclinaison\/d\u00e9croissance Evolve &#8211; 1100 mm \/ 1800 mm (MP-OB)"},"content":{"rendered":"\n<section class=\"wp-block-group alignfull has-lightgray-background-color has-background is-layout-constrained wp-block-group-is-layout-constrained\">\n<div class=\"wp-block-columns alignwide is-layout-flex wp-container-core-columns-is-layout-2edb0647 wp-block-columns-is-layout-flex\" style=\"margin-top:0;margin-bottom:0\">\n<div class=\"wp-block-column is-layout-flow wp-block-column-is-layout-flow\" style=\"flex-basis:33.33%\"><\/div>\n\n\n\n<div class=\"wp-block-column is-layout-flow wp-block-column-is-layout-flow\" style=\"flex-basis:66.66%\"><\/div>\n<\/div>\n<\/section>\n","protected":false},"excerpt":{"rendered":"<p>Am\u00e9liorez vos s\u00e9ances d&rsquo;entra\u00eenement avec la poutre inclin\u00e9e\/d\u00e9clin\u00e9e Evolve, disponible en 1100 mm ou 1800 mm de longueur. Con\u00e7ue pour am\u00e9liorer l&rsquo;entra\u00eenement fonctionnel, le crossfit, l&rsquo;entra\u00eenement en groupe ou individuel avec les appareils Evolve, la conception modulaire de cette poutre et sa compatibilit\u00e9 avec les accessoires offrent une grande polyvalence pour r\u00e9pondre \u00e0 vos besoins en mati\u00e8re de conditionnement physique. Prix par pi\u00e8ce. Am\u00e9liorez votre programme de remise en forme d\u00e8s aujourd&rsquo;hui !<\/p>\n","protected":false},"featured_media":46482,"template":"","meta":{"_acf_changed":false,"inline_featured_image":false},"product_brand":[],"product_cat":[2856,2857,2855],"product_tag":[],"class_list":{"0":"post-46475","1":"product","2":"type-product","3":"status-publish","4":"has-post-thumbnail","6":"product_cat-composants-de-lappareil-de-forage","7":"product_cat-pieces-principales","8":"product_cat-transversal-et-fonctionnel","10":"first","11":"instock","12":"shipping-taxable","13":"purchasable","14":"product-type-variable"},"acf":{"long_title":"Poutre d'inclinaison\/d\u00e9croissance Evolve - 1100 mm \/ 1800 mm  ","subtitle":"","specifications":[{"label":"SKU","text_value":"EV-MP-OB","icon":"x"}]},"yoast_head":"<!-- This site is optimized with the Yoast SEO plugin v27.4 - https:\/\/yoast.com\/product\/yoast-seo-wordpress\/ -->\n<title>Poutre d&#039;inclinaison\/d\u00e9croissance Evolve - 1100 mm \/ 1800 mm (MP-OB) - Evolve<\/title>\n<meta name=\"robots\" content=\"index, follow, max-snippet:-1, max-image-preview:large, max-video-preview:-1\" \/>\n<link rel=\"canonical\" href=\"https:\/\/evolve-fitness.eu\/fr\/produit\/poutre-dinclinaison-decroissance-evolve-1100-mm-1800-mm\/\" \/>\n<meta property=\"og:locale\" content=\"fr_FR\" \/>\n<meta property=\"og:type\" content=\"article\" \/>\n<meta property=\"og:title\" content=\"Poutre d&#039;inclinaison\/d\u00e9croissance Evolve - 1100 mm \/ 1800 mm (MP-OB) - Evolve\" \/>\n<meta property=\"og:url\" content=\"https:\/\/evolve-fitness.eu\/fr\/produit\/poutre-dinclinaison-decroissance-evolve-1100-mm-1800-mm\/\" \/>\n<meta property=\"og:site_name\" content=\"Evolve\" \/>\n<meta property=\"article:publisher\" content=\"https:\/\/www.facebook.com\/EvolveFitnessEurope\" \/>\n<meta property=\"article:modified_time\" content=\"2026-04-08T12:11:17+00:00\" \/>\n<meta property=\"og:image\" content=\"https:\/\/evolve-fitness.eu\/wp-content\/uploads\/2023\/11\/Evolve-Incline-Decline-Beam-1100-mm-1800-mm-.png\" \/>\n\t<meta property=\"og:image:width\" content=\"680\" \/>\n\t<meta property=\"og:image:height\" content=\"600\" \/>\n\t<meta property=\"og:image:type\" content=\"image\/png\" \/>\n<meta name=\"twitter:card\" content=\"summary_large_image\" \/>\n<script type=\"application\/ld+json\" class=\"yoast-schema-graph\">{\"@context\":\"https:\\\/\\\/schema.org\",\"@graph\":[{\"@type\":\"WebPage\",\"@id\":\"https:\\\/\\\/evolve-fitness.eu\\\/fr\\\/produit\\\/poutre-dinclinaison-decroissance-evolve-1100-mm-1800-mm\\\/\",\"url\":\"https:\\\/\\\/evolve-fitness.eu\\\/fr\\\/produit\\\/poutre-dinclinaison-decroissance-evolve-1100-mm-1800-mm\\\/\",\"name\":\"Poutre d'inclinaison\\\/d\u00e9croissance Evolve - 1100 mm \\\/ 1800 mm (MP-OB) - Evolve\",\"isPartOf\":{\"@id\":\"https:\\\/\\\/evolve-fitness.eu\\\/fr\\\/#website\"},\"primaryImageOfPage\":{\"@id\":\"https:\\\/\\\/evolve-fitness.eu\\\/fr\\\/produit\\\/poutre-dinclinaison-decroissance-evolve-1100-mm-1800-mm\\\/#primaryimage\"},\"image\":{\"@id\":\"https:\\\/\\\/evolve-fitness.eu\\\/fr\\\/produit\\\/poutre-dinclinaison-decroissance-evolve-1100-mm-1800-mm\\\/#primaryimage\"},\"thumbnailUrl\":\"https:\\\/\\\/evolve-fitness.eu\\\/wp-content\\\/uploads\\\/2023\\\/11\\\/Evolve-Incline-Decline-Beam-1100-mm-1800-mm-.png\",\"datePublished\":\"2023-11-13T15:44:47+00:00\",\"dateModified\":\"2026-04-08T12:11:17+00:00\",\"breadcrumb\":{\"@id\":\"https:\\\/\\\/evolve-fitness.eu\\\/fr\\\/produit\\\/poutre-dinclinaison-decroissance-evolve-1100-mm-1800-mm\\\/#breadcrumb\"},\"inLanguage\":\"fr-FR\",\"potentialAction\":[{\"@type\":\"ReadAction\",\"target\":[\"https:\\\/\\\/evolve-fitness.eu\\\/fr\\\/produit\\\/poutre-dinclinaison-decroissance-evolve-1100-mm-1800-mm\\\/\"]}]},{\"@type\":\"ImageObject\",\"inLanguage\":\"fr-FR\",\"@id\":\"https:\\\/\\\/evolve-fitness.eu\\\/fr\\\/produit\\\/poutre-dinclinaison-decroissance-evolve-1100-mm-1800-mm\\\/#primaryimage\",\"url\":\"https:\\\/\\\/evolve-fitness.eu\\\/wp-content\\\/uploads\\\/2023\\\/11\\\/Evolve-Incline-Decline-Beam-1100-mm-1800-mm-.png\",\"contentUrl\":\"https:\\\/\\\/evolve-fitness.eu\\\/wp-content\\\/uploads\\\/2023\\\/11\\\/Evolve-Incline-Decline-Beam-1100-mm-1800-mm-.png\",\"width\":680,\"height\":600,\"caption\":\"ER-MP-OB\"},{\"@type\":\"BreadcrumbList\",\"@id\":\"https:\\\/\\\/evolve-fitness.eu\\\/fr\\\/produit\\\/poutre-dinclinaison-decroissance-evolve-1100-mm-1800-mm\\\/#breadcrumb\",\"itemListElement\":[{\"@type\":\"ListItem\",\"position\":1,\"name\":\"Home\",\"item\":\"https:\\\/\\\/evolve-fitness.eu\\\/fr\\\/\"},{\"@type\":\"ListItem\",\"position\":2,\"name\":\"Produits\",\"item\":\"https:\\\/\\\/evolve-fitness.eu\\\/fr\\\/shop\\\/\"},{\"@type\":\"ListItem\",\"position\":3,\"name\":\"Poutre d&#8217;inclinaison\\\/d\u00e9croissance Evolve &#8211; 1100 mm \\\/ 1800 mm (MP-OB)\"}]},{\"@type\":\"WebSite\",\"@id\":\"https:\\\/\\\/evolve-fitness.eu\\\/fr\\\/#website\",\"url\":\"https:\\\/\\\/evolve-fitness.eu\\\/fr\\\/\",\"name\":\"Evolve\",\"description\":\"Your Evolved Gear Arrived\",\"publisher\":{\"@id\":\"https:\\\/\\\/evolve-fitness.eu\\\/fr\\\/#organization\"},\"potentialAction\":[{\"@type\":\"SearchAction\",\"target\":{\"@type\":\"EntryPoint\",\"urlTemplate\":\"https:\\\/\\\/evolve-fitness.eu\\\/fr\\\/?s={search_term_string}\"},\"query-input\":{\"@type\":\"PropertyValueSpecification\",\"valueRequired\":true,\"valueName\":\"search_term_string\"}}],\"inLanguage\":\"fr-FR\"},{\"@type\":\"Organization\",\"@id\":\"https:\\\/\\\/evolve-fitness.eu\\\/fr\\\/#organization\",\"name\":\"Evolve\",\"url\":\"https:\\\/\\\/evolve-fitness.eu\\\/fr\\\/\",\"logo\":{\"@type\":\"ImageObject\",\"inLanguage\":\"fr-FR\",\"@id\":\"https:\\\/\\\/evolve-fitness.eu\\\/fr\\\/#\\\/schema\\\/logo\\\/image\\\/\",\"url\":\"https:\\\/\\\/evolve-fitness.eu\\\/wp-content\\\/uploads\\\/2023\\\/05\\\/Evolve-logo.svg\",\"contentUrl\":\"https:\\\/\\\/evolve-fitness.eu\\\/wp-content\\\/uploads\\\/2023\\\/05\\\/Evolve-logo.svg\",\"width\":176,\"height\":20,\"caption\":\"Evolve\"},\"image\":{\"@id\":\"https:\\\/\\\/evolve-fitness.eu\\\/fr\\\/#\\\/schema\\\/logo\\\/image\\\/\"},\"sameAs\":[\"https:\\\/\\\/www.facebook.com\\\/EvolveFitnessEurope\"]}]}<\/script>\n<!-- \/ Yoast SEO plugin. -->","yoast_head_json":{"title":"Poutre d'inclinaison\/d\u00e9croissance Evolve - 1100 mm \/ 1800 mm (MP-OB) - Evolve","robots":{"index":"index","follow":"follow","max-snippet":"max-snippet:-1","max-image-preview":"max-image-preview:large","max-video-preview":"max-video-preview:-1"},"canonical":"https:\/\/evolve-fitness.eu\/fr\/produit\/poutre-dinclinaison-decroissance-evolve-1100-mm-1800-mm\/","og_locale":"fr_FR","og_type":"article","og_title":"Poutre d'inclinaison\/d\u00e9croissance Evolve - 1100 mm \/ 1800 mm (MP-OB) - Evolve","og_url":"https:\/\/evolve-fitness.eu\/fr\/produit\/poutre-dinclinaison-decroissance-evolve-1100-mm-1800-mm\/","og_site_name":"Evolve","article_publisher":"https:\/\/www.facebook.com\/EvolveFitnessEurope","article_modified_time":"2026-04-08T12:11:17+00:00","og_image":[{"width":680,"height":600,"url":"https:\/\/evolve-fitness.eu\/wp-content\/uploads\/2023\/11\/Evolve-Incline-Decline-Beam-1100-mm-1800-mm-.png","type":"image\/png"}],"twitter_card":"summary_large_image","schema":{"@context":"https:\/\/schema.org","@graph":[{"@type":"WebPage","@id":"https:\/\/evolve-fitness.eu\/fr\/produit\/poutre-dinclinaison-decroissance-evolve-1100-mm-1800-mm\/","url":"https:\/\/evolve-fitness.eu\/fr\/produit\/poutre-dinclinaison-decroissance-evolve-1100-mm-1800-mm\/","name":"Poutre d'inclinaison\/d\u00e9croissance Evolve - 1100 mm \/ 1800 mm (MP-OB) - Evolve","isPartOf":{"@id":"https:\/\/evolve-fitness.eu\/fr\/#website"},"primaryImageOfPage":{"@id":"https:\/\/evolve-fitness.eu\/fr\/produit\/poutre-dinclinaison-decroissance-evolve-1100-mm-1800-mm\/#primaryimage"},"image":{"@id":"https:\/\/evolve-fitness.eu\/fr\/produit\/poutre-dinclinaison-decroissance-evolve-1100-mm-1800-mm\/#primaryimage"},"thumbnailUrl":"https:\/\/evolve-fitness.eu\/wp-content\/uploads\/2023\/11\/Evolve-Incline-Decline-Beam-1100-mm-1800-mm-.png","datePublished":"2023-11-13T15:44:47+00:00","dateModified":"2026-04-08T12:11:17+00:00","breadcrumb":{"@id":"https:\/\/evolve-fitness.eu\/fr\/produit\/poutre-dinclinaison-decroissance-evolve-1100-mm-1800-mm\/#breadcrumb"},"inLanguage":"fr-FR","potentialAction":[{"@type":"ReadAction","target":["https:\/\/evolve-fitness.eu\/fr\/produit\/poutre-dinclinaison-decroissance-evolve-1100-mm-1800-mm\/"]}]},{"@type":"ImageObject","inLanguage":"fr-FR","@id":"https:\/\/evolve-fitness.eu\/fr\/produit\/poutre-dinclinaison-decroissance-evolve-1100-mm-1800-mm\/#primaryimage","url":"https:\/\/evolve-fitness.eu\/wp-content\/uploads\/2023\/11\/Evolve-Incline-Decline-Beam-1100-mm-1800-mm-.png","contentUrl":"https:\/\/evolve-fitness.eu\/wp-content\/uploads\/2023\/11\/Evolve-Incline-Decline-Beam-1100-mm-1800-mm-.png","width":680,"height":600,"caption":"ER-MP-OB"},{"@type":"BreadcrumbList","@id":"https:\/\/evolve-fitness.eu\/fr\/produit\/poutre-dinclinaison-decroissance-evolve-1100-mm-1800-mm\/#breadcrumb","itemListElement":[{"@type":"ListItem","position":1,"name":"Home","item":"https:\/\/evolve-fitness.eu\/fr\/"},{"@type":"ListItem","position":2,"name":"Produits","item":"https:\/\/evolve-fitness.eu\/fr\/shop\/"},{"@type":"ListItem","position":3,"name":"Poutre d&#8217;inclinaison\/d\u00e9croissance Evolve &#8211; 1100 mm \/ 1800 mm (MP-OB)"}]},{"@type":"WebSite","@id":"https:\/\/evolve-fitness.eu\/fr\/#website","url":"https:\/\/evolve-fitness.eu\/fr\/","name":"Evolve","description":"Your Evolved Gear Arrived","publisher":{"@id":"https:\/\/evolve-fitness.eu\/fr\/#organization"},"potentialAction":[{"@type":"SearchAction","target":{"@type":"EntryPoint","urlTemplate":"https:\/\/evolve-fitness.eu\/fr\/?s={search_term_string}"},"query-input":{"@type":"PropertyValueSpecification","valueRequired":true,"valueName":"search_term_string"}}],"inLanguage":"fr-FR"},{"@type":"Organization","@id":"https:\/\/evolve-fitness.eu\/fr\/#organization","name":"Evolve","url":"https:\/\/evolve-fitness.eu\/fr\/","logo":{"@type":"ImageObject","inLanguage":"fr-FR","@id":"https:\/\/evolve-fitness.eu\/fr\/#\/schema\/logo\/image\/","url":"https:\/\/evolve-fitness.eu\/wp-content\/uploads\/2023\/05\/Evolve-logo.svg","contentUrl":"https:\/\/evolve-fitness.eu\/wp-content\/uploads\/2023\/05\/Evolve-logo.svg","width":176,"height":20,"caption":"Evolve"},"image":{"@id":"https:\/\/evolve-fitness.eu\/fr\/#\/schema\/logo\/image\/"},"sameAs":["https:\/\/www.facebook.com\/EvolveFitnessEurope"]}]}},"_links":{"self":[{"href":"https:\/\/evolve-fitness.eu\/fr\/wp-json\/wp\/v2\/product\/46475","targetHints":{"allow":["GET"]}}],"collection":[{"href":"https:\/\/evolve-fitness.eu\/fr\/wp-json\/wp\/v2\/product"}],"about":[{"href":"https:\/\/evolve-fitness.eu\/fr\/wp-json\/wp\/v2\/types\/product"}],"wp:featuredmedia":[{"embeddable":true,"href":"https:\/\/evolve-fitness.eu\/fr\/wp-json\/wp\/v2\/media\/46482"}],"wp:attachment":[{"href":"https:\/\/evolve-fitness.eu\/fr\/wp-json\/wp\/v2\/media?parent=46475"}],"wp:term":[{"taxonomy":"product_brand","embeddable":true,"href":"https:\/\/evolve-fitness.eu\/fr\/wp-json\/wp\/v2\/product_brand?post=46475"},{"taxonomy":"product_cat","embeddable":true,"href":"https:\/\/evolve-fitness.eu\/fr\/wp-json\/wp\/v2\/product_cat?post=46475"},{"taxonomy":"product_tag","embeddable":true,"href":"https:\/\/evolve-fitness.eu\/fr\/wp-json\/wp\/v2\/product_tag?post=46475"}],"curies":[{"name":"wp","href":"https:\/\/api.w.org\/{rel}","templated":true}]}}