{"id":51931,"date":"2023-09-11T12:20:55","date_gmt":"2023-09-11T12:20:55","guid":{"rendered":"https:\/\/evolve-fitness.eu\/product\/rack-a-squat-evolve-prime-series-avec-charge-de-plateaux\/"},"modified":"2024-08-01T08:52:37","modified_gmt":"2024-08-01T08:52:37","slug":"rack-a-squat-evolve-prime-series-avec-charge-de-plateaux","status":"publish","type":"product","link":"https:\/\/evolve-fitness.eu\/fr\/produit\/rack-a-squat-evolve-prime-series-avec-charge-de-plateaux\/","title":{"rendered":"Rack \u00e0 squat Evolve Prime Series avec charge de plateaux"},"content":{"rendered":"\n<section class=\"wp-block-group alignfull has-lightgray-background-color has-background is-layout-constrained wp-block-group-is-layout-constrained\">\n<div class=\"wp-block-columns alignwide is-layout-flex wp-container-core-columns-is-layout-2edb0647 wp-block-columns-is-layout-flex\" style=\"margin-top:0;margin-bottom:0\">\n<div class=\"wp-block-column is-layout-flow wp-block-column-is-layout-flow\" style=\"flex-basis:33.33%\"><\/div>\n\n\n\n<div class=\"wp-block-column is-layout-flow wp-block-column-is-layout-flow\" style=\"flex-basis:66.66%\"><\/div>\n<\/div>\n<\/section>\n\n<section class=\"wp-block-group alignfull black-content has-white-color has-darkgray-background-color has-text-color has-background is-layout-constrained wp-block-group-is-layout-constrained\" style=\"padding-top:var(--wp--preset--spacing--section-bottom);padding-bottom:var(--wp--preset--spacing--section-bottom)\">\n<h3 class=\"wp-block-heading has-text-align-center\"><strong><strong>EVOLVE PLATE LOADED PRIME SERIES<\/strong><\/strong><\/h3>\n\n\n\n<p>Avec la s\u00e9rie Evolve Plate Loaded Prime, l&rsquo;excellence est la norme. Am\u00e9liorez votre entra\u00eenement musculaire avec des machines con\u00e7ues pour le confort, la durabilit\u00e9 et la performance. D\u00e9couvrez d\u00e8s aujourd&rsquo;hui l&rsquo;ensemble de la gamme et red\u00e9finissez votre parcours de remise en forme.<\/p>\n\n\n\n<section class=\"wp-block-group alignfull black-content has-white-color has-darkgray-background-color has-text-color has-background is-layout-constrained wp-block-group-is-layout-constrained\" style=\"padding-top:var(--wp--preset--spacing--section-bottom);padding-bottom:var(--wp--preset--spacing--section-bottom)\">\n<div class=\"wp-block-columns alignwide mobile-reverse is-layout-flex wp-container-core-columns-is-layout-ca64bf2d wp-block-columns-is-layout-flex\" style=\"margin-bottom:var(--wp--preset--spacing--side-padding)\">\n<div class=\"wp-block-column is-vertically-aligned-center is-layout-flow wp-block-column-is-layout-flow\">\n<h3 class=\"wp-block-heading\" style=\"margin-bottom:var(--wp--preset--spacing--h-3-bottom)\"><strong><strong><strong>L&rsquo;excellence red\u00e9finie<\/strong><\/strong><\/strong><\/h3>\n\n\n\n<p><strong><em><strong>Pr\u00e9sentation de la s\u00e9rie Evolve Plate Loaded Prime<\/strong><\/em><\/strong><\/p>\n\n\n\n<p style=\"margin-bottom:var(--wp--preset--spacing--tb-section-padding)\">D\u00e9couvrez le summum de l&rsquo;entra\u00eenement musculaire avec la s\u00e9rie Evolve Plate Loaded Prime. Chaque appareil de cette gamme est m\u00e9ticuleusement con\u00e7u pour offrir une exp\u00e9rience d&rsquo;entra\u00eenement sup\u00e9rieure, et voici pourquoi<\/p>\n\n\n\n<h3 class=\"wp-block-heading\" style=\"margin-bottom:var(--wp--preset--spacing--h-3-bottom)\"><strong><strong><strong><strong><strong>Rembourrage \u00e9pais<\/strong><\/strong><\/strong><\/strong><\/strong><\/h3>\n\n\n\n<p><strong><em><strong><strong><strong>Confort et durabilit\u00e9 sup\u00e9rieurs<\/strong><\/strong><\/strong><\/em><\/strong><\/p>\n\n\n\n<p>Restez organis\u00e9 et maximisez l&rsquo;efficacit\u00e9 de l&rsquo;espace avec les <strong>pinces pour le stockage des plaques de poids<\/strong>. Gardez vos assiettes \u00e0 port\u00e9e de main, pour un environnement d&rsquo;entra\u00eenement sans d\u00e9sordre.<\/p>\n<\/div>\n\n\n\n<div class=\"wp-block-column is-vertically-aligned-center is-layout-flow wp-block-column-is-layout-flow\">\n<figure class=\"wp-block-image size-large is-resized is-style-rounded\"><img loading=\"lazy\" decoding=\"async\" width=\"933\" height=\"1024\" src=\"https:\/\/evolve-fitness.eu\/wp-content\/uploads\/2023\/08\/EV-PL-EC-001-933x1024.jpg\" alt=\"\" class=\"wp-image-3399\" style=\"width:643px;height:706px\" srcset=\"https:\/\/evolve-fitness.eu\/wp-content\/uploads\/2023\/08\/EV-PL-EC-001-933x1024.jpg 933w, https:\/\/evolve-fitness.eu\/wp-content\/uploads\/2023\/08\/EV-PL-EC-001-300x329.jpg 300w, https:\/\/evolve-fitness.eu\/wp-content\/uploads\/2023\/08\/EV-PL-EC-001-137x150.jpg 137w, https:\/\/evolve-fitness.eu\/wp-content\/uploads\/2023\/08\/EV-PL-EC-001-600x659.jpg 600w, https:\/\/evolve-fitness.eu\/wp-content\/uploads\/2023\/08\/EV-PL-EC-001-273x300.jpg 273w, https:\/\/evolve-fitness.eu\/wp-content\/uploads\/2023\/08\/EV-PL-EC-001-768x843.jpg 768w, https:\/\/evolve-fitness.eu\/wp-content\/uploads\/2023\/08\/EV-PL-EC-001-1399x1536.jpg 1399w, https:\/\/evolve-fitness.eu\/wp-content\/uploads\/2023\/08\/EV-PL-EC-001.jpg 1760w\" sizes=\"auto, (max-width: 933px) 100vw, 933px\" \/><\/figure>\n<\/div>\n<\/div>\n\n\n\n<div class=\"wp-block-columns alignwide mobile-reverse is-layout-flex wp-container-core-columns-is-layout-ca64bf2d wp-block-columns-is-layout-flex\" style=\"margin-bottom:var(--wp--preset--spacing--side-padding)\">\n<div class=\"wp-block-column is-vertically-aligned-center is-layout-flow wp-block-column-is-layout-flow\">\n<figure class=\"wp-block-image size-full\"><img loading=\"lazy\" decoding=\"async\" width=\"1024\" height=\"768\" src=\"https:\/\/evolve-fitness.eu\/wp-content\/uploads\/2023\/09\/EV-PL-PR-207-Evolve-Prime-Series-Plate-Loaded-Squat-Rack-1.jpeg\" alt=\"\" class=\"wp-image-151116\" srcset=\"https:\/\/evolve-fitness.eu\/wp-content\/uploads\/2023\/09\/EV-PL-PR-207-Evolve-Prime-Series-Plate-Loaded-Squat-Rack-1.jpeg 1024w, https:\/\/evolve-fitness.eu\/wp-content\/uploads\/2023\/09\/EV-PL-PR-207-Evolve-Prime-Series-Plate-Loaded-Squat-Rack-1-300x225.jpeg 300w, https:\/\/evolve-fitness.eu\/wp-content\/uploads\/2023\/09\/EV-PL-PR-207-Evolve-Prime-Series-Plate-Loaded-Squat-Rack-1-200x150.jpeg 200w, https:\/\/evolve-fitness.eu\/wp-content\/uploads\/2023\/09\/EV-PL-PR-207-Evolve-Prime-Series-Plate-Loaded-Squat-Rack-1-600x450.jpeg 600w, https:\/\/evolve-fitness.eu\/wp-content\/uploads\/2023\/09\/EV-PL-PR-207-Evolve-Prime-Series-Plate-Loaded-Squat-Rack-1-150x113.jpeg 150w, https:\/\/evolve-fitness.eu\/wp-content\/uploads\/2023\/09\/EV-PL-PR-207-Evolve-Prime-Series-Plate-Loaded-Squat-Rack-1-768x576.jpeg 768w\" sizes=\"auto, (max-width: 1024px) 100vw, 1024px\" \/><\/figure>\n<\/div>\n\n\n\n<div class=\"wp-block-column is-vertically-aligned-center is-layout-flow wp-block-column-is-layout-flow\">\n<h3 class=\"wp-block-heading\" style=\"margin-bottom:var(--wp--preset--spacing--h-3-bottom)\"><strong><strong>Engagement musculaire cibl\u00e9<\/strong><\/strong><\/h3>\n\n\n\n<p><strong>Boutons de r\u00e9glage faciles \u00e0 utiliser en jaune vif<\/strong><\/p>\n\n\n\n<p style=\"margin-bottom:var(--wp--preset--spacing--tb-section-padding)\">Pour ceux qui recherchent la polyvalence, certaines machines de la s\u00e9rie Prime offrent un <strong>mouvement unilat\u00e9ral des bras<\/strong>. Cette fonction vous permet de cibler efficacement des groupes musculaires sp\u00e9cifiques, ce qui vous permet de personnaliser votre programme d&rsquo;entra\u00eenement.<\/p>\n\n\n\n<h3 class=\"wp-block-heading\" style=\"margin-bottom:var(--wp--preset--spacing--h-3-bottom)\"><strong><strong><strong>Position assise r\u00e9glable<\/strong><\/strong><\/strong><\/h3>\n\n\n\n<p><strong><em><strong><strong>Boutons de r\u00e9glage faciles \u00e0 utiliser en jaune vif<\/strong><\/strong><\/em><\/strong><\/p>\n\n\n\n<p>Nos machines sont dot\u00e9es d&rsquo;une <strong>position assise r\u00e9glable<\/strong> avec des boutons et des poign\u00e9es de r\u00e9glage en jaune clair, facile \u00e0 voir. Cette conception conviviale vous permet d&rsquo;installer votre \u00e9quipement rapidement et avec pr\u00e9cision, ce qui am\u00e9liore votre exp\u00e9rience d&rsquo;entra\u00eenement.<\/p>\n<\/div>\n<\/div>\n\n\n\n<div class=\"wp-block-columns alignwide mobile-reverse is-layout-flex wp-container-core-columns-is-layout-ca64bf2d wp-block-columns-is-layout-flex\" style=\"margin-bottom:var(--wp--preset--spacing--side-padding)\">\n<div class=\"wp-block-column is-vertically-aligned-center is-layout-flow wp-block-column-is-layout-flow\">\n<h3 class=\"wp-block-heading\" style=\"margin-bottom:var(--wp--preset--spacing--h-3-bottom)\"><strong><strong>Des s\u00e9ances d&rsquo;entra\u00eenement sans souci<\/strong><\/strong><\/h3>\n\n\n\n<p><strong><em><strong><strong><strong><strong><strong>Cadre ouvert pour un acc\u00e8s facile<\/strong><\/strong><\/strong><\/strong><\/strong><\/em><\/strong><\/p>\n\n\n\n<p style=\"margin-bottom:var(--wp--preset--spacing--tb-section-padding)\">La conception \u00e0 cadre ouvert de nos appareils garantit un acc\u00e8s facile, ce qui vous permet de passer d&rsquo;un exercice \u00e0 l&rsquo;autre en toute transparence. Dites adieu aux tracas inutiles et concentrez-vous sur votre formation.<\/p>\n\n\n\n<h3 class=\"wp-block-heading\" style=\"margin-bottom:var(--wp--preset--spacing--h-3-bottom)\"><strong><strong><strong><strong>Construit pour durer<\/strong><\/strong><\/strong><\/strong><\/h3>\n\n\n\n<p><strong><em><strong><strong><strong>Boulons et \u00e9crous en acier inoxydable<\/strong><\/strong><\/strong><\/em><\/strong><\/p>\n\n\n\n<p>La s\u00e9rie Prime est construite pour durer, avec tous les boulons et \u00e9crous en <strong>acier inoxydable<\/strong>. Cette qualit\u00e9 de construction assure la long\u00e9vit\u00e9 de votre \u00e9quipement.<\/p>\n<\/div>\n\n\n\n<div class=\"wp-block-column is-vertically-aligned-center is-layout-flow wp-block-column-is-layout-flow\">\n<figure class=\"wp-block-image size-full\"><img loading=\"lazy\" decoding=\"async\" width=\"996\" height=\"647\" src=\"https:\/\/evolve-fitness.eu\/wp-content\/uploads\/2023\/09\/EV-PL-PR-207-Evolve-Prime-Series-Plate-Loaded-Squat-Rack-1.jpg\" alt=\"\" class=\"wp-image-151141\" srcset=\"https:\/\/evolve-fitness.eu\/wp-content\/uploads\/2023\/09\/EV-PL-PR-207-Evolve-Prime-Series-Plate-Loaded-Squat-Rack-1.jpg 996w, https:\/\/evolve-fitness.eu\/wp-content\/uploads\/2023\/09\/EV-PL-PR-207-Evolve-Prime-Series-Plate-Loaded-Squat-Rack-1-300x195.jpg 300w, https:\/\/evolve-fitness.eu\/wp-content\/uploads\/2023\/09\/EV-PL-PR-207-Evolve-Prime-Series-Plate-Loaded-Squat-Rack-1-231x150.jpg 231w, https:\/\/evolve-fitness.eu\/wp-content\/uploads\/2023\/09\/EV-PL-PR-207-Evolve-Prime-Series-Plate-Loaded-Squat-Rack-1-600x390.jpg 600w, https:\/\/evolve-fitness.eu\/wp-content\/uploads\/2023\/09\/EV-PL-PR-207-Evolve-Prime-Series-Plate-Loaded-Squat-Rack-1-150x97.jpg 150w, https:\/\/evolve-fitness.eu\/wp-content\/uploads\/2023\/09\/EV-PL-PR-207-Evolve-Prime-Series-Plate-Loaded-Squat-Rack-1-768x499.jpg 768w\" sizes=\"auto, (max-width: 996px) 100vw, 996px\" \/><\/figure>\n<\/div>\n<\/div>\n<\/section>\n<\/section>\n","protected":false},"excerpt":{"rendered":"<p>Am\u00e9liorez votre salle de sport avec le rack de squat \u00e0 plaques Evolve Prime Series PR-207.<br \/>\nCon\u00e7u pour les environnements commerciaux, ce rack de squat allie durabilit\u00e9 et s\u00e9curit\u00e9.<br \/>\nSon cadre en acier robuste et ses caract\u00e9ristiques de s\u00e9curit\u00e9, notamment les but\u00e9es de s\u00e9curit\u00e9 int\u00e9gr\u00e9es et les pieds recouverts de PVC souple, garantissent des s\u00e9ances d&rsquo;entra\u00eenement en solo en toute s\u00e9curit\u00e9.<br \/>\nAvec ses cinq positions r\u00e9glables, il est polyvalent pour divers exercices, et il est compatible avec les bancs r\u00e9glables.<br \/>\nVous pouvez m\u00eame personnaliser la couleur pour qu&rsquo;elle corresponde \u00e0 l&rsquo;image de marque de votre salle de sport.<br \/>\nCe rack est pratique gr\u00e2ce \u00e0 ses six supports de rangement pour les plaques de poids et \u00e0 ses 20 points d&rsquo;attache pour les barres d&rsquo;halt\u00e8res.<br \/>\nAm\u00e9liorez votre entra\u00eenement de musculation avec le rack de squat Evolve Prime Series.      <\/p>\n","protected":false},"featured_media":187010,"template":"","meta":{"_acf_changed":false,"inline_featured_image":false},"product_brand":[],"product_cat":[5194,5427],"product_tag":[],"class_list":{"0":"post-51931","1":"product","2":"type-product","3":"status-publish","4":"has-post-thumbnail","6":"product_cat-machines-a-plateau","7":"product_cat-econ-series-plate-loaded-machines","9":"first","10":"instock","11":"virtual","12":"purchasable","13":"product-type-simple"},"acf":{"long_title":"Evolve Prime Series Rack de Squat \u00e0 Plaques, PR-207","subtitle":"","specifications":[{"label":"SKU","text_value":"EV-PL-PR-207","icon":"x"},{"label":"Dimensions  ","text_value":"1860 x 1650 x 2010 mm","icon":"x"},{"label":"Poids  ","text_value":"130 kg","icon":"x"},{"label":"Garantie  ","text_value":"2 ans","icon":"x"},{"label":"Max. charge  ","text_value":"300 kg","icon":"x"},{"label":"Stockage des disques d'halt\u00e8res  ","text_value":"","icon":"v"},{"label":"Personnalisez la couleur en fonction de l'environnement de votre salle de sport","text_value":"","icon":"v"},{"label":"20 points de fixation de la barre","text_value":"","icon":"v"},{"label":"But\u00e9es de s\u00e9curit\u00e9 r\u00e9glables en hauteur","text_value":"","icon":"v"},{"label":"Protecteurs de sol durables","text_value":"","icon":"v"},{"label":"6 piquets pour le rangement des disques d'halt\u00e8res","text_value":"","icon":"v"},{"label":"Barre int\u00e9gr\u00e9e avec colliers","text_value":"","icon":"v"},{"label":"","text_value":"","icon":"x"}]},"yoast_head":"<!-- This site is optimized with the Yoast SEO plugin v26.6 - https:\/\/yoast.com\/wordpress\/plugins\/seo\/ -->\n<title>Rack \u00e0 squat Evolve Prime Series avec charge de plateaux - Evolve<\/title>\n<meta name=\"robots\" content=\"index, follow, max-snippet:-1, max-image-preview:large, max-video-preview:-1\" \/>\n<link rel=\"canonical\" href=\"https:\/\/evolve-fitness.eu\/fr\/produit\/rack-a-squat-evolve-prime-series-avec-charge-de-plateaux\/\" \/>\n<meta property=\"og:locale\" content=\"fr_FR\" \/>\n<meta property=\"og:type\" content=\"article\" \/>\n<meta property=\"og:title\" content=\"Rack \u00e0 squat Evolve Prime Series avec charge de plateaux - Evolve\" \/>\n<meta property=\"og:url\" content=\"https:\/\/evolve-fitness.eu\/fr\/produit\/rack-a-squat-evolve-prime-series-avec-charge-de-plateaux\/\" \/>\n<meta property=\"og:site_name\" content=\"Evolve\" \/>\n<meta property=\"article:publisher\" content=\"https:\/\/www.facebook.com\/EvolveFitnessEurope\" \/>\n<meta property=\"article:modified_time\" content=\"2024-08-01T08:52:37+00:00\" \/>\n<meta property=\"og:image\" content=\"https:\/\/evolve-fitness.eu\/wp-content\/uploads\/2023\/09\/EVOLVE-PL-PR-207.png\" \/>\n\t<meta property=\"og:image:width\" content=\"680\" \/>\n\t<meta property=\"og:image:height\" content=\"600\" \/>\n\t<meta property=\"og:image:type\" content=\"image\/png\" \/>\n<meta name=\"twitter:card\" content=\"summary_large_image\" \/>\n<script type=\"application\/ld+json\" class=\"yoast-schema-graph\">{\"@context\":\"https:\/\/schema.org\",\"@graph\":[{\"@type\":\"WebPage\",\"@id\":\"https:\/\/evolve-fitness.eu\/fr\/produit\/rack-a-squat-evolve-prime-series-avec-charge-de-plateaux\/\",\"url\":\"https:\/\/evolve-fitness.eu\/fr\/produit\/rack-a-squat-evolve-prime-series-avec-charge-de-plateaux\/\",\"name\":\"Rack \u00e0 squat Evolve Prime Series avec charge de plateaux - Evolve\",\"isPartOf\":{\"@id\":\"https:\/\/evolve-fitness.eu\/fr\/#website\"},\"primaryImageOfPage\":{\"@id\":\"https:\/\/evolve-fitness.eu\/fr\/produit\/rack-a-squat-evolve-prime-series-avec-charge-de-plateaux\/#primaryimage\"},\"image\":{\"@id\":\"https:\/\/evolve-fitness.eu\/fr\/produit\/rack-a-squat-evolve-prime-series-avec-charge-de-plateaux\/#primaryimage\"},\"thumbnailUrl\":\"https:\/\/evolve-fitness.eu\/wp-content\/uploads\/2025\/03\/EV-PL-EC-031-Evolve-Econ-Series-Squat-Rack-Recovered.png\",\"datePublished\":\"2023-09-11T12:20:55+00:00\",\"dateModified\":\"2024-08-01T08:52:37+00:00\",\"breadcrumb\":{\"@id\":\"https:\/\/evolve-fitness.eu\/fr\/produit\/rack-a-squat-evolve-prime-series-avec-charge-de-plateaux\/#breadcrumb\"},\"inLanguage\":\"fr-FR\",\"potentialAction\":[{\"@type\":\"ReadAction\",\"target\":[\"https:\/\/evolve-fitness.eu\/fr\/produit\/rack-a-squat-evolve-prime-series-avec-charge-de-plateaux\/\"]}]},{\"@type\":\"ImageObject\",\"inLanguage\":\"fr-FR\",\"@id\":\"https:\/\/evolve-fitness.eu\/fr\/produit\/rack-a-squat-evolve-prime-series-avec-charge-de-plateaux\/#primaryimage\",\"url\":\"https:\/\/evolve-fitness.eu\/wp-content\/uploads\/2025\/03\/EV-PL-EC-031-Evolve-Econ-Series-Squat-Rack-Recovered.png\",\"contentUrl\":\"https:\/\/evolve-fitness.eu\/wp-content\/uploads\/2025\/03\/EV-PL-EC-031-Evolve-Econ-Series-Squat-Rack-Recovered.png\",\"width\":3000,\"height\":3000,\"caption\":\"EV-PL-EC-031\"},{\"@type\":\"BreadcrumbList\",\"@id\":\"https:\/\/evolve-fitness.eu\/fr\/produit\/rack-a-squat-evolve-prime-series-avec-charge-de-plateaux\/#breadcrumb\",\"itemListElement\":[{\"@type\":\"ListItem\",\"position\":1,\"name\":\"Home\",\"item\":\"https:\/\/evolve-fitness.eu\/fr\/\"},{\"@type\":\"ListItem\",\"position\":2,\"name\":\"Produits\",\"item\":\"https:\/\/evolve-fitness.eu\/fr\/shop\/\"},{\"@type\":\"ListItem\",\"position\":3,\"name\":\"Rack \u00e0 squat Evolve Prime Series avec charge de plateaux\"}]},{\"@type\":\"WebSite\",\"@id\":\"https:\/\/evolve-fitness.eu\/fr\/#website\",\"url\":\"https:\/\/evolve-fitness.eu\/fr\/\",\"name\":\"Evolve\",\"description\":\"Your Evolved Gear Arrived\",\"publisher\":{\"@id\":\"https:\/\/evolve-fitness.eu\/fr\/#organization\"},\"potentialAction\":[{\"@type\":\"SearchAction\",\"target\":{\"@type\":\"EntryPoint\",\"urlTemplate\":\"https:\/\/evolve-fitness.eu\/fr\/?s={search_term_string}\"},\"query-input\":{\"@type\":\"PropertyValueSpecification\",\"valueRequired\":true,\"valueName\":\"search_term_string\"}}],\"inLanguage\":\"fr-FR\"},{\"@type\":\"Organization\",\"@id\":\"https:\/\/evolve-fitness.eu\/fr\/#organization\",\"name\":\"Evolve\",\"url\":\"https:\/\/evolve-fitness.eu\/fr\/\",\"logo\":{\"@type\":\"ImageObject\",\"inLanguage\":\"fr-FR\",\"@id\":\"https:\/\/evolve-fitness.eu\/fr\/#\/schema\/logo\/image\/\",\"url\":\"https:\/\/evolve-fitness.eu\/wp-content\/uploads\/2023\/05\/Evolve-logo.svg\",\"contentUrl\":\"https:\/\/evolve-fitness.eu\/wp-content\/uploads\/2023\/05\/Evolve-logo.svg\",\"width\":176,\"height\":20,\"caption\":\"Evolve\"},\"image\":{\"@id\":\"https:\/\/evolve-fitness.eu\/fr\/#\/schema\/logo\/image\/\"},\"sameAs\":[\"https:\/\/www.facebook.com\/EvolveFitnessEurope\"]}]}<\/script>\n<!-- \/ Yoast SEO plugin. -->","yoast_head_json":{"title":"Rack \u00e0 squat Evolve Prime Series avec charge de plateaux - Evolve","robots":{"index":"index","follow":"follow","max-snippet":"max-snippet:-1","max-image-preview":"max-image-preview:large","max-video-preview":"max-video-preview:-1"},"canonical":"https:\/\/evolve-fitness.eu\/fr\/produit\/rack-a-squat-evolve-prime-series-avec-charge-de-plateaux\/","og_locale":"fr_FR","og_type":"article","og_title":"Rack \u00e0 squat Evolve Prime Series avec charge de plateaux - Evolve","og_url":"https:\/\/evolve-fitness.eu\/fr\/produit\/rack-a-squat-evolve-prime-series-avec-charge-de-plateaux\/","og_site_name":"Evolve","article_publisher":"https:\/\/www.facebook.com\/EvolveFitnessEurope","article_modified_time":"2024-08-01T08:52:37+00:00","og_image":[{"width":680,"height":600,"url":"https:\/\/evolve-fitness.eu\/wp-content\/uploads\/2023\/09\/EVOLVE-PL-PR-207.png","type":"image\/png"}],"twitter_card":"summary_large_image","schema":{"@context":"https:\/\/schema.org","@graph":[{"@type":"WebPage","@id":"https:\/\/evolve-fitness.eu\/fr\/produit\/rack-a-squat-evolve-prime-series-avec-charge-de-plateaux\/","url":"https:\/\/evolve-fitness.eu\/fr\/produit\/rack-a-squat-evolve-prime-series-avec-charge-de-plateaux\/","name":"Rack \u00e0 squat Evolve Prime Series avec charge de plateaux - Evolve","isPartOf":{"@id":"https:\/\/evolve-fitness.eu\/fr\/#website"},"primaryImageOfPage":{"@id":"https:\/\/evolve-fitness.eu\/fr\/produit\/rack-a-squat-evolve-prime-series-avec-charge-de-plateaux\/#primaryimage"},"image":{"@id":"https:\/\/evolve-fitness.eu\/fr\/produit\/rack-a-squat-evolve-prime-series-avec-charge-de-plateaux\/#primaryimage"},"thumbnailUrl":"https:\/\/evolve-fitness.eu\/wp-content\/uploads\/2025\/03\/EV-PL-EC-031-Evolve-Econ-Series-Squat-Rack-Recovered.png","datePublished":"2023-09-11T12:20:55+00:00","dateModified":"2024-08-01T08:52:37+00:00","breadcrumb":{"@id":"https:\/\/evolve-fitness.eu\/fr\/produit\/rack-a-squat-evolve-prime-series-avec-charge-de-plateaux\/#breadcrumb"},"inLanguage":"fr-FR","potentialAction":[{"@type":"ReadAction","target":["https:\/\/evolve-fitness.eu\/fr\/produit\/rack-a-squat-evolve-prime-series-avec-charge-de-plateaux\/"]}]},{"@type":"ImageObject","inLanguage":"fr-FR","@id":"https:\/\/evolve-fitness.eu\/fr\/produit\/rack-a-squat-evolve-prime-series-avec-charge-de-plateaux\/#primaryimage","url":"https:\/\/evolve-fitness.eu\/wp-content\/uploads\/2025\/03\/EV-PL-EC-031-Evolve-Econ-Series-Squat-Rack-Recovered.png","contentUrl":"https:\/\/evolve-fitness.eu\/wp-content\/uploads\/2025\/03\/EV-PL-EC-031-Evolve-Econ-Series-Squat-Rack-Recovered.png","width":3000,"height":3000,"caption":"EV-PL-EC-031"},{"@type":"BreadcrumbList","@id":"https:\/\/evolve-fitness.eu\/fr\/produit\/rack-a-squat-evolve-prime-series-avec-charge-de-plateaux\/#breadcrumb","itemListElement":[{"@type":"ListItem","position":1,"name":"Home","item":"https:\/\/evolve-fitness.eu\/fr\/"},{"@type":"ListItem","position":2,"name":"Produits","item":"https:\/\/evolve-fitness.eu\/fr\/shop\/"},{"@type":"ListItem","position":3,"name":"Rack \u00e0 squat Evolve Prime Series avec charge de plateaux"}]},{"@type":"WebSite","@id":"https:\/\/evolve-fitness.eu\/fr\/#website","url":"https:\/\/evolve-fitness.eu\/fr\/","name":"Evolve","description":"Your Evolved Gear Arrived","publisher":{"@id":"https:\/\/evolve-fitness.eu\/fr\/#organization"},"potentialAction":[{"@type":"SearchAction","target":{"@type":"EntryPoint","urlTemplate":"https:\/\/evolve-fitness.eu\/fr\/?s={search_term_string}"},"query-input":{"@type":"PropertyValueSpecification","valueRequired":true,"valueName":"search_term_string"}}],"inLanguage":"fr-FR"},{"@type":"Organization","@id":"https:\/\/evolve-fitness.eu\/fr\/#organization","name":"Evolve","url":"https:\/\/evolve-fitness.eu\/fr\/","logo":{"@type":"ImageObject","inLanguage":"fr-FR","@id":"https:\/\/evolve-fitness.eu\/fr\/#\/schema\/logo\/image\/","url":"https:\/\/evolve-fitness.eu\/wp-content\/uploads\/2023\/05\/Evolve-logo.svg","contentUrl":"https:\/\/evolve-fitness.eu\/wp-content\/uploads\/2023\/05\/Evolve-logo.svg","width":176,"height":20,"caption":"Evolve"},"image":{"@id":"https:\/\/evolve-fitness.eu\/fr\/#\/schema\/logo\/image\/"},"sameAs":["https:\/\/www.facebook.com\/EvolveFitnessEurope"]}]}},"_links":{"self":[{"href":"https:\/\/evolve-fitness.eu\/fr\/wp-json\/wp\/v2\/product\/51931","targetHints":{"allow":["GET"]}}],"collection":[{"href":"https:\/\/evolve-fitness.eu\/fr\/wp-json\/wp\/v2\/product"}],"about":[{"href":"https:\/\/evolve-fitness.eu\/fr\/wp-json\/wp\/v2\/types\/product"}],"wp:featuredmedia":[{"embeddable":true,"href":"https:\/\/evolve-fitness.eu\/fr\/wp-json\/wp\/v2\/media\/187010"}],"wp:attachment":[{"href":"https:\/\/evolve-fitness.eu\/fr\/wp-json\/wp\/v2\/media?parent=51931"}],"wp:term":[{"taxonomy":"product_brand","embeddable":true,"href":"https:\/\/evolve-fitness.eu\/fr\/wp-json\/wp\/v2\/product_brand?post=51931"},{"taxonomy":"product_cat","embeddable":true,"href":"https:\/\/evolve-fitness.eu\/fr\/wp-json\/wp\/v2\/product_cat?post=51931"},{"taxonomy":"product_tag","embeddable":true,"href":"https:\/\/evolve-fitness.eu\/fr\/wp-json\/wp\/v2\/product_tag?post=51931"}],"curies":[{"name":"wp","href":"https:\/\/api.w.org\/{rel}","templated":true}]}}