{"id":52878,"date":"2023-09-13T06:25:42","date_gmt":"2023-09-13T06:25:42","guid":{"rendered":"https:\/\/evolve-fitness.eu\/product\/evolve-ultra-series-abdominal-crunch-avec-charge-de-plaques\/"},"modified":"2024-10-08T08:43:58","modified_gmt":"2024-10-08T08:43:58","slug":"evolve-ultra-series-abdominal-crunch-avec-charge-de-plaques","status":"publish","type":"product","link":"https:\/\/evolve-fitness.eu\/fr\/produit\/evolve-ultra-series-abdominal-crunch-avec-charge-de-plaques\/","title":{"rendered":"Evolve Ultra Series Abdominal Crunch avec charge de plaques"},"content":{"rendered":"\n<section class=\"wp-block-group alignfull has-lightgray-background-color has-background is-layout-constrained wp-block-group-is-layout-constrained\">\n<div class=\"wp-block-columns alignwide is-layout-flex wp-container-core-columns-is-layout-2edb0647 wp-block-columns-is-layout-flex\" style=\"margin-top:0;margin-bottom:0\">\n<div class=\"wp-block-column is-layout-flow wp-block-column-is-layout-flow\" style=\"flex-basis:33.33%\"><\/div>\n\n\n\n<div class=\"wp-block-column is-layout-flow wp-block-column-is-layout-flow\" style=\"flex-basis:66.66%\"><\/div>\n<\/div>\n<\/section>\n\n<section class=\"wp-block-group alignfull black-content has-white-color has-darkgray-background-color has-text-color has-background is-layout-constrained wp-block-group-is-layout-constrained\" style=\"padding-top:var(--wp--preset--spacing--section-bottom);padding-bottom:var(--wp--preset--spacing--section-bottom)\">\n<section class=\"wp-block-group alignfull black-content has-white-color has-darkgray-background-color has-text-color has-background is-layout-constrained wp-block-group-is-layout-constrained\" style=\"padding-top:var(--wp--preset--spacing--section-bottom);padding-bottom:var(--wp--preset--spacing--section-bottom)\">\n<div class=\"wp-block-columns alignwide mobile-reverse is-layout-flex wp-container-core-columns-is-layout-ca64bf2d wp-block-columns-is-layout-flex\" style=\"margin-bottom:var(--wp--preset--spacing--side-padding)\">\n<div class=\"wp-block-column is-vertically-aligned-center is-layout-flow wp-block-column-is-layout-flow\">\n<h3 class=\"wp-block-heading\" style=\"margin-bottom:var(--wp--preset--spacing--h-3-bottom)\"><strong><strong><strong><strong><strong><strong><strong><strong><strong><strong>Engagement musculaire cibl\u00e9<\/strong><\/strong><\/strong><\/strong><\/strong><\/strong><\/strong><\/strong><\/strong><\/strong><\/h3>\n\n\n\n<p><strong><em><strong><strong><strong><strong><strong><strong><strong>Activation musculaire cibl\u00e9e<\/strong><\/strong><\/strong><\/strong><\/strong><\/strong><\/strong><\/em><\/strong><\/p>\n\n\n\n<p>L&rsquo;appareil Evolve Ultra Series Abdominal Crunch \u00e0 plaques offre un entra\u00eenement cibl\u00e9 pour les muscles abdominaux, permettant un engagement complet de la zone centrale. Gr\u00e2ce \u00e0 sa conception ergonomique, il cible efficacement le grand droit de l&rsquo;abdomen et les obliques, contribuant ainsi \u00e0 la stabilisation et au renforcement du tronc. Cet exercice favorise une bonne posture et un bon alignement tout en minimisant les tensions dans le bas du dos. En isolant les muscles abdominaux, l&rsquo;appareil de crunch abdominal facilite le d\u00e9veloppement cibl\u00e9 et la force fonctionnelle, ce qui en fait un choix efficace pour les utilisateurs qui cherchent \u00e0 am\u00e9liorer leur force centrale, leur stabilit\u00e9 et leur niveau de forme physique g\u00e9n\u00e9ral.<\/p>\n<\/div>\n\n\n\n<div class=\"wp-block-column is-vertically-aligned-center is-layout-flow wp-block-column-is-layout-flow\">\n<figure class=\"wp-block-video\"><video height=\"2000\" style=\"aspect-ratio: 2000 \/ 2000;\" width=\"2000\" autoplay=\"\" controls=\"\" loop=\"\" muted=\"\" src=\"https:\/\/evolve-fitness.eu\/wp-content\/uploads\/2024\/03\/EV-PL-UL-250-Evolve-Ultra-Series-Plate-LoadedA-bdominal-Crunch-1.mp4\"><\/video><\/figure>\n<\/div>\n<\/div>\n\n\n\n<div class=\"wp-block-columns alignwide mobile-reverse is-layout-flex wp-container-core-columns-is-layout-ca64bf2d wp-block-columns-is-layout-flex\" style=\"margin-bottom:var(--wp--preset--spacing--side-padding)\">\n<div class=\"wp-block-column is-vertically-aligned-center is-layout-flow wp-block-column-is-layout-flow\">\n<figure class=\"wp-block-image size-large\"><img loading=\"lazy\" decoding=\"async\" width=\"1024\" height=\"1024\" src=\"https:\/\/evolve-fitness.eu\/wp-content\/uploads\/2024\/03\/EV-PL-UL-250-Evolve-Ultra-Series-Plate-LoadedA-bdominal-Crunch-7-1024x1024.jpg\" alt=\"\" class=\"wp-image-113895\" srcset=\"https:\/\/evolve-fitness.eu\/wp-content\/uploads\/2024\/03\/EV-PL-UL-250-Evolve-Ultra-Series-Plate-LoadedA-bdominal-Crunch-7-1024x1024.jpg 1024w, https:\/\/evolve-fitness.eu\/wp-content\/uploads\/2024\/03\/EV-PL-UL-250-Evolve-Ultra-Series-Plate-LoadedA-bdominal-Crunch-7-300x300.jpg 300w, https:\/\/evolve-fitness.eu\/wp-content\/uploads\/2024\/03\/EV-PL-UL-250-Evolve-Ultra-Series-Plate-LoadedA-bdominal-Crunch-7-150x150.jpg 150w, https:\/\/evolve-fitness.eu\/wp-content\/uploads\/2024\/03\/EV-PL-UL-250-Evolve-Ultra-Series-Plate-LoadedA-bdominal-Crunch-7-600x600.jpg 600w, https:\/\/evolve-fitness.eu\/wp-content\/uploads\/2024\/03\/EV-PL-UL-250-Evolve-Ultra-Series-Plate-LoadedA-bdominal-Crunch-7-768x768.jpg 768w, https:\/\/evolve-fitness.eu\/wp-content\/uploads\/2024\/03\/EV-PL-UL-250-Evolve-Ultra-Series-Plate-LoadedA-bdominal-Crunch-7-1536x1536.jpg 1536w, https:\/\/evolve-fitness.eu\/wp-content\/uploads\/2024\/03\/EV-PL-UL-250-Evolve-Ultra-Series-Plate-LoadedA-bdominal-Crunch-7.jpg 2000w\" sizes=\"auto, (max-width: 1024px) 100vw, 1024px\" \/><\/figure>\n<\/div>\n\n\n\n<div class=\"wp-block-column is-vertically-aligned-center is-layout-flow wp-block-column-is-layout-flow\">\n<h3 class=\"wp-block-heading\" style=\"margin-bottom:var(--wp--preset--spacing--h-3-bottom)\"><strong><strong><strong><strong>Poign\u00e9es antid\u00e9rapantes<\/strong><\/strong><\/strong><\/strong><\/h3>\n\n\n\n<p><strong><em><strong><strong><strong><strong><strong><strong><strong>Une prise s\u00fbre pour plus de s\u00e9curit\u00e9 et de confiance<\/strong><\/strong><\/strong><\/strong><\/strong><\/strong><\/strong><\/em><\/strong><\/p>\n\n\n\n<p style=\"margin-bottom:var(--wp--preset--spacing--tb-section-padding)\">Certains bancs de la s\u00e9rie Econ offrent une position assise r\u00e9glable, ce qui vous permet de personnaliser votre entra\u00eenement pour un maximum de confort et de vari\u00e9t\u00e9 d&rsquo;exercices.<\/p>\n\n\n\n<h3 class=\"wp-block-heading\" style=\"margin-bottom:var(--wp--preset--spacing--h-3-bottom)\"><strong><strong><strong><strong><strong><strong><strong><strong><strong><strong>Durabilit\u00e9 et stabilit\u00e9<\/strong><\/strong><\/strong><\/strong><\/strong><\/strong><\/strong><\/strong><\/strong><\/strong><\/h3>\n\n\n\n<p><strong><em><strong><strong><strong><strong><strong><strong><strong>Cadre robuste<\/strong><\/strong><\/strong><\/strong><\/strong><\/strong><\/strong><\/em><\/strong><\/p>\n\n\n\n<p>Son cadre robuste assure la stabilit\u00e9 et la s\u00e9curit\u00e9 pendant les s\u00e9ances d&rsquo;entra\u00eenement, ce qui permet aux utilisateurs d&rsquo;effectuer des exercices pour les mollets en toute confiance et sans se soucier de la stabilit\u00e9 de l&rsquo;\u00e9quipement. Son design \u00e9pur\u00e9 maximise l&rsquo;efficacit\u00e9 de l&rsquo;espace sans compromettre la fonctionnalit\u00e9, ce qui permet d&rsquo;optimiser la zone d&rsquo;entra\u00eenement d\u00e9di\u00e9e \u00e0 l&rsquo;entra\u00eenement efficace des mollets.<\/p>\n<\/div>\n<\/div>\n\n\n\n<div class=\"wp-block-columns alignwide mobile-reverse is-layout-flex wp-container-core-columns-is-layout-ca64bf2d wp-block-columns-is-layout-flex\" style=\"margin-bottom:var(--wp--preset--spacing--side-padding)\">\n<div class=\"wp-block-column is-vertically-aligned-center is-layout-flow wp-block-column-is-layout-flow\">\n<h3 class=\"wp-block-heading\" style=\"margin-bottom:var(--wp--preset--spacing--h-3-bottom)\"><strong><strong><strong><strong><strong><strong><strong><strong><strong>Empreinte compacte<\/strong><\/strong><\/strong><\/strong><\/strong><\/strong><\/strong><\/strong><\/strong><\/h3>\n\n\n\n<p><strong><em><strong><strong><strong><strong><strong><strong>Conception efficace de l&rsquo;espace<\/strong><\/strong><\/strong><\/strong><\/strong><\/strong><\/em><\/strong><\/p>\n\n\n\n<p>Malgr\u00e9 sa fonctionnalit\u00e9, l&rsquo;appareil Standing Leg Curl conserve un encombrement r\u00e9duit, ce qui le rend adapt\u00e9 aux personnes disposant d&rsquo;un espace d&rsquo;entra\u00eenement limit\u00e9. Son design \u00e9pur\u00e9 maximise l&rsquo;efficacit\u00e9 de l&rsquo;espace sans compromettre la fonctionnalit\u00e9, garantissant une zone d&rsquo;entra\u00eenement optimis\u00e9e d\u00e9di\u00e9e \u00e0 l&rsquo;entra\u00eenement efficace des ischio-jambiers.<\/p>\n\n\n\n<p><\/p>\n\n\n\n<h3 class=\"wp-block-heading\" style=\"margin-bottom:var(--wp--preset--spacing--h-3-bottom)\"><strong><strong><strong><strong><strong><strong><strong><strong><strong>Finition durable<\/strong><\/strong><\/strong><\/strong><\/strong><\/strong><\/strong><\/strong><\/strong><\/h3>\n\n\n\n<p><strong><em><strong><strong><strong><strong><strong><strong>Technologie de pulv\u00e9risation \u00e9lectrostatique de poudres thermodurcissables<\/strong><\/strong><\/strong><\/strong><\/strong><\/strong><\/em><\/strong><\/p>\n\n\n\n<p>Nos machines sont dot\u00e9es de la technologie de pulv\u00e9risation \u00e9lectrostatique de poudre thermodurcissable qui garantit une finition durable. Ce rev\u00eatement de pointe pr\u00e9serve l&rsquo;attrait visuel de l&rsquo;\u00e9quipement au fil du temps.<\/p>\n<\/div>\n\n\n\n<div class=\"wp-block-column is-vertically-aligned-center is-layout-flow wp-block-column-is-layout-flow\">\n<figure class=\"wp-block-image size-large\"><img loading=\"lazy\" decoding=\"async\" width=\"1024\" height=\"1024\" src=\"https:\/\/evolve-fitness.eu\/wp-content\/uploads\/2024\/03\/EV-PL-UL-250-Evolve-Ultra-Series-Plate-LoadedA-bdominal-Crunch-8-1024x1024.jpg\" alt=\"\" class=\"wp-image-113920\" srcset=\"https:\/\/evolve-fitness.eu\/wp-content\/uploads\/2024\/03\/EV-PL-UL-250-Evolve-Ultra-Series-Plate-LoadedA-bdominal-Crunch-8-1024x1024.jpg 1024w, https:\/\/evolve-fitness.eu\/wp-content\/uploads\/2024\/03\/EV-PL-UL-250-Evolve-Ultra-Series-Plate-LoadedA-bdominal-Crunch-8-300x300.jpg 300w, https:\/\/evolve-fitness.eu\/wp-content\/uploads\/2024\/03\/EV-PL-UL-250-Evolve-Ultra-Series-Plate-LoadedA-bdominal-Crunch-8-150x150.jpg 150w, https:\/\/evolve-fitness.eu\/wp-content\/uploads\/2024\/03\/EV-PL-UL-250-Evolve-Ultra-Series-Plate-LoadedA-bdominal-Crunch-8-600x600.jpg 600w, https:\/\/evolve-fitness.eu\/wp-content\/uploads\/2024\/03\/EV-PL-UL-250-Evolve-Ultra-Series-Plate-LoadedA-bdominal-Crunch-8-768x768.jpg 768w, https:\/\/evolve-fitness.eu\/wp-content\/uploads\/2024\/03\/EV-PL-UL-250-Evolve-Ultra-Series-Plate-LoadedA-bdominal-Crunch-8-1536x1536.jpg 1536w, https:\/\/evolve-fitness.eu\/wp-content\/uploads\/2024\/03\/EV-PL-UL-250-Evolve-Ultra-Series-Plate-LoadedA-bdominal-Crunch-8.jpg 2000w\" sizes=\"auto, (max-width: 1024px) 100vw, 1024px\" \/><\/figure>\n<\/div>\n<\/div>\n<\/section>\n<\/section>\n","protected":false},"excerpt":{"rendered":"<p>L&rsquo;appareil Evolve UL-250 est une machine commerciale durable et efficace pour l&rsquo;entra\u00eenement des abdominaux. Avec un cadre en acier solide, des poign\u00e9es antid\u00e9rapantes, un angle d&rsquo;assise r\u00e9glable et une compatibilit\u00e9 avec les poids olympiques de 50-51 mm, il est parfait pour les salles de sport professionnelles et les utilisateurs domestiques s\u00e9rieux. Son rev\u00eatement en cuir PU de qualit\u00e9 sup\u00e9rieure, ses protections de plancher et sa capacit\u00e9 de charge maximale de 200 kg en font un choix confortable et durable. De plus, il est assorti d&rsquo;une garantie de 2 ans, ce qui garantit la fiabilit\u00e9 de votre programme de remise en forme.<\/p>\n","protected":false},"featured_media":113652,"template":"","meta":{"_acf_changed":false,"inline_featured_image":false},"product_brand":[],"product_cat":[5194,5333],"product_tag":[],"class_list":{"0":"post-52878","1":"product","2":"type-product","3":"status-publish","4":"has-post-thumbnail","6":"product_cat-machines-a-plateau","7":"product_cat-ultra-series-plate-loaded-machines","9":"first","10":"instock","11":"virtual","12":"purchasable","13":"product-type-simple"},"acf":{"long_title":"Evolve Ultra Series Abdominal Crunch avec plaque, UL-250","subtitle":"","specifications":[{"label":"SKU","text_value":"EV-PL-UL-250","icon":"x"},{"label":"Dimensions","text_value":"1220 x 1140 x 1635 mm","icon":"x"},{"label":"Objectif","text_value":"Usage commercial","icon":"x"},{"label":"Poids","text_value":"128 kg","icon":"x"},{"label":"Garantie  ","text_value":"2 ans","icon":"x"},{"label":"Max. charge  ","text_value":"200 kg","icon":"x"},{"label":"Couvre-pieds  ","text_value":"","icon":"v"},{"label":"Epaisseur du m\u00e9tal du cadre  ","text_value":"3 mm","icon":"v"},{"label":"2 piquets pour le rangement des disques d'halt\u00e8res","text_value":"","icon":"v"},{"label":"Poign\u00e9es antid\u00e9rapantes","text_value":"","icon":"v"},{"label":"Rev\u00eatement \u00e9pais en cuir PU","text_value":"","icon":"v"},{"label":"Protecteurs de sol durables","text_value":"","icon":"v"},{"label":"Angle d'assise r\u00e9glable","text_value":"","icon":"v"},{"label":"Hauteur r\u00e9glable de la genouill\u00e8re","text_value":"","icon":"v"},{"label":"Peut \u00eatre utilis\u00e9 avec des poids olympiques de 50-51 mm","text_value":"","icon":"v"},{"label":"","text_value":"","icon":"x"}]},"yoast_head":"<!-- This site is optimized with the Yoast SEO plugin v27.4 - https:\/\/yoast.com\/product\/yoast-seo-wordpress\/ -->\n<title>Evolve Ultra Series Abdominal Crunch avec charge de plaques - Evolve<\/title>\n<meta name=\"robots\" content=\"index, follow, max-snippet:-1, max-image-preview:large, max-video-preview:-1\" \/>\n<link rel=\"canonical\" href=\"https:\/\/evolve-fitness.eu\/fr\/produit\/evolve-ultra-series-abdominal-crunch-avec-charge-de-plaques\/\" \/>\n<meta property=\"og:locale\" content=\"fr_FR\" \/>\n<meta property=\"og:type\" content=\"article\" \/>\n<meta property=\"og:title\" content=\"Evolve Ultra Series Abdominal Crunch avec charge de plaques - Evolve\" \/>\n<meta property=\"og:url\" content=\"https:\/\/evolve-fitness.eu\/fr\/produit\/evolve-ultra-series-abdominal-crunch-avec-charge-de-plaques\/\" \/>\n<meta property=\"og:site_name\" content=\"Evolve\" \/>\n<meta property=\"article:publisher\" content=\"https:\/\/www.facebook.com\/EvolveFitnessEurope\" \/>\n<meta property=\"article:modified_time\" content=\"2024-10-08T08:43:58+00:00\" \/>\n<meta property=\"og:image\" content=\"https:\/\/evolve-fitness.eu\/wp-content\/uploads\/2023\/09\/EV-PL-UL-250-Evolve-Ultra-Series-Plate-LoadedA-bdominal-Crunch-1.png\" \/>\n\t<meta property=\"og:image:width\" content=\"680\" \/>\n\t<meta property=\"og:image:height\" content=\"600\" \/>\n\t<meta property=\"og:image:type\" content=\"image\/png\" \/>\n<meta name=\"twitter:card\" content=\"summary_large_image\" \/>\n<script type=\"application\/ld+json\" class=\"yoast-schema-graph\">{\"@context\":\"https:\\\/\\\/schema.org\",\"@graph\":[{\"@type\":\"WebPage\",\"@id\":\"https:\\\/\\\/evolve-fitness.eu\\\/fr\\\/produit\\\/evolve-ultra-series-abdominal-crunch-avec-charge-de-plaques\\\/\",\"url\":\"https:\\\/\\\/evolve-fitness.eu\\\/fr\\\/produit\\\/evolve-ultra-series-abdominal-crunch-avec-charge-de-plaques\\\/\",\"name\":\"Evolve Ultra Series Abdominal Crunch avec charge de plaques - Evolve\",\"isPartOf\":{\"@id\":\"https:\\\/\\\/evolve-fitness.eu\\\/fr\\\/#website\"},\"primaryImageOfPage\":{\"@id\":\"https:\\\/\\\/evolve-fitness.eu\\\/fr\\\/produit\\\/evolve-ultra-series-abdominal-crunch-avec-charge-de-plaques\\\/#primaryimage\"},\"image\":{\"@id\":\"https:\\\/\\\/evolve-fitness.eu\\\/fr\\\/produit\\\/evolve-ultra-series-abdominal-crunch-avec-charge-de-plaques\\\/#primaryimage\"},\"thumbnailUrl\":\"https:\\\/\\\/evolve-fitness.eu\\\/wp-content\\\/uploads\\\/2023\\\/09\\\/EV-PL-UL-250-Evolve-Ultra-Series-Plate-LoadedA-bdominal-Crunch-1.png\",\"datePublished\":\"2023-09-13T06:25:42+00:00\",\"dateModified\":\"2024-10-08T08:43:58+00:00\",\"breadcrumb\":{\"@id\":\"https:\\\/\\\/evolve-fitness.eu\\\/fr\\\/produit\\\/evolve-ultra-series-abdominal-crunch-avec-charge-de-plaques\\\/#breadcrumb\"},\"inLanguage\":\"fr-FR\",\"potentialAction\":[{\"@type\":\"ReadAction\",\"target\":[\"https:\\\/\\\/evolve-fitness.eu\\\/fr\\\/produit\\\/evolve-ultra-series-abdominal-crunch-avec-charge-de-plaques\\\/\"]}]},{\"@type\":\"ImageObject\",\"inLanguage\":\"fr-FR\",\"@id\":\"https:\\\/\\\/evolve-fitness.eu\\\/fr\\\/produit\\\/evolve-ultra-series-abdominal-crunch-avec-charge-de-plaques\\\/#primaryimage\",\"url\":\"https:\\\/\\\/evolve-fitness.eu\\\/wp-content\\\/uploads\\\/2023\\\/09\\\/EV-PL-UL-250-Evolve-Ultra-Series-Plate-LoadedA-bdominal-Crunch-1.png\",\"contentUrl\":\"https:\\\/\\\/evolve-fitness.eu\\\/wp-content\\\/uploads\\\/2023\\\/09\\\/EV-PL-UL-250-Evolve-Ultra-Series-Plate-LoadedA-bdominal-Crunch-1.png\",\"width\":680,\"height\":600,\"caption\":\"EV-PL-UL-250\"},{\"@type\":\"BreadcrumbList\",\"@id\":\"https:\\\/\\\/evolve-fitness.eu\\\/fr\\\/produit\\\/evolve-ultra-series-abdominal-crunch-avec-charge-de-plaques\\\/#breadcrumb\",\"itemListElement\":[{\"@type\":\"ListItem\",\"position\":1,\"name\":\"Home\",\"item\":\"https:\\\/\\\/evolve-fitness.eu\\\/fr\\\/\"},{\"@type\":\"ListItem\",\"position\":2,\"name\":\"Produits\",\"item\":\"https:\\\/\\\/evolve-fitness.eu\\\/fr\\\/shop\\\/\"},{\"@type\":\"ListItem\",\"position\":3,\"name\":\"Evolve Ultra Series Abdominal Crunch avec charge de plaques\"}]},{\"@type\":\"WebSite\",\"@id\":\"https:\\\/\\\/evolve-fitness.eu\\\/fr\\\/#website\",\"url\":\"https:\\\/\\\/evolve-fitness.eu\\\/fr\\\/\",\"name\":\"Evolve\",\"description\":\"Your Evolved Gear Arrived\",\"publisher\":{\"@id\":\"https:\\\/\\\/evolve-fitness.eu\\\/fr\\\/#organization\"},\"potentialAction\":[{\"@type\":\"SearchAction\",\"target\":{\"@type\":\"EntryPoint\",\"urlTemplate\":\"https:\\\/\\\/evolve-fitness.eu\\\/fr\\\/?s={search_term_string}\"},\"query-input\":{\"@type\":\"PropertyValueSpecification\",\"valueRequired\":true,\"valueName\":\"search_term_string\"}}],\"inLanguage\":\"fr-FR\"},{\"@type\":\"Organization\",\"@id\":\"https:\\\/\\\/evolve-fitness.eu\\\/fr\\\/#organization\",\"name\":\"Evolve\",\"url\":\"https:\\\/\\\/evolve-fitness.eu\\\/fr\\\/\",\"logo\":{\"@type\":\"ImageObject\",\"inLanguage\":\"fr-FR\",\"@id\":\"https:\\\/\\\/evolve-fitness.eu\\\/fr\\\/#\\\/schema\\\/logo\\\/image\\\/\",\"url\":\"https:\\\/\\\/evolve-fitness.eu\\\/wp-content\\\/uploads\\\/2023\\\/05\\\/Evolve-logo.svg\",\"contentUrl\":\"https:\\\/\\\/evolve-fitness.eu\\\/wp-content\\\/uploads\\\/2023\\\/05\\\/Evolve-logo.svg\",\"width\":176,\"height\":20,\"caption\":\"Evolve\"},\"image\":{\"@id\":\"https:\\\/\\\/evolve-fitness.eu\\\/fr\\\/#\\\/schema\\\/logo\\\/image\\\/\"},\"sameAs\":[\"https:\\\/\\\/www.facebook.com\\\/EvolveFitnessEurope\"]}]}<\/script>\n<!-- \/ Yoast SEO plugin. -->","yoast_head_json":{"title":"Evolve Ultra Series Abdominal Crunch avec charge de plaques - Evolve","robots":{"index":"index","follow":"follow","max-snippet":"max-snippet:-1","max-image-preview":"max-image-preview:large","max-video-preview":"max-video-preview:-1"},"canonical":"https:\/\/evolve-fitness.eu\/fr\/produit\/evolve-ultra-series-abdominal-crunch-avec-charge-de-plaques\/","og_locale":"fr_FR","og_type":"article","og_title":"Evolve Ultra Series Abdominal Crunch avec charge de plaques - Evolve","og_url":"https:\/\/evolve-fitness.eu\/fr\/produit\/evolve-ultra-series-abdominal-crunch-avec-charge-de-plaques\/","og_site_name":"Evolve","article_publisher":"https:\/\/www.facebook.com\/EvolveFitnessEurope","article_modified_time":"2024-10-08T08:43:58+00:00","og_image":[{"width":680,"height":600,"url":"https:\/\/evolve-fitness.eu\/wp-content\/uploads\/2023\/09\/EV-PL-UL-250-Evolve-Ultra-Series-Plate-LoadedA-bdominal-Crunch-1.png","type":"image\/png"}],"twitter_card":"summary_large_image","schema":{"@context":"https:\/\/schema.org","@graph":[{"@type":"WebPage","@id":"https:\/\/evolve-fitness.eu\/fr\/produit\/evolve-ultra-series-abdominal-crunch-avec-charge-de-plaques\/","url":"https:\/\/evolve-fitness.eu\/fr\/produit\/evolve-ultra-series-abdominal-crunch-avec-charge-de-plaques\/","name":"Evolve Ultra Series Abdominal Crunch avec charge de plaques - Evolve","isPartOf":{"@id":"https:\/\/evolve-fitness.eu\/fr\/#website"},"primaryImageOfPage":{"@id":"https:\/\/evolve-fitness.eu\/fr\/produit\/evolve-ultra-series-abdominal-crunch-avec-charge-de-plaques\/#primaryimage"},"image":{"@id":"https:\/\/evolve-fitness.eu\/fr\/produit\/evolve-ultra-series-abdominal-crunch-avec-charge-de-plaques\/#primaryimage"},"thumbnailUrl":"https:\/\/evolve-fitness.eu\/wp-content\/uploads\/2023\/09\/EV-PL-UL-250-Evolve-Ultra-Series-Plate-LoadedA-bdominal-Crunch-1.png","datePublished":"2023-09-13T06:25:42+00:00","dateModified":"2024-10-08T08:43:58+00:00","breadcrumb":{"@id":"https:\/\/evolve-fitness.eu\/fr\/produit\/evolve-ultra-series-abdominal-crunch-avec-charge-de-plaques\/#breadcrumb"},"inLanguage":"fr-FR","potentialAction":[{"@type":"ReadAction","target":["https:\/\/evolve-fitness.eu\/fr\/produit\/evolve-ultra-series-abdominal-crunch-avec-charge-de-plaques\/"]}]},{"@type":"ImageObject","inLanguage":"fr-FR","@id":"https:\/\/evolve-fitness.eu\/fr\/produit\/evolve-ultra-series-abdominal-crunch-avec-charge-de-plaques\/#primaryimage","url":"https:\/\/evolve-fitness.eu\/wp-content\/uploads\/2023\/09\/EV-PL-UL-250-Evolve-Ultra-Series-Plate-LoadedA-bdominal-Crunch-1.png","contentUrl":"https:\/\/evolve-fitness.eu\/wp-content\/uploads\/2023\/09\/EV-PL-UL-250-Evolve-Ultra-Series-Plate-LoadedA-bdominal-Crunch-1.png","width":680,"height":600,"caption":"EV-PL-UL-250"},{"@type":"BreadcrumbList","@id":"https:\/\/evolve-fitness.eu\/fr\/produit\/evolve-ultra-series-abdominal-crunch-avec-charge-de-plaques\/#breadcrumb","itemListElement":[{"@type":"ListItem","position":1,"name":"Home","item":"https:\/\/evolve-fitness.eu\/fr\/"},{"@type":"ListItem","position":2,"name":"Produits","item":"https:\/\/evolve-fitness.eu\/fr\/shop\/"},{"@type":"ListItem","position":3,"name":"Evolve Ultra Series Abdominal Crunch avec charge de plaques"}]},{"@type":"WebSite","@id":"https:\/\/evolve-fitness.eu\/fr\/#website","url":"https:\/\/evolve-fitness.eu\/fr\/","name":"Evolve","description":"Your Evolved Gear Arrived","publisher":{"@id":"https:\/\/evolve-fitness.eu\/fr\/#organization"},"potentialAction":[{"@type":"SearchAction","target":{"@type":"EntryPoint","urlTemplate":"https:\/\/evolve-fitness.eu\/fr\/?s={search_term_string}"},"query-input":{"@type":"PropertyValueSpecification","valueRequired":true,"valueName":"search_term_string"}}],"inLanguage":"fr-FR"},{"@type":"Organization","@id":"https:\/\/evolve-fitness.eu\/fr\/#organization","name":"Evolve","url":"https:\/\/evolve-fitness.eu\/fr\/","logo":{"@type":"ImageObject","inLanguage":"fr-FR","@id":"https:\/\/evolve-fitness.eu\/fr\/#\/schema\/logo\/image\/","url":"https:\/\/evolve-fitness.eu\/wp-content\/uploads\/2023\/05\/Evolve-logo.svg","contentUrl":"https:\/\/evolve-fitness.eu\/wp-content\/uploads\/2023\/05\/Evolve-logo.svg","width":176,"height":20,"caption":"Evolve"},"image":{"@id":"https:\/\/evolve-fitness.eu\/fr\/#\/schema\/logo\/image\/"},"sameAs":["https:\/\/www.facebook.com\/EvolveFitnessEurope"]}]}},"_links":{"self":[{"href":"https:\/\/evolve-fitness.eu\/fr\/wp-json\/wp\/v2\/product\/52878","targetHints":{"allow":["GET"]}}],"collection":[{"href":"https:\/\/evolve-fitness.eu\/fr\/wp-json\/wp\/v2\/product"}],"about":[{"href":"https:\/\/evolve-fitness.eu\/fr\/wp-json\/wp\/v2\/types\/product"}],"wp:featuredmedia":[{"embeddable":true,"href":"https:\/\/evolve-fitness.eu\/fr\/wp-json\/wp\/v2\/media\/113652"}],"wp:attachment":[{"href":"https:\/\/evolve-fitness.eu\/fr\/wp-json\/wp\/v2\/media?parent=52878"}],"wp:term":[{"taxonomy":"product_brand","embeddable":true,"href":"https:\/\/evolve-fitness.eu\/fr\/wp-json\/wp\/v2\/product_brand?post=52878"},{"taxonomy":"product_cat","embeddable":true,"href":"https:\/\/evolve-fitness.eu\/fr\/wp-json\/wp\/v2\/product_cat?post=52878"},{"taxonomy":"product_tag","embeddable":true,"href":"https:\/\/evolve-fitness.eu\/fr\/wp-json\/wp\/v2\/product_tag?post=52878"}],"curies":[{"name":"wp","href":"https:\/\/api.w.org\/{rel}","templated":true}]}}