{"id":53142,"date":"2023-09-13T10:39:07","date_gmt":"2023-09-13T10:39:07","guid":{"rendered":"https:\/\/evolve-fitness.eu\/product\/rangee-universelle-evolve-ultra-series-a-plateau\/"},"modified":"2024-03-25T08:51:50","modified_gmt":"2024-03-25T08:51:50","slug":"rangee-universelle-evolve-ultra-series-a-plateau","status":"publish","type":"product","link":"https:\/\/evolve-fitness.eu\/fr\/produit\/rangee-universelle-evolve-ultra-series-a-plateau\/","title":{"rendered":"Rang\u00e9e universelle Evolve Ultra Series \u00e0 plateau"},"content":{"rendered":"\n<section class=\"wp-block-group alignfull has-lightgray-background-color has-background is-layout-constrained wp-block-group-is-layout-constrained\">\n<div class=\"wp-block-columns alignwide is-layout-flex wp-container-core-columns-is-layout-2edb0647 wp-block-columns-is-layout-flex\" style=\"margin-top:0;margin-bottom:0\">\n<div class=\"wp-block-column is-layout-flow wp-block-column-is-layout-flow\" style=\"flex-basis:33.33%\"><\/div>\n\n\n\n<div class=\"wp-block-column is-layout-flow wp-block-column-is-layout-flow\" style=\"flex-basis:66.66%\"><\/div>\n<\/div>\n<\/section>\n\n<section class=\"wp-block-group alignfull black-content has-white-color has-darkgray-background-color has-text-color has-background is-layout-constrained wp-block-group-is-layout-constrained\" style=\"padding-top:var(--wp--preset--spacing--section-bottom);padding-bottom:var(--wp--preset--spacing--section-bottom)\">\n<section class=\"wp-block-group alignfull black-content has-white-color has-darkgray-background-color has-text-color has-background is-layout-constrained wp-block-group-is-layout-constrained\" style=\"padding-top:var(--wp--preset--spacing--section-bottom);padding-bottom:var(--wp--preset--spacing--section-bottom)\">\n<div class=\"wp-block-columns alignwide mobile-reverse is-layout-flex wp-container-core-columns-is-layout-ca64bf2d wp-block-columns-is-layout-flex\" style=\"margin-bottom:var(--wp--preset--spacing--side-padding)\">\n<div class=\"wp-block-column is-vertically-aligned-center is-layout-flow wp-block-column-is-layout-flow\">\n<h3 class=\"wp-block-heading\" style=\"margin-bottom:var(--wp--preset--spacing--h-3-bottom)\"><strong><strong><strong><strong><strong><strong><strong>Engagement musculaire cibl\u00e9<\/strong><\/strong><\/strong><\/strong><\/strong><\/strong><\/strong><\/h3>\n\n\n\n<p><strong><em><strong><strong><strong><strong><strong>Mouvement unilat\u00e9ral du bras (disponible sur certaines machines)<\/strong><\/strong><\/strong><\/strong><\/strong><\/em><\/strong><\/p>\n\n\n\n<p>Le rameur universel Evolve Ultra Series charg\u00e9 de plaques offre un entra\u00eenement complet du haut du corps en sollicitant simultan\u00e9ment plusieurs groupes musculaires. De conception polyvalente, il cible efficacement les muscles du dos, notamment le latissimus dorsi, les rhombo\u00efdes et les trap\u00e8zes, ainsi que les biceps et les avant-bras. En outre, il active les muscles centraux, y compris les abdominaux et les obliques, ainsi que le bas du dos, ce qui favorise la stabilit\u00e9 et une bonne posture tout au long de l&rsquo;exercice. En ciblant plusieurs groupes musculaires en un seul mouvement fluide, l&rsquo;Universal Row assure un d\u00e9veloppement \u00e9quilibr\u00e9 et une force fonctionnelle, ce qui en fait un choix efficace pour les utilisateurs souhaitant am\u00e9liorer la force globale du haut du corps et la coordination musculaire.<\/p>\n<\/div>\n\n\n\n<div class=\"wp-block-column is-vertically-aligned-center is-layout-flow wp-block-column-is-layout-flow\">\n<figure class=\"wp-block-video\"><video height=\"2000\" style=\"aspect-ratio: 2000 \/ 2000;\" width=\"2000\" autoplay=\"\" controls=\"\" loop=\"\" muted=\"\" src=\"https:\/\/evolve-fitness.eu\/wp-content\/uploads\/2024\/03\/EV-PL-UL-290-Evolve-Ultra-Series-Plate-Loaded-Universal-Row-1.mp4\"><\/video><\/figure>\n<\/div>\n<\/div>\n\n\n\n<div class=\"wp-block-columns alignwide mobile-reverse is-layout-flex wp-container-core-columns-is-layout-ca64bf2d wp-block-columns-is-layout-flex\" style=\"margin-bottom:var(--wp--preset--spacing--side-padding)\">\n<div class=\"wp-block-column is-vertically-aligned-center is-layout-flow wp-block-column-is-layout-flow\">\n<figure class=\"wp-block-video\"><video height=\"2160\" style=\"aspect-ratio: 3840 \/ 2160;\" width=\"3840\" autoplay=\"\" controls=\"\" loop=\"\" muted=\"\" src=\"https:\/\/evolve-fitness.eu\/wp-content\/uploads\/2023\/12\/1-14.mp4\"><\/video><\/figure>\n<\/div>\n\n\n\n<div class=\"wp-block-column is-vertically-aligned-center is-layout-flow wp-block-column-is-layout-flow\">\n<h3 class=\"wp-block-heading\" style=\"margin-bottom:var(--wp--preset--spacing--h-3-bottom)\"><strong><strong><strong><strong><strong><strong><strong><strong><strong>Empreinte compacte<\/strong><\/strong><\/strong><\/strong><\/strong><\/strong><\/strong><\/strong><\/strong><\/h3>\n\n\n\n<p><strong><em><strong><strong><strong><strong><strong><strong>Conception efficace de l&rsquo;espace<\/strong><\/strong><\/strong><\/strong><\/strong><\/strong><\/em><\/strong><\/p>\n\n\n\n<p>Malgr\u00e9 sa fonctionnalit\u00e9, l&rsquo;appareil Standing Leg Curl conserve un encombrement r\u00e9duit, ce qui le rend adapt\u00e9 aux personnes disposant d&rsquo;un espace d&rsquo;entra\u00eenement limit\u00e9. Son design \u00e9pur\u00e9 maximise l&rsquo;efficacit\u00e9 de l&rsquo;espace sans compromettre la fonctionnalit\u00e9, garantissant une zone d&rsquo;entra\u00eenement optimis\u00e9e d\u00e9di\u00e9e \u00e0 l&rsquo;entra\u00eenement efficace des ischio-jambiers.<\/p>\n\n\n\n<p><\/p>\n\n\n\n<h3 class=\"wp-block-heading\" style=\"margin-bottom:var(--wp--preset--spacing--h-3-bottom)\"><strong><strong><strong><strong><strong><strong><strong><strong><strong>Finition durable<\/strong><\/strong><\/strong><\/strong><\/strong><\/strong><\/strong><\/strong><\/strong><\/h3>\n\n\n\n<p><strong><em><strong><strong><strong><strong><strong><strong>Technologie de pulv\u00e9risation \u00e9lectrostatique de poudres thermodurcissables<\/strong><\/strong><\/strong><\/strong><\/strong><\/strong><\/em><\/strong><\/p>\n\n\n\n<p>Nos machines sont dot\u00e9es de la technologie de pulv\u00e9risation \u00e9lectrostatique de poudre thermodurcissable qui garantit une finition durable. Ce rev\u00eatement de pointe pr\u00e9serve l&rsquo;attrait visuel de l&rsquo;\u00e9quipement au fil du temps.<\/p>\n<\/div>\n<\/div>\n\n\n\n<div class=\"wp-block-columns alignwide mobile-reverse is-layout-flex wp-container-core-columns-is-layout-ca64bf2d wp-block-columns-is-layout-flex\" style=\"margin-bottom:var(--wp--preset--spacing--side-padding)\">\n<div class=\"wp-block-column is-vertically-aligned-center is-layout-flow wp-block-column-is-layout-flow\">\n<h3 class=\"wp-block-heading\" style=\"margin-bottom:var(--wp--preset--spacing--h-3-bottom)\"><strong><strong><strong><strong><strong><strong><strong><strong><strong>R\u00e9sistance r\u00e9glable<\/strong><\/strong><\/strong><\/strong><\/strong><\/strong><\/strong><\/strong><\/strong><\/h3>\n\n\n\n<p><strong><em><strong><strong><strong><strong><strong><strong>Piles de poids personnalisables<\/strong><\/strong><\/strong><\/strong><\/strong><\/strong><\/em><\/strong><\/p>\n\n\n\n<p>Les utilisateurs peuvent facilement ajuster les niveaux de r\u00e9sistance en ajoutant ou en retirant des plaques de poids, ce qui permet des s\u00e9ances d&rsquo;entra\u00eenement personnalis\u00e9es qui r\u00e9pondent aux niveaux de force et de progression des mollets individuels. Qu&rsquo;il s&rsquo;agisse d&rsquo;am\u00e9liorer l&rsquo;endurance des mollets ou de gagner en force, la r\u00e9sistance r\u00e9glable permet de s&rsquo;adapter \u00e0 diff\u00e9rents objectifs d&rsquo;entra\u00eenement.<\/p>\n\n\n\n<p><\/p>\n\n\n\n<h3 class=\"wp-block-heading\" style=\"margin-bottom:var(--wp--preset--spacing--h-3-bottom)\"><strong><strong><strong><strong><strong><strong><strong><strong>Design confortable<\/strong><\/strong><\/strong><\/strong><\/strong><\/strong><\/strong><\/strong><\/h3>\n\n\n\n<p><strong><em><strong><strong><strong><strong><strong><strong>Rembourrage et poign\u00e9es ergonomiques<\/strong><\/strong><\/strong><\/strong><\/strong><\/strong><\/em><\/strong><\/p>\n\n\n\n<p>Con\u00e7ue pour le confort de l&rsquo;utilisateur, la machine Seated Calf Raise est \u00e9quip\u00e9e de coussins et de poign\u00e9es ergonomiques qui favorisent le positionnement correct des jambes et le soutien pendant les exercices.<\/p>\n<\/div>\n\n\n\n<div class=\"wp-block-column is-vertically-aligned-center is-layout-flow wp-block-column-is-layout-flow\">\n<figure class=\"wp-block-image size-large\"><img loading=\"lazy\" decoding=\"async\" width=\"683\" height=\"1024\" src=\"https:\/\/evolve-fitness.eu\/wp-content\/uploads\/2023\/12\/A7_06982-683x1024.jpg\" alt=\"\" class=\"wp-image-8229\" srcset=\"https:\/\/evolve-fitness.eu\/wp-content\/uploads\/2023\/12\/A7_06982-683x1024.jpg 683w, https:\/\/evolve-fitness.eu\/wp-content\/uploads\/2023\/12\/A7_06982-300x450.jpg 300w, https:\/\/evolve-fitness.eu\/wp-content\/uploads\/2023\/12\/A7_06982-100x150.jpg 100w, https:\/\/evolve-fitness.eu\/wp-content\/uploads\/2023\/12\/A7_06982-600x900.jpg 600w, https:\/\/evolve-fitness.eu\/wp-content\/uploads\/2023\/12\/A7_06982-200x300.jpg 200w, https:\/\/evolve-fitness.eu\/wp-content\/uploads\/2023\/12\/A7_06982-768x1152.jpg 768w, https:\/\/evolve-fitness.eu\/wp-content\/uploads\/2023\/12\/A7_06982-1024x1536.jpg 1024w, https:\/\/evolve-fitness.eu\/wp-content\/uploads\/2023\/12\/A7_06982.jpg 1280w\" sizes=\"auto, (max-width: 683px) 100vw, 683px\" \/><\/figure>\n<\/div>\n<\/div>\n\n\n\n<div class=\"wp-block-columns alignwide mobile-reverse is-layout-flex wp-container-core-columns-is-layout-ca64bf2d wp-block-columns-is-layout-flex\" style=\"margin-bottom:var(--wp--preset--spacing--side-padding)\">\n<div class=\"wp-block-column is-vertically-aligned-center is-layout-flow wp-block-column-is-layout-flow\">\n<figure class=\"wp-block-image size-large\"><img loading=\"lazy\" decoding=\"async\" width=\"1024\" height=\"683\" src=\"https:\/\/evolve-fitness.eu\/wp-content\/uploads\/2023\/12\/A7_07005-1024x683.jpg\" alt=\"\" class=\"wp-image-8232\" srcset=\"https:\/\/evolve-fitness.eu\/wp-content\/uploads\/2023\/12\/A7_07005-1024x683.jpg 1024w, https:\/\/evolve-fitness.eu\/wp-content\/uploads\/2023\/12\/A7_07005-300x200.jpg 300w, https:\/\/evolve-fitness.eu\/wp-content\/uploads\/2023\/12\/A7_07005-225x150.jpg 225w, https:\/\/evolve-fitness.eu\/wp-content\/uploads\/2023\/12\/A7_07005-600x400.jpg 600w, https:\/\/evolve-fitness.eu\/wp-content\/uploads\/2023\/12\/A7_07005-150x100.jpg 150w, https:\/\/evolve-fitness.eu\/wp-content\/uploads\/2023\/12\/A7_07005-768x512.jpg 768w, https:\/\/evolve-fitness.eu\/wp-content\/uploads\/2023\/12\/A7_07005-1536x1024.jpg 1536w, https:\/\/evolve-fitness.eu\/wp-content\/uploads\/2023\/12\/A7_07005.jpg 1920w\" sizes=\"auto, (max-width: 1024px) 100vw, 1024px\" \/><\/figure>\n<\/div>\n\n\n\n<div class=\"wp-block-column is-vertically-aligned-center is-layout-flow wp-block-column-is-layout-flow\">\n<h3 class=\"wp-block-heading\" style=\"margin-bottom:var(--wp--preset--spacing--h-3-bottom)\"><strong><strong><strong><strong>Poign\u00e9es antid\u00e9rapantes<\/strong><\/strong><\/strong><\/strong><\/h3>\n\n\n\n<p><strong><em><strong><strong><strong><strong><strong><strong><strong>Une prise s\u00fbre pour plus de s\u00e9curit\u00e9 et de confiance<\/strong><\/strong><\/strong><\/strong><\/strong><\/strong><\/strong><\/em><\/strong><\/p>\n\n\n\n<p style=\"margin-bottom:var(--wp--preset--spacing--tb-section-padding)\">Certains bancs de la s\u00e9rie Econ offrent une position assise r\u00e9glable, ce qui vous permet de personnaliser votre entra\u00eenement pour un maximum de confort et de vari\u00e9t\u00e9 d&rsquo;exercices.<\/p>\n\n\n\n<h3 class=\"wp-block-heading\" style=\"margin-bottom:var(--wp--preset--spacing--h-3-bottom)\"><strong><strong><strong><strong><strong><strong><strong><strong><strong><strong>Durabilit\u00e9 et stabilit\u00e9<\/strong><\/strong><\/strong><\/strong><\/strong><\/strong><\/strong><\/strong><\/strong><\/strong><\/h3>\n\n\n\n<p><strong><em><strong><strong><strong><strong><strong><strong><strong>Cadre robuste<\/strong><\/strong><\/strong><\/strong><\/strong><\/strong><\/strong><\/em><\/strong><\/p>\n\n\n\n<p>Son cadre robuste assure la stabilit\u00e9 et la s\u00e9curit\u00e9 pendant les s\u00e9ances d&rsquo;entra\u00eenement, ce qui permet aux utilisateurs d&rsquo;effectuer des exercices pour les mollets en toute confiance et sans se soucier de la stabilit\u00e9 de l&rsquo;\u00e9quipement. Son design \u00e9pur\u00e9 maximise l&rsquo;efficacit\u00e9 de l&rsquo;espace sans compromettre la fonctionnalit\u00e9, ce qui permet d&rsquo;optimiser la zone d&rsquo;entra\u00eenement d\u00e9di\u00e9e \u00e0 l&rsquo;entra\u00eenement efficace des mollets.<\/p>\n<\/div>\n<\/div>\n<\/section>\n<\/section>\n","protected":false},"excerpt":{"rendered":"<p>L&rsquo;Evolve UL-290 Universal Row est un appareil de musculation robuste et personnalisable, id\u00e9al pour les salles de sport commerciales et priv\u00e9es. Avec son cadre en acier durable, ses fonctions r\u00e9glables et son design ergonomique, il offre une exp\u00e9rience d&rsquo;entra\u00eenement confortable et efficace. Les propri\u00e9taires de gymnases peuvent m\u00eame assortir ses couleurs \u00e0 leur marque. La charge maximale de 300 kg et la garantie de 2 ans font de cet appareil un choix de premier ordre pour les amateurs de fitness et les professionnels.<\/p>\n","protected":false},"featured_media":115389,"template":"","meta":{"_acf_changed":false,"inline_featured_image":false},"product_brand":[],"product_cat":[5194,5333],"product_tag":[],"class_list":{"0":"post-53142","1":"product","2":"type-product","3":"status-publish","4":"has-post-thumbnail","6":"product_cat-machines-a-plateau","7":"product_cat-ultra-series-plate-loaded-machines","9":"first","10":"instock","11":"virtual","12":"purchasable","13":"product-type-simple"},"acf":{"long_title":"Rang\u00e9e universelle Evolve Ultra Series \u00e0 plateau, UL-290","subtitle":"","specifications":[{"label":"SKU","text_value":"EV-PL-UL-290","icon":"x"},{"label":"Dimensions","text_value":"1670 x 1335 x 2037 mm","icon":"x"},{"label":"Poids","text_value":"161 kg","icon":"x"},{"label":"Garantie  ","text_value":"2 ans","icon":"x"},{"label":"Max. charge  ","text_value":"300 kg","icon":"x"},{"label":"Si\u00e8ge et support de jambe r\u00e9glables","text_value":"","icon":"v"},{"label":"Stockage des plaques de poids","text_value":"","icon":"v"},{"label":"Rembourrage \u00e9pais","text_value":"","icon":"v"},{"label":"Mouvement unilat\u00e9ral du bras","text_value":"","icon":"v"},{"label":"Personnalisation des couleurs du cadre et du rev\u00eatement","text_value":"","icon":"v"},{"label":"Protecteurs de sol durables","text_value":"","icon":"v"},{"label":"Poign\u00e9es antid\u00e9rapantes","text_value":"","icon":"v"},{"label":"","text_value":"","icon":"v"},{"label":"","text_value":"","icon":"v"},{"label":"","text_value":"","icon":"x"}]},"yoast_head":"<!-- This site is optimized with the Yoast SEO plugin v27.4 - https:\/\/yoast.com\/product\/yoast-seo-wordpress\/ -->\n<title>Rang\u00e9e universelle Evolve Ultra Series \u00e0 plateau - Evolve<\/title>\n<meta name=\"robots\" content=\"index, follow, max-snippet:-1, max-image-preview:large, max-video-preview:-1\" \/>\n<link rel=\"canonical\" href=\"https:\/\/evolve-fitness.eu\/fr\/produit\/rangee-universelle-evolve-ultra-series-a-plateau\/\" \/>\n<meta property=\"og:locale\" content=\"fr_FR\" \/>\n<meta property=\"og:type\" content=\"article\" \/>\n<meta property=\"og:title\" content=\"Rang\u00e9e universelle Evolve Ultra Series \u00e0 plateau - Evolve\" \/>\n<meta property=\"og:url\" content=\"https:\/\/evolve-fitness.eu\/fr\/produit\/rangee-universelle-evolve-ultra-series-a-plateau\/\" \/>\n<meta property=\"og:site_name\" content=\"Evolve\" \/>\n<meta property=\"article:publisher\" content=\"https:\/\/www.facebook.com\/EvolveFitnessEurope\" \/>\n<meta property=\"article:modified_time\" content=\"2024-03-25T08:51:50+00:00\" \/>\n<meta property=\"og:image\" content=\"https:\/\/evolve-fitness.eu\/wp-content\/uploads\/2023\/09\/EV-PL-UL-290-Evolve-Ultra-Series-Plate-Loaded-Universal-Row-1.png\" \/>\n\t<meta property=\"og:image:width\" content=\"680\" \/>\n\t<meta property=\"og:image:height\" content=\"600\" \/>\n\t<meta property=\"og:image:type\" content=\"image\/png\" \/>\n<meta name=\"twitter:card\" content=\"summary_large_image\" \/>\n<script type=\"application\/ld+json\" class=\"yoast-schema-graph\">{\"@context\":\"https:\\\/\\\/schema.org\",\"@graph\":[{\"@type\":\"WebPage\",\"@id\":\"https:\\\/\\\/evolve-fitness.eu\\\/fr\\\/produit\\\/rangee-universelle-evolve-ultra-series-a-plateau\\\/\",\"url\":\"https:\\\/\\\/evolve-fitness.eu\\\/fr\\\/produit\\\/rangee-universelle-evolve-ultra-series-a-plateau\\\/\",\"name\":\"Rang\u00e9e universelle Evolve Ultra Series \u00e0 plateau - Evolve\",\"isPartOf\":{\"@id\":\"https:\\\/\\\/evolve-fitness.eu\\\/fr\\\/#website\"},\"primaryImageOfPage\":{\"@id\":\"https:\\\/\\\/evolve-fitness.eu\\\/fr\\\/produit\\\/rangee-universelle-evolve-ultra-series-a-plateau\\\/#primaryimage\"},\"image\":{\"@id\":\"https:\\\/\\\/evolve-fitness.eu\\\/fr\\\/produit\\\/rangee-universelle-evolve-ultra-series-a-plateau\\\/#primaryimage\"},\"thumbnailUrl\":\"https:\\\/\\\/evolve-fitness.eu\\\/wp-content\\\/uploads\\\/2023\\\/09\\\/EV-PL-UL-290-Evolve-Ultra-Series-Plate-Loaded-Universal-Row-1.png\",\"datePublished\":\"2023-09-13T10:39:07+00:00\",\"dateModified\":\"2024-03-25T08:51:50+00:00\",\"breadcrumb\":{\"@id\":\"https:\\\/\\\/evolve-fitness.eu\\\/fr\\\/produit\\\/rangee-universelle-evolve-ultra-series-a-plateau\\\/#breadcrumb\"},\"inLanguage\":\"fr-FR\",\"potentialAction\":[{\"@type\":\"ReadAction\",\"target\":[\"https:\\\/\\\/evolve-fitness.eu\\\/fr\\\/produit\\\/rangee-universelle-evolve-ultra-series-a-plateau\\\/\"]}]},{\"@type\":\"ImageObject\",\"inLanguage\":\"fr-FR\",\"@id\":\"https:\\\/\\\/evolve-fitness.eu\\\/fr\\\/produit\\\/rangee-universelle-evolve-ultra-series-a-plateau\\\/#primaryimage\",\"url\":\"https:\\\/\\\/evolve-fitness.eu\\\/wp-content\\\/uploads\\\/2023\\\/09\\\/EV-PL-UL-290-Evolve-Ultra-Series-Plate-Loaded-Universal-Row-1.png\",\"contentUrl\":\"https:\\\/\\\/evolve-fitness.eu\\\/wp-content\\\/uploads\\\/2023\\\/09\\\/EV-PL-UL-290-Evolve-Ultra-Series-Plate-Loaded-Universal-Row-1.png\",\"width\":680,\"height\":600,\"caption\":\"EV-PL-UL-290\"},{\"@type\":\"BreadcrumbList\",\"@id\":\"https:\\\/\\\/evolve-fitness.eu\\\/fr\\\/produit\\\/rangee-universelle-evolve-ultra-series-a-plateau\\\/#breadcrumb\",\"itemListElement\":[{\"@type\":\"ListItem\",\"position\":1,\"name\":\"Home\",\"item\":\"https:\\\/\\\/evolve-fitness.eu\\\/fr\\\/\"},{\"@type\":\"ListItem\",\"position\":2,\"name\":\"Produits\",\"item\":\"https:\\\/\\\/evolve-fitness.eu\\\/fr\\\/shop\\\/\"},{\"@type\":\"ListItem\",\"position\":3,\"name\":\"Rang\u00e9e universelle Evolve Ultra Series \u00e0 plateau\"}]},{\"@type\":\"WebSite\",\"@id\":\"https:\\\/\\\/evolve-fitness.eu\\\/fr\\\/#website\",\"url\":\"https:\\\/\\\/evolve-fitness.eu\\\/fr\\\/\",\"name\":\"Evolve\",\"description\":\"Your Evolved Gear Arrived\",\"publisher\":{\"@id\":\"https:\\\/\\\/evolve-fitness.eu\\\/fr\\\/#organization\"},\"potentialAction\":[{\"@type\":\"SearchAction\",\"target\":{\"@type\":\"EntryPoint\",\"urlTemplate\":\"https:\\\/\\\/evolve-fitness.eu\\\/fr\\\/?s={search_term_string}\"},\"query-input\":{\"@type\":\"PropertyValueSpecification\",\"valueRequired\":true,\"valueName\":\"search_term_string\"}}],\"inLanguage\":\"fr-FR\"},{\"@type\":\"Organization\",\"@id\":\"https:\\\/\\\/evolve-fitness.eu\\\/fr\\\/#organization\",\"name\":\"Evolve\",\"url\":\"https:\\\/\\\/evolve-fitness.eu\\\/fr\\\/\",\"logo\":{\"@type\":\"ImageObject\",\"inLanguage\":\"fr-FR\",\"@id\":\"https:\\\/\\\/evolve-fitness.eu\\\/fr\\\/#\\\/schema\\\/logo\\\/image\\\/\",\"url\":\"https:\\\/\\\/evolve-fitness.eu\\\/wp-content\\\/uploads\\\/2023\\\/05\\\/Evolve-logo.svg\",\"contentUrl\":\"https:\\\/\\\/evolve-fitness.eu\\\/wp-content\\\/uploads\\\/2023\\\/05\\\/Evolve-logo.svg\",\"width\":176,\"height\":20,\"caption\":\"Evolve\"},\"image\":{\"@id\":\"https:\\\/\\\/evolve-fitness.eu\\\/fr\\\/#\\\/schema\\\/logo\\\/image\\\/\"},\"sameAs\":[\"https:\\\/\\\/www.facebook.com\\\/EvolveFitnessEurope\"]}]}<\/script>\n<!-- \/ Yoast SEO plugin. -->","yoast_head_json":{"title":"Rang\u00e9e universelle Evolve Ultra Series \u00e0 plateau - Evolve","robots":{"index":"index","follow":"follow","max-snippet":"max-snippet:-1","max-image-preview":"max-image-preview:large","max-video-preview":"max-video-preview:-1"},"canonical":"https:\/\/evolve-fitness.eu\/fr\/produit\/rangee-universelle-evolve-ultra-series-a-plateau\/","og_locale":"fr_FR","og_type":"article","og_title":"Rang\u00e9e universelle Evolve Ultra Series \u00e0 plateau - Evolve","og_url":"https:\/\/evolve-fitness.eu\/fr\/produit\/rangee-universelle-evolve-ultra-series-a-plateau\/","og_site_name":"Evolve","article_publisher":"https:\/\/www.facebook.com\/EvolveFitnessEurope","article_modified_time":"2024-03-25T08:51:50+00:00","og_image":[{"width":680,"height":600,"url":"https:\/\/evolve-fitness.eu\/wp-content\/uploads\/2023\/09\/EV-PL-UL-290-Evolve-Ultra-Series-Plate-Loaded-Universal-Row-1.png","type":"image\/png"}],"twitter_card":"summary_large_image","schema":{"@context":"https:\/\/schema.org","@graph":[{"@type":"WebPage","@id":"https:\/\/evolve-fitness.eu\/fr\/produit\/rangee-universelle-evolve-ultra-series-a-plateau\/","url":"https:\/\/evolve-fitness.eu\/fr\/produit\/rangee-universelle-evolve-ultra-series-a-plateau\/","name":"Rang\u00e9e universelle Evolve Ultra Series \u00e0 plateau - Evolve","isPartOf":{"@id":"https:\/\/evolve-fitness.eu\/fr\/#website"},"primaryImageOfPage":{"@id":"https:\/\/evolve-fitness.eu\/fr\/produit\/rangee-universelle-evolve-ultra-series-a-plateau\/#primaryimage"},"image":{"@id":"https:\/\/evolve-fitness.eu\/fr\/produit\/rangee-universelle-evolve-ultra-series-a-plateau\/#primaryimage"},"thumbnailUrl":"https:\/\/evolve-fitness.eu\/wp-content\/uploads\/2023\/09\/EV-PL-UL-290-Evolve-Ultra-Series-Plate-Loaded-Universal-Row-1.png","datePublished":"2023-09-13T10:39:07+00:00","dateModified":"2024-03-25T08:51:50+00:00","breadcrumb":{"@id":"https:\/\/evolve-fitness.eu\/fr\/produit\/rangee-universelle-evolve-ultra-series-a-plateau\/#breadcrumb"},"inLanguage":"fr-FR","potentialAction":[{"@type":"ReadAction","target":["https:\/\/evolve-fitness.eu\/fr\/produit\/rangee-universelle-evolve-ultra-series-a-plateau\/"]}]},{"@type":"ImageObject","inLanguage":"fr-FR","@id":"https:\/\/evolve-fitness.eu\/fr\/produit\/rangee-universelle-evolve-ultra-series-a-plateau\/#primaryimage","url":"https:\/\/evolve-fitness.eu\/wp-content\/uploads\/2023\/09\/EV-PL-UL-290-Evolve-Ultra-Series-Plate-Loaded-Universal-Row-1.png","contentUrl":"https:\/\/evolve-fitness.eu\/wp-content\/uploads\/2023\/09\/EV-PL-UL-290-Evolve-Ultra-Series-Plate-Loaded-Universal-Row-1.png","width":680,"height":600,"caption":"EV-PL-UL-290"},{"@type":"BreadcrumbList","@id":"https:\/\/evolve-fitness.eu\/fr\/produit\/rangee-universelle-evolve-ultra-series-a-plateau\/#breadcrumb","itemListElement":[{"@type":"ListItem","position":1,"name":"Home","item":"https:\/\/evolve-fitness.eu\/fr\/"},{"@type":"ListItem","position":2,"name":"Produits","item":"https:\/\/evolve-fitness.eu\/fr\/shop\/"},{"@type":"ListItem","position":3,"name":"Rang\u00e9e universelle Evolve Ultra Series \u00e0 plateau"}]},{"@type":"WebSite","@id":"https:\/\/evolve-fitness.eu\/fr\/#website","url":"https:\/\/evolve-fitness.eu\/fr\/","name":"Evolve","description":"Your Evolved Gear Arrived","publisher":{"@id":"https:\/\/evolve-fitness.eu\/fr\/#organization"},"potentialAction":[{"@type":"SearchAction","target":{"@type":"EntryPoint","urlTemplate":"https:\/\/evolve-fitness.eu\/fr\/?s={search_term_string}"},"query-input":{"@type":"PropertyValueSpecification","valueRequired":true,"valueName":"search_term_string"}}],"inLanguage":"fr-FR"},{"@type":"Organization","@id":"https:\/\/evolve-fitness.eu\/fr\/#organization","name":"Evolve","url":"https:\/\/evolve-fitness.eu\/fr\/","logo":{"@type":"ImageObject","inLanguage":"fr-FR","@id":"https:\/\/evolve-fitness.eu\/fr\/#\/schema\/logo\/image\/","url":"https:\/\/evolve-fitness.eu\/wp-content\/uploads\/2023\/05\/Evolve-logo.svg","contentUrl":"https:\/\/evolve-fitness.eu\/wp-content\/uploads\/2023\/05\/Evolve-logo.svg","width":176,"height":20,"caption":"Evolve"},"image":{"@id":"https:\/\/evolve-fitness.eu\/fr\/#\/schema\/logo\/image\/"},"sameAs":["https:\/\/www.facebook.com\/EvolveFitnessEurope"]}]}},"_links":{"self":[{"href":"https:\/\/evolve-fitness.eu\/fr\/wp-json\/wp\/v2\/product\/53142","targetHints":{"allow":["GET"]}}],"collection":[{"href":"https:\/\/evolve-fitness.eu\/fr\/wp-json\/wp\/v2\/product"}],"about":[{"href":"https:\/\/evolve-fitness.eu\/fr\/wp-json\/wp\/v2\/types\/product"}],"wp:featuredmedia":[{"embeddable":true,"href":"https:\/\/evolve-fitness.eu\/fr\/wp-json\/wp\/v2\/media\/115389"}],"wp:attachment":[{"href":"https:\/\/evolve-fitness.eu\/fr\/wp-json\/wp\/v2\/media?parent=53142"}],"wp:term":[{"taxonomy":"product_brand","embeddable":true,"href":"https:\/\/evolve-fitness.eu\/fr\/wp-json\/wp\/v2\/product_brand?post=53142"},{"taxonomy":"product_cat","embeddable":true,"href":"https:\/\/evolve-fitness.eu\/fr\/wp-json\/wp\/v2\/product_cat?post=53142"},{"taxonomy":"product_tag","embeddable":true,"href":"https:\/\/evolve-fitness.eu\/fr\/wp-json\/wp\/v2\/product_tag?post=53142"}],"curies":[{"name":"wp","href":"https:\/\/api.w.org\/{rel}","templated":true}]}}