{"id":55735,"date":"2024-01-24T14:29:29","date_gmt":"2024-01-24T14:29:29","guid":{"rendered":"https:\/\/evolve-fitness.eu\/product\/support-de-ballons-de-gymnastique-evolve\/"},"modified":"2024-10-29T14:06:39","modified_gmt":"2024-10-29T14:06:39","slug":"support-de-ballons-de-gymnastique-evolve","status":"publish","type":"product","link":"https:\/\/evolve-fitness.eu\/fr\/produit\/support-de-ballons-de-gymnastique-evolve\/","title":{"rendered":"Support de ballons de gymnastique Evolve"},"content":{"rendered":"","protected":false},"excerpt":{"rendered":"<p>Organisez votre espace de fitness avec une efficacit\u00e9 in\u00e9gal\u00e9e en utilisant le support de balles de gymnastique Evolve, GB-030. Ce support \u00e0 ballons \u00e9l\u00e9gant et robuste est un compl\u00e9ment indispensable \u00e0 toute salle de sport, centre de fitness ou zone d&rsquo;entra\u00eenement \u00e0 domicile, offrant une solution pratique et \u00e9l\u00e9gante pour le stockage des ballons de stabilit\u00e9. Sa construction robuste garantit sa durabilit\u00e9 et sa fiabilit\u00e9, tandis que son design peu encombrant optimise l&rsquo;espace au sol, ce qui permet de garder votre zone d&rsquo;entra\u00eenement propre et accessible. Id\u00e9al pour les salles de sport de toutes tailles, le support \u00e0 ballons Evolve Gym peut accueillir plusieurs ballons, ce qui en fait un outil parfait pour les environnements o\u00f9 la fonctionnalit\u00e9 et l&rsquo;organisation sont essentielles. Am\u00e9liorez l&rsquo;ambiance et l&rsquo;efficacit\u00e9 de votre salle de sport avec ce support de ballons de gym de premi\u00e8re qualit\u00e9, et rationalisez la fa\u00e7on dont vous rangez et acc\u00e9dez \u00e0 votre \u00e9quipement de fitness.<\/p>\n","protected":false},"featured_media":55748,"template":"","meta":{"_acf_changed":false,"inline_featured_image":false},"product_brand":[],"product_cat":[2951],"product_tag":[],"class_list":{"0":"post-55735","1":"product","2":"type-product","3":"status-publish","4":"has-post-thumbnail","6":"product_cat-studio-fr","8":"first","9":"instock","10":"shipping-taxable","11":"purchasable","12":"product-type-simple"},"acf":{"long_title":"Support de ballons de gymnastique Evolve  ","subtitle":"","specifications":[{"label":"SKU","text_value":"EV-RS-GB-030","icon":"x"},{"label":"Longueur","text_value":"1020 mm","icon":"x"},{"label":"Largeur","text_value":"1020 mm","icon":"x"},{"label":"Hauteur","text_value":"1805 mm","icon":"x"},{"label":"Poids","text_value":"7 kg","icon":"x"},{"label":"Garantie","text_value":"2 ans","icon":"x"}]},"yoast_head":"<!-- This site is optimized with the Yoast SEO plugin v27.4 - https:\/\/yoast.com\/product\/yoast-seo-wordpress\/ -->\n<title>Support de ballons de gymnastique Evolve - Evolve<\/title>\n<meta name=\"robots\" content=\"index, follow, max-snippet:-1, max-image-preview:large, max-video-preview:-1\" \/>\n<link rel=\"canonical\" href=\"https:\/\/evolve-fitness.eu\/fr\/produit\/support-de-ballons-de-gymnastique-evolve\/\" \/>\n<meta property=\"og:locale\" content=\"fr_FR\" \/>\n<meta property=\"og:type\" content=\"article\" \/>\n<meta property=\"og:title\" content=\"Support de ballons de gymnastique Evolve - Evolve\" \/>\n<meta property=\"og:url\" content=\"https:\/\/evolve-fitness.eu\/fr\/produit\/support-de-ballons-de-gymnastique-evolve\/\" \/>\n<meta property=\"og:site_name\" content=\"Evolve\" \/>\n<meta property=\"article:publisher\" content=\"https:\/\/www.facebook.com\/EvolveFitnessEurope\" \/>\n<meta property=\"article:modified_time\" content=\"2024-10-29T14:06:39+00:00\" \/>\n<meta property=\"og:image\" content=\"https:\/\/evolve-fitness.eu\/wp-content\/uploads\/2024\/01\/Evolve-Gym-Ball-Rack-EV-RS-GB-030.png\" \/>\n\t<meta property=\"og:image:width\" content=\"680\" \/>\n\t<meta property=\"og:image:height\" content=\"600\" \/>\n\t<meta property=\"og:image:type\" content=\"image\/png\" \/>\n<meta name=\"twitter:card\" content=\"summary_large_image\" \/>\n<script type=\"application\/ld+json\" class=\"yoast-schema-graph\">{\"@context\":\"https:\\\/\\\/schema.org\",\"@graph\":[{\"@type\":\"WebPage\",\"@id\":\"https:\\\/\\\/evolve-fitness.eu\\\/fr\\\/produit\\\/support-de-ballons-de-gymnastique-evolve\\\/\",\"url\":\"https:\\\/\\\/evolve-fitness.eu\\\/fr\\\/produit\\\/support-de-ballons-de-gymnastique-evolve\\\/\",\"name\":\"Support de ballons de gymnastique Evolve - Evolve\",\"isPartOf\":{\"@id\":\"https:\\\/\\\/evolve-fitness.eu\\\/fr\\\/#website\"},\"primaryImageOfPage\":{\"@id\":\"https:\\\/\\\/evolve-fitness.eu\\\/fr\\\/produit\\\/support-de-ballons-de-gymnastique-evolve\\\/#primaryimage\"},\"image\":{\"@id\":\"https:\\\/\\\/evolve-fitness.eu\\\/fr\\\/produit\\\/support-de-ballons-de-gymnastique-evolve\\\/#primaryimage\"},\"thumbnailUrl\":\"https:\\\/\\\/evolve-fitness.eu\\\/wp-content\\\/uploads\\\/2024\\\/01\\\/Evolve-Gym-Ball-Rack-EV-RS-GB-030.png\",\"datePublished\":\"2024-01-24T14:29:29+00:00\",\"dateModified\":\"2024-10-29T14:06:39+00:00\",\"breadcrumb\":{\"@id\":\"https:\\\/\\\/evolve-fitness.eu\\\/fr\\\/produit\\\/support-de-ballons-de-gymnastique-evolve\\\/#breadcrumb\"},\"inLanguage\":\"fr-FR\",\"potentialAction\":[{\"@type\":\"ReadAction\",\"target\":[\"https:\\\/\\\/evolve-fitness.eu\\\/fr\\\/produit\\\/support-de-ballons-de-gymnastique-evolve\\\/\"]}]},{\"@type\":\"ImageObject\",\"inLanguage\":\"fr-FR\",\"@id\":\"https:\\\/\\\/evolve-fitness.eu\\\/fr\\\/produit\\\/support-de-ballons-de-gymnastique-evolve\\\/#primaryimage\",\"url\":\"https:\\\/\\\/evolve-fitness.eu\\\/wp-content\\\/uploads\\\/2024\\\/01\\\/Evolve-Gym-Ball-Rack-EV-RS-GB-030.png\",\"contentUrl\":\"https:\\\/\\\/evolve-fitness.eu\\\/wp-content\\\/uploads\\\/2024\\\/01\\\/Evolve-Gym-Ball-Rack-EV-RS-GB-030.png\",\"width\":680,\"height\":600,\"caption\":\"EV-RS-GB-030\"},{\"@type\":\"BreadcrumbList\",\"@id\":\"https:\\\/\\\/evolve-fitness.eu\\\/fr\\\/produit\\\/support-de-ballons-de-gymnastique-evolve\\\/#breadcrumb\",\"itemListElement\":[{\"@type\":\"ListItem\",\"position\":1,\"name\":\"Home\",\"item\":\"https:\\\/\\\/evolve-fitness.eu\\\/fr\\\/\"},{\"@type\":\"ListItem\",\"position\":2,\"name\":\"Produits\",\"item\":\"https:\\\/\\\/evolve-fitness.eu\\\/fr\\\/shop\\\/\"},{\"@type\":\"ListItem\",\"position\":3,\"name\":\"Support de ballons de gymnastique Evolve\"}]},{\"@type\":\"WebSite\",\"@id\":\"https:\\\/\\\/evolve-fitness.eu\\\/fr\\\/#website\",\"url\":\"https:\\\/\\\/evolve-fitness.eu\\\/fr\\\/\",\"name\":\"Evolve\",\"description\":\"Your Evolved Gear Arrived\",\"publisher\":{\"@id\":\"https:\\\/\\\/evolve-fitness.eu\\\/fr\\\/#organization\"},\"potentialAction\":[{\"@type\":\"SearchAction\",\"target\":{\"@type\":\"EntryPoint\",\"urlTemplate\":\"https:\\\/\\\/evolve-fitness.eu\\\/fr\\\/?s={search_term_string}\"},\"query-input\":{\"@type\":\"PropertyValueSpecification\",\"valueRequired\":true,\"valueName\":\"search_term_string\"}}],\"inLanguage\":\"fr-FR\"},{\"@type\":\"Organization\",\"@id\":\"https:\\\/\\\/evolve-fitness.eu\\\/fr\\\/#organization\",\"name\":\"Evolve\",\"url\":\"https:\\\/\\\/evolve-fitness.eu\\\/fr\\\/\",\"logo\":{\"@type\":\"ImageObject\",\"inLanguage\":\"fr-FR\",\"@id\":\"https:\\\/\\\/evolve-fitness.eu\\\/fr\\\/#\\\/schema\\\/logo\\\/image\\\/\",\"url\":\"https:\\\/\\\/evolve-fitness.eu\\\/wp-content\\\/uploads\\\/2023\\\/05\\\/Evolve-logo.svg\",\"contentUrl\":\"https:\\\/\\\/evolve-fitness.eu\\\/wp-content\\\/uploads\\\/2023\\\/05\\\/Evolve-logo.svg\",\"width\":176,\"height\":20,\"caption\":\"Evolve\"},\"image\":{\"@id\":\"https:\\\/\\\/evolve-fitness.eu\\\/fr\\\/#\\\/schema\\\/logo\\\/image\\\/\"},\"sameAs\":[\"https:\\\/\\\/www.facebook.com\\\/EvolveFitnessEurope\"]}]}<\/script>\n<!-- \/ Yoast SEO plugin. -->","yoast_head_json":{"title":"Support de ballons de gymnastique Evolve - Evolve","robots":{"index":"index","follow":"follow","max-snippet":"max-snippet:-1","max-image-preview":"max-image-preview:large","max-video-preview":"max-video-preview:-1"},"canonical":"https:\/\/evolve-fitness.eu\/fr\/produit\/support-de-ballons-de-gymnastique-evolve\/","og_locale":"fr_FR","og_type":"article","og_title":"Support de ballons de gymnastique Evolve - Evolve","og_url":"https:\/\/evolve-fitness.eu\/fr\/produit\/support-de-ballons-de-gymnastique-evolve\/","og_site_name":"Evolve","article_publisher":"https:\/\/www.facebook.com\/EvolveFitnessEurope","article_modified_time":"2024-10-29T14:06:39+00:00","og_image":[{"width":680,"height":600,"url":"https:\/\/evolve-fitness.eu\/wp-content\/uploads\/2024\/01\/Evolve-Gym-Ball-Rack-EV-RS-GB-030.png","type":"image\/png"}],"twitter_card":"summary_large_image","schema":{"@context":"https:\/\/schema.org","@graph":[{"@type":"WebPage","@id":"https:\/\/evolve-fitness.eu\/fr\/produit\/support-de-ballons-de-gymnastique-evolve\/","url":"https:\/\/evolve-fitness.eu\/fr\/produit\/support-de-ballons-de-gymnastique-evolve\/","name":"Support de ballons de gymnastique Evolve - Evolve","isPartOf":{"@id":"https:\/\/evolve-fitness.eu\/fr\/#website"},"primaryImageOfPage":{"@id":"https:\/\/evolve-fitness.eu\/fr\/produit\/support-de-ballons-de-gymnastique-evolve\/#primaryimage"},"image":{"@id":"https:\/\/evolve-fitness.eu\/fr\/produit\/support-de-ballons-de-gymnastique-evolve\/#primaryimage"},"thumbnailUrl":"https:\/\/evolve-fitness.eu\/wp-content\/uploads\/2024\/01\/Evolve-Gym-Ball-Rack-EV-RS-GB-030.png","datePublished":"2024-01-24T14:29:29+00:00","dateModified":"2024-10-29T14:06:39+00:00","breadcrumb":{"@id":"https:\/\/evolve-fitness.eu\/fr\/produit\/support-de-ballons-de-gymnastique-evolve\/#breadcrumb"},"inLanguage":"fr-FR","potentialAction":[{"@type":"ReadAction","target":["https:\/\/evolve-fitness.eu\/fr\/produit\/support-de-ballons-de-gymnastique-evolve\/"]}]},{"@type":"ImageObject","inLanguage":"fr-FR","@id":"https:\/\/evolve-fitness.eu\/fr\/produit\/support-de-ballons-de-gymnastique-evolve\/#primaryimage","url":"https:\/\/evolve-fitness.eu\/wp-content\/uploads\/2024\/01\/Evolve-Gym-Ball-Rack-EV-RS-GB-030.png","contentUrl":"https:\/\/evolve-fitness.eu\/wp-content\/uploads\/2024\/01\/Evolve-Gym-Ball-Rack-EV-RS-GB-030.png","width":680,"height":600,"caption":"EV-RS-GB-030"},{"@type":"BreadcrumbList","@id":"https:\/\/evolve-fitness.eu\/fr\/produit\/support-de-ballons-de-gymnastique-evolve\/#breadcrumb","itemListElement":[{"@type":"ListItem","position":1,"name":"Home","item":"https:\/\/evolve-fitness.eu\/fr\/"},{"@type":"ListItem","position":2,"name":"Produits","item":"https:\/\/evolve-fitness.eu\/fr\/shop\/"},{"@type":"ListItem","position":3,"name":"Support de ballons de gymnastique Evolve"}]},{"@type":"WebSite","@id":"https:\/\/evolve-fitness.eu\/fr\/#website","url":"https:\/\/evolve-fitness.eu\/fr\/","name":"Evolve","description":"Your Evolved Gear Arrived","publisher":{"@id":"https:\/\/evolve-fitness.eu\/fr\/#organization"},"potentialAction":[{"@type":"SearchAction","target":{"@type":"EntryPoint","urlTemplate":"https:\/\/evolve-fitness.eu\/fr\/?s={search_term_string}"},"query-input":{"@type":"PropertyValueSpecification","valueRequired":true,"valueName":"search_term_string"}}],"inLanguage":"fr-FR"},{"@type":"Organization","@id":"https:\/\/evolve-fitness.eu\/fr\/#organization","name":"Evolve","url":"https:\/\/evolve-fitness.eu\/fr\/","logo":{"@type":"ImageObject","inLanguage":"fr-FR","@id":"https:\/\/evolve-fitness.eu\/fr\/#\/schema\/logo\/image\/","url":"https:\/\/evolve-fitness.eu\/wp-content\/uploads\/2023\/05\/Evolve-logo.svg","contentUrl":"https:\/\/evolve-fitness.eu\/wp-content\/uploads\/2023\/05\/Evolve-logo.svg","width":176,"height":20,"caption":"Evolve"},"image":{"@id":"https:\/\/evolve-fitness.eu\/fr\/#\/schema\/logo\/image\/"},"sameAs":["https:\/\/www.facebook.com\/EvolveFitnessEurope"]}]}},"_links":{"self":[{"href":"https:\/\/evolve-fitness.eu\/fr\/wp-json\/wp\/v2\/product\/55735","targetHints":{"allow":["GET"]}}],"collection":[{"href":"https:\/\/evolve-fitness.eu\/fr\/wp-json\/wp\/v2\/product"}],"about":[{"href":"https:\/\/evolve-fitness.eu\/fr\/wp-json\/wp\/v2\/types\/product"}],"wp:featuredmedia":[{"embeddable":true,"href":"https:\/\/evolve-fitness.eu\/fr\/wp-json\/wp\/v2\/media\/55748"}],"wp:attachment":[{"href":"https:\/\/evolve-fitness.eu\/fr\/wp-json\/wp\/v2\/media?parent=55735"}],"wp:term":[{"taxonomy":"product_brand","embeddable":true,"href":"https:\/\/evolve-fitness.eu\/fr\/wp-json\/wp\/v2\/product_brand?post=55735"},{"taxonomy":"product_cat","embeddable":true,"href":"https:\/\/evolve-fitness.eu\/fr\/wp-json\/wp\/v2\/product_cat?post=55735"},{"taxonomy":"product_tag","embeddable":true,"href":"https:\/\/evolve-fitness.eu\/fr\/wp-json\/wp\/v2\/product_tag?post=55735"}],"curies":[{"name":"wp","href":"https:\/\/api.w.org\/{rel}","templated":true}]}}