{"id":59185,"date":"2023-12-20T10:55:42","date_gmt":"2023-12-20T10:55:42","guid":{"rendered":"https:\/\/evolve-fitness.eu\/product\/banc-olympique-incline-evolve-prime-series\/"},"modified":"2026-04-01T11:51:57","modified_gmt":"2026-04-01T08:51:57","slug":"banc-olympique-incline-evolve-prime-series","status":"publish","type":"product","link":"https:\/\/evolve-fitness.eu\/fr\/produit\/banc-olympique-incline-evolve-prime-series\/","title":{"rendered":"Banc olympique inclin\u00e9 Evolve Prime Series (PR-210)"},"content":{"rendered":"\n<section class=\"wp-block-group alignfull has-lightgray-background-color has-background is-layout-constrained wp-block-group-is-layout-constrained\">\n<div class=\"wp-block-columns alignwide is-layout-flex wp-container-core-columns-is-layout-2edb0647 wp-block-columns-is-layout-flex\" style=\"margin-top:0;margin-bottom:0\">\n<div class=\"wp-block-column is-layout-flow wp-block-column-is-layout-flow\" style=\"flex-basis:33.33%\"><\/div>\n\n\n\n<div class=\"wp-block-column is-layout-flow wp-block-column-is-layout-flow\" style=\"flex-basis:66.66%\"><\/div>\n<\/div>\n<\/section>\n\n<section class=\"wp-block-group alignfull black-content has-white-color has-darkgray-background-color has-text-color has-background is-layout-constrained wp-block-group-is-layout-constrained\" style=\"padding-top:var(--wp--preset--spacing--section-bottom);padding-bottom:var(--wp--preset--spacing--section-bottom)\">\n<div class=\"wp-block-columns alignwide mobile-reverse is-layout-flex wp-container-core-columns-is-layout-ca64bf2d wp-block-columns-is-layout-flex\" style=\"margin-bottom:var(--wp--preset--spacing--side-padding)\">\n<div class=\"wp-block-column is-vertically-aligned-center is-layout-flow wp-block-column-is-layout-flow\">\n<h3 class=\"wp-block-heading\" style=\"margin-bottom:var(--wp--preset--spacing--h-3-bottom)\"><strong><strong><strong><strong><strong><strong><strong><strong>Solidit\u00e9, pr\u00e9cision et confort<\/strong><\/strong><\/strong><\/strong><\/strong><\/strong><\/strong><\/strong><\/h3>\n\n\n\n<p><strong><em><strong><em><strong><strong><strong><strong><strong>Le <strong>banc de<\/strong> musculation <strong>olympique Evolve<\/strong> vous permet de passer \u00e0 la vitesse sup\u00e9rieure.<\/strong><\/strong><\/strong><\/strong><\/strong><\/em><\/strong><\/em><\/strong><\/p>\n\n\n\n<p style=\"margin-bottom:var(--wp--preset--spacing--tb-section-padding)\">Con\u00e7u pour ceux qui prennent au s\u00e9rieux leur jeu de levage, ce banc n&rsquo;est pas seulement un \u00e9quipement, c&rsquo;est la pierre angulaire de votre r\u00e9gime d&rsquo;entra\u00eenement musculaire. D\u00e9couvrez l&rsquo;angle parfait pour un engagement musculaire maximal. Le banc olympique inclin\u00e9 Evolve est con\u00e7u pour cibler plus efficacement le haut de la poitrine et les \u00e9paules, ce qui vous permet d&rsquo;obtenir les meilleurs r\u00e9sultats possibles lors de vos entra\u00eenements de presse inclin\u00e9e.<\/p>\n<\/div>\n\n\n\n<div class=\"wp-block-column is-vertically-aligned-center is-layout-flow wp-block-column-is-layout-flow\">\n<figure class=\"wp-block-video\"><video height=\"2160\" style=\"aspect-ratio: 3840 \/ 2160;\" width=\"3840\" autoplay=\"\" controls=\"\" loop=\"\" muted=\"\" src=\"https:\/\/evolve-fitness.eu\/wp-content\/uploads\/2023\/12\/1-23.mp4\"><\/video><\/figure>\n<\/div>\n<\/div>\n\n\n\n<div class=\"wp-block-columns alignwide is-layout-flex wp-container-core-columns-is-layout-c45ee707 wp-block-columns-is-layout-flex\" style=\"margin-bottom:var(--wp--preset--spacing--side-padding);padding-top:var(--wp--preset--spacing--side-padding)\">\n<div class=\"wp-block-column is-vertically-aligned-center is-layout-flow wp-block-column-is-layout-flow\">\n<figure class=\"wp-block-video\"><video height=\"2160\" style=\"aspect-ratio: 3840 \/ 2160;\" width=\"3840\" autoplay=\"\" controls=\"\" loop=\"\" muted=\"\" src=\"https:\/\/evolve-fitness.eu\/wp-content\/uploads\/2023\/12\/3-9.mp4\"><\/video><\/figure>\n<\/div>\n\n\n\n<div class=\"wp-block-column is-vertically-aligned-center is-layout-flow wp-block-column-is-layout-flow\">\n<h3 class=\"wp-block-heading\" style=\"margin-bottom:var(--wp--preset--spacing--h-3-bottom)\"><strong><strong>Confort et soutien sup\u00e9rieurs<\/strong><\/strong><\/h3>\n\n\n\n<p><strong><em>Concentrez-vous sur vos ascenseurs<\/em><\/strong><\/p>\n\n\n\n<p style=\"margin-bottom:var(--wp--preset--spacing--tb-section-padding)\">Notre banc est dot\u00e9 d&rsquo;un rembourrage en mousse haute densit\u00e9 qui offre un confort in\u00e9gal\u00e9 tout en garantissant un soutien et un alignement ad\u00e9quats. Cela signifie des s\u00e9ances d&rsquo;entra\u00eenement plus longues et plus efficaces, sans effort inutile.<\/p>\n<\/div>\n<\/div>\n\n\n\n<div class=\"wp-block-columns alignwide is-layout-flex wp-container-core-columns-is-layout-c45ee707 wp-block-columns-is-layout-flex\" style=\"margin-bottom:var(--wp--preset--spacing--side-padding);padding-top:var(--wp--preset--spacing--side-padding)\">\n<div class=\"wp-block-column is-vertically-aligned-center is-layout-flow wp-block-column-is-layout-flow\">\n<h3 class=\"wp-block-heading\" style=\"margin-bottom:var(--wp--preset--spacing--h-3-bottom)\"><strong><strong><strong><strong><strong><strong><strong><strong><strong>Construction durable et robuste<\/strong><\/strong><\/strong><\/strong><\/strong><\/strong><\/strong><\/strong><\/strong><\/h3>\n\n\n\n<p><strong><em>Fiabilit\u00e9 \u00e0 long terme<\/em><\/strong><\/p>\n\n\n\n<p style=\"margin-bottom:var(--wp--preset--spacing--tb-section-padding)\">Construit pour durer, le banc olympique inclin\u00e9 Evolve est dot\u00e9 d&rsquo;un cadre en acier tr\u00e8s r\u00e9sistant. Sa durabilit\u00e9 exceptionnelle peut r\u00e9sister aux rigueurs d&rsquo;une utilisation quotidienne intense, ce qui en fait un choix fiable pour les salles de sport commerciales et les espaces d&rsquo;entra\u00eenement \u00e0 domicile.<\/p>\n<\/div>\n\n\n\n<div class=\"wp-block-column is-vertically-aligned-center is-layout-flow wp-block-column-is-layout-flow\">\n<figure class=\"wp-block-video\"><video height=\"2160\" style=\"aspect-ratio: 3840 \/ 2160;\" width=\"3840\" autoplay=\"\" controls=\"\" loop=\"\" muted=\"\" src=\"https:\/\/evolve-fitness.eu\/wp-content\/uploads\/2023\/12\/4-4.mp4\"><\/video><\/figure>\n<\/div>\n<\/div>\n<\/section>\n","protected":false},"excerpt":{"rendered":"<p>Le banc olympique inclin\u00e9 Evolve Prime Series, PR-210, vous permet d&rsquo;atteindre de nouveaux sommets dans l&rsquo;entra\u00eenement du haut du corps. Con\u00e7u avec pr\u00e9cision pour \u00eatre solide et durable, ce banc est la pierre angulaire de toute salle de sport domestique s\u00e9rieuse. Le PR-210 est con\u00e7u pour cibler et d\u00e9velopper les muscles de la poitrine, des \u00e9paules et du haut du corps gr\u00e2ce \u00e0 des angles d&rsquo;inclinaison optimaux, offrant une plate-forme stable et confortable pour les exercices olympiques de d\u00e9velopp\u00e9 couch\u00e9 inclin\u00e9. Gr\u00e2ce \u00e0 sa construction robuste et \u00e0 ses caract\u00e9ristiques centr\u00e9es sur l&rsquo;utilisateur, ce banc garantit une exp\u00e9rience d&rsquo;entra\u00eenement s\u00fbre et efficace. Am\u00e9liorez votre programme de fitness \u00e0 domicile avec la s\u00e9rie Evolve Prime, en sculptant un haut du corps puissant et bien d\u00e9fini pour des r\u00e9sultats durables.<\/p>\n","protected":false},"featured_media":59195,"template":"","meta":{"_acf_changed":false,"inline_featured_image":false},"product_brand":[],"product_cat":[1414,1851],"product_tag":[1418,1895,5569,1872,1878,1866,1885,1863,1860,1903,1910,1855],"class_list":{"0":"post-59185","1":"product","2":"type-product","3":"status-publish","4":"has-post-thumbnail","6":"product_cat-bancs","7":"product_cat-prime-series-bancs","8":"product_tag-banc","9":"product_tag-banc-olympique","10":"product_tag-banc-olympique-incline","11":"product_tag-confort-fr","12":"product_tag-entrainement-musculaire","13":"product_tag-la-force","14":"product_tag-mousse-haute-densite","15":"product_tag-poussee-des-hanches","16":"product_tag-precision-fr","17":"product_tag-robuste","18":"product_tag-salle-de-sport-a-domicile","19":"product_tag-salle-de-sport-commerciale","21":"first","22":"instock","23":"shipping-taxable","24":"purchasable","25":"product-type-simple"},"acf":{"long_title":"Banc olympique inclin\u00e9 Evolve Prime Series (PR-210)","subtitle":"","specifications":[{"label":"SKU","text_value":"EV-BN-PR-210","icon":"x"},{"label":"Dimensions  ","text_value":"1770 x 1720 x 1540 mm","icon":"x"},{"label":"Poids","text_value":"115 kg","icon":"x"},{"label":"Charge maximale","text_value":"350 kg","icon":"x"},{"label":"Supports pour plaques d'halt\u00e8res","text_value":"8","icon":"x"},{"label":"Positions de si\u00e8ge r\u00e9glables","text_value":"8","icon":"x"},{"label":"Positions du rack d'halt\u00e8res","text_value":"2","icon":"x"},{"label":"Epaisseur du cadre","text_value":"3 mm","icon":"x"},{"label":"Epaisseur du rembourrage","text_value":"6 cm","icon":"x"},{"label":"Tapisserie d'ameublement","text_value":"Rembourrage \u00e0 double couture","icon":"x"},{"label":"Supports d'halt\u00e8res rev\u00eatus de plastique haute densit\u00e9 pour prot\u00e9ger la barre des dommages.","text_value":"Rembourrage \u00e0 double couture","icon":"v"},{"label":"Deux paires de supports d'halt\u00e8res positionn\u00e9s \u00e0 des hauteurs diff\u00e9rentes","text_value":"6 cm","icon":"v"},{"label":"Plate-forme mont\u00e9e \u00e0 l'arri\u00e8re permettant \u00e0 un observateur de s'approcher et de surveiller l'utilisateur effectuant le d\u00e9velopp\u00e9 couch\u00e9.","text_value":"","icon":"v"},{"label":"Cadre stable en acier avec finition par poudrage, recouvert d'un rev\u00eatement r\u00e9sistant \u00e0 l'usure et aux rayures.","text_value":"","icon":"v"},{"label":"Cadre m\u00e9tallique sans ar\u00eates vives","text_value":"Commercial","icon":"v"},{"label":"Peinture anticorrosion  ","text_value":"2 ans","icon":"v"},{"label":"Plate-forme de rep\u00e9rage","text_value":"","icon":"v"},{"label":"Protecteurs de sol durables","text_value":"","icon":"v"},{"label":"Objectif","text_value":"Commercial","icon":"x"},{"label":"Garantie","text_value":"2 ans","icon":"x"}]},"yoast_head":"<!-- This site is optimized with the Yoast SEO plugin v26.6 - https:\/\/yoast.com\/wordpress\/plugins\/seo\/ -->\n<title>Banc olympique inclin\u00e9 Evolve Prime Series (PR-210) - Evolve<\/title>\n<meta name=\"robots\" content=\"index, follow, max-snippet:-1, max-image-preview:large, max-video-preview:-1\" \/>\n<link rel=\"canonical\" href=\"https:\/\/evolve-fitness.eu\/fr\/produit\/banc-olympique-incline-evolve-prime-series\/\" \/>\n<meta property=\"og:locale\" content=\"fr_FR\" \/>\n<meta property=\"og:type\" content=\"article\" \/>\n<meta property=\"og:title\" content=\"Banc olympique inclin\u00e9 Evolve Prime Series (PR-210) - Evolve\" \/>\n<meta property=\"og:url\" content=\"https:\/\/evolve-fitness.eu\/fr\/produit\/banc-olympique-incline-evolve-prime-series\/\" \/>\n<meta property=\"og:site_name\" content=\"Evolve\" \/>\n<meta property=\"article:publisher\" content=\"https:\/\/www.facebook.com\/EvolveFitnessEurope\" \/>\n<meta property=\"article:modified_time\" content=\"2026-04-01T08:51:57+00:00\" \/>\n<meta property=\"og:image\" content=\"https:\/\/evolve-fitness.eu\/wp-content\/uploads\/2023\/12\/png-210.png\" \/>\n\t<meta property=\"og:image:width\" content=\"680\" \/>\n\t<meta property=\"og:image:height\" content=\"600\" \/>\n\t<meta property=\"og:image:type\" content=\"image\/png\" \/>\n<meta name=\"twitter:card\" content=\"summary_large_image\" \/>\n<script type=\"application\/ld+json\" class=\"yoast-schema-graph\">{\"@context\":\"https:\/\/schema.org\",\"@graph\":[{\"@type\":\"WebPage\",\"@id\":\"https:\/\/evolve-fitness.eu\/fr\/produit\/banc-olympique-incline-evolve-prime-series\/\",\"url\":\"https:\/\/evolve-fitness.eu\/fr\/produit\/banc-olympique-incline-evolve-prime-series\/\",\"name\":\"Banc olympique inclin\u00e9 Evolve Prime Series (PR-210) - Evolve\",\"isPartOf\":{\"@id\":\"https:\/\/evolve-fitness.eu\/fr\/#website\"},\"primaryImageOfPage\":{\"@id\":\"https:\/\/evolve-fitness.eu\/fr\/produit\/banc-olympique-incline-evolve-prime-series\/#primaryimage\"},\"image\":{\"@id\":\"https:\/\/evolve-fitness.eu\/fr\/produit\/banc-olympique-incline-evolve-prime-series\/#primaryimage\"},\"thumbnailUrl\":\"https:\/\/evolve-fitness.eu\/wp-content\/uploads\/2023\/12\/png-210.png\",\"datePublished\":\"2023-12-20T10:55:42+00:00\",\"dateModified\":\"2026-04-01T08:51:57+00:00\",\"breadcrumb\":{\"@id\":\"https:\/\/evolve-fitness.eu\/fr\/produit\/banc-olympique-incline-evolve-prime-series\/#breadcrumb\"},\"inLanguage\":\"fr-FR\",\"potentialAction\":[{\"@type\":\"ReadAction\",\"target\":[\"https:\/\/evolve-fitness.eu\/fr\/produit\/banc-olympique-incline-evolve-prime-series\/\"]}]},{\"@type\":\"ImageObject\",\"inLanguage\":\"fr-FR\",\"@id\":\"https:\/\/evolve-fitness.eu\/fr\/produit\/banc-olympique-incline-evolve-prime-series\/#primaryimage\",\"url\":\"https:\/\/evolve-fitness.eu\/wp-content\/uploads\/2023\/12\/png-210.png\",\"contentUrl\":\"https:\/\/evolve-fitness.eu\/wp-content\/uploads\/2023\/12\/png-210.png\",\"width\":680,\"height\":600,\"caption\":\"EV-BN-PR-210\"},{\"@type\":\"BreadcrumbList\",\"@id\":\"https:\/\/evolve-fitness.eu\/fr\/produit\/banc-olympique-incline-evolve-prime-series\/#breadcrumb\",\"itemListElement\":[{\"@type\":\"ListItem\",\"position\":1,\"name\":\"Home\",\"item\":\"https:\/\/evolve-fitness.eu\/fr\/\"},{\"@type\":\"ListItem\",\"position\":2,\"name\":\"Produits\",\"item\":\"https:\/\/evolve-fitness.eu\/fr\/shop\/\"},{\"@type\":\"ListItem\",\"position\":3,\"name\":\"Banc olympique inclin\u00e9 Evolve Prime Series (PR-210)\"}]},{\"@type\":\"WebSite\",\"@id\":\"https:\/\/evolve-fitness.eu\/fr\/#website\",\"url\":\"https:\/\/evolve-fitness.eu\/fr\/\",\"name\":\"Evolve\",\"description\":\"Your Evolved Gear Arrived\",\"publisher\":{\"@id\":\"https:\/\/evolve-fitness.eu\/fr\/#organization\"},\"potentialAction\":[{\"@type\":\"SearchAction\",\"target\":{\"@type\":\"EntryPoint\",\"urlTemplate\":\"https:\/\/evolve-fitness.eu\/fr\/?s={search_term_string}\"},\"query-input\":{\"@type\":\"PropertyValueSpecification\",\"valueRequired\":true,\"valueName\":\"search_term_string\"}}],\"inLanguage\":\"fr-FR\"},{\"@type\":\"Organization\",\"@id\":\"https:\/\/evolve-fitness.eu\/fr\/#organization\",\"name\":\"Evolve\",\"url\":\"https:\/\/evolve-fitness.eu\/fr\/\",\"logo\":{\"@type\":\"ImageObject\",\"inLanguage\":\"fr-FR\",\"@id\":\"https:\/\/evolve-fitness.eu\/fr\/#\/schema\/logo\/image\/\",\"url\":\"https:\/\/evolve-fitness.eu\/wp-content\/uploads\/2023\/05\/Evolve-logo.svg\",\"contentUrl\":\"https:\/\/evolve-fitness.eu\/wp-content\/uploads\/2023\/05\/Evolve-logo.svg\",\"width\":176,\"height\":20,\"caption\":\"Evolve\"},\"image\":{\"@id\":\"https:\/\/evolve-fitness.eu\/fr\/#\/schema\/logo\/image\/\"},\"sameAs\":[\"https:\/\/www.facebook.com\/EvolveFitnessEurope\"]}]}<\/script>\n<!-- \/ Yoast SEO plugin. -->","yoast_head_json":{"title":"Banc olympique inclin\u00e9 Evolve Prime Series (PR-210) - Evolve","robots":{"index":"index","follow":"follow","max-snippet":"max-snippet:-1","max-image-preview":"max-image-preview:large","max-video-preview":"max-video-preview:-1"},"canonical":"https:\/\/evolve-fitness.eu\/fr\/produit\/banc-olympique-incline-evolve-prime-series\/","og_locale":"fr_FR","og_type":"article","og_title":"Banc olympique inclin\u00e9 Evolve Prime Series (PR-210) - Evolve","og_url":"https:\/\/evolve-fitness.eu\/fr\/produit\/banc-olympique-incline-evolve-prime-series\/","og_site_name":"Evolve","article_publisher":"https:\/\/www.facebook.com\/EvolveFitnessEurope","article_modified_time":"2026-04-01T08:51:57+00:00","og_image":[{"width":680,"height":600,"url":"https:\/\/evolve-fitness.eu\/wp-content\/uploads\/2023\/12\/png-210.png","type":"image\/png"}],"twitter_card":"summary_large_image","schema":{"@context":"https:\/\/schema.org","@graph":[{"@type":"WebPage","@id":"https:\/\/evolve-fitness.eu\/fr\/produit\/banc-olympique-incline-evolve-prime-series\/","url":"https:\/\/evolve-fitness.eu\/fr\/produit\/banc-olympique-incline-evolve-prime-series\/","name":"Banc olympique inclin\u00e9 Evolve Prime Series (PR-210) - Evolve","isPartOf":{"@id":"https:\/\/evolve-fitness.eu\/fr\/#website"},"primaryImageOfPage":{"@id":"https:\/\/evolve-fitness.eu\/fr\/produit\/banc-olympique-incline-evolve-prime-series\/#primaryimage"},"image":{"@id":"https:\/\/evolve-fitness.eu\/fr\/produit\/banc-olympique-incline-evolve-prime-series\/#primaryimage"},"thumbnailUrl":"https:\/\/evolve-fitness.eu\/wp-content\/uploads\/2023\/12\/png-210.png","datePublished":"2023-12-20T10:55:42+00:00","dateModified":"2026-04-01T08:51:57+00:00","breadcrumb":{"@id":"https:\/\/evolve-fitness.eu\/fr\/produit\/banc-olympique-incline-evolve-prime-series\/#breadcrumb"},"inLanguage":"fr-FR","potentialAction":[{"@type":"ReadAction","target":["https:\/\/evolve-fitness.eu\/fr\/produit\/banc-olympique-incline-evolve-prime-series\/"]}]},{"@type":"ImageObject","inLanguage":"fr-FR","@id":"https:\/\/evolve-fitness.eu\/fr\/produit\/banc-olympique-incline-evolve-prime-series\/#primaryimage","url":"https:\/\/evolve-fitness.eu\/wp-content\/uploads\/2023\/12\/png-210.png","contentUrl":"https:\/\/evolve-fitness.eu\/wp-content\/uploads\/2023\/12\/png-210.png","width":680,"height":600,"caption":"EV-BN-PR-210"},{"@type":"BreadcrumbList","@id":"https:\/\/evolve-fitness.eu\/fr\/produit\/banc-olympique-incline-evolve-prime-series\/#breadcrumb","itemListElement":[{"@type":"ListItem","position":1,"name":"Home","item":"https:\/\/evolve-fitness.eu\/fr\/"},{"@type":"ListItem","position":2,"name":"Produits","item":"https:\/\/evolve-fitness.eu\/fr\/shop\/"},{"@type":"ListItem","position":3,"name":"Banc olympique inclin\u00e9 Evolve Prime Series (PR-210)"}]},{"@type":"WebSite","@id":"https:\/\/evolve-fitness.eu\/fr\/#website","url":"https:\/\/evolve-fitness.eu\/fr\/","name":"Evolve","description":"Your Evolved Gear Arrived","publisher":{"@id":"https:\/\/evolve-fitness.eu\/fr\/#organization"},"potentialAction":[{"@type":"SearchAction","target":{"@type":"EntryPoint","urlTemplate":"https:\/\/evolve-fitness.eu\/fr\/?s={search_term_string}"},"query-input":{"@type":"PropertyValueSpecification","valueRequired":true,"valueName":"search_term_string"}}],"inLanguage":"fr-FR"},{"@type":"Organization","@id":"https:\/\/evolve-fitness.eu\/fr\/#organization","name":"Evolve","url":"https:\/\/evolve-fitness.eu\/fr\/","logo":{"@type":"ImageObject","inLanguage":"fr-FR","@id":"https:\/\/evolve-fitness.eu\/fr\/#\/schema\/logo\/image\/","url":"https:\/\/evolve-fitness.eu\/wp-content\/uploads\/2023\/05\/Evolve-logo.svg","contentUrl":"https:\/\/evolve-fitness.eu\/wp-content\/uploads\/2023\/05\/Evolve-logo.svg","width":176,"height":20,"caption":"Evolve"},"image":{"@id":"https:\/\/evolve-fitness.eu\/fr\/#\/schema\/logo\/image\/"},"sameAs":["https:\/\/www.facebook.com\/EvolveFitnessEurope"]}]}},"_links":{"self":[{"href":"https:\/\/evolve-fitness.eu\/fr\/wp-json\/wp\/v2\/product\/59185","targetHints":{"allow":["GET"]}}],"collection":[{"href":"https:\/\/evolve-fitness.eu\/fr\/wp-json\/wp\/v2\/product"}],"about":[{"href":"https:\/\/evolve-fitness.eu\/fr\/wp-json\/wp\/v2\/types\/product"}],"wp:featuredmedia":[{"embeddable":true,"href":"https:\/\/evolve-fitness.eu\/fr\/wp-json\/wp\/v2\/media\/59195"}],"wp:attachment":[{"href":"https:\/\/evolve-fitness.eu\/fr\/wp-json\/wp\/v2\/media?parent=59185"}],"wp:term":[{"taxonomy":"product_brand","embeddable":true,"href":"https:\/\/evolve-fitness.eu\/fr\/wp-json\/wp\/v2\/product_brand?post=59185"},{"taxonomy":"product_cat","embeddable":true,"href":"https:\/\/evolve-fitness.eu\/fr\/wp-json\/wp\/v2\/product_cat?post=59185"},{"taxonomy":"product_tag","embeddable":true,"href":"https:\/\/evolve-fitness.eu\/fr\/wp-json\/wp\/v2\/product_tag?post=59185"}],"curies":[{"name":"wp","href":"https:\/\/api.w.org\/{rel}","templated":true}]}}