{"id":61688,"date":"2023-12-29T11:54:40","date_gmt":"2023-12-29T11:54:40","guid":{"rendered":"https:\/\/evolve-fitness.eu\/product\/evolve-ultra-series-series-selectorized-4-stack-multigym-avec-2-cables-reglables\/"},"modified":"2026-03-26T12:24:32","modified_gmt":"2026-03-26T10:24:32","slug":"evolve-ultra-series-series-selectorized-4-stack-multigym-avec-2-cables-reglables","status":"publish","type":"product","link":"https:\/\/evolve-fitness.eu\/fr\/produit\/evolve-ultra-series-series-selectorized-4-stack-multigym-avec-2-cables-reglables\/","title":{"rendered":"Evolve Ultra Series Series Selectorized 4 Stack Multigym avec 2 c\u00e2bles r\u00e9glables"},"content":{"rendered":"\n<section class=\"wp-block-group alignfull black-content has-white-color has-darkgray-background-color has-text-color has-background is-layout-constrained wp-block-group-is-layout-constrained\" style=\"padding-top:var(--wp--preset--spacing--section-bottom);padding-bottom:var(--wp--preset--spacing--section-bottom)\">\n<div class=\"wp-block-columns alignwide mobile-reverse is-layout-flex wp-container-core-columns-is-layout-ca64bf2d wp-block-columns-is-layout-flex\" style=\"margin-bottom:var(--wp--preset--spacing--side-padding)\">\n<div class=\"wp-block-column is-vertically-aligned-center is-layout-flow wp-block-column-is-layout-flow\">\n<h3 class=\"wp-block-heading\" style=\"margin-bottom:var(--wp--preset--spacing--h-3-bottom)\">S\u00e9rie Evolve Ultra<\/h3>\n\n\n\n<p style=\"margin-bottom:var(--wp--preset--spacing--tb-section-padding)\">Bienvenue dans la s\u00e9rie Evolve Ultra, o\u00f9 nous red\u00e9finissons l&rsquo;excellence. Con\u00e7ue pour les propri\u00e9taires de salles de sport, les propri\u00e9taires potentiels de salles de sport et les centres de remise en forme de toutes tailles, notre s\u00e9rie Ultra propose une gamme d&rsquo;appareils s\u00e9lectifs \u00e9conomiques qui privil\u00e9gient la qualit\u00e9 et les performances. Examinons les caract\u00e9ristiques uniques qui font de la s\u00e9rie Ultra un choix exceptionnel pour ceux qui recherchent un \u00e9quipement de fitness \u00e9conomique mais de haute qualit\u00e9.<\/p>\n<\/div>\n\n\n\n<div class=\"wp-block-column is-vertically-aligned-center is-layout-flow wp-block-column-is-layout-flow\">\n<figure class=\"wp-block-video\"><video height=\"2160\" style=\"aspect-ratio: 3840 \/ 2160;\" width=\"3840\" autoplay=\"\" controls=\"\" loop=\"\" muted=\"\" src=\"https:\/\/evolve-fitness.eu\/wp-content\/uploads\/2023\/12\/ev-sc-ul-1200-2.mp4\"><\/video><\/figure>\n<\/div>\n<\/div>\n\n\n\n<div class=\"wp-block-columns alignwide is-layout-flex wp-container-core-columns-is-layout-c45ee707 wp-block-columns-is-layout-flex\" style=\"margin-bottom:var(--wp--preset--spacing--side-padding);padding-top:var(--wp--preset--spacing--side-padding)\">\n<div class=\"wp-block-column is-vertically-aligned-center is-layout-flow wp-block-column-is-layout-flow\">\n<figure class=\"wp-block-video\"><video height=\"600\" style=\"aspect-ratio: 680 \/ 600;\" width=\"680\" autoplay=\"\" controls=\"\" loop=\"\" muted=\"\" src=\"https:\/\/store.evolve-fitness.eu\/wp-content\/uploads\/2024\/01\/EFBWN5Z.mp4\"><\/video><\/figure>\n<\/div>\n\n\n\n<div class=\"wp-block-column is-vertically-aligned-center is-layout-flow wp-block-column-is-layout-flow\">\n<h3 class=\"wp-block-heading\">PR\u00c9SERVER VOTRE ESPACE<\/h3>\n\n\n\n<p><strong><em><strong><em>Coussinets en caoutchouc pour la protection des sols<\/em><\/strong><\/em><\/strong><\/p>\n\n\n\n<p>Maintenez un environnement d&rsquo;entra\u00eenement propre et sans d\u00e9g\u00e2ts gr\u00e2ce aux tampons en caoutchouc. Les propri\u00e9taires de salles de sport sont conscients de l&rsquo;importance de pr\u00e9server leurs sols. Nos pieds rev\u00eatus de caoutchouc prot\u00e8gent votre rev\u00eatement de sol contre les rayures et les dommages potentiels, ce qui fait de la s\u00e9rie Ultra le choix des propri\u00e9taires de salles de sport qui souhaitent prot\u00e9ger leur espace.<\/p>\n<\/div>\n<\/div>\n\n\n\n<div class=\"wp-block-columns alignwide mobile-reverse is-layout-flex wp-container-core-columns-is-layout-ca64bf2d wp-block-columns-is-layout-flex\" style=\"margin-bottom:var(--wp--preset--spacing--side-padding)\">\n<div class=\"wp-block-column is-vertically-aligned-center is-layout-flow wp-block-column-is-layout-flow\">\n<h3 class=\"wp-block-heading\" style=\"margin-bottom:var(--wp--preset--spacing--h-3-bottom)\">La s\u00e9curit\u00e9 au service du style<\/h3>\n\n\n\n<p><strong><em>Housse d&#8217;empilement de poids enti\u00e8rement recouverte<\/em><\/strong><\/p>\n\n\n\n<p>Pour les propri\u00e9taires de salles de sport et les entrepreneurs de fitness, la s\u00e9curit\u00e9 et l&rsquo;esth\u00e9tique sont primordiales. La s\u00e9rie Evolve Ultra est dot\u00e9e d&rsquo;un car\u00e9nage de pile de poids enti\u00e8rement recouvert, combinant parfaitement la s\u00e9curit\u00e9 et le style. En am\u00e9liorant la s\u00e9curit\u00e9 et en pr\u00e9venant les accidents tout en gardant votre espace de gym propre, cette housse est un ajout essentiel \u00e0 tout centre de remise en forme. Am\u00e9liorez l&rsquo;attrait visuel de votre salle de sport tout en donnant la priorit\u00e9 \u00e0 la s\u00e9curit\u00e9 de vos clients lors de chaque s\u00e9ance d&rsquo;entra\u00eenement.<\/p>\n<\/div>\n\n\n\n<div class=\"wp-block-column is-vertically-aligned-center is-layout-flow wp-block-column-is-layout-flow\">\n<figure class=\"wp-block-image size-large\"><img loading=\"lazy\" decoding=\"async\" width=\"683\" height=\"1024\" src=\"https:\/\/evolve-fitness.eu\/wp-content\/uploads\/2023\/12\/EV-SC-UL-1200-2-683x1024.jpg\" alt=\"\" class=\"wp-image-166054\" srcset=\"https:\/\/evolve-fitness.eu\/wp-content\/uploads\/2023\/12\/EV-SC-UL-1200-2-683x1024.jpg 683w, https:\/\/evolve-fitness.eu\/wp-content\/uploads\/2023\/12\/EV-SC-UL-1200-2-200x300.jpg 200w, https:\/\/evolve-fitness.eu\/wp-content\/uploads\/2023\/12\/EV-SC-UL-1200-2-100x150.jpg 100w, https:\/\/evolve-fitness.eu\/wp-content\/uploads\/2023\/12\/EV-SC-UL-1200-2-768x1152.jpg 768w, https:\/\/evolve-fitness.eu\/wp-content\/uploads\/2023\/12\/EV-SC-UL-1200-2-1024x1536.jpg 1024w, https:\/\/evolve-fitness.eu\/wp-content\/uploads\/2023\/12\/EV-SC-UL-1200-2-1365x2048.jpg 1365w, https:\/\/evolve-fitness.eu\/wp-content\/uploads\/2023\/12\/EV-SC-UL-1200-2-300x450.jpg 300w, https:\/\/evolve-fitness.eu\/wp-content\/uploads\/2023\/12\/EV-SC-UL-1200-2-600x900.jpg 600w, https:\/\/evolve-fitness.eu\/wp-content\/uploads\/2023\/12\/EV-SC-UL-1200-2.jpg 1373w\" sizes=\"auto, (max-width: 683px) 100vw, 683px\" \/><\/figure>\n<\/div>\n<\/div>\n\n\n\n<div class=\"wp-block-columns alignwide is-layout-flex wp-container-core-columns-is-layout-c45ee707 wp-block-columns-is-layout-flex\" style=\"margin-bottom:var(--wp--preset--spacing--side-padding);padding-top:var(--wp--preset--spacing--side-padding)\">\n<div class=\"wp-block-column is-vertically-aligned-center is-layout-flow wp-block-column-is-layout-flow\">\n<figure class=\"wp-block-image size-large\"><img loading=\"lazy\" decoding=\"async\" width=\"683\" height=\"1024\" src=\"https:\/\/evolve-fitness.eu\/wp-content\/uploads\/2023\/12\/EV-SC-UL-1200-5-683x1024.jpg\" alt=\"\" class=\"wp-image-166105\" srcset=\"https:\/\/evolve-fitness.eu\/wp-content\/uploads\/2023\/12\/EV-SC-UL-1200-5-683x1024.jpg 683w, https:\/\/evolve-fitness.eu\/wp-content\/uploads\/2023\/12\/EV-SC-UL-1200-5-200x300.jpg 200w, https:\/\/evolve-fitness.eu\/wp-content\/uploads\/2023\/12\/EV-SC-UL-1200-5-100x150.jpg 100w, https:\/\/evolve-fitness.eu\/wp-content\/uploads\/2023\/12\/EV-SC-UL-1200-5-768x1152.jpg 768w, https:\/\/evolve-fitness.eu\/wp-content\/uploads\/2023\/12\/EV-SC-UL-1200-5-1024x1536.jpg 1024w, https:\/\/evolve-fitness.eu\/wp-content\/uploads\/2023\/12\/EV-SC-UL-1200-5-1365x2048.jpg 1365w, https:\/\/evolve-fitness.eu\/wp-content\/uploads\/2023\/12\/EV-SC-UL-1200-5-300x450.jpg 300w, https:\/\/evolve-fitness.eu\/wp-content\/uploads\/2023\/12\/EV-SC-UL-1200-5-600x900.jpg 600w, https:\/\/evolve-fitness.eu\/wp-content\/uploads\/2023\/12\/EV-SC-UL-1200-5.jpg 1373w\" sizes=\"auto, (max-width: 683px) 100vw, 683px\" \/><\/figure>\n<\/div>\n\n\n\n<div class=\"wp-block-column is-vertically-aligned-center is-layout-flow wp-block-column-is-layout-flow\">\n<h3 class=\"wp-block-heading\" style=\"margin-bottom:var(--wp--preset--spacing--h-3-bottom)\">La s\u00e9curit\u00e9 au service du style<\/h3>\n\n\n\n<p><strong><em>Housse d&#8217;empilement de poids enti\u00e8rement recouverte<\/em><\/strong><\/p>\n\n\n\n<p>Pour les propri\u00e9taires de salles de sport et les entrepreneurs de fitness, la s\u00e9curit\u00e9 et l&rsquo;esth\u00e9tique sont primordiales. La s\u00e9rie Evolve Ultra est dot\u00e9e d&rsquo;un car\u00e9nage de pile de poids enti\u00e8rement recouvert, combinant parfaitement la s\u00e9curit\u00e9 et le style. En am\u00e9liorant la s\u00e9curit\u00e9 et en pr\u00e9venant les accidents tout en gardant votre espace de gym propre, cette housse est un ajout essentiel \u00e0 tout centre de remise en forme. Am\u00e9liorez l&rsquo;attrait visuel de votre salle de sport tout en donnant la priorit\u00e9 \u00e0 la s\u00e9curit\u00e9 de vos clients lors de chaque s\u00e9ance d&rsquo;entra\u00eenement.<\/p>\n<\/div>\n<\/div>\n\n\n\n<div class=\"wp-block-columns alignwide are-vertically-aligned-center mobile-reverse is-layout-flex wp-container-core-columns-is-layout-e8158c2f wp-block-columns-is-layout-flex\" style=\"padding-top:var(--wp--preset--spacing--side-padding)\">\n<div class=\"wp-block-column is-vertically-aligned-center is-layout-flow wp-block-column-is-layout-flow\">\n<h3 class=\"wp-block-heading\" style=\"margin-bottom:var(--wp--preset--spacing--h-3-bottom)\"><strong>Des poign\u00e9es optimales<\/strong><\/h3>\n\n\n\n<p><strong><em><strong><em>Am\u00e9liorer l&rsquo;exp\u00e9rience de la remise en forme<\/em><\/strong><\/em><\/strong><\/p>\n\n\n\n<p style=\"margin-bottom:var(--wp--preset--spacing--tb-section-padding)\">Attirer et fid\u00e9liser les clients est essentiel pour les propri\u00e9taires de salles de sport et les g\u00e9rants d&rsquo;\u00e9tablissements de remise en forme. La s\u00e9rie Evolve Ultra offre des poign\u00e9es optimales, m\u00e9ticuleusement con\u00e7ues pour le confort et la s\u00e9curit\u00e9. Am\u00e9liorez l&rsquo;exp\u00e9rience d&rsquo;entra\u00eenement de vos clients, en les gardant engag\u00e9s et motiv\u00e9s pour atteindre leurs objectifs de remise en forme dans votre \u00e9tablissement.<\/p>\n<\/div>\n\n\n\n<div class=\"wp-block-column is-vertically-aligned-center is-layout-flow wp-block-column-is-layout-flow\">\n<figure class=\"wp-block-image size-large\"><img loading=\"lazy\" decoding=\"async\" width=\"1024\" height=\"683\" src=\"https:\/\/evolve-fitness.eu\/wp-content\/uploads\/2023\/12\/EV-SC-UL-1200-4-1024x683.jpg\" alt=\"\" class=\"wp-image-166080\" srcset=\"https:\/\/evolve-fitness.eu\/wp-content\/uploads\/2023\/12\/EV-SC-UL-1200-4-1024x683.jpg 1024w, https:\/\/evolve-fitness.eu\/wp-content\/uploads\/2023\/12\/EV-SC-UL-1200-4-300x200.jpg 300w, https:\/\/evolve-fitness.eu\/wp-content\/uploads\/2023\/12\/EV-SC-UL-1200-4-150x100.jpg 150w, https:\/\/evolve-fitness.eu\/wp-content\/uploads\/2023\/12\/EV-SC-UL-1200-4-768x512.jpg 768w, https:\/\/evolve-fitness.eu\/wp-content\/uploads\/2023\/12\/EV-SC-UL-1200-4-1536x1024.jpg 1536w, https:\/\/evolve-fitness.eu\/wp-content\/uploads\/2023\/12\/EV-SC-UL-1200-4-2048x1365.jpg 2048w, https:\/\/evolve-fitness.eu\/wp-content\/uploads\/2023\/12\/EV-SC-UL-1200-4-600x400.jpg 600w, https:\/\/evolve-fitness.eu\/wp-content\/uploads\/2023\/12\/EV-SC-UL-1200-4-225x150.jpg 225w\" sizes=\"auto, (max-width: 1024px) 100vw, 1024px\" \/><\/figure>\n<\/div>\n<\/div>\n\n\n\n<div class=\"wp-block-columns alignwide are-vertically-aligned-center mobile-reverse is-layout-flex wp-container-core-columns-is-layout-e8158c2f wp-block-columns-is-layout-flex\" style=\"padding-top:var(--wp--preset--spacing--side-padding)\">\n<div class=\"wp-block-column is-vertically-aligned-center is-layout-flow wp-block-column-is-layout-flow\">\n<figure class=\"wp-block-image size-large\"><img loading=\"lazy\" decoding=\"async\" width=\"1024\" height=\"683\" src=\"https:\/\/evolve-fitness.eu\/wp-content\/uploads\/2023\/12\/EV-SC-UL-1200-7-1024x683.jpg\" alt=\"\" class=\"wp-image-166130\" srcset=\"https:\/\/evolve-fitness.eu\/wp-content\/uploads\/2023\/12\/EV-SC-UL-1200-7-1024x683.jpg 1024w, https:\/\/evolve-fitness.eu\/wp-content\/uploads\/2023\/12\/EV-SC-UL-1200-7-300x200.jpg 300w, https:\/\/evolve-fitness.eu\/wp-content\/uploads\/2023\/12\/EV-SC-UL-1200-7-150x100.jpg 150w, https:\/\/evolve-fitness.eu\/wp-content\/uploads\/2023\/12\/EV-SC-UL-1200-7-768x512.jpg 768w, https:\/\/evolve-fitness.eu\/wp-content\/uploads\/2023\/12\/EV-SC-UL-1200-7-1536x1024.jpg 1536w, https:\/\/evolve-fitness.eu\/wp-content\/uploads\/2023\/12\/EV-SC-UL-1200-7-2048x1365.jpg 2048w, https:\/\/evolve-fitness.eu\/wp-content\/uploads\/2023\/12\/EV-SC-UL-1200-7-600x400.jpg 600w, https:\/\/evolve-fitness.eu\/wp-content\/uploads\/2023\/12\/EV-SC-UL-1200-7-225x150.jpg 225w\" sizes=\"auto, (max-width: 1024px) 100vw, 1024px\" \/><\/figure>\n<\/div>\n\n\n\n<div class=\"wp-block-column is-vertically-aligned-center is-layout-flow wp-block-column-is-layout-flow\">\n<h3 class=\"wp-block-heading\" style=\"margin-bottom:var(--wp--preset--spacing--h-3-bottom)\"><strong>DOUBLE REV\u00caTEMENT PAR POUDRE<\/strong><\/h3>\n\n\n\n<p><strong><em><strong><em>Rev\u00eatement par poudre \u00e9lectrostatique<\/em><\/strong><\/em><\/strong><\/p>\n\n\n\n<p style=\"margin-bottom:var(--wp--preset--spacing--tb-section-padding)\">Les machines de musculation de la s\u00e9rie Evolve Ultra, dot\u00e9es d&rsquo;un cadre noir perle mat \u00e0 rev\u00eatement \u00e9lectrostatique par poudre, allient forme et fonction. Son attrait esth\u00e9tique est renforc\u00e9 par sa finition noire mate, tandis que ses caract\u00e9ristiques pratiques, notamment sa r\u00e9sistance au frottement, ses propri\u00e9t\u00e9s anticorrosion et sa r\u00e9sistance aux rayures, en font un compagnon de fitness fiable et durable.<\/p>\n<\/div>\n<\/div>\n<\/section>\n","protected":false},"excerpt":{"rendered":"<p>D\u00e9couvrez l&rsquo;Evolve Ultra Series Selectorized 4 Stack Multigym, un choix de premier ordre pour les propri\u00e9taires de salles de sport et les amateurs de fitness. Ce multigym combine la s\u00e9curit\u00e9 et le style, avec un car\u00e9nage de la pile de poids enti\u00e8rement couvert et un cadre \u00e9l\u00e9gant et durable rev\u00eatu de poudre \u00e9lectrostatique noire mate. Ses patins en caoutchouc prot\u00e8gent le sol de votre salle de sport, tandis que les poign\u00e9es optimales garantissent une exp\u00e9rience d&rsquo;entra\u00eenement confortable et s\u00fbre. D&rsquo;un poids de 770 kg et b\u00e9n\u00e9ficiant d&rsquo;une garantie de 2 ans, il comprend une protection contre la corrosion, des panneaux d&rsquo;instructions et des protections de sol. Am\u00e9liorez votre salle de sport avec cette solution de fitness de haute qualit\u00e9 et \u00e9conomique.<\/p>\n","protected":false},"featured_media":142317,"template":"","meta":{"_acf_changed":false,"inline_featured_image":false},"product_brand":[],"product_cat":[2681,3841],"product_tag":[],"class_list":{"0":"post-61688","1":"product","2":"type-product","3":"status-publish","4":"has-post-thumbnail","6":"product_cat-machines-selectionnees","7":"product_cat-machines-selectorized-ultra-series","9":"first","10":"instock","11":"virtual","12":"purchasable","13":"product-type-simple"},"acf":{"long_title":"Evolve Ultra Series Series Selectorized 4 Stack Multigym avec 2 c\u00e2bles r\u00e9glables","subtitle":"","specifications":[{"label":"SKU","text_value":"EV-SC-UL-450","icon":"x"},{"label":"Taille","text_value":"3528 x 2252 x 2395 mm","icon":"x"},{"label":"Poids","text_value":"770 kg","icon":"x"},{"label":"Pile de poids","text_value":"4 x 105 kg  ","icon":"x"},{"label":"Poids maximal de l'utilisateur","text_value":"180 kg","icon":"x"},{"label":"Epaisseur du cadre","text_value":"3 mm","icon":"x"},{"label":"Goupille magn\u00e9tique d'empilage de poids","text_value":"","icon":"v"},{"label":"Placard avec instructions de formation","text_value":"","icon":"v"},{"label":"Pile de poids envelopp\u00e9e","text_value":"2 ans","icon":"v"},{"label":"Protecteurs de sol durables","text_value":"","icon":"v"},{"label":"Peinture anticorrosion","text_value":"","icon":"v"},{"label":"Rev\u00eatement \u00e9pais en cuir PU","text_value":"2 ans","icon":"v"},{"label":"C\u00e2ble en nylon","text_value":"","icon":"v"},{"label":"Poign\u00e9es antid\u00e9rapantes","text_value":"","icon":"v"},{"label":"Garantie  ","text_value":"2 ans","icon":"x"}]},"yoast_head":"<!-- This site is optimized with the Yoast SEO plugin v26.6 - https:\/\/yoast.com\/wordpress\/plugins\/seo\/ -->\n<title>Evolve Ultra Series Series Selectorized 4 Stack Multigym avec 2 c\u00e2bles r\u00e9glables - Evolve<\/title>\n<meta name=\"robots\" content=\"index, follow, max-snippet:-1, max-image-preview:large, max-video-preview:-1\" \/>\n<link rel=\"canonical\" href=\"https:\/\/evolve-fitness.eu\/fr\/produit\/evolve-ultra-series-series-selectorized-4-stack-multigym-avec-2-cables-reglables\/\" \/>\n<meta property=\"og:locale\" content=\"fr_FR\" \/>\n<meta property=\"og:type\" content=\"article\" \/>\n<meta property=\"og:title\" content=\"Evolve Ultra Series Series Selectorized 4 Stack Multigym avec 2 c\u00e2bles r\u00e9glables - Evolve\" \/>\n<meta property=\"og:url\" content=\"https:\/\/evolve-fitness.eu\/fr\/produit\/evolve-ultra-series-series-selectorized-4-stack-multigym-avec-2-cables-reglables\/\" \/>\n<meta property=\"og:site_name\" content=\"Evolve\" \/>\n<meta property=\"article:publisher\" content=\"https:\/\/www.facebook.com\/EvolveFitnessEurope\" \/>\n<meta property=\"article:modified_time\" content=\"2026-03-26T10:24:32+00:00\" \/>\n<meta property=\"og:image\" content=\"https:\/\/evolve-fitness.eu\/wp-content\/uploads\/2023\/12\/EV-SC-UL-450PATAISYTAS.jpg\" \/>\n\t<meta property=\"og:image:width\" content=\"629\" \/>\n\t<meta property=\"og:image:height\" content=\"720\" \/>\n\t<meta property=\"og:image:type\" content=\"image\/jpeg\" \/>\n<meta name=\"twitter:card\" content=\"summary_large_image\" \/>\n<script type=\"application\/ld+json\" class=\"yoast-schema-graph\">{\"@context\":\"https:\/\/schema.org\",\"@graph\":[{\"@type\":\"WebPage\",\"@id\":\"https:\/\/evolve-fitness.eu\/fr\/produit\/evolve-ultra-series-series-selectorized-4-stack-multigym-avec-2-cables-reglables\/\",\"url\":\"https:\/\/evolve-fitness.eu\/fr\/produit\/evolve-ultra-series-series-selectorized-4-stack-multigym-avec-2-cables-reglables\/\",\"name\":\"Evolve Ultra Series Series Selectorized 4 Stack Multigym avec 2 c\u00e2bles r\u00e9glables - Evolve\",\"isPartOf\":{\"@id\":\"https:\/\/evolve-fitness.eu\/fr\/#website\"},\"primaryImageOfPage\":{\"@id\":\"https:\/\/evolve-fitness.eu\/fr\/produit\/evolve-ultra-series-series-selectorized-4-stack-multigym-avec-2-cables-reglables\/#primaryimage\"},\"image\":{\"@id\":\"https:\/\/evolve-fitness.eu\/fr\/produit\/evolve-ultra-series-series-selectorized-4-stack-multigym-avec-2-cables-reglables\/#primaryimage\"},\"thumbnailUrl\":\"https:\/\/evolve-fitness.eu\/wp-content\/uploads\/2023\/12\/EV-SC-UL-450PATAISYTAS.jpg\",\"datePublished\":\"2023-12-29T11:54:40+00:00\",\"dateModified\":\"2026-03-26T10:24:32+00:00\",\"breadcrumb\":{\"@id\":\"https:\/\/evolve-fitness.eu\/fr\/produit\/evolve-ultra-series-series-selectorized-4-stack-multigym-avec-2-cables-reglables\/#breadcrumb\"},\"inLanguage\":\"fr-FR\",\"potentialAction\":[{\"@type\":\"ReadAction\",\"target\":[\"https:\/\/evolve-fitness.eu\/fr\/produit\/evolve-ultra-series-series-selectorized-4-stack-multigym-avec-2-cables-reglables\/\"]}]},{\"@type\":\"ImageObject\",\"inLanguage\":\"fr-FR\",\"@id\":\"https:\/\/evolve-fitness.eu\/fr\/produit\/evolve-ultra-series-series-selectorized-4-stack-multigym-avec-2-cables-reglables\/#primaryimage\",\"url\":\"https:\/\/evolve-fitness.eu\/wp-content\/uploads\/2023\/12\/EV-SC-UL-450PATAISYTAS.jpg\",\"contentUrl\":\"https:\/\/evolve-fitness.eu\/wp-content\/uploads\/2023\/12\/EV-SC-UL-450PATAISYTAS.jpg\",\"width\":629,\"height\":720},{\"@type\":\"BreadcrumbList\",\"@id\":\"https:\/\/evolve-fitness.eu\/fr\/produit\/evolve-ultra-series-series-selectorized-4-stack-multigym-avec-2-cables-reglables\/#breadcrumb\",\"itemListElement\":[{\"@type\":\"ListItem\",\"position\":1,\"name\":\"Home\",\"item\":\"https:\/\/evolve-fitness.eu\/fr\/\"},{\"@type\":\"ListItem\",\"position\":2,\"name\":\"Produits\",\"item\":\"https:\/\/evolve-fitness.eu\/fr\/shop\/\"},{\"@type\":\"ListItem\",\"position\":3,\"name\":\"Evolve Ultra Series Series Selectorized 4 Stack Multigym avec 2 c\u00e2bles r\u00e9glables\"}]},{\"@type\":\"WebSite\",\"@id\":\"https:\/\/evolve-fitness.eu\/fr\/#website\",\"url\":\"https:\/\/evolve-fitness.eu\/fr\/\",\"name\":\"Evolve\",\"description\":\"Your Evolved Gear Arrived\",\"publisher\":{\"@id\":\"https:\/\/evolve-fitness.eu\/fr\/#organization\"},\"potentialAction\":[{\"@type\":\"SearchAction\",\"target\":{\"@type\":\"EntryPoint\",\"urlTemplate\":\"https:\/\/evolve-fitness.eu\/fr\/?s={search_term_string}\"},\"query-input\":{\"@type\":\"PropertyValueSpecification\",\"valueRequired\":true,\"valueName\":\"search_term_string\"}}],\"inLanguage\":\"fr-FR\"},{\"@type\":\"Organization\",\"@id\":\"https:\/\/evolve-fitness.eu\/fr\/#organization\",\"name\":\"Evolve\",\"url\":\"https:\/\/evolve-fitness.eu\/fr\/\",\"logo\":{\"@type\":\"ImageObject\",\"inLanguage\":\"fr-FR\",\"@id\":\"https:\/\/evolve-fitness.eu\/fr\/#\/schema\/logo\/image\/\",\"url\":\"https:\/\/evolve-fitness.eu\/wp-content\/uploads\/2023\/05\/Evolve-logo.svg\",\"contentUrl\":\"https:\/\/evolve-fitness.eu\/wp-content\/uploads\/2023\/05\/Evolve-logo.svg\",\"width\":176,\"height\":20,\"caption\":\"Evolve\"},\"image\":{\"@id\":\"https:\/\/evolve-fitness.eu\/fr\/#\/schema\/logo\/image\/\"},\"sameAs\":[\"https:\/\/www.facebook.com\/EvolveFitnessEurope\"]}]}<\/script>\n<!-- \/ Yoast SEO plugin. -->","yoast_head_json":{"title":"Evolve Ultra Series Series Selectorized 4 Stack Multigym avec 2 c\u00e2bles r\u00e9glables - Evolve","robots":{"index":"index","follow":"follow","max-snippet":"max-snippet:-1","max-image-preview":"max-image-preview:large","max-video-preview":"max-video-preview:-1"},"canonical":"https:\/\/evolve-fitness.eu\/fr\/produit\/evolve-ultra-series-series-selectorized-4-stack-multigym-avec-2-cables-reglables\/","og_locale":"fr_FR","og_type":"article","og_title":"Evolve Ultra Series Series Selectorized 4 Stack Multigym avec 2 c\u00e2bles r\u00e9glables - Evolve","og_url":"https:\/\/evolve-fitness.eu\/fr\/produit\/evolve-ultra-series-series-selectorized-4-stack-multigym-avec-2-cables-reglables\/","og_site_name":"Evolve","article_publisher":"https:\/\/www.facebook.com\/EvolveFitnessEurope","article_modified_time":"2026-03-26T10:24:32+00:00","og_image":[{"width":629,"height":720,"url":"https:\/\/evolve-fitness.eu\/wp-content\/uploads\/2023\/12\/EV-SC-UL-450PATAISYTAS.jpg","type":"image\/jpeg"}],"twitter_card":"summary_large_image","schema":{"@context":"https:\/\/schema.org","@graph":[{"@type":"WebPage","@id":"https:\/\/evolve-fitness.eu\/fr\/produit\/evolve-ultra-series-series-selectorized-4-stack-multigym-avec-2-cables-reglables\/","url":"https:\/\/evolve-fitness.eu\/fr\/produit\/evolve-ultra-series-series-selectorized-4-stack-multigym-avec-2-cables-reglables\/","name":"Evolve Ultra Series Series Selectorized 4 Stack Multigym avec 2 c\u00e2bles r\u00e9glables - Evolve","isPartOf":{"@id":"https:\/\/evolve-fitness.eu\/fr\/#website"},"primaryImageOfPage":{"@id":"https:\/\/evolve-fitness.eu\/fr\/produit\/evolve-ultra-series-series-selectorized-4-stack-multigym-avec-2-cables-reglables\/#primaryimage"},"image":{"@id":"https:\/\/evolve-fitness.eu\/fr\/produit\/evolve-ultra-series-series-selectorized-4-stack-multigym-avec-2-cables-reglables\/#primaryimage"},"thumbnailUrl":"https:\/\/evolve-fitness.eu\/wp-content\/uploads\/2023\/12\/EV-SC-UL-450PATAISYTAS.jpg","datePublished":"2023-12-29T11:54:40+00:00","dateModified":"2026-03-26T10:24:32+00:00","breadcrumb":{"@id":"https:\/\/evolve-fitness.eu\/fr\/produit\/evolve-ultra-series-series-selectorized-4-stack-multigym-avec-2-cables-reglables\/#breadcrumb"},"inLanguage":"fr-FR","potentialAction":[{"@type":"ReadAction","target":["https:\/\/evolve-fitness.eu\/fr\/produit\/evolve-ultra-series-series-selectorized-4-stack-multigym-avec-2-cables-reglables\/"]}]},{"@type":"ImageObject","inLanguage":"fr-FR","@id":"https:\/\/evolve-fitness.eu\/fr\/produit\/evolve-ultra-series-series-selectorized-4-stack-multigym-avec-2-cables-reglables\/#primaryimage","url":"https:\/\/evolve-fitness.eu\/wp-content\/uploads\/2023\/12\/EV-SC-UL-450PATAISYTAS.jpg","contentUrl":"https:\/\/evolve-fitness.eu\/wp-content\/uploads\/2023\/12\/EV-SC-UL-450PATAISYTAS.jpg","width":629,"height":720},{"@type":"BreadcrumbList","@id":"https:\/\/evolve-fitness.eu\/fr\/produit\/evolve-ultra-series-series-selectorized-4-stack-multigym-avec-2-cables-reglables\/#breadcrumb","itemListElement":[{"@type":"ListItem","position":1,"name":"Home","item":"https:\/\/evolve-fitness.eu\/fr\/"},{"@type":"ListItem","position":2,"name":"Produits","item":"https:\/\/evolve-fitness.eu\/fr\/shop\/"},{"@type":"ListItem","position":3,"name":"Evolve Ultra Series Series Selectorized 4 Stack Multigym avec 2 c\u00e2bles r\u00e9glables"}]},{"@type":"WebSite","@id":"https:\/\/evolve-fitness.eu\/fr\/#website","url":"https:\/\/evolve-fitness.eu\/fr\/","name":"Evolve","description":"Your Evolved Gear Arrived","publisher":{"@id":"https:\/\/evolve-fitness.eu\/fr\/#organization"},"potentialAction":[{"@type":"SearchAction","target":{"@type":"EntryPoint","urlTemplate":"https:\/\/evolve-fitness.eu\/fr\/?s={search_term_string}"},"query-input":{"@type":"PropertyValueSpecification","valueRequired":true,"valueName":"search_term_string"}}],"inLanguage":"fr-FR"},{"@type":"Organization","@id":"https:\/\/evolve-fitness.eu\/fr\/#organization","name":"Evolve","url":"https:\/\/evolve-fitness.eu\/fr\/","logo":{"@type":"ImageObject","inLanguage":"fr-FR","@id":"https:\/\/evolve-fitness.eu\/fr\/#\/schema\/logo\/image\/","url":"https:\/\/evolve-fitness.eu\/wp-content\/uploads\/2023\/05\/Evolve-logo.svg","contentUrl":"https:\/\/evolve-fitness.eu\/wp-content\/uploads\/2023\/05\/Evolve-logo.svg","width":176,"height":20,"caption":"Evolve"},"image":{"@id":"https:\/\/evolve-fitness.eu\/fr\/#\/schema\/logo\/image\/"},"sameAs":["https:\/\/www.facebook.com\/EvolveFitnessEurope"]}]}},"_links":{"self":[{"href":"https:\/\/evolve-fitness.eu\/fr\/wp-json\/wp\/v2\/product\/61688","targetHints":{"allow":["GET"]}}],"collection":[{"href":"https:\/\/evolve-fitness.eu\/fr\/wp-json\/wp\/v2\/product"}],"about":[{"href":"https:\/\/evolve-fitness.eu\/fr\/wp-json\/wp\/v2\/types\/product"}],"wp:featuredmedia":[{"embeddable":true,"href":"https:\/\/evolve-fitness.eu\/fr\/wp-json\/wp\/v2\/media\/142317"}],"wp:attachment":[{"href":"https:\/\/evolve-fitness.eu\/fr\/wp-json\/wp\/v2\/media?parent=61688"}],"wp:term":[{"taxonomy":"product_brand","embeddable":true,"href":"https:\/\/evolve-fitness.eu\/fr\/wp-json\/wp\/v2\/product_brand?post=61688"},{"taxonomy":"product_cat","embeddable":true,"href":"https:\/\/evolve-fitness.eu\/fr\/wp-json\/wp\/v2\/product_cat?post=61688"},{"taxonomy":"product_tag","embeddable":true,"href":"https:\/\/evolve-fitness.eu\/fr\/wp-json\/wp\/v2\/product_tag?post=61688"}],"curies":[{"name":"wp","href":"https:\/\/api.w.org\/{rel}","templated":true}]}}