{"id":68194,"date":"2023-11-15T11:38:39","date_gmt":"2023-11-15T11:38:39","guid":{"rendered":"https:\/\/evolve-fitness.eu\/product\/support-dhalteres-evolve-studio\/"},"modified":"2024-04-26T07:17:54","modified_gmt":"2024-04-26T07:17:54","slug":"support-dhalteres-evolve-studio","status":"publish","type":"product","link":"https:\/\/evolve-fitness.eu\/fr\/produit\/support-dhalteres-evolve-studio\/","title":{"rendered":"Support d&rsquo;halt\u00e8res Evolve Studio"},"content":{"rendered":"\n<section class=\"wp-block-group alignfull black-content has-white-color has-darkgray-background-color has-text-color has-background is-layout-constrained wp-block-group-is-layout-constrained\" style=\"padding-top:var(--wp--preset--spacing--section-bottom);padding-bottom:var(--wp--preset--spacing--section-bottom)\">\n<p class=\"has-text-align-center has-medium-2-font-size\" style=\"padding-top:var(--wp--preset--spacing--tb-padding);padding-bottom:var(--wp--preset--spacing--tb-padding)\"><strong>Maximisez votre espace de conditionnement physique avec le support d&rsquo;halt\u00e8res a\u00e9robique d&rsquo;Evolve Studio<\/strong><\/p>\n\n\n\n<p>Transformez votre studio de fitness ou votre salle de sport \u00e0 domicile avec le <strong>support d&rsquo;halt\u00e8res Evolve Aerobic<\/strong>, con\u00e7u de mani\u00e8re experte pour am\u00e9liorer l&rsquo;organisation et l&rsquo;accessibilit\u00e9. La conception verticale peu encombrante de notre rack en fait un compl\u00e9ment id\u00e9al pour les studios de fitness, les centres de bien-\u00eatre et les espaces d&rsquo;entra\u00eenement \u00e0 domicile, pouvant accueillir divers halt\u00e8res d&rsquo;a\u00e9robic et de vinyle.<\/p>\n\n\n\n<div class=\"wp-block-columns alignwide mobile-reverse is-layout-flex wp-container-core-columns-is-layout-ca64bf2d wp-block-columns-is-layout-flex\" style=\"margin-bottom:var(--wp--preset--spacing--side-padding)\">\n<div class=\"wp-block-column is-vertically-aligned-center is-layout-flow wp-block-column-is-layout-flow\">\n<h3 class=\"wp-block-heading\" style=\"margin-bottom:var(--wp--preset--spacing--h-3-bottom)\"><strong>\n  <strong>\n    <strong>\n      <strong>\n        <strong>\n          <strong>\n            <strong>\n              <strong>\n                <strong>\n                  <strong>Caract\u00e9ristiques principales<\/strong>\n                <\/strong>\n              <\/strong>\n            <\/strong>\n          <\/strong>\n        <\/strong>\n      <\/strong>\n    <\/strong>\n  <\/strong>\n<\/strong>:<\/h3>\n\n\n\n<ul class=\"wp-block-list\">\n<li><strong>Conception peu encombrante :<\/strong> La structure verticale de l&rsquo;Evolve Dumbbell Rack permet un stockage maximal sans sacrifier l&rsquo;espace au sol, ce qui est parfait pour les espaces compacts.<\/li>\n\n\n\n<li><strong>Mobilit\u00e9 ais\u00e9e :<\/strong> \u00c9quip\u00e9 de quatre roues robustes dot\u00e9es de freins s\u00fbrs, ce rack peut \u00eatre d\u00e9plac\u00e9 et positionn\u00e9 sans effort, offrant ainsi une commodit\u00e9 in\u00e9gal\u00e9e.<\/li>\n\n\n\n<li><strong>Construction durable :<\/strong> Le cadre du rack est recouvert d&rsquo;un rev\u00eatement en poudre, ce qui garantit sa long\u00e9vit\u00e9 et sa r\u00e9sistance \u00e0 l&rsquo;usure. Il convient aux environnements de remise en forme rigoureux.<\/li>\n\n\n\n<li><strong>Stable et compact :<\/strong> Son cadre stable offre une solution de stockage s\u00fbre, permettant de garder votre zone d&rsquo;entra\u00eenement propre et organis\u00e9e.<\/li>\n<\/ul>\n<\/div>\n\n\n\n<div class=\"wp-block-column is-vertically-aligned-center is-layout-flow wp-block-column-is-layout-flow\">\n<figure class=\"wp-block-video\"><video height=\"2160\" style=\"aspect-ratio: 3840 \/ 2160;\" width=\"3840\" autoplay=\"\" controls=\"\" loop=\"\" muted=\"\" src=\"https:\/\/evolve-fitness.eu\/wp-content\/uploads\/2023\/12\/1-2.mp4\"><\/video><\/figure>\n<\/div>\n<\/div>\n\n\n\n<div class=\"wp-block-columns alignwide is-layout-flex wp-container-core-columns-is-layout-c45ee707 wp-block-columns-is-layout-flex\" style=\"margin-bottom:var(--wp--preset--spacing--side-padding);padding-top:var(--wp--preset--spacing--side-padding)\">\n<div class=\"wp-block-column is-vertically-aligned-center is-layout-flow wp-block-column-is-layout-flow\">\n<figure class=\"wp-block-video\"><video height=\"2160\" style=\"aspect-ratio: 3840 \/ 2160;\" width=\"3840\" autoplay=\"\" controls=\"\" loop=\"\" muted=\"\" src=\"https:\/\/evolve-fitness.eu\/wp-content\/uploads\/2023\/12\/2-2.mp4\"><\/video><\/figure>\n<\/div>\n\n\n\n<div class=\"wp-block-column is-vertically-aligned-center is-layout-constrained wp-block-column-is-layout-constrained\">\n<h3 class=\"wp-block-heading\" style=\"margin-bottom:var(--wp--preset--spacing--h-3-bottom)\"><strong><strong><strong><strong><strong><strong><strong><strong><strong><strong>Pourquoi choisir le support d&rsquo;halt\u00e8res Evolve Aerobic ?<\/strong><\/strong><\/strong><\/strong><\/strong><\/strong><\/strong><\/strong><\/strong><\/strong><\/h3>\n\n\n\n<p>Ce support n&rsquo;est pas seulement une solution de rangement, c&rsquo;est une am\u00e9lioration de votre parcours de remise en forme. Qu&rsquo;il s&rsquo;agisse d&rsquo;un centre de fitness professionnel ou d&rsquo;une salle de sport personnelle, notre support permet de s&rsquo;assurer que vos halt\u00e8res sont toujours \u00e0 port\u00e9e de main, organis\u00e9s et stock\u00e9s en toute s\u00e9curit\u00e9. Son design \u00e9l\u00e9gant et sa mobilit\u00e9 facile en font un choix de premier ordre pour les amateurs de fitness et les professionnels.<\/p>\n<\/div>\n<\/div>\n\n\n\n<p class=\"has-text-align-center has-medium-2-font-size\">Investissez dans le <strong>support d&rsquo;halt\u00e8res Evolve Studio<\/strong> et d\u00e9couvrez le m\u00e9lange parfait de fonctionnalit\u00e9, de durabilit\u00e9 et de style. Commandez maintenant et \u00e9levez votre espace fitness !<\/p>\n<\/section>\n","protected":false},"excerpt":{"rendered":"<p>Am\u00e9liorez votre espace de fitness avec le support d&rsquo;halt\u00e8res a\u00e9robiques Evolve (EV-RS-SD-500), une solution mobile et peu encombrante pour organiser les halt\u00e8res a\u00e9robiques et en vinyle. Sa conception verticale et compacte et son cadre rev\u00eatu de poudre en font l&rsquo;outil id\u00e9al pour les salles de fitness et les salles de sport \u00e0 domicile, tandis que son poids de 34 kg garantit sa stabilit\u00e9. \u00c9quip\u00e9 de roues de transport et garanti deux ans, ce rack est un m\u00e9lange parfait de fonctionnalit\u00e9 et de durabilit\u00e9 pour les amateurs de fitness \u00e0 la recherche d&rsquo;un environnement d&rsquo;entra\u00eenement ordonn\u00e9 et accessible.<\/p>\n","protected":false},"featured_media":68198,"template":"","meta":{"_acf_changed":false,"inline_featured_image":false},"product_brand":[],"product_cat":[1452,2878],"product_tag":[],"class_list":{"0":"post-68194","1":"product","2":"type-product","3":"status-publish","4":"has-post-thumbnail","6":"product_cat-poids-libres","7":"product_cat-rayonnages-et-solutions-de-stockage","9":"first","10":"instock","11":"shipping-taxable","12":"purchasable","13":"product-type-simple"},"acf":{"long_title":"Support d'halt\u00e8res Evolve Studio","subtitle":"","specifications":[{"label":"SKU","text_value":"EV-RS-SD-500","icon":"x"},{"label":"Poids","text_value":"34 kg","icon":"x"},{"label":"Garantie","text_value":"2 ans","icon":"x"},{"label":"Une conception peu encombrante","text_value":"","icon":"x"},{"label":"Mobilit\u00e9 ais\u00e9e","text_value":"","icon":"v"},{"label":"Construction durable","text_value":"","icon":"x"},{"label":"Stable et compact","text_value":"","icon":"v"},{"label":"","text_value":"","icon":"v"},{"label":"","text_value":"","icon":"v"},{"label":"","text_value":"","icon":"v"},{"label":"","text_value":"","icon":"v"}]},"yoast_head":"<!-- This site is optimized with the Yoast SEO plugin v26.6 - https:\/\/yoast.com\/wordpress\/plugins\/seo\/ -->\n<title>Support d&#039;halt\u00e8res Evolve Studio - Evolve<\/title>\n<meta name=\"robots\" content=\"index, follow, max-snippet:-1, max-image-preview:large, max-video-preview:-1\" \/>\n<link rel=\"canonical\" href=\"https:\/\/evolve-fitness.eu\/fr\/produit\/support-dhalteres-evolve-studio\/\" \/>\n<meta property=\"og:locale\" content=\"fr_FR\" \/>\n<meta property=\"og:type\" content=\"article\" \/>\n<meta property=\"og:title\" content=\"Support d&#039;halt\u00e8res Evolve Studio - Evolve\" \/>\n<meta property=\"og:url\" content=\"https:\/\/evolve-fitness.eu\/fr\/produit\/support-dhalteres-evolve-studio\/\" \/>\n<meta property=\"og:site_name\" content=\"Evolve\" \/>\n<meta property=\"article:publisher\" content=\"https:\/\/www.facebook.com\/EvolveFitnessEurope\" \/>\n<meta property=\"article:modified_time\" content=\"2024-04-26T07:17:54+00:00\" \/>\n<meta property=\"og:image\" content=\"https:\/\/evolve-fitness.eu\/wp-content\/uploads\/2023\/11\/Evolve-Studio-Dumbbells-Rack-1.png\" \/>\n\t<meta property=\"og:image:width\" content=\"680\" \/>\n\t<meta property=\"og:image:height\" content=\"600\" \/>\n\t<meta property=\"og:image:type\" content=\"image\/png\" \/>\n<meta name=\"twitter:card\" content=\"summary_large_image\" \/>\n<script type=\"application\/ld+json\" class=\"yoast-schema-graph\">{\"@context\":\"https:\/\/schema.org\",\"@graph\":[{\"@type\":\"WebPage\",\"@id\":\"https:\/\/evolve-fitness.eu\/fr\/produit\/support-dhalteres-evolve-studio\/\",\"url\":\"https:\/\/evolve-fitness.eu\/fr\/produit\/support-dhalteres-evolve-studio\/\",\"name\":\"Support d'halt\u00e8res Evolve Studio - Evolve\",\"isPartOf\":{\"@id\":\"https:\/\/evolve-fitness.eu\/fr\/#website\"},\"primaryImageOfPage\":{\"@id\":\"https:\/\/evolve-fitness.eu\/fr\/produit\/support-dhalteres-evolve-studio\/#primaryimage\"},\"image\":{\"@id\":\"https:\/\/evolve-fitness.eu\/fr\/produit\/support-dhalteres-evolve-studio\/#primaryimage\"},\"thumbnailUrl\":\"https:\/\/evolve-fitness.eu\/wp-content\/uploads\/2023\/11\/Evolve-Studio-Dumbbells-Rack-1.png\",\"datePublished\":\"2023-11-15T11:38:39+00:00\",\"dateModified\":\"2024-04-26T07:17:54+00:00\",\"breadcrumb\":{\"@id\":\"https:\/\/evolve-fitness.eu\/fr\/produit\/support-dhalteres-evolve-studio\/#breadcrumb\"},\"inLanguage\":\"fr-FR\",\"potentialAction\":[{\"@type\":\"ReadAction\",\"target\":[\"https:\/\/evolve-fitness.eu\/fr\/produit\/support-dhalteres-evolve-studio\/\"]}]},{\"@type\":\"ImageObject\",\"inLanguage\":\"fr-FR\",\"@id\":\"https:\/\/evolve-fitness.eu\/fr\/produit\/support-dhalteres-evolve-studio\/#primaryimage\",\"url\":\"https:\/\/evolve-fitness.eu\/wp-content\/uploads\/2023\/11\/Evolve-Studio-Dumbbells-Rack-1.png\",\"contentUrl\":\"https:\/\/evolve-fitness.eu\/wp-content\/uploads\/2023\/11\/Evolve-Studio-Dumbbells-Rack-1.png\",\"width\":680,\"height\":600},{\"@type\":\"BreadcrumbList\",\"@id\":\"https:\/\/evolve-fitness.eu\/fr\/produit\/support-dhalteres-evolve-studio\/#breadcrumb\",\"itemListElement\":[{\"@type\":\"ListItem\",\"position\":1,\"name\":\"Home\",\"item\":\"https:\/\/evolve-fitness.eu\/fr\/\"},{\"@type\":\"ListItem\",\"position\":2,\"name\":\"Produits\",\"item\":\"https:\/\/evolve-fitness.eu\/fr\/shop\/\"},{\"@type\":\"ListItem\",\"position\":3,\"name\":\"Support d&#8217;halt\u00e8res Evolve Studio\"}]},{\"@type\":\"WebSite\",\"@id\":\"https:\/\/evolve-fitness.eu\/fr\/#website\",\"url\":\"https:\/\/evolve-fitness.eu\/fr\/\",\"name\":\"Evolve\",\"description\":\"Your Evolved Gear Arrived\",\"publisher\":{\"@id\":\"https:\/\/evolve-fitness.eu\/fr\/#organization\"},\"potentialAction\":[{\"@type\":\"SearchAction\",\"target\":{\"@type\":\"EntryPoint\",\"urlTemplate\":\"https:\/\/evolve-fitness.eu\/fr\/?s={search_term_string}\"},\"query-input\":{\"@type\":\"PropertyValueSpecification\",\"valueRequired\":true,\"valueName\":\"search_term_string\"}}],\"inLanguage\":\"fr-FR\"},{\"@type\":\"Organization\",\"@id\":\"https:\/\/evolve-fitness.eu\/fr\/#organization\",\"name\":\"Evolve\",\"url\":\"https:\/\/evolve-fitness.eu\/fr\/\",\"logo\":{\"@type\":\"ImageObject\",\"inLanguage\":\"fr-FR\",\"@id\":\"https:\/\/evolve-fitness.eu\/fr\/#\/schema\/logo\/image\/\",\"url\":\"https:\/\/evolve-fitness.eu\/wp-content\/uploads\/2023\/05\/Evolve-logo.svg\",\"contentUrl\":\"https:\/\/evolve-fitness.eu\/wp-content\/uploads\/2023\/05\/Evolve-logo.svg\",\"width\":176,\"height\":20,\"caption\":\"Evolve\"},\"image\":{\"@id\":\"https:\/\/evolve-fitness.eu\/fr\/#\/schema\/logo\/image\/\"},\"sameAs\":[\"https:\/\/www.facebook.com\/EvolveFitnessEurope\"]}]}<\/script>\n<!-- \/ Yoast SEO plugin. -->","yoast_head_json":{"title":"Support d'halt\u00e8res Evolve Studio - Evolve","robots":{"index":"index","follow":"follow","max-snippet":"max-snippet:-1","max-image-preview":"max-image-preview:large","max-video-preview":"max-video-preview:-1"},"canonical":"https:\/\/evolve-fitness.eu\/fr\/produit\/support-dhalteres-evolve-studio\/","og_locale":"fr_FR","og_type":"article","og_title":"Support d'halt\u00e8res Evolve Studio - Evolve","og_url":"https:\/\/evolve-fitness.eu\/fr\/produit\/support-dhalteres-evolve-studio\/","og_site_name":"Evolve","article_publisher":"https:\/\/www.facebook.com\/EvolveFitnessEurope","article_modified_time":"2024-04-26T07:17:54+00:00","og_image":[{"width":680,"height":600,"url":"https:\/\/evolve-fitness.eu\/wp-content\/uploads\/2023\/11\/Evolve-Studio-Dumbbells-Rack-1.png","type":"image\/png"}],"twitter_card":"summary_large_image","schema":{"@context":"https:\/\/schema.org","@graph":[{"@type":"WebPage","@id":"https:\/\/evolve-fitness.eu\/fr\/produit\/support-dhalteres-evolve-studio\/","url":"https:\/\/evolve-fitness.eu\/fr\/produit\/support-dhalteres-evolve-studio\/","name":"Support d'halt\u00e8res Evolve Studio - Evolve","isPartOf":{"@id":"https:\/\/evolve-fitness.eu\/fr\/#website"},"primaryImageOfPage":{"@id":"https:\/\/evolve-fitness.eu\/fr\/produit\/support-dhalteres-evolve-studio\/#primaryimage"},"image":{"@id":"https:\/\/evolve-fitness.eu\/fr\/produit\/support-dhalteres-evolve-studio\/#primaryimage"},"thumbnailUrl":"https:\/\/evolve-fitness.eu\/wp-content\/uploads\/2023\/11\/Evolve-Studio-Dumbbells-Rack-1.png","datePublished":"2023-11-15T11:38:39+00:00","dateModified":"2024-04-26T07:17:54+00:00","breadcrumb":{"@id":"https:\/\/evolve-fitness.eu\/fr\/produit\/support-dhalteres-evolve-studio\/#breadcrumb"},"inLanguage":"fr-FR","potentialAction":[{"@type":"ReadAction","target":["https:\/\/evolve-fitness.eu\/fr\/produit\/support-dhalteres-evolve-studio\/"]}]},{"@type":"ImageObject","inLanguage":"fr-FR","@id":"https:\/\/evolve-fitness.eu\/fr\/produit\/support-dhalteres-evolve-studio\/#primaryimage","url":"https:\/\/evolve-fitness.eu\/wp-content\/uploads\/2023\/11\/Evolve-Studio-Dumbbells-Rack-1.png","contentUrl":"https:\/\/evolve-fitness.eu\/wp-content\/uploads\/2023\/11\/Evolve-Studio-Dumbbells-Rack-1.png","width":680,"height":600},{"@type":"BreadcrumbList","@id":"https:\/\/evolve-fitness.eu\/fr\/produit\/support-dhalteres-evolve-studio\/#breadcrumb","itemListElement":[{"@type":"ListItem","position":1,"name":"Home","item":"https:\/\/evolve-fitness.eu\/fr\/"},{"@type":"ListItem","position":2,"name":"Produits","item":"https:\/\/evolve-fitness.eu\/fr\/shop\/"},{"@type":"ListItem","position":3,"name":"Support d&#8217;halt\u00e8res Evolve Studio"}]},{"@type":"WebSite","@id":"https:\/\/evolve-fitness.eu\/fr\/#website","url":"https:\/\/evolve-fitness.eu\/fr\/","name":"Evolve","description":"Your Evolved Gear Arrived","publisher":{"@id":"https:\/\/evolve-fitness.eu\/fr\/#organization"},"potentialAction":[{"@type":"SearchAction","target":{"@type":"EntryPoint","urlTemplate":"https:\/\/evolve-fitness.eu\/fr\/?s={search_term_string}"},"query-input":{"@type":"PropertyValueSpecification","valueRequired":true,"valueName":"search_term_string"}}],"inLanguage":"fr-FR"},{"@type":"Organization","@id":"https:\/\/evolve-fitness.eu\/fr\/#organization","name":"Evolve","url":"https:\/\/evolve-fitness.eu\/fr\/","logo":{"@type":"ImageObject","inLanguage":"fr-FR","@id":"https:\/\/evolve-fitness.eu\/fr\/#\/schema\/logo\/image\/","url":"https:\/\/evolve-fitness.eu\/wp-content\/uploads\/2023\/05\/Evolve-logo.svg","contentUrl":"https:\/\/evolve-fitness.eu\/wp-content\/uploads\/2023\/05\/Evolve-logo.svg","width":176,"height":20,"caption":"Evolve"},"image":{"@id":"https:\/\/evolve-fitness.eu\/fr\/#\/schema\/logo\/image\/"},"sameAs":["https:\/\/www.facebook.com\/EvolveFitnessEurope"]}]}},"_links":{"self":[{"href":"https:\/\/evolve-fitness.eu\/fr\/wp-json\/wp\/v2\/product\/68194","targetHints":{"allow":["GET"]}}],"collection":[{"href":"https:\/\/evolve-fitness.eu\/fr\/wp-json\/wp\/v2\/product"}],"about":[{"href":"https:\/\/evolve-fitness.eu\/fr\/wp-json\/wp\/v2\/types\/product"}],"wp:featuredmedia":[{"embeddable":true,"href":"https:\/\/evolve-fitness.eu\/fr\/wp-json\/wp\/v2\/media\/68198"}],"wp:attachment":[{"href":"https:\/\/evolve-fitness.eu\/fr\/wp-json\/wp\/v2\/media?parent=68194"}],"wp:term":[{"taxonomy":"product_brand","embeddable":true,"href":"https:\/\/evolve-fitness.eu\/fr\/wp-json\/wp\/v2\/product_brand?post=68194"},{"taxonomy":"product_cat","embeddable":true,"href":"https:\/\/evolve-fitness.eu\/fr\/wp-json\/wp\/v2\/product_cat?post=68194"},{"taxonomy":"product_tag","embeddable":true,"href":"https:\/\/evolve-fitness.eu\/fr\/wp-json\/wp\/v2\/product_tag?post=68194"}],"curies":[{"name":"wp","href":"https:\/\/api.w.org\/{rel}","templated":true}]}}