{"id":73655,"date":"2023-10-05T09:48:28","date_gmt":"2023-10-05T09:48:28","guid":{"rendered":"https:\/\/evolve-fitness.eu\/product\/plaque-de-pare-chocs-en-urethane-evolve-cpu-5-25-kg\/"},"modified":"2026-03-27T08:35:37","modified_gmt":"2026-03-27T06:35:37","slug":"plaque-de-pare-chocs-en-urethane-evolve-cpu-5-25-kg","status":"publish","type":"product","link":"https:\/\/evolve-fitness.eu\/fr\/produit\/plaque-de-pare-chocs-en-urethane-evolve-cpu-5-25-kg\/","title":{"rendered":"Plaque de pare-chocs CPU en ur\u00e9thane 5-25 kg"},"content":{"rendered":"\n<section class=\"wp-block-group alignfull has-lightgray-background-color has-background is-layout-constrained wp-block-group-is-layout-constrained\">\n<div class=\"wp-block-columns alignwide is-layout-flex wp-container-core-columns-is-layout-2edb0647 wp-block-columns-is-layout-flex\" style=\"margin-top:0;margin-bottom:0\">\n<div class=\"wp-block-column is-layout-flow wp-block-column-is-layout-flow\" style=\"flex-basis:33.33%\"><\/div>\n\n\n\n<div class=\"wp-block-column is-layout-flow wp-block-column-is-layout-flow\" style=\"flex-basis:66.66%\"><\/div>\n<\/div>\n<\/section>\n\n<section class=\"wp-block-group alignfull black-content has-white-color has-darkgray-background-color has-text-color has-background is-layout-constrained wp-block-group-is-layout-constrained\" style=\"padding-top:var(--wp--preset--spacing--section-bottom);padding-bottom:var(--wp--preset--spacing--section-bottom)\">\n<h3 class=\"wp-block-heading has-text-align-center\" style=\"margin-bottom:var(--wp--preset--spacing--tb-section-padding)\">Carte technique<\/h3>\n\n\n\n<div class=\"wp-block-columns alignwide mobile-reverse is-layout-flex wp-container-core-columns-is-layout-ca64bf2d wp-block-columns-is-layout-flex\" style=\"margin-bottom:var(--wp--preset--spacing--side-padding)\">\n<div class=\"wp-block-column is-layout-flow wp-block-column-is-layout-flow\">\n<figure class=\"wp-block-image aligncenter size-large\"><img loading=\"lazy\" decoding=\"async\" width=\"1024\" height=\"683\" src=\"https:\/\/evolve-fitness.eu\/wp-content\/uploads\/2023\/10\/Tehcnical-card-EV-WP-UB-1-1024x683.jpg\" alt=\"\" class=\"wp-image-196422\" srcset=\"https:\/\/evolve-fitness.eu\/wp-content\/uploads\/2023\/10\/Tehcnical-card-EV-WP-UB-1-1024x683.jpg 1024w, https:\/\/evolve-fitness.eu\/wp-content\/uploads\/2023\/10\/Tehcnical-card-EV-WP-UB-1-300x200.jpg 300w, https:\/\/evolve-fitness.eu\/wp-content\/uploads\/2023\/10\/Tehcnical-card-EV-WP-UB-1-150x100.jpg 150w, https:\/\/evolve-fitness.eu\/wp-content\/uploads\/2023\/10\/Tehcnical-card-EV-WP-UB-1-768x512.jpg 768w, https:\/\/evolve-fitness.eu\/wp-content\/uploads\/2023\/10\/Tehcnical-card-EV-WP-UB-1-1536x1024.jpg 1536w, https:\/\/evolve-fitness.eu\/wp-content\/uploads\/2023\/10\/Tehcnical-card-EV-WP-UB-1-2048x1365.jpg 2048w, https:\/\/evolve-fitness.eu\/wp-content\/uploads\/2023\/10\/Tehcnical-card-EV-WP-UB-1-600x400.jpg 600w, https:\/\/evolve-fitness.eu\/wp-content\/uploads\/2023\/10\/Tehcnical-card-EV-WP-UB-1-225x150.jpg 225w\" sizes=\"auto, (max-width: 1024px) 100vw, 1024px\" \/><\/figure>\n<\/div>\n<\/div>\n\n\n\n<div class=\"wp-block-columns alignwide is-layout-flex wp-container-core-columns-is-layout-c45ee707 wp-block-columns-is-layout-flex\" style=\"margin-bottom:var(--wp--preset--spacing--side-padding);padding-top:var(--wp--preset--spacing--side-padding)\">\n<div class=\"wp-block-column is-vertically-aligned-center is-layout-flow wp-block-column-is-layout-flow\">\n<figure class=\"wp-block-image size-large is-resized is-style-rounded\"><img loading=\"lazy\" decoding=\"async\" width=\"1024\" height=\"1024\" src=\"https:\/\/evolve-fitness.eu\/wp-content\/uploads\/2023\/10\/Evolve-CPU-Urethane-Bumpers-2-1024x1024.png\" alt=\"\" class=\"wp-image-4285\" style=\"object-fit:cover;width:680px;height:600px\" srcset=\"https:\/\/evolve-fitness.eu\/wp-content\/uploads\/2023\/10\/Evolve-CPU-Urethane-Bumpers-2-1024x1024.png 1024w, https:\/\/evolve-fitness.eu\/wp-content\/uploads\/2023\/10\/Evolve-CPU-Urethane-Bumpers-2-300x300.png 300w, https:\/\/evolve-fitness.eu\/wp-content\/uploads\/2023\/10\/Evolve-CPU-Urethane-Bumpers-2-150x150.png 150w, https:\/\/evolve-fitness.eu\/wp-content\/uploads\/2023\/10\/Evolve-CPU-Urethane-Bumpers-2-600x600.png 600w, https:\/\/evolve-fitness.eu\/wp-content\/uploads\/2023\/10\/Evolve-CPU-Urethane-Bumpers-2-768x768.png 768w, https:\/\/evolve-fitness.eu\/wp-content\/uploads\/2023\/10\/Evolve-CPU-Urethane-Bumpers-2-1536x1536.png 1536w, https:\/\/evolve-fitness.eu\/wp-content\/uploads\/2023\/10\/Evolve-CPU-Urethane-Bumpers-2-2048x2048.png 2048w\" sizes=\"auto, (max-width: 1024px) 100vw, 1024px\" \/><\/figure>\n<\/div>\n\n\n\n<div class=\"wp-block-column is-vertically-aligned-center is-layout-constrained wp-block-column-is-layout-constrained\">\n<h3 class=\"wp-block-heading\" style=\"margin-bottom:var(--wp--preset--spacing--h-3-bottom)\">Rev\u00eatement Ur\u00e9thane CPU  <\/h3>\n\n\n\n<p><strong><em><strong><em>Durabilit\u00e9 ultime<\/em><\/strong><\/em><\/strong><\/p>\n\n\n\n<p style=\"margin-bottom:var(--wp--preset--spacing--tb-section-padding)\">D\u00e9couvrez la durabilit\u00e9 exceptionnelle du rev\u00eatement CPU Urethane pour les \u00e9quipements de gymnastique. Contrairement au caoutchouc, l&rsquo;ur\u00e9thane CPU conserve un aspect inchang\u00e9 m\u00eame apr\u00e8s des ann\u00e9es d&rsquo;utilisation constante, gr\u00e2ce \u00e0 sa r\u00e9sistance aux UV, \u00e0 la rupture, \u00e0 la chaleur et \u00e0 l&rsquo;usure. Sa composition sans odeur et sa r\u00e9sistance exceptionnelle en font un choix id\u00e9al pour prot\u00e9ger les sols des salles de sport, r\u00e9duire les bruits d&rsquo;entra\u00eenement et fournir une solution rentable \u00e0 long terme pour les salles de sport domestiques et commerciales. Investissez dans une qualit\u00e9 durable avec CPU Urethane.<\/p>\n<\/div>\n<\/div>\n\n\n\n<div class=\"wp-block-columns alignwide is-layout-flex wp-container-core-columns-is-layout-c45ee707 wp-block-columns-is-layout-flex\" style=\"margin-bottom:var(--wp--preset--spacing--side-padding);padding-top:var(--wp--preset--spacing--side-padding)\">\n<div class=\"wp-block-column is-vertically-aligned-center is-layout-flow wp-block-column-is-layout-flow\">\n<h3 class=\"wp-block-heading\" style=\"margin-bottom:var(--wp--preset--spacing--h-3-bottom)\">Logo et indication du poids<\/h3>\n\n\n\n<p><em><strong>Fabrication de pr\u00e9cision<\/strong><\/em><\/p>\n\n\n\n<p>Nos num\u00e9ros de poids sont m\u00e9ticuleusement d\u00e9coup\u00e9s au laser et moul\u00e9s par des experts, ce qui garantit un aspect propre et sans attelle qui respire l&rsquo;artisanat et la pr\u00e9cision. Nous allons plus loin pour garantir une qualit\u00e9 durable en impr\u00e9gnant les num\u00e9ros et les logos d&rsquo;ur\u00e9thane de premi\u00e8re qualit\u00e9. Ce processus innovant permet non seulement de cr\u00e9er des couleurs vives et \u00e9clatantes, mais aussi de garantir qu&rsquo;elles r\u00e9sistent \u00e0 l&rsquo;\u00e9preuve du temps, \u00e0 la d\u00e9coloration et \u00e0 l&rsquo;usure.<\/p>\n<\/div>\n\n\n\n<div class=\"wp-block-column is-vertically-aligned-center is-layout-flow wp-block-column-is-layout-flow\">\n<div class=\"wp-block-columns is-layout-flex wp-container-core-columns-is-layout-9d6595d7 wp-block-columns-is-layout-flex\">\n<div class=\"wp-block-column is-layout-flow wp-block-column-is-layout-flow\">\n<figure class=\"wp-block-image size-large is-resized is-style-rounded\"><img loading=\"lazy\" decoding=\"async\" width=\"2560\" height=\"1916\" src=\"https:\/\/evolve-fitness.eu\/wp-content\/uploads\/2023\/10\/Bumper-plate-1-edited-scaled.jpg\" alt=\"\" class=\"wp-image-4289\" style=\"object-fit:cover;width:680px;height:600px\" srcset=\"https:\/\/evolve-fitness.eu\/wp-content\/uploads\/2023\/10\/Bumper-plate-1-edited-scaled.jpg 2560w, https:\/\/evolve-fitness.eu\/wp-content\/uploads\/2023\/10\/Bumper-plate-1-edited-300x224.jpg 300w, https:\/\/evolve-fitness.eu\/wp-content\/uploads\/2023\/10\/Bumper-plate-1-edited-scaled-200x150.jpg 200w, https:\/\/evolve-fitness.eu\/wp-content\/uploads\/2023\/10\/Bumper-plate-1-edited-scaled-600x449.jpg 600w, https:\/\/evolve-fitness.eu\/wp-content\/uploads\/2023\/10\/Bumper-plate-1-edited-1024x766.jpg 1024w, https:\/\/evolve-fitness.eu\/wp-content\/uploads\/2023\/10\/Bumper-plate-1-edited-150x112.jpg 150w, https:\/\/evolve-fitness.eu\/wp-content\/uploads\/2023\/10\/Bumper-plate-1-edited-768x575.jpg 768w, https:\/\/evolve-fitness.eu\/wp-content\/uploads\/2023\/10\/Bumper-plate-1-edited-1536x1149.jpg 1536w, https:\/\/evolve-fitness.eu\/wp-content\/uploads\/2023\/10\/Bumper-plate-1-edited-2048x1532.jpg 2048w\" sizes=\"auto, (max-width: 2560px) 100vw, 2560px\" \/><\/figure>\n<\/div>\n<\/div>\n<\/div>\n<\/div>\n\n\n\n<div class=\"wp-block-columns alignwide is-layout-flex wp-container-core-columns-is-layout-c45ee707 wp-block-columns-is-layout-flex\" style=\"margin-bottom:var(--wp--preset--spacing--side-padding);padding-top:var(--wp--preset--spacing--side-padding)\">\n<div class=\"wp-block-column is-vertically-aligned-center is-layout-flow wp-block-column-is-layout-flow\">\n<figure class=\"wp-block-image size-large is-resized is-style-rounded\"><img loading=\"lazy\" decoding=\"async\" width=\"1024\" height=\"863\" src=\"https:\/\/evolve-fitness.eu\/wp-content\/uploads\/2023\/10\/Barbell-1024x863.png\" alt=\"\" class=\"wp-image-4279\" style=\"object-fit:cover;width:671px;height:592px\" srcset=\"https:\/\/evolve-fitness.eu\/wp-content\/uploads\/2023\/10\/Barbell-1024x863.png 1024w, https:\/\/evolve-fitness.eu\/wp-content\/uploads\/2023\/10\/Barbell-300x253.png 300w, https:\/\/evolve-fitness.eu\/wp-content\/uploads\/2023\/10\/Barbell-178x150.png 178w, https:\/\/evolve-fitness.eu\/wp-content\/uploads\/2023\/10\/Barbell-600x505.png 600w, https:\/\/evolve-fitness.eu\/wp-content\/uploads\/2023\/10\/Barbell-150x126.png 150w, https:\/\/evolve-fitness.eu\/wp-content\/uploads\/2023\/10\/Barbell-768x647.png 768w, https:\/\/evolve-fitness.eu\/wp-content\/uploads\/2023\/10\/Barbell-1536x1294.png 1536w, https:\/\/evolve-fitness.eu\/wp-content\/uploads\/2023\/10\/Barbell-2048x1725.png 2048w\" sizes=\"auto, (max-width: 1024px) 100vw, 1024px\" \/><\/figure>\n<\/div>\n\n\n\n<div class=\"wp-block-column is-vertically-aligned-center is-layout-flow wp-block-column-is-layout-flow\">\n<h3 class=\"wp-block-heading\" style=\"margin-bottom:var(--wp--preset--spacing--h-3-bottom)\"><strong>Une pr\u00e9cision parfaite<\/strong><\/h3>\n\n\n\n<p><strong><em><strong>Pare-chocs en ur\u00e9thane CPU<\/strong><\/em><\/strong><\/p>\n\n\n\n<p>Faites l&rsquo;exp\u00e9rience d&rsquo;une pr\u00e9cision in\u00e9gal\u00e9e avec les pare-chocs en ur\u00e9thane Evolve CPU. Nos pare-chocs sont m\u00e9ticuleusement calibr\u00e9s, avec une tol\u00e9rance de poids remarquable de seulement +\/- 2 grammes, \u00e9tablissant la norme pour une pr\u00e9cision presque parfaite dans le monde de l&rsquo;\u00e9quipement de fitness. Am\u00e9liorez vos s\u00e9ances d&rsquo;entra\u00eenement en toute confiance gr\u00e2ce \u00e0 nos pare-chocs con\u00e7us avec pr\u00e9cision.<\/p>\n<\/div>\n<\/div>\n<\/section>\n","protected":false},"excerpt":{"rendered":"<p>Plaques de pare-chocs en ur\u00e9thane Evolve CPU. Ces plaques de qualit\u00e9 sup\u00e9rieure offrent une durabilit\u00e9 exceptionnelle gr\u00e2ce \u00e0 un rev\u00eatement en ur\u00e9thane r\u00e9sistant aux UV et \u00e0 l&rsquo;usure. \u00c9talonn\u00e9s avec pr\u00e9cision \u00e0 +\/- 2 grammes pr\u00e8s, ils comportent des chiffres de poids d\u00e9coup\u00e9s au laser et des logos infus\u00e9s \u00e0 l&rsquo;ur\u00e9thane pour une vibrance durable. Id\u00e9ales pour les gymnases domestiques et commerciaux, les plaques de but\u00e9e en ur\u00e9thane Evolve CPU constituent un investissement \u00e9conomique \u00e0 long terme en termes de performance et de durabilit\u00e9.<\/p>\n","protected":false},"featured_media":127001,"template":"","meta":{"_acf_changed":false,"inline_featured_image":false},"product_brand":[],"product_cat":[13034,1452,1455],"product_tag":[],"class_list":{"0":"post-73655","1":"product","2":"type-product","3":"status-publish","4":"has-post-thumbnail","6":"product_cat-hyrox-gear","7":"product_cat-poids-libres","8":"product_cat-plaques-de-poids","10":"first","11":"instock","12":"shipping-taxable","13":"purchasable","14":"product-type-variable"},"acf":{"long_title":"Plaque de pare-chocs en ur\u00e9thane Evolve CPU 5-25 kg","subtitle":"","specifications":[{"label":"SKU","text_value":"EV-WP-UB","icon":"x"},{"label":"5 kg d'\u00e9paisseur","text_value":"21 mm","icon":"x"},{"label":"10 kg d'\u00e9paisseur","text_value":"39 mm","icon":"x"},{"label":"15 kg d'\u00e9paisseur","text_value":"47 mm","icon":"x"},{"label":"20 kg d'\u00e9paisseur","text_value":"52 mm","icon":"x"},{"label":"25 kg d'\u00e9paisseur","text_value":"59 mm","icon":"x"},{"label":"Manchon int\u00e9rieur en acier d'un diam\u00e8tre de","text_value":"51 mm","icon":"x"},{"label":"Diam\u00e8tre (hauteur) de tous les poids","text_value":"450 mm","icon":"x"},{"label":"Logo et indication de poids d\u00e9coup\u00e9s au laser et infus\u00e9s dans l'ur\u00e9thane","text_value":"","icon":"v"},{"label":"Un moyeu en acier d'une seule pi\u00e8ce, sans boulons ni soudures","text_value":"","icon":"v"},{"label":"Rev\u00eatement en ur\u00e9thane pour une durabilit\u00e9 maximale","text_value":"","icon":"v"},{"label":"Le noyau du poids est en acier, tandis que l'ext\u00e9rieur est recouvert d'un compos\u00e9 de polyur\u00e9thane liquide.","text_value":"3%","icon":"v"},{"label":"Tol\u00e9rance de poids","text_value":"3 %","icon":"x"},{"label":"Le poids est indiqu\u00e9 des deux c\u00f4t\u00e9s","text_value":"Choix des couleurs du logo et du num\u00e9ro \/ Adaptation \u00e0 l'identit\u00e9 int\u00e9rieure souhait\u00e9e \/ Possibilit\u00e9 de graver un logo personnalis\u00e9","icon":"v"},{"label":"Options de personnalisation","text_value":"Choix des couleurs du logo et du num\u00e9ro \/ Adaptation \u00e0 l'identit\u00e9 int\u00e9rieure souhait\u00e9e \/ Possibilit\u00e9 de graver un logo personnalis\u00e9","icon":"x"},{"label":"Garantie","text_value":"3 ans","icon":"x"}]},"yoast_head":"<!-- This site is optimized with the Yoast SEO plugin v26.6 - https:\/\/yoast.com\/wordpress\/plugins\/seo\/ -->\n<title>Plaque d&#039;appui en ur\u00e9thane 5-25kg pour le gymnase et la maison - Evolve<\/title>\n<meta name=\"description\" content=\"Plaques de pare-chocs en ur\u00e9thane 5-25 kg : Durables, r\u00e9sistantes aux UV et calibr\u00e9es avec pr\u00e9cision. Parfaites pour les salles de sport priv\u00e9es ou commerciales, elles sont con\u00e7ues pour des performances durables.\" \/>\n<meta name=\"robots\" content=\"index, follow, max-snippet:-1, max-image-preview:large, max-video-preview:-1\" \/>\n<link rel=\"canonical\" href=\"https:\/\/evolve-fitness.eu\/fr\/produit\/plaque-de-pare-chocs-en-urethane-evolve-cpu-5-25-kg\/\" \/>\n<meta property=\"og:locale\" content=\"fr_FR\" \/>\n<meta property=\"og:type\" content=\"article\" \/>\n<meta property=\"og:title\" content=\"Plaque d&#039;appui en ur\u00e9thane 5-25kg pour le gymnase et la maison - Evolve\" \/>\n<meta property=\"og:description\" content=\"Plaques de pare-chocs en ur\u00e9thane 5-25 kg : Durables, r\u00e9sistantes aux UV et calibr\u00e9es avec pr\u00e9cision. Parfaites pour les salles de sport priv\u00e9es ou commerciales, elles sont con\u00e7ues pour des performances durables.\" \/>\n<meta property=\"og:url\" content=\"https:\/\/evolve-fitness.eu\/fr\/produit\/plaque-de-pare-chocs-en-urethane-evolve-cpu-5-25-kg\/\" \/>\n<meta property=\"og:site_name\" content=\"Evolve\" \/>\n<meta property=\"article:publisher\" content=\"https:\/\/www.facebook.com\/EvolveFitnessEurope\" \/>\n<meta property=\"article:modified_time\" content=\"2026-03-27T06:35:37+00:00\" \/>\n<meta property=\"og:image\" content=\"https:\/\/evolve-fitness.eu\/wp-content\/uploads\/2023\/10\/Evolve-CPU-Urethane-Bumper-Plate-5-25-kg.png\" \/>\n\t<meta property=\"og:image:width\" content=\"680\" \/>\n\t<meta property=\"og:image:height\" content=\"600\" \/>\n\t<meta property=\"og:image:type\" content=\"image\/png\" \/>\n<meta name=\"twitter:card\" content=\"summary_large_image\" \/>\n<script type=\"application\/ld+json\" class=\"yoast-schema-graph\">{\"@context\":\"https:\/\/schema.org\",\"@graph\":[{\"@type\":\"WebPage\",\"@id\":\"https:\/\/evolve-fitness.eu\/fr\/produit\/plaque-de-pare-chocs-en-urethane-evolve-cpu-5-25-kg\/\",\"url\":\"https:\/\/evolve-fitness.eu\/fr\/produit\/plaque-de-pare-chocs-en-urethane-evolve-cpu-5-25-kg\/\",\"name\":\"Plaque d'appui en ur\u00e9thane 5-25kg pour le gymnase et la maison - Evolve\",\"isPartOf\":{\"@id\":\"https:\/\/evolve-fitness.eu\/fr\/#website\"},\"primaryImageOfPage\":{\"@id\":\"https:\/\/evolve-fitness.eu\/fr\/produit\/plaque-de-pare-chocs-en-urethane-evolve-cpu-5-25-kg\/#primaryimage\"},\"image\":{\"@id\":\"https:\/\/evolve-fitness.eu\/fr\/produit\/plaque-de-pare-chocs-en-urethane-evolve-cpu-5-25-kg\/#primaryimage\"},\"thumbnailUrl\":\"https:\/\/evolve-fitness.eu\/wp-content\/uploads\/2023\/10\/Evolve-CPU-Urethane-Bumper-Plate-5-25-kg.png\",\"datePublished\":\"2023-10-05T09:48:28+00:00\",\"dateModified\":\"2026-03-27T06:35:37+00:00\",\"description\":\"Plaques de pare-chocs en ur\u00e9thane 5-25 kg : Durables, r\u00e9sistantes aux UV et calibr\u00e9es avec pr\u00e9cision. Parfaites pour les salles de sport priv\u00e9es ou commerciales, elles sont con\u00e7ues pour des performances durables.\",\"breadcrumb\":{\"@id\":\"https:\/\/evolve-fitness.eu\/fr\/produit\/plaque-de-pare-chocs-en-urethane-evolve-cpu-5-25-kg\/#breadcrumb\"},\"inLanguage\":\"fr-FR\",\"potentialAction\":[{\"@type\":\"ReadAction\",\"target\":[\"https:\/\/evolve-fitness.eu\/fr\/produit\/plaque-de-pare-chocs-en-urethane-evolve-cpu-5-25-kg\/\"]}]},{\"@type\":\"ImageObject\",\"inLanguage\":\"fr-FR\",\"@id\":\"https:\/\/evolve-fitness.eu\/fr\/produit\/plaque-de-pare-chocs-en-urethane-evolve-cpu-5-25-kg\/#primaryimage\",\"url\":\"https:\/\/evolve-fitness.eu\/wp-content\/uploads\/2023\/10\/Evolve-CPU-Urethane-Bumper-Plate-5-25-kg.png\",\"contentUrl\":\"https:\/\/evolve-fitness.eu\/wp-content\/uploads\/2023\/10\/Evolve-CPU-Urethane-Bumper-Plate-5-25-kg.png\",\"width\":680,\"height\":600},{\"@type\":\"BreadcrumbList\",\"@id\":\"https:\/\/evolve-fitness.eu\/fr\/produit\/plaque-de-pare-chocs-en-urethane-evolve-cpu-5-25-kg\/#breadcrumb\",\"itemListElement\":[{\"@type\":\"ListItem\",\"position\":1,\"name\":\"Home\",\"item\":\"https:\/\/evolve-fitness.eu\/fr\/\"},{\"@type\":\"ListItem\",\"position\":2,\"name\":\"Produits\",\"item\":\"https:\/\/evolve-fitness.eu\/fr\/shop\/\"},{\"@type\":\"ListItem\",\"position\":3,\"name\":\"Plaque de pare-chocs CPU en ur\u00e9thane 5-25 kg\"}]},{\"@type\":\"WebSite\",\"@id\":\"https:\/\/evolve-fitness.eu\/fr\/#website\",\"url\":\"https:\/\/evolve-fitness.eu\/fr\/\",\"name\":\"Evolve\",\"description\":\"Your Evolved Gear Arrived\",\"publisher\":{\"@id\":\"https:\/\/evolve-fitness.eu\/fr\/#organization\"},\"potentialAction\":[{\"@type\":\"SearchAction\",\"target\":{\"@type\":\"EntryPoint\",\"urlTemplate\":\"https:\/\/evolve-fitness.eu\/fr\/?s={search_term_string}\"},\"query-input\":{\"@type\":\"PropertyValueSpecification\",\"valueRequired\":true,\"valueName\":\"search_term_string\"}}],\"inLanguage\":\"fr-FR\"},{\"@type\":\"Organization\",\"@id\":\"https:\/\/evolve-fitness.eu\/fr\/#organization\",\"name\":\"Evolve\",\"url\":\"https:\/\/evolve-fitness.eu\/fr\/\",\"logo\":{\"@type\":\"ImageObject\",\"inLanguage\":\"fr-FR\",\"@id\":\"https:\/\/evolve-fitness.eu\/fr\/#\/schema\/logo\/image\/\",\"url\":\"https:\/\/evolve-fitness.eu\/wp-content\/uploads\/2023\/05\/Evolve-logo.svg\",\"contentUrl\":\"https:\/\/evolve-fitness.eu\/wp-content\/uploads\/2023\/05\/Evolve-logo.svg\",\"width\":176,\"height\":20,\"caption\":\"Evolve\"},\"image\":{\"@id\":\"https:\/\/evolve-fitness.eu\/fr\/#\/schema\/logo\/image\/\"},\"sameAs\":[\"https:\/\/www.facebook.com\/EvolveFitnessEurope\"]}]}<\/script>\n<!-- \/ Yoast SEO plugin. -->","yoast_head_json":{"title":"Plaque d'appui en ur\u00e9thane 5-25kg pour le gymnase et la maison - Evolve","description":"Plaques de pare-chocs en ur\u00e9thane 5-25 kg : Durables, r\u00e9sistantes aux UV et calibr\u00e9es avec pr\u00e9cision. Parfaites pour les salles de sport priv\u00e9es ou commerciales, elles sont con\u00e7ues pour des performances durables.","robots":{"index":"index","follow":"follow","max-snippet":"max-snippet:-1","max-image-preview":"max-image-preview:large","max-video-preview":"max-video-preview:-1"},"canonical":"https:\/\/evolve-fitness.eu\/fr\/produit\/plaque-de-pare-chocs-en-urethane-evolve-cpu-5-25-kg\/","og_locale":"fr_FR","og_type":"article","og_title":"Plaque d'appui en ur\u00e9thane 5-25kg pour le gymnase et la maison - Evolve","og_description":"Plaques de pare-chocs en ur\u00e9thane 5-25 kg : Durables, r\u00e9sistantes aux UV et calibr\u00e9es avec pr\u00e9cision. Parfaites pour les salles de sport priv\u00e9es ou commerciales, elles sont con\u00e7ues pour des performances durables.","og_url":"https:\/\/evolve-fitness.eu\/fr\/produit\/plaque-de-pare-chocs-en-urethane-evolve-cpu-5-25-kg\/","og_site_name":"Evolve","article_publisher":"https:\/\/www.facebook.com\/EvolveFitnessEurope","article_modified_time":"2026-03-27T06:35:37+00:00","og_image":[{"width":680,"height":600,"url":"https:\/\/evolve-fitness.eu\/wp-content\/uploads\/2023\/10\/Evolve-CPU-Urethane-Bumper-Plate-5-25-kg.png","type":"image\/png"}],"twitter_card":"summary_large_image","schema":{"@context":"https:\/\/schema.org","@graph":[{"@type":"WebPage","@id":"https:\/\/evolve-fitness.eu\/fr\/produit\/plaque-de-pare-chocs-en-urethane-evolve-cpu-5-25-kg\/","url":"https:\/\/evolve-fitness.eu\/fr\/produit\/plaque-de-pare-chocs-en-urethane-evolve-cpu-5-25-kg\/","name":"Plaque d'appui en ur\u00e9thane 5-25kg pour le gymnase et la maison - Evolve","isPartOf":{"@id":"https:\/\/evolve-fitness.eu\/fr\/#website"},"primaryImageOfPage":{"@id":"https:\/\/evolve-fitness.eu\/fr\/produit\/plaque-de-pare-chocs-en-urethane-evolve-cpu-5-25-kg\/#primaryimage"},"image":{"@id":"https:\/\/evolve-fitness.eu\/fr\/produit\/plaque-de-pare-chocs-en-urethane-evolve-cpu-5-25-kg\/#primaryimage"},"thumbnailUrl":"https:\/\/evolve-fitness.eu\/wp-content\/uploads\/2023\/10\/Evolve-CPU-Urethane-Bumper-Plate-5-25-kg.png","datePublished":"2023-10-05T09:48:28+00:00","dateModified":"2026-03-27T06:35:37+00:00","description":"Plaques de pare-chocs en ur\u00e9thane 5-25 kg : Durables, r\u00e9sistantes aux UV et calibr\u00e9es avec pr\u00e9cision. Parfaites pour les salles de sport priv\u00e9es ou commerciales, elles sont con\u00e7ues pour des performances durables.","breadcrumb":{"@id":"https:\/\/evolve-fitness.eu\/fr\/produit\/plaque-de-pare-chocs-en-urethane-evolve-cpu-5-25-kg\/#breadcrumb"},"inLanguage":"fr-FR","potentialAction":[{"@type":"ReadAction","target":["https:\/\/evolve-fitness.eu\/fr\/produit\/plaque-de-pare-chocs-en-urethane-evolve-cpu-5-25-kg\/"]}]},{"@type":"ImageObject","inLanguage":"fr-FR","@id":"https:\/\/evolve-fitness.eu\/fr\/produit\/plaque-de-pare-chocs-en-urethane-evolve-cpu-5-25-kg\/#primaryimage","url":"https:\/\/evolve-fitness.eu\/wp-content\/uploads\/2023\/10\/Evolve-CPU-Urethane-Bumper-Plate-5-25-kg.png","contentUrl":"https:\/\/evolve-fitness.eu\/wp-content\/uploads\/2023\/10\/Evolve-CPU-Urethane-Bumper-Plate-5-25-kg.png","width":680,"height":600},{"@type":"BreadcrumbList","@id":"https:\/\/evolve-fitness.eu\/fr\/produit\/plaque-de-pare-chocs-en-urethane-evolve-cpu-5-25-kg\/#breadcrumb","itemListElement":[{"@type":"ListItem","position":1,"name":"Home","item":"https:\/\/evolve-fitness.eu\/fr\/"},{"@type":"ListItem","position":2,"name":"Produits","item":"https:\/\/evolve-fitness.eu\/fr\/shop\/"},{"@type":"ListItem","position":3,"name":"Plaque de pare-chocs CPU en ur\u00e9thane 5-25 kg"}]},{"@type":"WebSite","@id":"https:\/\/evolve-fitness.eu\/fr\/#website","url":"https:\/\/evolve-fitness.eu\/fr\/","name":"Evolve","description":"Your Evolved Gear Arrived","publisher":{"@id":"https:\/\/evolve-fitness.eu\/fr\/#organization"},"potentialAction":[{"@type":"SearchAction","target":{"@type":"EntryPoint","urlTemplate":"https:\/\/evolve-fitness.eu\/fr\/?s={search_term_string}"},"query-input":{"@type":"PropertyValueSpecification","valueRequired":true,"valueName":"search_term_string"}}],"inLanguage":"fr-FR"},{"@type":"Organization","@id":"https:\/\/evolve-fitness.eu\/fr\/#organization","name":"Evolve","url":"https:\/\/evolve-fitness.eu\/fr\/","logo":{"@type":"ImageObject","inLanguage":"fr-FR","@id":"https:\/\/evolve-fitness.eu\/fr\/#\/schema\/logo\/image\/","url":"https:\/\/evolve-fitness.eu\/wp-content\/uploads\/2023\/05\/Evolve-logo.svg","contentUrl":"https:\/\/evolve-fitness.eu\/wp-content\/uploads\/2023\/05\/Evolve-logo.svg","width":176,"height":20,"caption":"Evolve"},"image":{"@id":"https:\/\/evolve-fitness.eu\/fr\/#\/schema\/logo\/image\/"},"sameAs":["https:\/\/www.facebook.com\/EvolveFitnessEurope"]}]}},"_links":{"self":[{"href":"https:\/\/evolve-fitness.eu\/fr\/wp-json\/wp\/v2\/product\/73655","targetHints":{"allow":["GET"]}}],"collection":[{"href":"https:\/\/evolve-fitness.eu\/fr\/wp-json\/wp\/v2\/product"}],"about":[{"href":"https:\/\/evolve-fitness.eu\/fr\/wp-json\/wp\/v2\/types\/product"}],"wp:featuredmedia":[{"embeddable":true,"href":"https:\/\/evolve-fitness.eu\/fr\/wp-json\/wp\/v2\/media\/127001"}],"wp:attachment":[{"href":"https:\/\/evolve-fitness.eu\/fr\/wp-json\/wp\/v2\/media?parent=73655"}],"wp:term":[{"taxonomy":"product_brand","embeddable":true,"href":"https:\/\/evolve-fitness.eu\/fr\/wp-json\/wp\/v2\/product_brand?post=73655"},{"taxonomy":"product_cat","embeddable":true,"href":"https:\/\/evolve-fitness.eu\/fr\/wp-json\/wp\/v2\/product_cat?post=73655"},{"taxonomy":"product_tag","embeddable":true,"href":"https:\/\/evolve-fitness.eu\/fr\/wp-json\/wp\/v2\/product_tag?post=73655"}],"curies":[{"name":"wp","href":"https:\/\/api.w.org\/{rel}","templated":true}]}}