{"id":75923,"date":"2023-11-21T07:51:21","date_gmt":"2023-11-21T07:51:21","guid":{"rendered":"https:\/\/evolve-fitness.eu\/product\/evolve-prime-series-olympic-women-bar-201-cm-15-kg\/"},"modified":"2025-01-17T08:31:26","modified_gmt":"2025-01-17T08:31:26","slug":"evolve-prime-series-olympic-women-bar-201-cm-15-kg","status":"publish","type":"product","link":"https:\/\/evolve-fitness.eu\/fr\/produit\/evolve-prime-series-olympic-women-bar-201-cm-15-kg\/","title":{"rendered":"Evolve Prime Series Olympic Women Bar &#8211; 201 cm \/ 15 kg"},"content":{"rendered":"\n<section class=\"wp-block-group alignfull has-lightgray-background-color has-background is-layout-constrained wp-block-group-is-layout-constrained\">\n<div class=\"wp-block-columns alignwide is-layout-flex wp-container-core-columns-is-layout-2edb0647 wp-block-columns-is-layout-flex\" style=\"margin-top:0;margin-bottom:0\">\n<div class=\"wp-block-column is-layout-flow wp-block-column-is-layout-flow\" style=\"flex-basis:33.33%\"><\/div>\n\n\n\n<div class=\"wp-block-column is-layout-flow wp-block-column-is-layout-flow\" style=\"flex-basis:66.66%\"><\/div>\n<\/div>\n<\/section>\n\n<section class=\"wp-block-group alignfull black-content has-white-color has-darkgray-background-color has-text-color has-background is-layout-constrained wp-block-group-is-layout-constrained\" style=\"padding-top:var(--wp--preset--spacing--section-bottom);padding-bottom:var(--wp--preset--spacing--section-bottom)\">\n<div class=\"wp-block-columns alignwide mobile-reverse is-layout-flex wp-container-core-columns-is-layout-ca64bf2d wp-block-columns-is-layout-flex\" style=\"margin-bottom:var(--wp--preset--spacing--side-padding)\">\n<div class=\"wp-block-column is-vertically-aligned-center is-layout-flow wp-block-column-is-layout-flow\">\n<h3 class=\"wp-block-heading\" style=\"margin-bottom:var(--wp--preset--spacing--h-3-bottom)\"><strong>Conception angulaire innovante<\/strong><\/h3>\n\n\n\n<p><strong><em>Barre haute performance<\/em><\/strong><\/p>\n\n\n\n<p style=\"margin-bottom:var(--wp--preset--spacing--tb-section-padding)\">La barre olympique pour femmes Evolve Prime Series est con\u00e7ue pour les entra\u00eenements de haute intensit\u00e9 et l&rsquo;utilisation commerciale. Id\u00e9al pour les exercices tels que l&rsquo;arrach\u00e9, le nettoyage et le soulev\u00e9 de terre, il est de construction robuste. Cet halt\u00e8re est parfait pour les athl\u00e8tes professionnels et les passionn\u00e9s de fitness. Il am\u00e9liore les routines d&rsquo;entra\u00eenement musculaire avec fiabilit\u00e9 et pr\u00e9cision.<\/p>\n<\/div>\n\n\n\n<div class=\"wp-block-column is-vertically-aligned-center is-layout-flow wp-block-column-is-layout-flow\">\n<figure class=\"wp-block-video\"><video height=\"1080\" style=\"aspect-ratio: 1920 \/ 1080;\" width=\"1920\" autoplay=\"\" controls=\"\" loop=\"\" muted=\"\" src=\"https:\/\/evolve-fitness.eu\/wp-content\/uploads\/2024\/07\/women-bar.mp4\"><\/video><\/figure>\n<\/div>\n<\/div>\n<\/section>\n","protected":false},"excerpt":{"rendered":"<p>La barre olympique pour femmes Evolve Prime Series, qui mesure 201 cm et p\u00e8se 15 kg, est un chef-d&rsquo;\u0153uvre de l&rsquo;\u00e9quipement de musculation. Sp\u00e9cialement con\u00e7u pour les entra\u00eenements \u00e0 domicile de haute intensit\u00e9 et pour une utilisation commerciale rigoureuse, cet halt\u00e8re se distingue par sa construction robuste comprenant 6 roulements \u00e0 aiguilles et 2 roulements \u00e0 billes associ\u00e9s \u00e0 des bagues en cuivre. Cette conception garantit une durabilit\u00e9 exceptionnelle et une rotation en douceur, capable de supporter une charge maximale de 900 kg. Avec un diam\u00e8tre de 50 mm pour la douille de la plaque de poids, une molette tranchante conforme \u00e0 la norme IWF pour une prise s\u00fbre et une finition chrom\u00e9e \u00e9l\u00e9gante sur la barre int\u00e9rieure et la surface de la douille de poids, c&rsquo;est un choix id\u00e9al pour les halt\u00e9rophiles s\u00e9rieux. De plus, l&rsquo;halt\u00e8re b\u00e9n\u00e9ficie d&rsquo;une garantie rassurante de 2 ans. Que vous soyez une athl\u00e8te professionnelle ou une adepte du fitness, la barre olympique pour femmes Evolve Prime Series est con\u00e7ue pour r\u00e9pondre \u00e0 tous vos besoins en mati\u00e8re de levage.<\/p>\n","protected":false},"featured_media":69366,"template":"","meta":{"_acf_changed":false,"inline_featured_image":false},"product_brand":[],"product_cat":[1452,3827],"product_tag":[],"class_list":{"0":"post-75923","1":"product","2":"type-product","3":"status-publish","4":"has-post-thumbnail","6":"product_cat-poids-libres","7":"product_cat-bars-et-accessoires","9":"first","10":"instock","11":"shipping-taxable","12":"purchasable","13":"product-type-simple"},"acf":{"long_title":"Evolve Prime Series Olympic Women Bar - 201 cm \/ 15 kg","subtitle":"","specifications":[{"label":"SKU","text_value":"EV-OB-PR-201","icon":"x"},{"label":"Poids","text_value":"15 kg","icon":"v"},{"label":"Garantie","text_value":"2 ans","icon":"v"},{"label":"Charge maximale","text_value":"900 kg","icon":"v"},{"label":"Diam\u00e8tre de la douille de la plaque de poids","text_value":"\u00d8 51 mm","icon":"v"},{"label":"Longueur","text_value":"2010 mm","icon":"v"},{"label":"Diam\u00e8tre int\u00e9rieur de la barre","text_value":"\u00d8 25 mm","icon":"v"},{"label":"Paliers et coussinets","text_value":"Roulements \u00e0 aiguilles et bagues","icon":"v"},{"label":"Surface int\u00e9rieure de la barre","text_value":"Chrome","icon":"v"},{"label":"Surface du manchon du poids de la barre","text_value":"Chrome","icon":"v"},{"label":"Longueur de la douille pour les poids","text_value":"320 mm","icon":"v"},{"label":"Profondeur de la molette","text_value":"1,5 mm","icon":"v"},{"label":"Type de molette","text_value":"FMI","icon":"v"},{"label":"Nettet\u00e9 de la molette","text_value":"Pointu","icon":"v"}]},"yoast_head":"<!-- This site is optimized with the Yoast SEO plugin v26.6 - https:\/\/yoast.com\/wordpress\/plugins\/seo\/ -->\n<title>Evolve Prime Series Olympic Women Bar - 201 cm \/ 15 kg - Evolve<\/title>\n<meta name=\"robots\" content=\"index, follow, max-snippet:-1, max-image-preview:large, max-video-preview:-1\" \/>\n<link rel=\"canonical\" href=\"https:\/\/evolve-fitness.eu\/fr\/produit\/evolve-prime-series-olympic-women-bar-201-cm-15-kg\/\" \/>\n<meta property=\"og:locale\" content=\"fr_FR\" \/>\n<meta property=\"og:type\" content=\"article\" \/>\n<meta property=\"og:title\" content=\"Evolve Prime Series Olympic Women Bar - 201 cm \/ 15 kg - Evolve\" \/>\n<meta property=\"og:url\" content=\"https:\/\/evolve-fitness.eu\/fr\/produit\/evolve-prime-series-olympic-women-bar-201-cm-15-kg\/\" \/>\n<meta property=\"og:site_name\" content=\"Evolve\" \/>\n<meta property=\"article:publisher\" content=\"https:\/\/www.facebook.com\/EvolveFitnessEurope\" \/>\n<meta property=\"article:modified_time\" content=\"2025-01-17T08:31:26+00:00\" \/>\n<meta property=\"og:image\" content=\"https:\/\/evolve-fitness.eu\/wp-content\/uploads\/2023\/11\/Evolve-Prime-Series-Olympic-Women-Bar-201-cm-1.png\" \/>\n\t<meta property=\"og:image:width\" content=\"680\" \/>\n\t<meta property=\"og:image:height\" content=\"600\" \/>\n\t<meta property=\"og:image:type\" content=\"image\/png\" \/>\n<meta name=\"twitter:card\" content=\"summary_large_image\" \/>\n<script type=\"application\/ld+json\" class=\"yoast-schema-graph\">{\"@context\":\"https:\/\/schema.org\",\"@graph\":[{\"@type\":\"WebPage\",\"@id\":\"https:\/\/evolve-fitness.eu\/fr\/produit\/evolve-prime-series-olympic-women-bar-201-cm-15-kg\/\",\"url\":\"https:\/\/evolve-fitness.eu\/fr\/produit\/evolve-prime-series-olympic-women-bar-201-cm-15-kg\/\",\"name\":\"Evolve Prime Series Olympic Women Bar - 201 cm \/ 15 kg - Evolve\",\"isPartOf\":{\"@id\":\"https:\/\/evolve-fitness.eu\/fr\/#website\"},\"primaryImageOfPage\":{\"@id\":\"https:\/\/evolve-fitness.eu\/fr\/produit\/evolve-prime-series-olympic-women-bar-201-cm-15-kg\/#primaryimage\"},\"image\":{\"@id\":\"https:\/\/evolve-fitness.eu\/fr\/produit\/evolve-prime-series-olympic-women-bar-201-cm-15-kg\/#primaryimage\"},\"thumbnailUrl\":\"https:\/\/evolve-fitness.eu\/wp-content\/uploads\/2023\/11\/Evolve-Prime-Series-Olympic-Women-Bar-201-cm-1.png\",\"datePublished\":\"2023-11-21T07:51:21+00:00\",\"dateModified\":\"2025-01-17T08:31:26+00:00\",\"breadcrumb\":{\"@id\":\"https:\/\/evolve-fitness.eu\/fr\/produit\/evolve-prime-series-olympic-women-bar-201-cm-15-kg\/#breadcrumb\"},\"inLanguage\":\"fr-FR\",\"potentialAction\":[{\"@type\":\"ReadAction\",\"target\":[\"https:\/\/evolve-fitness.eu\/fr\/produit\/evolve-prime-series-olympic-women-bar-201-cm-15-kg\/\"]}]},{\"@type\":\"ImageObject\",\"inLanguage\":\"fr-FR\",\"@id\":\"https:\/\/evolve-fitness.eu\/fr\/produit\/evolve-prime-series-olympic-women-bar-201-cm-15-kg\/#primaryimage\",\"url\":\"https:\/\/evolve-fitness.eu\/wp-content\/uploads\/2023\/11\/Evolve-Prime-Series-Olympic-Women-Bar-201-cm-1.png\",\"contentUrl\":\"https:\/\/evolve-fitness.eu\/wp-content\/uploads\/2023\/11\/Evolve-Prime-Series-Olympic-Women-Bar-201-cm-1.png\",\"width\":680,\"height\":600,\"caption\":\"EV-OB-PR-220\"},{\"@type\":\"BreadcrumbList\",\"@id\":\"https:\/\/evolve-fitness.eu\/fr\/produit\/evolve-prime-series-olympic-women-bar-201-cm-15-kg\/#breadcrumb\",\"itemListElement\":[{\"@type\":\"ListItem\",\"position\":1,\"name\":\"Home\",\"item\":\"https:\/\/evolve-fitness.eu\/fr\/\"},{\"@type\":\"ListItem\",\"position\":2,\"name\":\"Produits\",\"item\":\"https:\/\/evolve-fitness.eu\/fr\/shop\/\"},{\"@type\":\"ListItem\",\"position\":3,\"name\":\"Evolve Prime Series Olympic Women Bar &#8211; 201 cm \/ 15 kg\"}]},{\"@type\":\"WebSite\",\"@id\":\"https:\/\/evolve-fitness.eu\/fr\/#website\",\"url\":\"https:\/\/evolve-fitness.eu\/fr\/\",\"name\":\"Evolve\",\"description\":\"Your Evolved Gear Arrived\",\"publisher\":{\"@id\":\"https:\/\/evolve-fitness.eu\/fr\/#organization\"},\"potentialAction\":[{\"@type\":\"SearchAction\",\"target\":{\"@type\":\"EntryPoint\",\"urlTemplate\":\"https:\/\/evolve-fitness.eu\/fr\/?s={search_term_string}\"},\"query-input\":{\"@type\":\"PropertyValueSpecification\",\"valueRequired\":true,\"valueName\":\"search_term_string\"}}],\"inLanguage\":\"fr-FR\"},{\"@type\":\"Organization\",\"@id\":\"https:\/\/evolve-fitness.eu\/fr\/#organization\",\"name\":\"Evolve\",\"url\":\"https:\/\/evolve-fitness.eu\/fr\/\",\"logo\":{\"@type\":\"ImageObject\",\"inLanguage\":\"fr-FR\",\"@id\":\"https:\/\/evolve-fitness.eu\/fr\/#\/schema\/logo\/image\/\",\"url\":\"https:\/\/evolve-fitness.eu\/wp-content\/uploads\/2023\/05\/Evolve-logo.svg\",\"contentUrl\":\"https:\/\/evolve-fitness.eu\/wp-content\/uploads\/2023\/05\/Evolve-logo.svg\",\"width\":176,\"height\":20,\"caption\":\"Evolve\"},\"image\":{\"@id\":\"https:\/\/evolve-fitness.eu\/fr\/#\/schema\/logo\/image\/\"},\"sameAs\":[\"https:\/\/www.facebook.com\/EvolveFitnessEurope\"]}]}<\/script>\n<!-- \/ Yoast SEO plugin. -->","yoast_head_json":{"title":"Evolve Prime Series Olympic Women Bar - 201 cm \/ 15 kg - Evolve","robots":{"index":"index","follow":"follow","max-snippet":"max-snippet:-1","max-image-preview":"max-image-preview:large","max-video-preview":"max-video-preview:-1"},"canonical":"https:\/\/evolve-fitness.eu\/fr\/produit\/evolve-prime-series-olympic-women-bar-201-cm-15-kg\/","og_locale":"fr_FR","og_type":"article","og_title":"Evolve Prime Series Olympic Women Bar - 201 cm \/ 15 kg - Evolve","og_url":"https:\/\/evolve-fitness.eu\/fr\/produit\/evolve-prime-series-olympic-women-bar-201-cm-15-kg\/","og_site_name":"Evolve","article_publisher":"https:\/\/www.facebook.com\/EvolveFitnessEurope","article_modified_time":"2025-01-17T08:31:26+00:00","og_image":[{"width":680,"height":600,"url":"https:\/\/evolve-fitness.eu\/wp-content\/uploads\/2023\/11\/Evolve-Prime-Series-Olympic-Women-Bar-201-cm-1.png","type":"image\/png"}],"twitter_card":"summary_large_image","schema":{"@context":"https:\/\/schema.org","@graph":[{"@type":"WebPage","@id":"https:\/\/evolve-fitness.eu\/fr\/produit\/evolve-prime-series-olympic-women-bar-201-cm-15-kg\/","url":"https:\/\/evolve-fitness.eu\/fr\/produit\/evolve-prime-series-olympic-women-bar-201-cm-15-kg\/","name":"Evolve Prime Series Olympic Women Bar - 201 cm \/ 15 kg - Evolve","isPartOf":{"@id":"https:\/\/evolve-fitness.eu\/fr\/#website"},"primaryImageOfPage":{"@id":"https:\/\/evolve-fitness.eu\/fr\/produit\/evolve-prime-series-olympic-women-bar-201-cm-15-kg\/#primaryimage"},"image":{"@id":"https:\/\/evolve-fitness.eu\/fr\/produit\/evolve-prime-series-olympic-women-bar-201-cm-15-kg\/#primaryimage"},"thumbnailUrl":"https:\/\/evolve-fitness.eu\/wp-content\/uploads\/2023\/11\/Evolve-Prime-Series-Olympic-Women-Bar-201-cm-1.png","datePublished":"2023-11-21T07:51:21+00:00","dateModified":"2025-01-17T08:31:26+00:00","breadcrumb":{"@id":"https:\/\/evolve-fitness.eu\/fr\/produit\/evolve-prime-series-olympic-women-bar-201-cm-15-kg\/#breadcrumb"},"inLanguage":"fr-FR","potentialAction":[{"@type":"ReadAction","target":["https:\/\/evolve-fitness.eu\/fr\/produit\/evolve-prime-series-olympic-women-bar-201-cm-15-kg\/"]}]},{"@type":"ImageObject","inLanguage":"fr-FR","@id":"https:\/\/evolve-fitness.eu\/fr\/produit\/evolve-prime-series-olympic-women-bar-201-cm-15-kg\/#primaryimage","url":"https:\/\/evolve-fitness.eu\/wp-content\/uploads\/2023\/11\/Evolve-Prime-Series-Olympic-Women-Bar-201-cm-1.png","contentUrl":"https:\/\/evolve-fitness.eu\/wp-content\/uploads\/2023\/11\/Evolve-Prime-Series-Olympic-Women-Bar-201-cm-1.png","width":680,"height":600,"caption":"EV-OB-PR-220"},{"@type":"BreadcrumbList","@id":"https:\/\/evolve-fitness.eu\/fr\/produit\/evolve-prime-series-olympic-women-bar-201-cm-15-kg\/#breadcrumb","itemListElement":[{"@type":"ListItem","position":1,"name":"Home","item":"https:\/\/evolve-fitness.eu\/fr\/"},{"@type":"ListItem","position":2,"name":"Produits","item":"https:\/\/evolve-fitness.eu\/fr\/shop\/"},{"@type":"ListItem","position":3,"name":"Evolve Prime Series Olympic Women Bar &#8211; 201 cm \/ 15 kg"}]},{"@type":"WebSite","@id":"https:\/\/evolve-fitness.eu\/fr\/#website","url":"https:\/\/evolve-fitness.eu\/fr\/","name":"Evolve","description":"Your Evolved Gear Arrived","publisher":{"@id":"https:\/\/evolve-fitness.eu\/fr\/#organization"},"potentialAction":[{"@type":"SearchAction","target":{"@type":"EntryPoint","urlTemplate":"https:\/\/evolve-fitness.eu\/fr\/?s={search_term_string}"},"query-input":{"@type":"PropertyValueSpecification","valueRequired":true,"valueName":"search_term_string"}}],"inLanguage":"fr-FR"},{"@type":"Organization","@id":"https:\/\/evolve-fitness.eu\/fr\/#organization","name":"Evolve","url":"https:\/\/evolve-fitness.eu\/fr\/","logo":{"@type":"ImageObject","inLanguage":"fr-FR","@id":"https:\/\/evolve-fitness.eu\/fr\/#\/schema\/logo\/image\/","url":"https:\/\/evolve-fitness.eu\/wp-content\/uploads\/2023\/05\/Evolve-logo.svg","contentUrl":"https:\/\/evolve-fitness.eu\/wp-content\/uploads\/2023\/05\/Evolve-logo.svg","width":176,"height":20,"caption":"Evolve"},"image":{"@id":"https:\/\/evolve-fitness.eu\/fr\/#\/schema\/logo\/image\/"},"sameAs":["https:\/\/www.facebook.com\/EvolveFitnessEurope"]}]}},"_links":{"self":[{"href":"https:\/\/evolve-fitness.eu\/fr\/wp-json\/wp\/v2\/product\/75923","targetHints":{"allow":["GET"]}}],"collection":[{"href":"https:\/\/evolve-fitness.eu\/fr\/wp-json\/wp\/v2\/product"}],"about":[{"href":"https:\/\/evolve-fitness.eu\/fr\/wp-json\/wp\/v2\/types\/product"}],"wp:featuredmedia":[{"embeddable":true,"href":"https:\/\/evolve-fitness.eu\/fr\/wp-json\/wp\/v2\/media\/69366"}],"wp:attachment":[{"href":"https:\/\/evolve-fitness.eu\/fr\/wp-json\/wp\/v2\/media?parent=75923"}],"wp:term":[{"taxonomy":"product_brand","embeddable":true,"href":"https:\/\/evolve-fitness.eu\/fr\/wp-json\/wp\/v2\/product_brand?post=75923"},{"taxonomy":"product_cat","embeddable":true,"href":"https:\/\/evolve-fitness.eu\/fr\/wp-json\/wp\/v2\/product_cat?post=75923"},{"taxonomy":"product_tag","embeddable":true,"href":"https:\/\/evolve-fitness.eu\/fr\/wp-json\/wp\/v2\/product_tag?post=75923"}],"curies":[{"name":"wp","href":"https:\/\/api.w.org\/{rel}","templated":true}]}}