{"id":76718,"date":"2024-01-18T14:45:11","date_gmt":"2024-01-18T14:45:11","guid":{"rendered":"https:\/\/evolve-fitness.eu\/product\/evolve-ultra-series-cpu-urethane-dumbbells-10-60-kg\/"},"modified":"2024-03-15T04:01:49","modified_gmt":"2024-03-15T04:01:49","slug":"evolve-ultra-series-cpu-urethane-dumbbells-10-60-kg","status":"publish","type":"product","link":"https:\/\/evolve-fitness.eu\/fr\/produit\/evolve-ultra-series-cpu-urethane-dumbbells-10-60-kg\/","title":{"rendered":"Evolve Ultra Series CPU Urethane Dumbbells 10-60 kg"},"content":{"rendered":"\n<section class=\"wp-block-group alignfull has-lightgray-background-color has-background is-layout-constrained wp-block-group-is-layout-constrained\">\n<div class=\"wp-block-columns alignwide is-layout-flex wp-container-core-columns-is-layout-2edb0647 wp-block-columns-is-layout-flex\" style=\"margin-top:0;margin-bottom:0\">\n<div class=\"wp-block-column is-layout-flow wp-block-column-is-layout-flow\" style=\"flex-basis:33.33%\"><\/div>\n\n\n\n<div class=\"wp-block-column is-layout-flow wp-block-column-is-layout-flow\" style=\"flex-basis:66.66%\"><\/div>\n<\/div>\n<\/section>\n\n<section class=\"wp-block-group alignfull black-content has-white-color has-darkgray-background-color has-text-color has-background is-layout-constrained wp-block-group-is-layout-constrained\" style=\"padding-top:var(--wp--preset--spacing--section-bottom);padding-bottom:var(--wp--preset--spacing--section-bottom)\">\n<div class=\"wp-block-columns alignwide mobile-reverse is-layout-flex wp-container-core-columns-is-layout-ca64bf2d wp-block-columns-is-layout-flex\" style=\"margin-bottom:var(--wp--preset--spacing--side-padding)\">\n<div class=\"wp-block-column is-vertically-aligned-center is-layout-flow wp-block-column-is-layout-flow\">\n<h3 class=\"wp-block-heading\" style=\"margin-bottom:var(--wp--preset--spacing--h-3-bottom)\">Personnalisable et \u00e9l\u00e9gant<\/h3>\n\n\n\n<p><strong><em><strong><em>Am\u00e9liorez l&rsquo;image de marque de votre salle de sport<\/em><\/strong><\/em><\/strong><\/p>\n\n\n\n<p style=\"margin-bottom:var(--wp--preset--spacing--tb-section-padding)\">Au-del\u00e0 de leur durabilit\u00e9 exceptionnelle, les halt\u00e8res en ur\u00e9thane Evolve offrent des options de personnalisation pour rehausser l&rsquo;image de marque et l&rsquo;esth\u00e9tique de votre salle de sport. Ajoutez votre logo et choisissez des couleurs personnalis\u00e9es pour cr\u00e9er une exp\u00e9rience d&rsquo;entra\u00eenement unique, qui distinguera votre salle de sport de ses concurrents et laissera une impression durable \u00e0 vos membres.<\/p>\n<\/div>\n\n\n\n<div class=\"wp-block-column is-vertically-aligned-center is-layout-flow wp-block-column-is-layout-flow\">\n<figure class=\"wp-block-video\"><video height=\"1080\" style=\"aspect-ratio: 1920 \/ 1080;\" width=\"1920\" autoplay=\"\" controls=\"\" loop=\"\" muted=\"\" src=\"https:\/\/evolve-fitness.eu\/wp-content\/uploads\/2024\/01\/EV-DB-CP-10-60-Evolve-Ultra-Series-CPU-Urethane-Dumbbells-3D.mp4\"><\/video><\/figure>\n<\/div>\n<\/div>\n\n\n\n<div class=\"wp-block-columns alignwide is-layout-flex wp-container-core-columns-is-layout-c45ee707 wp-block-columns-is-layout-flex\" style=\"margin-bottom:var(--wp--preset--spacing--side-padding);padding-top:var(--wp--preset--spacing--side-padding)\">\n<div class=\"wp-block-column is-vertically-aligned-center is-layout-flow wp-block-column-is-layout-flow\">\n<figure class=\"wp-block-image size-large\"><img loading=\"lazy\" decoding=\"async\" width=\"1024\" height=\"1024\" src=\"https:\/\/evolve-fitness.eu\/wp-content\/uploads\/2024\/01\/EV-DB-CP-10-60-Evolve-Ultra-Series-CPU-Urethane-Dumbbells-PNG-Full-3-1024x1024.png\" alt=\"EV-DB-CP-10-60\" class=\"wp-image-10469\" srcset=\"https:\/\/evolve-fitness.eu\/wp-content\/uploads\/2024\/01\/EV-DB-CP-10-60-Evolve-Ultra-Series-CPU-Urethane-Dumbbells-PNG-Full-3-1024x1024.png 1024w, https:\/\/evolve-fitness.eu\/wp-content\/uploads\/2024\/01\/EV-DB-CP-10-60-Evolve-Ultra-Series-CPU-Urethane-Dumbbells-PNG-Full-3-300x300.png 300w, https:\/\/evolve-fitness.eu\/wp-content\/uploads\/2024\/01\/EV-DB-CP-10-60-Evolve-Ultra-Series-CPU-Urethane-Dumbbells-PNG-Full-3-150x150.png 150w, https:\/\/evolve-fitness.eu\/wp-content\/uploads\/2024\/01\/EV-DB-CP-10-60-Evolve-Ultra-Series-CPU-Urethane-Dumbbells-PNG-Full-3-600x600.png 600w, https:\/\/evolve-fitness.eu\/wp-content\/uploads\/2024\/01\/EV-DB-CP-10-60-Evolve-Ultra-Series-CPU-Urethane-Dumbbells-PNG-Full-3-768x768.png 768w, https:\/\/evolve-fitness.eu\/wp-content\/uploads\/2024\/01\/EV-DB-CP-10-60-Evolve-Ultra-Series-CPU-Urethane-Dumbbells-PNG-Full-3-1536x1536.png 1536w, https:\/\/evolve-fitness.eu\/wp-content\/uploads\/2024\/01\/EV-DB-CP-10-60-Evolve-Ultra-Series-CPU-Urethane-Dumbbells-PNG-Full-3.png 1600w\" sizes=\"auto, (max-width: 1024px) 100vw, 1024px\" \/><\/figure>\n<\/div>\n\n\n\n<div class=\"wp-block-column is-vertically-aligned-center is-layout-constrained wp-block-column-is-layout-constrained\">\n<h3 class=\"wp-block-heading\" style=\"margin-bottom:var(--wp--preset--spacing--h-3-bottom)\"><strong>Pourquoi l&rsquo;ur\u00e9thane est le meilleur<\/strong><\/h3>\n\n\n\n<p><em><strong>Le choix fiable pour les propri\u00e9taires de salles de sport<\/strong><\/em><\/p>\n\n\n\n<p style=\"margin-bottom:var(--wp--preset--spacing--tb-section-padding)\">En tant que propri\u00e9taire de salle de sport \u00e0 la recherche d&rsquo;un \u00e9quipement fiable et durable, les halt\u00e8res en ur\u00e9thane d&rsquo;Evolve sont votre solution ultime. Fabriqu\u00e9s en ur\u00e9thane de premi\u00e8re qualit\u00e9, ces halt\u00e8res offrent une durabilit\u00e9 in\u00e9gal\u00e9e, ce qui les rend id\u00e9aux pour les exigences des salles de sport commerciales. Dites adieu aux rayures, \u00e0 l&rsquo;\u00e9caillage ou au d\u00e9collement &#8211; ces halt\u00e8res conservent leur aspect impeccable pendant des ann\u00e9es, offrant une option \u00e9conomique qui \u00e9limine le besoin de remplacements fr\u00e9quents.<\/p>\n<\/div>\n<\/div>\n\n\n\n<div class=\"wp-block-columns alignwide is-layout-flex wp-container-core-columns-is-layout-c45ee707 wp-block-columns-is-layout-flex\" style=\"margin-bottom:var(--wp--preset--spacing--side-padding);padding-top:var(--wp--preset--spacing--side-padding)\">\n<div class=\"wp-block-column is-vertically-aligned-center is-layout-flow wp-block-column-is-layout-flow\">\n<h3 class=\"wp-block-heading\" style=\"margin-bottom:var(--wp--preset--spacing--h-3-bottom)\">Moulage de pr\u00e9cision<\/h3>\n\n\n\n<p><strong><em>Des performances constantes<\/em><\/strong><\/p>\n\n\n\n<p>Chez Evolve, nous privil\u00e9gions la pr\u00e9cision du moulage pour garantir un poids uniforme et des performances in\u00e9branlables pour chaque halt\u00e8re. Contrairement aux halt\u00e8res standard dont le poids n&rsquo;est pas homog\u00e8ne, les halt\u00e8res Evolve sont m\u00e9ticuleusement fabriqu\u00e9s selon des sp\u00e9cifications exactes, ce qui permet d&rsquo;obtenir un poids et une sensation homog\u00e8nes pour une meilleure pr\u00e9cision de l&rsquo;entra\u00eenement.<\/p>\n\n\n\n<p><\/p>\n\n\n\n<h3 class=\"wp-block-heading\" style=\"margin-bottom:var(--wp--preset--spacing--h-3-bottom)\">Grande vari\u00e9t\u00e9 de poids<\/h3>\n\n\n\n<p><strong><em>Adaptable \u00e0 tous les niveaux de forme physique<\/em><\/strong><\/p>\n\n\n\n<p style=\"margin-bottom:var(--wp--preset--spacing--tb-section-padding)\">De 10 \u00e0 60 kg, les halt\u00e8res en ur\u00e9thane Evolve s&rsquo;adressent \u00e0 tous les niveaux de condition physique et r\u00e9pondent \u00e0 divers besoins d&rsquo;entra\u00eenement. Ces halt\u00e8res offrent des augmentations de poids pr\u00e9cises et progressives, assurant une progression sans faille pour les parcours de remise en forme de vos membres.<\/p>\n<\/div>\n\n\n\n<div class=\"wp-block-column is-vertically-aligned-center is-layout-flow wp-block-column-is-layout-flow\">\n<div class=\"wp-block-columns is-layout-flex wp-container-core-columns-is-layout-9d6595d7 wp-block-columns-is-layout-flex\">\n<div class=\"wp-block-column is-layout-flow wp-block-column-is-layout-flow\">\n<figure class=\"wp-block-image size-large\"><img loading=\"lazy\" decoding=\"async\" width=\"1024\" height=\"1024\" src=\"https:\/\/evolve-fitness.eu\/wp-content\/uploads\/2024\/01\/Dumbell-Handle-Dimenions-1024x1024.jpg\" alt=\"EV-DB-CP-10-60\" class=\"wp-image-10505\" srcset=\"https:\/\/evolve-fitness.eu\/wp-content\/uploads\/2024\/01\/Dumbell-Handle-Dimenions-1024x1024.jpg 1024w, https:\/\/evolve-fitness.eu\/wp-content\/uploads\/2024\/01\/Dumbell-Handle-Dimenions-300x300.jpg 300w, https:\/\/evolve-fitness.eu\/wp-content\/uploads\/2024\/01\/Dumbell-Handle-Dimenions-150x150.jpg 150w, https:\/\/evolve-fitness.eu\/wp-content\/uploads\/2024\/01\/Dumbell-Handle-Dimenions-600x600.jpg 600w, https:\/\/evolve-fitness.eu\/wp-content\/uploads\/2024\/01\/Dumbell-Handle-Dimenions-768x768.jpg 768w, https:\/\/evolve-fitness.eu\/wp-content\/uploads\/2024\/01\/Dumbell-Handle-Dimenions.jpg 1500w\" sizes=\"auto, (max-width: 1024px) 100vw, 1024px\" \/><\/figure>\n<\/div>\n<\/div>\n<\/div>\n<\/div>\n<\/section>\n","protected":false},"excerpt":{"rendered":"<p>D\u00e9couvrez le summum de l&rsquo;entra\u00eenement musculaire avec les halt\u00e8res en ur\u00e9thane CPU de la s\u00e9rie Ultra d&rsquo;Evolve Fitness, de 10 \u00e0 60 kg. Con\u00e7us pour les amateurs de fitness et les athl\u00e8tes professionnels, ces halt\u00e8res en ur\u00e9thane de premi\u00e8re qualit\u00e9 offrent une durabilit\u00e9 in\u00e9gal\u00e9e et un \u00e9quilibre de pr\u00e9cision. Les halt\u00e8res Evolve Ultra Series sont fabriqu\u00e9s avec une formulation CPU (Compound Polyurethane) unique, garantissant des performances durables dans n&rsquo;importe quelle salle de sport ou environnement d&rsquo;entra\u00eenement \u00e0 domicile. Chaque halt\u00e8re est m\u00e9ticuleusement con\u00e7u pour une manipulation ergonomique, offrant une prise confortable et s\u00fbre pour vos exercices de musculation quotidiens. Am\u00e9liorez votre \u00e9quipement d&rsquo;entra\u00eenement avec les halt\u00e8res Evolve Ultra Series et passez \u00e0 la vitesse sup\u00e9rieure. Parfaits pour une large gamme d&rsquo;exercices, de l&rsquo;halt\u00e9rophilie de base \u00e0 des routines d&rsquo;entra\u00eenement plus complexes, ces halt\u00e8res en ur\u00e9thane constituent un compl\u00e9ment polyvalent \u00e0 tout programme de remise en forme.<\/p>\n","protected":false},"featured_media":76719,"template":"","meta":{"_acf_changed":false,"inline_featured_image":false},"product_brand":[],"product_cat":[1452,2508],"product_tag":[],"class_list":{"0":"post-76718","1":"product","2":"type-product","3":"status-publish","4":"has-post-thumbnail","6":"product_cat-poids-libres","7":"product_cat-halteres","9":"first","10":"instock","11":"shipping-taxable","12":"purchasable","13":"product-type-simple"},"acf":{"long_title":"Evolve Ultra Series CPU Urethane Dumbbells 10-60 kg","subtitle":"","specifications":[{"label":"SKU","text_value":"EV-DB-CP-10-60","icon":"x"},{"label":"Gamme de poids","text_value":"10 kg - 60 kg","icon":"x"},{"label":"Poign\u00e9e","text_value":"Poign\u00e9es molet\u00e9es chrom\u00e9es dures","icon":"x"},{"label":"Mat\u00e9riau","text_value":"  Ur\u00e9thane CPU de haute qualit\u00e9","icon":"x"},{"label":"Moulage de pr\u00e9cision","text_value":"Garantit un poids uniforme et des performances constantes","icon":"x"},{"label":"Personnalisation","text_value":"Options pour le marquage de la salle de sport, y compris des logos et des couleurs d\u00e9coup\u00e9s au laser","icon":"x"}]},"yoast_head":"<!-- This site is optimized with the Yoast SEO plugin v26.6 - https:\/\/yoast.com\/wordpress\/plugins\/seo\/ -->\n<title>Evolve Ultra Series CPU Urethane Dumbbells 10-60 kg - Evolve<\/title>\n<meta name=\"robots\" content=\"index, follow, max-snippet:-1, max-image-preview:large, max-video-preview:-1\" \/>\n<link rel=\"canonical\" href=\"https:\/\/evolve-fitness.eu\/fr\/produit\/evolve-ultra-series-cpu-urethane-dumbbells-10-60-kg\/\" \/>\n<meta property=\"og:locale\" content=\"fr_FR\" \/>\n<meta property=\"og:type\" content=\"article\" \/>\n<meta property=\"og:title\" content=\"Evolve Ultra Series CPU Urethane Dumbbells 10-60 kg - Evolve\" \/>\n<meta property=\"og:url\" content=\"https:\/\/evolve-fitness.eu\/fr\/produit\/evolve-ultra-series-cpu-urethane-dumbbells-10-60-kg\/\" \/>\n<meta property=\"og:site_name\" content=\"Evolve\" \/>\n<meta property=\"article:publisher\" content=\"https:\/\/www.facebook.com\/EvolveFitnessEurope\" \/>\n<meta property=\"article:modified_time\" content=\"2024-03-15T04:01:49+00:00\" \/>\n<meta property=\"og:image\" content=\"https:\/\/evolve-fitness.eu\/wp-content\/uploads\/2024\/01\/EV-DB-CP-10-60-Evolve-Ultra-Series-CPU-Urethane-Dumbbells-PNG.png\" \/>\n\t<meta property=\"og:image:width\" content=\"680\" \/>\n\t<meta property=\"og:image:height\" content=\"600\" \/>\n\t<meta property=\"og:image:type\" content=\"image\/png\" \/>\n<meta name=\"twitter:card\" content=\"summary_large_image\" \/>\n<script type=\"application\/ld+json\" class=\"yoast-schema-graph\">{\"@context\":\"https:\/\/schema.org\",\"@graph\":[{\"@type\":\"WebPage\",\"@id\":\"https:\/\/evolve-fitness.eu\/fr\/produit\/evolve-ultra-series-cpu-urethane-dumbbells-10-60-kg\/\",\"url\":\"https:\/\/evolve-fitness.eu\/fr\/produit\/evolve-ultra-series-cpu-urethane-dumbbells-10-60-kg\/\",\"name\":\"Evolve Ultra Series CPU Urethane Dumbbells 10-60 kg - Evolve\",\"isPartOf\":{\"@id\":\"https:\/\/evolve-fitness.eu\/fr\/#website\"},\"primaryImageOfPage\":{\"@id\":\"https:\/\/evolve-fitness.eu\/fr\/produit\/evolve-ultra-series-cpu-urethane-dumbbells-10-60-kg\/#primaryimage\"},\"image\":{\"@id\":\"https:\/\/evolve-fitness.eu\/fr\/produit\/evolve-ultra-series-cpu-urethane-dumbbells-10-60-kg\/#primaryimage\"},\"thumbnailUrl\":\"https:\/\/evolve-fitness.eu\/wp-content\/uploads\/2024\/01\/EV-DB-CP-10-60-Evolve-Ultra-Series-CPU-Urethane-Dumbbells-PNG.png\",\"datePublished\":\"2024-01-18T14:45:11+00:00\",\"dateModified\":\"2024-03-15T04:01:49+00:00\",\"breadcrumb\":{\"@id\":\"https:\/\/evolve-fitness.eu\/fr\/produit\/evolve-ultra-series-cpu-urethane-dumbbells-10-60-kg\/#breadcrumb\"},\"inLanguage\":\"fr-FR\",\"potentialAction\":[{\"@type\":\"ReadAction\",\"target\":[\"https:\/\/evolve-fitness.eu\/fr\/produit\/evolve-ultra-series-cpu-urethane-dumbbells-10-60-kg\/\"]}]},{\"@type\":\"ImageObject\",\"inLanguage\":\"fr-FR\",\"@id\":\"https:\/\/evolve-fitness.eu\/fr\/produit\/evolve-ultra-series-cpu-urethane-dumbbells-10-60-kg\/#primaryimage\",\"url\":\"https:\/\/evolve-fitness.eu\/wp-content\/uploads\/2024\/01\/EV-DB-CP-10-60-Evolve-Ultra-Series-CPU-Urethane-Dumbbells-PNG.png\",\"contentUrl\":\"https:\/\/evolve-fitness.eu\/wp-content\/uploads\/2024\/01\/EV-DB-CP-10-60-Evolve-Ultra-Series-CPU-Urethane-Dumbbells-PNG.png\",\"width\":680,\"height\":600},{\"@type\":\"BreadcrumbList\",\"@id\":\"https:\/\/evolve-fitness.eu\/fr\/produit\/evolve-ultra-series-cpu-urethane-dumbbells-10-60-kg\/#breadcrumb\",\"itemListElement\":[{\"@type\":\"ListItem\",\"position\":1,\"name\":\"Home\",\"item\":\"https:\/\/evolve-fitness.eu\/fr\/\"},{\"@type\":\"ListItem\",\"position\":2,\"name\":\"Produits\",\"item\":\"https:\/\/evolve-fitness.eu\/fr\/shop\/\"},{\"@type\":\"ListItem\",\"position\":3,\"name\":\"Evolve Ultra Series CPU Urethane Dumbbells 10-60 kg\"}]},{\"@type\":\"WebSite\",\"@id\":\"https:\/\/evolve-fitness.eu\/fr\/#website\",\"url\":\"https:\/\/evolve-fitness.eu\/fr\/\",\"name\":\"Evolve\",\"description\":\"Your Evolved Gear Arrived\",\"publisher\":{\"@id\":\"https:\/\/evolve-fitness.eu\/fr\/#organization\"},\"potentialAction\":[{\"@type\":\"SearchAction\",\"target\":{\"@type\":\"EntryPoint\",\"urlTemplate\":\"https:\/\/evolve-fitness.eu\/fr\/?s={search_term_string}\"},\"query-input\":{\"@type\":\"PropertyValueSpecification\",\"valueRequired\":true,\"valueName\":\"search_term_string\"}}],\"inLanguage\":\"fr-FR\"},{\"@type\":\"Organization\",\"@id\":\"https:\/\/evolve-fitness.eu\/fr\/#organization\",\"name\":\"Evolve\",\"url\":\"https:\/\/evolve-fitness.eu\/fr\/\",\"logo\":{\"@type\":\"ImageObject\",\"inLanguage\":\"fr-FR\",\"@id\":\"https:\/\/evolve-fitness.eu\/fr\/#\/schema\/logo\/image\/\",\"url\":\"https:\/\/evolve-fitness.eu\/wp-content\/uploads\/2023\/05\/Evolve-logo.svg\",\"contentUrl\":\"https:\/\/evolve-fitness.eu\/wp-content\/uploads\/2023\/05\/Evolve-logo.svg\",\"width\":176,\"height\":20,\"caption\":\"Evolve\"},\"image\":{\"@id\":\"https:\/\/evolve-fitness.eu\/fr\/#\/schema\/logo\/image\/\"},\"sameAs\":[\"https:\/\/www.facebook.com\/EvolveFitnessEurope\"]}]}<\/script>\n<!-- \/ Yoast SEO plugin. -->","yoast_head_json":{"title":"Evolve Ultra Series CPU Urethane Dumbbells 10-60 kg - Evolve","robots":{"index":"index","follow":"follow","max-snippet":"max-snippet:-1","max-image-preview":"max-image-preview:large","max-video-preview":"max-video-preview:-1"},"canonical":"https:\/\/evolve-fitness.eu\/fr\/produit\/evolve-ultra-series-cpu-urethane-dumbbells-10-60-kg\/","og_locale":"fr_FR","og_type":"article","og_title":"Evolve Ultra Series CPU Urethane Dumbbells 10-60 kg - Evolve","og_url":"https:\/\/evolve-fitness.eu\/fr\/produit\/evolve-ultra-series-cpu-urethane-dumbbells-10-60-kg\/","og_site_name":"Evolve","article_publisher":"https:\/\/www.facebook.com\/EvolveFitnessEurope","article_modified_time":"2024-03-15T04:01:49+00:00","og_image":[{"width":680,"height":600,"url":"https:\/\/evolve-fitness.eu\/wp-content\/uploads\/2024\/01\/EV-DB-CP-10-60-Evolve-Ultra-Series-CPU-Urethane-Dumbbells-PNG.png","type":"image\/png"}],"twitter_card":"summary_large_image","schema":{"@context":"https:\/\/schema.org","@graph":[{"@type":"WebPage","@id":"https:\/\/evolve-fitness.eu\/fr\/produit\/evolve-ultra-series-cpu-urethane-dumbbells-10-60-kg\/","url":"https:\/\/evolve-fitness.eu\/fr\/produit\/evolve-ultra-series-cpu-urethane-dumbbells-10-60-kg\/","name":"Evolve Ultra Series CPU Urethane Dumbbells 10-60 kg - Evolve","isPartOf":{"@id":"https:\/\/evolve-fitness.eu\/fr\/#website"},"primaryImageOfPage":{"@id":"https:\/\/evolve-fitness.eu\/fr\/produit\/evolve-ultra-series-cpu-urethane-dumbbells-10-60-kg\/#primaryimage"},"image":{"@id":"https:\/\/evolve-fitness.eu\/fr\/produit\/evolve-ultra-series-cpu-urethane-dumbbells-10-60-kg\/#primaryimage"},"thumbnailUrl":"https:\/\/evolve-fitness.eu\/wp-content\/uploads\/2024\/01\/EV-DB-CP-10-60-Evolve-Ultra-Series-CPU-Urethane-Dumbbells-PNG.png","datePublished":"2024-01-18T14:45:11+00:00","dateModified":"2024-03-15T04:01:49+00:00","breadcrumb":{"@id":"https:\/\/evolve-fitness.eu\/fr\/produit\/evolve-ultra-series-cpu-urethane-dumbbells-10-60-kg\/#breadcrumb"},"inLanguage":"fr-FR","potentialAction":[{"@type":"ReadAction","target":["https:\/\/evolve-fitness.eu\/fr\/produit\/evolve-ultra-series-cpu-urethane-dumbbells-10-60-kg\/"]}]},{"@type":"ImageObject","inLanguage":"fr-FR","@id":"https:\/\/evolve-fitness.eu\/fr\/produit\/evolve-ultra-series-cpu-urethane-dumbbells-10-60-kg\/#primaryimage","url":"https:\/\/evolve-fitness.eu\/wp-content\/uploads\/2024\/01\/EV-DB-CP-10-60-Evolve-Ultra-Series-CPU-Urethane-Dumbbells-PNG.png","contentUrl":"https:\/\/evolve-fitness.eu\/wp-content\/uploads\/2024\/01\/EV-DB-CP-10-60-Evolve-Ultra-Series-CPU-Urethane-Dumbbells-PNG.png","width":680,"height":600},{"@type":"BreadcrumbList","@id":"https:\/\/evolve-fitness.eu\/fr\/produit\/evolve-ultra-series-cpu-urethane-dumbbells-10-60-kg\/#breadcrumb","itemListElement":[{"@type":"ListItem","position":1,"name":"Home","item":"https:\/\/evolve-fitness.eu\/fr\/"},{"@type":"ListItem","position":2,"name":"Produits","item":"https:\/\/evolve-fitness.eu\/fr\/shop\/"},{"@type":"ListItem","position":3,"name":"Evolve Ultra Series CPU Urethane Dumbbells 10-60 kg"}]},{"@type":"WebSite","@id":"https:\/\/evolve-fitness.eu\/fr\/#website","url":"https:\/\/evolve-fitness.eu\/fr\/","name":"Evolve","description":"Your Evolved Gear Arrived","publisher":{"@id":"https:\/\/evolve-fitness.eu\/fr\/#organization"},"potentialAction":[{"@type":"SearchAction","target":{"@type":"EntryPoint","urlTemplate":"https:\/\/evolve-fitness.eu\/fr\/?s={search_term_string}"},"query-input":{"@type":"PropertyValueSpecification","valueRequired":true,"valueName":"search_term_string"}}],"inLanguage":"fr-FR"},{"@type":"Organization","@id":"https:\/\/evolve-fitness.eu\/fr\/#organization","name":"Evolve","url":"https:\/\/evolve-fitness.eu\/fr\/","logo":{"@type":"ImageObject","inLanguage":"fr-FR","@id":"https:\/\/evolve-fitness.eu\/fr\/#\/schema\/logo\/image\/","url":"https:\/\/evolve-fitness.eu\/wp-content\/uploads\/2023\/05\/Evolve-logo.svg","contentUrl":"https:\/\/evolve-fitness.eu\/wp-content\/uploads\/2023\/05\/Evolve-logo.svg","width":176,"height":20,"caption":"Evolve"},"image":{"@id":"https:\/\/evolve-fitness.eu\/fr\/#\/schema\/logo\/image\/"},"sameAs":["https:\/\/www.facebook.com\/EvolveFitnessEurope"]}]}},"_links":{"self":[{"href":"https:\/\/evolve-fitness.eu\/fr\/wp-json\/wp\/v2\/product\/76718","targetHints":{"allow":["GET"]}}],"collection":[{"href":"https:\/\/evolve-fitness.eu\/fr\/wp-json\/wp\/v2\/product"}],"about":[{"href":"https:\/\/evolve-fitness.eu\/fr\/wp-json\/wp\/v2\/types\/product"}],"wp:featuredmedia":[{"embeddable":true,"href":"https:\/\/evolve-fitness.eu\/fr\/wp-json\/wp\/v2\/media\/76719"}],"wp:attachment":[{"href":"https:\/\/evolve-fitness.eu\/fr\/wp-json\/wp\/v2\/media?parent=76718"}],"wp:term":[{"taxonomy":"product_brand","embeddable":true,"href":"https:\/\/evolve-fitness.eu\/fr\/wp-json\/wp\/v2\/product_brand?post=76718"},{"taxonomy":"product_cat","embeddable":true,"href":"https:\/\/evolve-fitness.eu\/fr\/wp-json\/wp\/v2\/product_cat?post=76718"},{"taxonomy":"product_tag","embeddable":true,"href":"https:\/\/evolve-fitness.eu\/fr\/wp-json\/wp\/v2\/product_tag?post=76718"}],"curies":[{"name":"wp","href":"https:\/\/api.w.org\/{rel}","templated":true}]}}