{"id":77395,"date":"2024-01-24T08:21:57","date_gmt":"2024-01-24T08:21:57","guid":{"rendered":"https:\/\/evolve-fitness.eu\/product\/support-de-poignees-evolve-gym\/"},"modified":"2026-03-27T10:16:39","modified_gmt":"2026-03-27T08:16:39","slug":"support-de-poignees-evolve-gym","status":"publish","type":"product","link":"https:\/\/evolve-fitness.eu\/fr\/produit\/support-de-poignees-evolve-gym\/","title":{"rendered":"Support pour poign\u00e9es Evolve Gym (GH-010)"},"content":{"rendered":"\n<section class=\"wp-block-group alignfull has-lightgray-background-color has-background is-layout-constrained wp-block-group-is-layout-constrained\">\n<div class=\"wp-block-columns alignwide is-layout-flex wp-container-core-columns-is-layout-2edb0647 wp-block-columns-is-layout-flex\" style=\"margin-top:0;margin-bottom:0\">\n<div class=\"wp-block-column is-layout-flow wp-block-column-is-layout-flow\" style=\"flex-basis:33.33%\"><\/div>\n\n\n\n<div class=\"wp-block-column is-layout-flow wp-block-column-is-layout-flow\" style=\"flex-basis:66.66%\"><\/div>\n<\/div>\n<\/section>\n\n<section class=\"wp-block-group alignfull black-content has-white-color has-darkgray-background-color has-text-color has-background is-layout-constrained wp-block-group-is-layout-constrained\" style=\"padding-top:var(--wp--preset--spacing--section-bottom);padding-bottom:var(--wp--preset--spacing--section-bottom)\">\n<div class=\"wp-block-columns alignwide mobile-reverse is-layout-flex wp-container-core-columns-is-layout-ca64bf2d wp-block-columns-is-layout-flex\" style=\"margin-bottom:var(--wp--preset--spacing--side-padding)\">\n<div class=\"wp-block-column is-vertically-aligned-center is-layout-flow wp-block-column-is-layout-flow\">\n<h3 class=\"wp-block-heading\" style=\"margin-bottom:var(--wp--preset--spacing--h-3-bottom)\"><strong>Construction robuste et durabilit\u00e9<\/strong><\/h3>\n\n\n\n<p><strong><em>Am\u00e9liorez l&rsquo;attrait de votre salle de sport<\/em><\/strong><\/p>\n\n\n\n<p style=\"margin-bottom:var(--wp--preset--spacing--tb-section-padding)\">Le support de poign\u00e9es Evolve Gym, GH-010, est un gage de durabilit\u00e9 et de robustesse. Fabriqu\u00e9 avec des mat\u00e9riaux de haute qualit\u00e9, ce rack promet long\u00e9vit\u00e9 et r\u00e9sistance \u00e0 l&rsquo;usure, ce qui en fait un choix id\u00e9al pour les salles de sport commerciales et les espaces d&rsquo;entra\u00eenement \u00e0 domicile. Sa conception robuste permet de ranger en toute s\u00e9curit\u00e9 votre mat\u00e9riel de sport, ce qui vous assure une tranquillit\u00e9 d&rsquo;esprit et un investissement durable dans votre parcours de remise en forme. Ce support durable pour mat\u00e9riel de gymnastique est indispensable pour pr\u00e9server la qualit\u00e9 de votre \u00e9quipement.<\/p>\n<\/div>\n\n\n\n<div class=\"wp-block-column is-vertically-aligned-center is-layout-flow wp-block-column-is-layout-flow\">\n<figure class=\"wp-block-image size-large\"><img loading=\"lazy\" decoding=\"async\" width=\"1024\" height=\"683\" src=\"https:\/\/evolve-fitness.eu\/wp-content\/uploads\/2024\/01\/Evolve-Gym-Handles-Rack-C1-1024x683.jpg\" alt=\"EV-RS-GH-010\" class=\"wp-image-10638\" srcset=\"https:\/\/evolve-fitness.eu\/wp-content\/uploads\/2024\/01\/Evolve-Gym-Handles-Rack-C1-1024x683.jpg 1024w, https:\/\/evolve-fitness.eu\/wp-content\/uploads\/2024\/01\/Evolve-Gym-Handles-Rack-C1-300x200.jpg 300w, https:\/\/evolve-fitness.eu\/wp-content\/uploads\/2024\/01\/Evolve-Gym-Handles-Rack-C1-225x150.jpg 225w, https:\/\/evolve-fitness.eu\/wp-content\/uploads\/2024\/01\/Evolve-Gym-Handles-Rack-C1-600x400.jpg 600w, https:\/\/evolve-fitness.eu\/wp-content\/uploads\/2024\/01\/Evolve-Gym-Handles-Rack-C1-150x100.jpg 150w, https:\/\/evolve-fitness.eu\/wp-content\/uploads\/2024\/01\/Evolve-Gym-Handles-Rack-C1-768x512.jpg 768w, https:\/\/evolve-fitness.eu\/wp-content\/uploads\/2024\/01\/Evolve-Gym-Handles-Rack-C1-1536x1024.jpg 1536w, https:\/\/evolve-fitness.eu\/wp-content\/uploads\/2024\/01\/Evolve-Gym-Handles-Rack-C1-2048x1365.jpg 2048w\" sizes=\"auto, (max-width: 1024px) 100vw, 1024px\" \/><\/figure>\n<\/div>\n<\/div>\n\n\n\n<div class=\"wp-block-columns alignwide is-layout-flex wp-container-core-columns-is-layout-c45ee707 wp-block-columns-is-layout-flex\" style=\"margin-bottom:var(--wp--preset--spacing--side-padding);padding-top:var(--wp--preset--spacing--side-padding)\">\n<div class=\"wp-block-column is-vertically-aligned-center is-layout-flow wp-block-column-is-layout-flow\">\n<figure class=\"wp-block-image size-large\"><img loading=\"lazy\" decoding=\"async\" width=\"1024\" height=\"683\" src=\"https:\/\/evolve-fitness.eu\/wp-content\/uploads\/2024\/01\/Evolve-Gym-Handles-Rack-C2-1024x683.jpg\" alt=\"EV-RS-GH-010\" class=\"wp-image-10642\" srcset=\"https:\/\/evolve-fitness.eu\/wp-content\/uploads\/2024\/01\/Evolve-Gym-Handles-Rack-C2-1024x683.jpg 1024w, https:\/\/evolve-fitness.eu\/wp-content\/uploads\/2024\/01\/Evolve-Gym-Handles-Rack-C2-300x200.jpg 300w, https:\/\/evolve-fitness.eu\/wp-content\/uploads\/2024\/01\/Evolve-Gym-Handles-Rack-C2-225x150.jpg 225w, https:\/\/evolve-fitness.eu\/wp-content\/uploads\/2024\/01\/Evolve-Gym-Handles-Rack-C2-600x400.jpg 600w, https:\/\/evolve-fitness.eu\/wp-content\/uploads\/2024\/01\/Evolve-Gym-Handles-Rack-C2-150x100.jpg 150w, https:\/\/evolve-fitness.eu\/wp-content\/uploads\/2024\/01\/Evolve-Gym-Handles-Rack-C2-768x512.jpg 768w, https:\/\/evolve-fitness.eu\/wp-content\/uploads\/2024\/01\/Evolve-Gym-Handles-Rack-C2-1536x1024.jpg 1536w, https:\/\/evolve-fitness.eu\/wp-content\/uploads\/2024\/01\/Evolve-Gym-Handles-Rack-C2-2048x1365.jpg 2048w\" sizes=\"auto, (max-width: 1024px) 100vw, 1024px\" \/><\/figure>\n<\/div>\n\n\n\n<div class=\"wp-block-column is-vertically-aligned-center is-layout-flow wp-block-column-is-layout-flow\">\n<h3 class=\"wp-block-heading\" style=\"margin-bottom:var(--wp--preset--spacing--h-3-bottom)\"><strong>Une conception efficace et peu encombrante<\/strong><\/h3>\n\n\n\n<p><strong><em>Optimisez votre espace d&rsquo;entra\u00eenement<\/em><\/strong><\/p>\n\n\n\n<p>Con\u00e7ue pour offrir un vaste espace de rangement sans occuper un espace excessif. Son faible encombrement en fait un excellent compl\u00e9ment pour les salles de sport de petite taille ou les salles de sport \u00e0 domicile o\u00f9 l&rsquo;espace est limit\u00e9. La conception intelligente de ce support permet non seulement d&rsquo;\u00e9conomiser de l&rsquo;espace, mais aussi d&rsquo;organiser efficacement vos poign\u00e9es de gymnastique, en les rendant facilement accessibles et en r\u00e9duisant l&rsquo;encombrement.<\/p>\n<\/div>\n<\/div>\n\n\n\n<div class=\"wp-block-columns alignwide is-layout-flex wp-container-core-columns-is-layout-c45ee707 wp-block-columns-is-layout-flex\" style=\"margin-bottom:var(--wp--preset--spacing--side-padding);padding-top:var(--wp--preset--spacing--side-padding)\">\n<div class=\"wp-block-column is-vertically-aligned-center is-layout-flow wp-block-column-is-layout-flow\">\n<h3 class=\"wp-block-heading\" style=\"margin-bottom:var(--wp--preset--spacing--h-3-bottom)\"><strong>Facilit\u00e9 d&rsquo;utilisation et accessibilit\u00e9<\/strong><\/h3>\n\n\n\n<p><strong><em>Maintenir la fluidit\u00e9 pendant les s\u00e9ances d&rsquo;entra\u00eenement de haute intensit\u00e9 ou les heures d&rsquo;affluence dans les salles de sport<\/em><\/strong><\/p>\n\n\n\n<p style=\"margin-bottom:var(--wp--preset--spacing--tb-section-padding)\">La conception conviviale du support de poign\u00e9es Evolve Gym garantit un acc\u00e8s facile et pratique \u00e0 votre \u00e9quipement de gymnastique. Gr\u00e2ce \u00e0 une disposition qui privil\u00e9gie la facilit\u00e9 d&rsquo;utilisation, les amateurs de gymnastique de tous niveaux peuvent rapidement trouver et remplacer les poign\u00e9es de gymnastique, ce qui simplifie leurs routines d&rsquo;entra\u00eenement. Sa conception bien pens\u00e9e, associ\u00e9e \u00e0 sa facilit\u00e9 d&rsquo;utilisation, en fait un outil id\u00e9al pour ceux qui recherchent l&rsquo;efficacit\u00e9 dans leur programme d&rsquo;exercices.<\/p>\n<\/div>\n\n\n\n<div class=\"wp-block-column is-vertically-aligned-center is-layout-flow wp-block-column-is-layout-flow\">\n<figure class=\"wp-block-image size-full\"><img loading=\"lazy\" decoding=\"async\" width=\"2060\" height=\"1373\" src=\"https:\/\/evolve-fitness.eu\/wp-content\/uploads\/2024\/01\/Evolve-Gym-Handles-Rack-C3.jpg\" alt=\"EV-RS-GH-010\" class=\"wp-image-10644\" srcset=\"https:\/\/evolve-fitness.eu\/wp-content\/uploads\/2024\/01\/Evolve-Gym-Handles-Rack-C3.jpg 2060w, https:\/\/evolve-fitness.eu\/wp-content\/uploads\/2024\/01\/Evolve-Gym-Handles-Rack-C3-300x200.jpg 300w, https:\/\/evolve-fitness.eu\/wp-content\/uploads\/2024\/01\/Evolve-Gym-Handles-Rack-C3-225x150.jpg 225w, https:\/\/evolve-fitness.eu\/wp-content\/uploads\/2024\/01\/Evolve-Gym-Handles-Rack-C3-600x400.jpg 600w, https:\/\/evolve-fitness.eu\/wp-content\/uploads\/2024\/01\/Evolve-Gym-Handles-Rack-C3-1024x683.jpg 1024w, https:\/\/evolve-fitness.eu\/wp-content\/uploads\/2024\/01\/Evolve-Gym-Handles-Rack-C3-150x100.jpg 150w, https:\/\/evolve-fitness.eu\/wp-content\/uploads\/2024\/01\/Evolve-Gym-Handles-Rack-C3-768x512.jpg 768w, https:\/\/evolve-fitness.eu\/wp-content\/uploads\/2024\/01\/Evolve-Gym-Handles-Rack-C3-1536x1024.jpg 1536w, https:\/\/evolve-fitness.eu\/wp-content\/uploads\/2024\/01\/Evolve-Gym-Handles-Rack-C3-2048x1365.jpg 2048w\" sizes=\"auto, (max-width: 2060px) 100vw, 2060px\" \/><\/figure>\n<\/div>\n<\/div>\n\n\n\n<div class=\"wp-block-columns alignwide is-layout-flex wp-container-core-columns-is-layout-c45ee707 wp-block-columns-is-layout-flex\" style=\"margin-bottom:var(--wp--preset--spacing--side-padding);padding-top:var(--wp--preset--spacing--side-padding)\">\n<div class=\"wp-block-column is-vertically-aligned-center is-layout-flow wp-block-column-is-layout-flow\">\n<figure class=\"wp-block-image size-large\"><img loading=\"lazy\" decoding=\"async\" width=\"683\" height=\"1024\" src=\"https:\/\/evolve-fitness.eu\/wp-content\/uploads\/2024\/01\/Evolve-Gym-Handles-Rack-C4-683x1024.jpg\" alt=\"EV-RS-GH-010\" class=\"wp-image-10646\" srcset=\"https:\/\/evolve-fitness.eu\/wp-content\/uploads\/2024\/01\/Evolve-Gym-Handles-Rack-C4-683x1024.jpg 683w, https:\/\/evolve-fitness.eu\/wp-content\/uploads\/2024\/01\/Evolve-Gym-Handles-Rack-C4-300x450.jpg 300w, https:\/\/evolve-fitness.eu\/wp-content\/uploads\/2024\/01\/Evolve-Gym-Handles-Rack-C4-100x150.jpg 100w, https:\/\/evolve-fitness.eu\/wp-content\/uploads\/2024\/01\/Evolve-Gym-Handles-Rack-C4-600x900.jpg 600w, https:\/\/evolve-fitness.eu\/wp-content\/uploads\/2024\/01\/Evolve-Gym-Handles-Rack-C4-200x300.jpg 200w, https:\/\/evolve-fitness.eu\/wp-content\/uploads\/2024\/01\/Evolve-Gym-Handles-Rack-C4-768x1152.jpg 768w, https:\/\/evolve-fitness.eu\/wp-content\/uploads\/2024\/01\/Evolve-Gym-Handles-Rack-C4-1024x1536.jpg 1024w, https:\/\/evolve-fitness.eu\/wp-content\/uploads\/2024\/01\/Evolve-Gym-Handles-Rack-C4-1365x2048.jpg 1365w, https:\/\/evolve-fitness.eu\/wp-content\/uploads\/2024\/01\/Evolve-Gym-Handles-Rack-C4.jpg 1373w\" sizes=\"auto, (max-width: 683px) 100vw, 683px\" \/><\/figure>\n<\/div>\n\n\n\n<div class=\"wp-block-column is-vertically-aligned-center is-layout-flow wp-block-column-is-layout-flow\">\n<h3 class=\"wp-block-heading\" style=\"margin-bottom:var(--wp--preset--spacing--h-3-bottom)\"><strong><strong><strong><strong>L&rsquo;attrait esth\u00e9tique<\/strong><\/strong><\/strong><\/strong><\/h3>\n\n\n\n<p><strong><em>L&rsquo;alliance parfaite du style et de la praticit\u00e9<\/em><\/strong><\/p>\n\n\n\n<p>Non seulement le support de poign\u00e9es Evolve Gym est fonctionnel, mais il pr\u00e9sente \u00e9galement un design \u00e9l\u00e9gant et moderne qui rehausse l&rsquo;attrait esth\u00e9tique de tout environnement de remise en forme. Son aspect contemporain, associ\u00e9 \u00e0 une finition propre et professionnelle, compl\u00e8te l&rsquo;int\u00e9rieur de toute salle de sport moderne ou de tout espace d&rsquo;entra\u00eenement \u00e0 domicile. Cette \u00e9tag\u00e8re n&rsquo;est pas seulement une solution de rangement, mais aussi un \u00e9l\u00e9ment de style qui rehausse l&rsquo;ambiance g\u00e9n\u00e9rale de votre salle de sport.<\/p>\n<\/div>\n<\/div>\n\n\n\n<div class=\"wp-block-columns alignwide is-layout-flex wp-container-core-columns-is-layout-c45ee707 wp-block-columns-is-layout-flex\" style=\"margin-bottom:var(--wp--preset--spacing--side-padding);padding-top:var(--wp--preset--spacing--side-padding)\">\n<div class=\"wp-block-column is-vertically-aligned-center is-layout-flow wp-block-column-is-layout-flow\">\n<h3 class=\"wp-block-heading\" style=\"margin-bottom:var(--wp--preset--spacing--h-3-bottom)\"><strong>S\u00e9curit\u00e9 et stabilit\u00e9<\/strong><\/h3>\n\n\n\n<p><strong><em>Contribuer \u00e0 un environnement d&rsquo;entra\u00eenement plus s\u00fbr<\/em><\/strong><\/p>\n\n\n\n<p style=\"margin-bottom:var(--wp--preset--spacing--tb-section-padding)\">La s\u00e9curit\u00e9 est primordiale dans tout environnement de fitness, et le support de poign\u00e9es Evolve Gym a \u00e9t\u00e9 con\u00e7u dans cette optique. Sa base stable et sa construction s\u00e9curis\u00e9e offrent une solution de stockage fiable, minimisant le risque d&rsquo;accidents ou de dommages \u00e0 l&rsquo;\u00e9quipement. La conception du support permet de ranger les poign\u00e9es de gymnastique en toute s\u00e9curit\u00e9 et de les rendre facilement accessibles.<\/p>\n<\/div>\n\n\n\n<div class=\"wp-block-column is-vertically-aligned-center is-layout-flow wp-block-column-is-layout-flow\">\n<figure class=\"wp-block-image size-large\"><img loading=\"lazy\" decoding=\"async\" width=\"683\" height=\"1024\" src=\"https:\/\/evolve-fitness.eu\/wp-content\/uploads\/2024\/01\/Evolve-Gym-Handles-Rack-C5-683x1024.jpg\" alt=\"EV-RS-GH-010\" class=\"wp-image-10648\" srcset=\"https:\/\/evolve-fitness.eu\/wp-content\/uploads\/2024\/01\/Evolve-Gym-Handles-Rack-C5-683x1024.jpg 683w, https:\/\/evolve-fitness.eu\/wp-content\/uploads\/2024\/01\/Evolve-Gym-Handles-Rack-C5-300x450.jpg 300w, https:\/\/evolve-fitness.eu\/wp-content\/uploads\/2024\/01\/Evolve-Gym-Handles-Rack-C5-100x150.jpg 100w, https:\/\/evolve-fitness.eu\/wp-content\/uploads\/2024\/01\/Evolve-Gym-Handles-Rack-C5-600x900.jpg 600w, https:\/\/evolve-fitness.eu\/wp-content\/uploads\/2024\/01\/Evolve-Gym-Handles-Rack-C5-200x300.jpg 200w, https:\/\/evolve-fitness.eu\/wp-content\/uploads\/2024\/01\/Evolve-Gym-Handles-Rack-C5-768x1152.jpg 768w, https:\/\/evolve-fitness.eu\/wp-content\/uploads\/2024\/01\/Evolve-Gym-Handles-Rack-C5-1024x1536.jpg 1024w, https:\/\/evolve-fitness.eu\/wp-content\/uploads\/2024\/01\/Evolve-Gym-Handles-Rack-C5-1365x2048.jpg 1365w, https:\/\/evolve-fitness.eu\/wp-content\/uploads\/2024\/01\/Evolve-Gym-Handles-Rack-C5.jpg 1373w\" sizes=\"auto, (max-width: 683px) 100vw, 683px\" \/><\/figure>\n<\/div>\n<\/div>\n<\/section>\n","protected":false},"excerpt":{"rendered":"<p>D\u00e9couvrez la solution ultime pour l&rsquo;organisation et l&rsquo;efficacit\u00e9 de la salle de sport avec le support pour poign\u00e9es de gymnastique Evolve, GH-010. Ce porte-\u00e9quipement a \u00e9t\u00e9 con\u00e7u pour r\u00e9pondre aux besoins des amateurs de fitness et des propri\u00e9taires de salles de sport. Con\u00e7u pour \u00eatre durable et facile \u00e0 utiliser, le support pour poign\u00e9es de gymnastique Evolve garantit un environnement sans d\u00e9sordre en rangeant proprement les diff\u00e9rentes poign\u00e9es de gymnastique en un seul endroit pratique. Sa conception robuste et son esth\u00e9tique \u00e9pur\u00e9e en font un compl\u00e9ment id\u00e9al \u00e0 tout environnement de salle de sport moderne. Am\u00e9liorez votre espace d&rsquo;entra\u00eenement avec cette solution de rangement essentielle et faites l&rsquo;exp\u00e9rience de l&rsquo;int\u00e9gration transparente de la fonctionnalit\u00e9 et du style.<\/p>\n","protected":false},"featured_media":77399,"template":"","meta":{"_acf_changed":true,"inline_featured_image":false},"product_brand":[],"product_cat":[2878],"product_tag":[],"class_list":{"0":"post-77395","1":"product","2":"type-product","3":"status-publish","4":"has-post-thumbnail","6":"product_cat-rayonnages-et-solutions-de-stockage","8":"first","9":"instock","10":"shipping-taxable","11":"purchasable","12":"product-type-simple"},"acf":{"long_title":"Support pour poign\u00e9es Evolve Gym (GH-010)","subtitle":"","specifications":[{"label":"SKU","text_value":"EV-RS-GH-010","icon":"x"},{"label":"Dimensions (L x L x H)","text_value":"650 x 650 x 1000 mm","icon":"x"},{"label":"Poids","text_value":"32,5 kg","icon":"x"},{"label":"Le support comporte 24 crochets pour fixer les poign\u00e9es.","text_value":"","icon":"v"},{"label":"Le support est dot\u00e9 d'une \u00e9tag\u00e8re int\u00e9gr\u00e9e pour ranger les petites poign\u00e9es","text_value":"","icon":"v"},{"label":"Cadre stable en acier avec rev\u00eatement en poudre","text_value":"","icon":"v"},{"label":"Garantie","text_value":"2 ans","icon":"x"}]},"yoast_head":"<!-- This site is optimized with the Yoast SEO plugin v26.6 - https:\/\/yoast.com\/wordpress\/plugins\/seo\/ -->\n<title>Support pour poign\u00e9es Evolve Gym (GH-010) - Evolve<\/title>\n<meta name=\"robots\" content=\"index, follow, max-snippet:-1, max-image-preview:large, max-video-preview:-1\" \/>\n<link rel=\"canonical\" href=\"https:\/\/evolve-fitness.eu\/fr\/produit\/support-de-poignees-evolve-gym\/\" \/>\n<meta property=\"og:locale\" content=\"fr_FR\" \/>\n<meta property=\"og:type\" content=\"article\" \/>\n<meta property=\"og:title\" content=\"Support pour poign\u00e9es Evolve Gym (GH-010) - Evolve\" \/>\n<meta property=\"og:url\" content=\"https:\/\/evolve-fitness.eu\/fr\/produit\/support-de-poignees-evolve-gym\/\" \/>\n<meta property=\"og:site_name\" content=\"Evolve\" \/>\n<meta property=\"article:publisher\" content=\"https:\/\/www.facebook.com\/EvolveFitnessEurope\" \/>\n<meta property=\"article:modified_time\" content=\"2026-03-27T08:16:39+00:00\" \/>\n<meta property=\"og:image\" content=\"https:\/\/evolve-fitness.eu\/wp-content\/uploads\/2024\/01\/Evolve-Gym-Handles-Rack.png\" \/>\n\t<meta property=\"og:image:width\" content=\"680\" \/>\n\t<meta property=\"og:image:height\" content=\"600\" \/>\n\t<meta property=\"og:image:type\" content=\"image\/png\" \/>\n<meta name=\"twitter:card\" content=\"summary_large_image\" \/>\n<script type=\"application\/ld+json\" class=\"yoast-schema-graph\">{\"@context\":\"https:\/\/schema.org\",\"@graph\":[{\"@type\":\"WebPage\",\"@id\":\"https:\/\/evolve-fitness.eu\/fr\/produit\/support-de-poignees-evolve-gym\/\",\"url\":\"https:\/\/evolve-fitness.eu\/fr\/produit\/support-de-poignees-evolve-gym\/\",\"name\":\"Support pour poign\u00e9es Evolve Gym (GH-010) - Evolve\",\"isPartOf\":{\"@id\":\"https:\/\/evolve-fitness.eu\/fr\/#website\"},\"primaryImageOfPage\":{\"@id\":\"https:\/\/evolve-fitness.eu\/fr\/produit\/support-de-poignees-evolve-gym\/#primaryimage\"},\"image\":{\"@id\":\"https:\/\/evolve-fitness.eu\/fr\/produit\/support-de-poignees-evolve-gym\/#primaryimage\"},\"thumbnailUrl\":\"https:\/\/evolve-fitness.eu\/wp-content\/uploads\/2024\/01\/Evolve-Gym-Handles-Rack.png\",\"datePublished\":\"2024-01-24T08:21:57+00:00\",\"dateModified\":\"2026-03-27T08:16:39+00:00\",\"breadcrumb\":{\"@id\":\"https:\/\/evolve-fitness.eu\/fr\/produit\/support-de-poignees-evolve-gym\/#breadcrumb\"},\"inLanguage\":\"fr-FR\",\"potentialAction\":[{\"@type\":\"ReadAction\",\"target\":[\"https:\/\/evolve-fitness.eu\/fr\/produit\/support-de-poignees-evolve-gym\/\"]}]},{\"@type\":\"ImageObject\",\"inLanguage\":\"fr-FR\",\"@id\":\"https:\/\/evolve-fitness.eu\/fr\/produit\/support-de-poignees-evolve-gym\/#primaryimage\",\"url\":\"https:\/\/evolve-fitness.eu\/wp-content\/uploads\/2024\/01\/Evolve-Gym-Handles-Rack.png\",\"contentUrl\":\"https:\/\/evolve-fitness.eu\/wp-content\/uploads\/2024\/01\/Evolve-Gym-Handles-Rack.png\",\"width\":680,\"height\":600,\"caption\":\"EV-RS-GH-010\"},{\"@type\":\"BreadcrumbList\",\"@id\":\"https:\/\/evolve-fitness.eu\/fr\/produit\/support-de-poignees-evolve-gym\/#breadcrumb\",\"itemListElement\":[{\"@type\":\"ListItem\",\"position\":1,\"name\":\"Home\",\"item\":\"https:\/\/evolve-fitness.eu\/fr\/\"},{\"@type\":\"ListItem\",\"position\":2,\"name\":\"Produits\",\"item\":\"https:\/\/evolve-fitness.eu\/fr\/shop\/\"},{\"@type\":\"ListItem\",\"position\":3,\"name\":\"Support pour poign\u00e9es Evolve Gym (GH-010)\"}]},{\"@type\":\"WebSite\",\"@id\":\"https:\/\/evolve-fitness.eu\/fr\/#website\",\"url\":\"https:\/\/evolve-fitness.eu\/fr\/\",\"name\":\"Evolve\",\"description\":\"Your Evolved Gear Arrived\",\"publisher\":{\"@id\":\"https:\/\/evolve-fitness.eu\/fr\/#organization\"},\"potentialAction\":[{\"@type\":\"SearchAction\",\"target\":{\"@type\":\"EntryPoint\",\"urlTemplate\":\"https:\/\/evolve-fitness.eu\/fr\/?s={search_term_string}\"},\"query-input\":{\"@type\":\"PropertyValueSpecification\",\"valueRequired\":true,\"valueName\":\"search_term_string\"}}],\"inLanguage\":\"fr-FR\"},{\"@type\":\"Organization\",\"@id\":\"https:\/\/evolve-fitness.eu\/fr\/#organization\",\"name\":\"Evolve\",\"url\":\"https:\/\/evolve-fitness.eu\/fr\/\",\"logo\":{\"@type\":\"ImageObject\",\"inLanguage\":\"fr-FR\",\"@id\":\"https:\/\/evolve-fitness.eu\/fr\/#\/schema\/logo\/image\/\",\"url\":\"https:\/\/evolve-fitness.eu\/wp-content\/uploads\/2023\/05\/Evolve-logo.svg\",\"contentUrl\":\"https:\/\/evolve-fitness.eu\/wp-content\/uploads\/2023\/05\/Evolve-logo.svg\",\"width\":176,\"height\":20,\"caption\":\"Evolve\"},\"image\":{\"@id\":\"https:\/\/evolve-fitness.eu\/fr\/#\/schema\/logo\/image\/\"},\"sameAs\":[\"https:\/\/www.facebook.com\/EvolveFitnessEurope\"]}]}<\/script>\n<!-- \/ Yoast SEO plugin. -->","yoast_head_json":{"title":"Support pour poign\u00e9es Evolve Gym (GH-010) - Evolve","robots":{"index":"index","follow":"follow","max-snippet":"max-snippet:-1","max-image-preview":"max-image-preview:large","max-video-preview":"max-video-preview:-1"},"canonical":"https:\/\/evolve-fitness.eu\/fr\/produit\/support-de-poignees-evolve-gym\/","og_locale":"fr_FR","og_type":"article","og_title":"Support pour poign\u00e9es Evolve Gym (GH-010) - Evolve","og_url":"https:\/\/evolve-fitness.eu\/fr\/produit\/support-de-poignees-evolve-gym\/","og_site_name":"Evolve","article_publisher":"https:\/\/www.facebook.com\/EvolveFitnessEurope","article_modified_time":"2026-03-27T08:16:39+00:00","og_image":[{"width":680,"height":600,"url":"https:\/\/evolve-fitness.eu\/wp-content\/uploads\/2024\/01\/Evolve-Gym-Handles-Rack.png","type":"image\/png"}],"twitter_card":"summary_large_image","schema":{"@context":"https:\/\/schema.org","@graph":[{"@type":"WebPage","@id":"https:\/\/evolve-fitness.eu\/fr\/produit\/support-de-poignees-evolve-gym\/","url":"https:\/\/evolve-fitness.eu\/fr\/produit\/support-de-poignees-evolve-gym\/","name":"Support pour poign\u00e9es Evolve Gym (GH-010) - Evolve","isPartOf":{"@id":"https:\/\/evolve-fitness.eu\/fr\/#website"},"primaryImageOfPage":{"@id":"https:\/\/evolve-fitness.eu\/fr\/produit\/support-de-poignees-evolve-gym\/#primaryimage"},"image":{"@id":"https:\/\/evolve-fitness.eu\/fr\/produit\/support-de-poignees-evolve-gym\/#primaryimage"},"thumbnailUrl":"https:\/\/evolve-fitness.eu\/wp-content\/uploads\/2024\/01\/Evolve-Gym-Handles-Rack.png","datePublished":"2024-01-24T08:21:57+00:00","dateModified":"2026-03-27T08:16:39+00:00","breadcrumb":{"@id":"https:\/\/evolve-fitness.eu\/fr\/produit\/support-de-poignees-evolve-gym\/#breadcrumb"},"inLanguage":"fr-FR","potentialAction":[{"@type":"ReadAction","target":["https:\/\/evolve-fitness.eu\/fr\/produit\/support-de-poignees-evolve-gym\/"]}]},{"@type":"ImageObject","inLanguage":"fr-FR","@id":"https:\/\/evolve-fitness.eu\/fr\/produit\/support-de-poignees-evolve-gym\/#primaryimage","url":"https:\/\/evolve-fitness.eu\/wp-content\/uploads\/2024\/01\/Evolve-Gym-Handles-Rack.png","contentUrl":"https:\/\/evolve-fitness.eu\/wp-content\/uploads\/2024\/01\/Evolve-Gym-Handles-Rack.png","width":680,"height":600,"caption":"EV-RS-GH-010"},{"@type":"BreadcrumbList","@id":"https:\/\/evolve-fitness.eu\/fr\/produit\/support-de-poignees-evolve-gym\/#breadcrumb","itemListElement":[{"@type":"ListItem","position":1,"name":"Home","item":"https:\/\/evolve-fitness.eu\/fr\/"},{"@type":"ListItem","position":2,"name":"Produits","item":"https:\/\/evolve-fitness.eu\/fr\/shop\/"},{"@type":"ListItem","position":3,"name":"Support pour poign\u00e9es Evolve Gym (GH-010)"}]},{"@type":"WebSite","@id":"https:\/\/evolve-fitness.eu\/fr\/#website","url":"https:\/\/evolve-fitness.eu\/fr\/","name":"Evolve","description":"Your Evolved Gear Arrived","publisher":{"@id":"https:\/\/evolve-fitness.eu\/fr\/#organization"},"potentialAction":[{"@type":"SearchAction","target":{"@type":"EntryPoint","urlTemplate":"https:\/\/evolve-fitness.eu\/fr\/?s={search_term_string}"},"query-input":{"@type":"PropertyValueSpecification","valueRequired":true,"valueName":"search_term_string"}}],"inLanguage":"fr-FR"},{"@type":"Organization","@id":"https:\/\/evolve-fitness.eu\/fr\/#organization","name":"Evolve","url":"https:\/\/evolve-fitness.eu\/fr\/","logo":{"@type":"ImageObject","inLanguage":"fr-FR","@id":"https:\/\/evolve-fitness.eu\/fr\/#\/schema\/logo\/image\/","url":"https:\/\/evolve-fitness.eu\/wp-content\/uploads\/2023\/05\/Evolve-logo.svg","contentUrl":"https:\/\/evolve-fitness.eu\/wp-content\/uploads\/2023\/05\/Evolve-logo.svg","width":176,"height":20,"caption":"Evolve"},"image":{"@id":"https:\/\/evolve-fitness.eu\/fr\/#\/schema\/logo\/image\/"},"sameAs":["https:\/\/www.facebook.com\/EvolveFitnessEurope"]}]}},"_links":{"self":[{"href":"https:\/\/evolve-fitness.eu\/fr\/wp-json\/wp\/v2\/product\/77395","targetHints":{"allow":["GET"]}}],"collection":[{"href":"https:\/\/evolve-fitness.eu\/fr\/wp-json\/wp\/v2\/product"}],"about":[{"href":"https:\/\/evolve-fitness.eu\/fr\/wp-json\/wp\/v2\/types\/product"}],"wp:featuredmedia":[{"embeddable":true,"href":"https:\/\/evolve-fitness.eu\/fr\/wp-json\/wp\/v2\/media\/77399"}],"wp:attachment":[{"href":"https:\/\/evolve-fitness.eu\/fr\/wp-json\/wp\/v2\/media?parent=77395"}],"wp:term":[{"taxonomy":"product_brand","embeddable":true,"href":"https:\/\/evolve-fitness.eu\/fr\/wp-json\/wp\/v2\/product_brand?post=77395"},{"taxonomy":"product_cat","embeddable":true,"href":"https:\/\/evolve-fitness.eu\/fr\/wp-json\/wp\/v2\/product_cat?post=77395"},{"taxonomy":"product_tag","embeddable":true,"href":"https:\/\/evolve-fitness.eu\/fr\/wp-json\/wp\/v2\/product_tag?post=77395"}],"curies":[{"name":"wp","href":"https:\/\/api.w.org\/{rel}","templated":true}]}}