{"id":85834,"date":"2023-11-16T10:52:46","date_gmt":"2023-11-16T10:52:46","guid":{"rendered":"https:\/\/evolve-fitness.eu\/product\/evolve-ultra-series-plate-pendulum-loaded-squat\/"},"modified":"2024-03-25T13:49:22","modified_gmt":"2024-03-25T13:49:22","slug":"evolve-ultra-series-plate-pendulum-loaded-squat","status":"publish","type":"product","link":"https:\/\/evolve-fitness.eu\/fr\/produit\/evolve-ultra-series-plate-pendulum-loaded-squat\/","title":{"rendered":"Evolve Ultra Series Plate Pendulum Loaded Squat"},"content":{"rendered":"\n<section class=\"wp-block-group alignfull has-lightgray-background-color has-background is-layout-constrained wp-block-group-is-layout-constrained\">\n<div class=\"wp-block-columns alignwide is-layout-flex wp-container-core-columns-is-layout-2edb0647 wp-block-columns-is-layout-flex\" style=\"margin-top:0;margin-bottom:0\">\n<div class=\"wp-block-column is-layout-flow wp-block-column-is-layout-flow\" style=\"flex-basis:33.33%\"><\/div>\n\n\n\n<div class=\"wp-block-column is-layout-flow wp-block-column-is-layout-flow\" style=\"flex-basis:66.66%\"><\/div>\n<\/div>\n<\/section>\n\n<section class=\"wp-block-group alignfull black-content has-white-color has-darkgray-background-color has-text-color has-background is-layout-constrained wp-block-group-is-layout-constrained\" style=\"padding-top:var(--wp--preset--spacing--section-bottom);padding-bottom:var(--wp--preset--spacing--section-bottom)\">\n<section class=\"wp-block-group alignfull black-content has-white-color has-darkgray-background-color has-text-color has-background is-layout-constrained wp-block-group-is-layout-constrained\" style=\"margin-bottom:0;padding-top:var(--wp--preset--spacing--tb-padding);padding-bottom:var(--wp--preset--spacing--tb-padding)\">\n<div class=\"wp-block-columns alignwide mobile-reverse is-layout-flex wp-container-core-columns-is-layout-7a02faa9 wp-block-columns-is-layout-flex\" style=\"margin-bottom:var(--wp--preset--spacing--tb-section-padding)\">\n<div class=\"wp-block-column is-vertically-aligned-center is-layout-flow wp-block-column-is-layout-flow\">\n<h3 class=\"wp-block-heading\" style=\"margin-bottom:var(--wp--preset--spacing--h-3-bottom)\"><strong><strong><strong><strong><strong><strong><strong>Engagement musculaire cibl\u00e9<\/strong><\/strong><\/strong><\/strong><\/strong><\/strong><\/strong><\/h3>\n\n\n\n<p><strong><em><strong><strong><strong><strong><strong>Mouvement unilat\u00e9ral du bras (disponible sur certaines machines)<\/strong><\/strong><\/strong><\/strong><\/strong><\/em><\/strong><\/p>\n\n\n\n<p>Le squat pendulaire Evolve Ultra Series Plate Loaded est con\u00e7u pour offrir un entra\u00eenement complet du bas du corps, ciblant sp\u00e9cifiquement les quadriceps, les ischio-jambiers, les fessiers et les mollets. Gr\u00e2ce \u00e0 sa conception unique \u00e0 charge pendulaire, cet appareil offre une amplitude de mouvement fluide et contr\u00f4l\u00e9e, permettant aux utilisateurs d&rsquo;effectuer des squats avec une forme et une efficacit\u00e9 optimales. Son repose-pieds et son si\u00e8ge r\u00e9glables s&rsquo;adaptent aux utilisateurs de diff\u00e9rentes tailles et pr\u00e9f\u00e9rences, garantissant un alignement et une stabilit\u00e9 corrects pendant l&rsquo;exercice. Les niveaux de r\u00e9sistance personnalisables permettent aux utilisateurs d&rsquo;adapter leurs s\u00e9ances d&rsquo;entra\u00eenement \u00e0 leurs objectifs de force et de forme physique, pour r\u00e9pondre aux besoins des personnes de tous niveaux d&rsquo;exp\u00e9rience. En mettant l&rsquo;accent sur une forme et une technique appropri\u00e9es, la machine Pendulum Squat permet d&rsquo;am\u00e9liorer la force, la stabilit\u00e9 et la fonction globale du bas du corps. Que les utilisateurs cherchent \u00e0 d\u00e9velopper leur masse musculaire, \u00e0 augmenter leur force ou \u00e0 am\u00e9liorer leur endurance musculaire, le Pendulum Squat offre une solution pratique et efficace pour atteindre leurs objectifs de remise en forme.<\/p>\n<\/div>\n\n\n\n<div class=\"wp-block-column is-vertically-aligned-center is-layout-flow wp-block-column-is-layout-flow\">\n<figure class=\"wp-block-video\"><video height=\"2000\" style=\"aspect-ratio: 2000 \/ 2000;\" width=\"2000\" autoplay=\"\" controls=\"\" loop=\"\" muted=\"\" src=\"https:\/\/evolve-fitness.eu\/wp-content\/uploads\/2024\/03\/EV-PL-UL-330-Evolve-Ultra-Series-Plate-Pendulum-Loaded-Squat-1.mp4\"><\/video><\/figure>\n<\/div>\n<\/div>\n\n\n\n<div class=\"wp-block-columns alignwide mobile-reverse is-layout-flex wp-container-core-columns-is-layout-035fa626 wp-block-columns-is-layout-flex\" style=\"margin-bottom:var(--wp--preset--spacing--side-padding);padding-top:var(--wp--preset--spacing--tb-padding);padding-bottom:var(--wp--preset--spacing--tb-padding)\">\n<div class=\"wp-block-column is-vertically-aligned-center is-layout-flow wp-block-column-is-layout-flow\">\n<figure class=\"wp-block-image size-large\"><img loading=\"lazy\" decoding=\"async\" width=\"1024\" height=\"1024\" src=\"https:\/\/evolve-fitness.eu\/wp-content\/uploads\/2024\/03\/EV-PL-UL-330-Evolve-Ultra-Series-Plate-Pendulum-Loaded-Squat-7-1024x1024.jpg\" alt=\"\" class=\"wp-image-116259\" srcset=\"https:\/\/evolve-fitness.eu\/wp-content\/uploads\/2024\/03\/EV-PL-UL-330-Evolve-Ultra-Series-Plate-Pendulum-Loaded-Squat-7-1024x1024.jpg 1024w, https:\/\/evolve-fitness.eu\/wp-content\/uploads\/2024\/03\/EV-PL-UL-330-Evolve-Ultra-Series-Plate-Pendulum-Loaded-Squat-7-300x300.jpg 300w, https:\/\/evolve-fitness.eu\/wp-content\/uploads\/2024\/03\/EV-PL-UL-330-Evolve-Ultra-Series-Plate-Pendulum-Loaded-Squat-7-150x150.jpg 150w, https:\/\/evolve-fitness.eu\/wp-content\/uploads\/2024\/03\/EV-PL-UL-330-Evolve-Ultra-Series-Plate-Pendulum-Loaded-Squat-7-600x600.jpg 600w, https:\/\/evolve-fitness.eu\/wp-content\/uploads\/2024\/03\/EV-PL-UL-330-Evolve-Ultra-Series-Plate-Pendulum-Loaded-Squat-7-768x768.jpg 768w, https:\/\/evolve-fitness.eu\/wp-content\/uploads\/2024\/03\/EV-PL-UL-330-Evolve-Ultra-Series-Plate-Pendulum-Loaded-Squat-7-1536x1536.jpg 1536w, https:\/\/evolve-fitness.eu\/wp-content\/uploads\/2024\/03\/EV-PL-UL-330-Evolve-Ultra-Series-Plate-Pendulum-Loaded-Squat-7.jpg 2000w\" sizes=\"auto, (max-width: 1024px) 100vw, 1024px\" \/><\/figure>\n<\/div>\n\n\n\n<div class=\"wp-block-column is-vertically-aligned-center is-layout-flow wp-block-column-is-layout-flow\">\n<h3 class=\"wp-block-heading\" style=\"margin-bottom:var(--wp--preset--spacing--h-3-bottom)\"><strong><strong><strong><strong><strong><strong><strong><strong><strong>R\u00e9sistance r\u00e9glable<\/strong><\/strong><\/strong><\/strong><\/strong><\/strong><\/strong><\/strong><\/strong><\/h3>\n\n\n\n<p><strong><em><strong><strong><strong><strong><strong><strong>Piles de poids personnalisables<\/strong><\/strong><\/strong><\/strong><\/strong><\/strong><\/em><\/strong><\/p>\n\n\n\n<p>Les utilisateurs peuvent facilement ajuster les niveaux de r\u00e9sistance en ajoutant ou en retirant des plaques de poids, ce qui permet des s\u00e9ances d&rsquo;entra\u00eenement personnalis\u00e9es qui r\u00e9pondent aux niveaux de force et de progression des mollets individuels. Qu&rsquo;il s&rsquo;agisse d&rsquo;am\u00e9liorer l&rsquo;endurance des mollets ou de gagner en force, la r\u00e9sistance r\u00e9glable permet de s&rsquo;adapter \u00e0 diff\u00e9rents objectifs d&rsquo;entra\u00eenement.<\/p>\n\n\n\n<p><\/p>\n\n\n\n<h3 class=\"wp-block-heading\" style=\"margin-bottom:var(--wp--preset--spacing--h-3-bottom)\"><strong><strong><strong><strong><strong><strong><strong><strong>Design confortable<\/strong><\/strong><\/strong><\/strong><\/strong><\/strong><\/strong><\/strong><\/h3>\n\n\n\n<p><strong><em><strong><strong><strong><strong><strong><strong>Rembourrage et poign\u00e9es ergonomiques<\/strong><\/strong><\/strong><\/strong><\/strong><\/strong><\/em><\/strong><\/p>\n\n\n\n<p>Con\u00e7ue pour le confort de l&rsquo;utilisateur, la machine Seated Calf Raise est \u00e9quip\u00e9e de coussins et de poign\u00e9es ergonomiques qui favorisent le positionnement correct des jambes et le soutien pendant les exercices.<\/p>\n<\/div>\n<\/div>\n\n\n\n<div class=\"wp-block-columns alignwide mobile-reverse is-layout-flex wp-container-core-columns-is-layout-7a02faa9 wp-block-columns-is-layout-flex\" style=\"margin-bottom:var(--wp--preset--spacing--tb-section-padding)\">\n<div class=\"wp-block-column is-vertically-aligned-center is-layout-flow wp-block-column-is-layout-flow\">\n<h3 class=\"wp-block-heading\" style=\"margin-bottom:var(--wp--preset--spacing--h-3-bottom)\"><strong><strong><strong><strong><strong><strong><strong><strong><strong>Empreinte compacte<\/strong><\/strong><\/strong><\/strong><\/strong><\/strong><\/strong><\/strong><\/strong><\/h3>\n\n\n\n<p><strong><em><strong><strong><strong><strong><strong><strong>Conception efficace de l&rsquo;espace<\/strong><\/strong><\/strong><\/strong><\/strong><\/strong><\/em><\/strong><\/p>\n\n\n\n<p>Malgr\u00e9 sa fonctionnalit\u00e9, l&rsquo;appareil Standing Leg Curl conserve un encombrement r\u00e9duit, ce qui le rend adapt\u00e9 aux personnes disposant d&rsquo;un espace d&rsquo;entra\u00eenement limit\u00e9. Son design \u00e9pur\u00e9 maximise l&rsquo;efficacit\u00e9 de l&rsquo;espace sans compromettre la fonctionnalit\u00e9, garantissant une zone d&rsquo;entra\u00eenement optimis\u00e9e d\u00e9di\u00e9e \u00e0 l&rsquo;entra\u00eenement efficace des ischio-jambiers.<\/p>\n\n\n\n<p><\/p>\n\n\n\n<h3 class=\"wp-block-heading\" style=\"margin-bottom:var(--wp--preset--spacing--h-3-bottom)\"><strong><strong><strong><strong><strong><strong><strong><strong><strong>Finition durable<\/strong><\/strong><\/strong><\/strong><\/strong><\/strong><\/strong><\/strong><\/strong><\/h3>\n\n\n\n<p><strong><em><strong><strong><strong><strong><strong><strong>Technologie de pulv\u00e9risation \u00e9lectrostatique de poudres thermodurcissables<\/strong><\/strong><\/strong><\/strong><\/strong><\/strong><\/em><\/strong><\/p>\n\n\n\n<p>Nos machines sont dot\u00e9es de la technologie de pulv\u00e9risation \u00e9lectrostatique de poudre thermodurcissable qui garantit une finition durable. Ce rev\u00eatement de pointe pr\u00e9serve l&rsquo;attrait visuel de l&rsquo;\u00e9quipement au fil du temps.<\/p>\n<\/div>\n\n\n\n<div class=\"wp-block-column is-vertically-aligned-center is-layout-flow wp-block-column-is-layout-flow\">\n<figure class=\"wp-block-image size-large\"><img loading=\"lazy\" decoding=\"async\" width=\"1024\" height=\"1024\" src=\"https:\/\/evolve-fitness.eu\/wp-content\/uploads\/2024\/03\/EV-PL-UL-330-Evolve-Ultra-Series-Plate-Pendulum-Loaded-Squat-4-1024x1024.jpg\" alt=\"\" class=\"wp-image-116284\" srcset=\"https:\/\/evolve-fitness.eu\/wp-content\/uploads\/2024\/03\/EV-PL-UL-330-Evolve-Ultra-Series-Plate-Pendulum-Loaded-Squat-4-1024x1024.jpg 1024w, https:\/\/evolve-fitness.eu\/wp-content\/uploads\/2024\/03\/EV-PL-UL-330-Evolve-Ultra-Series-Plate-Pendulum-Loaded-Squat-4-300x300.jpg 300w, https:\/\/evolve-fitness.eu\/wp-content\/uploads\/2024\/03\/EV-PL-UL-330-Evolve-Ultra-Series-Plate-Pendulum-Loaded-Squat-4-150x150.jpg 150w, https:\/\/evolve-fitness.eu\/wp-content\/uploads\/2024\/03\/EV-PL-UL-330-Evolve-Ultra-Series-Plate-Pendulum-Loaded-Squat-4-600x600.jpg 600w, https:\/\/evolve-fitness.eu\/wp-content\/uploads\/2024\/03\/EV-PL-UL-330-Evolve-Ultra-Series-Plate-Pendulum-Loaded-Squat-4-768x768.jpg 768w, https:\/\/evolve-fitness.eu\/wp-content\/uploads\/2024\/03\/EV-PL-UL-330-Evolve-Ultra-Series-Plate-Pendulum-Loaded-Squat-4-1536x1536.jpg 1536w, https:\/\/evolve-fitness.eu\/wp-content\/uploads\/2024\/03\/EV-PL-UL-330-Evolve-Ultra-Series-Plate-Pendulum-Loaded-Squat-4.jpg 2000w\" sizes=\"auto, (max-width: 1024px) 100vw, 1024px\" \/><\/figure>\n<\/div>\n<\/div>\n\n\n\n<div class=\"wp-block-columns alignwide mobile-reverse is-layout-flex wp-container-core-columns-is-layout-ca64bf2d wp-block-columns-is-layout-flex\" style=\"margin-bottom:var(--wp--preset--spacing--side-padding)\">\n<div class=\"wp-block-column is-vertically-aligned-center is-layout-flow wp-block-column-is-layout-flow\"><\/div>\n<\/div>\n<\/section>\n<\/section>\n","protected":false},"excerpt":{"rendered":"<p>Le squat Evolve Ultra Series Plate Pendulum Loaded Squat, UL-330, est un paradigme de robustesse et de sophistication en mati\u00e8re d&rsquo;\u00e9quipement de gymnastique. Con\u00e7u avec une attention m\u00e9ticuleuse aux d\u00e9tails, il est dot\u00e9 de boulons et d&rsquo;\u00e9crous en acier inoxydable pour une durabilit\u00e9 in\u00e9gal\u00e9e. Sa technologie de pulv\u00e9risation \u00e9lectrostatique de poudre thermodurcissable garantit une finition durable et visuellement attrayante. L&rsquo;appareil comprend des protections de sol durables pour \u00e9viter d&rsquo;endommager le sol de la salle de sport, et des chevilles pratiques pour un rangement efficace des poids et halt\u00e8res. Le rev\u00eatement en cuir PU haut de gamme et r\u00e9sistant allie confort et endurance, am\u00e9liorant ainsi l&rsquo;exp\u00e9rience globale de l&rsquo;entra\u00eenement. En outre, les poign\u00e9es antid\u00e9rapantes offrent une prise s\u00fbre pour la s\u00e9curit\u00e9 et la confiance pendant les exercices intenses. Cet \u00e9quipement de haute qualit\u00e9, d&rsquo;un poids de 248 kg, est assorti d&rsquo;une garantie de 2 ans, ce qui garantit des performances et une fiabilit\u00e9 durables dans tout environnement de remise en forme.<\/p>\n","protected":false},"featured_media":116016,"template":"","meta":{"_acf_changed":false,"inline_featured_image":false},"product_brand":[],"product_cat":[5194,5333],"product_tag":[],"class_list":{"0":"post-85834","1":"product","2":"type-product","3":"status-publish","4":"has-post-thumbnail","6":"product_cat-machines-a-plateau","7":"product_cat-ultra-series-plate-loaded-machines","9":"first","10":"instock","11":"virtual","12":"purchasable","13":"product-type-simple"},"acf":{"long_title":"Evolve Ultra Series Plate Pendulum Loaded Squat, UL-330","subtitle":"","specifications":[{"label":"SKU","text_value":"EV-PL-UL-330","icon":"x"},{"label":"Dimensions","text_value":"2366 x 1475 x 1790 mm","icon":"x"},{"label":"Poids","text_value":"210 kg","icon":"x"},{"label":"Garantie  ","text_value":"2 ans","icon":"x"},{"label":"Max. charge","text_value":"248 kg","icon":"x"},{"label":"Poign\u00e9es antid\u00e9rapantes","text_value":"","icon":"v"},{"label":"Rev\u00eatement \u00e9pais en cuir PU","text_value":"","icon":"v"},{"label":"Protecteurs de sol durables","text_value":"","icon":"v"},{"label":"Piquets pour le stockage des plaques d'halt\u00e8res","text_value":"","icon":"v"},{"label":"","text_value":"","icon":"v"},{"label":"","text_value":"","icon":"v"},{"label":"","text_value":"","icon":"x"}]},"yoast_head":"<!-- This site is optimized with the Yoast SEO plugin v27.4 - https:\/\/yoast.com\/product\/yoast-seo-wordpress\/ -->\n<title>Evolve Ultra Series Plate Pendulum Loaded Squat - Evolve<\/title>\n<meta name=\"robots\" content=\"index, follow, max-snippet:-1, max-image-preview:large, max-video-preview:-1\" \/>\n<link rel=\"canonical\" href=\"https:\/\/evolve-fitness.eu\/fr\/produit\/evolve-ultra-series-plate-pendulum-loaded-squat\/\" \/>\n<meta property=\"og:locale\" content=\"fr_FR\" \/>\n<meta property=\"og:type\" content=\"article\" \/>\n<meta property=\"og:title\" content=\"Evolve Ultra Series Plate Pendulum Loaded Squat - Evolve\" \/>\n<meta property=\"og:url\" content=\"https:\/\/evolve-fitness.eu\/fr\/produit\/evolve-ultra-series-plate-pendulum-loaded-squat\/\" \/>\n<meta property=\"og:site_name\" content=\"Evolve\" \/>\n<meta property=\"article:publisher\" content=\"https:\/\/www.facebook.com\/EvolveFitnessEurope\" \/>\n<meta property=\"article:modified_time\" content=\"2024-03-25T13:49:22+00:00\" \/>\n<meta property=\"og:image\" content=\"https:\/\/evolve-fitness.eu\/wp-content\/uploads\/2023\/11\/EV-PL-UL-330-Evolve-Ultra-Series-Plate-Pendulum-Loaded-Squat-1.jpg\" \/>\n\t<meta property=\"og:image:width\" content=\"2000\" \/>\n\t<meta property=\"og:image:height\" content=\"2000\" \/>\n\t<meta property=\"og:image:type\" content=\"image\/jpeg\" \/>\n<meta name=\"twitter:card\" content=\"summary_large_image\" \/>\n<script type=\"application\/ld+json\" class=\"yoast-schema-graph\">{\"@context\":\"https:\\\/\\\/schema.org\",\"@graph\":[{\"@type\":\"WebPage\",\"@id\":\"https:\\\/\\\/evolve-fitness.eu\\\/fr\\\/produit\\\/evolve-ultra-series-plate-pendulum-loaded-squat\\\/\",\"url\":\"https:\\\/\\\/evolve-fitness.eu\\\/fr\\\/produit\\\/evolve-ultra-series-plate-pendulum-loaded-squat\\\/\",\"name\":\"Evolve Ultra Series Plate Pendulum Loaded Squat - Evolve\",\"isPartOf\":{\"@id\":\"https:\\\/\\\/evolve-fitness.eu\\\/fr\\\/#website\"},\"primaryImageOfPage\":{\"@id\":\"https:\\\/\\\/evolve-fitness.eu\\\/fr\\\/produit\\\/evolve-ultra-series-plate-pendulum-loaded-squat\\\/#primaryimage\"},\"image\":{\"@id\":\"https:\\\/\\\/evolve-fitness.eu\\\/fr\\\/produit\\\/evolve-ultra-series-plate-pendulum-loaded-squat\\\/#primaryimage\"},\"thumbnailUrl\":\"https:\\\/\\\/evolve-fitness.eu\\\/wp-content\\\/uploads\\\/2023\\\/11\\\/EV-PL-UL-330-Evolve-Ultra-Series-Plate-Pendulum-Loaded-Squat-1.jpg\",\"datePublished\":\"2023-11-16T10:52:46+00:00\",\"dateModified\":\"2024-03-25T13:49:22+00:00\",\"breadcrumb\":{\"@id\":\"https:\\\/\\\/evolve-fitness.eu\\\/fr\\\/produit\\\/evolve-ultra-series-plate-pendulum-loaded-squat\\\/#breadcrumb\"},\"inLanguage\":\"fr-FR\",\"potentialAction\":[{\"@type\":\"ReadAction\",\"target\":[\"https:\\\/\\\/evolve-fitness.eu\\\/fr\\\/produit\\\/evolve-ultra-series-plate-pendulum-loaded-squat\\\/\"]}]},{\"@type\":\"ImageObject\",\"inLanguage\":\"fr-FR\",\"@id\":\"https:\\\/\\\/evolve-fitness.eu\\\/fr\\\/produit\\\/evolve-ultra-series-plate-pendulum-loaded-squat\\\/#primaryimage\",\"url\":\"https:\\\/\\\/evolve-fitness.eu\\\/wp-content\\\/uploads\\\/2023\\\/11\\\/EV-PL-UL-330-Evolve-Ultra-Series-Plate-Pendulum-Loaded-Squat-1.jpg\",\"contentUrl\":\"https:\\\/\\\/evolve-fitness.eu\\\/wp-content\\\/uploads\\\/2023\\\/11\\\/EV-PL-UL-330-Evolve-Ultra-Series-Plate-Pendulum-Loaded-Squat-1.jpg\",\"width\":2000,\"height\":2000,\"caption\":\"EV-PL-UL-330\"},{\"@type\":\"BreadcrumbList\",\"@id\":\"https:\\\/\\\/evolve-fitness.eu\\\/fr\\\/produit\\\/evolve-ultra-series-plate-pendulum-loaded-squat\\\/#breadcrumb\",\"itemListElement\":[{\"@type\":\"ListItem\",\"position\":1,\"name\":\"Home\",\"item\":\"https:\\\/\\\/evolve-fitness.eu\\\/fr\\\/\"},{\"@type\":\"ListItem\",\"position\":2,\"name\":\"Produits\",\"item\":\"https:\\\/\\\/evolve-fitness.eu\\\/fr\\\/shop\\\/\"},{\"@type\":\"ListItem\",\"position\":3,\"name\":\"Evolve Ultra Series Plate Pendulum Loaded Squat\"}]},{\"@type\":\"WebSite\",\"@id\":\"https:\\\/\\\/evolve-fitness.eu\\\/fr\\\/#website\",\"url\":\"https:\\\/\\\/evolve-fitness.eu\\\/fr\\\/\",\"name\":\"Evolve\",\"description\":\"Your Evolved Gear Arrived\",\"publisher\":{\"@id\":\"https:\\\/\\\/evolve-fitness.eu\\\/fr\\\/#organization\"},\"potentialAction\":[{\"@type\":\"SearchAction\",\"target\":{\"@type\":\"EntryPoint\",\"urlTemplate\":\"https:\\\/\\\/evolve-fitness.eu\\\/fr\\\/?s={search_term_string}\"},\"query-input\":{\"@type\":\"PropertyValueSpecification\",\"valueRequired\":true,\"valueName\":\"search_term_string\"}}],\"inLanguage\":\"fr-FR\"},{\"@type\":\"Organization\",\"@id\":\"https:\\\/\\\/evolve-fitness.eu\\\/fr\\\/#organization\",\"name\":\"Evolve\",\"url\":\"https:\\\/\\\/evolve-fitness.eu\\\/fr\\\/\",\"logo\":{\"@type\":\"ImageObject\",\"inLanguage\":\"fr-FR\",\"@id\":\"https:\\\/\\\/evolve-fitness.eu\\\/fr\\\/#\\\/schema\\\/logo\\\/image\\\/\",\"url\":\"https:\\\/\\\/evolve-fitness.eu\\\/wp-content\\\/uploads\\\/2023\\\/05\\\/Evolve-logo.svg\",\"contentUrl\":\"https:\\\/\\\/evolve-fitness.eu\\\/wp-content\\\/uploads\\\/2023\\\/05\\\/Evolve-logo.svg\",\"width\":176,\"height\":20,\"caption\":\"Evolve\"},\"image\":{\"@id\":\"https:\\\/\\\/evolve-fitness.eu\\\/fr\\\/#\\\/schema\\\/logo\\\/image\\\/\"},\"sameAs\":[\"https:\\\/\\\/www.facebook.com\\\/EvolveFitnessEurope\"]}]}<\/script>\n<!-- \/ Yoast SEO plugin. -->","yoast_head_json":{"title":"Evolve Ultra Series Plate Pendulum Loaded Squat - Evolve","robots":{"index":"index","follow":"follow","max-snippet":"max-snippet:-1","max-image-preview":"max-image-preview:large","max-video-preview":"max-video-preview:-1"},"canonical":"https:\/\/evolve-fitness.eu\/fr\/produit\/evolve-ultra-series-plate-pendulum-loaded-squat\/","og_locale":"fr_FR","og_type":"article","og_title":"Evolve Ultra Series Plate Pendulum Loaded Squat - Evolve","og_url":"https:\/\/evolve-fitness.eu\/fr\/produit\/evolve-ultra-series-plate-pendulum-loaded-squat\/","og_site_name":"Evolve","article_publisher":"https:\/\/www.facebook.com\/EvolveFitnessEurope","article_modified_time":"2024-03-25T13:49:22+00:00","og_image":[{"width":2000,"height":2000,"url":"https:\/\/evolve-fitness.eu\/wp-content\/uploads\/2023\/11\/EV-PL-UL-330-Evolve-Ultra-Series-Plate-Pendulum-Loaded-Squat-1.jpg","type":"image\/jpeg"}],"twitter_card":"summary_large_image","schema":{"@context":"https:\/\/schema.org","@graph":[{"@type":"WebPage","@id":"https:\/\/evolve-fitness.eu\/fr\/produit\/evolve-ultra-series-plate-pendulum-loaded-squat\/","url":"https:\/\/evolve-fitness.eu\/fr\/produit\/evolve-ultra-series-plate-pendulum-loaded-squat\/","name":"Evolve Ultra Series Plate Pendulum Loaded Squat - Evolve","isPartOf":{"@id":"https:\/\/evolve-fitness.eu\/fr\/#website"},"primaryImageOfPage":{"@id":"https:\/\/evolve-fitness.eu\/fr\/produit\/evolve-ultra-series-plate-pendulum-loaded-squat\/#primaryimage"},"image":{"@id":"https:\/\/evolve-fitness.eu\/fr\/produit\/evolve-ultra-series-plate-pendulum-loaded-squat\/#primaryimage"},"thumbnailUrl":"https:\/\/evolve-fitness.eu\/wp-content\/uploads\/2023\/11\/EV-PL-UL-330-Evolve-Ultra-Series-Plate-Pendulum-Loaded-Squat-1.jpg","datePublished":"2023-11-16T10:52:46+00:00","dateModified":"2024-03-25T13:49:22+00:00","breadcrumb":{"@id":"https:\/\/evolve-fitness.eu\/fr\/produit\/evolve-ultra-series-plate-pendulum-loaded-squat\/#breadcrumb"},"inLanguage":"fr-FR","potentialAction":[{"@type":"ReadAction","target":["https:\/\/evolve-fitness.eu\/fr\/produit\/evolve-ultra-series-plate-pendulum-loaded-squat\/"]}]},{"@type":"ImageObject","inLanguage":"fr-FR","@id":"https:\/\/evolve-fitness.eu\/fr\/produit\/evolve-ultra-series-plate-pendulum-loaded-squat\/#primaryimage","url":"https:\/\/evolve-fitness.eu\/wp-content\/uploads\/2023\/11\/EV-PL-UL-330-Evolve-Ultra-Series-Plate-Pendulum-Loaded-Squat-1.jpg","contentUrl":"https:\/\/evolve-fitness.eu\/wp-content\/uploads\/2023\/11\/EV-PL-UL-330-Evolve-Ultra-Series-Plate-Pendulum-Loaded-Squat-1.jpg","width":2000,"height":2000,"caption":"EV-PL-UL-330"},{"@type":"BreadcrumbList","@id":"https:\/\/evolve-fitness.eu\/fr\/produit\/evolve-ultra-series-plate-pendulum-loaded-squat\/#breadcrumb","itemListElement":[{"@type":"ListItem","position":1,"name":"Home","item":"https:\/\/evolve-fitness.eu\/fr\/"},{"@type":"ListItem","position":2,"name":"Produits","item":"https:\/\/evolve-fitness.eu\/fr\/shop\/"},{"@type":"ListItem","position":3,"name":"Evolve Ultra Series Plate Pendulum Loaded Squat"}]},{"@type":"WebSite","@id":"https:\/\/evolve-fitness.eu\/fr\/#website","url":"https:\/\/evolve-fitness.eu\/fr\/","name":"Evolve","description":"Your Evolved Gear Arrived","publisher":{"@id":"https:\/\/evolve-fitness.eu\/fr\/#organization"},"potentialAction":[{"@type":"SearchAction","target":{"@type":"EntryPoint","urlTemplate":"https:\/\/evolve-fitness.eu\/fr\/?s={search_term_string}"},"query-input":{"@type":"PropertyValueSpecification","valueRequired":true,"valueName":"search_term_string"}}],"inLanguage":"fr-FR"},{"@type":"Organization","@id":"https:\/\/evolve-fitness.eu\/fr\/#organization","name":"Evolve","url":"https:\/\/evolve-fitness.eu\/fr\/","logo":{"@type":"ImageObject","inLanguage":"fr-FR","@id":"https:\/\/evolve-fitness.eu\/fr\/#\/schema\/logo\/image\/","url":"https:\/\/evolve-fitness.eu\/wp-content\/uploads\/2023\/05\/Evolve-logo.svg","contentUrl":"https:\/\/evolve-fitness.eu\/wp-content\/uploads\/2023\/05\/Evolve-logo.svg","width":176,"height":20,"caption":"Evolve"},"image":{"@id":"https:\/\/evolve-fitness.eu\/fr\/#\/schema\/logo\/image\/"},"sameAs":["https:\/\/www.facebook.com\/EvolveFitnessEurope"]}]}},"_links":{"self":[{"href":"https:\/\/evolve-fitness.eu\/fr\/wp-json\/wp\/v2\/product\/85834","targetHints":{"allow":["GET"]}}],"collection":[{"href":"https:\/\/evolve-fitness.eu\/fr\/wp-json\/wp\/v2\/product"}],"about":[{"href":"https:\/\/evolve-fitness.eu\/fr\/wp-json\/wp\/v2\/types\/product"}],"wp:featuredmedia":[{"embeddable":true,"href":"https:\/\/evolve-fitness.eu\/fr\/wp-json\/wp\/v2\/media\/116016"}],"wp:attachment":[{"href":"https:\/\/evolve-fitness.eu\/fr\/wp-json\/wp\/v2\/media?parent=85834"}],"wp:term":[{"taxonomy":"product_brand","embeddable":true,"href":"https:\/\/evolve-fitness.eu\/fr\/wp-json\/wp\/v2\/product_brand?post=85834"},{"taxonomy":"product_cat","embeddable":true,"href":"https:\/\/evolve-fitness.eu\/fr\/wp-json\/wp\/v2\/product_cat?post=85834"},{"taxonomy":"product_tag","embeddable":true,"href":"https:\/\/evolve-fitness.eu\/fr\/wp-json\/wp\/v2\/product_tag?post=85834"}],"curies":[{"name":"wp","href":"https:\/\/api.w.org\/{rel}","templated":true}]}}