{"id":86511,"date":"2023-11-20T10:09:44","date_gmt":"2023-11-20T10:09:44","guid":{"rendered":"https:\/\/evolve-fitness.eu\/product\/evolve-olympic-curl-bar-120-cm\/"},"modified":"2026-04-01T16:01:51","modified_gmt":"2026-04-01T13:01:51","slug":"evolve-olympic-curl-bar-120-cm","status":"publish","type":"product","link":"https:\/\/evolve-fitness.eu\/fr\/produit\/evolve-olympic-curl-bar-120-cm\/","title":{"rendered":"Evolve Olympic Curl Bar &#8211; 120 cm"},"content":{"rendered":"\n<section class=\"wp-block-group alignfull has-lightgray-background-color has-background is-layout-constrained wp-block-group-is-layout-constrained\">\n<div class=\"wp-block-columns alignwide is-layout-flex wp-container-core-columns-is-layout-2edb0647 wp-block-columns-is-layout-flex\" style=\"margin-top:0;margin-bottom:0\">\n<div class=\"wp-block-column is-layout-flow wp-block-column-is-layout-flow\" style=\"flex-basis:33.33%\"><\/div>\n\n\n\n<div class=\"wp-block-column is-layout-flow wp-block-column-is-layout-flow\" style=\"flex-basis:66.66%\"><\/div>\n<\/div>\n<\/section>\n\n<section class=\"wp-block-group alignfull black-content has-white-color has-darkgray-background-color has-text-color has-background is-layout-constrained wp-block-group-is-layout-constrained\" style=\"padding-top:var(--wp--preset--spacing--section-bottom);padding-bottom:var(--wp--preset--spacing--section-bottom)\">\n<section class=\"wp-block-group alignfull black-content has-white-color has-darkgray-background-color has-text-color has-background is-layout-constrained wp-block-group-is-layout-constrained\" style=\"padding-top:var(--wp--preset--spacing--section-bottom);padding-bottom:var(--wp--preset--spacing--section-bottom)\">\n<section class=\"wp-block-group alignfull black-content has-white-color has-darkgray-background-color has-text-color has-background is-layout-constrained wp-block-group-is-layout-constrained\" style=\"padding-top:var(--wp--preset--spacing--section-bottom);padding-bottom:var(--wp--preset--spacing--section-bottom)\">\n<div class=\"wp-block-columns alignwide mobile-reverse is-layout-flex wp-container-core-columns-is-layout-ca64bf2d wp-block-columns-is-layout-flex\" style=\"margin-bottom:var(--wp--preset--spacing--side-padding)\">\n<div class=\"wp-block-column is-vertically-aligned-center is-layout-flow wp-block-column-is-layout-flow\">\n<h3 class=\"wp-block-heading\" style=\"margin-bottom:var(--wp--preset--spacing--h-3-bottom)\">Evolve Olympic curl Bar &#8211; 120 cm<\/h3>\n\n\n\n<p><strong><em><strong><em>120 cm<\/em><\/strong><\/em><\/strong><\/p>\n\n\n\n<p style=\"margin-bottom:var(--wp--preset--spacing--tb-section-padding)\">D\u00e9couvrez le summum de la musculation avec la barre de curl olympique Evolve (EV-OB-CB-120) &#8211; une barre de curl haut de gamme de 1200 mm, 10 kg, 50 mm, con\u00e7ue pour les entra\u00eenements intensifs \u00e0 domicile et les utilisations commerciales intensives.<\/p>\n<\/div>\n\n\n\n<div class=\"wp-block-column is-vertically-aligned-center is-layout-flow wp-block-column-is-layout-flow\">\n<figure class=\"wp-block-image size-large\"><img decoding=\"async\" src=\"https:\/\/store.evolve-fitness.eu\/wp-content\/uploads\/2024\/07\/A7_06078-683x1024.jpg\" alt=\"\" class=\"wp-image-92188\"\/><\/figure>\n<\/div>\n<\/div>\n<\/section>\n<\/section>\n<\/section>\n","protected":false},"excerpt":{"rendered":"<p>D\u00e9couvrez le summum de la musculation avec la barre de curl olympique Evolve (EV-OB-CB-120) &#8211; une barre de curl haut de gamme de 1200 mm, 10 kg, 50 mm, con\u00e7ue pour les entra\u00eenements intensifs \u00e0 domicile et les utilisations commerciales intensives. De construction robuste, avec un diam\u00e8tre int\u00e9rieur de 28 mm et une surface int\u00e9rieure chrom\u00e9e, cette barre de curl est con\u00e7ue pour durer. Ses coussinets assurent un fonctionnement souple et une durabilit\u00e9 exceptionnelle, capable de supporter une charge maximale de 360 kg. Avec une garantie de 2 ans et des douilles de plaque de poids de \u00d850 mm, cette barre de curl olympique r\u00e9pond aux plus hauts standards de qualit\u00e9 et de performance. Que vous souhaitiez am\u00e9liorer votre salle de sport \u00e0 domicile ou \u00e9quiper un centre de fitness commercial, la barre de curl olympique Evolve est le choix ultime pour ceux qui exigent ce qu&rsquo;il y a de mieux.<\/p>\n","protected":false},"featured_media":86529,"template":"","meta":{"_acf_changed":false,"inline_featured_image":false},"product_brand":[],"product_cat":[13034,1452,3827],"product_tag":[],"class_list":{"0":"post-86511","1":"product","2":"type-product","3":"status-publish","4":"has-post-thumbnail","6":"product_cat-hyrox-gear","7":"product_cat-poids-libres","8":"product_cat-bars-et-accessoires","10":"first","11":"instock","12":"shipping-taxable","13":"purchasable","14":"product-type-simple"},"acf":{"long_title":"Evolve Olympic Curl Bar - 120 cm","subtitle":"","specifications":[{"label":"SKU","text_value":"EV-OB-CB-120","icon":"x"},{"label":"Longueur","text_value":"1200 mm","icon":"v"},{"label":"Poids","text_value":"10 kg","icon":"x"},{"label":"Charge maximale","text_value":"360 kg","icon":"v"},{"label":"Diam\u00e8tre de la douille de la plaque de poids","text_value":"\u00d8 50 mm","icon":"v"},{"label":"Diam\u00e8tre int\u00e9rieur de la barre","text_value":"\u00d8 28 mm","icon":"v"},{"label":"Surface int\u00e9rieure de la barre","text_value":"Chrome","icon":"v"},{"label":"Garantie","text_value":"2 ans","icon":"v"}]},"yoast_head":"<!-- This site is optimized with the Yoast SEO plugin v26.6 - https:\/\/yoast.com\/wordpress\/plugins\/seo\/ -->\n<title>Evolve Olympic Curl Bar - 120 cm - Evolve<\/title>\n<meta name=\"robots\" content=\"index, follow, max-snippet:-1, max-image-preview:large, max-video-preview:-1\" \/>\n<link rel=\"canonical\" href=\"https:\/\/evolve-fitness.eu\/fr\/produit\/evolve-olympic-curl-bar-120-cm\/\" \/>\n<meta property=\"og:locale\" content=\"fr_FR\" \/>\n<meta property=\"og:type\" content=\"article\" \/>\n<meta property=\"og:title\" content=\"Evolve Olympic Curl Bar - 120 cm - Evolve\" \/>\n<meta property=\"og:url\" content=\"https:\/\/evolve-fitness.eu\/fr\/produit\/evolve-olympic-curl-bar-120-cm\/\" \/>\n<meta property=\"og:site_name\" content=\"Evolve\" \/>\n<meta property=\"article:publisher\" content=\"https:\/\/www.facebook.com\/EvolveFitnessEurope\" \/>\n<meta property=\"article:modified_time\" content=\"2026-04-01T13:01:51+00:00\" \/>\n<meta property=\"og:image\" content=\"https:\/\/evolve-fitness.eu\/wp-content\/uploads\/2023\/11\/Evolve-Olympic-Curl-Bar-120-cm.png\" \/>\n\t<meta property=\"og:image:width\" content=\"680\" \/>\n\t<meta property=\"og:image:height\" content=\"600\" \/>\n\t<meta property=\"og:image:type\" content=\"image\/png\" \/>\n<meta name=\"twitter:card\" content=\"summary_large_image\" \/>\n<script type=\"application\/ld+json\" class=\"yoast-schema-graph\">{\"@context\":\"https:\/\/schema.org\",\"@graph\":[{\"@type\":\"WebPage\",\"@id\":\"https:\/\/evolve-fitness.eu\/fr\/produit\/evolve-olympic-curl-bar-120-cm\/\",\"url\":\"https:\/\/evolve-fitness.eu\/fr\/produit\/evolve-olympic-curl-bar-120-cm\/\",\"name\":\"Evolve Olympic Curl Bar - 120 cm - Evolve\",\"isPartOf\":{\"@id\":\"https:\/\/evolve-fitness.eu\/fr\/#website\"},\"primaryImageOfPage\":{\"@id\":\"https:\/\/evolve-fitness.eu\/fr\/produit\/evolve-olympic-curl-bar-120-cm\/#primaryimage\"},\"image\":{\"@id\":\"https:\/\/evolve-fitness.eu\/fr\/produit\/evolve-olympic-curl-bar-120-cm\/#primaryimage\"},\"thumbnailUrl\":\"https:\/\/evolve-fitness.eu\/wp-content\/uploads\/2023\/11\/Evolve-Olympic-Curl-Bar-120-cm.png\",\"datePublished\":\"2023-11-20T10:09:44+00:00\",\"dateModified\":\"2026-04-01T13:01:51+00:00\",\"breadcrumb\":{\"@id\":\"https:\/\/evolve-fitness.eu\/fr\/produit\/evolve-olympic-curl-bar-120-cm\/#breadcrumb\"},\"inLanguage\":\"fr-FR\",\"potentialAction\":[{\"@type\":\"ReadAction\",\"target\":[\"https:\/\/evolve-fitness.eu\/fr\/produit\/evolve-olympic-curl-bar-120-cm\/\"]}]},{\"@type\":\"ImageObject\",\"inLanguage\":\"fr-FR\",\"@id\":\"https:\/\/evolve-fitness.eu\/fr\/produit\/evolve-olympic-curl-bar-120-cm\/#primaryimage\",\"url\":\"https:\/\/evolve-fitness.eu\/wp-content\/uploads\/2023\/11\/Evolve-Olympic-Curl-Bar-120-cm.png\",\"contentUrl\":\"https:\/\/evolve-fitness.eu\/wp-content\/uploads\/2023\/11\/Evolve-Olympic-Curl-Bar-120-cm.png\",\"width\":680,\"height\":600,\"caption\":\"EV-OB-CB-120\"},{\"@type\":\"BreadcrumbList\",\"@id\":\"https:\/\/evolve-fitness.eu\/fr\/produit\/evolve-olympic-curl-bar-120-cm\/#breadcrumb\",\"itemListElement\":[{\"@type\":\"ListItem\",\"position\":1,\"name\":\"Home\",\"item\":\"https:\/\/evolve-fitness.eu\/fr\/\"},{\"@type\":\"ListItem\",\"position\":2,\"name\":\"Produits\",\"item\":\"https:\/\/evolve-fitness.eu\/fr\/shop\/\"},{\"@type\":\"ListItem\",\"position\":3,\"name\":\"Evolve Olympic Curl Bar &#8211; 120 cm\"}]},{\"@type\":\"WebSite\",\"@id\":\"https:\/\/evolve-fitness.eu\/fr\/#website\",\"url\":\"https:\/\/evolve-fitness.eu\/fr\/\",\"name\":\"Evolve\",\"description\":\"Your Evolved Gear Arrived\",\"publisher\":{\"@id\":\"https:\/\/evolve-fitness.eu\/fr\/#organization\"},\"potentialAction\":[{\"@type\":\"SearchAction\",\"target\":{\"@type\":\"EntryPoint\",\"urlTemplate\":\"https:\/\/evolve-fitness.eu\/fr\/?s={search_term_string}\"},\"query-input\":{\"@type\":\"PropertyValueSpecification\",\"valueRequired\":true,\"valueName\":\"search_term_string\"}}],\"inLanguage\":\"fr-FR\"},{\"@type\":\"Organization\",\"@id\":\"https:\/\/evolve-fitness.eu\/fr\/#organization\",\"name\":\"Evolve\",\"url\":\"https:\/\/evolve-fitness.eu\/fr\/\",\"logo\":{\"@type\":\"ImageObject\",\"inLanguage\":\"fr-FR\",\"@id\":\"https:\/\/evolve-fitness.eu\/fr\/#\/schema\/logo\/image\/\",\"url\":\"https:\/\/evolve-fitness.eu\/wp-content\/uploads\/2023\/05\/Evolve-logo.svg\",\"contentUrl\":\"https:\/\/evolve-fitness.eu\/wp-content\/uploads\/2023\/05\/Evolve-logo.svg\",\"width\":176,\"height\":20,\"caption\":\"Evolve\"},\"image\":{\"@id\":\"https:\/\/evolve-fitness.eu\/fr\/#\/schema\/logo\/image\/\"},\"sameAs\":[\"https:\/\/www.facebook.com\/EvolveFitnessEurope\"]}]}<\/script>\n<!-- \/ Yoast SEO plugin. -->","yoast_head_json":{"title":"Evolve Olympic Curl Bar - 120 cm - Evolve","robots":{"index":"index","follow":"follow","max-snippet":"max-snippet:-1","max-image-preview":"max-image-preview:large","max-video-preview":"max-video-preview:-1"},"canonical":"https:\/\/evolve-fitness.eu\/fr\/produit\/evolve-olympic-curl-bar-120-cm\/","og_locale":"fr_FR","og_type":"article","og_title":"Evolve Olympic Curl Bar - 120 cm - Evolve","og_url":"https:\/\/evolve-fitness.eu\/fr\/produit\/evolve-olympic-curl-bar-120-cm\/","og_site_name":"Evolve","article_publisher":"https:\/\/www.facebook.com\/EvolveFitnessEurope","article_modified_time":"2026-04-01T13:01:51+00:00","og_image":[{"width":680,"height":600,"url":"https:\/\/evolve-fitness.eu\/wp-content\/uploads\/2023\/11\/Evolve-Olympic-Curl-Bar-120-cm.png","type":"image\/png"}],"twitter_card":"summary_large_image","schema":{"@context":"https:\/\/schema.org","@graph":[{"@type":"WebPage","@id":"https:\/\/evolve-fitness.eu\/fr\/produit\/evolve-olympic-curl-bar-120-cm\/","url":"https:\/\/evolve-fitness.eu\/fr\/produit\/evolve-olympic-curl-bar-120-cm\/","name":"Evolve Olympic Curl Bar - 120 cm - Evolve","isPartOf":{"@id":"https:\/\/evolve-fitness.eu\/fr\/#website"},"primaryImageOfPage":{"@id":"https:\/\/evolve-fitness.eu\/fr\/produit\/evolve-olympic-curl-bar-120-cm\/#primaryimage"},"image":{"@id":"https:\/\/evolve-fitness.eu\/fr\/produit\/evolve-olympic-curl-bar-120-cm\/#primaryimage"},"thumbnailUrl":"https:\/\/evolve-fitness.eu\/wp-content\/uploads\/2023\/11\/Evolve-Olympic-Curl-Bar-120-cm.png","datePublished":"2023-11-20T10:09:44+00:00","dateModified":"2026-04-01T13:01:51+00:00","breadcrumb":{"@id":"https:\/\/evolve-fitness.eu\/fr\/produit\/evolve-olympic-curl-bar-120-cm\/#breadcrumb"},"inLanguage":"fr-FR","potentialAction":[{"@type":"ReadAction","target":["https:\/\/evolve-fitness.eu\/fr\/produit\/evolve-olympic-curl-bar-120-cm\/"]}]},{"@type":"ImageObject","inLanguage":"fr-FR","@id":"https:\/\/evolve-fitness.eu\/fr\/produit\/evolve-olympic-curl-bar-120-cm\/#primaryimage","url":"https:\/\/evolve-fitness.eu\/wp-content\/uploads\/2023\/11\/Evolve-Olympic-Curl-Bar-120-cm.png","contentUrl":"https:\/\/evolve-fitness.eu\/wp-content\/uploads\/2023\/11\/Evolve-Olympic-Curl-Bar-120-cm.png","width":680,"height":600,"caption":"EV-OB-CB-120"},{"@type":"BreadcrumbList","@id":"https:\/\/evolve-fitness.eu\/fr\/produit\/evolve-olympic-curl-bar-120-cm\/#breadcrumb","itemListElement":[{"@type":"ListItem","position":1,"name":"Home","item":"https:\/\/evolve-fitness.eu\/fr\/"},{"@type":"ListItem","position":2,"name":"Produits","item":"https:\/\/evolve-fitness.eu\/fr\/shop\/"},{"@type":"ListItem","position":3,"name":"Evolve Olympic Curl Bar &#8211; 120 cm"}]},{"@type":"WebSite","@id":"https:\/\/evolve-fitness.eu\/fr\/#website","url":"https:\/\/evolve-fitness.eu\/fr\/","name":"Evolve","description":"Your Evolved Gear Arrived","publisher":{"@id":"https:\/\/evolve-fitness.eu\/fr\/#organization"},"potentialAction":[{"@type":"SearchAction","target":{"@type":"EntryPoint","urlTemplate":"https:\/\/evolve-fitness.eu\/fr\/?s={search_term_string}"},"query-input":{"@type":"PropertyValueSpecification","valueRequired":true,"valueName":"search_term_string"}}],"inLanguage":"fr-FR"},{"@type":"Organization","@id":"https:\/\/evolve-fitness.eu\/fr\/#organization","name":"Evolve","url":"https:\/\/evolve-fitness.eu\/fr\/","logo":{"@type":"ImageObject","inLanguage":"fr-FR","@id":"https:\/\/evolve-fitness.eu\/fr\/#\/schema\/logo\/image\/","url":"https:\/\/evolve-fitness.eu\/wp-content\/uploads\/2023\/05\/Evolve-logo.svg","contentUrl":"https:\/\/evolve-fitness.eu\/wp-content\/uploads\/2023\/05\/Evolve-logo.svg","width":176,"height":20,"caption":"Evolve"},"image":{"@id":"https:\/\/evolve-fitness.eu\/fr\/#\/schema\/logo\/image\/"},"sameAs":["https:\/\/www.facebook.com\/EvolveFitnessEurope"]}]}},"_links":{"self":[{"href":"https:\/\/evolve-fitness.eu\/fr\/wp-json\/wp\/v2\/product\/86511","targetHints":{"allow":["GET"]}}],"collection":[{"href":"https:\/\/evolve-fitness.eu\/fr\/wp-json\/wp\/v2\/product"}],"about":[{"href":"https:\/\/evolve-fitness.eu\/fr\/wp-json\/wp\/v2\/types\/product"}],"wp:featuredmedia":[{"embeddable":true,"href":"https:\/\/evolve-fitness.eu\/fr\/wp-json\/wp\/v2\/media\/86529"}],"wp:attachment":[{"href":"https:\/\/evolve-fitness.eu\/fr\/wp-json\/wp\/v2\/media?parent=86511"}],"wp:term":[{"taxonomy":"product_brand","embeddable":true,"href":"https:\/\/evolve-fitness.eu\/fr\/wp-json\/wp\/v2\/product_brand?post=86511"},{"taxonomy":"product_cat","embeddable":true,"href":"https:\/\/evolve-fitness.eu\/fr\/wp-json\/wp\/v2\/product_cat?post=86511"},{"taxonomy":"product_tag","embeddable":true,"href":"https:\/\/evolve-fitness.eu\/fr\/wp-json\/wp\/v2\/product_tag?post=86511"}],"curies":[{"name":"wp","href":"https:\/\/api.w.org\/{rel}","templated":true}]}}