{"id":88381,"date":"2024-01-17T11:14:00","date_gmt":"2024-01-17T11:14:00","guid":{"rendered":"https:\/\/evolve-fitness.eu\/product\/support-evolve-wall-balls-et-powerbags\/"},"modified":"2026-03-27T10:51:00","modified_gmt":"2026-03-27T08:51:00","slug":"support-evolve-wall-balls-et-powerbags","status":"publish","type":"product","link":"https:\/\/evolve-fitness.eu\/fr\/produit\/support-evolve-wall-balls-et-powerbags\/","title":{"rendered":"Support Evolve pour ballons muraux et Powerbags (WR-100)"},"content":{"rendered":"","protected":false},"excerpt":{"rendered":"<p>Am\u00e9liorez l&rsquo;organisation et l&rsquo;accessibilit\u00e9 de votre salle de sport avec le support mural pour ballons et sacs de sport Evolve, une solution de stockage \u00e9l\u00e9gante et robuste con\u00e7ue pour les salles de sport modernes. Ce support est con\u00e7u pour ranger et pr\u00e9senter une vari\u00e9t\u00e9 de balles murales et de sacs d&rsquo;alimentation, les rendant ainsi facilement accessibles et efficacement organis\u00e9s. Id\u00e9al pour les salles de sport commerciales et les salles d&rsquo;entra\u00eenement \u00e0 domicile, le rack Evolve garantit un espace d&rsquo;entra\u00eenement s\u00fbr et sans encombrement. Sa construction robuste et sa conception r\u00e9fl\u00e9chie s&rsquo;adaptent \u00e0 plusieurs tailles et poids, d\u00e9montrant l&rsquo;engagement d&rsquo;Evolve en mati\u00e8re de durabilit\u00e9 et de fonctionnalit\u00e9. L&#8217;empreinte compacte du rack permet de maximiser l&rsquo;espace au sol tout en am\u00e9liorant l&rsquo;esth\u00e9tique de votre salle de sport. En int\u00e9grant le support Evolve Wall Balls et Powerbags dans votre environnement de fitness, vous n&rsquo;investissez pas seulement dans une organisation sup\u00e9rieure de l&rsquo;\u00e9quipement, mais vous favorisez \u00e9galement une exp\u00e9rience d&rsquo;entra\u00eenement plus productive et rationalis\u00e9e.<\/p>\n","protected":false},"featured_media":88384,"template":"","meta":{"_acf_changed":true,"inline_featured_image":false},"product_brand":[],"product_cat":[3887,2855],"product_tag":[],"class_list":{"0":"post-88381","1":"product","2":"type-product","3":"status-publish","4":"has-post-thumbnail","6":"product_cat-equipement-fonctionnel","7":"product_cat-transversal-et-fonctionnel","9":"first","10":"instock","11":"shipping-taxable","12":"purchasable","13":"product-type-simple"},"acf":{"long_title":"Support Evolve pour ballons muraux et Powerbags (WR-100)","subtitle":"","specifications":[{"label":"SKU","text_value":"EV-RS-WR-100","icon":"x"},{"label":"Poids","text_value":"20,5 kg","icon":"x"},{"label":"Charge maximale","text_value":"200 kg","icon":"x"},{"label":"Le support peut contenir 5 power bags ou ballons","text_value":"","icon":"v"},{"label":"Cadre stable en acier avec rev\u00eatement en poudre","text_value":"","icon":"v"},{"label":"Les parties de la machine qui entrent en contact avec le sol sont recouvertes de protections en caoutchouc ou en plastique.","text_value":"","icon":"v"},{"label":"Garantie","text_value":"2 ans","icon":"x"}]},"yoast_head":"<!-- This site is optimized with the Yoast SEO plugin v27.4 - https:\/\/yoast.com\/product\/yoast-seo-wordpress\/ -->\n<title>Support Evolve pour ballons muraux et Powerbags (WR-100) - Evolve<\/title>\n<meta name=\"robots\" content=\"index, follow, max-snippet:-1, max-image-preview:large, max-video-preview:-1\" \/>\n<link rel=\"canonical\" href=\"https:\/\/evolve-fitness.eu\/fr\/produit\/support-evolve-wall-balls-et-powerbags\/\" \/>\n<meta property=\"og:locale\" content=\"fr_FR\" \/>\n<meta property=\"og:type\" content=\"article\" \/>\n<meta property=\"og:title\" content=\"Support Evolve pour ballons muraux et Powerbags (WR-100) - Evolve\" \/>\n<meta property=\"og:url\" content=\"https:\/\/evolve-fitness.eu\/fr\/produit\/support-evolve-wall-balls-et-powerbags\/\" \/>\n<meta property=\"og:site_name\" content=\"Evolve\" \/>\n<meta property=\"article:publisher\" content=\"https:\/\/www.facebook.com\/EvolveFitnessEurope\" \/>\n<meta property=\"article:modified_time\" content=\"2026-03-27T08:51:00+00:00\" \/>\n<meta property=\"og:image\" content=\"https:\/\/evolve-fitness.eu\/wp-content\/uploads\/2024\/01\/EV-RS-WR-100-PNG.png\" \/>\n\t<meta property=\"og:image:width\" content=\"680\" \/>\n\t<meta property=\"og:image:height\" content=\"600\" \/>\n\t<meta property=\"og:image:type\" content=\"image\/png\" \/>\n<meta name=\"twitter:card\" content=\"summary_large_image\" \/>\n<script type=\"application\/ld+json\" class=\"yoast-schema-graph\">{\"@context\":\"https:\\\/\\\/schema.org\",\"@graph\":[{\"@type\":\"WebPage\",\"@id\":\"https:\\\/\\\/evolve-fitness.eu\\\/fr\\\/produit\\\/support-evolve-wall-balls-et-powerbags\\\/\",\"url\":\"https:\\\/\\\/evolve-fitness.eu\\\/fr\\\/produit\\\/support-evolve-wall-balls-et-powerbags\\\/\",\"name\":\"Support Evolve pour ballons muraux et Powerbags (WR-100) - Evolve\",\"isPartOf\":{\"@id\":\"https:\\\/\\\/evolve-fitness.eu\\\/fr\\\/#website\"},\"primaryImageOfPage\":{\"@id\":\"https:\\\/\\\/evolve-fitness.eu\\\/fr\\\/produit\\\/support-evolve-wall-balls-et-powerbags\\\/#primaryimage\"},\"image\":{\"@id\":\"https:\\\/\\\/evolve-fitness.eu\\\/fr\\\/produit\\\/support-evolve-wall-balls-et-powerbags\\\/#primaryimage\"},\"thumbnailUrl\":\"https:\\\/\\\/evolve-fitness.eu\\\/wp-content\\\/uploads\\\/2024\\\/01\\\/EV-RS-WR-100-PNG.png\",\"datePublished\":\"2024-01-17T11:14:00+00:00\",\"dateModified\":\"2026-03-27T08:51:00+00:00\",\"breadcrumb\":{\"@id\":\"https:\\\/\\\/evolve-fitness.eu\\\/fr\\\/produit\\\/support-evolve-wall-balls-et-powerbags\\\/#breadcrumb\"},\"inLanguage\":\"fr-FR\",\"potentialAction\":[{\"@type\":\"ReadAction\",\"target\":[\"https:\\\/\\\/evolve-fitness.eu\\\/fr\\\/produit\\\/support-evolve-wall-balls-et-powerbags\\\/\"]}]},{\"@type\":\"ImageObject\",\"inLanguage\":\"fr-FR\",\"@id\":\"https:\\\/\\\/evolve-fitness.eu\\\/fr\\\/produit\\\/support-evolve-wall-balls-et-powerbags\\\/#primaryimage\",\"url\":\"https:\\\/\\\/evolve-fitness.eu\\\/wp-content\\\/uploads\\\/2024\\\/01\\\/EV-RS-WR-100-PNG.png\",\"contentUrl\":\"https:\\\/\\\/evolve-fitness.eu\\\/wp-content\\\/uploads\\\/2024\\\/01\\\/EV-RS-WR-100-PNG.png\",\"width\":680,\"height\":600,\"caption\":\"EV-RS-WR-100\"},{\"@type\":\"BreadcrumbList\",\"@id\":\"https:\\\/\\\/evolve-fitness.eu\\\/fr\\\/produit\\\/support-evolve-wall-balls-et-powerbags\\\/#breadcrumb\",\"itemListElement\":[{\"@type\":\"ListItem\",\"position\":1,\"name\":\"Home\",\"item\":\"https:\\\/\\\/evolve-fitness.eu\\\/fr\\\/\"},{\"@type\":\"ListItem\",\"position\":2,\"name\":\"Produits\",\"item\":\"https:\\\/\\\/evolve-fitness.eu\\\/fr\\\/shop\\\/\"},{\"@type\":\"ListItem\",\"position\":3,\"name\":\"Support Evolve pour ballons muraux et Powerbags (WR-100)\"}]},{\"@type\":\"WebSite\",\"@id\":\"https:\\\/\\\/evolve-fitness.eu\\\/fr\\\/#website\",\"url\":\"https:\\\/\\\/evolve-fitness.eu\\\/fr\\\/\",\"name\":\"Evolve\",\"description\":\"Your Evolved Gear Arrived\",\"publisher\":{\"@id\":\"https:\\\/\\\/evolve-fitness.eu\\\/fr\\\/#organization\"},\"potentialAction\":[{\"@type\":\"SearchAction\",\"target\":{\"@type\":\"EntryPoint\",\"urlTemplate\":\"https:\\\/\\\/evolve-fitness.eu\\\/fr\\\/?s={search_term_string}\"},\"query-input\":{\"@type\":\"PropertyValueSpecification\",\"valueRequired\":true,\"valueName\":\"search_term_string\"}}],\"inLanguage\":\"fr-FR\"},{\"@type\":\"Organization\",\"@id\":\"https:\\\/\\\/evolve-fitness.eu\\\/fr\\\/#organization\",\"name\":\"Evolve\",\"url\":\"https:\\\/\\\/evolve-fitness.eu\\\/fr\\\/\",\"logo\":{\"@type\":\"ImageObject\",\"inLanguage\":\"fr-FR\",\"@id\":\"https:\\\/\\\/evolve-fitness.eu\\\/fr\\\/#\\\/schema\\\/logo\\\/image\\\/\",\"url\":\"https:\\\/\\\/evolve-fitness.eu\\\/wp-content\\\/uploads\\\/2023\\\/05\\\/Evolve-logo.svg\",\"contentUrl\":\"https:\\\/\\\/evolve-fitness.eu\\\/wp-content\\\/uploads\\\/2023\\\/05\\\/Evolve-logo.svg\",\"width\":176,\"height\":20,\"caption\":\"Evolve\"},\"image\":{\"@id\":\"https:\\\/\\\/evolve-fitness.eu\\\/fr\\\/#\\\/schema\\\/logo\\\/image\\\/\"},\"sameAs\":[\"https:\\\/\\\/www.facebook.com\\\/EvolveFitnessEurope\"]}]}<\/script>\n<!-- \/ Yoast SEO plugin. -->","yoast_head_json":{"title":"Support Evolve pour ballons muraux et Powerbags (WR-100) - Evolve","robots":{"index":"index","follow":"follow","max-snippet":"max-snippet:-1","max-image-preview":"max-image-preview:large","max-video-preview":"max-video-preview:-1"},"canonical":"https:\/\/evolve-fitness.eu\/fr\/produit\/support-evolve-wall-balls-et-powerbags\/","og_locale":"fr_FR","og_type":"article","og_title":"Support Evolve pour ballons muraux et Powerbags (WR-100) - Evolve","og_url":"https:\/\/evolve-fitness.eu\/fr\/produit\/support-evolve-wall-balls-et-powerbags\/","og_site_name":"Evolve","article_publisher":"https:\/\/www.facebook.com\/EvolveFitnessEurope","article_modified_time":"2026-03-27T08:51:00+00:00","og_image":[{"width":680,"height":600,"url":"https:\/\/evolve-fitness.eu\/wp-content\/uploads\/2024\/01\/EV-RS-WR-100-PNG.png","type":"image\/png"}],"twitter_card":"summary_large_image","schema":{"@context":"https:\/\/schema.org","@graph":[{"@type":"WebPage","@id":"https:\/\/evolve-fitness.eu\/fr\/produit\/support-evolve-wall-balls-et-powerbags\/","url":"https:\/\/evolve-fitness.eu\/fr\/produit\/support-evolve-wall-balls-et-powerbags\/","name":"Support Evolve pour ballons muraux et Powerbags (WR-100) - Evolve","isPartOf":{"@id":"https:\/\/evolve-fitness.eu\/fr\/#website"},"primaryImageOfPage":{"@id":"https:\/\/evolve-fitness.eu\/fr\/produit\/support-evolve-wall-balls-et-powerbags\/#primaryimage"},"image":{"@id":"https:\/\/evolve-fitness.eu\/fr\/produit\/support-evolve-wall-balls-et-powerbags\/#primaryimage"},"thumbnailUrl":"https:\/\/evolve-fitness.eu\/wp-content\/uploads\/2024\/01\/EV-RS-WR-100-PNG.png","datePublished":"2024-01-17T11:14:00+00:00","dateModified":"2026-03-27T08:51:00+00:00","breadcrumb":{"@id":"https:\/\/evolve-fitness.eu\/fr\/produit\/support-evolve-wall-balls-et-powerbags\/#breadcrumb"},"inLanguage":"fr-FR","potentialAction":[{"@type":"ReadAction","target":["https:\/\/evolve-fitness.eu\/fr\/produit\/support-evolve-wall-balls-et-powerbags\/"]}]},{"@type":"ImageObject","inLanguage":"fr-FR","@id":"https:\/\/evolve-fitness.eu\/fr\/produit\/support-evolve-wall-balls-et-powerbags\/#primaryimage","url":"https:\/\/evolve-fitness.eu\/wp-content\/uploads\/2024\/01\/EV-RS-WR-100-PNG.png","contentUrl":"https:\/\/evolve-fitness.eu\/wp-content\/uploads\/2024\/01\/EV-RS-WR-100-PNG.png","width":680,"height":600,"caption":"EV-RS-WR-100"},{"@type":"BreadcrumbList","@id":"https:\/\/evolve-fitness.eu\/fr\/produit\/support-evolve-wall-balls-et-powerbags\/#breadcrumb","itemListElement":[{"@type":"ListItem","position":1,"name":"Home","item":"https:\/\/evolve-fitness.eu\/fr\/"},{"@type":"ListItem","position":2,"name":"Produits","item":"https:\/\/evolve-fitness.eu\/fr\/shop\/"},{"@type":"ListItem","position":3,"name":"Support Evolve pour ballons muraux et Powerbags (WR-100)"}]},{"@type":"WebSite","@id":"https:\/\/evolve-fitness.eu\/fr\/#website","url":"https:\/\/evolve-fitness.eu\/fr\/","name":"Evolve","description":"Your Evolved Gear Arrived","publisher":{"@id":"https:\/\/evolve-fitness.eu\/fr\/#organization"},"potentialAction":[{"@type":"SearchAction","target":{"@type":"EntryPoint","urlTemplate":"https:\/\/evolve-fitness.eu\/fr\/?s={search_term_string}"},"query-input":{"@type":"PropertyValueSpecification","valueRequired":true,"valueName":"search_term_string"}}],"inLanguage":"fr-FR"},{"@type":"Organization","@id":"https:\/\/evolve-fitness.eu\/fr\/#organization","name":"Evolve","url":"https:\/\/evolve-fitness.eu\/fr\/","logo":{"@type":"ImageObject","inLanguage":"fr-FR","@id":"https:\/\/evolve-fitness.eu\/fr\/#\/schema\/logo\/image\/","url":"https:\/\/evolve-fitness.eu\/wp-content\/uploads\/2023\/05\/Evolve-logo.svg","contentUrl":"https:\/\/evolve-fitness.eu\/wp-content\/uploads\/2023\/05\/Evolve-logo.svg","width":176,"height":20,"caption":"Evolve"},"image":{"@id":"https:\/\/evolve-fitness.eu\/fr\/#\/schema\/logo\/image\/"},"sameAs":["https:\/\/www.facebook.com\/EvolveFitnessEurope"]}]}},"_links":{"self":[{"href":"https:\/\/evolve-fitness.eu\/fr\/wp-json\/wp\/v2\/product\/88381","targetHints":{"allow":["GET"]}}],"collection":[{"href":"https:\/\/evolve-fitness.eu\/fr\/wp-json\/wp\/v2\/product"}],"about":[{"href":"https:\/\/evolve-fitness.eu\/fr\/wp-json\/wp\/v2\/types\/product"}],"wp:featuredmedia":[{"embeddable":true,"href":"https:\/\/evolve-fitness.eu\/fr\/wp-json\/wp\/v2\/media\/88384"}],"wp:attachment":[{"href":"https:\/\/evolve-fitness.eu\/fr\/wp-json\/wp\/v2\/media?parent=88381"}],"wp:term":[{"taxonomy":"product_brand","embeddable":true,"href":"https:\/\/evolve-fitness.eu\/fr\/wp-json\/wp\/v2\/product_brand?post=88381"},{"taxonomy":"product_cat","embeddable":true,"href":"https:\/\/evolve-fitness.eu\/fr\/wp-json\/wp\/v2\/product_cat?post=88381"},{"taxonomy":"product_tag","embeddable":true,"href":"https:\/\/evolve-fitness.eu\/fr\/wp-json\/wp\/v2\/product_tag?post=88381"}],"curies":[{"name":"wp","href":"https:\/\/api.w.org\/{rel}","templated":true}]}}