{"id":100735,"date":"2023-11-21T07:20:07","date_gmt":"2023-11-21T07:20:07","guid":{"rendered":"https:\/\/evolve-fitness.eu\/product\/manubrio-olimpico-evolve-serie-cerakote-220-cm-20-kg\/"},"modified":"2026-04-09T15:24:18","modified_gmt":"2026-04-09T12:24:18","slug":"manubrio-olimpico-evolve-serie-cerakote-220-cm-20-kg","status":"publish","type":"product","link":"https:\/\/evolve-fitness.eu\/it\/prodotto\/manubrio-olimpico-evolve-serie-cerakote-220-cm-20-kg\/","title":{"rendered":"Barra olimpica Evolve serie Cerakote &#8211; 220 cm \/ 20 kg (CK-220)"},"content":{"rendered":"\n<section class=\"wp-block-group alignfull has-lightgray-background-color has-background is-layout-constrained wp-block-group-is-layout-constrained\">\n<div class=\"wp-block-columns alignwide is-layout-flex wp-container-core-columns-is-layout-2edb0647 wp-block-columns-is-layout-flex\" style=\"margin-top:0;margin-bottom:0\">\n<div class=\"wp-block-column is-layout-flow wp-block-column-is-layout-flow\" style=\"flex-basis:33.33%\"><\/div>\n\n\n\n<div class=\"wp-block-column is-layout-flow wp-block-column-is-layout-flow\" style=\"flex-basis:66.66%\"><\/div>\n<\/div>\n<\/section>\n","protected":false},"excerpt":{"rendered":"<p>Scopri il massimo della forza e della durata con il bilanciere olimpico Evolve Cerakote, una scelta eccellente sia per gli allenamenti professionali che per gli atleti domestici. Con un&#8217;impressionante lunghezza di 220 cm e un peso di 20 kg, questo bilanciere \u00e8 progettato per sostenere un carico massimo di 1043 kg, il che lo rende ideale per il sollevamento di carichi pesanti. Dotato di 8 cuscinetti ad aghi e 2 boccole in rame, garantisce una rotazione fluida e stabilit\u00e0 durante l&#8217;uso.   Il diametro della boccola di \u00d850 mm \u00e8 adatto a pesi standard, mentre il diametro di \u00d828 mm della parte interna della barra migliora la presa e il controllo. La finitura cromata sia sulla superficie dell&#8217;impugnatura che sulla parte interna della barra non solo aggiunge un aspetto elegante ma contribuisce anche alla sua longevit\u00e0. Con un manicotto di 415 mm di lunghezza per i pesi e una profondit\u00e0 di 1,5 mm di rugosit\u00e0 della tastiera, questo bilanciere \u00e8 progettato per garantire la massima efficienza e comfort. Certificata con gli standard di rugosit\u00e0 IMF e coperta da una garanzia di 2 anni, la barra olimpica Evolve Cerakote \u00e8 la miscela perfetta di prestazioni e qualit\u00e0 per gli atleti pi\u00f9 seri.<\/p>\n","protected":false},"featured_media":49643,"template":"","meta":{"_acf_changed":false,"inline_featured_image":false},"product_brand":[],"product_cat":[5016,13032,1460],"product_tag":[],"class_list":{"0":"post-100735","1":"product","2":"type-product","3":"status-publish","4":"has-post-thumbnail","6":"product_cat-bar-e-accessori","7":"product_cat-hyrox-gear","8":"product_cat-pesi-liberi","10":"first","11":"instock","12":"shipping-taxable","13":"purchasable","14":"product-type-simple"},"acf":{"long_title":"Barra olimpica Evolve serie Cerakote - 220 cm \/ 20 kg (CK-220)","subtitle":"","specifications":[{"label":"SKU","text_value":"EV-OB-CK-220","icon":"x"},{"label":"Peso","text_value":"20 kg","icon":"v"},{"label":"Garanzia","text_value":"2 anni","icon":"v"},{"label":"Carico massimo","text_value":"1043 kg","icon":"v"},{"label":"Diametro della boccola della piastra di peso","text_value":"\u00d8 50 mm","icon":"v"},{"label":"Lunghezza","text_value":"2200 mm","icon":"v"},{"label":"Diametro interno della barra","text_value":"\u00d8 28 mm","icon":"v"},{"label":"Cuscinetti e boccole","text_value":"8 cuscinetti a rullini, 2 boccole in rame","icon":"v"},{"label":"La superficie della parte interna della tastiera","text_value":"Cromo","icon":"v"},{"label":"Superficie di presa dei pesi","text_value":"Cromo","icon":"v"},{"label":"Lunghezza delle maniche per i pesi","text_value":"415 mm","icon":"v"},{"label":"Profondit\u00e0 della rugosit\u00e0 della tastiera","text_value":"1,5 mm","icon":"v"},{"label":"Tipo di rugosit\u00e0 della tastiera","text_value":"FMI","icon":"v"}],"product_frequently_asked_questions":null},"yoast_head":"<!-- This site is optimized with the Yoast SEO plugin v27.4 - https:\/\/yoast.com\/product\/yoast-seo-wordpress\/ -->\n<title>Barra olimpica Evolve serie Cerakote - 220 cm \/ 20 kg (CK-220) - Evolve<\/title>\n<meta name=\"robots\" content=\"index, follow, max-snippet:-1, max-image-preview:large, max-video-preview:-1\" \/>\n<link rel=\"canonical\" href=\"https:\/\/evolve-fitness.eu\/it\/prodotto\/manubrio-olimpico-evolve-serie-cerakote-220-cm-20-kg\/\" \/>\n<meta property=\"og:locale\" content=\"it_IT\" \/>\n<meta property=\"og:type\" content=\"article\" \/>\n<meta property=\"og:title\" content=\"Barra olimpica Evolve serie Cerakote - 220 cm \/ 20 kg (CK-220) - Evolve\" \/>\n<meta property=\"og:url\" content=\"https:\/\/evolve-fitness.eu\/it\/prodotto\/manubrio-olimpico-evolve-serie-cerakote-220-cm-20-kg\/\" \/>\n<meta property=\"og:site_name\" content=\"Evolve\" \/>\n<meta property=\"article:publisher\" content=\"https:\/\/www.facebook.com\/EvolveFitnessEurope\" \/>\n<meta property=\"article:modified_time\" content=\"2026-04-09T12:24:18+00:00\" \/>\n<meta property=\"og:image\" content=\"https:\/\/evolve-fitness.eu\/wp-content\/uploads\/2023\/11\/Evolve-Cerakote-Olympic-Womens-Grip-201-cm.png\" \/>\n\t<meta property=\"og:image:width\" content=\"680\" \/>\n\t<meta property=\"og:image:height\" content=\"600\" \/>\n\t<meta property=\"og:image:type\" content=\"image\/png\" \/>\n<meta name=\"twitter:card\" content=\"summary_large_image\" \/>\n<script type=\"application\/ld+json\" class=\"yoast-schema-graph\">{\"@context\":\"https:\\\/\\\/schema.org\",\"@graph\":[{\"@type\":\"WebPage\",\"@id\":\"https:\\\/\\\/evolve-fitness.eu\\\/it\\\/prodotto\\\/manubrio-olimpico-evolve-serie-cerakote-220-cm-20-kg\\\/\",\"url\":\"https:\\\/\\\/evolve-fitness.eu\\\/it\\\/prodotto\\\/manubrio-olimpico-evolve-serie-cerakote-220-cm-20-kg\\\/\",\"name\":\"Barra olimpica Evolve serie Cerakote - 220 cm \\\/ 20 kg (CK-220) - Evolve\",\"isPartOf\":{\"@id\":\"https:\\\/\\\/evolve-fitness.eu\\\/it\\\/#website\"},\"primaryImageOfPage\":{\"@id\":\"https:\\\/\\\/evolve-fitness.eu\\\/it\\\/prodotto\\\/manubrio-olimpico-evolve-serie-cerakote-220-cm-20-kg\\\/#primaryimage\"},\"image\":{\"@id\":\"https:\\\/\\\/evolve-fitness.eu\\\/it\\\/prodotto\\\/manubrio-olimpico-evolve-serie-cerakote-220-cm-20-kg\\\/#primaryimage\"},\"thumbnailUrl\":\"https:\\\/\\\/evolve-fitness.eu\\\/wp-content\\\/uploads\\\/2023\\\/11\\\/Evolve-Cerakote-Olympic-Womens-Grip-201-cm.png\",\"datePublished\":\"2023-11-21T07:20:07+00:00\",\"dateModified\":\"2026-04-09T12:24:18+00:00\",\"breadcrumb\":{\"@id\":\"https:\\\/\\\/evolve-fitness.eu\\\/it\\\/prodotto\\\/manubrio-olimpico-evolve-serie-cerakote-220-cm-20-kg\\\/#breadcrumb\"},\"inLanguage\":\"it-IT\",\"potentialAction\":[{\"@type\":\"ReadAction\",\"target\":[\"https:\\\/\\\/evolve-fitness.eu\\\/it\\\/prodotto\\\/manubrio-olimpico-evolve-serie-cerakote-220-cm-20-kg\\\/\"]}]},{\"@type\":\"ImageObject\",\"inLanguage\":\"it-IT\",\"@id\":\"https:\\\/\\\/evolve-fitness.eu\\\/it\\\/prodotto\\\/manubrio-olimpico-evolve-serie-cerakote-220-cm-20-kg\\\/#primaryimage\",\"url\":\"https:\\\/\\\/evolve-fitness.eu\\\/wp-content\\\/uploads\\\/2023\\\/11\\\/Evolve-Cerakote-Olympic-Womens-Grip-201-cm.png\",\"contentUrl\":\"https:\\\/\\\/evolve-fitness.eu\\\/wp-content\\\/uploads\\\/2023\\\/11\\\/Evolve-Cerakote-Olympic-Womens-Grip-201-cm.png\",\"width\":680,\"height\":600,\"caption\":\"EV-OB-CK-201\"},{\"@type\":\"BreadcrumbList\",\"@id\":\"https:\\\/\\\/evolve-fitness.eu\\\/it\\\/prodotto\\\/manubrio-olimpico-evolve-serie-cerakote-220-cm-20-kg\\\/#breadcrumb\",\"itemListElement\":[{\"@type\":\"ListItem\",\"position\":1,\"name\":\"Home\",\"item\":\"https:\\\/\\\/evolve-fitness.eu\\\/it\\\/\"},{\"@type\":\"ListItem\",\"position\":2,\"name\":\"Prodotti\",\"item\":\"https:\\\/\\\/evolve-fitness.eu\\\/it\\\/shop\\\/\"},{\"@type\":\"ListItem\",\"position\":3,\"name\":\"Barra olimpica Evolve serie Cerakote &#8211; 220 cm \\\/ 20 kg (CK-220)\"}]},{\"@type\":\"WebSite\",\"@id\":\"https:\\\/\\\/evolve-fitness.eu\\\/it\\\/#website\",\"url\":\"https:\\\/\\\/evolve-fitness.eu\\\/it\\\/\",\"name\":\"Evolve\",\"description\":\"Your Evolved Gear Arrived\",\"publisher\":{\"@id\":\"https:\\\/\\\/evolve-fitness.eu\\\/it\\\/#organization\"},\"potentialAction\":[{\"@type\":\"SearchAction\",\"target\":{\"@type\":\"EntryPoint\",\"urlTemplate\":\"https:\\\/\\\/evolve-fitness.eu\\\/it\\\/?s={search_term_string}\"},\"query-input\":{\"@type\":\"PropertyValueSpecification\",\"valueRequired\":true,\"valueName\":\"search_term_string\"}}],\"inLanguage\":\"it-IT\"},{\"@type\":\"Organization\",\"@id\":\"https:\\\/\\\/evolve-fitness.eu\\\/it\\\/#organization\",\"name\":\"Evolve\",\"url\":\"https:\\\/\\\/evolve-fitness.eu\\\/it\\\/\",\"logo\":{\"@type\":\"ImageObject\",\"inLanguage\":\"it-IT\",\"@id\":\"https:\\\/\\\/evolve-fitness.eu\\\/it\\\/#\\\/schema\\\/logo\\\/image\\\/\",\"url\":\"https:\\\/\\\/evolve-fitness.eu\\\/wp-content\\\/uploads\\\/2023\\\/05\\\/Evolve-logo.svg\",\"contentUrl\":\"https:\\\/\\\/evolve-fitness.eu\\\/wp-content\\\/uploads\\\/2023\\\/05\\\/Evolve-logo.svg\",\"width\":176,\"height\":20,\"caption\":\"Evolve\"},\"image\":{\"@id\":\"https:\\\/\\\/evolve-fitness.eu\\\/it\\\/#\\\/schema\\\/logo\\\/image\\\/\"},\"sameAs\":[\"https:\\\/\\\/www.facebook.com\\\/EvolveFitnessEurope\"]}]}<\/script>\n<!-- \/ Yoast SEO plugin. -->","yoast_head_json":{"title":"Barra olimpica Evolve serie Cerakote - 220 cm \/ 20 kg (CK-220) - Evolve","robots":{"index":"index","follow":"follow","max-snippet":"max-snippet:-1","max-image-preview":"max-image-preview:large","max-video-preview":"max-video-preview:-1"},"canonical":"https:\/\/evolve-fitness.eu\/it\/prodotto\/manubrio-olimpico-evolve-serie-cerakote-220-cm-20-kg\/","og_locale":"it_IT","og_type":"article","og_title":"Barra olimpica Evolve serie Cerakote - 220 cm \/ 20 kg (CK-220) - Evolve","og_url":"https:\/\/evolve-fitness.eu\/it\/prodotto\/manubrio-olimpico-evolve-serie-cerakote-220-cm-20-kg\/","og_site_name":"Evolve","article_publisher":"https:\/\/www.facebook.com\/EvolveFitnessEurope","article_modified_time":"2026-04-09T12:24:18+00:00","og_image":[{"width":680,"height":600,"url":"https:\/\/evolve-fitness.eu\/wp-content\/uploads\/2023\/11\/Evolve-Cerakote-Olympic-Womens-Grip-201-cm.png","type":"image\/png"}],"twitter_card":"summary_large_image","schema":{"@context":"https:\/\/schema.org","@graph":[{"@type":"WebPage","@id":"https:\/\/evolve-fitness.eu\/it\/prodotto\/manubrio-olimpico-evolve-serie-cerakote-220-cm-20-kg\/","url":"https:\/\/evolve-fitness.eu\/it\/prodotto\/manubrio-olimpico-evolve-serie-cerakote-220-cm-20-kg\/","name":"Barra olimpica Evolve serie Cerakote - 220 cm \/ 20 kg (CK-220) - Evolve","isPartOf":{"@id":"https:\/\/evolve-fitness.eu\/it\/#website"},"primaryImageOfPage":{"@id":"https:\/\/evolve-fitness.eu\/it\/prodotto\/manubrio-olimpico-evolve-serie-cerakote-220-cm-20-kg\/#primaryimage"},"image":{"@id":"https:\/\/evolve-fitness.eu\/it\/prodotto\/manubrio-olimpico-evolve-serie-cerakote-220-cm-20-kg\/#primaryimage"},"thumbnailUrl":"https:\/\/evolve-fitness.eu\/wp-content\/uploads\/2023\/11\/Evolve-Cerakote-Olympic-Womens-Grip-201-cm.png","datePublished":"2023-11-21T07:20:07+00:00","dateModified":"2026-04-09T12:24:18+00:00","breadcrumb":{"@id":"https:\/\/evolve-fitness.eu\/it\/prodotto\/manubrio-olimpico-evolve-serie-cerakote-220-cm-20-kg\/#breadcrumb"},"inLanguage":"it-IT","potentialAction":[{"@type":"ReadAction","target":["https:\/\/evolve-fitness.eu\/it\/prodotto\/manubrio-olimpico-evolve-serie-cerakote-220-cm-20-kg\/"]}]},{"@type":"ImageObject","inLanguage":"it-IT","@id":"https:\/\/evolve-fitness.eu\/it\/prodotto\/manubrio-olimpico-evolve-serie-cerakote-220-cm-20-kg\/#primaryimage","url":"https:\/\/evolve-fitness.eu\/wp-content\/uploads\/2023\/11\/Evolve-Cerakote-Olympic-Womens-Grip-201-cm.png","contentUrl":"https:\/\/evolve-fitness.eu\/wp-content\/uploads\/2023\/11\/Evolve-Cerakote-Olympic-Womens-Grip-201-cm.png","width":680,"height":600,"caption":"EV-OB-CK-201"},{"@type":"BreadcrumbList","@id":"https:\/\/evolve-fitness.eu\/it\/prodotto\/manubrio-olimpico-evolve-serie-cerakote-220-cm-20-kg\/#breadcrumb","itemListElement":[{"@type":"ListItem","position":1,"name":"Home","item":"https:\/\/evolve-fitness.eu\/it\/"},{"@type":"ListItem","position":2,"name":"Prodotti","item":"https:\/\/evolve-fitness.eu\/it\/shop\/"},{"@type":"ListItem","position":3,"name":"Barra olimpica Evolve serie Cerakote &#8211; 220 cm \/ 20 kg (CK-220)"}]},{"@type":"WebSite","@id":"https:\/\/evolve-fitness.eu\/it\/#website","url":"https:\/\/evolve-fitness.eu\/it\/","name":"Evolve","description":"Your Evolved Gear Arrived","publisher":{"@id":"https:\/\/evolve-fitness.eu\/it\/#organization"},"potentialAction":[{"@type":"SearchAction","target":{"@type":"EntryPoint","urlTemplate":"https:\/\/evolve-fitness.eu\/it\/?s={search_term_string}"},"query-input":{"@type":"PropertyValueSpecification","valueRequired":true,"valueName":"search_term_string"}}],"inLanguage":"it-IT"},{"@type":"Organization","@id":"https:\/\/evolve-fitness.eu\/it\/#organization","name":"Evolve","url":"https:\/\/evolve-fitness.eu\/it\/","logo":{"@type":"ImageObject","inLanguage":"it-IT","@id":"https:\/\/evolve-fitness.eu\/it\/#\/schema\/logo\/image\/","url":"https:\/\/evolve-fitness.eu\/wp-content\/uploads\/2023\/05\/Evolve-logo.svg","contentUrl":"https:\/\/evolve-fitness.eu\/wp-content\/uploads\/2023\/05\/Evolve-logo.svg","width":176,"height":20,"caption":"Evolve"},"image":{"@id":"https:\/\/evolve-fitness.eu\/it\/#\/schema\/logo\/image\/"},"sameAs":["https:\/\/www.facebook.com\/EvolveFitnessEurope"]}]}},"_links":{"self":[{"href":"https:\/\/evolve-fitness.eu\/it\/wp-json\/wp\/v2\/product\/100735","targetHints":{"allow":["GET"]}}],"collection":[{"href":"https:\/\/evolve-fitness.eu\/it\/wp-json\/wp\/v2\/product"}],"about":[{"href":"https:\/\/evolve-fitness.eu\/it\/wp-json\/wp\/v2\/types\/product"}],"wp:featuredmedia":[{"embeddable":true,"href":"https:\/\/evolve-fitness.eu\/it\/wp-json\/wp\/v2\/media\/49643"}],"wp:attachment":[{"href":"https:\/\/evolve-fitness.eu\/it\/wp-json\/wp\/v2\/media?parent=100735"}],"wp:term":[{"taxonomy":"product_brand","embeddable":true,"href":"https:\/\/evolve-fitness.eu\/it\/wp-json\/wp\/v2\/product_brand?post=100735"},{"taxonomy":"product_cat","embeddable":true,"href":"https:\/\/evolve-fitness.eu\/it\/wp-json\/wp\/v2\/product_cat?post=100735"},{"taxonomy":"product_tag","embeddable":true,"href":"https:\/\/evolve-fitness.eu\/it\/wp-json\/wp\/v2\/product_tag?post=100735"}],"curies":[{"name":"wp","href":"https:\/\/api.w.org\/{rel}","templated":true}]}}