{"id":101063,"date":"2023-12-18T12:04:19","date_gmt":"2023-12-18T12:04:19","guid":{"rendered":"https:\/\/evolve-fitness.eu\/product\/set-di-pompe-per-il-corpo-in-uretano-evolve\/"},"modified":"2026-04-08T17:46:59","modified_gmt":"2026-04-08T14:46:59","slug":"set-di-pompe-per-il-corpo-in-uretano-evolve","status":"publish","type":"product","link":"https:\/\/evolve-fitness.eu\/it\/prodotto\/set-di-pompe-per-il-corpo-in-uretano-evolve\/","title":{"rendered":"Set di pompe da studio in uretano Evolve (GT-UPS)"},"content":{"rendered":"\n<section class=\"wp-block-group alignfull has-lightgray-background-color has-background is-layout-constrained wp-block-group-is-layout-constrained\">\n<div class=\"wp-block-columns alignwide is-layout-flex wp-container-core-columns-is-layout-2edb0647 wp-block-columns-is-layout-flex\" style=\"margin-top:0;margin-bottom:0\">\n<div class=\"wp-block-column is-layout-flow wp-block-column-is-layout-flow\" style=\"flex-basis:33.33%\"><\/div>\n\n\n\n<div class=\"wp-block-column is-layout-flow wp-block-column-is-layout-flow\" style=\"flex-basis:66.66%\"><\/div>\n<\/div>\n<\/section>\n\n<section class=\"wp-block-group alignfull black-content has-white-color has-darkgray-background-color has-text-color has-background is-layout-constrained wp-block-group-is-layout-constrained\" style=\"padding-top:var(--wp--preset--spacing--section-bottom);padding-bottom:var(--wp--preset--spacing--section-bottom)\">\n<div class=\"wp-block-columns alignwide mobile-reverse is-layout-flex wp-container-core-columns-is-layout-ca64bf2d wp-block-columns-is-layout-flex\" style=\"margin-bottom:var(--wp--preset--spacing--side-padding)\">\n<div class=\"wp-block-column is-vertically-aligned-center is-layout-flow wp-block-column-is-layout-flow\">\n<h3 class=\"wp-block-heading\" style=\"margin-bottom:var(--wp--preset--spacing--h-3-bottom)\"><strong>Durata e prestazioni ineguagliabili<\/strong><\/h3>\n\n\n\n<p><em><strong>Design superiore per allenamenti efficaci<\/strong><\/em><\/p>\n\n\n\n<p style=\"margin-bottom:var(--wp--preset--spacing--tb-section-padding)\">Scopri l&#8217;apice della durata con il set di pompe da studio Evolve Urethane &#8211; 19,5 kg. Realizzato con materiale uretanico di prima qualit\u00e0, questo set garantisce prestazioni di lunga durata e rappresenta la scelta ideale sia per le palestre commerciali che per gli allenamenti a casa. La struttura robusta assicura la resistenza a graffi, scheggiature o sbucciature, preservando l&#8217;aspetto incontaminato per anni senza bisogno di frequenti sostituzioni.  <\/p>\n\n\n\n<h3 class=\"wp-block-heading\" style=\"margin-bottom:var(--wp--preset--spacing--h-3-bottom)\">Pesi di precisione in uretano<\/h3>\n\n\n\n<p><strong><em>Prestazioni costanti per allenamenti efficaci<\/em><\/strong><\/p>\n\n\n\n<p>Prova il caricamento e lo scaricamento dei piatti senza problemi grazie alle punte arrotondate dei manicotti del set Evolve Urethane Studio Pump. Ogni peso in uretano, tra cui 2 x 1,25 kg, 2 x 2,5 kg e 2 x 5 kg, \u00e8 realizzato con precisione secondo le specifiche esatte, per offrire un peso e una sensazione uniformi per allenamenti precisi. <\/p>\n<\/div>\n\n\n\n<div class=\"wp-block-column is-vertically-aligned-center is-layout-flow wp-block-column-is-layout-flow\">\n<figure class=\"wp-block-video\"><video height=\"2160\" style=\"aspect-ratio: 3840 \/ 2160;\" width=\"3840\" autoplay=\"\" controls=\"\" loop=\"\" muted=\"\" src=\"https:\/\/evolve-fitness.eu\/wp-content\/uploads\/2023\/12\/1.mp4\"><\/video><\/figure>\n<\/div>\n<\/div>\n\n\n\n<div class=\"wp-block-columns alignwide is-layout-flex wp-container-core-columns-is-layout-c45ee707 wp-block-columns-is-layout-flex\" style=\"margin-bottom:var(--wp--preset--spacing--side-padding);padding-top:var(--wp--preset--spacing--side-padding)\">\n<div class=\"wp-block-column is-vertically-aligned-center is-layout-flow wp-block-column-is-layout-flow\">\n<figure class=\"wp-block-image size-full is-resized is-style-rounded\"><img loading=\"lazy\" decoding=\"async\" width=\"1000\" height=\"665\" src=\"https:\/\/evolve-fitness.eu\/wp-content\/uploads\/2023\/08\/TPU-urethane-weight-plates-6.jpg\" alt=\"\" class=\"wp-image-838\" style=\"object-fit:cover;width:680px;height:600px\" srcset=\"https:\/\/evolve-fitness.eu\/wp-content\/uploads\/2023\/08\/TPU-urethane-weight-plates-6.jpg 1000w, https:\/\/evolve-fitness.eu\/wp-content\/uploads\/2023\/08\/TPU-urethane-weight-plates-6-300x200.jpg 300w, https:\/\/evolve-fitness.eu\/wp-content\/uploads\/2023\/08\/TPU-urethane-weight-plates-6-226x150.jpg 226w, https:\/\/evolve-fitness.eu\/wp-content\/uploads\/2023\/08\/TPU-urethane-weight-plates-6-600x399.jpg 600w, https:\/\/evolve-fitness.eu\/wp-content\/uploads\/2023\/08\/TPU-urethane-weight-plates-6-150x100.jpg 150w, https:\/\/evolve-fitness.eu\/wp-content\/uploads\/2023\/08\/TPU-urethane-weight-plates-6-768x511.jpg 768w\" sizes=\"auto, (max-width: 1000px) 100vw, 1000px\" \/><\/figure>\n<\/div>\n\n\n\n<div class=\"wp-block-column is-vertically-aligned-center is-layout-flow wp-block-column-is-layout-flow\">\n<h3 class=\"wp-block-heading\" style=\"margin-bottom:var(--wp--preset--spacing--h-3-bottom)\">Personalizzazione e stile<\/h3>\n\n\n\n<p><strong><em><strong><em><strong><em>Migliora il marchio della tua palestra con il set Studio Pump<\/em><\/strong><\/em><\/strong><\/em><\/strong><\/p>\n\n\n\n<p style=\"margin-bottom:var(--wp--preset--spacing--tb-section-padding)\">Grazie alle opzioni di personalizzazione, puoi aggiungere il tuo logo e selezionare colori personalizzati per creare un&#8217;esperienza di allenamento unica che distingua la tua palestra dalla concorrenza. Il set di pompe da studio Evolve Urethane offre un look visivamente sorprendente e coeso che si integra perfettamente con l&#8217;identit\u00e0 di un marchio di fitness. La scelta dei colori gioca un ruolo fondamentale nel garantire che il set non solo si distingua, ma risuoni anche con l&#8217;estetica del marchio. Con un logo e un&#8217;indicazione del peso tagliati al laser e impregnati di uretano che non si staccano o si consumano con il tempo, il set di pompe da studio Evolve Urethane \u00e8 costruito per durare.   <\/p>\n<\/div>\n<\/div>\n\n\n\n<div class=\"wp-block-columns alignwide mobile-reverse is-layout-flex wp-container-core-columns-is-layout-ca64bf2d wp-block-columns-is-layout-flex\" style=\"margin-bottom:var(--wp--preset--spacing--side-padding)\">\n<div class=\"wp-block-column is-vertically-aligned-center is-layout-flow wp-block-column-is-layout-flow\">\n<h3 class=\"wp-block-heading\" style=\"margin-bottom:var(--wp--preset--spacing--h-3-bottom)\">FUNZIONALIT\u00c0<\/h3>\n\n\n\n<p>Il design unico non permette al peso di bloccarsi sulla barra.<\/p>\n\n\n\n<p style=\"margin-bottom:var(--wp--preset--spacing--tb-section-padding)\">Le piastre per pesi Evolve hanno una superficie strutturata, facile da pulire, antiscivolo e che offre un&#8217;ottima presa per la manipolazione. Queste caratteristiche garantiscono anche la sicurezza e riducono al minimo la possibilit\u00e0 che gli utenti si pizzichino le dita mentre caricano e tolgono i piatti dalla sbarra. <\/p>\n\n\n\n<h3 class=\"wp-block-heading\" style=\"margin-bottom:var(--wp--preset--spacing--h-3-bottom)\">Rivestimento in uretano<\/h3>\n\n\n\n<p>Il rivestimento in uretano \u00e8 altamente resistente agli urti e due volte pi\u00f9 duraturo del rivestimento in gomma.<\/p>\n\n\n\n<p>Le superfici verniciate possono scheggiarsi e arrugginirsi, la gomma pu\u00f2 staccarsi o creparsi col tempo. Le piastre per pesi in uretano Evolve sono estremamente resistenti e non si degradano. Questi pesi manterranno un colore solido e deciso per tutta la vita. <\/p>\n<\/div>\n\n\n\n<div class=\"wp-block-column is-vertically-aligned-center is-layout-flow wp-block-column-is-layout-flow\">\n<figure class=\"wp-block-image alignleft size-full is-resized is-style-rounded\"><img loading=\"lazy\" decoding=\"async\" width=\"1920\" height=\"1280\" src=\"https:\/\/evolve-fitness.eu\/wp-content\/uploads\/2023\/12\/A7_05432.jpg\" alt=\"\" class=\"wp-image-7840\" style=\"width:686px;height:652px\" srcset=\"https:\/\/evolve-fitness.eu\/wp-content\/uploads\/2023\/12\/A7_05432.jpg 1920w, https:\/\/evolve-fitness.eu\/wp-content\/uploads\/2023\/12\/A7_05432-300x200.jpg 300w, https:\/\/evolve-fitness.eu\/wp-content\/uploads\/2023\/12\/A7_05432-225x150.jpg 225w, https:\/\/evolve-fitness.eu\/wp-content\/uploads\/2023\/12\/A7_05432-600x400.jpg 600w, https:\/\/evolve-fitness.eu\/wp-content\/uploads\/2023\/12\/A7_05432-1024x683.jpg 1024w, https:\/\/evolve-fitness.eu\/wp-content\/uploads\/2023\/12\/A7_05432-150x100.jpg 150w, https:\/\/evolve-fitness.eu\/wp-content\/uploads\/2023\/12\/A7_05432-768x512.jpg 768w, https:\/\/evolve-fitness.eu\/wp-content\/uploads\/2023\/12\/A7_05432-1536x1024.jpg 1536w\" sizes=\"auto, (max-width: 1920px) 100vw, 1920px\" \/><\/figure>\n<\/div>\n<\/div>\n\n\n\n<div class=\"wp-block-columns alignwide is-layout-flex wp-container-core-columns-is-layout-c45ee707 wp-block-columns-is-layout-flex\" style=\"margin-bottom:var(--wp--preset--spacing--side-padding);padding-top:var(--wp--preset--spacing--side-padding)\">\n<div class=\"wp-block-column is-vertically-aligned-center is-layout-flow wp-block-column-is-layout-flow\">\n<figure class=\"wp-block-image size-large\"><img loading=\"lazy\" decoding=\"async\" width=\"1024\" height=\"768\" src=\"https:\/\/evolve-fitness.eu\/wp-content\/uploads\/2023\/12\/Lemon-Gym-Teika-3-1024x768.jpg\" alt=\"\" class=\"wp-image-8985\" srcset=\"https:\/\/evolve-fitness.eu\/wp-content\/uploads\/2023\/12\/Lemon-Gym-Teika-3-1024x768.jpg 1024w, https:\/\/evolve-fitness.eu\/wp-content\/uploads\/2023\/12\/Lemon-Gym-Teika-3-300x225.jpg 300w, https:\/\/evolve-fitness.eu\/wp-content\/uploads\/2023\/12\/Lemon-Gym-Teika-3-200x150.jpg 200w, https:\/\/evolve-fitness.eu\/wp-content\/uploads\/2023\/12\/Lemon-Gym-Teika-3-600x450.jpg 600w, https:\/\/evolve-fitness.eu\/wp-content\/uploads\/2023\/12\/Lemon-Gym-Teika-3-150x113.jpg 150w, https:\/\/evolve-fitness.eu\/wp-content\/uploads\/2023\/12\/Lemon-Gym-Teika-3-768x576.jpg 768w, https:\/\/evolve-fitness.eu\/wp-content\/uploads\/2023\/12\/Lemon-Gym-Teika-3-1536x1152.jpg 1536w, https:\/\/evolve-fitness.eu\/wp-content\/uploads\/2023\/12\/Lemon-Gym-Teika-3.jpg 2048w\" sizes=\"auto, (max-width: 1024px) 100vw, 1024px\" \/><\/figure>\n<\/div>\n\n\n\n<div class=\"wp-block-column is-vertically-aligned-center is-layout-flow wp-block-column-is-layout-flow\">\n<h3 class=\"wp-block-heading\" style=\"margin-bottom:var(--wp--preset--spacing--h-3-bottom)\">Approccio orientato alla sicurezza<\/h3>\n\n\n\n<p><strong><em>Un&#8217;esperienza di allenamento sicura e affidabile<\/em><\/strong><\/p>\n\n\n\n<p>In Evolve la sicurezza \u00e8 la nostra priorit\u00e0 assoluta. Le nostre piastre per pesi in uretano sono realizzate in materiale di alta qualit\u00e0, atossico e inodore, per garantire un ambiente di allenamento sicuro e salutare.<\/p>\n<\/div>\n<\/div>\n\n\n\n<div class=\"wp-block-columns alignwide is-layout-flex wp-container-core-columns-is-layout-c45ee707 wp-block-columns-is-layout-flex\" style=\"margin-bottom:var(--wp--preset--spacing--side-padding);padding-top:var(--wp--preset--spacing--side-padding)\">\n<div class=\"wp-block-column is-vertically-aligned-center is-layout-flow wp-block-column-is-layout-flow\">\n<h3 class=\"wp-block-heading\" style=\"margin-bottom:var(--wp--preset--spacing--h-3-bottom)\">Dite addio alle dita pizzicate<\/h3>\n\n\n\n<p><strong><em>Con piastre di peso in uretano Evolve<\/em><\/strong><\/p>\n\n\n\n<p>Le piastre per pesi in uretano di Evolve sono progettate per rendere il carico e lo scarico pi\u00f9 sicuro ed efficiente per i frequentatori della palestra. Il set comprende un bilanciere lungo 140 cm e dei collari a molla che garantiscono un allenamento sicuro e affidabile. La superficie strutturata e la forma arrotondata delle piastre aiutano a non farle attaccare tra loro o ad altre superfici. Le piastre possono essere facilmente trasportate e utilizzate per una variet\u00e0 di esercizi.   Che si tratti di deadlift o affondi, le quattro maniglie facilitano il trasporto e l&#8217;utilizzo delle piastre di peso, rendendo l&#8217;allenamento pi\u00f9 efficiente ed efficace.<\/p>\n<\/div>\n\n\n\n<div class=\"wp-block-column is-vertically-aligned-center is-layout-flow wp-block-column-is-layout-flow\">\n<div class=\"wp-block-columns is-layout-flex wp-container-core-columns-is-layout-9d6595d7 wp-block-columns-is-layout-flex\">\n<div class=\"wp-block-column is-layout-flow wp-block-column-is-layout-flow\"><\/div>\n<\/div>\n<\/div>\n<\/div>\n<\/section>\n","protected":false},"excerpt":{"rendered":"<p>Prova un allenamento eccezionale con il set di pompe da studio Evolve Urethane &#8211; 19,5 kg, il massimo della durata e delle prestazioni. Realizzato in materiale uretanico di prima qualit\u00e0, questo set offre una longevit\u00e0 senza pari, che lo rende la scelta migliore sia per le palestre commerciali che per gli allenamenti domestici. Dite addio alle preoccupazioni legate all&#8217;usura, perch\u00e9 la struttura robusta del set garantisce la resistenza a graffi e scheggiature, preservandone l&#8217;aspetto incontaminato nel tempo. Elevate l&#8217;identit\u00e0 della vostra palestra con opzioni personalizzabili, che vi consentono di aggiungere il vostro logo e di scegliere colori personalizzati. I pesi in uretano, realizzati con precisione, assicurano un caricamento e uno scaricamento fluidi della piastra, facilitando allenamenti costanti e accurati. La sicurezza e la praticit\u00e0 sono fondamentali, grazie al bilanciere di 140 cm di lunghezza e ai collari a molla inclusi, che offrono sessioni di esercizio sicure. Il set di pompe da studio Evolve Urethane ti permette di allenarti in modo versatile, adattandoti a un&#8217;ampia gamma di esercizi e livelli di fitness.<\/p>\n","protected":false},"featured_media":101064,"template":"","meta":{"_acf_changed":false,"inline_featured_image":false},"product_brand":[],"product_cat":[13062,2928],"product_tag":[],"class_list":{"0":"post-101063","1":"product","2":"type-product","3":"status-publish","4":"has-post-thumbnail","6":"product_cat-set-da-bar","7":"product_cat-studio-it","9":"first","10":"instock","11":"shipping-taxable","12":"purchasable","13":"product-type-simple"},"acf":{"long_title":"Set di pompe da studio in uretano Evolve (GT-UPS)","subtitle":"","specifications":[{"label":"SKU","text_value":"EV-GT-UPS","icon":"x"}]},"yoast_head":"<!-- This site is optimized with the Yoast SEO plugin v27.4 - https:\/\/yoast.com\/product\/yoast-seo-wordpress\/ -->\n<title>Set di pompe da studio in uretano Evolve (GT-UPS) - Evolve<\/title>\n<meta name=\"description\" content=\"Prova un allenamento eccezionale con il set di pompe da studio Evolve Urethane - 19,5 kg, il massimo della durata e delle prestazioni.\" \/>\n<meta name=\"robots\" content=\"index, follow, max-snippet:-1, max-image-preview:large, max-video-preview:-1\" \/>\n<link rel=\"canonical\" href=\"https:\/\/evolve-fitness.eu\/it\/prodotto\/set-di-pompe-per-il-corpo-in-uretano-evolve\/\" \/>\n<meta property=\"og:locale\" content=\"it_IT\" \/>\n<meta property=\"og:type\" content=\"article\" \/>\n<meta property=\"og:title\" content=\"Set di pompe da studio in uretano Evolve (GT-UPS) - Evolve\" \/>\n<meta property=\"og:description\" content=\"Prova un allenamento eccezionale con il set di pompe da studio Evolve Urethane - 19,5 kg, il massimo della durata e delle prestazioni.\" \/>\n<meta property=\"og:url\" content=\"https:\/\/evolve-fitness.eu\/it\/prodotto\/set-di-pompe-per-il-corpo-in-uretano-evolve\/\" \/>\n<meta property=\"og:site_name\" content=\"Evolve\" \/>\n<meta property=\"article:publisher\" content=\"https:\/\/www.facebook.com\/EvolveFitnessEurope\" \/>\n<meta property=\"article:modified_time\" content=\"2026-04-08T14:46:59+00:00\" \/>\n<meta property=\"og:image\" content=\"https:\/\/evolve-fitness.eu\/wp-content\/uploads\/2023\/09\/Evolve-Body-Pump.png\" \/>\n\t<meta property=\"og:image:width\" content=\"680\" \/>\n\t<meta property=\"og:image:height\" content=\"600\" \/>\n\t<meta property=\"og:image:type\" content=\"image\/png\" \/>\n<meta name=\"twitter:card\" content=\"summary_large_image\" \/>\n<script type=\"application\/ld+json\" class=\"yoast-schema-graph\">{\"@context\":\"https:\\\/\\\/schema.org\",\"@graph\":[{\"@type\":\"WebPage\",\"@id\":\"https:\\\/\\\/evolve-fitness.eu\\\/it\\\/prodotto\\\/set-di-pompe-per-il-corpo-in-uretano-evolve\\\/\",\"url\":\"https:\\\/\\\/evolve-fitness.eu\\\/it\\\/prodotto\\\/set-di-pompe-per-il-corpo-in-uretano-evolve\\\/\",\"name\":\"Set di pompe da studio in uretano Evolve (GT-UPS) - Evolve\",\"isPartOf\":{\"@id\":\"https:\\\/\\\/evolve-fitness.eu\\\/it\\\/#website\"},\"primaryImageOfPage\":{\"@id\":\"https:\\\/\\\/evolve-fitness.eu\\\/it\\\/prodotto\\\/set-di-pompe-per-il-corpo-in-uretano-evolve\\\/#primaryimage\"},\"image\":{\"@id\":\"https:\\\/\\\/evolve-fitness.eu\\\/it\\\/prodotto\\\/set-di-pompe-per-il-corpo-in-uretano-evolve\\\/#primaryimage\"},\"thumbnailUrl\":\"https:\\\/\\\/evolve-fitness.eu\\\/wp-content\\\/uploads\\\/2023\\\/09\\\/Evolve-Body-Pump.png\",\"datePublished\":\"2023-12-18T12:04:19+00:00\",\"dateModified\":\"2026-04-08T14:46:59+00:00\",\"description\":\"Prova un allenamento eccezionale con il set di pompe da studio Evolve Urethane - 19,5 kg, il massimo della durata e delle prestazioni.\",\"breadcrumb\":{\"@id\":\"https:\\\/\\\/evolve-fitness.eu\\\/it\\\/prodotto\\\/set-di-pompe-per-il-corpo-in-uretano-evolve\\\/#breadcrumb\"},\"inLanguage\":\"it-IT\",\"potentialAction\":[{\"@type\":\"ReadAction\",\"target\":[\"https:\\\/\\\/evolve-fitness.eu\\\/it\\\/prodotto\\\/set-di-pompe-per-il-corpo-in-uretano-evolve\\\/\"]}]},{\"@type\":\"ImageObject\",\"inLanguage\":\"it-IT\",\"@id\":\"https:\\\/\\\/evolve-fitness.eu\\\/it\\\/prodotto\\\/set-di-pompe-per-il-corpo-in-uretano-evolve\\\/#primaryimage\",\"url\":\"https:\\\/\\\/evolve-fitness.eu\\\/wp-content\\\/uploads\\\/2023\\\/09\\\/Evolve-Body-Pump.png\",\"contentUrl\":\"https:\\\/\\\/evolve-fitness.eu\\\/wp-content\\\/uploads\\\/2023\\\/09\\\/Evolve-Body-Pump.png\",\"width\":680,\"height\":600,\"caption\":\"EV-GT-UPS\"},{\"@type\":\"BreadcrumbList\",\"@id\":\"https:\\\/\\\/evolve-fitness.eu\\\/it\\\/prodotto\\\/set-di-pompe-per-il-corpo-in-uretano-evolve\\\/#breadcrumb\",\"itemListElement\":[{\"@type\":\"ListItem\",\"position\":1,\"name\":\"Home\",\"item\":\"https:\\\/\\\/evolve-fitness.eu\\\/it\\\/\"},{\"@type\":\"ListItem\",\"position\":2,\"name\":\"Prodotti\",\"item\":\"https:\\\/\\\/evolve-fitness.eu\\\/it\\\/shop\\\/\"},{\"@type\":\"ListItem\",\"position\":3,\"name\":\"Set di pompe da studio in uretano Evolve (GT-UPS)\"}]},{\"@type\":\"WebSite\",\"@id\":\"https:\\\/\\\/evolve-fitness.eu\\\/it\\\/#website\",\"url\":\"https:\\\/\\\/evolve-fitness.eu\\\/it\\\/\",\"name\":\"Evolve\",\"description\":\"Your Evolved Gear Arrived\",\"publisher\":{\"@id\":\"https:\\\/\\\/evolve-fitness.eu\\\/it\\\/#organization\"},\"potentialAction\":[{\"@type\":\"SearchAction\",\"target\":{\"@type\":\"EntryPoint\",\"urlTemplate\":\"https:\\\/\\\/evolve-fitness.eu\\\/it\\\/?s={search_term_string}\"},\"query-input\":{\"@type\":\"PropertyValueSpecification\",\"valueRequired\":true,\"valueName\":\"search_term_string\"}}],\"inLanguage\":\"it-IT\"},{\"@type\":\"Organization\",\"@id\":\"https:\\\/\\\/evolve-fitness.eu\\\/it\\\/#organization\",\"name\":\"Evolve\",\"url\":\"https:\\\/\\\/evolve-fitness.eu\\\/it\\\/\",\"logo\":{\"@type\":\"ImageObject\",\"inLanguage\":\"it-IT\",\"@id\":\"https:\\\/\\\/evolve-fitness.eu\\\/it\\\/#\\\/schema\\\/logo\\\/image\\\/\",\"url\":\"https:\\\/\\\/evolve-fitness.eu\\\/wp-content\\\/uploads\\\/2023\\\/05\\\/Evolve-logo.svg\",\"contentUrl\":\"https:\\\/\\\/evolve-fitness.eu\\\/wp-content\\\/uploads\\\/2023\\\/05\\\/Evolve-logo.svg\",\"width\":176,\"height\":20,\"caption\":\"Evolve\"},\"image\":{\"@id\":\"https:\\\/\\\/evolve-fitness.eu\\\/it\\\/#\\\/schema\\\/logo\\\/image\\\/\"},\"sameAs\":[\"https:\\\/\\\/www.facebook.com\\\/EvolveFitnessEurope\"]}]}<\/script>\n<!-- \/ Yoast SEO plugin. -->","yoast_head_json":{"title":"Set di pompe da studio in uretano Evolve (GT-UPS) - Evolve","description":"Prova un allenamento eccezionale con il set di pompe da studio Evolve Urethane - 19,5 kg, il massimo della durata e delle prestazioni.","robots":{"index":"index","follow":"follow","max-snippet":"max-snippet:-1","max-image-preview":"max-image-preview:large","max-video-preview":"max-video-preview:-1"},"canonical":"https:\/\/evolve-fitness.eu\/it\/prodotto\/set-di-pompe-per-il-corpo-in-uretano-evolve\/","og_locale":"it_IT","og_type":"article","og_title":"Set di pompe da studio in uretano Evolve (GT-UPS) - Evolve","og_description":"Prova un allenamento eccezionale con il set di pompe da studio Evolve Urethane - 19,5 kg, il massimo della durata e delle prestazioni.","og_url":"https:\/\/evolve-fitness.eu\/it\/prodotto\/set-di-pompe-per-il-corpo-in-uretano-evolve\/","og_site_name":"Evolve","article_publisher":"https:\/\/www.facebook.com\/EvolveFitnessEurope","article_modified_time":"2026-04-08T14:46:59+00:00","og_image":[{"width":680,"height":600,"url":"https:\/\/evolve-fitness.eu\/wp-content\/uploads\/2023\/09\/Evolve-Body-Pump.png","type":"image\/png"}],"twitter_card":"summary_large_image","schema":{"@context":"https:\/\/schema.org","@graph":[{"@type":"WebPage","@id":"https:\/\/evolve-fitness.eu\/it\/prodotto\/set-di-pompe-per-il-corpo-in-uretano-evolve\/","url":"https:\/\/evolve-fitness.eu\/it\/prodotto\/set-di-pompe-per-il-corpo-in-uretano-evolve\/","name":"Set di pompe da studio in uretano Evolve (GT-UPS) - Evolve","isPartOf":{"@id":"https:\/\/evolve-fitness.eu\/it\/#website"},"primaryImageOfPage":{"@id":"https:\/\/evolve-fitness.eu\/it\/prodotto\/set-di-pompe-per-il-corpo-in-uretano-evolve\/#primaryimage"},"image":{"@id":"https:\/\/evolve-fitness.eu\/it\/prodotto\/set-di-pompe-per-il-corpo-in-uretano-evolve\/#primaryimage"},"thumbnailUrl":"https:\/\/evolve-fitness.eu\/wp-content\/uploads\/2023\/09\/Evolve-Body-Pump.png","datePublished":"2023-12-18T12:04:19+00:00","dateModified":"2026-04-08T14:46:59+00:00","description":"Prova un allenamento eccezionale con il set di pompe da studio Evolve Urethane - 19,5 kg, il massimo della durata e delle prestazioni.","breadcrumb":{"@id":"https:\/\/evolve-fitness.eu\/it\/prodotto\/set-di-pompe-per-il-corpo-in-uretano-evolve\/#breadcrumb"},"inLanguage":"it-IT","potentialAction":[{"@type":"ReadAction","target":["https:\/\/evolve-fitness.eu\/it\/prodotto\/set-di-pompe-per-il-corpo-in-uretano-evolve\/"]}]},{"@type":"ImageObject","inLanguage":"it-IT","@id":"https:\/\/evolve-fitness.eu\/it\/prodotto\/set-di-pompe-per-il-corpo-in-uretano-evolve\/#primaryimage","url":"https:\/\/evolve-fitness.eu\/wp-content\/uploads\/2023\/09\/Evolve-Body-Pump.png","contentUrl":"https:\/\/evolve-fitness.eu\/wp-content\/uploads\/2023\/09\/Evolve-Body-Pump.png","width":680,"height":600,"caption":"EV-GT-UPS"},{"@type":"BreadcrumbList","@id":"https:\/\/evolve-fitness.eu\/it\/prodotto\/set-di-pompe-per-il-corpo-in-uretano-evolve\/#breadcrumb","itemListElement":[{"@type":"ListItem","position":1,"name":"Home","item":"https:\/\/evolve-fitness.eu\/it\/"},{"@type":"ListItem","position":2,"name":"Prodotti","item":"https:\/\/evolve-fitness.eu\/it\/shop\/"},{"@type":"ListItem","position":3,"name":"Set di pompe da studio in uretano Evolve (GT-UPS)"}]},{"@type":"WebSite","@id":"https:\/\/evolve-fitness.eu\/it\/#website","url":"https:\/\/evolve-fitness.eu\/it\/","name":"Evolve","description":"Your Evolved Gear Arrived","publisher":{"@id":"https:\/\/evolve-fitness.eu\/it\/#organization"},"potentialAction":[{"@type":"SearchAction","target":{"@type":"EntryPoint","urlTemplate":"https:\/\/evolve-fitness.eu\/it\/?s={search_term_string}"},"query-input":{"@type":"PropertyValueSpecification","valueRequired":true,"valueName":"search_term_string"}}],"inLanguage":"it-IT"},{"@type":"Organization","@id":"https:\/\/evolve-fitness.eu\/it\/#organization","name":"Evolve","url":"https:\/\/evolve-fitness.eu\/it\/","logo":{"@type":"ImageObject","inLanguage":"it-IT","@id":"https:\/\/evolve-fitness.eu\/it\/#\/schema\/logo\/image\/","url":"https:\/\/evolve-fitness.eu\/wp-content\/uploads\/2023\/05\/Evolve-logo.svg","contentUrl":"https:\/\/evolve-fitness.eu\/wp-content\/uploads\/2023\/05\/Evolve-logo.svg","width":176,"height":20,"caption":"Evolve"},"image":{"@id":"https:\/\/evolve-fitness.eu\/it\/#\/schema\/logo\/image\/"},"sameAs":["https:\/\/www.facebook.com\/EvolveFitnessEurope"]}]}},"_links":{"self":[{"href":"https:\/\/evolve-fitness.eu\/it\/wp-json\/wp\/v2\/product\/101063","targetHints":{"allow":["GET"]}}],"collection":[{"href":"https:\/\/evolve-fitness.eu\/it\/wp-json\/wp\/v2\/product"}],"about":[{"href":"https:\/\/evolve-fitness.eu\/it\/wp-json\/wp\/v2\/types\/product"}],"wp:featuredmedia":[{"embeddable":true,"href":"https:\/\/evolve-fitness.eu\/it\/wp-json\/wp\/v2\/media\/101064"}],"wp:attachment":[{"href":"https:\/\/evolve-fitness.eu\/it\/wp-json\/wp\/v2\/media?parent=101063"}],"wp:term":[{"taxonomy":"product_brand","embeddable":true,"href":"https:\/\/evolve-fitness.eu\/it\/wp-json\/wp\/v2\/product_brand?post=101063"},{"taxonomy":"product_cat","embeddable":true,"href":"https:\/\/evolve-fitness.eu\/it\/wp-json\/wp\/v2\/product_cat?post=101063"},{"taxonomy":"product_tag","embeddable":true,"href":"https:\/\/evolve-fitness.eu\/it\/wp-json\/wp\/v2\/product_tag?post=101063"}],"curies":[{"name":"wp","href":"https:\/\/api.w.org\/{rel}","templated":true}]}}