{"id":118810,"date":"2024-03-21T11:30:31","date_gmt":"2024-03-21T11:30:31","guid":{"rendered":"https:\/\/evolve-fitness.eu\/product\/panca-iso-laterale-caricata-con-piastre-della-serie-evolve-ultra\/"},"modified":"2024-10-29T13:27:39","modified_gmt":"2024-10-29T13:27:39","slug":"panca-iso-laterale-caricata-con-piastre-della-serie-evolve-ultra","status":"publish","type":"product","link":"https:\/\/evolve-fitness.eu\/it\/prodotto\/panca-iso-laterale-caricata-con-piastre-della-serie-evolve-ultra\/","title":{"rendered":"Panca iso-laterale caricata con piastre della serie Evolve Ultra"},"content":{"rendered":"\n<section class=\"wp-block-group alignfull has-lightgray-background-color has-background is-layout-constrained wp-block-group-is-layout-constrained\">\n<div class=\"wp-block-columns alignwide is-layout-flex wp-container-core-columns-is-layout-2edb0647 wp-block-columns-is-layout-flex\" style=\"margin-top:0;margin-bottom:0\">\n<div class=\"wp-block-column is-layout-flow wp-block-column-is-layout-flow\" style=\"flex-basis:33.33%\"><\/div>\n\n\n\n<div class=\"wp-block-column is-layout-flow wp-block-column-is-layout-flow\" style=\"flex-basis:66.66%\"><\/div>\n<\/div>\n<\/section>\n\n<section class=\"wp-block-group alignfull black-content has-white-color has-darkgray-background-color has-text-color has-background is-layout-constrained wp-block-group-is-layout-constrained\" style=\"padding-top:var(--wp--preset--spacing--section-bottom);padding-bottom:var(--wp--preset--spacing--section-bottom)\">\n<section class=\"wp-block-group alignfull black-content has-white-color has-darkgray-background-color has-text-color has-background is-layout-constrained wp-block-group-is-layout-constrained\" style=\"margin-bottom:0;padding-top:var(--wp--preset--spacing--tb-padding);padding-bottom:var(--wp--preset--spacing--tb-padding)\">\n<div class=\"wp-block-columns alignwide mobile-reverse is-layout-flex wp-container-core-columns-is-layout-7a02faa9 wp-block-columns-is-layout-flex\" style=\"margin-bottom:var(--wp--preset--spacing--tb-section-padding)\">\n<div class=\"wp-block-column is-vertically-aligned-center is-layout-flow wp-block-column-is-layout-flow\">\n<h3 class=\"wp-block-heading\" style=\"margin-bottom:var(--wp--preset--spacing--h-3-bottom)\"><strong><strong><strong><strong><strong><strong><strong>Coinvolgimento muscolare mirato<\/strong><\/strong><\/strong><\/strong><\/strong><\/strong><\/strong><\/h3>\n\n\n\n<p><strong><em><strong><strong><strong><strong><strong>Movimento unilaterale del braccio (disponibile su alcune macchine)<\/strong><\/strong><\/strong><\/strong><\/strong><\/em><\/strong><\/p>\n\n\n\n<p>La panca iso-laterale con carico su piastra Evolve Ultra Series offre un allenamento completo per la parte superiore del corpo, coinvolgendo pi\u00f9 gruppi muscolari contemporaneamente. Grazie al suo design innovativo, si rivolge efficacemente a petto, spalle e tricipiti, promuovendo uno sviluppo equilibrato e la forza. Il movimento iso-laterale consente un&#8217;azione indipendente delle braccia, assicurando che ogni lato del corpo venga lavorato in egual misura. Questa macchina offre una resistenza regolabile per soddisfare utenti di diversi livelli di fitness e obiettivi di allenamento, rendendola adatta sia ai principianti che agli atleti pi\u00f9 esperti. Promuovendo una forma e una tecnica corrette, la panca iso-laterale aiuta a migliorare la forza, la stabilit\u00e0 e la funzionalit\u00e0 generale della parte superiore del corpo. Il suo design ergonomico riduce al minimo le sollecitazioni sulle articolazioni e garantisce un allenamento sicuro ed efficiente. Se l&#8217;obiettivo \u00e8 costruire massa muscolare, aumentare la forza o migliorare la resistenza muscolare, la panca iso-laterale offre una soluzione efficace e versatile per raggiungere i propri obiettivi di fitness.<\/p>\n<\/div>\n\n\n\n<div class=\"wp-block-column is-vertically-aligned-center is-layout-flow wp-block-column-is-layout-flow\">\n<figure class=\"wp-block-video\"><video height=\"2000\" style=\"aspect-ratio: 2000 \/ 2000;\" width=\"2000\" autoplay=\"\" controls=\"\" loop=\"\" muted=\"\" src=\"https:\/\/evolve-fitness.eu\/wp-content\/uploads\/2024\/03\/EV-PL-UL-450-Evolve-Ultra-Series-Plate-Loaded-Iso-Lateral-Bench-Press-1.mp4\"><\/video><\/figure>\n<\/div>\n<\/div>\n\n\n\n<div class=\"wp-block-columns alignwide mobile-reverse is-layout-flex wp-container-core-columns-is-layout-035fa626 wp-block-columns-is-layout-flex\" style=\"margin-bottom:var(--wp--preset--spacing--side-padding);padding-top:var(--wp--preset--spacing--tb-padding);padding-bottom:var(--wp--preset--spacing--tb-padding)\">\n<div class=\"wp-block-column is-vertically-aligned-center is-layout-flow wp-block-column-is-layout-flow\">\n<figure class=\"wp-block-image size-large\"><img loading=\"lazy\" decoding=\"async\" width=\"1024\" height=\"1024\" src=\"https:\/\/evolve-fitness.eu\/wp-content\/uploads\/2024\/03\/EV-PL-UL-450-Evolve-Ultra-Series-Plate-Loaded-Iso-Lateral-Bench-Press-7-2-1024x1024.jpg\" alt=\"\" class=\"wp-image-119103\" srcset=\"https:\/\/evolve-fitness.eu\/wp-content\/uploads\/2024\/03\/EV-PL-UL-450-Evolve-Ultra-Series-Plate-Loaded-Iso-Lateral-Bench-Press-7-2-1024x1024.jpg 1024w, https:\/\/evolve-fitness.eu\/wp-content\/uploads\/2024\/03\/EV-PL-UL-450-Evolve-Ultra-Series-Plate-Loaded-Iso-Lateral-Bench-Press-7-2-300x300.jpg 300w, https:\/\/evolve-fitness.eu\/wp-content\/uploads\/2024\/03\/EV-PL-UL-450-Evolve-Ultra-Series-Plate-Loaded-Iso-Lateral-Bench-Press-7-2-150x150.jpg 150w, https:\/\/evolve-fitness.eu\/wp-content\/uploads\/2024\/03\/EV-PL-UL-450-Evolve-Ultra-Series-Plate-Loaded-Iso-Lateral-Bench-Press-7-2-600x600.jpg 600w, https:\/\/evolve-fitness.eu\/wp-content\/uploads\/2024\/03\/EV-PL-UL-450-Evolve-Ultra-Series-Plate-Loaded-Iso-Lateral-Bench-Press-7-2-768x768.jpg 768w, https:\/\/evolve-fitness.eu\/wp-content\/uploads\/2024\/03\/EV-PL-UL-450-Evolve-Ultra-Series-Plate-Loaded-Iso-Lateral-Bench-Press-7-2-1536x1536.jpg 1536w, https:\/\/evolve-fitness.eu\/wp-content\/uploads\/2024\/03\/EV-PL-UL-450-Evolve-Ultra-Series-Plate-Loaded-Iso-Lateral-Bench-Press-7-2.jpg 2000w\" sizes=\"auto, (max-width: 1024px) 100vw, 1024px\" \/><\/figure>\n<\/div>\n\n\n\n<div class=\"wp-block-column is-vertically-aligned-center is-layout-flow wp-block-column-is-layout-flow\">\n<h3 class=\"wp-block-heading\" style=\"margin-bottom:var(--wp--preset--spacing--h-3-bottom)\"><strong><strong><strong><strong><strong><strong><strong><strong><strong>Resistenza regolabile<\/strong><\/strong><\/strong><\/strong><\/strong><\/strong><\/strong><\/strong><\/strong><\/h3>\n\n\n\n<p><strong><em><strong><strong><strong><strong><strong><strong>Pile di peso personalizzabili<\/strong><\/strong><\/strong><\/strong><\/strong><\/strong><\/em><\/strong><\/p>\n\n\n\n<p>Gli utenti possono facilmente regolare i livelli di resistenza aggiungendo o rimuovendo le piastre di peso, consentendo allenamenti personalizzati che si adattano ai livelli di forza dei polpacci e alla progressione individuale. Che si tratti di aumentare la resistenza dei polpacci o di incrementare la forza, la resistenza regolabile offre la versatilit\u00e0 necessaria per adattarsi ai vari obiettivi di allenamento.<\/p>\n\n\n\n<p><\/p>\n\n\n\n<h3 class=\"wp-block-heading\" style=\"margin-bottom:var(--wp--preset--spacing--h-3-bottom)\"><strong><strong><strong><strong><strong><strong><strong><strong>Design confortevole<\/strong><\/strong><\/strong><\/strong><\/strong><\/strong><\/strong><\/strong><\/h3>\n\n\n\n<p><strong><em><strong><strong><strong><strong><strong><strong>Imbottitura e maniglie ergonomiche<\/strong><\/strong><\/strong><\/strong><\/strong><\/strong><\/em><\/strong><\/p>\n\n\n\n<p>Progettata pensando al comfort dell&#8217;utente, la macchina Seated Calf Raise \u00e8 dotata di cuscinetti e maniglie ergonomiche che favoriscono il corretto posizionamento delle gambe e il sostegno durante gli esercizi.<\/p>\n<\/div>\n<\/div>\n\n\n\n<div class=\"wp-block-columns alignwide mobile-reverse is-layout-flex wp-container-core-columns-is-layout-7a02faa9 wp-block-columns-is-layout-flex\" style=\"margin-bottom:var(--wp--preset--spacing--tb-section-padding)\">\n<div class=\"wp-block-column is-vertically-aligned-center is-layout-flow wp-block-column-is-layout-flow\">\n<h3 class=\"wp-block-heading\" style=\"margin-bottom:var(--wp--preset--spacing--h-3-bottom)\"><strong><strong><strong><strong><strong><strong><strong><strong><strong>Ingombro ridotto<\/strong><\/strong><\/strong><\/strong><\/strong><\/strong><\/strong><\/strong><\/strong><\/h3>\n\n\n\n<p><strong><em><strong><strong><strong><strong><strong><strong>Design efficiente dal punto di vista dello spazio<\/strong><\/strong><\/strong><\/strong><\/strong><\/strong><\/em><\/strong><\/p>\n\n\n\n<p>Nonostante la sua funzionalit\u00e0, la macchina Standing Leg Curl mantiene un ingombro ridotto, che la rende adatta a chi ha uno spazio limitato per allenarsi. Il suo design snello massimizza l&#8217;efficienza dello spazio senza compromettere la funzionalit\u00e0, garantendo un&#8217;area di allenamento ottimizzata dedicata all&#8217;allenamento efficace dei tendini del ginocchio.<\/p>\n\n\n\n<p><\/p>\n\n\n\n<h3 class=\"wp-block-heading\" style=\"margin-bottom:var(--wp--preset--spacing--h-3-bottom)\"><strong><strong><strong><strong><strong><strong><strong><strong><strong>Finitura duratura<\/strong><\/strong><\/strong><\/strong><\/strong><\/strong><\/strong><\/strong><\/strong><\/h3>\n\n\n\n<p><strong><em><strong><strong><strong><strong><strong><strong>Tecnologia di spruzzatura elettrostatica di polveri termoindurenti<\/strong><\/strong><\/strong><\/strong><\/strong><\/strong><\/em><\/strong><\/p>\n\n\n\n<p>Le nostre macchine sono dotate di una tecnologia di spruzzatura elettrostatica di polveri termoindurenti che garantisce una finitura duratura. Questo rivestimento avanzato mantiene l&#8217;estetica dell&#8217;apparecchiatura nel tempo.<\/p>\n<\/div>\n\n\n\n<div class=\"wp-block-column is-vertically-aligned-center is-layout-flow wp-block-column-is-layout-flow\">\n<figure class=\"wp-block-image size-large\"><img loading=\"lazy\" decoding=\"async\" width=\"1024\" height=\"1024\" src=\"https:\/\/evolve-fitness.eu\/wp-content\/uploads\/2024\/03\/EV-PL-UL-450-Evolve-Ultra-Series-Plate-Loaded-Iso-Lateral-Bench-Press-8-1-1024x1024.jpg\" alt=\"\" class=\"wp-image-119078\" srcset=\"https:\/\/evolve-fitness.eu\/wp-content\/uploads\/2024\/03\/EV-PL-UL-450-Evolve-Ultra-Series-Plate-Loaded-Iso-Lateral-Bench-Press-8-1-1024x1024.jpg 1024w, https:\/\/evolve-fitness.eu\/wp-content\/uploads\/2024\/03\/EV-PL-UL-450-Evolve-Ultra-Series-Plate-Loaded-Iso-Lateral-Bench-Press-8-1-300x300.jpg 300w, https:\/\/evolve-fitness.eu\/wp-content\/uploads\/2024\/03\/EV-PL-UL-450-Evolve-Ultra-Series-Plate-Loaded-Iso-Lateral-Bench-Press-8-1-150x150.jpg 150w, https:\/\/evolve-fitness.eu\/wp-content\/uploads\/2024\/03\/EV-PL-UL-450-Evolve-Ultra-Series-Plate-Loaded-Iso-Lateral-Bench-Press-8-1-600x600.jpg 600w, https:\/\/evolve-fitness.eu\/wp-content\/uploads\/2024\/03\/EV-PL-UL-450-Evolve-Ultra-Series-Plate-Loaded-Iso-Lateral-Bench-Press-8-1-768x768.jpg 768w, https:\/\/evolve-fitness.eu\/wp-content\/uploads\/2024\/03\/EV-PL-UL-450-Evolve-Ultra-Series-Plate-Loaded-Iso-Lateral-Bench-Press-8-1-1536x1536.jpg 1536w, https:\/\/evolve-fitness.eu\/wp-content\/uploads\/2024\/03\/EV-PL-UL-450-Evolve-Ultra-Series-Plate-Loaded-Iso-Lateral-Bench-Press-8-1.jpg 2000w\" sizes=\"auto, (max-width: 1024px) 100vw, 1024px\" \/><\/figure>\n<\/div>\n<\/div>\n\n\n\n<div class=\"wp-block-columns alignwide mobile-reverse is-layout-flex wp-container-core-columns-is-layout-ca64bf2d wp-block-columns-is-layout-flex\" style=\"margin-bottom:var(--wp--preset--spacing--side-padding)\">\n<div class=\"wp-block-column is-vertically-aligned-center is-layout-flow wp-block-column-is-layout-flow\"><\/div>\n<\/div>\n<\/section>\n<\/section>\n","protected":false},"excerpt":{"rendered":"<p>La panca iso-laterale con carico su piastra UL-450 di Evolve Ultra Series \u00e8 un paradigma di robustezza e raffinatezza nelle attrezzature da palestra. Progettato con un&#8217;attenzione meticolosa ai dettagli, \u00e8 dotato di bulloni e dadi in acciaio inossidabile per una durata senza pari. La sua tecnologia di spruzzatura elettrostatica di polveri termoindurenti assicura una finitura duratura ed esteticamente gradevole. La macchina include protezioni durevoli per evitare danni al pavimento della palestra e comodi pioli per riporre in modo efficiente i piatti dei pesi. Inoltre, le maniglie antiscivolo offrono una presa sicura per la sicurezza e la fiducia durante gli esercizi pi\u00f9 intensi. Questa apparecchiatura di alta qualit\u00e0 viene fornita con una garanzia di 2 anni, che garantisce prestazioni durature e affidabilit\u00e0 in qualsiasi ambiente fitness.<\/p>\n","protected":false},"featured_media":118790,"template":"","meta":{"_acf_changed":false,"inline_featured_image":false},"product_brand":[],"product_cat":[4880,4881],"product_tag":[],"class_list":{"0":"post-118810","1":"product","2":"type-product","3":"status-publish","4":"has-post-thumbnail","6":"product_cat-macchine-a-piastre","7":"product_cat-macchine-con-carico-a-piastra-della-serie-ultra","9":"first","10":"instock","11":"shipping-taxable","12":"purchasable","13":"product-type-simple"},"acf":{"long_title":"Panca iso-laterale caricata con piastre della serie Evolve Ultra","subtitle":"","specifications":[{"label":"SKU","text_value":"EV-PL-UL-450","icon":"x"},{"label":"Lunghezza","text_value":"1906 mm","icon":"x"},{"label":"Larghezza","text_value":"1713 mm","icon":"x"},{"label":"Altezza","text_value":"960 mm","icon":"x"},{"label":"Peso","text_value":"108 kg","icon":"x"},{"label":"Peso massimo dell'utente","text_value":"180 kg","icon":"x"},{"label":"Resistenza massima","text_value":"300 kg","icon":"v"},{"label":"Posizione di allenamento regolabile","text_value":"","icon":"v"},{"label":"Imbottitura spessa rivestita in pelle PU","text_value":"","icon":"v"},{"label":"Protezioni per pavimenti durevoli","text_value":"","icon":"v"},{"label":"Pioli per la conservazione delle piastre portapesi","text_value":"","icon":"v"},{"label":"Garanzia  ","text_value":"2 anni","icon":"v"},{"label":"","text_value":"","icon":"v"},{"label":"","text_value":"","icon":"x"}]},"yoast_head":"<!-- This site is optimized with the Yoast SEO plugin v27.4 - https:\/\/yoast.com\/product\/yoast-seo-wordpress\/ -->\n<title>Panca iso-laterale caricata con piastre della serie Evolve Ultra - Evolve<\/title>\n<meta name=\"robots\" content=\"index, follow, max-snippet:-1, max-image-preview:large, max-video-preview:-1\" \/>\n<link rel=\"canonical\" href=\"https:\/\/evolve-fitness.eu\/it\/prodotto\/panca-iso-laterale-caricata-con-piastre-della-serie-evolve-ultra\/\" \/>\n<meta property=\"og:locale\" content=\"it_IT\" \/>\n<meta property=\"og:type\" content=\"article\" \/>\n<meta property=\"og:title\" content=\"Panca iso-laterale caricata con piastre della serie Evolve Ultra - Evolve\" \/>\n<meta property=\"og:url\" content=\"https:\/\/evolve-fitness.eu\/it\/prodotto\/panca-iso-laterale-caricata-con-piastre-della-serie-evolve-ultra\/\" \/>\n<meta property=\"og:site_name\" content=\"Evolve\" \/>\n<meta property=\"article:publisher\" content=\"https:\/\/www.facebook.com\/EvolveFitnessEurope\" \/>\n<meta property=\"article:modified_time\" content=\"2024-10-29T13:27:39+00:00\" \/>\n<meta property=\"og:image\" content=\"https:\/\/evolve-fitness.eu\/wp-content\/uploads\/2024\/03\/EV-PL-UL-450-Evolve-Ultra-Series-Plate-Loaded-Iso-Lateral-Bench-Press-1.png\" \/>\n\t<meta property=\"og:image:width\" content=\"680\" \/>\n\t<meta property=\"og:image:height\" content=\"600\" \/>\n\t<meta property=\"og:image:type\" content=\"image\/png\" \/>\n<meta name=\"twitter:card\" content=\"summary_large_image\" \/>\n<script type=\"application\/ld+json\" class=\"yoast-schema-graph\">{\"@context\":\"https:\\\/\\\/schema.org\",\"@graph\":[{\"@type\":\"WebPage\",\"@id\":\"https:\\\/\\\/evolve-fitness.eu\\\/it\\\/prodotto\\\/panca-iso-laterale-caricata-con-piastre-della-serie-evolve-ultra\\\/\",\"url\":\"https:\\\/\\\/evolve-fitness.eu\\\/it\\\/prodotto\\\/panca-iso-laterale-caricata-con-piastre-della-serie-evolve-ultra\\\/\",\"name\":\"Panca iso-laterale caricata con piastre della serie Evolve Ultra - Evolve\",\"isPartOf\":{\"@id\":\"https:\\\/\\\/evolve-fitness.eu\\\/it\\\/#website\"},\"primaryImageOfPage\":{\"@id\":\"https:\\\/\\\/evolve-fitness.eu\\\/it\\\/prodotto\\\/panca-iso-laterale-caricata-con-piastre-della-serie-evolve-ultra\\\/#primaryimage\"},\"image\":{\"@id\":\"https:\\\/\\\/evolve-fitness.eu\\\/it\\\/prodotto\\\/panca-iso-laterale-caricata-con-piastre-della-serie-evolve-ultra\\\/#primaryimage\"},\"thumbnailUrl\":\"https:\\\/\\\/evolve-fitness.eu\\\/wp-content\\\/uploads\\\/2024\\\/03\\\/EV-PL-UL-450-Evolve-Ultra-Series-Plate-Loaded-Iso-Lateral-Bench-Press-1.png\",\"datePublished\":\"2024-03-21T11:30:31+00:00\",\"dateModified\":\"2024-10-29T13:27:39+00:00\",\"breadcrumb\":{\"@id\":\"https:\\\/\\\/evolve-fitness.eu\\\/it\\\/prodotto\\\/panca-iso-laterale-caricata-con-piastre-della-serie-evolve-ultra\\\/#breadcrumb\"},\"inLanguage\":\"it-IT\",\"potentialAction\":[{\"@type\":\"ReadAction\",\"target\":[\"https:\\\/\\\/evolve-fitness.eu\\\/it\\\/prodotto\\\/panca-iso-laterale-caricata-con-piastre-della-serie-evolve-ultra\\\/\"]}]},{\"@type\":\"ImageObject\",\"inLanguage\":\"it-IT\",\"@id\":\"https:\\\/\\\/evolve-fitness.eu\\\/it\\\/prodotto\\\/panca-iso-laterale-caricata-con-piastre-della-serie-evolve-ultra\\\/#primaryimage\",\"url\":\"https:\\\/\\\/evolve-fitness.eu\\\/wp-content\\\/uploads\\\/2024\\\/03\\\/EV-PL-UL-450-Evolve-Ultra-Series-Plate-Loaded-Iso-Lateral-Bench-Press-1.png\",\"contentUrl\":\"https:\\\/\\\/evolve-fitness.eu\\\/wp-content\\\/uploads\\\/2024\\\/03\\\/EV-PL-UL-450-Evolve-Ultra-Series-Plate-Loaded-Iso-Lateral-Bench-Press-1.png\",\"width\":680,\"height\":600,\"caption\":\"EV-PL-UL-450\"},{\"@type\":\"BreadcrumbList\",\"@id\":\"https:\\\/\\\/evolve-fitness.eu\\\/it\\\/prodotto\\\/panca-iso-laterale-caricata-con-piastre-della-serie-evolve-ultra\\\/#breadcrumb\",\"itemListElement\":[{\"@type\":\"ListItem\",\"position\":1,\"name\":\"Home\",\"item\":\"https:\\\/\\\/evolve-fitness.eu\\\/it\\\/\"},{\"@type\":\"ListItem\",\"position\":2,\"name\":\"Prodotti\",\"item\":\"https:\\\/\\\/evolve-fitness.eu\\\/it\\\/shop\\\/\"},{\"@type\":\"ListItem\",\"position\":3,\"name\":\"Panca iso-laterale caricata con piastre della serie Evolve Ultra\"}]},{\"@type\":\"WebSite\",\"@id\":\"https:\\\/\\\/evolve-fitness.eu\\\/it\\\/#website\",\"url\":\"https:\\\/\\\/evolve-fitness.eu\\\/it\\\/\",\"name\":\"Evolve\",\"description\":\"Your Evolved Gear Arrived\",\"publisher\":{\"@id\":\"https:\\\/\\\/evolve-fitness.eu\\\/it\\\/#organization\"},\"potentialAction\":[{\"@type\":\"SearchAction\",\"target\":{\"@type\":\"EntryPoint\",\"urlTemplate\":\"https:\\\/\\\/evolve-fitness.eu\\\/it\\\/?s={search_term_string}\"},\"query-input\":{\"@type\":\"PropertyValueSpecification\",\"valueRequired\":true,\"valueName\":\"search_term_string\"}}],\"inLanguage\":\"it-IT\"},{\"@type\":\"Organization\",\"@id\":\"https:\\\/\\\/evolve-fitness.eu\\\/it\\\/#organization\",\"name\":\"Evolve\",\"url\":\"https:\\\/\\\/evolve-fitness.eu\\\/it\\\/\",\"logo\":{\"@type\":\"ImageObject\",\"inLanguage\":\"it-IT\",\"@id\":\"https:\\\/\\\/evolve-fitness.eu\\\/it\\\/#\\\/schema\\\/logo\\\/image\\\/\",\"url\":\"https:\\\/\\\/evolve-fitness.eu\\\/wp-content\\\/uploads\\\/2023\\\/05\\\/Evolve-logo.svg\",\"contentUrl\":\"https:\\\/\\\/evolve-fitness.eu\\\/wp-content\\\/uploads\\\/2023\\\/05\\\/Evolve-logo.svg\",\"width\":176,\"height\":20,\"caption\":\"Evolve\"},\"image\":{\"@id\":\"https:\\\/\\\/evolve-fitness.eu\\\/it\\\/#\\\/schema\\\/logo\\\/image\\\/\"},\"sameAs\":[\"https:\\\/\\\/www.facebook.com\\\/EvolveFitnessEurope\"]}]}<\/script>\n<!-- \/ Yoast SEO plugin. -->","yoast_head_json":{"title":"Panca iso-laterale caricata con piastre della serie Evolve Ultra - Evolve","robots":{"index":"index","follow":"follow","max-snippet":"max-snippet:-1","max-image-preview":"max-image-preview:large","max-video-preview":"max-video-preview:-1"},"canonical":"https:\/\/evolve-fitness.eu\/it\/prodotto\/panca-iso-laterale-caricata-con-piastre-della-serie-evolve-ultra\/","og_locale":"it_IT","og_type":"article","og_title":"Panca iso-laterale caricata con piastre della serie Evolve Ultra - Evolve","og_url":"https:\/\/evolve-fitness.eu\/it\/prodotto\/panca-iso-laterale-caricata-con-piastre-della-serie-evolve-ultra\/","og_site_name":"Evolve","article_publisher":"https:\/\/www.facebook.com\/EvolveFitnessEurope","article_modified_time":"2024-10-29T13:27:39+00:00","og_image":[{"width":680,"height":600,"url":"https:\/\/evolve-fitness.eu\/wp-content\/uploads\/2024\/03\/EV-PL-UL-450-Evolve-Ultra-Series-Plate-Loaded-Iso-Lateral-Bench-Press-1.png","type":"image\/png"}],"twitter_card":"summary_large_image","schema":{"@context":"https:\/\/schema.org","@graph":[{"@type":"WebPage","@id":"https:\/\/evolve-fitness.eu\/it\/prodotto\/panca-iso-laterale-caricata-con-piastre-della-serie-evolve-ultra\/","url":"https:\/\/evolve-fitness.eu\/it\/prodotto\/panca-iso-laterale-caricata-con-piastre-della-serie-evolve-ultra\/","name":"Panca iso-laterale caricata con piastre della serie Evolve Ultra - Evolve","isPartOf":{"@id":"https:\/\/evolve-fitness.eu\/it\/#website"},"primaryImageOfPage":{"@id":"https:\/\/evolve-fitness.eu\/it\/prodotto\/panca-iso-laterale-caricata-con-piastre-della-serie-evolve-ultra\/#primaryimage"},"image":{"@id":"https:\/\/evolve-fitness.eu\/it\/prodotto\/panca-iso-laterale-caricata-con-piastre-della-serie-evolve-ultra\/#primaryimage"},"thumbnailUrl":"https:\/\/evolve-fitness.eu\/wp-content\/uploads\/2024\/03\/EV-PL-UL-450-Evolve-Ultra-Series-Plate-Loaded-Iso-Lateral-Bench-Press-1.png","datePublished":"2024-03-21T11:30:31+00:00","dateModified":"2024-10-29T13:27:39+00:00","breadcrumb":{"@id":"https:\/\/evolve-fitness.eu\/it\/prodotto\/panca-iso-laterale-caricata-con-piastre-della-serie-evolve-ultra\/#breadcrumb"},"inLanguage":"it-IT","potentialAction":[{"@type":"ReadAction","target":["https:\/\/evolve-fitness.eu\/it\/prodotto\/panca-iso-laterale-caricata-con-piastre-della-serie-evolve-ultra\/"]}]},{"@type":"ImageObject","inLanguage":"it-IT","@id":"https:\/\/evolve-fitness.eu\/it\/prodotto\/panca-iso-laterale-caricata-con-piastre-della-serie-evolve-ultra\/#primaryimage","url":"https:\/\/evolve-fitness.eu\/wp-content\/uploads\/2024\/03\/EV-PL-UL-450-Evolve-Ultra-Series-Plate-Loaded-Iso-Lateral-Bench-Press-1.png","contentUrl":"https:\/\/evolve-fitness.eu\/wp-content\/uploads\/2024\/03\/EV-PL-UL-450-Evolve-Ultra-Series-Plate-Loaded-Iso-Lateral-Bench-Press-1.png","width":680,"height":600,"caption":"EV-PL-UL-450"},{"@type":"BreadcrumbList","@id":"https:\/\/evolve-fitness.eu\/it\/prodotto\/panca-iso-laterale-caricata-con-piastre-della-serie-evolve-ultra\/#breadcrumb","itemListElement":[{"@type":"ListItem","position":1,"name":"Home","item":"https:\/\/evolve-fitness.eu\/it\/"},{"@type":"ListItem","position":2,"name":"Prodotti","item":"https:\/\/evolve-fitness.eu\/it\/shop\/"},{"@type":"ListItem","position":3,"name":"Panca iso-laterale caricata con piastre della serie Evolve Ultra"}]},{"@type":"WebSite","@id":"https:\/\/evolve-fitness.eu\/it\/#website","url":"https:\/\/evolve-fitness.eu\/it\/","name":"Evolve","description":"Your Evolved Gear Arrived","publisher":{"@id":"https:\/\/evolve-fitness.eu\/it\/#organization"},"potentialAction":[{"@type":"SearchAction","target":{"@type":"EntryPoint","urlTemplate":"https:\/\/evolve-fitness.eu\/it\/?s={search_term_string}"},"query-input":{"@type":"PropertyValueSpecification","valueRequired":true,"valueName":"search_term_string"}}],"inLanguage":"it-IT"},{"@type":"Organization","@id":"https:\/\/evolve-fitness.eu\/it\/#organization","name":"Evolve","url":"https:\/\/evolve-fitness.eu\/it\/","logo":{"@type":"ImageObject","inLanguage":"it-IT","@id":"https:\/\/evolve-fitness.eu\/it\/#\/schema\/logo\/image\/","url":"https:\/\/evolve-fitness.eu\/wp-content\/uploads\/2023\/05\/Evolve-logo.svg","contentUrl":"https:\/\/evolve-fitness.eu\/wp-content\/uploads\/2023\/05\/Evolve-logo.svg","width":176,"height":20,"caption":"Evolve"},"image":{"@id":"https:\/\/evolve-fitness.eu\/it\/#\/schema\/logo\/image\/"},"sameAs":["https:\/\/www.facebook.com\/EvolveFitnessEurope"]}]}},"_links":{"self":[{"href":"https:\/\/evolve-fitness.eu\/it\/wp-json\/wp\/v2\/product\/118810","targetHints":{"allow":["GET"]}}],"collection":[{"href":"https:\/\/evolve-fitness.eu\/it\/wp-json\/wp\/v2\/product"}],"about":[{"href":"https:\/\/evolve-fitness.eu\/it\/wp-json\/wp\/v2\/types\/product"}],"wp:featuredmedia":[{"embeddable":true,"href":"https:\/\/evolve-fitness.eu\/it\/wp-json\/wp\/v2\/media\/118790"}],"wp:attachment":[{"href":"https:\/\/evolve-fitness.eu\/it\/wp-json\/wp\/v2\/media?parent=118810"}],"wp:term":[{"taxonomy":"product_brand","embeddable":true,"href":"https:\/\/evolve-fitness.eu\/it\/wp-json\/wp\/v2\/product_brand?post=118810"},{"taxonomy":"product_cat","embeddable":true,"href":"https:\/\/evolve-fitness.eu\/it\/wp-json\/wp\/v2\/product_cat?post=118810"},{"taxonomy":"product_tag","embeddable":true,"href":"https:\/\/evolve-fitness.eu\/it\/wp-json\/wp\/v2\/product_tag?post=118810"}],"curies":[{"name":"wp","href":"https:\/\/api.w.org\/{rel}","templated":true}]}}