{"id":119164,"date":"2023-11-03T15:01:10","date_gmt":"2023-11-03T15:01:10","guid":{"rendered":"https:\/\/evolve-fitness.eu\/product\/evolve-chrome-e-un-prodotto-da-1-10-kg\/"},"modified":"2023-11-03T15:01:10","modified_gmt":"2023-11-03T15:01:10","slug":"evolve-chrome-e-un-prodotto-da-1-10-kg","status":"publish","type":"product","link":"https:\/\/evolve-fitness.eu\/it\/prodotto\/evolve-chrome-e-un-prodotto-da-1-10-kg\/","title":{"rendered":"Evolve Chrome \u00e8 un prodotto da 1-10 kg"},"content":{"rendered":"","protected":false},"excerpt":{"rendered":"<p>Migliorate l&#8217;attivit\u00e0 fisica con il set di manubri Evolve Evolve Chrome, che \u00e8 perfetto per le brugherie, e che \u00e8 di valore professionale. Con una finitura cromatica sottile, che ricorda la ruggine, e un intervallo di peso di 2 x 1-10 kg, questa borsa \u00e8 l&#8217;ideale per un allenamento di qualit\u00e0 e per un&#8217;ampia gamma di prodotti da utilizzare. L&#8217;impugnatura ergonomica e rigata \u00e8 di grande impatto, in quanto il logo e le vetrofanie sono stati scelti con cura per offrire un design moderno e slanciato. Questo prodotto \u00e8 stato progettato per garantire una buona salute e una buona forma fisica, e garantisce la sopravvivenza del paziente.<\/p>\n","protected":false},"featured_media":0,"template":"","meta":{"_acf_changed":false,"inline_featured_image":false},"product_brand":[],"product_cat":[17],"product_tag":[],"class_list":{"0":"post-119164","1":"product","2":"type-product","3":"status-publish","5":"product_cat-be-kategorijos","7":"first","8":"instock","9":"shipping-taxable","10":"purchasable","11":"product-type-simple"},"acf":{"long_title":"","subtitle":"","specifications":null},"yoast_head":"<!-- This site is optimized with the Yoast SEO plugin v27.4 - https:\/\/yoast.com\/product\/yoast-seo-wordpress\/ -->\n<title>Evolve Chrome \u00e8 un prodotto da 1-10 kg - Evolve<\/title>\n<meta name=\"robots\" content=\"index, follow, max-snippet:-1, max-image-preview:large, max-video-preview:-1\" \/>\n<link rel=\"canonical\" href=\"https:\/\/evolve-fitness.eu\/it\/prodotto\/evolve-chrome-e-un-prodotto-da-1-10-kg\/\" \/>\n<meta property=\"og:locale\" content=\"it_IT\" \/>\n<meta property=\"og:type\" content=\"article\" \/>\n<meta property=\"og:title\" content=\"Evolve Chrome \u00e8 un prodotto da 1-10 kg - Evolve\" \/>\n<meta property=\"og:url\" content=\"https:\/\/evolve-fitness.eu\/it\/prodotto\/evolve-chrome-e-un-prodotto-da-1-10-kg\/\" \/>\n<meta property=\"og:site_name\" content=\"Evolve\" \/>\n<meta property=\"article:publisher\" content=\"https:\/\/www.facebook.com\/EvolveFitnessEurope\" \/>\n<meta name=\"twitter:card\" content=\"summary_large_image\" \/>\n<script type=\"application\/ld+json\" class=\"yoast-schema-graph\">{\"@context\":\"https:\\\/\\\/schema.org\",\"@graph\":[{\"@type\":\"WebPage\",\"@id\":\"https:\\\/\\\/evolve-fitness.eu\\\/it\\\/prodotto\\\/evolve-chrome-e-un-prodotto-da-1-10-kg\\\/\",\"url\":\"https:\\\/\\\/evolve-fitness.eu\\\/it\\\/prodotto\\\/evolve-chrome-e-un-prodotto-da-1-10-kg\\\/\",\"name\":\"Evolve Chrome \u00e8 un prodotto da 1-10 kg - Evolve\",\"isPartOf\":{\"@id\":\"https:\\\/\\\/evolve-fitness.eu\\\/it\\\/#website\"},\"datePublished\":\"2023-11-03T15:01:10+00:00\",\"breadcrumb\":{\"@id\":\"https:\\\/\\\/evolve-fitness.eu\\\/it\\\/prodotto\\\/evolve-chrome-e-un-prodotto-da-1-10-kg\\\/#breadcrumb\"},\"inLanguage\":\"it-IT\",\"potentialAction\":[{\"@type\":\"ReadAction\",\"target\":[\"https:\\\/\\\/evolve-fitness.eu\\\/it\\\/prodotto\\\/evolve-chrome-e-un-prodotto-da-1-10-kg\\\/\"]}]},{\"@type\":\"BreadcrumbList\",\"@id\":\"https:\\\/\\\/evolve-fitness.eu\\\/it\\\/prodotto\\\/evolve-chrome-e-un-prodotto-da-1-10-kg\\\/#breadcrumb\",\"itemListElement\":[{\"@type\":\"ListItem\",\"position\":1,\"name\":\"Home\",\"item\":\"https:\\\/\\\/evolve-fitness.eu\\\/it\\\/\"},{\"@type\":\"ListItem\",\"position\":2,\"name\":\"Prodotti\",\"item\":\"https:\\\/\\\/evolve-fitness.eu\\\/it\\\/shop\\\/\"},{\"@type\":\"ListItem\",\"position\":3,\"name\":\"Evolve Chrome \u00e8 un prodotto da 1-10 kg\"}]},{\"@type\":\"WebSite\",\"@id\":\"https:\\\/\\\/evolve-fitness.eu\\\/it\\\/#website\",\"url\":\"https:\\\/\\\/evolve-fitness.eu\\\/it\\\/\",\"name\":\"Evolve\",\"description\":\"Your Evolved Gear Arrived\",\"publisher\":{\"@id\":\"https:\\\/\\\/evolve-fitness.eu\\\/it\\\/#organization\"},\"potentialAction\":[{\"@type\":\"SearchAction\",\"target\":{\"@type\":\"EntryPoint\",\"urlTemplate\":\"https:\\\/\\\/evolve-fitness.eu\\\/it\\\/?s={search_term_string}\"},\"query-input\":{\"@type\":\"PropertyValueSpecification\",\"valueRequired\":true,\"valueName\":\"search_term_string\"}}],\"inLanguage\":\"it-IT\"},{\"@type\":\"Organization\",\"@id\":\"https:\\\/\\\/evolve-fitness.eu\\\/it\\\/#organization\",\"name\":\"Evolve\",\"url\":\"https:\\\/\\\/evolve-fitness.eu\\\/it\\\/\",\"logo\":{\"@type\":\"ImageObject\",\"inLanguage\":\"it-IT\",\"@id\":\"https:\\\/\\\/evolve-fitness.eu\\\/it\\\/#\\\/schema\\\/logo\\\/image\\\/\",\"url\":\"https:\\\/\\\/evolve-fitness.eu\\\/wp-content\\\/uploads\\\/2023\\\/05\\\/Evolve-logo.svg\",\"contentUrl\":\"https:\\\/\\\/evolve-fitness.eu\\\/wp-content\\\/uploads\\\/2023\\\/05\\\/Evolve-logo.svg\",\"width\":176,\"height\":20,\"caption\":\"Evolve\"},\"image\":{\"@id\":\"https:\\\/\\\/evolve-fitness.eu\\\/it\\\/#\\\/schema\\\/logo\\\/image\\\/\"},\"sameAs\":[\"https:\\\/\\\/www.facebook.com\\\/EvolveFitnessEurope\"]}]}<\/script>\n<!-- \/ Yoast SEO plugin. -->","yoast_head_json":{"title":"Evolve Chrome \u00e8 un prodotto da 1-10 kg - Evolve","robots":{"index":"index","follow":"follow","max-snippet":"max-snippet:-1","max-image-preview":"max-image-preview:large","max-video-preview":"max-video-preview:-1"},"canonical":"https:\/\/evolve-fitness.eu\/it\/prodotto\/evolve-chrome-e-un-prodotto-da-1-10-kg\/","og_locale":"it_IT","og_type":"article","og_title":"Evolve Chrome \u00e8 un prodotto da 1-10 kg - Evolve","og_url":"https:\/\/evolve-fitness.eu\/it\/prodotto\/evolve-chrome-e-un-prodotto-da-1-10-kg\/","og_site_name":"Evolve","article_publisher":"https:\/\/www.facebook.com\/EvolveFitnessEurope","twitter_card":"summary_large_image","schema":{"@context":"https:\/\/schema.org","@graph":[{"@type":"WebPage","@id":"https:\/\/evolve-fitness.eu\/it\/prodotto\/evolve-chrome-e-un-prodotto-da-1-10-kg\/","url":"https:\/\/evolve-fitness.eu\/it\/prodotto\/evolve-chrome-e-un-prodotto-da-1-10-kg\/","name":"Evolve Chrome \u00e8 un prodotto da 1-10 kg - Evolve","isPartOf":{"@id":"https:\/\/evolve-fitness.eu\/it\/#website"},"datePublished":"2023-11-03T15:01:10+00:00","breadcrumb":{"@id":"https:\/\/evolve-fitness.eu\/it\/prodotto\/evolve-chrome-e-un-prodotto-da-1-10-kg\/#breadcrumb"},"inLanguage":"it-IT","potentialAction":[{"@type":"ReadAction","target":["https:\/\/evolve-fitness.eu\/it\/prodotto\/evolve-chrome-e-un-prodotto-da-1-10-kg\/"]}]},{"@type":"BreadcrumbList","@id":"https:\/\/evolve-fitness.eu\/it\/prodotto\/evolve-chrome-e-un-prodotto-da-1-10-kg\/#breadcrumb","itemListElement":[{"@type":"ListItem","position":1,"name":"Home","item":"https:\/\/evolve-fitness.eu\/it\/"},{"@type":"ListItem","position":2,"name":"Prodotti","item":"https:\/\/evolve-fitness.eu\/it\/shop\/"},{"@type":"ListItem","position":3,"name":"Evolve Chrome \u00e8 un prodotto da 1-10 kg"}]},{"@type":"WebSite","@id":"https:\/\/evolve-fitness.eu\/it\/#website","url":"https:\/\/evolve-fitness.eu\/it\/","name":"Evolve","description":"Your Evolved Gear Arrived","publisher":{"@id":"https:\/\/evolve-fitness.eu\/it\/#organization"},"potentialAction":[{"@type":"SearchAction","target":{"@type":"EntryPoint","urlTemplate":"https:\/\/evolve-fitness.eu\/it\/?s={search_term_string}"},"query-input":{"@type":"PropertyValueSpecification","valueRequired":true,"valueName":"search_term_string"}}],"inLanguage":"it-IT"},{"@type":"Organization","@id":"https:\/\/evolve-fitness.eu\/it\/#organization","name":"Evolve","url":"https:\/\/evolve-fitness.eu\/it\/","logo":{"@type":"ImageObject","inLanguage":"it-IT","@id":"https:\/\/evolve-fitness.eu\/it\/#\/schema\/logo\/image\/","url":"https:\/\/evolve-fitness.eu\/wp-content\/uploads\/2023\/05\/Evolve-logo.svg","contentUrl":"https:\/\/evolve-fitness.eu\/wp-content\/uploads\/2023\/05\/Evolve-logo.svg","width":176,"height":20,"caption":"Evolve"},"image":{"@id":"https:\/\/evolve-fitness.eu\/it\/#\/schema\/logo\/image\/"},"sameAs":["https:\/\/www.facebook.com\/EvolveFitnessEurope"]}]}},"_links":{"self":[{"href":"https:\/\/evolve-fitness.eu\/it\/wp-json\/wp\/v2\/product\/119164","targetHints":{"allow":["GET"]}}],"collection":[{"href":"https:\/\/evolve-fitness.eu\/it\/wp-json\/wp\/v2\/product"}],"about":[{"href":"https:\/\/evolve-fitness.eu\/it\/wp-json\/wp\/v2\/types\/product"}],"wp:attachment":[{"href":"https:\/\/evolve-fitness.eu\/it\/wp-json\/wp\/v2\/media?parent=119164"}],"wp:term":[{"taxonomy":"product_brand","embeddable":true,"href":"https:\/\/evolve-fitness.eu\/it\/wp-json\/wp\/v2\/product_brand?post=119164"},{"taxonomy":"product_cat","embeddable":true,"href":"https:\/\/evolve-fitness.eu\/it\/wp-json\/wp\/v2\/product_cat?post=119164"},{"taxonomy":"product_tag","embeddable":true,"href":"https:\/\/evolve-fitness.eu\/it\/wp-json\/wp\/v2\/product_tag?post=119164"}],"curies":[{"name":"wp","href":"https:\/\/api.w.org\/{rel}","templated":true}]}}