{"id":157153,"date":"2024-10-09T08:37:26","date_gmt":"2024-10-09T08:37:26","guid":{"rendered":"https:\/\/evolve-fitness.eu\/product\/pressa-per-petto-largo-con-carico-su-piastra-della-serie-evolve-prime\/"},"modified":"2025-02-12T11:22:41","modified_gmt":"2025-02-12T11:22:41","slug":"pressa-per-petto-largo-con-carico-su-piastra-della-serie-evolve-prime","status":"publish","type":"product","link":"https:\/\/evolve-fitness.eu\/it\/prodotto\/pressa-per-petto-largo-con-carico-su-piastra-della-serie-evolve-prime\/","title":{"rendered":"Pressa per petto largo con carico su piastra della serie Evolve Prime"},"content":{"rendered":"\n<section class=\"wp-block-group alignfull has-lightgray-background-color has-background is-layout-constrained wp-block-group-is-layout-constrained\">\n<div class=\"wp-block-columns alignwide is-layout-flex wp-container-core-columns-is-layout-2edb0647 wp-block-columns-is-layout-flex\" style=\"margin-top:0;margin-bottom:0\">\n<div class=\"wp-block-column is-layout-flow wp-block-column-is-layout-flow\" style=\"flex-basis:33.33%\"><\/div>\n\n\n\n<div class=\"wp-block-column is-layout-flow wp-block-column-is-layout-flow\" style=\"flex-basis:66.66%\"><\/div>\n<\/div>\n<\/section>\n\n<section class=\"wp-block-group alignfull black-content has-white-color has-darkgray-background-color has-text-color has-background is-layout-constrained wp-block-group-is-layout-constrained\" style=\"padding-top:var(--wp--preset--spacing--section-bottom);padding-bottom:var(--wp--preset--spacing--section-bottom)\">\n<h3 class=\"wp-block-heading has-text-align-center\"><strong><strong>SERIE PRIME A PIASTRE EVOLUTE<\/strong><\/strong><\/h3>\n\n\n\n<p>Con le Evolve Plate Loaded Prime Series, l&#8217;eccellenza \u00e8 lo standard.\nEleva il tuo allenamento di forza con macchine progettate per il comfort, la durata e le prestazioni.\nEsplora l&#8217;intera linea oggi stesso e ridefinisci il tuo percorso di fitness.  <\/p>\n\n\n\n<section class=\"wp-block-group alignfull black-content has-white-color has-darkgray-background-color has-text-color has-background is-layout-constrained wp-block-group-is-layout-constrained\" style=\"padding-top:var(--wp--preset--spacing--section-bottom);padding-bottom:var(--wp--preset--spacing--section-bottom)\">\n<div class=\"wp-block-columns alignwide mobile-reverse is-layout-flex wp-container-core-columns-is-layout-ca64bf2d wp-block-columns-is-layout-flex\" style=\"margin-bottom:var(--wp--preset--spacing--side-padding)\">\n<div class=\"wp-block-column is-vertically-aligned-center is-layout-flow wp-block-column-is-layout-flow\">\n<h3 class=\"wp-block-heading\" style=\"margin-bottom:var(--wp--preset--spacing--h-3-bottom)\"><strong><strong><strong>Design innovativo per il massimo sviluppo del torace<\/strong><\/strong><\/strong><\/h3>\n\n\n\n<p style=\"margin-bottom:var(--wp--preset--spacing--tb-section-padding)\">La Pressa per Petto Ampia con Piastra della Serie Prime di Evolve \u00e8 stata progettata per offrire un allenamento per la parte superiore del corpo, mirando ai muscoli pettorali con precisione ed efficienza. Le sue impugnature ergonomiche a presa larga assicurano un percorso di movimento naturale che stimola i muscoli pettorali riducendo lo sforzo su spalle e articolazioni. Il design a piastre permette di regolare la resistenza, rendendola ideale per gli utenti di tutti i livelli di fitness. Questo robusto attrezzo \u00e8 dotato di un telaio robusto con un&#8217;imbottitura di qualit\u00e0 superiore che offre comfort e durata, consentendo allenamenti intensi in palestra o a casa.   <\/p>\n\n\n\n<h3 class=\"wp-block-heading\" style=\"margin-bottom:var(--wp--preset--spacing--h-3-bottom)\"><strong><strong><strong><strong><strong>Prestazioni e personalizzazione migliorate<\/strong><\/strong><\/strong><\/strong><\/strong><\/h3>\n\n\n\n<p>Progettata per soddisfare gli allenatori di forza pi\u00f9 seri, la Chest Press della serie Evolve Prime offre la libert\u00e0 di personalizzare la resistenza in base alle esigenze individuali. Lo schienale angolato e il sedile regolabile garantiscono un allineamento corretto, aiutando gli utenti a mantenere una postura ottimale per un impegno muscolare mirato e risultati migliori. Questo attrezzo \u00e8 costruito con materiali di qualit\u00e0 commerciale e offre una stabilit\u00e0 e una longevit\u00e0 superiori anche in caso di uso frequente. Se stai cercando di aumentare la massa muscolare o di tonificare il petto, la perfetta funzionalit\u00e0 di questa macchina, unita alla sua estetica moderna, la rende un&#8217;aggiunta essenziale a qualsiasi ambiente di fitness.   <\/p>\n<\/div>\n\n\n\n<div class=\"wp-block-column is-vertically-aligned-center is-layout-flow wp-block-column-is-layout-flow\">\n<figure class=\"wp-block-image size-large is-resized is-style-rounded\"><img loading=\"lazy\" decoding=\"async\" width=\"1024\" height=\"1024\" src=\"https:\/\/evolve-fitness.eu\/wp-content\/uploads\/2024\/10\/EV-PL-PR-007-Evolve-Prime-Series-Plate-Loaded-Wide-Chest-Press-1024x1024.jpg\" alt=\"EV-PL-PR-007\" class=\"wp-image-157058\" style=\"width:643px;height:706px\" srcset=\"https:\/\/evolve-fitness.eu\/wp-content\/uploads\/2024\/10\/EV-PL-PR-007-Evolve-Prime-Series-Plate-Loaded-Wide-Chest-Press-1024x1024.jpg 1024w, https:\/\/evolve-fitness.eu\/wp-content\/uploads\/2024\/10\/EV-PL-PR-007-Evolve-Prime-Series-Plate-Loaded-Wide-Chest-Press-300x300.jpg 300w, https:\/\/evolve-fitness.eu\/wp-content\/uploads\/2024\/10\/EV-PL-PR-007-Evolve-Prime-Series-Plate-Loaded-Wide-Chest-Press-150x150.jpg 150w, https:\/\/evolve-fitness.eu\/wp-content\/uploads\/2024\/10\/EV-PL-PR-007-Evolve-Prime-Series-Plate-Loaded-Wide-Chest-Press-768x768.jpg 768w, https:\/\/evolve-fitness.eu\/wp-content\/uploads\/2024\/10\/EV-PL-PR-007-Evolve-Prime-Series-Plate-Loaded-Wide-Chest-Press-1536x1536.jpg 1536w, https:\/\/evolve-fitness.eu\/wp-content\/uploads\/2024\/10\/EV-PL-PR-007-Evolve-Prime-Series-Plate-Loaded-Wide-Chest-Press-600x600.jpg 600w, https:\/\/evolve-fitness.eu\/wp-content\/uploads\/2024\/10\/EV-PL-PR-007-Evolve-Prime-Series-Plate-Loaded-Wide-Chest-Press.jpg 1687w\" sizes=\"auto, (max-width: 1024px) 100vw, 1024px\" \/><\/figure>\n<\/div>\n<\/div>\n<\/section>\n<\/section>\n","protected":false},"excerpt":{"rendered":"<p>L&#8217;Evolve Prime Series Plate Loaded Wide Chest Press \u00e8 stata progettata per la forza della parte superiore del corpo, concentrandosi sui muscoli pettorali grazie a un sistema di impugnatura ergonomica a presa larga. La resistenza regolabile con carico su piastra la rende adatta a tutti i livelli di fitness. Costruita all&#8217;insegna della durata, presenta un robusto telaio in metallo, un&#8217;imbottitura di qualit\u00e0 superiore e un sedile regolabile per garantire comfort e prestazioni ottimali. Il design compatto di questa macchina consente di utilizzarla sia a casa che in palestra, garantendo un impegno muscolare mirato e una migliore postura durante gli allenamenti.   <\/p>\n","protected":false},"featured_media":192418,"template":"","meta":{"_acf_changed":false,"inline_featured_image":false},"product_brand":[],"product_cat":[4880,5198],"product_tag":[],"class_list":{"0":"post-157153","1":"product","2":"type-product","3":"status-publish","4":"has-post-thumbnail","6":"product_cat-macchine-a-piastre","7":"product_cat-prime-series-con-carico-a-piastra","9":"first","10":"instock","11":"shipping-taxable","12":"purchasable","13":"product-type-simple"},"acf":{"long_title":"Pressa per petto largo con carico su piastra della serie Evolve Prime","subtitle":"","specifications":[{"label":"SKU","text_value":"EV-PL-PR-007","icon":"x"},{"label":"Lunghezza","text_value":"1180 mm","icon":"x"},{"label":"Larghezza","text_value":"2000 mm","icon":"x"},{"label":"Altezza","text_value":"1720 mm","icon":"x"},{"label":"Peso","text_value":"158,5 kg","icon":"v"},{"label":"Peso massimo dell'utente","text_value":"180 kg","icon":"v"},{"label":"Conservazione delle piastre di peso","text_value":"","icon":"v"},{"label":"Protezioni per pavimenti durevoli","text_value":"","icon":"v"},{"label":"Struttura in metallo","text_value":"","icon":"v"},{"label":"Personalizza i colori del telaio e del rivestimento","text_value":"","icon":"x"},{"label":"Imbottitura spessa","text_value":"2 anni","icon":"x"}]},"yoast_head":"<!-- This site is optimized with the Yoast SEO plugin v26.6 - https:\/\/yoast.com\/wordpress\/plugins\/seo\/ -->\n<title>Pressa per petto largo con carico su piastra della serie Evolve Prime - Evolve<\/title>\n<meta name=\"robots\" content=\"index, follow, max-snippet:-1, max-image-preview:large, max-video-preview:-1\" \/>\n<link rel=\"canonical\" href=\"https:\/\/evolve-fitness.eu\/it\/prodotto\/pressa-per-petto-largo-con-carico-su-piastra-della-serie-evolve-prime\/\" \/>\n<meta property=\"og:locale\" content=\"it_IT\" \/>\n<meta property=\"og:type\" content=\"article\" \/>\n<meta property=\"og:title\" content=\"Pressa per petto largo con carico su piastra della serie Evolve Prime - Evolve\" \/>\n<meta property=\"og:url\" content=\"https:\/\/evolve-fitness.eu\/it\/prodotto\/pressa-per-petto-largo-con-carico-su-piastra-della-serie-evolve-prime\/\" \/>\n<meta property=\"og:site_name\" content=\"Evolve\" \/>\n<meta property=\"article:publisher\" content=\"https:\/\/www.facebook.com\/EvolveFitnessEurope\" \/>\n<meta property=\"article:modified_time\" content=\"2025-02-12T11:22:41+00:00\" \/>\n<meta property=\"og:image\" content=\"https:\/\/evolve-fitness.eu\/wp-content\/uploads\/2024\/10\/Dizainas-be-pavadinimo-32.png\" \/>\n\t<meta property=\"og:image:width\" content=\"2565\" \/>\n\t<meta property=\"og:image:height\" content=\"2565\" \/>\n\t<meta property=\"og:image:type\" content=\"image\/png\" \/>\n<meta name=\"twitter:card\" content=\"summary_large_image\" \/>\n<script type=\"application\/ld+json\" class=\"yoast-schema-graph\">{\"@context\":\"https:\/\/schema.org\",\"@graph\":[{\"@type\":\"WebPage\",\"@id\":\"https:\/\/evolve-fitness.eu\/it\/prodotto\/pressa-per-petto-largo-con-carico-su-piastra-della-serie-evolve-prime\/\",\"url\":\"https:\/\/evolve-fitness.eu\/it\/prodotto\/pressa-per-petto-largo-con-carico-su-piastra-della-serie-evolve-prime\/\",\"name\":\"Pressa per petto largo con carico su piastra della serie Evolve Prime - Evolve\",\"isPartOf\":{\"@id\":\"https:\/\/evolve-fitness.eu\/it\/#website\"},\"primaryImageOfPage\":{\"@id\":\"https:\/\/evolve-fitness.eu\/it\/prodotto\/pressa-per-petto-largo-con-carico-su-piastra-della-serie-evolve-prime\/#primaryimage\"},\"image\":{\"@id\":\"https:\/\/evolve-fitness.eu\/it\/prodotto\/pressa-per-petto-largo-con-carico-su-piastra-della-serie-evolve-prime\/#primaryimage\"},\"thumbnailUrl\":\"https:\/\/evolve-fitness.eu\/wp-content\/uploads\/2024\/10\/EV-PL-PR-007-Evolve-Prime-Series-Plate-Loaded-Wide-Chest-Press.png\",\"datePublished\":\"2024-10-09T08:37:26+00:00\",\"dateModified\":\"2025-02-12T11:22:41+00:00\",\"breadcrumb\":{\"@id\":\"https:\/\/evolve-fitness.eu\/it\/prodotto\/pressa-per-petto-largo-con-carico-su-piastra-della-serie-evolve-prime\/#breadcrumb\"},\"inLanguage\":\"it-IT\",\"potentialAction\":[{\"@type\":\"ReadAction\",\"target\":[\"https:\/\/evolve-fitness.eu\/it\/prodotto\/pressa-per-petto-largo-con-carico-su-piastra-della-serie-evolve-prime\/\"]}]},{\"@type\":\"ImageObject\",\"inLanguage\":\"it-IT\",\"@id\":\"https:\/\/evolve-fitness.eu\/it\/prodotto\/pressa-per-petto-largo-con-carico-su-piastra-della-serie-evolve-prime\/#primaryimage\",\"url\":\"https:\/\/evolve-fitness.eu\/wp-content\/uploads\/2024\/10\/EV-PL-PR-007-Evolve-Prime-Series-Plate-Loaded-Wide-Chest-Press.png\",\"contentUrl\":\"https:\/\/evolve-fitness.eu\/wp-content\/uploads\/2024\/10\/EV-PL-PR-007-Evolve-Prime-Series-Plate-Loaded-Wide-Chest-Press.png\",\"width\":3000,\"height\":3000},{\"@type\":\"BreadcrumbList\",\"@id\":\"https:\/\/evolve-fitness.eu\/it\/prodotto\/pressa-per-petto-largo-con-carico-su-piastra-della-serie-evolve-prime\/#breadcrumb\",\"itemListElement\":[{\"@type\":\"ListItem\",\"position\":1,\"name\":\"Home\",\"item\":\"https:\/\/evolve-fitness.eu\/it\/\"},{\"@type\":\"ListItem\",\"position\":2,\"name\":\"Prodotti\",\"item\":\"https:\/\/evolve-fitness.eu\/it\/shop\/\"},{\"@type\":\"ListItem\",\"position\":3,\"name\":\"Pressa per petto largo con carico su piastra della serie Evolve Prime\"}]},{\"@type\":\"WebSite\",\"@id\":\"https:\/\/evolve-fitness.eu\/it\/#website\",\"url\":\"https:\/\/evolve-fitness.eu\/it\/\",\"name\":\"Evolve\",\"description\":\"Your Evolved Gear Arrived\",\"publisher\":{\"@id\":\"https:\/\/evolve-fitness.eu\/it\/#organization\"},\"potentialAction\":[{\"@type\":\"SearchAction\",\"target\":{\"@type\":\"EntryPoint\",\"urlTemplate\":\"https:\/\/evolve-fitness.eu\/it\/?s={search_term_string}\"},\"query-input\":{\"@type\":\"PropertyValueSpecification\",\"valueRequired\":true,\"valueName\":\"search_term_string\"}}],\"inLanguage\":\"it-IT\"},{\"@type\":\"Organization\",\"@id\":\"https:\/\/evolve-fitness.eu\/it\/#organization\",\"name\":\"Evolve\",\"url\":\"https:\/\/evolve-fitness.eu\/it\/\",\"logo\":{\"@type\":\"ImageObject\",\"inLanguage\":\"it-IT\",\"@id\":\"https:\/\/evolve-fitness.eu\/it\/#\/schema\/logo\/image\/\",\"url\":\"https:\/\/evolve-fitness.eu\/wp-content\/uploads\/2023\/05\/Evolve-logo.svg\",\"contentUrl\":\"https:\/\/evolve-fitness.eu\/wp-content\/uploads\/2023\/05\/Evolve-logo.svg\",\"width\":176,\"height\":20,\"caption\":\"Evolve\"},\"image\":{\"@id\":\"https:\/\/evolve-fitness.eu\/it\/#\/schema\/logo\/image\/\"},\"sameAs\":[\"https:\/\/www.facebook.com\/EvolveFitnessEurope\"]}]}<\/script>\n<!-- \/ Yoast SEO plugin. -->","yoast_head_json":{"title":"Pressa per petto largo con carico su piastra della serie Evolve Prime - Evolve","robots":{"index":"index","follow":"follow","max-snippet":"max-snippet:-1","max-image-preview":"max-image-preview:large","max-video-preview":"max-video-preview:-1"},"canonical":"https:\/\/evolve-fitness.eu\/it\/prodotto\/pressa-per-petto-largo-con-carico-su-piastra-della-serie-evolve-prime\/","og_locale":"it_IT","og_type":"article","og_title":"Pressa per petto largo con carico su piastra della serie Evolve Prime - Evolve","og_url":"https:\/\/evolve-fitness.eu\/it\/prodotto\/pressa-per-petto-largo-con-carico-su-piastra-della-serie-evolve-prime\/","og_site_name":"Evolve","article_publisher":"https:\/\/www.facebook.com\/EvolveFitnessEurope","article_modified_time":"2025-02-12T11:22:41+00:00","og_image":[{"width":2565,"height":2565,"url":"https:\/\/evolve-fitness.eu\/wp-content\/uploads\/2024\/10\/Dizainas-be-pavadinimo-32.png","type":"image\/png"}],"twitter_card":"summary_large_image","schema":{"@context":"https:\/\/schema.org","@graph":[{"@type":"WebPage","@id":"https:\/\/evolve-fitness.eu\/it\/prodotto\/pressa-per-petto-largo-con-carico-su-piastra-della-serie-evolve-prime\/","url":"https:\/\/evolve-fitness.eu\/it\/prodotto\/pressa-per-petto-largo-con-carico-su-piastra-della-serie-evolve-prime\/","name":"Pressa per petto largo con carico su piastra della serie Evolve Prime - Evolve","isPartOf":{"@id":"https:\/\/evolve-fitness.eu\/it\/#website"},"primaryImageOfPage":{"@id":"https:\/\/evolve-fitness.eu\/it\/prodotto\/pressa-per-petto-largo-con-carico-su-piastra-della-serie-evolve-prime\/#primaryimage"},"image":{"@id":"https:\/\/evolve-fitness.eu\/it\/prodotto\/pressa-per-petto-largo-con-carico-su-piastra-della-serie-evolve-prime\/#primaryimage"},"thumbnailUrl":"https:\/\/evolve-fitness.eu\/wp-content\/uploads\/2024\/10\/EV-PL-PR-007-Evolve-Prime-Series-Plate-Loaded-Wide-Chest-Press.png","datePublished":"2024-10-09T08:37:26+00:00","dateModified":"2025-02-12T11:22:41+00:00","breadcrumb":{"@id":"https:\/\/evolve-fitness.eu\/it\/prodotto\/pressa-per-petto-largo-con-carico-su-piastra-della-serie-evolve-prime\/#breadcrumb"},"inLanguage":"it-IT","potentialAction":[{"@type":"ReadAction","target":["https:\/\/evolve-fitness.eu\/it\/prodotto\/pressa-per-petto-largo-con-carico-su-piastra-della-serie-evolve-prime\/"]}]},{"@type":"ImageObject","inLanguage":"it-IT","@id":"https:\/\/evolve-fitness.eu\/it\/prodotto\/pressa-per-petto-largo-con-carico-su-piastra-della-serie-evolve-prime\/#primaryimage","url":"https:\/\/evolve-fitness.eu\/wp-content\/uploads\/2024\/10\/EV-PL-PR-007-Evolve-Prime-Series-Plate-Loaded-Wide-Chest-Press.png","contentUrl":"https:\/\/evolve-fitness.eu\/wp-content\/uploads\/2024\/10\/EV-PL-PR-007-Evolve-Prime-Series-Plate-Loaded-Wide-Chest-Press.png","width":3000,"height":3000},{"@type":"BreadcrumbList","@id":"https:\/\/evolve-fitness.eu\/it\/prodotto\/pressa-per-petto-largo-con-carico-su-piastra-della-serie-evolve-prime\/#breadcrumb","itemListElement":[{"@type":"ListItem","position":1,"name":"Home","item":"https:\/\/evolve-fitness.eu\/it\/"},{"@type":"ListItem","position":2,"name":"Prodotti","item":"https:\/\/evolve-fitness.eu\/it\/shop\/"},{"@type":"ListItem","position":3,"name":"Pressa per petto largo con carico su piastra della serie Evolve Prime"}]},{"@type":"WebSite","@id":"https:\/\/evolve-fitness.eu\/it\/#website","url":"https:\/\/evolve-fitness.eu\/it\/","name":"Evolve","description":"Your Evolved Gear Arrived","publisher":{"@id":"https:\/\/evolve-fitness.eu\/it\/#organization"},"potentialAction":[{"@type":"SearchAction","target":{"@type":"EntryPoint","urlTemplate":"https:\/\/evolve-fitness.eu\/it\/?s={search_term_string}"},"query-input":{"@type":"PropertyValueSpecification","valueRequired":true,"valueName":"search_term_string"}}],"inLanguage":"it-IT"},{"@type":"Organization","@id":"https:\/\/evolve-fitness.eu\/it\/#organization","name":"Evolve","url":"https:\/\/evolve-fitness.eu\/it\/","logo":{"@type":"ImageObject","inLanguage":"it-IT","@id":"https:\/\/evolve-fitness.eu\/it\/#\/schema\/logo\/image\/","url":"https:\/\/evolve-fitness.eu\/wp-content\/uploads\/2023\/05\/Evolve-logo.svg","contentUrl":"https:\/\/evolve-fitness.eu\/wp-content\/uploads\/2023\/05\/Evolve-logo.svg","width":176,"height":20,"caption":"Evolve"},"image":{"@id":"https:\/\/evolve-fitness.eu\/it\/#\/schema\/logo\/image\/"},"sameAs":["https:\/\/www.facebook.com\/EvolveFitnessEurope"]}]}},"_links":{"self":[{"href":"https:\/\/evolve-fitness.eu\/it\/wp-json\/wp\/v2\/product\/157153","targetHints":{"allow":["GET"]}}],"collection":[{"href":"https:\/\/evolve-fitness.eu\/it\/wp-json\/wp\/v2\/product"}],"about":[{"href":"https:\/\/evolve-fitness.eu\/it\/wp-json\/wp\/v2\/types\/product"}],"wp:featuredmedia":[{"embeddable":true,"href":"https:\/\/evolve-fitness.eu\/it\/wp-json\/wp\/v2\/media\/192418"}],"wp:attachment":[{"href":"https:\/\/evolve-fitness.eu\/it\/wp-json\/wp\/v2\/media?parent=157153"}],"wp:term":[{"taxonomy":"product_brand","embeddable":true,"href":"https:\/\/evolve-fitness.eu\/it\/wp-json\/wp\/v2\/product_brand?post=157153"},{"taxonomy":"product_cat","embeddable":true,"href":"https:\/\/evolve-fitness.eu\/it\/wp-json\/wp\/v2\/product_cat?post=157153"},{"taxonomy":"product_tag","embeddable":true,"href":"https:\/\/evolve-fitness.eu\/it\/wp-json\/wp\/v2\/product_tag?post=157153"}],"curies":[{"name":"wp","href":"https:\/\/api.w.org\/{rel}","templated":true}]}}