{"id":157189,"date":"2024-10-09T08:37:13","date_gmt":"2024-10-09T08:37:13","guid":{"rendered":"https:\/\/evolve-fitness.eu\/product\/evolve-prime-series-con-carico-su-piastra-per-chest-press-e-lat-pull-down-2\/"},"modified":"2025-02-12T11:22:16","modified_gmt":"2025-02-12T11:22:16","slug":"evolve-prime-series-con-carico-su-piastra-per-chest-press-e-lat-pull-down-2","status":"publish","type":"product","link":"https:\/\/evolve-fitness.eu\/it\/prodotto\/evolve-prime-series-con-carico-su-piastra-per-chest-press-e-lat-pull-down-2\/","title":{"rendered":"Evolve Prime Series con carico su piastra per Chest Press e Lat Pull Down"},"content":{"rendered":"\n<section class=\"wp-block-group alignfull has-lightgray-background-color has-background is-layout-constrained wp-block-group-is-layout-constrained\">\n<div class=\"wp-block-columns alignwide is-layout-flex wp-container-core-columns-is-layout-2edb0647 wp-block-columns-is-layout-flex\" style=\"margin-top:0;margin-bottom:0\">\n<div class=\"wp-block-column is-layout-flow wp-block-column-is-layout-flow\" style=\"flex-basis:33.33%\"><\/div>\n\n\n\n<div class=\"wp-block-column is-layout-flow wp-block-column-is-layout-flow\" style=\"flex-basis:66.66%\"><\/div>\n<\/div>\n<\/section>\n\n<section class=\"wp-block-group alignfull black-content has-white-color has-darkgray-background-color has-text-color has-background is-layout-constrained wp-block-group-is-layout-constrained\" style=\"padding-top:var(--wp--preset--spacing--section-bottom);padding-bottom:var(--wp--preset--spacing--section-bottom)\">\n<h3 class=\"wp-block-heading has-text-align-center\"><strong><strong>SERIE PRIME A PIASTRE EVOLUTE<\/strong><\/strong><\/h3>\n\n\n\n<p>Con le Evolve Plate Loaded Prime Series, l&#8217;eccellenza \u00e8 lo standard.\nEleva il tuo allenamento di forza con macchine progettate per il comfort, la durata e le prestazioni.\nEsplora l&#8217;intera linea oggi stesso e ridefinisci il tuo percorso di fitness.  <\/p>\n\n\n\n<section class=\"wp-block-group alignfull black-content has-white-color has-darkgray-background-color has-text-color has-background is-layout-constrained wp-block-group-is-layout-constrained\" style=\"padding-top:var(--wp--preset--spacing--section-bottom);padding-bottom:var(--wp--preset--spacing--section-bottom)\">\n<div class=\"wp-block-columns alignwide mobile-reverse is-layout-flex wp-container-core-columns-is-layout-ca64bf2d wp-block-columns-is-layout-flex\" style=\"margin-bottom:var(--wp--preset--spacing--side-padding)\">\n<div class=\"wp-block-column is-vertically-aligned-center is-layout-flow wp-block-column-is-layout-flow\">\n<h3 class=\"wp-block-heading\" style=\"margin-bottom:var(--wp--preset--spacing--h-3-bottom)\"><strong><strong><strong>Doppia funzionalit\u00e0 versatile<\/strong><\/strong><\/strong><\/h3>\n\n\n\n<p><strong><strong><strong><em>Per la forza della parte superiore del corpo<\/em><\/strong><\/strong><\/strong><\/p>\n\n\n\n<p style=\"margin-bottom:var(--wp--preset--spacing--tb-section-padding)\">L&#8217;Evolve Prime Series Plate Loaded Chest Press &amp; Lat Pull Down \u00e8 stato progettato per offrire un allenamento completo della parte superiore del corpo, combinando due movimenti essenziali in un&#8217;unica macchina. La pressa per i pettorali \u00e8 mirata ai muscoli pettorali, garantendo al contempo la sicurezza delle articolazioni grazie alla sua resistenza dolce e caricata su piastra, che pu\u00f2 essere regolata in base ai livelli di forza dell&#8217;utente. Nel frattempo, le trazioni lombari permettono di allenare la schiena in modo completo.  <\/p>\n\n\n\n<h3 class=\"wp-block-heading\" style=\"margin-bottom:var(--wp--preset--spacing--h-3-bottom)\"><strong><strong><strong><strong><strong>Ingegneria di precisione<\/strong><\/strong><\/strong><\/strong><\/strong><\/h3>\n\n\n\n<p><strong><strong><strong><strong><strong><em>Per un impegno muscolare ottimale<\/em><\/strong><\/strong><\/strong><\/strong><\/strong><\/p>\n\n\n\n<p>Costruito per soddisfare le esigenze dei professionisti e degli appassionati di fitness, l&#8217;Evolve Prime Series Chest Press &amp; Lat Pull Down \u00e8 dotato di impugnature ergonomiche e impostazioni regolabili. Questo garantisce una postura e un allineamento corretti, aiutando gli utenti a massimizzare l&#8217;attivazione muscolare e a ridurre al minimo lo sforzo sulle articolazioni. Il sistema a piastre consente un sovraccarico progressivo, fondamentale per sviluppare forza e definizione muscolare. Realizzata con materiali commerciali di alta qualit\u00e0, questa macchina garantisce stabilit\u00e0 e prestazioni di lunga durata, rendendola un valido investimento per chiunque voglia migliorare la propria routine di allenamento della forza nella parte superiore del corpo.   <\/p>\n<\/div>\n\n\n\n<div class=\"wp-block-column is-vertically-aligned-center is-layout-flow wp-block-column-is-layout-flow\">\n<figure class=\"wp-block-image size-full is-resized is-style-rounded\"><img loading=\"lazy\" decoding=\"async\" width=\"838\" height=\"839\" src=\"https:\/\/evolve-fitness.eu\/wp-content\/uploads\/2024\/10\/EV-PL-PR-011-Evolve-Prime-Series-Plate-Loaded-Chest-Press-Lat-Pull-Down.jpg\" alt=\"EV-PL-PR-011\" class=\"wp-image-157083\" style=\"width:643px;height:706px\" srcset=\"https:\/\/evolve-fitness.eu\/wp-content\/uploads\/2024\/10\/EV-PL-PR-011-Evolve-Prime-Series-Plate-Loaded-Chest-Press-Lat-Pull-Down.jpg 838w, https:\/\/evolve-fitness.eu\/wp-content\/uploads\/2024\/10\/EV-PL-PR-011-Evolve-Prime-Series-Plate-Loaded-Chest-Press-Lat-Pull-Down-300x300.jpg 300w, https:\/\/evolve-fitness.eu\/wp-content\/uploads\/2024\/10\/EV-PL-PR-011-Evolve-Prime-Series-Plate-Loaded-Chest-Press-Lat-Pull-Down-150x150.jpg 150w, https:\/\/evolve-fitness.eu\/wp-content\/uploads\/2024\/10\/EV-PL-PR-011-Evolve-Prime-Series-Plate-Loaded-Chest-Press-Lat-Pull-Down-768x769.jpg 768w, https:\/\/evolve-fitness.eu\/wp-content\/uploads\/2024\/10\/EV-PL-PR-011-Evolve-Prime-Series-Plate-Loaded-Chest-Press-Lat-Pull-Down-600x601.jpg 600w\" sizes=\"auto, (max-width: 838px) 100vw, 838px\" \/><\/figure>\n<\/div>\n<\/div>\n<\/section>\n<\/section>\n","protected":false},"excerpt":{"rendered":"<p>L&#8217;Evolve Prime Series Plate Loaded Chest Press &amp; Lat Pull Down \u00e8 una macchina a doppia funzione progettata per l&#8217;allenamento della forza della parte superiore del corpo. Combina una pressa per il petto per lo sviluppo dei muscoli pettorali e una lat pull down per i muscoli dorsali. L&#8217;attrezzo \u00e8 dotato di resistenza regolabile, impugnature ergonomiche e impostazioni per un corretto allineamento, per garantire un impegno muscolare ottimale e ridurre le sollecitazioni articolari. Costruita con materiali resistenti e di qualit\u00e0 commerciale, offre stabilit\u00e0 e longevit\u00e0 sia in casa che in palestra.   <\/p>\n","protected":false},"featured_media":181063,"template":"","meta":{"_acf_changed":false,"inline_featured_image":false},"product_brand":[],"product_cat":[4880,5198],"product_tag":[],"class_list":{"0":"post-157189","1":"product","2":"type-product","3":"status-publish","4":"has-post-thumbnail","6":"product_cat-macchine-a-piastre","7":"product_cat-prime-series-con-carico-a-piastra","9":"first","10":"instock","11":"shipping-taxable","12":"purchasable","13":"product-type-simple"},"acf":{"long_title":"Evolve Prime Series con carico su piastra per Chest Press e Lat Pull Down","subtitle":"","specifications":[{"label":"SKU","text_value":"EV-PL-PR-011","icon":"x"},{"label":"Lunghezza","text_value":"2150 mm","icon":"x"},{"label":"Larghezza","text_value":"1690 mm","icon":"x"},{"label":"Altezza","text_value":"2030 mm","icon":"x"},{"label":"Peso","text_value":"192 kg","icon":"v"},{"label":"Peso massimo dell'utente","text_value":"180 kg","icon":"v"},{"label":"Conservazione delle piastre di peso","text_value":"","icon":"v"},{"label":"Protezioni per pavimenti durevoli","text_value":"","icon":"v"},{"label":"Struttura in metallo","text_value":"","icon":"v"},{"label":"Personalizza i colori del telaio e del rivestimento","text_value":"","icon":"v"},{"label":"Imbottitura spessa","text_value":"","icon":"x"}]},"yoast_head":"<!-- This site is optimized with the Yoast SEO plugin v26.6 - https:\/\/yoast.com\/wordpress\/plugins\/seo\/ -->\n<title>Evolve Prime Series con carico su piastra per Chest Press e Lat Pull Down - Evolve<\/title>\n<meta name=\"robots\" content=\"index, follow, max-snippet:-1, max-image-preview:large, max-video-preview:-1\" \/>\n<link rel=\"canonical\" href=\"https:\/\/evolve-fitness.eu\/it\/prodotto\/evolve-prime-series-con-carico-su-piastra-per-chest-press-e-lat-pull-down-2\/\" \/>\n<meta property=\"og:locale\" content=\"it_IT\" \/>\n<meta property=\"og:type\" content=\"article\" \/>\n<meta property=\"og:title\" content=\"Evolve Prime Series con carico su piastra per Chest Press e Lat Pull Down - Evolve\" \/>\n<meta property=\"og:url\" content=\"https:\/\/evolve-fitness.eu\/it\/prodotto\/evolve-prime-series-con-carico-su-piastra-per-chest-press-e-lat-pull-down-2\/\" \/>\n<meta property=\"og:site_name\" content=\"Evolve\" \/>\n<meta property=\"article:publisher\" content=\"https:\/\/www.facebook.com\/EvolveFitnessEurope\" \/>\n<meta property=\"article:modified_time\" content=\"2025-02-12T11:22:16+00:00\" \/>\n<meta property=\"og:image\" content=\"https:\/\/evolve-fitness.eu\/wp-content\/uploads\/2024\/10\/Dizainas-be-pavadinimo-36-1024x1024.png\" \/>\n\t<meta property=\"og:image:width\" content=\"1024\" \/>\n\t<meta property=\"og:image:height\" content=\"1024\" \/>\n\t<meta property=\"og:image:type\" content=\"image\/png\" \/>\n<meta name=\"twitter:card\" content=\"summary_large_image\" \/>\n<script type=\"application\/ld+json\" class=\"yoast-schema-graph\">{\"@context\":\"https:\/\/schema.org\",\"@graph\":[{\"@type\":\"WebPage\",\"@id\":\"https:\/\/evolve-fitness.eu\/it\/prodotto\/evolve-prime-series-con-carico-su-piastra-per-chest-press-e-lat-pull-down-2\/\",\"url\":\"https:\/\/evolve-fitness.eu\/it\/prodotto\/evolve-prime-series-con-carico-su-piastra-per-chest-press-e-lat-pull-down-2\/\",\"name\":\"Evolve Prime Series con carico su piastra per Chest Press e Lat Pull Down - Evolve\",\"isPartOf\":{\"@id\":\"https:\/\/evolve-fitness.eu\/it\/#website\"},\"primaryImageOfPage\":{\"@id\":\"https:\/\/evolve-fitness.eu\/it\/prodotto\/evolve-prime-series-con-carico-su-piastra-per-chest-press-e-lat-pull-down-2\/#primaryimage\"},\"image\":{\"@id\":\"https:\/\/evolve-fitness.eu\/it\/prodotto\/evolve-prime-series-con-carico-su-piastra-per-chest-press-e-lat-pull-down-2\/#primaryimage\"},\"thumbnailUrl\":\"https:\/\/evolve-fitness.eu\/wp-content\/uploads\/2024\/10\/Dizainas-be-pavadinimo-36.png\",\"datePublished\":\"2024-10-09T08:37:13+00:00\",\"dateModified\":\"2025-02-12T11:22:16+00:00\",\"breadcrumb\":{\"@id\":\"https:\/\/evolve-fitness.eu\/it\/prodotto\/evolve-prime-series-con-carico-su-piastra-per-chest-press-e-lat-pull-down-2\/#breadcrumb\"},\"inLanguage\":\"it-IT\",\"potentialAction\":[{\"@type\":\"ReadAction\",\"target\":[\"https:\/\/evolve-fitness.eu\/it\/prodotto\/evolve-prime-series-con-carico-su-piastra-per-chest-press-e-lat-pull-down-2\/\"]}]},{\"@type\":\"ImageObject\",\"inLanguage\":\"it-IT\",\"@id\":\"https:\/\/evolve-fitness.eu\/it\/prodotto\/evolve-prime-series-con-carico-su-piastra-per-chest-press-e-lat-pull-down-2\/#primaryimage\",\"url\":\"https:\/\/evolve-fitness.eu\/wp-content\/uploads\/2024\/10\/Dizainas-be-pavadinimo-36.png\",\"contentUrl\":\"https:\/\/evolve-fitness.eu\/wp-content\/uploads\/2024\/10\/Dizainas-be-pavadinimo-36.png\",\"width\":3375,\"height\":3375},{\"@type\":\"BreadcrumbList\",\"@id\":\"https:\/\/evolve-fitness.eu\/it\/prodotto\/evolve-prime-series-con-carico-su-piastra-per-chest-press-e-lat-pull-down-2\/#breadcrumb\",\"itemListElement\":[{\"@type\":\"ListItem\",\"position\":1,\"name\":\"Home\",\"item\":\"https:\/\/evolve-fitness.eu\/it\/\"},{\"@type\":\"ListItem\",\"position\":2,\"name\":\"Prodotti\",\"item\":\"https:\/\/evolve-fitness.eu\/it\/shop\/\"},{\"@type\":\"ListItem\",\"position\":3,\"name\":\"Evolve Prime Series con carico su piastra per Chest Press e Lat Pull Down\"}]},{\"@type\":\"WebSite\",\"@id\":\"https:\/\/evolve-fitness.eu\/it\/#website\",\"url\":\"https:\/\/evolve-fitness.eu\/it\/\",\"name\":\"Evolve\",\"description\":\"Your Evolved Gear Arrived\",\"publisher\":{\"@id\":\"https:\/\/evolve-fitness.eu\/it\/#organization\"},\"potentialAction\":[{\"@type\":\"SearchAction\",\"target\":{\"@type\":\"EntryPoint\",\"urlTemplate\":\"https:\/\/evolve-fitness.eu\/it\/?s={search_term_string}\"},\"query-input\":{\"@type\":\"PropertyValueSpecification\",\"valueRequired\":true,\"valueName\":\"search_term_string\"}}],\"inLanguage\":\"it-IT\"},{\"@type\":\"Organization\",\"@id\":\"https:\/\/evolve-fitness.eu\/it\/#organization\",\"name\":\"Evolve\",\"url\":\"https:\/\/evolve-fitness.eu\/it\/\",\"logo\":{\"@type\":\"ImageObject\",\"inLanguage\":\"it-IT\",\"@id\":\"https:\/\/evolve-fitness.eu\/it\/#\/schema\/logo\/image\/\",\"url\":\"https:\/\/evolve-fitness.eu\/wp-content\/uploads\/2023\/05\/Evolve-logo.svg\",\"contentUrl\":\"https:\/\/evolve-fitness.eu\/wp-content\/uploads\/2023\/05\/Evolve-logo.svg\",\"width\":176,\"height\":20,\"caption\":\"Evolve\"},\"image\":{\"@id\":\"https:\/\/evolve-fitness.eu\/it\/#\/schema\/logo\/image\/\"},\"sameAs\":[\"https:\/\/www.facebook.com\/EvolveFitnessEurope\"]}]}<\/script>\n<!-- \/ Yoast SEO plugin. -->","yoast_head_json":{"title":"Evolve Prime Series con carico su piastra per Chest Press e Lat Pull Down - Evolve","robots":{"index":"index","follow":"follow","max-snippet":"max-snippet:-1","max-image-preview":"max-image-preview:large","max-video-preview":"max-video-preview:-1"},"canonical":"https:\/\/evolve-fitness.eu\/it\/prodotto\/evolve-prime-series-con-carico-su-piastra-per-chest-press-e-lat-pull-down-2\/","og_locale":"it_IT","og_type":"article","og_title":"Evolve Prime Series con carico su piastra per Chest Press e Lat Pull Down - Evolve","og_url":"https:\/\/evolve-fitness.eu\/it\/prodotto\/evolve-prime-series-con-carico-su-piastra-per-chest-press-e-lat-pull-down-2\/","og_site_name":"Evolve","article_publisher":"https:\/\/www.facebook.com\/EvolveFitnessEurope","article_modified_time":"2025-02-12T11:22:16+00:00","og_image":[{"width":1024,"height":1024,"url":"https:\/\/evolve-fitness.eu\/wp-content\/uploads\/2024\/10\/Dizainas-be-pavadinimo-36-1024x1024.png","type":"image\/png"}],"twitter_card":"summary_large_image","schema":{"@context":"https:\/\/schema.org","@graph":[{"@type":"WebPage","@id":"https:\/\/evolve-fitness.eu\/it\/prodotto\/evolve-prime-series-con-carico-su-piastra-per-chest-press-e-lat-pull-down-2\/","url":"https:\/\/evolve-fitness.eu\/it\/prodotto\/evolve-prime-series-con-carico-su-piastra-per-chest-press-e-lat-pull-down-2\/","name":"Evolve Prime Series con carico su piastra per Chest Press e Lat Pull Down - Evolve","isPartOf":{"@id":"https:\/\/evolve-fitness.eu\/it\/#website"},"primaryImageOfPage":{"@id":"https:\/\/evolve-fitness.eu\/it\/prodotto\/evolve-prime-series-con-carico-su-piastra-per-chest-press-e-lat-pull-down-2\/#primaryimage"},"image":{"@id":"https:\/\/evolve-fitness.eu\/it\/prodotto\/evolve-prime-series-con-carico-su-piastra-per-chest-press-e-lat-pull-down-2\/#primaryimage"},"thumbnailUrl":"https:\/\/evolve-fitness.eu\/wp-content\/uploads\/2024\/10\/Dizainas-be-pavadinimo-36.png","datePublished":"2024-10-09T08:37:13+00:00","dateModified":"2025-02-12T11:22:16+00:00","breadcrumb":{"@id":"https:\/\/evolve-fitness.eu\/it\/prodotto\/evolve-prime-series-con-carico-su-piastra-per-chest-press-e-lat-pull-down-2\/#breadcrumb"},"inLanguage":"it-IT","potentialAction":[{"@type":"ReadAction","target":["https:\/\/evolve-fitness.eu\/it\/prodotto\/evolve-prime-series-con-carico-su-piastra-per-chest-press-e-lat-pull-down-2\/"]}]},{"@type":"ImageObject","inLanguage":"it-IT","@id":"https:\/\/evolve-fitness.eu\/it\/prodotto\/evolve-prime-series-con-carico-su-piastra-per-chest-press-e-lat-pull-down-2\/#primaryimage","url":"https:\/\/evolve-fitness.eu\/wp-content\/uploads\/2024\/10\/Dizainas-be-pavadinimo-36.png","contentUrl":"https:\/\/evolve-fitness.eu\/wp-content\/uploads\/2024\/10\/Dizainas-be-pavadinimo-36.png","width":3375,"height":3375},{"@type":"BreadcrumbList","@id":"https:\/\/evolve-fitness.eu\/it\/prodotto\/evolve-prime-series-con-carico-su-piastra-per-chest-press-e-lat-pull-down-2\/#breadcrumb","itemListElement":[{"@type":"ListItem","position":1,"name":"Home","item":"https:\/\/evolve-fitness.eu\/it\/"},{"@type":"ListItem","position":2,"name":"Prodotti","item":"https:\/\/evolve-fitness.eu\/it\/shop\/"},{"@type":"ListItem","position":3,"name":"Evolve Prime Series con carico su piastra per Chest Press e Lat Pull Down"}]},{"@type":"WebSite","@id":"https:\/\/evolve-fitness.eu\/it\/#website","url":"https:\/\/evolve-fitness.eu\/it\/","name":"Evolve","description":"Your Evolved Gear Arrived","publisher":{"@id":"https:\/\/evolve-fitness.eu\/it\/#organization"},"potentialAction":[{"@type":"SearchAction","target":{"@type":"EntryPoint","urlTemplate":"https:\/\/evolve-fitness.eu\/it\/?s={search_term_string}"},"query-input":{"@type":"PropertyValueSpecification","valueRequired":true,"valueName":"search_term_string"}}],"inLanguage":"it-IT"},{"@type":"Organization","@id":"https:\/\/evolve-fitness.eu\/it\/#organization","name":"Evolve","url":"https:\/\/evolve-fitness.eu\/it\/","logo":{"@type":"ImageObject","inLanguage":"it-IT","@id":"https:\/\/evolve-fitness.eu\/it\/#\/schema\/logo\/image\/","url":"https:\/\/evolve-fitness.eu\/wp-content\/uploads\/2023\/05\/Evolve-logo.svg","contentUrl":"https:\/\/evolve-fitness.eu\/wp-content\/uploads\/2023\/05\/Evolve-logo.svg","width":176,"height":20,"caption":"Evolve"},"image":{"@id":"https:\/\/evolve-fitness.eu\/it\/#\/schema\/logo\/image\/"},"sameAs":["https:\/\/www.facebook.com\/EvolveFitnessEurope"]}]}},"_links":{"self":[{"href":"https:\/\/evolve-fitness.eu\/it\/wp-json\/wp\/v2\/product\/157189","targetHints":{"allow":["GET"]}}],"collection":[{"href":"https:\/\/evolve-fitness.eu\/it\/wp-json\/wp\/v2\/product"}],"about":[{"href":"https:\/\/evolve-fitness.eu\/it\/wp-json\/wp\/v2\/types\/product"}],"wp:featuredmedia":[{"embeddable":true,"href":"https:\/\/evolve-fitness.eu\/it\/wp-json\/wp\/v2\/media\/181063"}],"wp:attachment":[{"href":"https:\/\/evolve-fitness.eu\/it\/wp-json\/wp\/v2\/media?parent=157189"}],"wp:term":[{"taxonomy":"product_brand","embeddable":true,"href":"https:\/\/evolve-fitness.eu\/it\/wp-json\/wp\/v2\/product_brand?post=157189"},{"taxonomy":"product_cat","embeddable":true,"href":"https:\/\/evolve-fitness.eu\/it\/wp-json\/wp\/v2\/product_cat?post=157189"},{"taxonomy":"product_tag","embeddable":true,"href":"https:\/\/evolve-fitness.eu\/it\/wp-json\/wp\/v2\/product_tag?post=157189"}],"curies":[{"name":"wp","href":"https:\/\/api.w.org\/{rel}","templated":true}]}}