{"id":169344,"date":"2024-12-13T18:31:59","date_gmt":"2024-12-13T18:31:59","guid":{"rendered":"https:\/\/evolve-fitness.eu\/product\/tappeto-erboso-artificiale-evolve\/"},"modified":"2025-01-21T14:41:46","modified_gmt":"2025-01-21T14:41:46","slug":"tappeto-erboso-artificiale-evolve","status":"publish","type":"product","link":"https:\/\/evolve-fitness.eu\/it\/prodotto\/tappeto-erboso-artificiale-evolve\/","title":{"rendered":"Tappeto erboso artificiale Evolve"},"content":{"rendered":"\n<section class=\"wp-block-group alignfull has-lightgray-background-color has-background is-layout-constrained wp-block-group-is-layout-constrained\">\n<div class=\"wp-block-columns alignwide is-layout-flex wp-container-core-columns-is-layout-2edb0647 wp-block-columns-is-layout-flex\" style=\"margin-top:0;margin-bottom:0\">\n<div class=\"wp-block-column is-layout-flow wp-block-column-is-layout-flow\" style=\"flex-basis:33.33%\"><\/div>\n\n\n\n<div class=\"wp-block-column is-layout-flow wp-block-column-is-layout-flow\" style=\"flex-basis:66.66%\"><\/div>\n<\/div>\n<\/section>\n\n<section class=\"wp-block-group alignfull black-content has-white-color has-darkgray-background-color has-text-color has-background is-layout-constrained wp-block-group-is-layout-constrained\" style=\"padding-top:var(--wp--preset--spacing--section-bottom);padding-bottom:var(--wp--preset--spacing--section-bottom)\">\n<div class=\"wp-block-columns alignwide is-layout-flex wp-container-core-columns-is-layout-c45ee707 wp-block-columns-is-layout-flex\" style=\"margin-bottom:var(--wp--preset--spacing--side-padding);padding-top:var(--wp--preset--spacing--side-padding)\">\n<div class=\"wp-block-column is-vertically-aligned-center is-layout-flow wp-block-column-is-layout-flow\">\n<h3 class=\"wp-block-heading\"><strong>Tappeto erboso artificiale versatile per uso interno ed esterno<\/strong><\/h3>\n\n\n\n<p><strong><em><strong><em>Durata e prestazioni per ogni spazio fitness<\/em><\/strong><\/em><\/strong><\/p>\n\n\n\n<p style=\"margin-bottom:var(--wp--preset--spacing--tb-section-padding)\">Il tappeto erboso artificiale Evolve \u00e8 la soluzione ideale per creare zone di allenamento versatili, sia all&#8217;interno che all&#8217;esterno. Progettato per garantire durata e funzionalit\u00e0, questo tappeto erboso offre una superficie antiscivolo e ammortizzata che supporta allenamenti ad alta intensit\u00e0, spinte con la slitta ed esercizi di agilit\u00e0. Il suo design a bassa manutenzione resiste all&#8217;usura, mentre la texture naturale simile all&#8217;erba offre una sensazione autentica agli appassionati di sport e fitness. Perfetta per palestre, strutture di allenamento o spazi all&#8217;aperto, l&#8217;erba artificiale Evolve garantisce prestazioni, comfort e affidabilit\u00e0 per ogni allenamento.   <\/p>\n\n\n\n<h3 class=\"wp-block-heading\"><strong>Superficie di allenamento personalizzabile e confortevole<\/strong><\/h3>\n\n\n\n<p><strong><em><strong><em>Design personalizzato con comfort e stile migliorati<\/em><\/strong><\/em><\/strong><\/p>\n\n\n\n<p style=\"margin-bottom:var(--wp--preset--spacing--tb-section-padding)\">Il tappeto erboso artificiale Evolve combina funzionalit\u00e0 ed estetica, offrendo opzioni di personalizzazione complete, tra cui loghi, linee e numeri, per creare una superficie di allenamento su misura per te. Con uno strato di gomma di 15 mm, questo tappeto erboso offre un&#8217;ammortizzazione superiore e una sensazione di maggiore comfort per il piede, riducendo l&#8217;affaticamento durante le sessioni di allenamento pi\u00f9 intense. Al di l\u00e0 delle prestazioni, i bellissimi disegni rendono il tappeto erboso un elemento decorativo, migliorando l&#8217;aspetto estetico di qualsiasi palestra o studio personale.  <\/p>\n<\/div>\n\n\n\n<div class=\"wp-block-column is-vertically-aligned-center is-layout-flow wp-block-column-is-layout-flow\">\n<figure class=\"wp-block-image size-full\"><img loading=\"lazy\" decoding=\"async\" width=\"724\" height=\"952\" src=\"https:\/\/evolve-fitness.eu\/wp-content\/uploads\/2024\/12\/turf.jpg\" alt=\"EV-AT-CS-20\" class=\"wp-image-171269\" srcset=\"https:\/\/evolve-fitness.eu\/wp-content\/uploads\/2024\/12\/turf.jpg 724w, https:\/\/evolve-fitness.eu\/wp-content\/uploads\/2024\/12\/turf-228x300.jpg 228w, https:\/\/evolve-fitness.eu\/wp-content\/uploads\/2024\/12\/turf-114x150.jpg 114w, https:\/\/evolve-fitness.eu\/wp-content\/uploads\/2024\/12\/turf-300x394.jpg 300w, https:\/\/evolve-fitness.eu\/wp-content\/uploads\/2024\/12\/turf-600x789.jpg 600w\" sizes=\"auto, (max-width: 724px) 100vw, 724px\" \/><\/figure>\n<\/div>\n<\/div>\n<\/section>\n","protected":false},"excerpt":{"rendered":"<p>Trasforma la tua palestra o la tua area di allenamento con il tappeto erboso artificiale Evolve, la soluzione perfetta per creare una superficie di allenamento durevole, funzionale e di grande impatto visivo. Progettato per resistere ad allenamenti intensi e ad un traffico elevato, questo tappeto erboso di prima qualit\u00e0 offre un&#8217;eccellente trazione, ammortizzazione e versatilit\u00e0 per un&#8217;ampia gamma di esercizi. Che si tratti di una pista di sprint, di una zona di spinta per la slitta o di un&#8217;area fitness multifunzionale, il tappeto erboso artificiale Evolve \u00e8 progettato per migliorare le prestazioni e l&#8217;estetica.  <\/p>\n","protected":false},"featured_media":169310,"template":"","meta":{"_acf_changed":false,"inline_featured_image":false},"product_brand":[],"product_cat":[2573,5251],"product_tag":[],"class_list":{"0":"post-169344","1":"product","2":"type-product","3":"status-publish","4":"has-post-thumbnail","6":"product_cat-piattaforme-e-pavimenti","7":"product_cat-pavimenti","9":"first","10":"instock","11":"shipping-taxable","12":"purchasable","13":"product-type-simple"},"acf":{"long_title":"Tappeto erboso artificiale Evolve","subtitle":"","specifications":[{"label":"SKU","text_value":"EV-AT-CS-20","icon":"x"},{"label":"Altezza del palo","text_value":"5 mm","icon":"x"},{"label":"Strato di gomma","text_value":"15 mm","icon":"x"},{"label":"Personalizzabile","text_value":"colore, linee, numeri","icon":"x"},{"label":"Filato","text_value":"Ampio PE arricciato","icon":"x"},{"label":"Titolo del filato","text_value":"8000Dtex","icon":"x"},{"label":"Calibro","text_value":"3\/16 di pollice","icon":"x"},{"label":"Velocit\u00e0 di cucitura","text_value":"250 punti\/m","icon":"x"},{"label":"Densit\u00e0","text_value":"52500 ciuffi\/mq","icon":"x"},{"label":"Backing","text_value":"PP+Net+SPU","icon":"x"}]},"yoast_head":"<!-- This site is optimized with the Yoast SEO plugin v26.6 - https:\/\/yoast.com\/wordpress\/plugins\/seo\/ -->\n<title>Tappeto erboso artificiale Evolve - Evolve<\/title>\n<meta name=\"robots\" content=\"index, follow, max-snippet:-1, max-image-preview:large, max-video-preview:-1\" \/>\n<link rel=\"canonical\" href=\"https:\/\/evolve-fitness.eu\/it\/prodotto\/tappeto-erboso-artificiale-evolve\/\" \/>\n<meta property=\"og:locale\" content=\"it_IT\" \/>\n<meta property=\"og:type\" content=\"article\" \/>\n<meta property=\"og:title\" content=\"Tappeto erboso artificiale Evolve - Evolve\" \/>\n<meta property=\"og:url\" content=\"https:\/\/evolve-fitness.eu\/it\/prodotto\/tappeto-erboso-artificiale-evolve\/\" \/>\n<meta property=\"og:site_name\" content=\"Evolve\" \/>\n<meta property=\"article:publisher\" content=\"https:\/\/www.facebook.com\/EvolveFitnessEurope\" \/>\n<meta property=\"article:modified_time\" content=\"2025-01-21T14:41:46+00:00\" \/>\n<meta property=\"og:image\" content=\"https:\/\/evolve-fitness.eu\/wp-content\/uploads\/2024\/12\/Artificial-Turf-png-1024x683.png\" \/>\n\t<meta property=\"og:image:width\" content=\"1024\" \/>\n\t<meta property=\"og:image:height\" content=\"683\" \/>\n\t<meta property=\"og:image:type\" content=\"image\/png\" \/>\n<meta name=\"twitter:card\" content=\"summary_large_image\" \/>\n<script type=\"application\/ld+json\" class=\"yoast-schema-graph\">{\"@context\":\"https:\/\/schema.org\",\"@graph\":[{\"@type\":\"WebPage\",\"@id\":\"https:\/\/evolve-fitness.eu\/it\/prodotto\/tappeto-erboso-artificiale-evolve\/\",\"url\":\"https:\/\/evolve-fitness.eu\/it\/prodotto\/tappeto-erboso-artificiale-evolve\/\",\"name\":\"Tappeto erboso artificiale Evolve - Evolve\",\"isPartOf\":{\"@id\":\"https:\/\/evolve-fitness.eu\/it\/#website\"},\"primaryImageOfPage\":{\"@id\":\"https:\/\/evolve-fitness.eu\/it\/prodotto\/tappeto-erboso-artificiale-evolve\/#primaryimage\"},\"image\":{\"@id\":\"https:\/\/evolve-fitness.eu\/it\/prodotto\/tappeto-erboso-artificiale-evolve\/#primaryimage\"},\"thumbnailUrl\":\"https:\/\/evolve-fitness.eu\/wp-content\/uploads\/2024\/12\/Artificial-Turf-png.png\",\"datePublished\":\"2024-12-13T18:31:59+00:00\",\"dateModified\":\"2025-01-21T14:41:46+00:00\",\"breadcrumb\":{\"@id\":\"https:\/\/evolve-fitness.eu\/it\/prodotto\/tappeto-erboso-artificiale-evolve\/#breadcrumb\"},\"inLanguage\":\"it-IT\",\"potentialAction\":[{\"@type\":\"ReadAction\",\"target\":[\"https:\/\/evolve-fitness.eu\/it\/prodotto\/tappeto-erboso-artificiale-evolve\/\"]}]},{\"@type\":\"ImageObject\",\"inLanguage\":\"it-IT\",\"@id\":\"https:\/\/evolve-fitness.eu\/it\/prodotto\/tappeto-erboso-artificiale-evolve\/#primaryimage\",\"url\":\"https:\/\/evolve-fitness.eu\/wp-content\/uploads\/2024\/12\/Artificial-Turf-png.png\",\"contentUrl\":\"https:\/\/evolve-fitness.eu\/wp-content\/uploads\/2024\/12\/Artificial-Turf-png.png\",\"width\":2060,\"height\":1373,\"caption\":\"EV-AT-CS-20\"},{\"@type\":\"BreadcrumbList\",\"@id\":\"https:\/\/evolve-fitness.eu\/it\/prodotto\/tappeto-erboso-artificiale-evolve\/#breadcrumb\",\"itemListElement\":[{\"@type\":\"ListItem\",\"position\":1,\"name\":\"Home\",\"item\":\"https:\/\/evolve-fitness.eu\/it\/\"},{\"@type\":\"ListItem\",\"position\":2,\"name\":\"Prodotti\",\"item\":\"https:\/\/evolve-fitness.eu\/it\/shop\/\"},{\"@type\":\"ListItem\",\"position\":3,\"name\":\"Tappeto erboso artificiale Evolve\"}]},{\"@type\":\"WebSite\",\"@id\":\"https:\/\/evolve-fitness.eu\/it\/#website\",\"url\":\"https:\/\/evolve-fitness.eu\/it\/\",\"name\":\"Evolve\",\"description\":\"Your Evolved Gear Arrived\",\"publisher\":{\"@id\":\"https:\/\/evolve-fitness.eu\/it\/#organization\"},\"potentialAction\":[{\"@type\":\"SearchAction\",\"target\":{\"@type\":\"EntryPoint\",\"urlTemplate\":\"https:\/\/evolve-fitness.eu\/it\/?s={search_term_string}\"},\"query-input\":{\"@type\":\"PropertyValueSpecification\",\"valueRequired\":true,\"valueName\":\"search_term_string\"}}],\"inLanguage\":\"it-IT\"},{\"@type\":\"Organization\",\"@id\":\"https:\/\/evolve-fitness.eu\/it\/#organization\",\"name\":\"Evolve\",\"url\":\"https:\/\/evolve-fitness.eu\/it\/\",\"logo\":{\"@type\":\"ImageObject\",\"inLanguage\":\"it-IT\",\"@id\":\"https:\/\/evolve-fitness.eu\/it\/#\/schema\/logo\/image\/\",\"url\":\"https:\/\/evolve-fitness.eu\/wp-content\/uploads\/2023\/05\/Evolve-logo.svg\",\"contentUrl\":\"https:\/\/evolve-fitness.eu\/wp-content\/uploads\/2023\/05\/Evolve-logo.svg\",\"width\":176,\"height\":20,\"caption\":\"Evolve\"},\"image\":{\"@id\":\"https:\/\/evolve-fitness.eu\/it\/#\/schema\/logo\/image\/\"},\"sameAs\":[\"https:\/\/www.facebook.com\/EvolveFitnessEurope\"]}]}<\/script>\n<!-- \/ Yoast SEO plugin. -->","yoast_head_json":{"title":"Tappeto erboso artificiale Evolve - Evolve","robots":{"index":"index","follow":"follow","max-snippet":"max-snippet:-1","max-image-preview":"max-image-preview:large","max-video-preview":"max-video-preview:-1"},"canonical":"https:\/\/evolve-fitness.eu\/it\/prodotto\/tappeto-erboso-artificiale-evolve\/","og_locale":"it_IT","og_type":"article","og_title":"Tappeto erboso artificiale Evolve - Evolve","og_url":"https:\/\/evolve-fitness.eu\/it\/prodotto\/tappeto-erboso-artificiale-evolve\/","og_site_name":"Evolve","article_publisher":"https:\/\/www.facebook.com\/EvolveFitnessEurope","article_modified_time":"2025-01-21T14:41:46+00:00","og_image":[{"width":1024,"height":683,"url":"https:\/\/evolve-fitness.eu\/wp-content\/uploads\/2024\/12\/Artificial-Turf-png-1024x683.png","type":"image\/png"}],"twitter_card":"summary_large_image","schema":{"@context":"https:\/\/schema.org","@graph":[{"@type":"WebPage","@id":"https:\/\/evolve-fitness.eu\/it\/prodotto\/tappeto-erboso-artificiale-evolve\/","url":"https:\/\/evolve-fitness.eu\/it\/prodotto\/tappeto-erboso-artificiale-evolve\/","name":"Tappeto erboso artificiale Evolve - Evolve","isPartOf":{"@id":"https:\/\/evolve-fitness.eu\/it\/#website"},"primaryImageOfPage":{"@id":"https:\/\/evolve-fitness.eu\/it\/prodotto\/tappeto-erboso-artificiale-evolve\/#primaryimage"},"image":{"@id":"https:\/\/evolve-fitness.eu\/it\/prodotto\/tappeto-erboso-artificiale-evolve\/#primaryimage"},"thumbnailUrl":"https:\/\/evolve-fitness.eu\/wp-content\/uploads\/2024\/12\/Artificial-Turf-png.png","datePublished":"2024-12-13T18:31:59+00:00","dateModified":"2025-01-21T14:41:46+00:00","breadcrumb":{"@id":"https:\/\/evolve-fitness.eu\/it\/prodotto\/tappeto-erboso-artificiale-evolve\/#breadcrumb"},"inLanguage":"it-IT","potentialAction":[{"@type":"ReadAction","target":["https:\/\/evolve-fitness.eu\/it\/prodotto\/tappeto-erboso-artificiale-evolve\/"]}]},{"@type":"ImageObject","inLanguage":"it-IT","@id":"https:\/\/evolve-fitness.eu\/it\/prodotto\/tappeto-erboso-artificiale-evolve\/#primaryimage","url":"https:\/\/evolve-fitness.eu\/wp-content\/uploads\/2024\/12\/Artificial-Turf-png.png","contentUrl":"https:\/\/evolve-fitness.eu\/wp-content\/uploads\/2024\/12\/Artificial-Turf-png.png","width":2060,"height":1373,"caption":"EV-AT-CS-20"},{"@type":"BreadcrumbList","@id":"https:\/\/evolve-fitness.eu\/it\/prodotto\/tappeto-erboso-artificiale-evolve\/#breadcrumb","itemListElement":[{"@type":"ListItem","position":1,"name":"Home","item":"https:\/\/evolve-fitness.eu\/it\/"},{"@type":"ListItem","position":2,"name":"Prodotti","item":"https:\/\/evolve-fitness.eu\/it\/shop\/"},{"@type":"ListItem","position":3,"name":"Tappeto erboso artificiale Evolve"}]},{"@type":"WebSite","@id":"https:\/\/evolve-fitness.eu\/it\/#website","url":"https:\/\/evolve-fitness.eu\/it\/","name":"Evolve","description":"Your Evolved Gear Arrived","publisher":{"@id":"https:\/\/evolve-fitness.eu\/it\/#organization"},"potentialAction":[{"@type":"SearchAction","target":{"@type":"EntryPoint","urlTemplate":"https:\/\/evolve-fitness.eu\/it\/?s={search_term_string}"},"query-input":{"@type":"PropertyValueSpecification","valueRequired":true,"valueName":"search_term_string"}}],"inLanguage":"it-IT"},{"@type":"Organization","@id":"https:\/\/evolve-fitness.eu\/it\/#organization","name":"Evolve","url":"https:\/\/evolve-fitness.eu\/it\/","logo":{"@type":"ImageObject","inLanguage":"it-IT","@id":"https:\/\/evolve-fitness.eu\/it\/#\/schema\/logo\/image\/","url":"https:\/\/evolve-fitness.eu\/wp-content\/uploads\/2023\/05\/Evolve-logo.svg","contentUrl":"https:\/\/evolve-fitness.eu\/wp-content\/uploads\/2023\/05\/Evolve-logo.svg","width":176,"height":20,"caption":"Evolve"},"image":{"@id":"https:\/\/evolve-fitness.eu\/it\/#\/schema\/logo\/image\/"},"sameAs":["https:\/\/www.facebook.com\/EvolveFitnessEurope"]}]}},"_links":{"self":[{"href":"https:\/\/evolve-fitness.eu\/it\/wp-json\/wp\/v2\/product\/169344","targetHints":{"allow":["GET"]}}],"collection":[{"href":"https:\/\/evolve-fitness.eu\/it\/wp-json\/wp\/v2\/product"}],"about":[{"href":"https:\/\/evolve-fitness.eu\/it\/wp-json\/wp\/v2\/types\/product"}],"wp:featuredmedia":[{"embeddable":true,"href":"https:\/\/evolve-fitness.eu\/it\/wp-json\/wp\/v2\/media\/169310"}],"wp:attachment":[{"href":"https:\/\/evolve-fitness.eu\/it\/wp-json\/wp\/v2\/media?parent=169344"}],"wp:term":[{"taxonomy":"product_brand","embeddable":true,"href":"https:\/\/evolve-fitness.eu\/it\/wp-json\/wp\/v2\/product_brand?post=169344"},{"taxonomy":"product_cat","embeddable":true,"href":"https:\/\/evolve-fitness.eu\/it\/wp-json\/wp\/v2\/product_cat?post=169344"},{"taxonomy":"product_tag","embeddable":true,"href":"https:\/\/evolve-fitness.eu\/it\/wp-json\/wp\/v2\/product_tag?post=169344"}],"curies":[{"name":"wp","href":"https:\/\/api.w.org\/{rel}","templated":true}]}}