{"id":176390,"date":"2025-01-28T13:48:52","date_gmt":"2025-01-28T13:48:52","guid":{"rendered":"https:\/\/evolve-fitness.eu\/product\/sacco-da-boxe-in-pelle-artificiale-evolve-100-cm-180-cm\/"},"modified":"2025-02-06T14:11:46","modified_gmt":"2025-02-06T14:11:46","slug":"sacco-da-boxe-in-pelle-artificiale-evolve-100-cm-180-cm","status":"publish","type":"product","link":"https:\/\/evolve-fitness.eu\/it\/prodotto\/sacco-da-boxe-in-pelle-artificiale-evolve-100-cm-180-cm\/","title":{"rendered":"Sacco da boxe in pelle artificiale Evolve 100 CM \/ 180 CM"},"content":{"rendered":"\n<section class=\"wp-block-group alignfull black-content has-white-color has-darkgray-background-color has-text-color has-background is-layout-constrained wp-block-group-is-layout-constrained\" style=\"padding-top:var(--wp--preset--spacing--section-bottom);padding-bottom:var(--wp--preset--spacing--section-bottom)\">\n<div class=\"wp-block-columns alignwide mobile-reverse is-layout-flex wp-container-core-columns-is-layout-ca64bf2d wp-block-columns-is-layout-flex\" style=\"margin-bottom:var(--wp--preset--spacing--side-padding)\">\n<div class=\"wp-block-column is-vertically-aligned-center is-layout-flow wp-block-column-is-layout-flow\">\n<h3 class=\"wp-block-heading\" style=\"margin-bottom:var(--wp--preset--spacing--h-3-bottom)\"><strong><strong>Costruzione Premium<\/strong><\/strong><\/h3>\n\n\n\n<p style=\"margin-bottom:var(--wp--preset--spacing--tb-section-padding)\">Lo strato interno \u00e8 realizzato in tela intrecciata rivestita in PVC, mentre lo strato esterno \u00e8 in pelle artificiale ultra-spessa per una maggiore durata. Il sacco da boxe ha una <strong>parete multistrato ed estremamente spessa<\/strong> che lo rende liscio e resistente alla deformazione anche dopo un uso prolungato. Tutte le cuciture sono realizzate <strong>pi\u00f9 volte<\/strong> per evitare strappi e garantire prestazioni durature.  <\/p>\n<\/div>\n\n\n\n<div class=\"wp-block-column is-vertically-aligned-center is-layout-flow wp-block-column-is-layout-flow\">\n<figure class=\"wp-block-image size-large\"><img loading=\"lazy\" decoding=\"async\" width=\"1024\" height=\"728\" src=\"https:\/\/evolve-fitness.eu\/wp-content\/uploads\/2025\/01\/IMG_5850-1024x728.png\" alt=\"\" class=\"wp-image-176736\" srcset=\"https:\/\/evolve-fitness.eu\/wp-content\/uploads\/2025\/01\/IMG_5850-1024x728.png 1024w, https:\/\/evolve-fitness.eu\/wp-content\/uploads\/2025\/01\/IMG_5850-300x213.png 300w, https:\/\/evolve-fitness.eu\/wp-content\/uploads\/2025\/01\/IMG_5850-150x107.png 150w, https:\/\/evolve-fitness.eu\/wp-content\/uploads\/2025\/01\/IMG_5850-768x546.png 768w, https:\/\/evolve-fitness.eu\/wp-content\/uploads\/2025\/01\/IMG_5850-1536x1092.png 1536w, https:\/\/evolve-fitness.eu\/wp-content\/uploads\/2025\/01\/IMG_5850-2048x1455.png 2048w, https:\/\/evolve-fitness.eu\/wp-content\/uploads\/2025\/01\/IMG_5850-600x426.png 600w, https:\/\/evolve-fitness.eu\/wp-content\/uploads\/2025\/01\/IMG_5850-211x150.png 211w\" sizes=\"auto, (max-width: 1024px) 100vw, 1024px\" \/><\/figure>\n<\/div>\n<\/div>\n\n\n\n<div class=\"wp-block-columns alignwide is-layout-flex wp-container-core-columns-is-layout-c45ee707 wp-block-columns-is-layout-flex\" style=\"margin-bottom:var(--wp--preset--spacing--side-padding);padding-top:var(--wp--preset--spacing--side-padding)\">\n<div class=\"wp-block-column is-vertically-aligned-center is-layout-flow wp-block-column-is-layout-flow\">\n<figure class=\"wp-block-image size-large\"><img loading=\"lazy\" decoding=\"async\" width=\"1024\" height=\"684\" src=\"https:\/\/evolve-fitness.eu\/wp-content\/uploads\/2025\/01\/SaveClip.App_474237713_18386456146128446_2497216198967624731_n-1024x684.jpg\" alt=\"\" class=\"wp-image-176761\" srcset=\"https:\/\/evolve-fitness.eu\/wp-content\/uploads\/2025\/01\/SaveClip.App_474237713_18386456146128446_2497216198967624731_n-1024x684.jpg 1024w, https:\/\/evolve-fitness.eu\/wp-content\/uploads\/2025\/01\/SaveClip.App_474237713_18386456146128446_2497216198967624731_n-300x200.jpg 300w, https:\/\/evolve-fitness.eu\/wp-content\/uploads\/2025\/01\/SaveClip.App_474237713_18386456146128446_2497216198967624731_n-150x100.jpg 150w, https:\/\/evolve-fitness.eu\/wp-content\/uploads\/2025\/01\/SaveClip.App_474237713_18386456146128446_2497216198967624731_n-768x513.jpg 768w, https:\/\/evolve-fitness.eu\/wp-content\/uploads\/2025\/01\/SaveClip.App_474237713_18386456146128446_2497216198967624731_n-600x401.jpg 600w, https:\/\/evolve-fitness.eu\/wp-content\/uploads\/2025\/01\/SaveClip.App_474237713_18386456146128446_2497216198967624731_n-225x150.jpg 225w, https:\/\/evolve-fitness.eu\/wp-content\/uploads\/2025\/01\/SaveClip.App_474237713_18386456146128446_2497216198967624731_n.jpg 1080w\" sizes=\"auto, (max-width: 1024px) 100vw, 1024px\" \/><\/figure>\n<\/div>\n\n\n\n<div class=\"wp-block-column is-vertically-aligned-center is-layout-flow wp-block-column-is-layout-flow\">\n<h3 class=\"wp-block-heading\" style=\"margin-bottom:var(--wp--preset--spacing--h-3-bottom)\"><strong>Opzione marchio personalizzato<\/strong><\/h3>\n\n\n\n<p>Personalizza il sacco da boxe con il <strong>logo della tua palestra<\/strong> per un look professionale e di marca. <strong>Taglie disponibili:<\/strong> 100 CM \/ 180 CM &#8211; adatto a diverse esigenze di allenamento, dai principianti agli atleti professionisti.  <\/p>\n\n\n\n<p>Perfetto per la <strong>boxe, la kickboxing, le MMA e gli allenamenti di fitness in generale<\/strong>, questo sacco da boxe offre una superficie consistente e affidabile per allenare la potenza e la resistenza dei colpi.<\/p>\n<\/div>\n<\/div>\n<\/section>\n","protected":false},"excerpt":{"rendered":"<p>Lo strato interno del sacco \u00e8 realizzato in tela tessuta rivestita in PVC, mentre lo strato esterno \u00e8 in pelle artificiale molto spessa. Questo crea una parete molto spessa, per cui il sacco da boxe manterr\u00e0 sempre un aspetto liscio anche dopo un uso molto prolungato. Ci sono quattro cinghie extra rinforzate con anelli laterali per appendere il sacco da boxe. Tutte le cuciture del sacco da boxe sono cucite pi\u00f9 volte per evitare strappi.   <\/p>\n","protected":false},"featured_media":176065,"template":"","meta":{"_acf_changed":false,"inline_featured_image":false},"product_brand":[],"product_cat":[5263,2871],"product_tag":[],"class_list":{"0":"post-176390","1":"product","2":"type-product","3":"status-publish","4":"has-post-thumbnail","6":"product_cat-apparecchiature-funzionali","7":"product_cat-interdisciplinare-e-funzionale","9":"first","10":"instock","11":"shipping-taxable","12":"purchasable","13":"product-type-variable"},"acf":{"long_title":"Sacco da boxe in pelle artificiale Evolve 100 CM \/ 180 CM","subtitle":"","specifications":[{"label":"SKU","text_value":"EV-BE-BB-100-AL","icon":"x"},{"label":"Lunghezza","text_value":"100 cm \/ 180 cm","icon":"x"},{"label":"Diametro","text_value":"35 cm","icon":"x"}]},"yoast_head":"<!-- This site is optimized with the Yoast SEO plugin v27.4 - https:\/\/yoast.com\/product\/yoast-seo-wordpress\/ -->\n<title>Sacco da boxe in pelle artificiale Evolve 100 CM \/ 180 CM - Evolve<\/title>\n<meta name=\"robots\" content=\"index, follow, max-snippet:-1, max-image-preview:large, max-video-preview:-1\" \/>\n<link rel=\"canonical\" href=\"https:\/\/evolve-fitness.eu\/it\/prodotto\/sacco-da-boxe-in-pelle-artificiale-evolve-100-cm-180-cm\/\" \/>\n<meta property=\"og:locale\" content=\"it_IT\" \/>\n<meta property=\"og:type\" content=\"article\" \/>\n<meta property=\"og:title\" content=\"Sacco da boxe in pelle artificiale Evolve 100 CM \/ 180 CM - Evolve\" \/>\n<meta property=\"og:url\" content=\"https:\/\/evolve-fitness.eu\/it\/prodotto\/sacco-da-boxe-in-pelle-artificiale-evolve-100-cm-180-cm\/\" \/>\n<meta property=\"og:site_name\" content=\"Evolve\" \/>\n<meta property=\"article:publisher\" content=\"https:\/\/www.facebook.com\/EvolveFitnessEurope\" \/>\n<meta property=\"article:modified_time\" content=\"2025-02-06T14:11:46+00:00\" \/>\n<meta property=\"og:image\" content=\"https:\/\/evolve-fitness.eu\/wp-content\/uploads\/2025\/01\/evolve-dirbtines-odos-bokso-maisas-180-cm-100-cm.png\" \/>\n\t<meta property=\"og:image:width\" content=\"680\" \/>\n\t<meta property=\"og:image:height\" content=\"600\" \/>\n\t<meta property=\"og:image:type\" content=\"image\/png\" \/>\n<meta name=\"twitter:card\" content=\"summary_large_image\" \/>\n<script type=\"application\/ld+json\" class=\"yoast-schema-graph\">{\"@context\":\"https:\\\/\\\/schema.org\",\"@graph\":[{\"@type\":\"WebPage\",\"@id\":\"https:\\\/\\\/evolve-fitness.eu\\\/it\\\/prodotto\\\/sacco-da-boxe-in-pelle-artificiale-evolve-100-cm-180-cm\\\/\",\"url\":\"https:\\\/\\\/evolve-fitness.eu\\\/it\\\/prodotto\\\/sacco-da-boxe-in-pelle-artificiale-evolve-100-cm-180-cm\\\/\",\"name\":\"Sacco da boxe in pelle artificiale Evolve 100 CM \\\/ 180 CM - Evolve\",\"isPartOf\":{\"@id\":\"https:\\\/\\\/evolve-fitness.eu\\\/it\\\/#website\"},\"primaryImageOfPage\":{\"@id\":\"https:\\\/\\\/evolve-fitness.eu\\\/it\\\/prodotto\\\/sacco-da-boxe-in-pelle-artificiale-evolve-100-cm-180-cm\\\/#primaryimage\"},\"image\":{\"@id\":\"https:\\\/\\\/evolve-fitness.eu\\\/it\\\/prodotto\\\/sacco-da-boxe-in-pelle-artificiale-evolve-100-cm-180-cm\\\/#primaryimage\"},\"thumbnailUrl\":\"https:\\\/\\\/evolve-fitness.eu\\\/wp-content\\\/uploads\\\/2025\\\/01\\\/evolve-dirbtines-odos-bokso-maisas-180-cm-100-cm.png\",\"datePublished\":\"2025-01-28T13:48:52+00:00\",\"dateModified\":\"2025-02-06T14:11:46+00:00\",\"breadcrumb\":{\"@id\":\"https:\\\/\\\/evolve-fitness.eu\\\/it\\\/prodotto\\\/sacco-da-boxe-in-pelle-artificiale-evolve-100-cm-180-cm\\\/#breadcrumb\"},\"inLanguage\":\"it-IT\",\"potentialAction\":[{\"@type\":\"ReadAction\",\"target\":[\"https:\\\/\\\/evolve-fitness.eu\\\/it\\\/prodotto\\\/sacco-da-boxe-in-pelle-artificiale-evolve-100-cm-180-cm\\\/\"]}]},{\"@type\":\"ImageObject\",\"inLanguage\":\"it-IT\",\"@id\":\"https:\\\/\\\/evolve-fitness.eu\\\/it\\\/prodotto\\\/sacco-da-boxe-in-pelle-artificiale-evolve-100-cm-180-cm\\\/#primaryimage\",\"url\":\"https:\\\/\\\/evolve-fitness.eu\\\/wp-content\\\/uploads\\\/2025\\\/01\\\/evolve-dirbtines-odos-bokso-maisas-180-cm-100-cm.png\",\"contentUrl\":\"https:\\\/\\\/evolve-fitness.eu\\\/wp-content\\\/uploads\\\/2025\\\/01\\\/evolve-dirbtines-odos-bokso-maisas-180-cm-100-cm.png\",\"width\":680,\"height\":600},{\"@type\":\"BreadcrumbList\",\"@id\":\"https:\\\/\\\/evolve-fitness.eu\\\/it\\\/prodotto\\\/sacco-da-boxe-in-pelle-artificiale-evolve-100-cm-180-cm\\\/#breadcrumb\",\"itemListElement\":[{\"@type\":\"ListItem\",\"position\":1,\"name\":\"Home\",\"item\":\"https:\\\/\\\/evolve-fitness.eu\\\/it\\\/\"},{\"@type\":\"ListItem\",\"position\":2,\"name\":\"Prodotti\",\"item\":\"https:\\\/\\\/evolve-fitness.eu\\\/it\\\/shop\\\/\"},{\"@type\":\"ListItem\",\"position\":3,\"name\":\"Sacco da boxe in pelle artificiale Evolve 100 CM \\\/ 180 CM\"}]},{\"@type\":\"WebSite\",\"@id\":\"https:\\\/\\\/evolve-fitness.eu\\\/it\\\/#website\",\"url\":\"https:\\\/\\\/evolve-fitness.eu\\\/it\\\/\",\"name\":\"Evolve\",\"description\":\"Your Evolved Gear Arrived\",\"publisher\":{\"@id\":\"https:\\\/\\\/evolve-fitness.eu\\\/it\\\/#organization\"},\"potentialAction\":[{\"@type\":\"SearchAction\",\"target\":{\"@type\":\"EntryPoint\",\"urlTemplate\":\"https:\\\/\\\/evolve-fitness.eu\\\/it\\\/?s={search_term_string}\"},\"query-input\":{\"@type\":\"PropertyValueSpecification\",\"valueRequired\":true,\"valueName\":\"search_term_string\"}}],\"inLanguage\":\"it-IT\"},{\"@type\":\"Organization\",\"@id\":\"https:\\\/\\\/evolve-fitness.eu\\\/it\\\/#organization\",\"name\":\"Evolve\",\"url\":\"https:\\\/\\\/evolve-fitness.eu\\\/it\\\/\",\"logo\":{\"@type\":\"ImageObject\",\"inLanguage\":\"it-IT\",\"@id\":\"https:\\\/\\\/evolve-fitness.eu\\\/it\\\/#\\\/schema\\\/logo\\\/image\\\/\",\"url\":\"https:\\\/\\\/evolve-fitness.eu\\\/wp-content\\\/uploads\\\/2023\\\/05\\\/Evolve-logo.svg\",\"contentUrl\":\"https:\\\/\\\/evolve-fitness.eu\\\/wp-content\\\/uploads\\\/2023\\\/05\\\/Evolve-logo.svg\",\"width\":176,\"height\":20,\"caption\":\"Evolve\"},\"image\":{\"@id\":\"https:\\\/\\\/evolve-fitness.eu\\\/it\\\/#\\\/schema\\\/logo\\\/image\\\/\"},\"sameAs\":[\"https:\\\/\\\/www.facebook.com\\\/EvolveFitnessEurope\"]}]}<\/script>\n<!-- \/ Yoast SEO plugin. -->","yoast_head_json":{"title":"Sacco da boxe in pelle artificiale Evolve 100 CM \/ 180 CM - Evolve","robots":{"index":"index","follow":"follow","max-snippet":"max-snippet:-1","max-image-preview":"max-image-preview:large","max-video-preview":"max-video-preview:-1"},"canonical":"https:\/\/evolve-fitness.eu\/it\/prodotto\/sacco-da-boxe-in-pelle-artificiale-evolve-100-cm-180-cm\/","og_locale":"it_IT","og_type":"article","og_title":"Sacco da boxe in pelle artificiale Evolve 100 CM \/ 180 CM - Evolve","og_url":"https:\/\/evolve-fitness.eu\/it\/prodotto\/sacco-da-boxe-in-pelle-artificiale-evolve-100-cm-180-cm\/","og_site_name":"Evolve","article_publisher":"https:\/\/www.facebook.com\/EvolveFitnessEurope","article_modified_time":"2025-02-06T14:11:46+00:00","og_image":[{"width":680,"height":600,"url":"https:\/\/evolve-fitness.eu\/wp-content\/uploads\/2025\/01\/evolve-dirbtines-odos-bokso-maisas-180-cm-100-cm.png","type":"image\/png"}],"twitter_card":"summary_large_image","schema":{"@context":"https:\/\/schema.org","@graph":[{"@type":"WebPage","@id":"https:\/\/evolve-fitness.eu\/it\/prodotto\/sacco-da-boxe-in-pelle-artificiale-evolve-100-cm-180-cm\/","url":"https:\/\/evolve-fitness.eu\/it\/prodotto\/sacco-da-boxe-in-pelle-artificiale-evolve-100-cm-180-cm\/","name":"Sacco da boxe in pelle artificiale Evolve 100 CM \/ 180 CM - Evolve","isPartOf":{"@id":"https:\/\/evolve-fitness.eu\/it\/#website"},"primaryImageOfPage":{"@id":"https:\/\/evolve-fitness.eu\/it\/prodotto\/sacco-da-boxe-in-pelle-artificiale-evolve-100-cm-180-cm\/#primaryimage"},"image":{"@id":"https:\/\/evolve-fitness.eu\/it\/prodotto\/sacco-da-boxe-in-pelle-artificiale-evolve-100-cm-180-cm\/#primaryimage"},"thumbnailUrl":"https:\/\/evolve-fitness.eu\/wp-content\/uploads\/2025\/01\/evolve-dirbtines-odos-bokso-maisas-180-cm-100-cm.png","datePublished":"2025-01-28T13:48:52+00:00","dateModified":"2025-02-06T14:11:46+00:00","breadcrumb":{"@id":"https:\/\/evolve-fitness.eu\/it\/prodotto\/sacco-da-boxe-in-pelle-artificiale-evolve-100-cm-180-cm\/#breadcrumb"},"inLanguage":"it-IT","potentialAction":[{"@type":"ReadAction","target":["https:\/\/evolve-fitness.eu\/it\/prodotto\/sacco-da-boxe-in-pelle-artificiale-evolve-100-cm-180-cm\/"]}]},{"@type":"ImageObject","inLanguage":"it-IT","@id":"https:\/\/evolve-fitness.eu\/it\/prodotto\/sacco-da-boxe-in-pelle-artificiale-evolve-100-cm-180-cm\/#primaryimage","url":"https:\/\/evolve-fitness.eu\/wp-content\/uploads\/2025\/01\/evolve-dirbtines-odos-bokso-maisas-180-cm-100-cm.png","contentUrl":"https:\/\/evolve-fitness.eu\/wp-content\/uploads\/2025\/01\/evolve-dirbtines-odos-bokso-maisas-180-cm-100-cm.png","width":680,"height":600},{"@type":"BreadcrumbList","@id":"https:\/\/evolve-fitness.eu\/it\/prodotto\/sacco-da-boxe-in-pelle-artificiale-evolve-100-cm-180-cm\/#breadcrumb","itemListElement":[{"@type":"ListItem","position":1,"name":"Home","item":"https:\/\/evolve-fitness.eu\/it\/"},{"@type":"ListItem","position":2,"name":"Prodotti","item":"https:\/\/evolve-fitness.eu\/it\/shop\/"},{"@type":"ListItem","position":3,"name":"Sacco da boxe in pelle artificiale Evolve 100 CM \/ 180 CM"}]},{"@type":"WebSite","@id":"https:\/\/evolve-fitness.eu\/it\/#website","url":"https:\/\/evolve-fitness.eu\/it\/","name":"Evolve","description":"Your Evolved Gear Arrived","publisher":{"@id":"https:\/\/evolve-fitness.eu\/it\/#organization"},"potentialAction":[{"@type":"SearchAction","target":{"@type":"EntryPoint","urlTemplate":"https:\/\/evolve-fitness.eu\/it\/?s={search_term_string}"},"query-input":{"@type":"PropertyValueSpecification","valueRequired":true,"valueName":"search_term_string"}}],"inLanguage":"it-IT"},{"@type":"Organization","@id":"https:\/\/evolve-fitness.eu\/it\/#organization","name":"Evolve","url":"https:\/\/evolve-fitness.eu\/it\/","logo":{"@type":"ImageObject","inLanguage":"it-IT","@id":"https:\/\/evolve-fitness.eu\/it\/#\/schema\/logo\/image\/","url":"https:\/\/evolve-fitness.eu\/wp-content\/uploads\/2023\/05\/Evolve-logo.svg","contentUrl":"https:\/\/evolve-fitness.eu\/wp-content\/uploads\/2023\/05\/Evolve-logo.svg","width":176,"height":20,"caption":"Evolve"},"image":{"@id":"https:\/\/evolve-fitness.eu\/it\/#\/schema\/logo\/image\/"},"sameAs":["https:\/\/www.facebook.com\/EvolveFitnessEurope"]}]}},"_links":{"self":[{"href":"https:\/\/evolve-fitness.eu\/it\/wp-json\/wp\/v2\/product\/176390","targetHints":{"allow":["GET"]}}],"collection":[{"href":"https:\/\/evolve-fitness.eu\/it\/wp-json\/wp\/v2\/product"}],"about":[{"href":"https:\/\/evolve-fitness.eu\/it\/wp-json\/wp\/v2\/types\/product"}],"wp:featuredmedia":[{"embeddable":true,"href":"https:\/\/evolve-fitness.eu\/it\/wp-json\/wp\/v2\/media\/176065"}],"wp:attachment":[{"href":"https:\/\/evolve-fitness.eu\/it\/wp-json\/wp\/v2\/media?parent=176390"}],"wp:term":[{"taxonomy":"product_brand","embeddable":true,"href":"https:\/\/evolve-fitness.eu\/it\/wp-json\/wp\/v2\/product_brand?post=176390"},{"taxonomy":"product_cat","embeddable":true,"href":"https:\/\/evolve-fitness.eu\/it\/wp-json\/wp\/v2\/product_cat?post=176390"},{"taxonomy":"product_tag","embeddable":true,"href":"https:\/\/evolve-fitness.eu\/it\/wp-json\/wp\/v2\/product_tag?post=176390"}],"curies":[{"name":"wp","href":"https:\/\/api.w.org\/{rel}","templated":true}]}}