{"id":213923,"date":"2025-08-22T06:34:07","date_gmt":"2025-08-22T06:34:07","guid":{"rendered":"https:\/\/evolve-fitness.eu\/product\/panca-per-trazioni-della-serie-prime-di-evolve-pr-234\/"},"modified":"2026-04-07T13:39:53","modified_gmt":"2026-04-07T10:39:53","slug":"panca-per-trazioni-della-serie-prime-di-evolve-pr-234","status":"publish","type":"product","link":"https:\/\/evolve-fitness.eu\/it\/prodotto\/panca-per-trazioni-della-serie-prime-di-evolve-pr-234\/","title":{"rendered":"Panca per trazioni della serie Prime di Evolve (PR-234)"},"content":{"rendered":"\n<section class=\"wp-block-group alignfull has-lightgray-background-color has-background is-layout-constrained wp-block-group-is-layout-constrained\">\n<div class=\"wp-block-columns alignwide is-layout-flex wp-container-core-columns-is-layout-2edb0647 wp-block-columns-is-layout-flex\" style=\"margin-top:0;margin-bottom:0\">\n<div class=\"wp-block-column is-layout-flow wp-block-column-is-layout-flow\" style=\"flex-basis:33.33%\"><\/div>\n\n\n\n<div class=\"wp-block-column is-layout-flow wp-block-column-is-layout-flow\" style=\"flex-basis:66.66%\"><\/div>\n<\/div>\n<\/section>\n\n<section class=\"wp-block-group alignfull black-content has-white-color has-darkgray-background-color has-text-color has-background is-layout-constrained wp-block-group-is-layout-constrained\" style=\"padding-top:var(--wp--preset--spacing--section-bottom);padding-bottom:var(--wp--preset--spacing--section-bottom)\">\n<h3 class=\"wp-block-heading has-text-align-center\"><strong><strong>SERIE PRIME A PIASTRE EVOLUTE<\/strong><\/strong><\/h3>\n\n\n\n<p>Con la serie Prime di Evolve Plate Loaded, l&#8217;eccellenza \u00e8 lo standard. Migliorate l&#8217;allenamento della forza con macchine progettate per il comfort, la durata e le prestazioni. Esplorate l&#8217;intera linea oggi stesso e ridefinite il vostro percorso di fitness.  <\/p>\n\n\n\n<section class=\"wp-block-group alignfull black-content has-white-color has-darkgray-background-color has-text-color has-background is-layout-constrained wp-block-group-is-layout-constrained\" style=\"padding-top:var(--wp--preset--spacing--section-bottom);padding-bottom:var(--wp--preset--spacing--section-bottom)\">\n<div class=\"wp-block-columns alignwide mobile-reverse is-layout-flex wp-container-core-columns-is-layout-ca64bf2d wp-block-columns-is-layout-flex\" style=\"margin-bottom:var(--wp--preset--spacing--side-padding)\">\n<div class=\"wp-block-column is-vertically-aligned-center is-layout-flow wp-block-column-is-layout-flow\">\n<h3 class=\"wp-block-heading\" style=\"margin-bottom:var(--wp--preset--spacing--h-3-bottom)\"><strong><strong><strong><strong>Sviluppo muscolare mirato<\/strong><\/strong><\/strong><\/strong><\/h3>\n\n\n\n<p><strong><em><strong>Allenamento di precisione per schiena e braccia<\/strong><\/em><\/strong><\/p>\n\n\n\n<p style=\"margin-bottom:var(--wp--preset--spacing--tb-section-padding)\">La panca per trazioni della serie Evolve Prime \u00e8 stata progettata per ottimizzare i movimenti di trazione come le file con bilanciere e manubri. Offre un isolamento superiore per la schiena, i bicipiti e i deltoidi posteriori, aiutando gli atleti a raggiungere uno sviluppo muscolare equilibrato e a migliorare la forza di trazione. <\/p>\n\n\n\n<h3 class=\"wp-block-heading\" style=\"margin-bottom:var(--wp--preset--spacing--h-3-bottom)\"><strong><strong><strong><strong><strong><strong>Costruzione incentrata sull&#8217;utente<\/strong><\/strong><\/strong><\/strong><\/strong><\/strong><\/h3>\n\n\n\n<p><strong><em><strong>Durata e costruzione professionale<\/strong><\/em><\/strong><\/p>\n\n\n\n<p>Costruita in acciaio per impieghi gravosi, la panca garantisce prestazioni durature e resistenza ai carichi pesanti. La sua base stabile riduce al minimo i movimenti durante gli allenamenti pi\u00f9 intensi, mentre l&#8217;imbottitura ad alta densit\u00e0 offre supporto e comfort per tutta la durata dell&#8217;esercizio. <\/p>\n\n\n\n<h3 class=\"wp-block-heading\"><strong>Il futuro dell&#8217;allenamento della forza<\/strong><\/h3>\n\n\n\n<p><strong><em>Affidabilit\u00e0 per atleti di ogni livello<\/em><\/strong><\/p>\n\n\n\n<p><br\/>La panca per trazioni della serie Prime di Evolve \u00e8 un complemento essenziale per qualsiasi ambiente di allenamento della forza. Combinando sicurezza, funzionalit\u00e0 e prestazioni, offre la qualit\u00e0 che atleti e professionisti si aspettano da un&#8217;attrezzatura da palestra di alto livello. <\/p>\n<\/div>\n\n\n\n<div class=\"wp-block-column is-vertically-aligned-center is-layout-flow wp-block-column-is-layout-flow\">\n<figure class=\"wp-block-image size-large is-resized is-style-rounded\"><img loading=\"lazy\" decoding=\"async\" width=\"1024\" height=\"1024\" src=\"https:\/\/evolve-fitness.eu\/wp-content\/uploads\/2025\/08\/EV-PL-PR-234-Evolve-Prime-Series-Pull-Bench-1024x1024.png\" alt=\"\" class=\"wp-image-202968\" style=\"width:643px;height:706px\" srcset=\"https:\/\/evolve-fitness.eu\/wp-content\/uploads\/2025\/08\/EV-PL-PR-234-Evolve-Prime-Series-Pull-Bench-1024x1024.png 1024w, https:\/\/evolve-fitness.eu\/wp-content\/uploads\/2025\/08\/EV-PL-PR-234-Evolve-Prime-Series-Pull-Bench-300x300.png 300w, https:\/\/evolve-fitness.eu\/wp-content\/uploads\/2025\/08\/EV-PL-PR-234-Evolve-Prime-Series-Pull-Bench-150x150.png 150w, https:\/\/evolve-fitness.eu\/wp-content\/uploads\/2025\/08\/EV-PL-PR-234-Evolve-Prime-Series-Pull-Bench-768x768.png 768w, https:\/\/evolve-fitness.eu\/wp-content\/uploads\/2025\/08\/EV-PL-PR-234-Evolve-Prime-Series-Pull-Bench-1536x1536.png 1536w, https:\/\/evolve-fitness.eu\/wp-content\/uploads\/2025\/08\/EV-PL-PR-234-Evolve-Prime-Series-Pull-Bench-2048x2048.png 2048w, https:\/\/evolve-fitness.eu\/wp-content\/uploads\/2025\/08\/EV-PL-PR-234-Evolve-Prime-Series-Pull-Bench-600x600.png 600w\" sizes=\"auto, (max-width: 1024px) 100vw, 1024px\" \/><\/figure>\n<\/div>\n<\/div>\n<\/section>\n<\/section>\n","protected":false},"excerpt":{"rendered":"<p>La panca per trazioni Evolve Prime Series (EV-PL-PR-234) \u00e8 stata progettata per un allenamento mirato della schiena e delle braccia con il massimo comfort e stabilit\u00e0. Costruita in acciaio per impieghi gravosi e con un&#8217;imbottitura ergonomica, garantisce durata, sicurezza e una biomeccanica ottimale per le palestre professionali e gli atleti che cercano prestazioni affidabili. <\/p>\n","protected":false},"featured_media":202980,"template":"","meta":{"_acf_changed":false,"inline_featured_image":false},"product_brand":[],"product_cat":[1369,1761],"product_tag":[],"class_list":{"0":"post-213923","1":"product","2":"type-product","3":"status-publish","4":"has-post-thumbnail","6":"product_cat-panchine","7":"product_cat-panche-prime-series","9":"first","10":"instock","11":"shipping-taxable","12":"purchasable","13":"product-type-simple"},"acf":{"long_title":"Panca per trazioni della serie Prime di Evolve (PR-234)","subtitle":"","specifications":[{"label":"SKU","text_value":"EV-PL-PR-234","icon":"x"},{"label":"Dimensioni","text_value":"1533\u00d72000\u00d7940 mm","icon":"x"},{"label":"Peso","text_value":"70 kg","icon":"x"},{"label":"Peso massimo dell'utente","text_value":"180 kg","icon":"x"},{"label":"Imbottitura spessa","text_value":"","icon":"v"},{"label":"Protezioni per pavimenti durevoli","text_value":"","icon":"v"},{"label":"Struttura in metallo","text_value":"","icon":"v"},{"label":"Personalizza i colori del telaio e del rivestimento","text_value":"","icon":"v"},{"label":"Garanzia","text_value":"2 anni","icon":"x"}]},"yoast_head":"<!-- This site is optimized with the Yoast SEO plugin v27.4 - https:\/\/yoast.com\/product\/yoast-seo-wordpress\/ -->\n<title>Panca per trazioni della serie Prime di Evolve (PR-234) - Evolve<\/title>\n<meta name=\"description\" content=\"La panca per trazioni Evolve Prime Series (EV-PL-PR-234) \u00e8 progettata per un allenamento mirato della schiena e delle braccia con il massimo comfort e stabilit\u00e0.\" \/>\n<meta name=\"robots\" content=\"index, follow, max-snippet:-1, max-image-preview:large, max-video-preview:-1\" \/>\n<link rel=\"canonical\" href=\"https:\/\/evolve-fitness.eu\/it\/prodotto\/panca-per-trazioni-della-serie-prime-di-evolve-pr-234\/\" \/>\n<meta property=\"og:locale\" content=\"it_IT\" \/>\n<meta property=\"og:type\" content=\"article\" \/>\n<meta property=\"og:title\" content=\"Panca per trazioni della serie Prime di Evolve (PR-234) - Evolve\" \/>\n<meta property=\"og:description\" content=\"La panca per trazioni Evolve Prime Series (EV-PL-PR-234) \u00e8 progettata per un allenamento mirato della schiena e delle braccia con il massimo comfort e stabilit\u00e0.\" \/>\n<meta property=\"og:url\" content=\"https:\/\/evolve-fitness.eu\/it\/prodotto\/panca-per-trazioni-della-serie-prime-di-evolve-pr-234\/\" \/>\n<meta property=\"og:site_name\" content=\"Evolve\" \/>\n<meta property=\"article:publisher\" content=\"https:\/\/www.facebook.com\/EvolveFitnessEurope\" \/>\n<meta property=\"article:modified_time\" content=\"2026-04-07T10:39:53+00:00\" \/>\n<meta property=\"og:image\" content=\"https:\/\/evolve-fitness.eu\/wp-content\/uploads\/2025\/08\/EV-PL-PR-234-Evolve-Prime-Series-Pull-Bench-scaled.png\" \/>\n\t<meta property=\"og:image:width\" content=\"2560\" \/>\n\t<meta property=\"og:image:height\" content=\"2560\" \/>\n\t<meta property=\"og:image:type\" content=\"image\/png\" \/>\n<meta name=\"twitter:card\" content=\"summary_large_image\" \/>\n<script type=\"application\/ld+json\" class=\"yoast-schema-graph\">{\"@context\":\"https:\\\/\\\/schema.org\",\"@graph\":[{\"@type\":\"WebPage\",\"@id\":\"https:\\\/\\\/evolve-fitness.eu\\\/it\\\/prodotto\\\/panca-per-trazioni-della-serie-prime-di-evolve-pr-234\\\/\",\"url\":\"https:\\\/\\\/evolve-fitness.eu\\\/it\\\/prodotto\\\/panca-per-trazioni-della-serie-prime-di-evolve-pr-234\\\/\",\"name\":\"Panca per trazioni della serie Prime di Evolve (PR-234) - Evolve\",\"isPartOf\":{\"@id\":\"https:\\\/\\\/evolve-fitness.eu\\\/it\\\/#website\"},\"primaryImageOfPage\":{\"@id\":\"https:\\\/\\\/evolve-fitness.eu\\\/it\\\/prodotto\\\/panca-per-trazioni-della-serie-prime-di-evolve-pr-234\\\/#primaryimage\"},\"image\":{\"@id\":\"https:\\\/\\\/evolve-fitness.eu\\\/it\\\/prodotto\\\/panca-per-trazioni-della-serie-prime-di-evolve-pr-234\\\/#primaryimage\"},\"thumbnailUrl\":\"https:\\\/\\\/evolve-fitness.eu\\\/wp-content\\\/uploads\\\/2025\\\/08\\\/EV-PL-PR-234-Evolve-Prime-Series-Pull-Bench-scaled.png\",\"datePublished\":\"2025-08-22T06:34:07+00:00\",\"dateModified\":\"2026-04-07T10:39:53+00:00\",\"description\":\"La panca per trazioni Evolve Prime Series (EV-PL-PR-234) \u00e8 progettata per un allenamento mirato della schiena e delle braccia con il massimo comfort e stabilit\u00e0.\",\"breadcrumb\":{\"@id\":\"https:\\\/\\\/evolve-fitness.eu\\\/it\\\/prodotto\\\/panca-per-trazioni-della-serie-prime-di-evolve-pr-234\\\/#breadcrumb\"},\"inLanguage\":\"it-IT\",\"potentialAction\":[{\"@type\":\"ReadAction\",\"target\":[\"https:\\\/\\\/evolve-fitness.eu\\\/it\\\/prodotto\\\/panca-per-trazioni-della-serie-prime-di-evolve-pr-234\\\/\"]}]},{\"@type\":\"ImageObject\",\"inLanguage\":\"it-IT\",\"@id\":\"https:\\\/\\\/evolve-fitness.eu\\\/it\\\/prodotto\\\/panca-per-trazioni-della-serie-prime-di-evolve-pr-234\\\/#primaryimage\",\"url\":\"https:\\\/\\\/evolve-fitness.eu\\\/wp-content\\\/uploads\\\/2025\\\/08\\\/EV-PL-PR-234-Evolve-Prime-Series-Pull-Bench-scaled.png\",\"contentUrl\":\"https:\\\/\\\/evolve-fitness.eu\\\/wp-content\\\/uploads\\\/2025\\\/08\\\/EV-PL-PR-234-Evolve-Prime-Series-Pull-Bench-scaled.png\",\"width\":2560,\"height\":2560},{\"@type\":\"BreadcrumbList\",\"@id\":\"https:\\\/\\\/evolve-fitness.eu\\\/it\\\/prodotto\\\/panca-per-trazioni-della-serie-prime-di-evolve-pr-234\\\/#breadcrumb\",\"itemListElement\":[{\"@type\":\"ListItem\",\"position\":1,\"name\":\"Home\",\"item\":\"https:\\\/\\\/evolve-fitness.eu\\\/it\\\/\"},{\"@type\":\"ListItem\",\"position\":2,\"name\":\"Prodotti\",\"item\":\"https:\\\/\\\/evolve-fitness.eu\\\/it\\\/shop\\\/\"},{\"@type\":\"ListItem\",\"position\":3,\"name\":\"Panca per trazioni della serie Prime di Evolve (PR-234)\"}]},{\"@type\":\"WebSite\",\"@id\":\"https:\\\/\\\/evolve-fitness.eu\\\/it\\\/#website\",\"url\":\"https:\\\/\\\/evolve-fitness.eu\\\/it\\\/\",\"name\":\"Evolve\",\"description\":\"Your Evolved Gear Arrived\",\"publisher\":{\"@id\":\"https:\\\/\\\/evolve-fitness.eu\\\/it\\\/#organization\"},\"potentialAction\":[{\"@type\":\"SearchAction\",\"target\":{\"@type\":\"EntryPoint\",\"urlTemplate\":\"https:\\\/\\\/evolve-fitness.eu\\\/it\\\/?s={search_term_string}\"},\"query-input\":{\"@type\":\"PropertyValueSpecification\",\"valueRequired\":true,\"valueName\":\"search_term_string\"}}],\"inLanguage\":\"it-IT\"},{\"@type\":\"Organization\",\"@id\":\"https:\\\/\\\/evolve-fitness.eu\\\/it\\\/#organization\",\"name\":\"Evolve\",\"url\":\"https:\\\/\\\/evolve-fitness.eu\\\/it\\\/\",\"logo\":{\"@type\":\"ImageObject\",\"inLanguage\":\"it-IT\",\"@id\":\"https:\\\/\\\/evolve-fitness.eu\\\/it\\\/#\\\/schema\\\/logo\\\/image\\\/\",\"url\":\"https:\\\/\\\/evolve-fitness.eu\\\/wp-content\\\/uploads\\\/2023\\\/05\\\/Evolve-logo.svg\",\"contentUrl\":\"https:\\\/\\\/evolve-fitness.eu\\\/wp-content\\\/uploads\\\/2023\\\/05\\\/Evolve-logo.svg\",\"width\":176,\"height\":20,\"caption\":\"Evolve\"},\"image\":{\"@id\":\"https:\\\/\\\/evolve-fitness.eu\\\/it\\\/#\\\/schema\\\/logo\\\/image\\\/\"},\"sameAs\":[\"https:\\\/\\\/www.facebook.com\\\/EvolveFitnessEurope\"]}]}<\/script>\n<!-- \/ Yoast SEO plugin. -->","yoast_head_json":{"title":"Panca per trazioni della serie Prime di Evolve (PR-234) - Evolve","description":"La panca per trazioni Evolve Prime Series (EV-PL-PR-234) \u00e8 progettata per un allenamento mirato della schiena e delle braccia con il massimo comfort e stabilit\u00e0.","robots":{"index":"index","follow":"follow","max-snippet":"max-snippet:-1","max-image-preview":"max-image-preview:large","max-video-preview":"max-video-preview:-1"},"canonical":"https:\/\/evolve-fitness.eu\/it\/prodotto\/panca-per-trazioni-della-serie-prime-di-evolve-pr-234\/","og_locale":"it_IT","og_type":"article","og_title":"Panca per trazioni della serie Prime di Evolve (PR-234) - Evolve","og_description":"La panca per trazioni Evolve Prime Series (EV-PL-PR-234) \u00e8 progettata per un allenamento mirato della schiena e delle braccia con il massimo comfort e stabilit\u00e0.","og_url":"https:\/\/evolve-fitness.eu\/it\/prodotto\/panca-per-trazioni-della-serie-prime-di-evolve-pr-234\/","og_site_name":"Evolve","article_publisher":"https:\/\/www.facebook.com\/EvolveFitnessEurope","article_modified_time":"2026-04-07T10:39:53+00:00","og_image":[{"width":2560,"height":2560,"url":"https:\/\/evolve-fitness.eu\/wp-content\/uploads\/2025\/08\/EV-PL-PR-234-Evolve-Prime-Series-Pull-Bench-scaled.png","type":"image\/png"}],"twitter_card":"summary_large_image","schema":{"@context":"https:\/\/schema.org","@graph":[{"@type":"WebPage","@id":"https:\/\/evolve-fitness.eu\/it\/prodotto\/panca-per-trazioni-della-serie-prime-di-evolve-pr-234\/","url":"https:\/\/evolve-fitness.eu\/it\/prodotto\/panca-per-trazioni-della-serie-prime-di-evolve-pr-234\/","name":"Panca per trazioni della serie Prime di Evolve (PR-234) - Evolve","isPartOf":{"@id":"https:\/\/evolve-fitness.eu\/it\/#website"},"primaryImageOfPage":{"@id":"https:\/\/evolve-fitness.eu\/it\/prodotto\/panca-per-trazioni-della-serie-prime-di-evolve-pr-234\/#primaryimage"},"image":{"@id":"https:\/\/evolve-fitness.eu\/it\/prodotto\/panca-per-trazioni-della-serie-prime-di-evolve-pr-234\/#primaryimage"},"thumbnailUrl":"https:\/\/evolve-fitness.eu\/wp-content\/uploads\/2025\/08\/EV-PL-PR-234-Evolve-Prime-Series-Pull-Bench-scaled.png","datePublished":"2025-08-22T06:34:07+00:00","dateModified":"2026-04-07T10:39:53+00:00","description":"La panca per trazioni Evolve Prime Series (EV-PL-PR-234) \u00e8 progettata per un allenamento mirato della schiena e delle braccia con il massimo comfort e stabilit\u00e0.","breadcrumb":{"@id":"https:\/\/evolve-fitness.eu\/it\/prodotto\/panca-per-trazioni-della-serie-prime-di-evolve-pr-234\/#breadcrumb"},"inLanguage":"it-IT","potentialAction":[{"@type":"ReadAction","target":["https:\/\/evolve-fitness.eu\/it\/prodotto\/panca-per-trazioni-della-serie-prime-di-evolve-pr-234\/"]}]},{"@type":"ImageObject","inLanguage":"it-IT","@id":"https:\/\/evolve-fitness.eu\/it\/prodotto\/panca-per-trazioni-della-serie-prime-di-evolve-pr-234\/#primaryimage","url":"https:\/\/evolve-fitness.eu\/wp-content\/uploads\/2025\/08\/EV-PL-PR-234-Evolve-Prime-Series-Pull-Bench-scaled.png","contentUrl":"https:\/\/evolve-fitness.eu\/wp-content\/uploads\/2025\/08\/EV-PL-PR-234-Evolve-Prime-Series-Pull-Bench-scaled.png","width":2560,"height":2560},{"@type":"BreadcrumbList","@id":"https:\/\/evolve-fitness.eu\/it\/prodotto\/panca-per-trazioni-della-serie-prime-di-evolve-pr-234\/#breadcrumb","itemListElement":[{"@type":"ListItem","position":1,"name":"Home","item":"https:\/\/evolve-fitness.eu\/it\/"},{"@type":"ListItem","position":2,"name":"Prodotti","item":"https:\/\/evolve-fitness.eu\/it\/shop\/"},{"@type":"ListItem","position":3,"name":"Panca per trazioni della serie Prime di Evolve (PR-234)"}]},{"@type":"WebSite","@id":"https:\/\/evolve-fitness.eu\/it\/#website","url":"https:\/\/evolve-fitness.eu\/it\/","name":"Evolve","description":"Your Evolved Gear Arrived","publisher":{"@id":"https:\/\/evolve-fitness.eu\/it\/#organization"},"potentialAction":[{"@type":"SearchAction","target":{"@type":"EntryPoint","urlTemplate":"https:\/\/evolve-fitness.eu\/it\/?s={search_term_string}"},"query-input":{"@type":"PropertyValueSpecification","valueRequired":true,"valueName":"search_term_string"}}],"inLanguage":"it-IT"},{"@type":"Organization","@id":"https:\/\/evolve-fitness.eu\/it\/#organization","name":"Evolve","url":"https:\/\/evolve-fitness.eu\/it\/","logo":{"@type":"ImageObject","inLanguage":"it-IT","@id":"https:\/\/evolve-fitness.eu\/it\/#\/schema\/logo\/image\/","url":"https:\/\/evolve-fitness.eu\/wp-content\/uploads\/2023\/05\/Evolve-logo.svg","contentUrl":"https:\/\/evolve-fitness.eu\/wp-content\/uploads\/2023\/05\/Evolve-logo.svg","width":176,"height":20,"caption":"Evolve"},"image":{"@id":"https:\/\/evolve-fitness.eu\/it\/#\/schema\/logo\/image\/"},"sameAs":["https:\/\/www.facebook.com\/EvolveFitnessEurope"]}]}},"_links":{"self":[{"href":"https:\/\/evolve-fitness.eu\/it\/wp-json\/wp\/v2\/product\/213923","targetHints":{"allow":["GET"]}}],"collection":[{"href":"https:\/\/evolve-fitness.eu\/it\/wp-json\/wp\/v2\/product"}],"about":[{"href":"https:\/\/evolve-fitness.eu\/it\/wp-json\/wp\/v2\/types\/product"}],"wp:featuredmedia":[{"embeddable":true,"href":"https:\/\/evolve-fitness.eu\/it\/wp-json\/wp\/v2\/media\/202980"}],"wp:attachment":[{"href":"https:\/\/evolve-fitness.eu\/it\/wp-json\/wp\/v2\/media?parent=213923"}],"wp:term":[{"taxonomy":"product_brand","embeddable":true,"href":"https:\/\/evolve-fitness.eu\/it\/wp-json\/wp\/v2\/product_brand?post=213923"},{"taxonomy":"product_cat","embeddable":true,"href":"https:\/\/evolve-fitness.eu\/it\/wp-json\/wp\/v2\/product_cat?post=213923"},{"taxonomy":"product_tag","embeddable":true,"href":"https:\/\/evolve-fitness.eu\/it\/wp-json\/wp\/v2\/product_tag?post=213923"}],"curies":[{"name":"wp","href":"https:\/\/api.w.org\/{rel}","templated":true}]}}