{"id":214471,"date":"2025-11-17T13:28:50","date_gmt":"2025-11-17T11:28:50","guid":{"rendered":"https:\/\/evolve-fitness.eu\/product\/macchina-selezionata-per-i-piegamenti-e-le-estensioni-delle-braccia-della-serie-ultra-di-evolve-ul-440\/"},"modified":"2026-03-26T11:51:24","modified_gmt":"2026-03-26T09:51:24","slug":"macchina-selezionata-per-i-piegamenti-e-le-estensioni-delle-braccia-della-serie-ultra-di-evolve-ul-440","status":"publish","type":"product","link":"https:\/\/evolve-fitness.eu\/it\/prodotto\/macchina-selezionata-per-i-piegamenti-e-le-estensioni-delle-braccia-della-serie-ultra-di-evolve-ul-440\/","title":{"rendered":"Macchina selezionata per i piegamenti e le estensioni delle braccia della serie Ultra di Evolve (UL-440)"},"content":{"rendered":"\n<section class=\"wp-block-group alignfull black-content has-white-color has-darkgray-background-color has-text-color has-background is-layout-constrained wp-block-group-is-layout-constrained\" style=\"padding-top:var(--wp--preset--spacing--section-bottom);padding-bottom:var(--wp--preset--spacing--section-bottom)\">\n<div class=\"wp-block-columns alignwide mobile-reverse is-layout-flex wp-container-core-columns-is-layout-ca64bf2d wp-block-columns-is-layout-flex\" style=\"margin-bottom:var(--wp--preset--spacing--side-padding)\">\n<div class=\"wp-block-column is-vertically-aligned-center is-layout-flow wp-block-column-is-layout-flow\">\n<h3 class=\"wp-block-heading\" style=\"margin-bottom:var(--wp--preset--spacing--h-3-bottom)\"><strong><strong><strong><strong><strong><strong><strong><strong><strong><strong><strong>Macchina selezionata per i piegamenti e le estensioni delle braccia della serie Ultra di Evolve (UL-440)<\/strong><\/strong><\/strong><\/strong><\/strong><\/strong><\/strong><\/strong><\/strong><\/strong><\/strong><\/h3>\n\n\n\n<p style=\"margin-bottom:var(--wp--preset--spacing--tb-section-padding)\">La macchina selezionata per i curl e le estensioni delle braccia Evolve Ultra Series (UL-440) combina i curl dei bicipiti e le estensioni dei tricipiti in un&#8217;unica macchina per la forza compatta e a doppia funzione. La sua pila di pesi selezionata permette di regolare la resistenza in modo fluido e preciso, rendendola adatta a utenti di qualsiasi livello di fitness. Grazie a un cuscinetto ergonomico per le braccia, a un sistema di leve girevoli e a un percorso di movimento guidato, l&#8217;UL-440 favorisce un corretto allineamento delle articolazioni, un&#8217;accurata individuazione dei muscoli e un movimento controllato per ogni ripetizione. Costruita in acciaio per uso commerciale, garantisce una lunga durata e prestazioni affidabili, rendendola una scelta eccellente per le palestre professionali e per gli spazi home fitness di alto livello.   <br\/><\/p>\n<\/div>\n\n\n\n<div class=\"wp-block-column is-vertically-aligned-center is-layout-flow wp-block-column-is-layout-flow\">\n<figure class=\"wp-block-image size-full\"><img decoding=\"async\" src=\"https:\/\/store.evolve-fitness.eu\/wp-content\/uploads\/2025\/11\/EV-SC-UL-440-Evolve-Ultra-Series-Selectorized-Arm-Curl-and-Extension-Mac-3-3.png\" alt=\"\" class=\"wp-image-147032\"\/><\/figure>\n<\/div>\n<\/div>\n\n\n\n<div class=\"wp-block-columns alignwide are-vertically-aligned-center mobile-reverse is-layout-flex wp-container-core-columns-is-layout-e8158c2f wp-block-columns-is-layout-flex\" style=\"padding-top:var(--wp--preset--spacing--side-padding)\">\n<div class=\"wp-block-column is-vertically-aligned-center is-layout-flow wp-block-column-is-layout-flow\">\n<figure class=\"wp-block-video\"><video height=\"1080\" style=\"aspect-ratio: 1920 \/ 1080;\" width=\"1920\" autoplay=\"\" controls=\"\" loop=\"\" muted=\"\" src=\"https:\/\/evolve-fitness.eu\/wp-content\/uploads\/2023\/08\/EV-SC-UL-220Easy-Staart.mp4\"><\/video><\/figure>\n<\/div>\n\n\n\n<div class=\"wp-block-column is-vertically-aligned-center is-layout-flow wp-block-column-is-layout-flow\">\n<h3 class=\"wp-block-heading\" style=\"margin-bottom:var(--wp--preset--spacing--h-3-bottom)\"><strong><strong>Impugnature ottimali<\/strong><\/strong><\/h3>\n\n\n\n<p><strong><em><strong><em><strong><em><strong><em>Elevare l&#8217;esperienza del fitness<\/em><\/strong><\/em><\/strong><\/em><\/strong><\/em><\/strong><\/p>\n\n\n\n<p style=\"margin-bottom:var(--wp--preset--spacing--tb-section-padding)\">Attirare e fidelizzare i clienti \u00e8 essenziale per i proprietari di palestre e i gestori di strutture fitness. Progettate meticolosamente per garantire comfort e sicurezza, queste attrezzature migliorano l&#8217;esperienza complessiva dell&#8217;allenamento e promuovono la fiducia durante ogni sessione. Aiuta a mantenere i clienti impegnati, motivati e concentrati sul raggiungimento dei loro obiettivi di fitness presso la tua struttura.  <br\/><\/p>\n<\/div>\n<\/div>\n\n\n\n<div class=\"wp-block-columns alignwide are-vertically-aligned-center mobile-reverse is-layout-flex wp-container-core-columns-is-layout-e8158c2f wp-block-columns-is-layout-flex\" style=\"padding-top:var(--wp--preset--spacing--side-padding)\">\n<div class=\"wp-block-column is-vertically-aligned-center is-layout-flow wp-block-column-is-layout-flow\">\n<h3 class=\"wp-block-heading\" style=\"margin-bottom:var(--wp--preset--spacing--h-3-bottom)\"><strong>Cavo<\/strong><\/h3>\n\n\n\n<p><strong><em><strong><em>Qualit\u00e0 superiore<\/em><\/strong><\/em><\/strong><\/p>\n\n\n\n<p style=\"margin-bottom:var(--wp--preset--spacing--tb-section-padding)\">Le macchine della Serie Ultra di Evolve utilizzano cavi di qualit\u00e0 superiore progettati per garantire resistenza, durata e prestazioni eccezionali. Ogni cavo presenta sei fili principali, ognuno dei quali \u00e8 composto da 19 fili intrecciati, un rivestimento in poliammide 12 (PA12) e un diametro di 5 mm. Con una forza di rottura di 9000 kN, questi cavi sono costruiti per garantire una straordinaria affidabilit\u00e0 in ambienti commerciali esigenti. Sia che si tratti di esercizi di curl per i bicipiti, di pressioni sul petto, di lat pulldown o di altri esercizi di forza, il sistema di cavi ad alte prestazioni garantisce un movimento fluido e una resistenza costante per un&#8217;esperienza di allenamento efficace, controllata e confortevole.   <\/p>\n<\/div>\n\n\n\n<div class=\"wp-block-column is-vertically-aligned-center is-layout-flow wp-block-column-is-layout-flow\">\n<figure class=\"wp-block-video\"><video height=\"720\" style=\"aspect-ratio: 1280 \/ 720;\" width=\"1280\" autoplay=\"\" controls=\"\" loop=\"\" muted=\"\" src=\"https:\/\/evolve-fitness.eu\/wp-content\/uploads\/2023\/10\/Evolve-cable.mp4\"><\/video><\/figure>\n<\/div>\n<\/div>\n\n\n\n<div class=\"wp-block-columns alignwide are-vertically-aligned-center mobile-reverse is-layout-flex wp-container-core-columns-is-layout-e8158c2f wp-block-columns-is-layout-flex\" style=\"padding-top:var(--wp--preset--spacing--side-padding)\">\n<div class=\"wp-block-column is-vertically-aligned-center is-layout-flow wp-block-column-is-layout-flow\">\n<figure class=\"wp-block-video\"><video height=\"1080\" style=\"aspect-ratio: 1920 \/ 1080;\" width=\"1920\" autoplay=\"\" controls=\"\" loop=\"\" muted=\"\" src=\"https:\/\/evolve-fitness.eu\/wp-content\/uploads\/2023\/08\/UL-040-Weight-Stack.mp4\"><\/video><\/figure>\n<\/div>\n\n\n\n<div class=\"wp-block-column is-vertically-aligned-center is-layout-flow wp-block-column-is-layout-flow\">\n<h3 class=\"wp-block-heading\" style=\"margin-bottom:var(--wp--preset--spacing--h-3-bottom)\"><strong>Pila di pesi<\/strong><\/h3>\n\n\n\n<p><strong><em><strong><em>Elevare l&#8217;esperienza del fitness<\/em><\/strong><\/em><\/strong><\/p>\n\n\n\n<p style=\"margin-bottom:var(--wp--preset--spacing--tb-section-padding)\">La macchina per curl bicipiti selettorizzata Evolve Ultra Series \u00e8 dotata di una pila di pesi da 80 kg, con la possibilit\u00e0 di passare a 142 kg per gli utenti che desiderano una maggiore intensit\u00e0 di allenamento. La pila dei pesi completamente chiusa migliora la sicurezza durante gli allenamenti e aggiunge un design pulito, moderno e professionale alla macchina. <\/p>\n<\/div>\n<\/div>\n\n\n\n<div class=\"wp-block-columns alignwide are-vertically-aligned-center mobile-reverse is-layout-flex wp-container-core-columns-is-layout-e8158c2f wp-block-columns-is-layout-flex\" style=\"padding-top:var(--wp--preset--spacing--side-padding)\">\n<div class=\"wp-block-column is-vertically-aligned-center is-layout-flow wp-block-column-is-layout-flow\">\n<h3 class=\"wp-block-heading\" style=\"margin-bottom:var(--wp--preset--spacing--h-3-bottom)\"><strong>Durevole e protettivo<\/strong><\/h3>\n\n\n\n<p><strong><em><strong><em>Verniciato a polvere elettrostatica<\/em><\/strong><\/em><\/strong><\/p>\n\n\n\n<p style=\"margin-bottom:var(--wp--preset--spacing--tb-section-padding)\">Le macchine per la forza della Serie Evolve Ultra hanno un telaio verniciato a polvere elettrostatica in nero perlato opaco che bilancia perfettamente stile e funzionalit\u00e0. La raffinata finitura opaca esalta l&#8217;aspetto premium della macchina, mentre le sue propriet\u00e0 antiattrito, anticorrosione e antigraffio garantiscono una durata eccezionale e un&#8217;affidabilit\u00e0 a lungo termine negli ambienti fitness pi\u00f9 esigenti. Scudi protettivi I robusti piedini in gomma delle macchine della Serie Evolve Ultra fungono da scudi protettivi, aiutando a prevenire potenziali danni alle superfici del pavimento durante l&#8217;uso. Progettati per garantire protezione e stabilit\u00e0, questi piedini in gomma per impieghi gravosi non solo salvaguardano il pavimento, ma migliorano anche l&#8217;equilibrio generale e il posizionamento sicuro della macchina.   <\/p>\n<\/div>\n\n\n\n<div class=\"wp-block-column is-vertically-aligned-center is-layout-flow wp-block-column-is-layout-flow\">\n<figure class=\"wp-block-video\"><video height=\"720\" style=\"aspect-ratio: 1280 \/ 720;\" width=\"1280\" autoplay=\"\" controls=\"\" loop=\"\" muted=\"\" src=\"https:\/\/evolve-fitness.eu\/wp-content\/uploads\/2023\/10\/Evolve-Double-powder-coated-Frame.mp4\"><\/video><\/figure>\n<\/div>\n<\/div>\n<\/section>\n\n<p>ipe \/ per scegliere un blocco<\/p>\n","protected":false},"excerpt":{"rendered":"<p>La macchina per curl ed estensioni delle braccia con carico su piastra Evolve Ultra Series (UL-440) combina due esercizi essenziali per le braccia, i curl per i bicipiti e le estensioni per i tricipiti, in un&#8217;unica unit\u00e0 efficiente. Il sistema di selezione a piastre permette di regolare la resistenza in modo rapido e preciso, garantendo un&#8217;attivazione muscolare controllata e mirata. I supporti ergonomici per le braccia e il posizionamento delle maniglie mantengono un allineamento ottimale, migliorando il comfort e riducendo gli sforzi inutili. Costruita in acciaio di qualit\u00e0 commerciale con finiture di pregio, la UL-440 offre una lunga durata e un movimento guidato fluido adatto a un uso ad alta intensit\u00e0. Grazie al suo ingombro ridotto e alle sue prestazioni affidabili, \u00e8 la scelta ideale per gli ambienti di allenamento professionali che cercano un&#8217;attrezzatura versatile per la parte superiore del corpo.    <\/p>\n","protected":false},"featured_media":214472,"template":"","meta":{"_acf_changed":false,"inline_featured_image":false},"product_brand":[],"product_cat":[3856,2821],"product_tag":[],"class_list":{"0":"post-214471","1":"product","2":"type-product","3":"status-publish","4":"has-post-thumbnail","6":"product_cat-macchine-selettive-della-serie-ultra","7":"product_cat-macchine-selezionate","9":"first","10":"instock","11":"shipping-taxable","12":"purchasable","13":"product-type-simple"},"acf":{"long_title":"Macchina selezionata per i piegamenti e le estensioni delle braccia della serie Ultra di Evolve (UL-440)","subtitle":"","specifications":[{"label":"SKU","text_value":"EV-SC-UL-440","icon":"x"},{"label":"Dimensioni","text_value":"1380 x 1207 x 1602 mm","icon":"x"},{"label":"Peso","text_value":"142 kg","icon":"x"},{"label":"Pila di pesi","text_value":"80 kg","icon":"x"},{"label":"Max. Pila di pesi","text_value":"117,5 kg","icon":"x"},{"label":"Spessore del telaio","text_value":"3 mm","icon":"x"},{"label":"Piastra di peso superiore","text_value":"","icon":"v"},{"label":"Posizione di allenamento regolabile","text_value":"","icon":"v"},{"label":"Perno magnetico per la pila dei pesi","text_value":"","icon":"v"},{"label":"Cartello con istruzioni per la formazione","text_value":"","icon":"v"},{"label":"Pila di pesi ricoperta","text_value":"","icon":"v"},{"label":"Protezioni per pavimenti durevoli","text_value":"","icon":"v"},{"label":"Vernice anticorrosione","text_value":"","icon":"v"},{"label":"Imbottitura spessa rivestita in pelle PU","text_value":"","icon":"v"},{"label":"Cavo in nylon","text_value":"2 anni","icon":"v"},{"label":"Maniglie antiscivolo","text_value":"","icon":"v"},{"label":"Garanzia","text_value":"2 anni","icon":"x"}],"product_frequently_asked_questions":null},"yoast_head":"<!-- This site is optimized with the Yoast SEO plugin v27.4 - https:\/\/yoast.com\/product\/yoast-seo-wordpress\/ -->\n<title>Macchina selezionata per i piegamenti e le estensioni delle braccia della serie Ultra di Evolve (UL-440) - Evolve<\/title>\n<meta name=\"description\" content=\"La macchina selezionata per il curling e l&#039;estensione delle braccia con carico a piastre della serie Ultra di Evolve (UL-440) combina due esercizi essenziali per le braccia\" \/>\n<meta name=\"robots\" content=\"index, follow, max-snippet:-1, max-image-preview:large, max-video-preview:-1\" \/>\n<link rel=\"canonical\" href=\"https:\/\/evolve-fitness.eu\/it\/prodotto\/macchina-selezionata-per-i-piegamenti-e-le-estensioni-delle-braccia-della-serie-ultra-di-evolve-ul-440\/\" \/>\n<meta property=\"og:locale\" content=\"it_IT\" \/>\n<meta property=\"og:type\" content=\"article\" \/>\n<meta property=\"og:title\" content=\"Macchina selezionata per i piegamenti e le estensioni delle braccia della serie Ultra di Evolve (UL-440) - Evolve\" \/>\n<meta property=\"og:description\" content=\"La macchina selezionata per il curling e l&#039;estensione delle braccia con carico a piastre della serie Ultra di Evolve (UL-440) combina due esercizi essenziali per le braccia\" \/>\n<meta property=\"og:url\" content=\"https:\/\/evolve-fitness.eu\/it\/prodotto\/macchina-selezionata-per-i-piegamenti-e-le-estensioni-delle-braccia-della-serie-ultra-di-evolve-ul-440\/\" \/>\n<meta property=\"og:site_name\" content=\"Evolve\" \/>\n<meta property=\"article:publisher\" content=\"https:\/\/www.facebook.com\/EvolveFitnessEurope\" \/>\n<meta property=\"article:modified_time\" content=\"2026-03-26T09:51:24+00:00\" \/>\n<meta property=\"og:image\" content=\"https:\/\/evolve-fitness.eu\/wp-content\/uploads\/2025\/11\/EV-SC-UL-440-Evolve-Ultra-Series-Selectorized-Arm-Curl-and-Extension-Mac-3.png\" \/>\n\t<meta property=\"og:image:width\" content=\"1000\" \/>\n\t<meta property=\"og:image:height\" content=\"1000\" \/>\n\t<meta property=\"og:image:type\" content=\"image\/png\" \/>\n<meta name=\"twitter:card\" content=\"summary_large_image\" \/>\n<script type=\"application\/ld+json\" class=\"yoast-schema-graph\">{\"@context\":\"https:\\\/\\\/schema.org\",\"@graph\":[{\"@type\":\"WebPage\",\"@id\":\"https:\\\/\\\/evolve-fitness.eu\\\/it\\\/prodotto\\\/macchina-selezionata-per-i-piegamenti-e-le-estensioni-delle-braccia-della-serie-ultra-di-evolve-ul-440\\\/\",\"url\":\"https:\\\/\\\/evolve-fitness.eu\\\/it\\\/prodotto\\\/macchina-selezionata-per-i-piegamenti-e-le-estensioni-delle-braccia-della-serie-ultra-di-evolve-ul-440\\\/\",\"name\":\"Macchina selezionata per i piegamenti e le estensioni delle braccia della serie Ultra di Evolve (UL-440) - Evolve\",\"isPartOf\":{\"@id\":\"https:\\\/\\\/evolve-fitness.eu\\\/it\\\/#website\"},\"primaryImageOfPage\":{\"@id\":\"https:\\\/\\\/evolve-fitness.eu\\\/it\\\/prodotto\\\/macchina-selezionata-per-i-piegamenti-e-le-estensioni-delle-braccia-della-serie-ultra-di-evolve-ul-440\\\/#primaryimage\"},\"image\":{\"@id\":\"https:\\\/\\\/evolve-fitness.eu\\\/it\\\/prodotto\\\/macchina-selezionata-per-i-piegamenti-e-le-estensioni-delle-braccia-della-serie-ultra-di-evolve-ul-440\\\/#primaryimage\"},\"thumbnailUrl\":\"https:\\\/\\\/evolve-fitness.eu\\\/wp-content\\\/uploads\\\/2025\\\/11\\\/EV-SC-UL-440-Evolve-Ultra-Series-Selectorized-Arm-Curl-and-Extension-Mac-3.png\",\"datePublished\":\"2025-11-17T11:28:50+00:00\",\"dateModified\":\"2026-03-26T09:51:24+00:00\",\"description\":\"La macchina selezionata per il curling e l'estensione delle braccia con carico a piastre della serie Ultra di Evolve (UL-440) combina due esercizi essenziali per le braccia\",\"breadcrumb\":{\"@id\":\"https:\\\/\\\/evolve-fitness.eu\\\/it\\\/prodotto\\\/macchina-selezionata-per-i-piegamenti-e-le-estensioni-delle-braccia-della-serie-ultra-di-evolve-ul-440\\\/#breadcrumb\"},\"inLanguage\":\"it-IT\",\"potentialAction\":[{\"@type\":\"ReadAction\",\"target\":[\"https:\\\/\\\/evolve-fitness.eu\\\/it\\\/prodotto\\\/macchina-selezionata-per-i-piegamenti-e-le-estensioni-delle-braccia-della-serie-ultra-di-evolve-ul-440\\\/\"]}]},{\"@type\":\"ImageObject\",\"inLanguage\":\"it-IT\",\"@id\":\"https:\\\/\\\/evolve-fitness.eu\\\/it\\\/prodotto\\\/macchina-selezionata-per-i-piegamenti-e-le-estensioni-delle-braccia-della-serie-ultra-di-evolve-ul-440\\\/#primaryimage\",\"url\":\"https:\\\/\\\/evolve-fitness.eu\\\/wp-content\\\/uploads\\\/2025\\\/11\\\/EV-SC-UL-440-Evolve-Ultra-Series-Selectorized-Arm-Curl-and-Extension-Mac-3.png\",\"contentUrl\":\"https:\\\/\\\/evolve-fitness.eu\\\/wp-content\\\/uploads\\\/2025\\\/11\\\/EV-SC-UL-440-Evolve-Ultra-Series-Selectorized-Arm-Curl-and-Extension-Mac-3.png\",\"width\":1000,\"height\":1000},{\"@type\":\"BreadcrumbList\",\"@id\":\"https:\\\/\\\/evolve-fitness.eu\\\/it\\\/prodotto\\\/macchina-selezionata-per-i-piegamenti-e-le-estensioni-delle-braccia-della-serie-ultra-di-evolve-ul-440\\\/#breadcrumb\",\"itemListElement\":[{\"@type\":\"ListItem\",\"position\":1,\"name\":\"Home\",\"item\":\"https:\\\/\\\/evolve-fitness.eu\\\/it\\\/\"},{\"@type\":\"ListItem\",\"position\":2,\"name\":\"Prodotti\",\"item\":\"https:\\\/\\\/evolve-fitness.eu\\\/it\\\/shop\\\/\"},{\"@type\":\"ListItem\",\"position\":3,\"name\":\"Macchina selezionata per i piegamenti e le estensioni delle braccia della serie Ultra di Evolve (UL-440)\"}]},{\"@type\":\"WebSite\",\"@id\":\"https:\\\/\\\/evolve-fitness.eu\\\/it\\\/#website\",\"url\":\"https:\\\/\\\/evolve-fitness.eu\\\/it\\\/\",\"name\":\"Evolve\",\"description\":\"Your Evolved Gear Arrived\",\"publisher\":{\"@id\":\"https:\\\/\\\/evolve-fitness.eu\\\/it\\\/#organization\"},\"potentialAction\":[{\"@type\":\"SearchAction\",\"target\":{\"@type\":\"EntryPoint\",\"urlTemplate\":\"https:\\\/\\\/evolve-fitness.eu\\\/it\\\/?s={search_term_string}\"},\"query-input\":{\"@type\":\"PropertyValueSpecification\",\"valueRequired\":true,\"valueName\":\"search_term_string\"}}],\"inLanguage\":\"it-IT\"},{\"@type\":\"Organization\",\"@id\":\"https:\\\/\\\/evolve-fitness.eu\\\/it\\\/#organization\",\"name\":\"Evolve\",\"url\":\"https:\\\/\\\/evolve-fitness.eu\\\/it\\\/\",\"logo\":{\"@type\":\"ImageObject\",\"inLanguage\":\"it-IT\",\"@id\":\"https:\\\/\\\/evolve-fitness.eu\\\/it\\\/#\\\/schema\\\/logo\\\/image\\\/\",\"url\":\"https:\\\/\\\/evolve-fitness.eu\\\/wp-content\\\/uploads\\\/2023\\\/05\\\/Evolve-logo.svg\",\"contentUrl\":\"https:\\\/\\\/evolve-fitness.eu\\\/wp-content\\\/uploads\\\/2023\\\/05\\\/Evolve-logo.svg\",\"width\":176,\"height\":20,\"caption\":\"Evolve\"},\"image\":{\"@id\":\"https:\\\/\\\/evolve-fitness.eu\\\/it\\\/#\\\/schema\\\/logo\\\/image\\\/\"},\"sameAs\":[\"https:\\\/\\\/www.facebook.com\\\/EvolveFitnessEurope\"]}]}<\/script>\n<!-- \/ Yoast SEO plugin. -->","yoast_head_json":{"title":"Macchina selezionata per i piegamenti e le estensioni delle braccia della serie Ultra di Evolve (UL-440) - Evolve","description":"La macchina selezionata per il curling e l'estensione delle braccia con carico a piastre della serie Ultra di Evolve (UL-440) combina due esercizi essenziali per le braccia","robots":{"index":"index","follow":"follow","max-snippet":"max-snippet:-1","max-image-preview":"max-image-preview:large","max-video-preview":"max-video-preview:-1"},"canonical":"https:\/\/evolve-fitness.eu\/it\/prodotto\/macchina-selezionata-per-i-piegamenti-e-le-estensioni-delle-braccia-della-serie-ultra-di-evolve-ul-440\/","og_locale":"it_IT","og_type":"article","og_title":"Macchina selezionata per i piegamenti e le estensioni delle braccia della serie Ultra di Evolve (UL-440) - Evolve","og_description":"La macchina selezionata per il curling e l'estensione delle braccia con carico a piastre della serie Ultra di Evolve (UL-440) combina due esercizi essenziali per le braccia","og_url":"https:\/\/evolve-fitness.eu\/it\/prodotto\/macchina-selezionata-per-i-piegamenti-e-le-estensioni-delle-braccia-della-serie-ultra-di-evolve-ul-440\/","og_site_name":"Evolve","article_publisher":"https:\/\/www.facebook.com\/EvolveFitnessEurope","article_modified_time":"2026-03-26T09:51:24+00:00","og_image":[{"width":1000,"height":1000,"url":"https:\/\/evolve-fitness.eu\/wp-content\/uploads\/2025\/11\/EV-SC-UL-440-Evolve-Ultra-Series-Selectorized-Arm-Curl-and-Extension-Mac-3.png","type":"image\/png"}],"twitter_card":"summary_large_image","schema":{"@context":"https:\/\/schema.org","@graph":[{"@type":"WebPage","@id":"https:\/\/evolve-fitness.eu\/it\/prodotto\/macchina-selezionata-per-i-piegamenti-e-le-estensioni-delle-braccia-della-serie-ultra-di-evolve-ul-440\/","url":"https:\/\/evolve-fitness.eu\/it\/prodotto\/macchina-selezionata-per-i-piegamenti-e-le-estensioni-delle-braccia-della-serie-ultra-di-evolve-ul-440\/","name":"Macchina selezionata per i piegamenti e le estensioni delle braccia della serie Ultra di Evolve (UL-440) - Evolve","isPartOf":{"@id":"https:\/\/evolve-fitness.eu\/it\/#website"},"primaryImageOfPage":{"@id":"https:\/\/evolve-fitness.eu\/it\/prodotto\/macchina-selezionata-per-i-piegamenti-e-le-estensioni-delle-braccia-della-serie-ultra-di-evolve-ul-440\/#primaryimage"},"image":{"@id":"https:\/\/evolve-fitness.eu\/it\/prodotto\/macchina-selezionata-per-i-piegamenti-e-le-estensioni-delle-braccia-della-serie-ultra-di-evolve-ul-440\/#primaryimage"},"thumbnailUrl":"https:\/\/evolve-fitness.eu\/wp-content\/uploads\/2025\/11\/EV-SC-UL-440-Evolve-Ultra-Series-Selectorized-Arm-Curl-and-Extension-Mac-3.png","datePublished":"2025-11-17T11:28:50+00:00","dateModified":"2026-03-26T09:51:24+00:00","description":"La macchina selezionata per il curling e l'estensione delle braccia con carico a piastre della serie Ultra di Evolve (UL-440) combina due esercizi essenziali per le braccia","breadcrumb":{"@id":"https:\/\/evolve-fitness.eu\/it\/prodotto\/macchina-selezionata-per-i-piegamenti-e-le-estensioni-delle-braccia-della-serie-ultra-di-evolve-ul-440\/#breadcrumb"},"inLanguage":"it-IT","potentialAction":[{"@type":"ReadAction","target":["https:\/\/evolve-fitness.eu\/it\/prodotto\/macchina-selezionata-per-i-piegamenti-e-le-estensioni-delle-braccia-della-serie-ultra-di-evolve-ul-440\/"]}]},{"@type":"ImageObject","inLanguage":"it-IT","@id":"https:\/\/evolve-fitness.eu\/it\/prodotto\/macchina-selezionata-per-i-piegamenti-e-le-estensioni-delle-braccia-della-serie-ultra-di-evolve-ul-440\/#primaryimage","url":"https:\/\/evolve-fitness.eu\/wp-content\/uploads\/2025\/11\/EV-SC-UL-440-Evolve-Ultra-Series-Selectorized-Arm-Curl-and-Extension-Mac-3.png","contentUrl":"https:\/\/evolve-fitness.eu\/wp-content\/uploads\/2025\/11\/EV-SC-UL-440-Evolve-Ultra-Series-Selectorized-Arm-Curl-and-Extension-Mac-3.png","width":1000,"height":1000},{"@type":"BreadcrumbList","@id":"https:\/\/evolve-fitness.eu\/it\/prodotto\/macchina-selezionata-per-i-piegamenti-e-le-estensioni-delle-braccia-della-serie-ultra-di-evolve-ul-440\/#breadcrumb","itemListElement":[{"@type":"ListItem","position":1,"name":"Home","item":"https:\/\/evolve-fitness.eu\/it\/"},{"@type":"ListItem","position":2,"name":"Prodotti","item":"https:\/\/evolve-fitness.eu\/it\/shop\/"},{"@type":"ListItem","position":3,"name":"Macchina selezionata per i piegamenti e le estensioni delle braccia della serie Ultra di Evolve (UL-440)"}]},{"@type":"WebSite","@id":"https:\/\/evolve-fitness.eu\/it\/#website","url":"https:\/\/evolve-fitness.eu\/it\/","name":"Evolve","description":"Your Evolved Gear Arrived","publisher":{"@id":"https:\/\/evolve-fitness.eu\/it\/#organization"},"potentialAction":[{"@type":"SearchAction","target":{"@type":"EntryPoint","urlTemplate":"https:\/\/evolve-fitness.eu\/it\/?s={search_term_string}"},"query-input":{"@type":"PropertyValueSpecification","valueRequired":true,"valueName":"search_term_string"}}],"inLanguage":"it-IT"},{"@type":"Organization","@id":"https:\/\/evolve-fitness.eu\/it\/#organization","name":"Evolve","url":"https:\/\/evolve-fitness.eu\/it\/","logo":{"@type":"ImageObject","inLanguage":"it-IT","@id":"https:\/\/evolve-fitness.eu\/it\/#\/schema\/logo\/image\/","url":"https:\/\/evolve-fitness.eu\/wp-content\/uploads\/2023\/05\/Evolve-logo.svg","contentUrl":"https:\/\/evolve-fitness.eu\/wp-content\/uploads\/2023\/05\/Evolve-logo.svg","width":176,"height":20,"caption":"Evolve"},"image":{"@id":"https:\/\/evolve-fitness.eu\/it\/#\/schema\/logo\/image\/"},"sameAs":["https:\/\/www.facebook.com\/EvolveFitnessEurope"]}]}},"_links":{"self":[{"href":"https:\/\/evolve-fitness.eu\/it\/wp-json\/wp\/v2\/product\/214471","targetHints":{"allow":["GET"]}}],"collection":[{"href":"https:\/\/evolve-fitness.eu\/it\/wp-json\/wp\/v2\/product"}],"about":[{"href":"https:\/\/evolve-fitness.eu\/it\/wp-json\/wp\/v2\/types\/product"}],"wp:featuredmedia":[{"embeddable":true,"href":"https:\/\/evolve-fitness.eu\/it\/wp-json\/wp\/v2\/media\/214472"}],"wp:attachment":[{"href":"https:\/\/evolve-fitness.eu\/it\/wp-json\/wp\/v2\/media?parent=214471"}],"wp:term":[{"taxonomy":"product_brand","embeddable":true,"href":"https:\/\/evolve-fitness.eu\/it\/wp-json\/wp\/v2\/product_brand?post=214471"},{"taxonomy":"product_cat","embeddable":true,"href":"https:\/\/evolve-fitness.eu\/it\/wp-json\/wp\/v2\/product_cat?post=214471"},{"taxonomy":"product_tag","embeddable":true,"href":"https:\/\/evolve-fitness.eu\/it\/wp-json\/wp\/v2\/product_tag?post=214471"}],"curies":[{"name":"wp","href":"https:\/\/api.w.org\/{rel}","templated":true}]}}