{"id":224469,"date":"2025-11-14T14:48:28","date_gmt":"2025-11-14T12:48:28","guid":{"rendered":"https:\/\/evolve-fitness.eu\/product\/abduzione-dellanca-da-seduti-con-carico-su-piastra-della-serie-ultra-di-evolve-ul-620\/"},"modified":"2026-03-06T16:08:24","modified_gmt":"2026-03-06T14:08:24","slug":"abduzione-dellanca-da-seduti-con-carico-su-piastra-della-serie-ultra-di-evolve-ul-620","status":"publish","type":"product","link":"https:\/\/evolve-fitness.eu\/it\/prodotto\/abduzione-dellanca-da-seduti-con-carico-su-piastra-della-serie-ultra-di-evolve-ul-620\/","title":{"rendered":"Abduzione dell&#8217;anca da seduti con carico su piastra della serie Ultra di Evolve (UL-620)"},"content":{"rendered":"\n<section class=\"wp-block-group alignfull black-content has-white-color has-darkgray-background-color has-text-color has-background is-layout-constrained wp-block-group-is-layout-constrained\" style=\"padding-top:var(--wp--preset--spacing--section-bottom);padding-bottom:var(--wp--preset--spacing--section-bottom)\">\n<div class=\"wp-block-columns alignwide mobile-reverse is-layout-flex wp-container-core-columns-is-layout-ca64bf2d wp-block-columns-is-layout-flex\" style=\"margin-bottom:var(--wp--preset--spacing--side-padding)\">\n<div class=\"wp-block-column is-vertically-aligned-center is-layout-flow wp-block-column-is-layout-flow\">\n<h3 class=\"wp-block-heading\" style=\"margin-bottom:var(--wp--preset--spacing--h-3-bottom)\"><strong><strong><strong><strong><strong><strong><strong><strong><strong><strong><strong>Abduzione dell&#8217;anca da seduti con carico su piastra della serie Evolve Ultra  <\/strong><\/strong><\/strong><\/strong><\/strong><\/strong><\/strong><\/strong><\/strong><\/strong><\/strong><\/h3>\n\n\n\n<p style=\"margin-bottom:var(--wp--preset--spacing--tb-section-padding)\">L&#8217;abduzione dell&#8217;anca da seduti con carico su piastra UL-620 di Evolve Ultra Series offre una resistenza regolabile con carico su piastra, consentendo agli utenti di personalizzare l&#8217;intensit\u00e0 dell&#8217;allenamento con piastre di peso standard per una progressione efficiente a tutti i livelli di fitness. La posizione ergonomica da seduti con supporti ben sagomati garantisce un corretto allineamento del corpo, riducendo al minimo gli sforzi e migliorando l&#8217;attivazione dei muscoli stabilizzatori. Il movimento controllato di abduzione dell&#8217;anca agisce efficacemente sulla muscolatura dei glutei e dell&#8217;anca, migliorando la forza, la stabilit\u00e0 e la funzionalit\u00e0 generale della parte inferiore del corpo. Costruita in acciaio di qualit\u00e0 commerciale e con finiture di pregio, la macchina offre una resistenza a lungo termine adatta agli ambienti di allenamento pi\u00f9 esigenti. Il comodo alloggiamento integrato per i piatti mantiene i pesi organizzati e accessibili, mentre il design compatto garantisce un uso efficiente dello spazio sia nelle palestre commerciali che nelle aree di allenamento domestiche.    <\/p>\n<\/div>\n\n\n\n<div class=\"wp-block-column is-vertically-aligned-center is-layout-flow wp-block-column-is-layout-flow\">\n<figure class=\"wp-block-image size-large\"><img decoding=\"async\" src=\"https:\/\/store.evolve-fitness.eu\/wp-content\/uploads\/2025\/11\/EV-PL-UL-620-5-3-1024x1024.png\" alt=\"\" class=\"wp-image-147007\"\/><\/figure>\n<\/div>\n<\/div>\n<\/section>\n","protected":false},"excerpt":{"rendered":"<p>  Migliora la zona di allenamento della forza della tua palestra con l&#8217;abduzione dell&#8217;anca da seduti con carico su piastra della serie Ultra di Evolve. Progettata per le palestre professionali e commerciali, questa macchina si rivolge ai glutei e alla parte esterna delle cosce con precisione e controllo. Presenta un telaio in acciaio resistente con protezione antiruggine, un sistema di resistenza a piastre e una posizione di partenza regolabile per un allenamento personalizzato.  <\/p>\n<p>I cuscini ergonomici e le maniglie antiscivolo assicurano all&#8217;utente comfort e stabilit\u00e0 durante l&#8217;allenamento, mentre i materiali di alta qualit\u00e0 garantiscono prestazioni durature. Grazie alle opzioni di colore del telaio e del rivestimento personalizzabili e alla garanzia di 2 anni, la Evolve Ultra Series Seated Hip Abduction \u00e8 la scelta migliore per le palestre che vogliono offrire attrezzature affidabili e biomeccanicamente avanzate. <\/p>\n","protected":false},"featured_media":224470,"template":"","meta":{"_acf_changed":false,"inline_featured_image":false},"product_brand":[],"product_cat":[4880,4881],"product_tag":[],"class_list":{"0":"post-224469","1":"product","2":"type-product","3":"status-publish","4":"has-post-thumbnail","6":"product_cat-macchine-a-piastre","7":"product_cat-macchine-con-carico-a-piastra-della-serie-ultra","9":"first","10":"instock","11":"shipping-taxable","12":"purchasable","13":"product-type-simple"},"acf":{"long_title":"  Abduzione dell'anca da seduti con carico su piastra della serie Ultra di Evolve (UL-620)","subtitle":"","specifications":[{"label":"SKU","text_value":"EV-PL-UL-620","icon":"x"},{"label":"Dimensioni","text_value":"1895 x 1407 x 1247 mm","icon":"x"},{"label":"Peso","text_value":"165 kg","icon":"x"},{"label":"Max. carico","text_value":"150 kg","icon":"x"},{"label":"Spessore del telaio","text_value":"3 mm","icon":"x"},{"label":"Imbottitura spessa","text_value":"","icon":"v"},{"label":"Protezioni per pavimenti durevoli","text_value":"","icon":"v"},{"label":"Maniglie antiscivolo","text_value":"","icon":"v"},{"label":"Vernice anticorrosione","text_value":"","icon":"v"},{"label":"Struttura in metallo senza spigoli vivi","text_value":"","icon":"v"},{"label":"Protezioni per pavimenti durevoli","text_value":"","icon":"v"},{"label":"Garanzia","text_value":"2 anni","icon":"x"}]},"yoast_head":"<!-- This site is optimized with the Yoast SEO plugin v27.4 - https:\/\/yoast.com\/product\/yoast-seo-wordpress\/ -->\n<title>Abduzione dell&#039;anca da seduti con carico su piastra della serie Ultra di Evolve (UL-620) - Evolve<\/title>\n<meta name=\"robots\" content=\"index, follow, max-snippet:-1, max-image-preview:large, max-video-preview:-1\" \/>\n<link rel=\"canonical\" href=\"https:\/\/evolve-fitness.eu\/it\/prodotto\/abduzione-dellanca-da-seduti-con-carico-su-piastra-della-serie-ultra-di-evolve-ul-620\/\" \/>\n<meta property=\"og:locale\" content=\"it_IT\" \/>\n<meta property=\"og:type\" content=\"article\" \/>\n<meta property=\"og:title\" content=\"Abduzione dell&#039;anca da seduti con carico su piastra della serie Ultra di Evolve (UL-620) - Evolve\" \/>\n<meta property=\"og:url\" content=\"https:\/\/evolve-fitness.eu\/it\/prodotto\/abduzione-dellanca-da-seduti-con-carico-su-piastra-della-serie-ultra-di-evolve-ul-620\/\" \/>\n<meta property=\"og:site_name\" content=\"Evolve\" \/>\n<meta property=\"article:publisher\" content=\"https:\/\/www.facebook.com\/EvolveFitnessEurope\" \/>\n<meta property=\"article:modified_time\" content=\"2026-03-06T14:08:24+00:00\" \/>\n<meta property=\"og:image\" content=\"https:\/\/evolve-fitness.eu\/wp-content\/uploads\/2025\/11\/EV-PL-UL-620-5.png\" \/>\n\t<meta property=\"og:image:width\" content=\"1200\" \/>\n\t<meta property=\"og:image:height\" content=\"1200\" \/>\n\t<meta property=\"og:image:type\" content=\"image\/png\" \/>\n<meta name=\"twitter:card\" content=\"summary_large_image\" \/>\n<script type=\"application\/ld+json\" class=\"yoast-schema-graph\">{\"@context\":\"https:\\\/\\\/schema.org\",\"@graph\":[{\"@type\":\"WebPage\",\"@id\":\"https:\\\/\\\/evolve-fitness.eu\\\/it\\\/prodotto\\\/abduzione-dellanca-da-seduti-con-carico-su-piastra-della-serie-ultra-di-evolve-ul-620\\\/\",\"url\":\"https:\\\/\\\/evolve-fitness.eu\\\/it\\\/prodotto\\\/abduzione-dellanca-da-seduti-con-carico-su-piastra-della-serie-ultra-di-evolve-ul-620\\\/\",\"name\":\"Abduzione dell'anca da seduti con carico su piastra della serie Ultra di Evolve (UL-620) - Evolve\",\"isPartOf\":{\"@id\":\"https:\\\/\\\/evolve-fitness.eu\\\/it\\\/#website\"},\"primaryImageOfPage\":{\"@id\":\"https:\\\/\\\/evolve-fitness.eu\\\/it\\\/prodotto\\\/abduzione-dellanca-da-seduti-con-carico-su-piastra-della-serie-ultra-di-evolve-ul-620\\\/#primaryimage\"},\"image\":{\"@id\":\"https:\\\/\\\/evolve-fitness.eu\\\/it\\\/prodotto\\\/abduzione-dellanca-da-seduti-con-carico-su-piastra-della-serie-ultra-di-evolve-ul-620\\\/#primaryimage\"},\"thumbnailUrl\":\"https:\\\/\\\/evolve-fitness.eu\\\/wp-content\\\/uploads\\\/2025\\\/11\\\/EV-PL-UL-620-5.png\",\"datePublished\":\"2025-11-14T12:48:28+00:00\",\"dateModified\":\"2026-03-06T14:08:24+00:00\",\"breadcrumb\":{\"@id\":\"https:\\\/\\\/evolve-fitness.eu\\\/it\\\/prodotto\\\/abduzione-dellanca-da-seduti-con-carico-su-piastra-della-serie-ultra-di-evolve-ul-620\\\/#breadcrumb\"},\"inLanguage\":\"it-IT\",\"potentialAction\":[{\"@type\":\"ReadAction\",\"target\":[\"https:\\\/\\\/evolve-fitness.eu\\\/it\\\/prodotto\\\/abduzione-dellanca-da-seduti-con-carico-su-piastra-della-serie-ultra-di-evolve-ul-620\\\/\"]}]},{\"@type\":\"ImageObject\",\"inLanguage\":\"it-IT\",\"@id\":\"https:\\\/\\\/evolve-fitness.eu\\\/it\\\/prodotto\\\/abduzione-dellanca-da-seduti-con-carico-su-piastra-della-serie-ultra-di-evolve-ul-620\\\/#primaryimage\",\"url\":\"https:\\\/\\\/evolve-fitness.eu\\\/wp-content\\\/uploads\\\/2025\\\/11\\\/EV-PL-UL-620-5.png\",\"contentUrl\":\"https:\\\/\\\/evolve-fitness.eu\\\/wp-content\\\/uploads\\\/2025\\\/11\\\/EV-PL-UL-620-5.png\",\"width\":1200,\"height\":1200},{\"@type\":\"BreadcrumbList\",\"@id\":\"https:\\\/\\\/evolve-fitness.eu\\\/it\\\/prodotto\\\/abduzione-dellanca-da-seduti-con-carico-su-piastra-della-serie-ultra-di-evolve-ul-620\\\/#breadcrumb\",\"itemListElement\":[{\"@type\":\"ListItem\",\"position\":1,\"name\":\"Home\",\"item\":\"https:\\\/\\\/evolve-fitness.eu\\\/it\\\/\"},{\"@type\":\"ListItem\",\"position\":2,\"name\":\"Prodotti\",\"item\":\"https:\\\/\\\/evolve-fitness.eu\\\/it\\\/shop\\\/\"},{\"@type\":\"ListItem\",\"position\":3,\"name\":\"Abduzione dell&#8217;anca da seduti con carico su piastra della serie Ultra di Evolve (UL-620)\"}]},{\"@type\":\"WebSite\",\"@id\":\"https:\\\/\\\/evolve-fitness.eu\\\/it\\\/#website\",\"url\":\"https:\\\/\\\/evolve-fitness.eu\\\/it\\\/\",\"name\":\"Evolve\",\"description\":\"Your Evolved Gear Arrived\",\"publisher\":{\"@id\":\"https:\\\/\\\/evolve-fitness.eu\\\/it\\\/#organization\"},\"potentialAction\":[{\"@type\":\"SearchAction\",\"target\":{\"@type\":\"EntryPoint\",\"urlTemplate\":\"https:\\\/\\\/evolve-fitness.eu\\\/it\\\/?s={search_term_string}\"},\"query-input\":{\"@type\":\"PropertyValueSpecification\",\"valueRequired\":true,\"valueName\":\"search_term_string\"}}],\"inLanguage\":\"it-IT\"},{\"@type\":\"Organization\",\"@id\":\"https:\\\/\\\/evolve-fitness.eu\\\/it\\\/#organization\",\"name\":\"Evolve\",\"url\":\"https:\\\/\\\/evolve-fitness.eu\\\/it\\\/\",\"logo\":{\"@type\":\"ImageObject\",\"inLanguage\":\"it-IT\",\"@id\":\"https:\\\/\\\/evolve-fitness.eu\\\/it\\\/#\\\/schema\\\/logo\\\/image\\\/\",\"url\":\"https:\\\/\\\/evolve-fitness.eu\\\/wp-content\\\/uploads\\\/2023\\\/05\\\/Evolve-logo.svg\",\"contentUrl\":\"https:\\\/\\\/evolve-fitness.eu\\\/wp-content\\\/uploads\\\/2023\\\/05\\\/Evolve-logo.svg\",\"width\":176,\"height\":20,\"caption\":\"Evolve\"},\"image\":{\"@id\":\"https:\\\/\\\/evolve-fitness.eu\\\/it\\\/#\\\/schema\\\/logo\\\/image\\\/\"},\"sameAs\":[\"https:\\\/\\\/www.facebook.com\\\/EvolveFitnessEurope\"]}]}<\/script>\n<!-- \/ Yoast SEO plugin. -->","yoast_head_json":{"title":"Abduzione dell'anca da seduti con carico su piastra della serie Ultra di Evolve (UL-620) - Evolve","robots":{"index":"index","follow":"follow","max-snippet":"max-snippet:-1","max-image-preview":"max-image-preview:large","max-video-preview":"max-video-preview:-1"},"canonical":"https:\/\/evolve-fitness.eu\/it\/prodotto\/abduzione-dellanca-da-seduti-con-carico-su-piastra-della-serie-ultra-di-evolve-ul-620\/","og_locale":"it_IT","og_type":"article","og_title":"Abduzione dell'anca da seduti con carico su piastra della serie Ultra di Evolve (UL-620) - Evolve","og_url":"https:\/\/evolve-fitness.eu\/it\/prodotto\/abduzione-dellanca-da-seduti-con-carico-su-piastra-della-serie-ultra-di-evolve-ul-620\/","og_site_name":"Evolve","article_publisher":"https:\/\/www.facebook.com\/EvolveFitnessEurope","article_modified_time":"2026-03-06T14:08:24+00:00","og_image":[{"width":1200,"height":1200,"url":"https:\/\/evolve-fitness.eu\/wp-content\/uploads\/2025\/11\/EV-PL-UL-620-5.png","type":"image\/png"}],"twitter_card":"summary_large_image","schema":{"@context":"https:\/\/schema.org","@graph":[{"@type":"WebPage","@id":"https:\/\/evolve-fitness.eu\/it\/prodotto\/abduzione-dellanca-da-seduti-con-carico-su-piastra-della-serie-ultra-di-evolve-ul-620\/","url":"https:\/\/evolve-fitness.eu\/it\/prodotto\/abduzione-dellanca-da-seduti-con-carico-su-piastra-della-serie-ultra-di-evolve-ul-620\/","name":"Abduzione dell'anca da seduti con carico su piastra della serie Ultra di Evolve (UL-620) - Evolve","isPartOf":{"@id":"https:\/\/evolve-fitness.eu\/it\/#website"},"primaryImageOfPage":{"@id":"https:\/\/evolve-fitness.eu\/it\/prodotto\/abduzione-dellanca-da-seduti-con-carico-su-piastra-della-serie-ultra-di-evolve-ul-620\/#primaryimage"},"image":{"@id":"https:\/\/evolve-fitness.eu\/it\/prodotto\/abduzione-dellanca-da-seduti-con-carico-su-piastra-della-serie-ultra-di-evolve-ul-620\/#primaryimage"},"thumbnailUrl":"https:\/\/evolve-fitness.eu\/wp-content\/uploads\/2025\/11\/EV-PL-UL-620-5.png","datePublished":"2025-11-14T12:48:28+00:00","dateModified":"2026-03-06T14:08:24+00:00","breadcrumb":{"@id":"https:\/\/evolve-fitness.eu\/it\/prodotto\/abduzione-dellanca-da-seduti-con-carico-su-piastra-della-serie-ultra-di-evolve-ul-620\/#breadcrumb"},"inLanguage":"it-IT","potentialAction":[{"@type":"ReadAction","target":["https:\/\/evolve-fitness.eu\/it\/prodotto\/abduzione-dellanca-da-seduti-con-carico-su-piastra-della-serie-ultra-di-evolve-ul-620\/"]}]},{"@type":"ImageObject","inLanguage":"it-IT","@id":"https:\/\/evolve-fitness.eu\/it\/prodotto\/abduzione-dellanca-da-seduti-con-carico-su-piastra-della-serie-ultra-di-evolve-ul-620\/#primaryimage","url":"https:\/\/evolve-fitness.eu\/wp-content\/uploads\/2025\/11\/EV-PL-UL-620-5.png","contentUrl":"https:\/\/evolve-fitness.eu\/wp-content\/uploads\/2025\/11\/EV-PL-UL-620-5.png","width":1200,"height":1200},{"@type":"BreadcrumbList","@id":"https:\/\/evolve-fitness.eu\/it\/prodotto\/abduzione-dellanca-da-seduti-con-carico-su-piastra-della-serie-ultra-di-evolve-ul-620\/#breadcrumb","itemListElement":[{"@type":"ListItem","position":1,"name":"Home","item":"https:\/\/evolve-fitness.eu\/it\/"},{"@type":"ListItem","position":2,"name":"Prodotti","item":"https:\/\/evolve-fitness.eu\/it\/shop\/"},{"@type":"ListItem","position":3,"name":"Abduzione dell&#8217;anca da seduti con carico su piastra della serie Ultra di Evolve (UL-620)"}]},{"@type":"WebSite","@id":"https:\/\/evolve-fitness.eu\/it\/#website","url":"https:\/\/evolve-fitness.eu\/it\/","name":"Evolve","description":"Your Evolved Gear Arrived","publisher":{"@id":"https:\/\/evolve-fitness.eu\/it\/#organization"},"potentialAction":[{"@type":"SearchAction","target":{"@type":"EntryPoint","urlTemplate":"https:\/\/evolve-fitness.eu\/it\/?s={search_term_string}"},"query-input":{"@type":"PropertyValueSpecification","valueRequired":true,"valueName":"search_term_string"}}],"inLanguage":"it-IT"},{"@type":"Organization","@id":"https:\/\/evolve-fitness.eu\/it\/#organization","name":"Evolve","url":"https:\/\/evolve-fitness.eu\/it\/","logo":{"@type":"ImageObject","inLanguage":"it-IT","@id":"https:\/\/evolve-fitness.eu\/it\/#\/schema\/logo\/image\/","url":"https:\/\/evolve-fitness.eu\/wp-content\/uploads\/2023\/05\/Evolve-logo.svg","contentUrl":"https:\/\/evolve-fitness.eu\/wp-content\/uploads\/2023\/05\/Evolve-logo.svg","width":176,"height":20,"caption":"Evolve"},"image":{"@id":"https:\/\/evolve-fitness.eu\/it\/#\/schema\/logo\/image\/"},"sameAs":["https:\/\/www.facebook.com\/EvolveFitnessEurope"]}]}},"_links":{"self":[{"href":"https:\/\/evolve-fitness.eu\/it\/wp-json\/wp\/v2\/product\/224469","targetHints":{"allow":["GET"]}}],"collection":[{"href":"https:\/\/evolve-fitness.eu\/it\/wp-json\/wp\/v2\/product"}],"about":[{"href":"https:\/\/evolve-fitness.eu\/it\/wp-json\/wp\/v2\/types\/product"}],"wp:featuredmedia":[{"embeddable":true,"href":"https:\/\/evolve-fitness.eu\/it\/wp-json\/wp\/v2\/media\/224470"}],"wp:attachment":[{"href":"https:\/\/evolve-fitness.eu\/it\/wp-json\/wp\/v2\/media?parent=224469"}],"wp:term":[{"taxonomy":"product_brand","embeddable":true,"href":"https:\/\/evolve-fitness.eu\/it\/wp-json\/wp\/v2\/product_brand?post=224469"},{"taxonomy":"product_cat","embeddable":true,"href":"https:\/\/evolve-fitness.eu\/it\/wp-json\/wp\/v2\/product_cat?post=224469"},{"taxonomy":"product_tag","embeddable":true,"href":"https:\/\/evolve-fitness.eu\/it\/wp-json\/wp\/v2\/product_tag?post=224469"}],"curies":[{"name":"wp","href":"https:\/\/api.w.org\/{rel}","templated":true}]}}