{"id":228069,"date":"2024-01-10T12:25:49","date_gmt":"2024-01-10T10:25:49","guid":{"rendered":"https:\/\/evolve-fitness.eu\/product\/tapis-roulant-evolve-con-console-tft-da-185-ht-500-tft\/"},"modified":"2026-04-07T13:47:02","modified_gmt":"2026-04-07T10:47:02","slug":"tapis-roulant-evolve-con-console-tft-da-185-ht-500-tft","status":"publish","type":"product","link":"https:\/\/evolve-fitness.eu\/it\/prodotto\/tapis-roulant-evolve-con-console-tft-da-185-ht-500-tft\/","title":{"rendered":"Tapis roulant Evolve con console TFT da 18,5&#8221; (HT-500-TFT)"},"content":{"rendered":"\n<section class=\"wp-block-group alignfull has-lightgray-background-color has-background is-layout-constrained wp-block-group-is-layout-constrained\">\n<div class=\"wp-block-columns alignwide is-layout-flex wp-container-core-columns-is-layout-2edb0647 wp-block-columns-is-layout-flex\" style=\"margin-top:0;margin-bottom:0\">\n<div class=\"wp-block-column is-layout-flow wp-block-column-is-layout-flow\" style=\"flex-basis:33.33%\"><\/div>\n\n\n\n<div class=\"wp-block-column is-layout-flow wp-block-column-is-layout-flow\" style=\"flex-basis:66.66%\"><\/div>\n<\/div>\n<\/section>\n\n<section class=\"wp-block-group alignfull black-content has-white-color has-darkgray-background-color has-text-color has-background is-layout-constrained wp-block-group-is-layout-constrained\" style=\"padding-top:var(--wp--preset--spacing--section-bottom);padding-bottom:var(--wp--preset--spacing--section-bottom)\">\n<div class=\"wp-block-columns alignwide mobile-reverse is-layout-flex wp-container-core-columns-is-layout-ca64bf2d wp-block-columns-is-layout-flex\" style=\"margin-bottom:var(--wp--preset--spacing--side-padding)\">\n<div class=\"wp-block-column is-vertically-aligned-center is-layout-flow wp-block-column-is-layout-flow\">\n<h3 class=\"wp-block-heading\" style=\"margin-bottom:var(--wp--preset--spacing--h-3-bottom)\"><strong><strong><strong>Tapis roulant Evolve HT-500-TFT<\/strong><\/strong><\/strong><\/h3>\n\n\n\n<p>Il tapis roulant Evolve HT-500-TFT \u00e8 progettato per gli amanti del fitness domestico e offre prestazioni solide grazie a un motore a corrente alternata da 5,0HP, un touchscreen TFT da 18,5&#8243; e diversi programmi di allenamento integrati.<\/p>\n<\/div>\n\n\n\n<div class=\"wp-block-column is-vertically-aligned-center is-layout-flow wp-block-column-is-layout-flow\">\n<figure class=\"wp-block-video\"><video height=\"2160\" style=\"aspect-ratio: 3840 \/ 2160;\" width=\"3840\" autoplay=\"\" controls=\"\" loop=\"\" muted=\"\" src=\"https:\/\/evolve-fitness.eu\/wp-content\/uploads\/2024\/06\/6.mp4\"><\/video><\/figure>\n<\/div>\n<\/div>\n\n\n\n<div class=\"wp-block-columns alignwide mobile-reverse is-layout-flex wp-container-core-columns-is-layout-ca64bf2d wp-block-columns-is-layout-flex\" style=\"margin-bottom:var(--wp--preset--spacing--side-padding)\">\n<div class=\"wp-block-column is-vertically-aligned-center is-layout-flow wp-block-column-is-layout-flow\">\n<figure class=\"wp-block-video\"><video height=\"1080\" style=\"aspect-ratio: 1920 \/ 1080;\" width=\"1920\" autoplay=\"\" controls=\"\" loop=\"\" muted=\"\" src=\"https:\/\/evolve-fitness.eu\/wp-content\/uploads\/2024\/07\/EV-HT-500-TFT.mp4\"><\/video><\/figure>\n<\/div>\n\n\n\n<div class=\"wp-block-column is-vertically-aligned-center is-layout-flow wp-block-column-is-layout-flow\">\n<h3 class=\"wp-block-heading\" style=\"margin-bottom:var(--wp--preset--spacing--h-3-bottom)\"><strong><strong><strong>Prestazioni potenti<\/strong><\/strong><\/strong><\/h3>\n\n\n\n<p>Dotato di un motore CA da 5,0HP, Evolve HT-500-TFT offre una potenza costante e uniforme. Che si tratti di camminare o di fare uno sprint, la sua ampia gamma di velocit\u00e0 (1-22 km\/h) soddisfa tutti i livelli di intensit\u00e0.<\/p>\n<\/div>\n<\/div>\n\n\n\n<div class=\"wp-block-columns alignwide mobile-reverse is-layout-flex wp-container-core-columns-is-layout-ca64bf2d wp-block-columns-is-layout-flex\" style=\"margin-bottom:var(--wp--preset--spacing--side-padding)\">\n<div class=\"wp-block-column is-vertically-aligned-center is-layout-flow wp-block-column-is-layout-flow\">\n<h3 class=\"wp-block-heading\" style=\"margin-bottom:var(--wp--preset--spacing--h-3-bottom)\"><strong><strong><strong><strong>Durata e affidabilit\u00e0<\/strong><\/strong><\/strong><\/strong><\/h3>\n\n\n\n<p>Costruito con materiali di alta qualit\u00e0, Evolve HT-500-TFT garantisce affidabilit\u00e0 e durata a lungo termine per un uso frequente.<\/p>\n<\/div>\n\n\n\n<div class=\"wp-block-column is-vertically-aligned-center is-layout-flow wp-block-column-is-layout-flow\">\n<figure class=\"wp-block-image size-large is-resized\"><img loading=\"lazy\" decoding=\"async\" width=\"1024\" height=\"683\" src=\"https:\/\/evolve-fitness.eu\/wp-content\/uploads\/2024\/01\/EV-HT-500-TFT-Evolve-Treadmill-18-43-9-1024x683.jpg\" alt=\"EV-HT-500-TFT\" class=\"wp-image-136458\" style=\"width:766px;height:auto\" srcset=\"https:\/\/evolve-fitness.eu\/wp-content\/uploads\/2024\/01\/EV-HT-500-TFT-Evolve-Treadmill-18-43-9-1024x683.jpg 1024w, https:\/\/evolve-fitness.eu\/wp-content\/uploads\/2024\/01\/EV-HT-500-TFT-Evolve-Treadmill-18-43-9-300x200.jpg 300w, https:\/\/evolve-fitness.eu\/wp-content\/uploads\/2024\/01\/EV-HT-500-TFT-Evolve-Treadmill-18-43-9-225x150.jpg 225w, https:\/\/evolve-fitness.eu\/wp-content\/uploads\/2024\/01\/EV-HT-500-TFT-Evolve-Treadmill-18-43-9-600x400.jpg 600w, https:\/\/evolve-fitness.eu\/wp-content\/uploads\/2024\/01\/EV-HT-500-TFT-Evolve-Treadmill-18-43-9-150x100.jpg 150w, https:\/\/evolve-fitness.eu\/wp-content\/uploads\/2024\/01\/EV-HT-500-TFT-Evolve-Treadmill-18-43-9-768x512.jpg 768w, https:\/\/evolve-fitness.eu\/wp-content\/uploads\/2024\/01\/EV-HT-500-TFT-Evolve-Treadmill-18-43-9-1536x1024.jpg 1536w, https:\/\/evolve-fitness.eu\/wp-content\/uploads\/2024\/01\/EV-HT-500-TFT-Evolve-Treadmill-18-43-9-2048x1365.jpg 2048w\" sizes=\"auto, (max-width: 1024px) 100vw, 1024px\" \/><\/figure>\n<\/div>\n<\/div>\n\n\n\n<div class=\"wp-block-columns alignwide mobile-reverse is-layout-flex wp-container-core-columns-is-layout-ca64bf2d wp-block-columns-is-layout-flex\" style=\"margin-bottom:var(--wp--preset--spacing--side-padding)\">\n<div class=\"wp-block-column is-vertically-aligned-center is-layout-flow wp-block-column-is-layout-flow\">\n<figure class=\"wp-block-video\"><video height=\"2160\" style=\"aspect-ratio: 3840 \/ 2160;\" width=\"3840\" autoplay=\"\" controls=\"\" loop=\"\" muted=\"\" src=\"https:\/\/evolve-fitness.eu\/wp-content\/uploads\/2024\/06\/5.mp4\"><\/video><\/figure>\n<\/div>\n\n\n\n<div class=\"wp-block-column is-vertically-aligned-center is-layout-flow wp-block-column-is-layout-flow\">\n<h3 class=\"wp-block-heading\" style=\"margin-bottom:var(--wp--preset--spacing--h-3-bottom)\"><strong><strong><strong>Console touchscreen avanzata<\/strong><\/strong><\/strong><\/h3>\n\n\n\n<p>La console touchscreen TFT da 18,5&#8243; offre un&#8217;esperienza di allenamento interattiva, visualizzando i progressi e offrendo diversi programmi di fitness.<\/p>\n<\/div>\n<\/div>\n\n\n\n<div class=\"wp-block-columns alignwide mobile-reverse is-layout-flex wp-container-core-columns-is-layout-ca64bf2d wp-block-columns-is-layout-flex\" style=\"margin-bottom:var(--wp--preset--spacing--side-padding)\">\n<div class=\"wp-block-column is-vertically-aligned-center is-layout-flow wp-block-column-is-layout-flow\">\n<h3 class=\"wp-block-heading\" style=\"margin-bottom:var(--wp--preset--spacing--h-3-bottom)\"><strong><strong>Tecnologia<\/strong><\/strong><\/h3>\n\n\n\n<p>Tracciate i vostri progressi, esplorate diverse modalit\u00e0 di sport e scegliete tra una serie di programmi di fitness adatti ai vostri obiettivi. Rendete i vostri allenamenti pi\u00f9 piacevoli con le interfacce MP3\/USB. Ascoltate i vostri brani preferiti o i podcast mentre vi allenate.<\/p>\n<\/div>\n\n\n\n<div class=\"wp-block-column is-vertically-aligned-center is-layout-flow wp-block-column-is-layout-flow\">\n<figure class=\"wp-block-image size-full\"><img loading=\"lazy\" decoding=\"async\" width=\"2060\" height=\"1159\" src=\"https:\/\/evolve-fitness.eu\/wp-content\/uploads\/2024\/01\/EV-HT-500-TFT-4-1.jpg\" alt=\"\" class=\"wp-image-150386\" srcset=\"https:\/\/evolve-fitness.eu\/wp-content\/uploads\/2024\/01\/EV-HT-500-TFT-4-1.jpg 2060w, https:\/\/evolve-fitness.eu\/wp-content\/uploads\/2024\/01\/EV-HT-500-TFT-4-1-300x169.jpg 300w, https:\/\/evolve-fitness.eu\/wp-content\/uploads\/2024\/01\/EV-HT-500-TFT-4-1-267x150.jpg 267w, https:\/\/evolve-fitness.eu\/wp-content\/uploads\/2024\/01\/EV-HT-500-TFT-4-1-600x338.jpg 600w, https:\/\/evolve-fitness.eu\/wp-content\/uploads\/2024\/01\/EV-HT-500-TFT-4-1-1024x576.jpg 1024w, https:\/\/evolve-fitness.eu\/wp-content\/uploads\/2024\/01\/EV-HT-500-TFT-4-1-150x84.jpg 150w, https:\/\/evolve-fitness.eu\/wp-content\/uploads\/2024\/01\/EV-HT-500-TFT-4-1-768x432.jpg 768w, https:\/\/evolve-fitness.eu\/wp-content\/uploads\/2024\/01\/EV-HT-500-TFT-4-1-1536x864.jpg 1536w, https:\/\/evolve-fitness.eu\/wp-content\/uploads\/2024\/01\/EV-HT-500-TFT-4-1-2048x1152.jpg 2048w\" sizes=\"auto, (max-width: 2060px) 100vw, 2060px\" \/><\/figure>\n<\/div>\n<\/div>\n\n\n\n<div class=\"wp-block-columns alignwide is-layout-flex wp-container-core-columns-is-layout-c45ee707 wp-block-columns-is-layout-flex\" style=\"margin-bottom:var(--wp--preset--spacing--side-padding);padding-top:var(--wp--preset--spacing--side-padding)\">\n<div class=\"wp-block-column is-vertically-aligned-center is-layout-flow wp-block-column-is-layout-flow\">\n<figure class=\"wp-block-image size-large\"><img loading=\"lazy\" decoding=\"async\" width=\"1024\" height=\"683\" src=\"https:\/\/evolve-fitness.eu\/wp-content\/uploads\/2024\/06\/EV-HT-500-TFT-Evolve-Treadmill-18-43-2-1024x683.jpg\" alt=\"\" class=\"wp-image-132417\" srcset=\"https:\/\/evolve-fitness.eu\/wp-content\/uploads\/2024\/06\/EV-HT-500-TFT-Evolve-Treadmill-18-43-2-1024x683.jpg 1024w, https:\/\/evolve-fitness.eu\/wp-content\/uploads\/2024\/06\/EV-HT-500-TFT-Evolve-Treadmill-18-43-2-300x200.jpg 300w, https:\/\/evolve-fitness.eu\/wp-content\/uploads\/2024\/06\/EV-HT-500-TFT-Evolve-Treadmill-18-43-2-225x150.jpg 225w, https:\/\/evolve-fitness.eu\/wp-content\/uploads\/2024\/06\/EV-HT-500-TFT-Evolve-Treadmill-18-43-2-600x400.jpg 600w, https:\/\/evolve-fitness.eu\/wp-content\/uploads\/2024\/06\/EV-HT-500-TFT-Evolve-Treadmill-18-43-2-150x100.jpg 150w, https:\/\/evolve-fitness.eu\/wp-content\/uploads\/2024\/06\/EV-HT-500-TFT-Evolve-Treadmill-18-43-2-768x512.jpg 768w, https:\/\/evolve-fitness.eu\/wp-content\/uploads\/2024\/06\/EV-HT-500-TFT-Evolve-Treadmill-18-43-2-1536x1024.jpg 1536w, https:\/\/evolve-fitness.eu\/wp-content\/uploads\/2024\/06\/EV-HT-500-TFT-Evolve-Treadmill-18-43-2-2048x1365.jpg 2048w\" sizes=\"auto, (max-width: 1024px) 100vw, 1024px\" \/><\/figure>\n<\/div>\n\n\n\n<div class=\"wp-block-column is-vertically-aligned-center is-layout-flow wp-block-column-is-layout-flow\">\n<h3 class=\"wp-block-heading\" style=\"margin-bottom:var(--wp--preset--spacing--h-3-bottom)\"><strong><strong><strong>Design facile da usare<\/strong><\/strong><\/strong><\/h3>\n\n\n\n<p>Il design intuitivo del tapis roulant, con la sua console facile da usare e la sua struttura robusta, lo rende un&#8217;ottima aggiunta a qualsiasi palestra domestica.<\/p>\n<\/div>\n<\/div>\n\n\n\n<div class=\"wp-block-columns alignwide is-layout-flex wp-container-core-columns-is-layout-c45ee707 wp-block-columns-is-layout-flex\" style=\"margin-bottom:var(--wp--preset--spacing--side-padding);padding-top:var(--wp--preset--spacing--side-padding)\">\n<div class=\"wp-block-column is-vertically-aligned-center is-layout-flow wp-block-column-is-layout-flow\">\n<h3 class=\"wp-block-heading\" style=\"margin-bottom:var(--wp--preset--spacing--h-3-bottom)\"><strong><strong><strong>Comfort e sicurezza<\/strong><\/strong><\/strong><\/h3>\n\n\n\n<p>Con una capacit\u00e0 di peso dell&#8217;utente di 150 kg, Evolve HT-500-TFT \u00e8 costruito per accogliere un&#8217;ampia gamma di utenti. L&#8217;ampia superficie di corsa garantisce un&#8217;esperienza di allenamento confortevole e sicura.<\/p>\n<\/div>\n\n\n\n<div class=\"wp-block-column is-vertically-aligned-center is-layout-flow wp-block-column-is-layout-flow\">\n<figure class=\"wp-block-image size-full\"><img loading=\"lazy\" decoding=\"async\" width=\"1080\" height=\"1080\" src=\"https:\/\/evolve-fitness.eu\/wp-content\/uploads\/2024\/06\/1.png\" alt=\"\" class=\"wp-image-142384\" srcset=\"https:\/\/evolve-fitness.eu\/wp-content\/uploads\/2024\/06\/1.png 1080w, https:\/\/evolve-fitness.eu\/wp-content\/uploads\/2024\/06\/1-300x300.png 300w, https:\/\/evolve-fitness.eu\/wp-content\/uploads\/2024\/06\/1-150x150.png 150w, https:\/\/evolve-fitness.eu\/wp-content\/uploads\/2024\/06\/1-600x600.png 600w, https:\/\/evolve-fitness.eu\/wp-content\/uploads\/2024\/06\/1-1024x1024.png 1024w, https:\/\/evolve-fitness.eu\/wp-content\/uploads\/2024\/06\/1-768x768.png 768w\" sizes=\"auto, (max-width: 1080px) 100vw, 1080px\" \/><\/figure>\n<\/div>\n<\/div>\n\n\n\n<div class=\"wp-block-columns alignwide is-layout-flex wp-container-core-columns-is-layout-c45ee707 wp-block-columns-is-layout-flex\" style=\"margin-bottom:var(--wp--preset--spacing--side-padding);padding-top:var(--wp--preset--spacing--side-padding)\">\n<div class=\"wp-block-column is-vertically-aligned-center is-layout-flow wp-block-column-is-layout-flow\">\n<figure class=\"wp-block-image size-large\"><img loading=\"lazy\" decoding=\"async\" width=\"1024\" height=\"683\" src=\"https:\/\/evolve-fitness.eu\/wp-content\/uploads\/2024\/06\/VIRTUAL-1024x683.png\" alt=\"\" class=\"wp-image-142410\" srcset=\"https:\/\/evolve-fitness.eu\/wp-content\/uploads\/2024\/06\/VIRTUAL-1024x683.png 1024w, https:\/\/evolve-fitness.eu\/wp-content\/uploads\/2024\/06\/VIRTUAL-300x200.png 300w, https:\/\/evolve-fitness.eu\/wp-content\/uploads\/2024\/06\/VIRTUAL-225x150.png 225w, https:\/\/evolve-fitness.eu\/wp-content\/uploads\/2024\/06\/VIRTUAL-600x400.png 600w, https:\/\/evolve-fitness.eu\/wp-content\/uploads\/2024\/06\/VIRTUAL-150x100.png 150w, https:\/\/evolve-fitness.eu\/wp-content\/uploads\/2024\/06\/VIRTUAL-768x512.png 768w, https:\/\/evolve-fitness.eu\/wp-content\/uploads\/2024\/06\/VIRTUAL-1536x1024.png 1536w, https:\/\/evolve-fitness.eu\/wp-content\/uploads\/2024\/06\/VIRTUAL-2048x1365.png 2048w\" sizes=\"auto, (max-width: 1024px) 100vw, 1024px\" \/><\/figure>\n<\/div>\n\n\n\n<div class=\"wp-block-column is-vertically-aligned-center is-layout-flow wp-block-column-is-layout-flow\">\n<h3 class=\"wp-block-heading\" style=\"margin-bottom:var(--wp--preset--spacing--h-3-bottom)\"><strong><strong><strong><strong>FORMAZIONE INTERATTIVA<\/strong><\/strong><\/strong><\/strong><\/h3>\n\n\n\n<p>Ottieni di pi\u00f9 dai tuoi allenamenti con l&#8217;accesso integrato alle sfide virtuali e corri in ambienti simulati, percorsi reali di tutto il mondo. Gli allenamenti virtuali offrono un&#8217;esperienza di corsa realistica nella comodit\u00e0 della tua casa o della tua palestra.<\/p>\n<\/div>\n<\/div>\n<\/section>\n","protected":false},"excerpt":{"rendered":"<p>Il tapis roulant motorizzato Evolve HT-500-TFT \u00e8 una novit\u00e0 assoluta nel campo dell&#8217;home fitness. Progettato per soddisfare le esigenze sia dei principianti che degli atleti pi\u00f9 esperti, questo tapis roulant combina una struttura robusta con funzioni di facile utilizzo. Se state cercando di perdere peso, migliorare la salute cardiovascolare o semplicemente rimanere attivi, il tapis roulant Evolve HT-500-TFT \u00e8 il vostro partner perfetto. Il suo mix di prestazioni, tecnologia e durata lo rende la scelta ideale per un&#8217;esperienza di allenamento domestico soddisfacente. Iniziate oggi stesso il vostro percorso di fitness con il tapis roulant Evolve HT-500-TFT, dove ogni passo conta per una vita pi\u00f9 sana!<\/p>\n","protected":false},"featured_media":76002,"template":"","meta":{"_acf_changed":false,"inline_featured_image":false},"product_brand":[],"product_cat":[2329,2489],"product_tag":[2337],"class_list":{"0":"post-228069","1":"product","2":"type-product","3":"status-publish","4":"has-post-thumbnail","6":"product_cat-attrezzature-cardio","7":"product_cat-attrezzature-cardio-domestiche","8":"product_tag-attrezzature-cardio","10":"first","11":"instock","12":"shipping-taxable","13":"purchasable","14":"product-type-simple"},"acf":{"long_title":"Tapis roulant Evolve con console TFT da 18,5'' (HT-500-TFT)","subtitle":"","specifications":[{"label":"SKU","text_value":"EV-HT-500-TFT","icon":"x"},{"label":"Dimensioni","text_value":"1695 x 860 x 1485 mm","icon":"x"},{"label":"Motore CA","text_value":"5.0HP","icon":"x"},{"label":"Peso","text_value":"125 kg","icon":"x"},{"label":"Gamma di velocit\u00e0","text_value":"1-22 km\/h","icon":"x"},{"label":"Console","text_value":"LED\/18,5\" TFT touchscreen","icon":"x"},{"label":"Dimensioni del nastro","text_value":"1550 x 560 mm","icon":"x"},{"label":"Peso massimo dell'utente","text_value":"150 kg","icon":"x"},{"label":"Modalit\u00e0 e programmi","text_value":"8 modalit\u00e0 sportive integrate e pi\u00f9 di 20 programmi per ogni modalit\u00e0 sportiva","icon":"x"},{"label":"Inclinazione","text_value":"0-18%","icon":"x"},{"label":"Altri futures","text_value":"Interfaccia MP3\/USB, connessione bluetooth al dispositivo musicale","icon":"x"},{"label":"Lubrificazione","text_value":"Manuale","icon":"x"}]},"yoast_head":"<!-- This site is optimized with the Yoast SEO plugin v27.4 - https:\/\/yoast.com\/product\/yoast-seo-wordpress\/ -->\n<title>Tapis roulant Evolve con console TFT da 18,5&#039;&#039; (HT-500-TFT) - Evolve<\/title>\n<meta name=\"robots\" content=\"index, follow, max-snippet:-1, max-image-preview:large, max-video-preview:-1\" \/>\n<link rel=\"canonical\" href=\"https:\/\/evolve-fitness.eu\/it\/prodotto\/tapis-roulant-evolve-con-console-tft-da-185-ht-500-tft\/\" \/>\n<meta property=\"og:locale\" content=\"it_IT\" \/>\n<meta property=\"og:type\" content=\"article\" \/>\n<meta property=\"og:title\" content=\"Tapis roulant Evolve con console TFT da 18,5&#039;&#039; (HT-500-TFT) - Evolve\" \/>\n<meta property=\"og:url\" content=\"https:\/\/evolve-fitness.eu\/it\/prodotto\/tapis-roulant-evolve-con-console-tft-da-185-ht-500-tft\/\" \/>\n<meta property=\"og:site_name\" content=\"Evolve\" \/>\n<meta property=\"article:publisher\" content=\"https:\/\/www.facebook.com\/EvolveFitnessEurope\" \/>\n<meta property=\"article:modified_time\" content=\"2026-04-07T10:47:02+00:00\" \/>\n<meta property=\"og:image\" content=\"https:\/\/evolve-fitness.eu\/wp-content\/uploads\/2024\/01\/V-HT-500-TFT.png\" \/>\n\t<meta property=\"og:image:width\" content=\"680\" \/>\n\t<meta property=\"og:image:height\" content=\"600\" \/>\n\t<meta property=\"og:image:type\" content=\"image\/png\" \/>\n<meta name=\"twitter:card\" content=\"summary_large_image\" \/>\n<script type=\"application\/ld+json\" class=\"yoast-schema-graph\">{\"@context\":\"https:\\\/\\\/schema.org\",\"@graph\":[{\"@type\":\"WebPage\",\"@id\":\"https:\\\/\\\/evolve-fitness.eu\\\/it\\\/prodotto\\\/tapis-roulant-evolve-con-console-tft-da-185-ht-500-tft\\\/\",\"url\":\"https:\\\/\\\/evolve-fitness.eu\\\/it\\\/prodotto\\\/tapis-roulant-evolve-con-console-tft-da-185-ht-500-tft\\\/\",\"name\":\"Tapis roulant Evolve con console TFT da 18,5'' (HT-500-TFT) - Evolve\",\"isPartOf\":{\"@id\":\"https:\\\/\\\/evolve-fitness.eu\\\/it\\\/#website\"},\"primaryImageOfPage\":{\"@id\":\"https:\\\/\\\/evolve-fitness.eu\\\/it\\\/prodotto\\\/tapis-roulant-evolve-con-console-tft-da-185-ht-500-tft\\\/#primaryimage\"},\"image\":{\"@id\":\"https:\\\/\\\/evolve-fitness.eu\\\/it\\\/prodotto\\\/tapis-roulant-evolve-con-console-tft-da-185-ht-500-tft\\\/#primaryimage\"},\"thumbnailUrl\":\"https:\\\/\\\/evolve-fitness.eu\\\/wp-content\\\/uploads\\\/2024\\\/01\\\/V-HT-500-TFT.png\",\"datePublished\":\"2024-01-10T10:25:49+00:00\",\"dateModified\":\"2026-04-07T10:47:02+00:00\",\"breadcrumb\":{\"@id\":\"https:\\\/\\\/evolve-fitness.eu\\\/it\\\/prodotto\\\/tapis-roulant-evolve-con-console-tft-da-185-ht-500-tft\\\/#breadcrumb\"},\"inLanguage\":\"it-IT\",\"potentialAction\":[{\"@type\":\"ReadAction\",\"target\":[\"https:\\\/\\\/evolve-fitness.eu\\\/it\\\/prodotto\\\/tapis-roulant-evolve-con-console-tft-da-185-ht-500-tft\\\/\"]}]},{\"@type\":\"ImageObject\",\"inLanguage\":\"it-IT\",\"@id\":\"https:\\\/\\\/evolve-fitness.eu\\\/it\\\/prodotto\\\/tapis-roulant-evolve-con-console-tft-da-185-ht-500-tft\\\/#primaryimage\",\"url\":\"https:\\\/\\\/evolve-fitness.eu\\\/wp-content\\\/uploads\\\/2024\\\/01\\\/V-HT-500-TFT.png\",\"contentUrl\":\"https:\\\/\\\/evolve-fitness.eu\\\/wp-content\\\/uploads\\\/2024\\\/01\\\/V-HT-500-TFT.png\",\"width\":680,\"height\":600,\"caption\":\"EV-HT-500-TFT\"},{\"@type\":\"BreadcrumbList\",\"@id\":\"https:\\\/\\\/evolve-fitness.eu\\\/it\\\/prodotto\\\/tapis-roulant-evolve-con-console-tft-da-185-ht-500-tft\\\/#breadcrumb\",\"itemListElement\":[{\"@type\":\"ListItem\",\"position\":1,\"name\":\"Home\",\"item\":\"https:\\\/\\\/evolve-fitness.eu\\\/it\\\/\"},{\"@type\":\"ListItem\",\"position\":2,\"name\":\"Prodotti\",\"item\":\"https:\\\/\\\/evolve-fitness.eu\\\/it\\\/shop\\\/\"},{\"@type\":\"ListItem\",\"position\":3,\"name\":\"Tapis roulant Evolve con console TFT da 18,5&#8221; (HT-500-TFT)\"}]},{\"@type\":\"WebSite\",\"@id\":\"https:\\\/\\\/evolve-fitness.eu\\\/it\\\/#website\",\"url\":\"https:\\\/\\\/evolve-fitness.eu\\\/it\\\/\",\"name\":\"Evolve\",\"description\":\"Your Evolved Gear Arrived\",\"publisher\":{\"@id\":\"https:\\\/\\\/evolve-fitness.eu\\\/it\\\/#organization\"},\"potentialAction\":[{\"@type\":\"SearchAction\",\"target\":{\"@type\":\"EntryPoint\",\"urlTemplate\":\"https:\\\/\\\/evolve-fitness.eu\\\/it\\\/?s={search_term_string}\"},\"query-input\":{\"@type\":\"PropertyValueSpecification\",\"valueRequired\":true,\"valueName\":\"search_term_string\"}}],\"inLanguage\":\"it-IT\"},{\"@type\":\"Organization\",\"@id\":\"https:\\\/\\\/evolve-fitness.eu\\\/it\\\/#organization\",\"name\":\"Evolve\",\"url\":\"https:\\\/\\\/evolve-fitness.eu\\\/it\\\/\",\"logo\":{\"@type\":\"ImageObject\",\"inLanguage\":\"it-IT\",\"@id\":\"https:\\\/\\\/evolve-fitness.eu\\\/it\\\/#\\\/schema\\\/logo\\\/image\\\/\",\"url\":\"https:\\\/\\\/evolve-fitness.eu\\\/wp-content\\\/uploads\\\/2023\\\/05\\\/Evolve-logo.svg\",\"contentUrl\":\"https:\\\/\\\/evolve-fitness.eu\\\/wp-content\\\/uploads\\\/2023\\\/05\\\/Evolve-logo.svg\",\"width\":176,\"height\":20,\"caption\":\"Evolve\"},\"image\":{\"@id\":\"https:\\\/\\\/evolve-fitness.eu\\\/it\\\/#\\\/schema\\\/logo\\\/image\\\/\"},\"sameAs\":[\"https:\\\/\\\/www.facebook.com\\\/EvolveFitnessEurope\"]}]}<\/script>\n<!-- \/ Yoast SEO plugin. -->","yoast_head_json":{"title":"Tapis roulant Evolve con console TFT da 18,5'' (HT-500-TFT) - Evolve","robots":{"index":"index","follow":"follow","max-snippet":"max-snippet:-1","max-image-preview":"max-image-preview:large","max-video-preview":"max-video-preview:-1"},"canonical":"https:\/\/evolve-fitness.eu\/it\/prodotto\/tapis-roulant-evolve-con-console-tft-da-185-ht-500-tft\/","og_locale":"it_IT","og_type":"article","og_title":"Tapis roulant Evolve con console TFT da 18,5'' (HT-500-TFT) - Evolve","og_url":"https:\/\/evolve-fitness.eu\/it\/prodotto\/tapis-roulant-evolve-con-console-tft-da-185-ht-500-tft\/","og_site_name":"Evolve","article_publisher":"https:\/\/www.facebook.com\/EvolveFitnessEurope","article_modified_time":"2026-04-07T10:47:02+00:00","og_image":[{"width":680,"height":600,"url":"https:\/\/evolve-fitness.eu\/wp-content\/uploads\/2024\/01\/V-HT-500-TFT.png","type":"image\/png"}],"twitter_card":"summary_large_image","schema":{"@context":"https:\/\/schema.org","@graph":[{"@type":"WebPage","@id":"https:\/\/evolve-fitness.eu\/it\/prodotto\/tapis-roulant-evolve-con-console-tft-da-185-ht-500-tft\/","url":"https:\/\/evolve-fitness.eu\/it\/prodotto\/tapis-roulant-evolve-con-console-tft-da-185-ht-500-tft\/","name":"Tapis roulant Evolve con console TFT da 18,5'' (HT-500-TFT) - Evolve","isPartOf":{"@id":"https:\/\/evolve-fitness.eu\/it\/#website"},"primaryImageOfPage":{"@id":"https:\/\/evolve-fitness.eu\/it\/prodotto\/tapis-roulant-evolve-con-console-tft-da-185-ht-500-tft\/#primaryimage"},"image":{"@id":"https:\/\/evolve-fitness.eu\/it\/prodotto\/tapis-roulant-evolve-con-console-tft-da-185-ht-500-tft\/#primaryimage"},"thumbnailUrl":"https:\/\/evolve-fitness.eu\/wp-content\/uploads\/2024\/01\/V-HT-500-TFT.png","datePublished":"2024-01-10T10:25:49+00:00","dateModified":"2026-04-07T10:47:02+00:00","breadcrumb":{"@id":"https:\/\/evolve-fitness.eu\/it\/prodotto\/tapis-roulant-evolve-con-console-tft-da-185-ht-500-tft\/#breadcrumb"},"inLanguage":"it-IT","potentialAction":[{"@type":"ReadAction","target":["https:\/\/evolve-fitness.eu\/it\/prodotto\/tapis-roulant-evolve-con-console-tft-da-185-ht-500-tft\/"]}]},{"@type":"ImageObject","inLanguage":"it-IT","@id":"https:\/\/evolve-fitness.eu\/it\/prodotto\/tapis-roulant-evolve-con-console-tft-da-185-ht-500-tft\/#primaryimage","url":"https:\/\/evolve-fitness.eu\/wp-content\/uploads\/2024\/01\/V-HT-500-TFT.png","contentUrl":"https:\/\/evolve-fitness.eu\/wp-content\/uploads\/2024\/01\/V-HT-500-TFT.png","width":680,"height":600,"caption":"EV-HT-500-TFT"},{"@type":"BreadcrumbList","@id":"https:\/\/evolve-fitness.eu\/it\/prodotto\/tapis-roulant-evolve-con-console-tft-da-185-ht-500-tft\/#breadcrumb","itemListElement":[{"@type":"ListItem","position":1,"name":"Home","item":"https:\/\/evolve-fitness.eu\/it\/"},{"@type":"ListItem","position":2,"name":"Prodotti","item":"https:\/\/evolve-fitness.eu\/it\/shop\/"},{"@type":"ListItem","position":3,"name":"Tapis roulant Evolve con console TFT da 18,5&#8221; (HT-500-TFT)"}]},{"@type":"WebSite","@id":"https:\/\/evolve-fitness.eu\/it\/#website","url":"https:\/\/evolve-fitness.eu\/it\/","name":"Evolve","description":"Your Evolved Gear Arrived","publisher":{"@id":"https:\/\/evolve-fitness.eu\/it\/#organization"},"potentialAction":[{"@type":"SearchAction","target":{"@type":"EntryPoint","urlTemplate":"https:\/\/evolve-fitness.eu\/it\/?s={search_term_string}"},"query-input":{"@type":"PropertyValueSpecification","valueRequired":true,"valueName":"search_term_string"}}],"inLanguage":"it-IT"},{"@type":"Organization","@id":"https:\/\/evolve-fitness.eu\/it\/#organization","name":"Evolve","url":"https:\/\/evolve-fitness.eu\/it\/","logo":{"@type":"ImageObject","inLanguage":"it-IT","@id":"https:\/\/evolve-fitness.eu\/it\/#\/schema\/logo\/image\/","url":"https:\/\/evolve-fitness.eu\/wp-content\/uploads\/2023\/05\/Evolve-logo.svg","contentUrl":"https:\/\/evolve-fitness.eu\/wp-content\/uploads\/2023\/05\/Evolve-logo.svg","width":176,"height":20,"caption":"Evolve"},"image":{"@id":"https:\/\/evolve-fitness.eu\/it\/#\/schema\/logo\/image\/"},"sameAs":["https:\/\/www.facebook.com\/EvolveFitnessEurope"]}]}},"_links":{"self":[{"href":"https:\/\/evolve-fitness.eu\/it\/wp-json\/wp\/v2\/product\/228069","targetHints":{"allow":["GET"]}}],"collection":[{"href":"https:\/\/evolve-fitness.eu\/it\/wp-json\/wp\/v2\/product"}],"about":[{"href":"https:\/\/evolve-fitness.eu\/it\/wp-json\/wp\/v2\/types\/product"}],"wp:featuredmedia":[{"embeddable":true,"href":"https:\/\/evolve-fitness.eu\/it\/wp-json\/wp\/v2\/media\/76002"}],"wp:attachment":[{"href":"https:\/\/evolve-fitness.eu\/it\/wp-json\/wp\/v2\/media?parent=228069"}],"wp:term":[{"taxonomy":"product_brand","embeddable":true,"href":"https:\/\/evolve-fitness.eu\/it\/wp-json\/wp\/v2\/product_brand?post=228069"},{"taxonomy":"product_cat","embeddable":true,"href":"https:\/\/evolve-fitness.eu\/it\/wp-json\/wp\/v2\/product_cat?post=228069"},{"taxonomy":"product_tag","embeddable":true,"href":"https:\/\/evolve-fitness.eu\/it\/wp-json\/wp\/v2\/product_tag?post=228069"}],"curies":[{"name":"wp","href":"https:\/\/api.w.org\/{rel}","templated":true}]}}