{"id":228334,"date":"2025-09-10T11:23:54","date_gmt":"2025-09-10T08:23:54","guid":{"rendered":"https:\/\/evolve-fitness.eu\/product\/slitta-evolve-crossfit-sl-020\/"},"modified":"2026-04-08T11:55:10","modified_gmt":"2026-04-08T08:55:10","slug":"slitta-evolve-crossfit-sl-020","status":"publish","type":"product","link":"https:\/\/evolve-fitness.eu\/it\/prodotto\/slitta-evolve-crossfit-sl-020\/","title":{"rendered":"Slitta Evolve Crossfit (SL-020)"},"content":{"rendered":"\n<section class=\"wp-block-group alignfull black-content has-white-color has-darkgray-background-color has-text-color has-background is-layout-constrained wp-block-group-is-layout-constrained\" style=\"padding-top:var(--wp--preset--spacing--section-bottom);padding-bottom:var(--wp--preset--spacing--section-bottom)\">\n<div class=\"wp-block-columns alignwide mobile-reverse is-layout-flex wp-container-core-columns-is-layout-ca64bf2d wp-block-columns-is-layout-flex\" style=\"margin-bottom:var(--wp--preset--spacing--side-padding)\">\n<div class=\"wp-block-column is-vertically-aligned-center is-layout-flow wp-block-column-is-layout-flow\">\n<h3 class=\"wp-block-heading\" style=\"margin-bottom:var(--wp--preset--spacing--h-3-bottom)\"><strong>Capacit\u00e0 formative versatili<\/strong><\/h3>\n\n\n\n<p><strong><em>Adattabile ad ogni atleta<\/em><\/strong><\/p>\n\n\n\n<p style=\"margin-bottom:var(--wp--preset--spacing--tb-section-padding)\">La slitta Evolve CrossFit si distingue per la sua capacit\u00e0 di accogliere un&#8217;ampia gamma di esercizi, dalle spinte alle trazioni, consentendo un allenamento completo del corpo. Il suo design si rivolge ad atleti di tutti i livelli, migliorando forza, velocit\u00e0 e resistenza attraverso diverse routine di allenamento.<\/p>\n<\/div>\n\n\n\n<div class=\"wp-block-column is-vertically-aligned-center is-layout-flow wp-block-column-is-layout-flow\">\n<figure class=\"wp-block-image size-large\"><img decoding=\"async\" src=\"https:\/\/store.evolve-fitness.eu\/wp-content\/uploads\/2025\/09\/A7_03111-1024x683.jpg\" alt=\"\" class=\"wp-image-148075\"\/><\/figure>\n<\/div>\n<\/div>\n\n\n\n<div class=\"wp-block-columns alignwide is-layout-flex wp-container-core-columns-is-layout-c45ee707 wp-block-columns-is-layout-flex\" style=\"margin-bottom:var(--wp--preset--spacing--side-padding);padding-top:var(--wp--preset--spacing--side-padding)\">\n<div class=\"wp-block-column is-vertically-aligned-center is-layout-flow wp-block-column-is-layout-flow\">\n<figure class=\"wp-block-image size-large\"><img loading=\"lazy\" decoding=\"async\" width=\"683\" height=\"1024\" src=\"https:\/\/evolve-fitness.eu\/wp-content\/uploads\/2024\/01\/Evolve-Crossfit-Sled-C2-683x1024.jpg\" alt=\"\" class=\"wp-image-10769\" srcset=\"https:\/\/evolve-fitness.eu\/wp-content\/uploads\/2024\/01\/Evolve-Crossfit-Sled-C2-683x1024.jpg 683w, https:\/\/evolve-fitness.eu\/wp-content\/uploads\/2024\/01\/Evolve-Crossfit-Sled-C2-300x450.jpg 300w, https:\/\/evolve-fitness.eu\/wp-content\/uploads\/2024\/01\/Evolve-Crossfit-Sled-C2-100x150.jpg 100w, https:\/\/evolve-fitness.eu\/wp-content\/uploads\/2024\/01\/Evolve-Crossfit-Sled-C2-600x900.jpg 600w, https:\/\/evolve-fitness.eu\/wp-content\/uploads\/2024\/01\/Evolve-Crossfit-Sled-C2-200x300.jpg 200w, https:\/\/evolve-fitness.eu\/wp-content\/uploads\/2024\/01\/Evolve-Crossfit-Sled-C2-768x1152.jpg 768w, https:\/\/evolve-fitness.eu\/wp-content\/uploads\/2024\/01\/Evolve-Crossfit-Sled-C2-1024x1536.jpg 1024w, https:\/\/evolve-fitness.eu\/wp-content\/uploads\/2024\/01\/Evolve-Crossfit-Sled-C2-1365x2048.jpg 1365w, https:\/\/evolve-fitness.eu\/wp-content\/uploads\/2024\/01\/Evolve-Crossfit-Sled-C2.jpg 1373w\" sizes=\"auto, (max-width: 683px) 100vw, 683px\" \/><\/figure>\n<\/div>\n\n\n\n<div class=\"wp-block-column is-vertically-aligned-center is-layout-flow wp-block-column-is-layout-flow\">\n<h3 class=\"wp-block-heading\" style=\"margin-bottom:var(--wp--preset--spacing--h-3-bottom)\"><strong>Compatibilit\u00e0 con le piastre di peso<\/strong><\/h3>\n\n\n\n<p><strong><em>Opzioni di resistenza potenziate<\/em><\/strong><\/p>\n\n\n\n<p>La slitta Evolve CrossFit \u00e8 progettata per integrarsi perfettamente con le piastre per pesi liberi standard, offrendo un modo semplice per regolare l&#8217;intensit\u00e0 dell&#8217;allenamento. Questa compatibilit\u00e0 fa s\u00ec che gli atleti possano aumentare progressivamente la resistenza man mano che diventano pi\u00f9 forti, rendendo la slitta uno strumento adattabile per lo sviluppo continuo della forma fisica.<\/p>\n<\/div>\n<\/div>\n\n\n\n<div class=\"wp-block-columns alignwide is-layout-flex wp-container-core-columns-is-layout-c45ee707 wp-block-columns-is-layout-flex\" style=\"margin-bottom:var(--wp--preset--spacing--side-padding);padding-top:var(--wp--preset--spacing--side-padding)\">\n<div class=\"wp-block-column is-vertically-aligned-center is-layout-flow wp-block-column-is-layout-flow\">\n<h3 class=\"wp-block-heading\" style=\"margin-bottom:var(--wp--preset--spacing--h-3-bottom)\">Design compatto e facile da usare<\/h3>\n\n\n\n<p><strong><em>L&#8217;efficienza incontra la convenienza<\/em><\/strong><\/p>\n\n\n\n<p style=\"margin-bottom:var(--wp--preset--spacing--tb-section-padding)\">Nonostante la sua robusta funzionalit\u00e0, la slitta vanta un design compatto che ne facilita lo stoccaggio e il trasporto. Questo aspetto di facile utilizzo assicura che la configurazione dell&#8217;allenamento sia efficiente e adattabile, adattandosi perfettamente a qualsiasi spazio.<\/p>\n<\/div>\n\n\n\n<div class=\"wp-block-column is-vertically-aligned-center is-layout-flow wp-block-column-is-layout-flow\">\n<figure class=\"wp-block-image size-large\"><img decoding=\"async\" src=\"https:\/\/store.evolve-fitness.eu\/wp-content\/uploads\/2025\/09\/A7_03109-1024x683.jpg\" alt=\"\" class=\"wp-image-148082\"\/><\/figure>\n<\/div>\n<\/div>\n\n\n\n<div class=\"wp-block-columns alignwide is-layout-flex wp-container-core-columns-is-layout-c45ee707 wp-block-columns-is-layout-flex\" style=\"margin-bottom:var(--wp--preset--spacing--side-padding);padding-top:var(--wp--preset--spacing--side-padding)\">\n<div class=\"wp-block-column is-vertically-aligned-center is-layout-flow wp-block-column-is-layout-flow\">\n<figure class=\"wp-block-image size-large\"><img loading=\"lazy\" decoding=\"async\" width=\"1024\" height=\"683\" src=\"https:\/\/evolve-fitness.eu\/wp-content\/uploads\/2024\/01\/Evolve-Crossfit-Sled-C4-1024x683.jpg\" alt=\"\" class=\"wp-image-10773\" srcset=\"https:\/\/evolve-fitness.eu\/wp-content\/uploads\/2024\/01\/Evolve-Crossfit-Sled-C4-1024x683.jpg 1024w, https:\/\/evolve-fitness.eu\/wp-content\/uploads\/2024\/01\/Evolve-Crossfit-Sled-C4-300x200.jpg 300w, https:\/\/evolve-fitness.eu\/wp-content\/uploads\/2024\/01\/Evolve-Crossfit-Sled-C4-225x150.jpg 225w, https:\/\/evolve-fitness.eu\/wp-content\/uploads\/2024\/01\/Evolve-Crossfit-Sled-C4-600x400.jpg 600w, https:\/\/evolve-fitness.eu\/wp-content\/uploads\/2024\/01\/Evolve-Crossfit-Sled-C4-150x100.jpg 150w, https:\/\/evolve-fitness.eu\/wp-content\/uploads\/2024\/01\/Evolve-Crossfit-Sled-C4-768x512.jpg 768w, https:\/\/evolve-fitness.eu\/wp-content\/uploads\/2024\/01\/Evolve-Crossfit-Sled-C4-1536x1024.jpg 1536w, https:\/\/evolve-fitness.eu\/wp-content\/uploads\/2024\/01\/Evolve-Crossfit-Sled-C4-2048x1365.jpg 2048w\" sizes=\"auto, (max-width: 1024px) 100vw, 1024px\" \/><\/figure>\n<\/div>\n\n\n\n<div class=\"wp-block-column is-vertically-aligned-center is-layout-flow wp-block-column-is-layout-flow\">\n<h3 class=\"wp-block-heading\" style=\"margin-bottom:var(--wp--preset--spacing--h-3-bottom)\"><strong><strong><strong><strong>Durata ineguagliabile<\/strong><\/strong><\/strong><\/strong><\/h3>\n\n\n\n<p><strong><em><strong>Costruito per durare<\/strong><\/em><\/strong><\/p>\n\n\n\n<p>Realizzata con materiali pregiati, questa slitta \u00e8 progettata per durare nel tempo. \u00c8 resistente all&#8217;usura dell&#8217;uso quotidiano intensivo, per garantire che rimanga un punto fermo del vostro arsenale fitness per gli anni a venire.<\/p>\n<\/div>\n<\/div>\n<\/section>\n","protected":false},"excerpt":{"rendered":"<p>Scatena una potenza e un&#8217;intensit\u00e0 di livello superiore con la slitta Evolve CrossFit EV-CF-SL-020, costruita per gli atleti che vogliono ottenere risultati ineguagliabili. Progettata con una struttura rinforzata e un equilibrio ottimale, questa slitta offre prestazioni di alto livello su ogni superficie di allenamento, dalle palestre indoor alle piste all&#8217;aperto, al manto erboso o all&#8217;asfalto.<br \/>\nPerfetta per le esercitazioni di spinta, trazione e resistenza, la EV-CF-SL-020 consente di lavorare sulla velocit\u00e0 esplosiva, sul condizionamento e sullo sviluppo della forza di tutto il corpo. Il suo telaio compatto ma resistente garantisce stabilit\u00e0 sotto carico, mentre il design intelligente lo rende facile da adattare a diversi stili di allenamento.  <\/p>\n","protected":false},"featured_media":206449,"template":"","meta":{"_acf_changed":false,"inline_featured_image":false},"product_brand":[],"product_cat":[13032,2871,5263],"product_tag":[],"class_list":{"0":"post-228334","1":"product","2":"type-product","3":"status-publish","4":"has-post-thumbnail","6":"product_cat-hyrox-gear","7":"product_cat-interdisciplinare-e-funzionale","8":"product_cat-apparecchiature-funzionali","10":"first","11":"instock","12":"shipping-taxable","13":"purchasable","14":"product-type-simple"},"acf":{"long_title":"Slitta Evolve Crossfit (SL-020)","subtitle":"","specifications":[{"label":"SKU","text_value":"EV-CF-SL-020","icon":"x"},{"label":"Dimensioni","text_value":"1090 \u00d7 603 x 1055 mm","icon":"x"},{"label":"Carico massimo","text_value":"200 kg","icon":"x"},{"label":"Peso","text_value":"31 kg","icon":"x"},{"label":"Garanzia","text_value":"2 anni","icon":"x"}]},"yoast_head":"<!-- This site is optimized with the Yoast SEO plugin v26.6 - https:\/\/yoast.com\/wordpress\/plugins\/seo\/ -->\n<title>Slitta Evolve Crossfit (SL-020) - Evolve<\/title>\n<meta name=\"robots\" content=\"index, follow, max-snippet:-1, max-image-preview:large, max-video-preview:-1\" \/>\n<link rel=\"canonical\" href=\"https:\/\/evolve-fitness.eu\/it\/prodotto\/slitta-evolve-crossfit-sl-020\/\" \/>\n<meta property=\"og:locale\" content=\"it_IT\" \/>\n<meta property=\"og:type\" content=\"article\" \/>\n<meta property=\"og:title\" content=\"Slitta Evolve Crossfit (SL-020) - Evolve\" \/>\n<meta property=\"og:url\" content=\"https:\/\/evolve-fitness.eu\/it\/prodotto\/slitta-evolve-crossfit-sl-020\/\" \/>\n<meta property=\"og:site_name\" content=\"Evolve\" \/>\n<meta property=\"article:publisher\" content=\"https:\/\/www.facebook.com\/EvolveFitnessEurope\" \/>\n<meta property=\"article:modified_time\" content=\"2026-04-08T08:55:10+00:00\" \/>\n<meta property=\"og:image\" content=\"https:\/\/evolve-fitness.eu\/wp-content\/uploads\/2025\/09\/Evolve-Sled-1-scaled.png\" \/>\n\t<meta property=\"og:image:width\" content=\"2560\" \/>\n\t<meta property=\"og:image:height\" content=\"2560\" \/>\n\t<meta property=\"og:image:type\" content=\"image\/png\" \/>\n<meta name=\"twitter:card\" content=\"summary_large_image\" \/>\n<script type=\"application\/ld+json\" class=\"yoast-schema-graph\">{\"@context\":\"https:\/\/schema.org\",\"@graph\":[{\"@type\":\"WebPage\",\"@id\":\"https:\/\/evolve-fitness.eu\/it\/prodotto\/slitta-evolve-crossfit-sl-020\/\",\"url\":\"https:\/\/evolve-fitness.eu\/it\/prodotto\/slitta-evolve-crossfit-sl-020\/\",\"name\":\"Slitta Evolve Crossfit (SL-020) - Evolve\",\"isPartOf\":{\"@id\":\"https:\/\/evolve-fitness.eu\/it\/#website\"},\"primaryImageOfPage\":{\"@id\":\"https:\/\/evolve-fitness.eu\/it\/prodotto\/slitta-evolve-crossfit-sl-020\/#primaryimage\"},\"image\":{\"@id\":\"https:\/\/evolve-fitness.eu\/it\/prodotto\/slitta-evolve-crossfit-sl-020\/#primaryimage\"},\"thumbnailUrl\":\"https:\/\/evolve-fitness.eu\/wp-content\/uploads\/2025\/09\/Evolve-Sled-1-scaled.png\",\"datePublished\":\"2025-09-10T08:23:54+00:00\",\"dateModified\":\"2026-04-08T08:55:10+00:00\",\"breadcrumb\":{\"@id\":\"https:\/\/evolve-fitness.eu\/it\/prodotto\/slitta-evolve-crossfit-sl-020\/#breadcrumb\"},\"inLanguage\":\"it-IT\",\"potentialAction\":[{\"@type\":\"ReadAction\",\"target\":[\"https:\/\/evolve-fitness.eu\/it\/prodotto\/slitta-evolve-crossfit-sl-020\/\"]}]},{\"@type\":\"ImageObject\",\"inLanguage\":\"it-IT\",\"@id\":\"https:\/\/evolve-fitness.eu\/it\/prodotto\/slitta-evolve-crossfit-sl-020\/#primaryimage\",\"url\":\"https:\/\/evolve-fitness.eu\/wp-content\/uploads\/2025\/09\/Evolve-Sled-1-scaled.png\",\"contentUrl\":\"https:\/\/evolve-fitness.eu\/wp-content\/uploads\/2025\/09\/Evolve-Sled-1-scaled.png\",\"width\":2560,\"height\":2560},{\"@type\":\"BreadcrumbList\",\"@id\":\"https:\/\/evolve-fitness.eu\/it\/prodotto\/slitta-evolve-crossfit-sl-020\/#breadcrumb\",\"itemListElement\":[{\"@type\":\"ListItem\",\"position\":1,\"name\":\"Home\",\"item\":\"https:\/\/evolve-fitness.eu\/it\/\"},{\"@type\":\"ListItem\",\"position\":2,\"name\":\"Prodotti\",\"item\":\"https:\/\/evolve-fitness.eu\/it\/shop\/\"},{\"@type\":\"ListItem\",\"position\":3,\"name\":\"Slitta Evolve Crossfit (SL-020)\"}]},{\"@type\":\"WebSite\",\"@id\":\"https:\/\/evolve-fitness.eu\/it\/#website\",\"url\":\"https:\/\/evolve-fitness.eu\/it\/\",\"name\":\"Evolve\",\"description\":\"Your Evolved Gear Arrived\",\"publisher\":{\"@id\":\"https:\/\/evolve-fitness.eu\/it\/#organization\"},\"potentialAction\":[{\"@type\":\"SearchAction\",\"target\":{\"@type\":\"EntryPoint\",\"urlTemplate\":\"https:\/\/evolve-fitness.eu\/it\/?s={search_term_string}\"},\"query-input\":{\"@type\":\"PropertyValueSpecification\",\"valueRequired\":true,\"valueName\":\"search_term_string\"}}],\"inLanguage\":\"it-IT\"},{\"@type\":\"Organization\",\"@id\":\"https:\/\/evolve-fitness.eu\/it\/#organization\",\"name\":\"Evolve\",\"url\":\"https:\/\/evolve-fitness.eu\/it\/\",\"logo\":{\"@type\":\"ImageObject\",\"inLanguage\":\"it-IT\",\"@id\":\"https:\/\/evolve-fitness.eu\/it\/#\/schema\/logo\/image\/\",\"url\":\"https:\/\/evolve-fitness.eu\/wp-content\/uploads\/2023\/05\/Evolve-logo.svg\",\"contentUrl\":\"https:\/\/evolve-fitness.eu\/wp-content\/uploads\/2023\/05\/Evolve-logo.svg\",\"width\":176,\"height\":20,\"caption\":\"Evolve\"},\"image\":{\"@id\":\"https:\/\/evolve-fitness.eu\/it\/#\/schema\/logo\/image\/\"},\"sameAs\":[\"https:\/\/www.facebook.com\/EvolveFitnessEurope\"]}]}<\/script>\n<!-- \/ Yoast SEO plugin. -->","yoast_head_json":{"title":"Slitta Evolve Crossfit (SL-020) - Evolve","robots":{"index":"index","follow":"follow","max-snippet":"max-snippet:-1","max-image-preview":"max-image-preview:large","max-video-preview":"max-video-preview:-1"},"canonical":"https:\/\/evolve-fitness.eu\/it\/prodotto\/slitta-evolve-crossfit-sl-020\/","og_locale":"it_IT","og_type":"article","og_title":"Slitta Evolve Crossfit (SL-020) - Evolve","og_url":"https:\/\/evolve-fitness.eu\/it\/prodotto\/slitta-evolve-crossfit-sl-020\/","og_site_name":"Evolve","article_publisher":"https:\/\/www.facebook.com\/EvolveFitnessEurope","article_modified_time":"2026-04-08T08:55:10+00:00","og_image":[{"width":2560,"height":2560,"url":"https:\/\/evolve-fitness.eu\/wp-content\/uploads\/2025\/09\/Evolve-Sled-1-scaled.png","type":"image\/png"}],"twitter_card":"summary_large_image","schema":{"@context":"https:\/\/schema.org","@graph":[{"@type":"WebPage","@id":"https:\/\/evolve-fitness.eu\/it\/prodotto\/slitta-evolve-crossfit-sl-020\/","url":"https:\/\/evolve-fitness.eu\/it\/prodotto\/slitta-evolve-crossfit-sl-020\/","name":"Slitta Evolve Crossfit (SL-020) - Evolve","isPartOf":{"@id":"https:\/\/evolve-fitness.eu\/it\/#website"},"primaryImageOfPage":{"@id":"https:\/\/evolve-fitness.eu\/it\/prodotto\/slitta-evolve-crossfit-sl-020\/#primaryimage"},"image":{"@id":"https:\/\/evolve-fitness.eu\/it\/prodotto\/slitta-evolve-crossfit-sl-020\/#primaryimage"},"thumbnailUrl":"https:\/\/evolve-fitness.eu\/wp-content\/uploads\/2025\/09\/Evolve-Sled-1-scaled.png","datePublished":"2025-09-10T08:23:54+00:00","dateModified":"2026-04-08T08:55:10+00:00","breadcrumb":{"@id":"https:\/\/evolve-fitness.eu\/it\/prodotto\/slitta-evolve-crossfit-sl-020\/#breadcrumb"},"inLanguage":"it-IT","potentialAction":[{"@type":"ReadAction","target":["https:\/\/evolve-fitness.eu\/it\/prodotto\/slitta-evolve-crossfit-sl-020\/"]}]},{"@type":"ImageObject","inLanguage":"it-IT","@id":"https:\/\/evolve-fitness.eu\/it\/prodotto\/slitta-evolve-crossfit-sl-020\/#primaryimage","url":"https:\/\/evolve-fitness.eu\/wp-content\/uploads\/2025\/09\/Evolve-Sled-1-scaled.png","contentUrl":"https:\/\/evolve-fitness.eu\/wp-content\/uploads\/2025\/09\/Evolve-Sled-1-scaled.png","width":2560,"height":2560},{"@type":"BreadcrumbList","@id":"https:\/\/evolve-fitness.eu\/it\/prodotto\/slitta-evolve-crossfit-sl-020\/#breadcrumb","itemListElement":[{"@type":"ListItem","position":1,"name":"Home","item":"https:\/\/evolve-fitness.eu\/it\/"},{"@type":"ListItem","position":2,"name":"Prodotti","item":"https:\/\/evolve-fitness.eu\/it\/shop\/"},{"@type":"ListItem","position":3,"name":"Slitta Evolve Crossfit (SL-020)"}]},{"@type":"WebSite","@id":"https:\/\/evolve-fitness.eu\/it\/#website","url":"https:\/\/evolve-fitness.eu\/it\/","name":"Evolve","description":"Your Evolved Gear Arrived","publisher":{"@id":"https:\/\/evolve-fitness.eu\/it\/#organization"},"potentialAction":[{"@type":"SearchAction","target":{"@type":"EntryPoint","urlTemplate":"https:\/\/evolve-fitness.eu\/it\/?s={search_term_string}"},"query-input":{"@type":"PropertyValueSpecification","valueRequired":true,"valueName":"search_term_string"}}],"inLanguage":"it-IT"},{"@type":"Organization","@id":"https:\/\/evolve-fitness.eu\/it\/#organization","name":"Evolve","url":"https:\/\/evolve-fitness.eu\/it\/","logo":{"@type":"ImageObject","inLanguage":"it-IT","@id":"https:\/\/evolve-fitness.eu\/it\/#\/schema\/logo\/image\/","url":"https:\/\/evolve-fitness.eu\/wp-content\/uploads\/2023\/05\/Evolve-logo.svg","contentUrl":"https:\/\/evolve-fitness.eu\/wp-content\/uploads\/2023\/05\/Evolve-logo.svg","width":176,"height":20,"caption":"Evolve"},"image":{"@id":"https:\/\/evolve-fitness.eu\/it\/#\/schema\/logo\/image\/"},"sameAs":["https:\/\/www.facebook.com\/EvolveFitnessEurope"]}]}},"_links":{"self":[{"href":"https:\/\/evolve-fitness.eu\/it\/wp-json\/wp\/v2\/product\/228334","targetHints":{"allow":["GET"]}}],"collection":[{"href":"https:\/\/evolve-fitness.eu\/it\/wp-json\/wp\/v2\/product"}],"about":[{"href":"https:\/\/evolve-fitness.eu\/it\/wp-json\/wp\/v2\/types\/product"}],"wp:featuredmedia":[{"embeddable":true,"href":"https:\/\/evolve-fitness.eu\/it\/wp-json\/wp\/v2\/media\/206449"}],"wp:attachment":[{"href":"https:\/\/evolve-fitness.eu\/it\/wp-json\/wp\/v2\/media?parent=228334"}],"wp:term":[{"taxonomy":"product_brand","embeddable":true,"href":"https:\/\/evolve-fitness.eu\/it\/wp-json\/wp\/v2\/product_brand?post=228334"},{"taxonomy":"product_cat","embeddable":true,"href":"https:\/\/evolve-fitness.eu\/it\/wp-json\/wp\/v2\/product_cat?post=228334"},{"taxonomy":"product_tag","embeddable":true,"href":"https:\/\/evolve-fitness.eu\/it\/wp-json\/wp\/v2\/product_tag?post=228334"}],"curies":[{"name":"wp","href":"https:\/\/api.w.org\/{rel}","templated":true}]}}