{"id":228680,"date":"2025-02-14T13:27:38","date_gmt":"2025-02-14T11:27:38","guid":{"rendered":"https:\/\/evolve-fitness.eu\/product\/sistema-di-archiviazione-evolve-v7-st-070\/"},"modified":"2026-04-08T15:50:36","modified_gmt":"2026-04-08T12:50:36","slug":"sistema-di-archiviazione-evolve-v7-st-070","status":"publish","type":"product","link":"https:\/\/evolve-fitness.eu\/it\/prodotto\/sistema-di-archiviazione-evolve-v7-st-070\/","title":{"rendered":"Sistema di archiviazione Evolve V7 (ST-070)"},"content":{"rendered":"\n<section class=\"wp-block-group alignfull black-content has-white-color has-darkgray-background-color has-text-color has-background is-layout-constrained wp-block-group-is-layout-constrained\" style=\"padding-top:var(--wp--preset--spacing--section-bottom);padding-bottom:var(--wp--preset--spacing--section-bottom)\">\n<div class=\"wp-block-columns alignwide mobile-reverse is-layout-flex wp-container-core-columns-is-layout-ca64bf2d wp-block-columns-is-layout-flex\" style=\"margin-bottom:var(--wp--preset--spacing--side-padding)\">\n<div class=\"wp-block-column is-vertically-aligned-center is-layout-flow wp-block-column-is-layout-flow\">\n<h3 class=\"wp-block-heading\" style=\"margin-bottom:var(--wp--preset--spacing--h-3-bottom)\">Sistema di archiviazione Evolve V7<\/h3>\n\n\n\n<p><strong><em><strong>Per riporre in modo efficiente le attrezzature sportive<\/strong><\/em><\/strong><\/p>\n\n\n\n<p>Il <strong>sistema di stoccaggio Evolve V7<\/strong> \u00e8 stato progettato per le strutture che necessitano di uno stoccaggio consistente di palle da muro e piastre paracolpi. \u00c8 costruito per mantenere la tua area di allenamento organizzata, sicura e presentata in modo professionale, sfruttando lo spazio verticale della parete. <\/p>\n\n\n\n<p><strong>Il pacchetto include<\/strong><br\/>Questo sistema \u00e8 modulare e consiste nei seguenti componenti:<\/p>\n\n\n\n<p><\/p>\n\n\n\n<ul class=\"wp-block-list\">\n<li><strong><a href=\"https:\/\/evolve-fitness.eu\/it\/prodotto\/evolve-wall-magazzino-per-sfere-e-piastre-paracolpi-1100-1800-mm\/\">Stoccaggio di palline e piastre a muro:<\/a><\/strong> 4x EV-ST-WB &#8211; Moduli di grandi dimensioni per l&#8217;archiviazione di grandi volumi.<\/li>\n\n\n\n<li><strong><a href=\"https:\/\/evolve-fitness.eu\/it\/prodotto\/montanti-evolve-per-sistemi-di-stoccaggio-120-190-cm\/\">Supporti verticali<\/a>:<\/strong> 2x EV-ST-UP &#8211; Assicura un montaggio a parete stabile e sicuro.<\/li>\n<\/ul>\n\n\n\n<p><\/p>\n\n\n\n<p><strong>Nota bene:<\/strong><\/p>\n\n\n\n<p><em>Le immagini sono a scopo illustrativo. Il set comprende solo le rastrelliere e i montanti. I pesi e le palline mostrati non sono inclusi.  <\/em><\/p>\n<\/div>\n\n\n\n<div class=\"wp-block-column is-vertically-aligned-center is-layout-flow wp-block-column-is-layout-flow\">\n<figure class=\"wp-block-image size-large\"><img loading=\"lazy\" decoding=\"async\" width=\"1024\" height=\"1024\" src=\"https:\/\/evolve-fitness.eu\/wp-content\/uploads\/2025\/02\/EV-RS-ST-070-1024x1024.png\" alt=\"\" class=\"wp-image-223117\" srcset=\"https:\/\/evolve-fitness.eu\/wp-content\/uploads\/2025\/02\/EV-RS-ST-070-1024x1024.png 1024w, https:\/\/evolve-fitness.eu\/wp-content\/uploads\/2025\/02\/EV-RS-ST-070-300x300.png 300w, https:\/\/evolve-fitness.eu\/wp-content\/uploads\/2025\/02\/EV-RS-ST-070-150x150.png 150w, https:\/\/evolve-fitness.eu\/wp-content\/uploads\/2025\/02\/EV-RS-ST-070-768x768.png 768w, https:\/\/evolve-fitness.eu\/wp-content\/uploads\/2025\/02\/EV-RS-ST-070-600x600.png 600w, https:\/\/evolve-fitness.eu\/wp-content\/uploads\/2025\/02\/EV-RS-ST-070.png 1080w\" sizes=\"auto, (max-width: 1024px) 100vw, 1024px\" \/><\/figure>\n<\/div>\n<\/div>\n<\/section>\n","protected":false},"excerpt":{"rendered":"<p>Progettato per gli ambienti di allenamento ad alta intensit\u00e0, questo full rig commerciale \u00e8 il pezzo forte di ogni palestra professionale. Il suo design modulare supporta pi\u00f9 utenti contemporaneamente, offrendo transizioni senza soluzione di continuit\u00e0 tra powerlifting, allenamento con pesi corporei ed esercizi funzionali. La struttura in acciaio rinforzato garantisce la massima durata sotto carichi pesanti, mentre i componenti regolabili si adattano agli atleti di tutti i livelli. Le soluzioni di stoccaggio integrate consentono di organizzare gli spazi di allenamento e gli accessori opzionali migliorano la variet\u00e0 dell&#8217;allenamento. Sia che si tratti di un centro di forza, di un box CrossFit o di una palestra multifunzionale, questo attrezzo offre l&#8217;affidabilit\u00e0, la sicurezza e la versatilit\u00e0 necessarie per ottenere prestazioni ottimali e una lunga durata.    <\/p>\n","protected":false},"featured_media":182998,"template":"","meta":{"_acf_changed":false,"inline_featured_image":false},"product_brand":[],"product_cat":[13088,2871],"product_tag":[],"class_list":{"0":"post-228680","1":"product","2":"type-product","3":"status-publish","4":"has-post-thumbnail","6":"product_cat-immagazzinamento","7":"product_cat-interdisciplinare-e-funzionale","9":"first","10":"instock","11":"shipping-taxable","12":"purchasable","13":"product-type-simple"},"acf":{"long_title":"Sistema di archiviazione Evolve V7 (ST-070)","subtitle":"","specifications":[{"label":"SKU","text_value":"EV-RS-ST-070","icon":"x"},{"label":"Altezza","text_value":"1900 mm","icon":"x"},{"label":"Larghezza","text_value":"1950 mm","icon":"x"},{"label":"Garanzia","text_value":"2 anni","icon":"x"}]},"yoast_head":"<!-- This site is optimized with the Yoast SEO plugin v27.4 - https:\/\/yoast.com\/product\/yoast-seo-wordpress\/ -->\n<title>Sistema di archiviazione Evolve V7 (ST-070) - Evolve<\/title>\n<meta name=\"robots\" content=\"index, follow, max-snippet:-1, max-image-preview:large, max-video-preview:-1\" \/>\n<link rel=\"canonical\" href=\"https:\/\/evolve-fitness.eu\/it\/prodotto\/sistema-di-archiviazione-evolve-v7-st-070\/\" \/>\n<meta property=\"og:locale\" content=\"it_IT\" \/>\n<meta property=\"og:type\" content=\"article\" \/>\n<meta property=\"og:title\" content=\"Sistema di archiviazione Evolve V7 (ST-070) - Evolve\" \/>\n<meta property=\"og:url\" content=\"https:\/\/evolve-fitness.eu\/it\/prodotto\/sistema-di-archiviazione-evolve-v7-st-070\/\" \/>\n<meta property=\"og:site_name\" content=\"Evolve\" \/>\n<meta property=\"article:publisher\" content=\"https:\/\/www.facebook.com\/EvolveFitnessEurope\" \/>\n<meta property=\"article:modified_time\" content=\"2026-04-08T12:50:36+00:00\" \/>\n<meta property=\"og:image\" content=\"https:\/\/evolve-fitness.eu\/wp-content\/uploads\/2025\/02\/EV-RS-ST-070-5-1.png\" \/>\n\t<meta property=\"og:image:width\" content=\"1920\" \/>\n\t<meta property=\"og:image:height\" content=\"1920\" \/>\n\t<meta property=\"og:image:type\" content=\"image\/png\" \/>\n<meta name=\"twitter:card\" content=\"summary_large_image\" \/>\n<script type=\"application\/ld+json\" class=\"yoast-schema-graph\">{\"@context\":\"https:\\\/\\\/schema.org\",\"@graph\":[{\"@type\":\"WebPage\",\"@id\":\"https:\\\/\\\/evolve-fitness.eu\\\/it\\\/prodotto\\\/sistema-di-archiviazione-evolve-v7-st-070\\\/\",\"url\":\"https:\\\/\\\/evolve-fitness.eu\\\/it\\\/prodotto\\\/sistema-di-archiviazione-evolve-v7-st-070\\\/\",\"name\":\"Sistema di archiviazione Evolve V7 (ST-070) - Evolve\",\"isPartOf\":{\"@id\":\"https:\\\/\\\/evolve-fitness.eu\\\/it\\\/#website\"},\"primaryImageOfPage\":{\"@id\":\"https:\\\/\\\/evolve-fitness.eu\\\/it\\\/prodotto\\\/sistema-di-archiviazione-evolve-v7-st-070\\\/#primaryimage\"},\"image\":{\"@id\":\"https:\\\/\\\/evolve-fitness.eu\\\/it\\\/prodotto\\\/sistema-di-archiviazione-evolve-v7-st-070\\\/#primaryimage\"},\"thumbnailUrl\":\"https:\\\/\\\/evolve-fitness.eu\\\/wp-content\\\/uploads\\\/2025\\\/02\\\/EV-RS-ST-070-5-1.png\",\"datePublished\":\"2025-02-14T11:27:38+00:00\",\"dateModified\":\"2026-04-08T12:50:36+00:00\",\"breadcrumb\":{\"@id\":\"https:\\\/\\\/evolve-fitness.eu\\\/it\\\/prodotto\\\/sistema-di-archiviazione-evolve-v7-st-070\\\/#breadcrumb\"},\"inLanguage\":\"it-IT\",\"potentialAction\":[{\"@type\":\"ReadAction\",\"target\":[\"https:\\\/\\\/evolve-fitness.eu\\\/it\\\/prodotto\\\/sistema-di-archiviazione-evolve-v7-st-070\\\/\"]}]},{\"@type\":\"ImageObject\",\"inLanguage\":\"it-IT\",\"@id\":\"https:\\\/\\\/evolve-fitness.eu\\\/it\\\/prodotto\\\/sistema-di-archiviazione-evolve-v7-st-070\\\/#primaryimage\",\"url\":\"https:\\\/\\\/evolve-fitness.eu\\\/wp-content\\\/uploads\\\/2025\\\/02\\\/EV-RS-ST-070-5-1.png\",\"contentUrl\":\"https:\\\/\\\/evolve-fitness.eu\\\/wp-content\\\/uploads\\\/2025\\\/02\\\/EV-RS-ST-070-5-1.png\",\"width\":1920,\"height\":1920,\"caption\":\"EV-RS-ST-070\"},{\"@type\":\"BreadcrumbList\",\"@id\":\"https:\\\/\\\/evolve-fitness.eu\\\/it\\\/prodotto\\\/sistema-di-archiviazione-evolve-v7-st-070\\\/#breadcrumb\",\"itemListElement\":[{\"@type\":\"ListItem\",\"position\":1,\"name\":\"Home\",\"item\":\"https:\\\/\\\/evolve-fitness.eu\\\/it\\\/\"},{\"@type\":\"ListItem\",\"position\":2,\"name\":\"Prodotti\",\"item\":\"https:\\\/\\\/evolve-fitness.eu\\\/it\\\/shop\\\/\"},{\"@type\":\"ListItem\",\"position\":3,\"name\":\"Sistema di archiviazione Evolve V7 (ST-070)\"}]},{\"@type\":\"WebSite\",\"@id\":\"https:\\\/\\\/evolve-fitness.eu\\\/it\\\/#website\",\"url\":\"https:\\\/\\\/evolve-fitness.eu\\\/it\\\/\",\"name\":\"Evolve\",\"description\":\"Your Evolved Gear Arrived\",\"publisher\":{\"@id\":\"https:\\\/\\\/evolve-fitness.eu\\\/it\\\/#organization\"},\"potentialAction\":[{\"@type\":\"SearchAction\",\"target\":{\"@type\":\"EntryPoint\",\"urlTemplate\":\"https:\\\/\\\/evolve-fitness.eu\\\/it\\\/?s={search_term_string}\"},\"query-input\":{\"@type\":\"PropertyValueSpecification\",\"valueRequired\":true,\"valueName\":\"search_term_string\"}}],\"inLanguage\":\"it-IT\"},{\"@type\":\"Organization\",\"@id\":\"https:\\\/\\\/evolve-fitness.eu\\\/it\\\/#organization\",\"name\":\"Evolve\",\"url\":\"https:\\\/\\\/evolve-fitness.eu\\\/it\\\/\",\"logo\":{\"@type\":\"ImageObject\",\"inLanguage\":\"it-IT\",\"@id\":\"https:\\\/\\\/evolve-fitness.eu\\\/it\\\/#\\\/schema\\\/logo\\\/image\\\/\",\"url\":\"https:\\\/\\\/evolve-fitness.eu\\\/wp-content\\\/uploads\\\/2023\\\/05\\\/Evolve-logo.svg\",\"contentUrl\":\"https:\\\/\\\/evolve-fitness.eu\\\/wp-content\\\/uploads\\\/2023\\\/05\\\/Evolve-logo.svg\",\"width\":176,\"height\":20,\"caption\":\"Evolve\"},\"image\":{\"@id\":\"https:\\\/\\\/evolve-fitness.eu\\\/it\\\/#\\\/schema\\\/logo\\\/image\\\/\"},\"sameAs\":[\"https:\\\/\\\/www.facebook.com\\\/EvolveFitnessEurope\"]}]}<\/script>\n<!-- \/ Yoast SEO plugin. -->","yoast_head_json":{"title":"Sistema di archiviazione Evolve V7 (ST-070) - Evolve","robots":{"index":"index","follow":"follow","max-snippet":"max-snippet:-1","max-image-preview":"max-image-preview:large","max-video-preview":"max-video-preview:-1"},"canonical":"https:\/\/evolve-fitness.eu\/it\/prodotto\/sistema-di-archiviazione-evolve-v7-st-070\/","og_locale":"it_IT","og_type":"article","og_title":"Sistema di archiviazione Evolve V7 (ST-070) - Evolve","og_url":"https:\/\/evolve-fitness.eu\/it\/prodotto\/sistema-di-archiviazione-evolve-v7-st-070\/","og_site_name":"Evolve","article_publisher":"https:\/\/www.facebook.com\/EvolveFitnessEurope","article_modified_time":"2026-04-08T12:50:36+00:00","og_image":[{"width":1920,"height":1920,"url":"https:\/\/evolve-fitness.eu\/wp-content\/uploads\/2025\/02\/EV-RS-ST-070-5-1.png","type":"image\/png"}],"twitter_card":"summary_large_image","schema":{"@context":"https:\/\/schema.org","@graph":[{"@type":"WebPage","@id":"https:\/\/evolve-fitness.eu\/it\/prodotto\/sistema-di-archiviazione-evolve-v7-st-070\/","url":"https:\/\/evolve-fitness.eu\/it\/prodotto\/sistema-di-archiviazione-evolve-v7-st-070\/","name":"Sistema di archiviazione Evolve V7 (ST-070) - Evolve","isPartOf":{"@id":"https:\/\/evolve-fitness.eu\/it\/#website"},"primaryImageOfPage":{"@id":"https:\/\/evolve-fitness.eu\/it\/prodotto\/sistema-di-archiviazione-evolve-v7-st-070\/#primaryimage"},"image":{"@id":"https:\/\/evolve-fitness.eu\/it\/prodotto\/sistema-di-archiviazione-evolve-v7-st-070\/#primaryimage"},"thumbnailUrl":"https:\/\/evolve-fitness.eu\/wp-content\/uploads\/2025\/02\/EV-RS-ST-070-5-1.png","datePublished":"2025-02-14T11:27:38+00:00","dateModified":"2026-04-08T12:50:36+00:00","breadcrumb":{"@id":"https:\/\/evolve-fitness.eu\/it\/prodotto\/sistema-di-archiviazione-evolve-v7-st-070\/#breadcrumb"},"inLanguage":"it-IT","potentialAction":[{"@type":"ReadAction","target":["https:\/\/evolve-fitness.eu\/it\/prodotto\/sistema-di-archiviazione-evolve-v7-st-070\/"]}]},{"@type":"ImageObject","inLanguage":"it-IT","@id":"https:\/\/evolve-fitness.eu\/it\/prodotto\/sistema-di-archiviazione-evolve-v7-st-070\/#primaryimage","url":"https:\/\/evolve-fitness.eu\/wp-content\/uploads\/2025\/02\/EV-RS-ST-070-5-1.png","contentUrl":"https:\/\/evolve-fitness.eu\/wp-content\/uploads\/2025\/02\/EV-RS-ST-070-5-1.png","width":1920,"height":1920,"caption":"EV-RS-ST-070"},{"@type":"BreadcrumbList","@id":"https:\/\/evolve-fitness.eu\/it\/prodotto\/sistema-di-archiviazione-evolve-v7-st-070\/#breadcrumb","itemListElement":[{"@type":"ListItem","position":1,"name":"Home","item":"https:\/\/evolve-fitness.eu\/it\/"},{"@type":"ListItem","position":2,"name":"Prodotti","item":"https:\/\/evolve-fitness.eu\/it\/shop\/"},{"@type":"ListItem","position":3,"name":"Sistema di archiviazione Evolve V7 (ST-070)"}]},{"@type":"WebSite","@id":"https:\/\/evolve-fitness.eu\/it\/#website","url":"https:\/\/evolve-fitness.eu\/it\/","name":"Evolve","description":"Your Evolved Gear Arrived","publisher":{"@id":"https:\/\/evolve-fitness.eu\/it\/#organization"},"potentialAction":[{"@type":"SearchAction","target":{"@type":"EntryPoint","urlTemplate":"https:\/\/evolve-fitness.eu\/it\/?s={search_term_string}"},"query-input":{"@type":"PropertyValueSpecification","valueRequired":true,"valueName":"search_term_string"}}],"inLanguage":"it-IT"},{"@type":"Organization","@id":"https:\/\/evolve-fitness.eu\/it\/#organization","name":"Evolve","url":"https:\/\/evolve-fitness.eu\/it\/","logo":{"@type":"ImageObject","inLanguage":"it-IT","@id":"https:\/\/evolve-fitness.eu\/it\/#\/schema\/logo\/image\/","url":"https:\/\/evolve-fitness.eu\/wp-content\/uploads\/2023\/05\/Evolve-logo.svg","contentUrl":"https:\/\/evolve-fitness.eu\/wp-content\/uploads\/2023\/05\/Evolve-logo.svg","width":176,"height":20,"caption":"Evolve"},"image":{"@id":"https:\/\/evolve-fitness.eu\/it\/#\/schema\/logo\/image\/"},"sameAs":["https:\/\/www.facebook.com\/EvolveFitnessEurope"]}]}},"_links":{"self":[{"href":"https:\/\/evolve-fitness.eu\/it\/wp-json\/wp\/v2\/product\/228680","targetHints":{"allow":["GET"]}}],"collection":[{"href":"https:\/\/evolve-fitness.eu\/it\/wp-json\/wp\/v2\/product"}],"about":[{"href":"https:\/\/evolve-fitness.eu\/it\/wp-json\/wp\/v2\/types\/product"}],"wp:featuredmedia":[{"embeddable":true,"href":"https:\/\/evolve-fitness.eu\/it\/wp-json\/wp\/v2\/media\/182998"}],"wp:attachment":[{"href":"https:\/\/evolve-fitness.eu\/it\/wp-json\/wp\/v2\/media?parent=228680"}],"wp:term":[{"taxonomy":"product_brand","embeddable":true,"href":"https:\/\/evolve-fitness.eu\/it\/wp-json\/wp\/v2\/product_brand?post=228680"},{"taxonomy":"product_cat","embeddable":true,"href":"https:\/\/evolve-fitness.eu\/it\/wp-json\/wp\/v2\/product_cat?post=228680"},{"taxonomy":"product_tag","embeddable":true,"href":"https:\/\/evolve-fitness.eu\/it\/wp-json\/wp\/v2\/product_tag?post=228680"}],"curies":[{"name":"wp","href":"https:\/\/api.w.org\/{rel}","templated":true}]}}