{"id":228758,"date":"2025-06-19T14:53:12","date_gmt":"2025-06-19T11:53:12","guid":{"rendered":"https:\/\/evolve-fitness.eu\/product\/set-di-bilancieri-evolve-cerakote-con-pesi-paracolpi-bs-ck\/"},"modified":"2026-04-08T15:57:28","modified_gmt":"2026-04-08T12:57:28","slug":"set-di-bilancieri-evolve-cerakote-con-pesi-paracolpi-bs-ck","status":"publish","type":"product","link":"https:\/\/evolve-fitness.eu\/it\/prodotto\/set-di-bilancieri-evolve-cerakote-con-pesi-paracolpi-bs-ck\/","title":{"rendered":"Set di bilancieri Evolve Cerakote con pesi paracolpi (BS-CK)"},"content":{"rendered":"\n<section class=\"wp-block-group alignfull black-content has-white-color has-darkgray-background-color has-text-color has-background is-layout-constrained wp-block-group-is-layout-constrained\" style=\"padding-top:var(--wp--preset--spacing--section-bottom);padding-bottom:var(--wp--preset--spacing--section-bottom)\">\n<section class=\"wp-block-group alignfull black-content has-white-color has-darkgray-background-color has-text-color has-background is-layout-constrained wp-block-group-is-layout-constrained\" style=\"padding-top:var(--wp--preset--spacing--section-bottom);padding-bottom:var(--wp--preset--spacing--section-bottom)\">\n<div class=\"wp-block-columns alignwide mobile-reverse is-layout-flex wp-container-core-columns-is-layout-ca64bf2d wp-block-columns-is-layout-flex\" style=\"margin-bottom:var(--wp--preset--spacing--side-padding)\">\n<div class=\"wp-block-column is-vertically-aligned-center is-layout-flow wp-block-column-is-layout-flow\">\n<h3 class=\"wp-block-heading\" style=\"margin-bottom:var(--wp--preset--spacing--h-3-bottom)\"><strong><strong><strong>Set completo di bilancieri olimpici con barra Cerakote, piastre paracolpi Hi-Temp e collari di blocco<\/strong><\/strong><\/strong><\/h3>\n\n\n\n<p style=\"margin-bottom:var(--wp--preset--spacing--tb-section-padding)\">Migliora il tuo allenamento di forza con questo set di bilancieri olimpici di qualit\u00e0 superiore, che combina durata, prestazioni e sicurezza. Questo set comprende il <strong>bilanciere olimpico Evolve Cerakote Series (220 cm, 20 kg)<\/strong>, una selezione di <strong>piastre paracolpi Evolve Hi-Temp X (5-25 kg)<\/strong> e una coppia di <strong>collari olimpici sicuri, ideali<\/strong>sia per le zone di allenamento funzionale che per gli ambienti di sollevamento professionali. <\/p>\n<\/div>\n\n\n\n<div class=\"wp-block-column is-vertically-aligned-center is-layout-flow wp-block-column-is-layout-flow\">\n<figure class=\"wp-block-image size-large is-style-rounded\"><img loading=\"lazy\" decoding=\"async\" width=\"1024\" height=\"683\" src=\"https:\/\/evolve-fitness.eu\/wp-content\/uploads\/2025\/06\/A7_02372-1024x683.jpg\" alt=\"\" class=\"wp-image-200370\" srcset=\"https:\/\/evolve-fitness.eu\/wp-content\/uploads\/2025\/06\/A7_02372-1024x683.jpg 1024w, https:\/\/evolve-fitness.eu\/wp-content\/uploads\/2025\/06\/A7_02372-300x200.jpg 300w, https:\/\/evolve-fitness.eu\/wp-content\/uploads\/2025\/06\/A7_02372-150x100.jpg 150w, https:\/\/evolve-fitness.eu\/wp-content\/uploads\/2025\/06\/A7_02372-768x512.jpg 768w, https:\/\/evolve-fitness.eu\/wp-content\/uploads\/2025\/06\/A7_02372-1536x1024.jpg 1536w, https:\/\/evolve-fitness.eu\/wp-content\/uploads\/2025\/06\/A7_02372-2048x1365.jpg 2048w, https:\/\/evolve-fitness.eu\/wp-content\/uploads\/2025\/06\/A7_02372-600x400.jpg 600w, https:\/\/evolve-fitness.eu\/wp-content\/uploads\/2025\/06\/A7_02372-225x150.jpg 225w\" sizes=\"auto, (max-width: 1024px) 100vw, 1024px\" \/><\/figure>\n<\/div>\n<\/div>\n\n\n\n<div class=\"wp-block-columns alignwide is-layout-flex wp-container-core-columns-is-layout-c45ee707 wp-block-columns-is-layout-flex\" style=\"margin-bottom:var(--wp--preset--spacing--side-padding);padding-top:var(--wp--preset--spacing--side-padding)\">\n<div class=\"wp-block-column is-vertically-aligned-center is-layout-flow wp-block-column-is-layout-flow\">\n<figure class=\"wp-block-video\"><video height=\"1000\" style=\"aspect-ratio: 1000 \/ 1000;\" width=\"1000\" controls=\"\" src=\"https:\/\/store.evolve-fitness.eu\/wp-content\/uploads\/2025\/05\/EV-OB-CK-201-Evolve-Cerakote-Series-Olympic-Woman-201-cm-15-kg-1.mp4\"><\/video><\/figure>\n<\/div>\n\n\n\n<div class=\"wp-block-column is-vertically-aligned-center is-layout-flow wp-block-column-is-layout-flow\">\n<h3 class=\"wp-block-heading\" style=\"margin-bottom:var(--wp--preset--spacing--h-3-bottom)\"><strong><br\/><strong>Manubrio olimpico Evolve serie Cerakote &#8211; 220 cm \/ 20 kg<\/strong><\/strong><\/h3>\n\n\n\n<p style=\"margin-bottom:var(--wp--preset--spacing--tb-section-padding)\">Scopri il massimo della forza e della durata con il bilanciere olimpico Evolve Cerakote, una scelta eccellente sia per gli allenamenti professionali che per gli atleti domestici. Con un&#8217;impressionante lunghezza di 220 cm e un peso di 20 kg, questo bilanciere \u00e8 progettato per sostenere un carico massimo di 1043 kg, il che lo rende ideale per il sollevamento di carichi pesanti. Dotato di 8 cuscinetti ad aghi e 2 boccole in rame, garantisce una rotazione fluida e stabilit\u00e0 durante l&#8217;uso.   Il diametro della boccola di \u00d850 mm \u00e8 adatto a pesi standard, mentre il diametro di \u00d828 mm della parte interna della barra migliora la presa e il controllo.  <\/p>\n<\/div>\n<\/div>\n\n\n\n<div class=\"wp-block-columns alignwide mobile-reverse is-layout-flex wp-container-core-columns-is-layout-ca64bf2d wp-block-columns-is-layout-flex\" style=\"margin-bottom:var(--wp--preset--spacing--side-padding)\">\n<div class=\"wp-block-column is-vertically-aligned-center is-layout-flow wp-block-column-is-layout-flow\">\n<h3 class=\"wp-block-heading\" style=\"margin-bottom:var(--wp--preset--spacing--h-3-bottom)\"><strong>Sicuri e affidabili &#8211; Collari per barre olimpiche<\/strong><\/h3>\n\n\n\n<p style=\"margin-bottom:var(--wp--preset--spacing--tb-section-padding)\">I collari per bilancieri olimpici Evolve inclusi nella confezione sono progettati per un cambio rapido e sicuro dei piatti. Progettati per bloccare saldamente le piastre dei pesi durante i sollevamenti ad alta intensit\u00e0, questi collari assicurano un&#8217;impostazione stabile e controllata del bilanciere. Il loro meccanismo di bloccaggio rapido permette di installare e rimuovere i piatti senza compromettere la sicurezza o la stabilit\u00e0.  <\/p>\n<\/div>\n\n\n\n<div class=\"wp-block-column is-vertically-aligned-center is-layout-flow wp-block-column-is-layout-flow\">\n<figure class=\"wp-block-video\"><video height=\"1280\" style=\"aspect-ratio: 1920 \/ 1280;\" width=\"1920\" controls=\"\" src=\"https:\/\/store.evolve-fitness.eu\/wp-content\/uploads\/2025\/05\/EV-OC-CC-02-1.mp4\"><\/video><\/figure>\n<\/div>\n<\/div>\n\n\n\n<div class=\"wp-block-columns alignwide is-layout-flex wp-container-core-columns-is-layout-c45ee707 wp-block-columns-is-layout-flex\" style=\"margin-bottom:var(--wp--preset--spacing--side-padding);padding-top:var(--wp--preset--spacing--side-padding)\">\n<div class=\"wp-block-column is-vertically-aligned-center is-layout-flow wp-block-column-is-layout-flow\">\n<figure class=\"wp-block-image size-large is-style-rounded\"><img loading=\"lazy\" decoding=\"async\" width=\"1024\" height=\"683\" src=\"https:\/\/evolve-fitness.eu\/wp-content\/uploads\/2025\/06\/A7_02389-1024x683.jpg\" alt=\"\" class=\"wp-image-200395\" srcset=\"https:\/\/evolve-fitness.eu\/wp-content\/uploads\/2025\/06\/A7_02389-1024x683.jpg 1024w, https:\/\/evolve-fitness.eu\/wp-content\/uploads\/2025\/06\/A7_02389-300x200.jpg 300w, https:\/\/evolve-fitness.eu\/wp-content\/uploads\/2025\/06\/A7_02389-150x100.jpg 150w, https:\/\/evolve-fitness.eu\/wp-content\/uploads\/2025\/06\/A7_02389-768x512.jpg 768w, https:\/\/evolve-fitness.eu\/wp-content\/uploads\/2025\/06\/A7_02389-1536x1024.jpg 1536w, https:\/\/evolve-fitness.eu\/wp-content\/uploads\/2025\/06\/A7_02389-2048x1365.jpg 2048w, https:\/\/evolve-fitness.eu\/wp-content\/uploads\/2025\/06\/A7_02389-600x400.jpg 600w, https:\/\/evolve-fitness.eu\/wp-content\/uploads\/2025\/06\/A7_02389-225x150.jpg 225w\" sizes=\"auto, (max-width: 1024px) 100vw, 1024px\" \/><\/figure>\n<\/div>\n\n\n\n<div class=\"wp-block-column is-vertically-aligned-center is-layout-flow wp-block-column-is-layout-flow\">\n<h3 class=\"wp-block-heading\" style=\"margin-bottom:var(--wp--preset--spacing--h-3-bottom)\"><strong>Piastre paracolpi Hi-Temp resistenti<\/strong><\/h3>\n\n\n\n<p>Questo set comprende le <strong>piastre paracolpi Evolve Hi-Temp X<\/strong>, disponibili in diverse configurazioni (coppie da 5, 10, 15, 20 e 25 kg). Realizzate in gomma ad alta densit\u00e0 e progettate per assorbire gli urti in caso di impatto, queste piastre sono ideali per ridurre il rumore e proteggere i pavimenti negli ambienti di allenamento intensivo. Il materiale a basso rimbalzo garantisce prestazioni sicure e costanti.  <\/p>\n<\/div>\n<\/div>\n\n\n\n<div class=\"wp-block-columns alignwide is-layout-flex wp-container-core-columns-is-layout-c45ee707 wp-block-columns-is-layout-flex\" style=\"margin-bottom:var(--wp--preset--spacing--side-padding);padding-top:var(--wp--preset--spacing--side-padding)\">\n<div class=\"wp-block-column is-vertically-aligned-center is-layout-flow wp-block-column-is-layout-flow\">\n<h3 class=\"wp-block-heading\" style=\"margin-bottom:var(--wp--preset--spacing--h-3-bottom)\"><strong>Variazioni di peso personalizzabili<\/strong><\/h3>\n\n\n\n<p>Disponibile in diverse configurazioni di set, questo kit di bilancieri pu\u00f2 essere personalizzato per soddisfare i tuoi obiettivi di allenamento, sia che tu stia costruendo una palestra domestica di base sia che tu stia attrezzando una struttura commerciale. Scegli la combinazione di piastre paracolpi pi\u00f9 adatta alle tue esigenze, con pesi totali che vanno da <strong>90 kg a 170+ kg<\/strong>. <\/p>\n<\/div>\n\n\n\n<div class=\"wp-block-column is-vertically-aligned-center is-layout-flow wp-block-column-is-layout-flow\">\n<div class=\"wp-block-columns is-layout-flex wp-container-core-columns-is-layout-9d6595d7 wp-block-columns-is-layout-flex\">\n<div class=\"wp-block-column is-layout-flow wp-block-column-is-layout-flow\">\n<figure class=\"wp-block-image size-large is-style-rounded\"><img loading=\"lazy\" decoding=\"async\" width=\"1024\" height=\"683\" src=\"https:\/\/evolve-fitness.eu\/wp-content\/uploads\/2025\/06\/A7_02383-1024x683.jpg\" alt=\"\" class=\"wp-image-200445\" srcset=\"https:\/\/evolve-fitness.eu\/wp-content\/uploads\/2025\/06\/A7_02383-1024x683.jpg 1024w, https:\/\/evolve-fitness.eu\/wp-content\/uploads\/2025\/06\/A7_02383-300x200.jpg 300w, https:\/\/evolve-fitness.eu\/wp-content\/uploads\/2025\/06\/A7_02383-150x100.jpg 150w, https:\/\/evolve-fitness.eu\/wp-content\/uploads\/2025\/06\/A7_02383-768x512.jpg 768w, https:\/\/evolve-fitness.eu\/wp-content\/uploads\/2025\/06\/A7_02383-1536x1024.jpg 1536w, https:\/\/evolve-fitness.eu\/wp-content\/uploads\/2025\/06\/A7_02383-2048x1365.jpg 2048w, https:\/\/evolve-fitness.eu\/wp-content\/uploads\/2025\/06\/A7_02383-600x400.jpg 600w, https:\/\/evolve-fitness.eu\/wp-content\/uploads\/2025\/06\/A7_02383-225x150.jpg 225w\" sizes=\"auto, (max-width: 1024px) 100vw, 1024px\" \/><\/figure>\n<\/div>\n<\/div>\n<\/div>\n<\/div>\n<\/section>\n<\/section>\n","protected":false},"excerpt":{"rendered":"<p>Migliora il tuo allenamento di forza con questo set di bilancieri olimpici di qualit\u00e0 superiore, che combina durata, prestazioni e sicurezza. Questo set comprende il bilanciere olimpico Evolve Cerakote Series (220 cm, 20 kg), una selezione di piastre paracolpi Evolve Hi-Temp X (5-25 kg) e una coppia di collari olimpici sicuri, ideali sia per le zone di allenamento funzionale che per gli ambienti di sollevamento professionali. <\/p>\n","protected":false},"featured_media":200357,"template":"","meta":{"_acf_changed":false,"inline_featured_image":false},"product_brand":[],"product_cat":[13062,1460],"product_tag":[],"class_list":{"0":"post-228758","1":"product","2":"type-product","3":"status-publish","4":"has-post-thumbnail","6":"product_cat-set-da-bar","7":"product_cat-pesi-liberi","9":"first","10":"instock","11":"shipping-taxable","12":"purchasable","13":"product-type-variable"},"acf":{"long_title":"Set di bilancieri Evolve Cerakote con pesi paracolpi (BS-CK)","subtitle":"","specifications":[{"label":"SKU","text_value":"EV-BS-CK","icon":"x"}]},"yoast_head":"<!-- This site is optimized with the Yoast SEO plugin v26.6 - https:\/\/yoast.com\/wordpress\/plugins\/seo\/ -->\n<title>Set di bilancieri Evolve Cerakote con pesi paracolpi (BS-CK) - Evolve<\/title>\n<meta name=\"description\" content=\"Migliora il tuo allenamento di forza con questo set. Questo set comprende la barra olimpica Evolve Cerakote Series, i paracolpi Hi-Temp X e i collari della barra.\" \/>\n<meta name=\"robots\" content=\"index, follow, max-snippet:-1, max-image-preview:large, max-video-preview:-1\" \/>\n<link rel=\"canonical\" href=\"https:\/\/evolve-fitness.eu\/it\/prodotto\/set-di-bilancieri-evolve-cerakote-con-pesi-paracolpi-bs-ck\/\" \/>\n<meta property=\"og:locale\" content=\"it_IT\" \/>\n<meta property=\"og:type\" content=\"article\" \/>\n<meta property=\"og:title\" content=\"Set di bilancieri Evolve Cerakote con pesi paracolpi (BS-CK) - Evolve\" \/>\n<meta property=\"og:description\" content=\"Migliora il tuo allenamento di forza con questo set. Questo set comprende la barra olimpica Evolve Cerakote Series, i paracolpi Hi-Temp X e i collari della barra.\" \/>\n<meta property=\"og:url\" content=\"https:\/\/evolve-fitness.eu\/it\/prodotto\/set-di-bilancieri-evolve-cerakote-con-pesi-paracolpi-bs-ck\/\" \/>\n<meta property=\"og:site_name\" content=\"Evolve\" \/>\n<meta property=\"article:publisher\" content=\"https:\/\/www.facebook.com\/EvolveFitnessEurope\" \/>\n<meta property=\"article:modified_time\" content=\"2026-04-08T12:57:28+00:00\" \/>\n<meta property=\"og:image\" content=\"https:\/\/evolve-fitness.eu\/wp-content\/uploads\/2025\/06\/Heading-1-1-scaled.png\" \/>\n\t<meta property=\"og:image:width\" content=\"2560\" \/>\n\t<meta property=\"og:image:height\" content=\"2560\" \/>\n\t<meta property=\"og:image:type\" content=\"image\/png\" \/>\n<meta name=\"twitter:card\" content=\"summary_large_image\" \/>\n<script type=\"application\/ld+json\" class=\"yoast-schema-graph\">{\"@context\":\"https:\/\/schema.org\",\"@graph\":[{\"@type\":\"WebPage\",\"@id\":\"https:\/\/evolve-fitness.eu\/it\/prodotto\/set-di-bilancieri-evolve-cerakote-con-pesi-paracolpi-bs-ck\/\",\"url\":\"https:\/\/evolve-fitness.eu\/it\/prodotto\/set-di-bilancieri-evolve-cerakote-con-pesi-paracolpi-bs-ck\/\",\"name\":\"Set di bilancieri Evolve Cerakote con pesi paracolpi (BS-CK) - Evolve\",\"isPartOf\":{\"@id\":\"https:\/\/evolve-fitness.eu\/it\/#website\"},\"primaryImageOfPage\":{\"@id\":\"https:\/\/evolve-fitness.eu\/it\/prodotto\/set-di-bilancieri-evolve-cerakote-con-pesi-paracolpi-bs-ck\/#primaryimage\"},\"image\":{\"@id\":\"https:\/\/evolve-fitness.eu\/it\/prodotto\/set-di-bilancieri-evolve-cerakote-con-pesi-paracolpi-bs-ck\/#primaryimage\"},\"thumbnailUrl\":\"https:\/\/evolve-fitness.eu\/wp-content\/uploads\/2025\/06\/Heading-1-1-scaled.png\",\"datePublished\":\"2025-06-19T11:53:12+00:00\",\"dateModified\":\"2026-04-08T12:57:28+00:00\",\"description\":\"Migliora il tuo allenamento di forza con questo set. Questo set comprende la barra olimpica Evolve Cerakote Series, i paracolpi Hi-Temp X e i collari della barra.\",\"breadcrumb\":{\"@id\":\"https:\/\/evolve-fitness.eu\/it\/prodotto\/set-di-bilancieri-evolve-cerakote-con-pesi-paracolpi-bs-ck\/#breadcrumb\"},\"inLanguage\":\"it-IT\",\"potentialAction\":[{\"@type\":\"ReadAction\",\"target\":[\"https:\/\/evolve-fitness.eu\/it\/prodotto\/set-di-bilancieri-evolve-cerakote-con-pesi-paracolpi-bs-ck\/\"]}]},{\"@type\":\"ImageObject\",\"inLanguage\":\"it-IT\",\"@id\":\"https:\/\/evolve-fitness.eu\/it\/prodotto\/set-di-bilancieri-evolve-cerakote-con-pesi-paracolpi-bs-ck\/#primaryimage\",\"url\":\"https:\/\/evolve-fitness.eu\/wp-content\/uploads\/2025\/06\/Heading-1-1-scaled.png\",\"contentUrl\":\"https:\/\/evolve-fitness.eu\/wp-content\/uploads\/2025\/06\/Heading-1-1-scaled.png\",\"width\":2560,\"height\":2560},{\"@type\":\"BreadcrumbList\",\"@id\":\"https:\/\/evolve-fitness.eu\/it\/prodotto\/set-di-bilancieri-evolve-cerakote-con-pesi-paracolpi-bs-ck\/#breadcrumb\",\"itemListElement\":[{\"@type\":\"ListItem\",\"position\":1,\"name\":\"Home\",\"item\":\"https:\/\/evolve-fitness.eu\/it\/\"},{\"@type\":\"ListItem\",\"position\":2,\"name\":\"Prodotti\",\"item\":\"https:\/\/evolve-fitness.eu\/it\/shop\/\"},{\"@type\":\"ListItem\",\"position\":3,\"name\":\"Set di bilancieri Evolve Cerakote con pesi paracolpi (BS-CK)\"}]},{\"@type\":\"WebSite\",\"@id\":\"https:\/\/evolve-fitness.eu\/it\/#website\",\"url\":\"https:\/\/evolve-fitness.eu\/it\/\",\"name\":\"Evolve\",\"description\":\"Your Evolved Gear Arrived\",\"publisher\":{\"@id\":\"https:\/\/evolve-fitness.eu\/it\/#organization\"},\"potentialAction\":[{\"@type\":\"SearchAction\",\"target\":{\"@type\":\"EntryPoint\",\"urlTemplate\":\"https:\/\/evolve-fitness.eu\/it\/?s={search_term_string}\"},\"query-input\":{\"@type\":\"PropertyValueSpecification\",\"valueRequired\":true,\"valueName\":\"search_term_string\"}}],\"inLanguage\":\"it-IT\"},{\"@type\":\"Organization\",\"@id\":\"https:\/\/evolve-fitness.eu\/it\/#organization\",\"name\":\"Evolve\",\"url\":\"https:\/\/evolve-fitness.eu\/it\/\",\"logo\":{\"@type\":\"ImageObject\",\"inLanguage\":\"it-IT\",\"@id\":\"https:\/\/evolve-fitness.eu\/it\/#\/schema\/logo\/image\/\",\"url\":\"https:\/\/evolve-fitness.eu\/wp-content\/uploads\/2023\/05\/Evolve-logo.svg\",\"contentUrl\":\"https:\/\/evolve-fitness.eu\/wp-content\/uploads\/2023\/05\/Evolve-logo.svg\",\"width\":176,\"height\":20,\"caption\":\"Evolve\"},\"image\":{\"@id\":\"https:\/\/evolve-fitness.eu\/it\/#\/schema\/logo\/image\/\"},\"sameAs\":[\"https:\/\/www.facebook.com\/EvolveFitnessEurope\"]}]}<\/script>\n<!-- \/ Yoast SEO plugin. -->","yoast_head_json":{"title":"Set di bilancieri Evolve Cerakote con pesi paracolpi (BS-CK) - Evolve","description":"Migliora il tuo allenamento di forza con questo set. Questo set comprende la barra olimpica Evolve Cerakote Series, i paracolpi Hi-Temp X e i collari della barra.","robots":{"index":"index","follow":"follow","max-snippet":"max-snippet:-1","max-image-preview":"max-image-preview:large","max-video-preview":"max-video-preview:-1"},"canonical":"https:\/\/evolve-fitness.eu\/it\/prodotto\/set-di-bilancieri-evolve-cerakote-con-pesi-paracolpi-bs-ck\/","og_locale":"it_IT","og_type":"article","og_title":"Set di bilancieri Evolve Cerakote con pesi paracolpi (BS-CK) - Evolve","og_description":"Migliora il tuo allenamento di forza con questo set. Questo set comprende la barra olimpica Evolve Cerakote Series, i paracolpi Hi-Temp X e i collari della barra.","og_url":"https:\/\/evolve-fitness.eu\/it\/prodotto\/set-di-bilancieri-evolve-cerakote-con-pesi-paracolpi-bs-ck\/","og_site_name":"Evolve","article_publisher":"https:\/\/www.facebook.com\/EvolveFitnessEurope","article_modified_time":"2026-04-08T12:57:28+00:00","og_image":[{"width":2560,"height":2560,"url":"https:\/\/evolve-fitness.eu\/wp-content\/uploads\/2025\/06\/Heading-1-1-scaled.png","type":"image\/png"}],"twitter_card":"summary_large_image","schema":{"@context":"https:\/\/schema.org","@graph":[{"@type":"WebPage","@id":"https:\/\/evolve-fitness.eu\/it\/prodotto\/set-di-bilancieri-evolve-cerakote-con-pesi-paracolpi-bs-ck\/","url":"https:\/\/evolve-fitness.eu\/it\/prodotto\/set-di-bilancieri-evolve-cerakote-con-pesi-paracolpi-bs-ck\/","name":"Set di bilancieri Evolve Cerakote con pesi paracolpi (BS-CK) - Evolve","isPartOf":{"@id":"https:\/\/evolve-fitness.eu\/it\/#website"},"primaryImageOfPage":{"@id":"https:\/\/evolve-fitness.eu\/it\/prodotto\/set-di-bilancieri-evolve-cerakote-con-pesi-paracolpi-bs-ck\/#primaryimage"},"image":{"@id":"https:\/\/evolve-fitness.eu\/it\/prodotto\/set-di-bilancieri-evolve-cerakote-con-pesi-paracolpi-bs-ck\/#primaryimage"},"thumbnailUrl":"https:\/\/evolve-fitness.eu\/wp-content\/uploads\/2025\/06\/Heading-1-1-scaled.png","datePublished":"2025-06-19T11:53:12+00:00","dateModified":"2026-04-08T12:57:28+00:00","description":"Migliora il tuo allenamento di forza con questo set. Questo set comprende la barra olimpica Evolve Cerakote Series, i paracolpi Hi-Temp X e i collari della barra.","breadcrumb":{"@id":"https:\/\/evolve-fitness.eu\/it\/prodotto\/set-di-bilancieri-evolve-cerakote-con-pesi-paracolpi-bs-ck\/#breadcrumb"},"inLanguage":"it-IT","potentialAction":[{"@type":"ReadAction","target":["https:\/\/evolve-fitness.eu\/it\/prodotto\/set-di-bilancieri-evolve-cerakote-con-pesi-paracolpi-bs-ck\/"]}]},{"@type":"ImageObject","inLanguage":"it-IT","@id":"https:\/\/evolve-fitness.eu\/it\/prodotto\/set-di-bilancieri-evolve-cerakote-con-pesi-paracolpi-bs-ck\/#primaryimage","url":"https:\/\/evolve-fitness.eu\/wp-content\/uploads\/2025\/06\/Heading-1-1-scaled.png","contentUrl":"https:\/\/evolve-fitness.eu\/wp-content\/uploads\/2025\/06\/Heading-1-1-scaled.png","width":2560,"height":2560},{"@type":"BreadcrumbList","@id":"https:\/\/evolve-fitness.eu\/it\/prodotto\/set-di-bilancieri-evolve-cerakote-con-pesi-paracolpi-bs-ck\/#breadcrumb","itemListElement":[{"@type":"ListItem","position":1,"name":"Home","item":"https:\/\/evolve-fitness.eu\/it\/"},{"@type":"ListItem","position":2,"name":"Prodotti","item":"https:\/\/evolve-fitness.eu\/it\/shop\/"},{"@type":"ListItem","position":3,"name":"Set di bilancieri Evolve Cerakote con pesi paracolpi (BS-CK)"}]},{"@type":"WebSite","@id":"https:\/\/evolve-fitness.eu\/it\/#website","url":"https:\/\/evolve-fitness.eu\/it\/","name":"Evolve","description":"Your Evolved Gear Arrived","publisher":{"@id":"https:\/\/evolve-fitness.eu\/it\/#organization"},"potentialAction":[{"@type":"SearchAction","target":{"@type":"EntryPoint","urlTemplate":"https:\/\/evolve-fitness.eu\/it\/?s={search_term_string}"},"query-input":{"@type":"PropertyValueSpecification","valueRequired":true,"valueName":"search_term_string"}}],"inLanguage":"it-IT"},{"@type":"Organization","@id":"https:\/\/evolve-fitness.eu\/it\/#organization","name":"Evolve","url":"https:\/\/evolve-fitness.eu\/it\/","logo":{"@type":"ImageObject","inLanguage":"it-IT","@id":"https:\/\/evolve-fitness.eu\/it\/#\/schema\/logo\/image\/","url":"https:\/\/evolve-fitness.eu\/wp-content\/uploads\/2023\/05\/Evolve-logo.svg","contentUrl":"https:\/\/evolve-fitness.eu\/wp-content\/uploads\/2023\/05\/Evolve-logo.svg","width":176,"height":20,"caption":"Evolve"},"image":{"@id":"https:\/\/evolve-fitness.eu\/it\/#\/schema\/logo\/image\/"},"sameAs":["https:\/\/www.facebook.com\/EvolveFitnessEurope"]}]}},"_links":{"self":[{"href":"https:\/\/evolve-fitness.eu\/it\/wp-json\/wp\/v2\/product\/228758","targetHints":{"allow":["GET"]}}],"collection":[{"href":"https:\/\/evolve-fitness.eu\/it\/wp-json\/wp\/v2\/product"}],"about":[{"href":"https:\/\/evolve-fitness.eu\/it\/wp-json\/wp\/v2\/types\/product"}],"wp:featuredmedia":[{"embeddable":true,"href":"https:\/\/evolve-fitness.eu\/it\/wp-json\/wp\/v2\/media\/200357"}],"wp:attachment":[{"href":"https:\/\/evolve-fitness.eu\/it\/wp-json\/wp\/v2\/media?parent=228758"}],"wp:term":[{"taxonomy":"product_brand","embeddable":true,"href":"https:\/\/evolve-fitness.eu\/it\/wp-json\/wp\/v2\/product_brand?post=228758"},{"taxonomy":"product_cat","embeddable":true,"href":"https:\/\/evolve-fitness.eu\/it\/wp-json\/wp\/v2\/product_cat?post=228758"},{"taxonomy":"product_tag","embeddable":true,"href":"https:\/\/evolve-fitness.eu\/it\/wp-json\/wp\/v2\/product_tag?post=228758"}],"curies":[{"name":"wp","href":"https:\/\/api.w.org\/{rel}","templated":true}]}}