{"id":228841,"date":"2025-05-13T12:22:10","date_gmt":"2025-05-13T09:22:10","guid":{"rendered":"https:\/\/evolve-fitness.eu\/product\/set-di-barre-evolve-serie-econ-con-piastre-di-peso-in-uretano-tpu-ec-t\/"},"modified":"2026-04-08T15:59:03","modified_gmt":"2026-04-08T12:59:03","slug":"set-di-barre-evolve-serie-econ-con-piastre-di-peso-in-uretano-tpu-ec-t","status":"publish","type":"product","link":"https:\/\/evolve-fitness.eu\/it\/prodotto\/set-di-barre-evolve-serie-econ-con-piastre-di-peso-in-uretano-tpu-ec-t\/","title":{"rendered":"Set di barre Evolve serie Econ con piastre di peso in uretano TPU (EC-T)"},"content":{"rendered":"\n<section class=\"wp-block-group alignfull black-content has-white-color has-darkgray-background-color has-text-color has-background is-layout-constrained wp-block-group-is-layout-constrained\" style=\"padding-top:var(--wp--preset--spacing--section-bottom);padding-bottom:var(--wp--preset--spacing--section-bottom)\">\n<section class=\"wp-block-group alignfull black-content has-white-color has-darkgray-background-color has-text-color has-background is-layout-constrained wp-block-group-is-layout-constrained\" style=\"padding-top:var(--wp--preset--spacing--section-bottom);padding-bottom:var(--wp--preset--spacing--section-bottom)\">\n<div class=\"wp-block-columns alignwide mobile-reverse is-layout-flex wp-container-core-columns-is-layout-ca64bf2d wp-block-columns-is-layout-flex\" style=\"margin-bottom:var(--wp--preset--spacing--side-padding)\">\n<div class=\"wp-block-column is-vertically-aligned-center is-layout-flow wp-block-column-is-layout-flow\">\n<h3 class=\"wp-block-heading\" style=\"margin-bottom:var(--wp--preset--spacing--h-3-bottom)\">Set di barre Evolve serie Econ con piastre di peso in uretano TPU &#8211; Precisione e durata per il tuo allenamento di forza<\/h3>\n\n\n\n<p style=\"margin-bottom:var(--wp--preset--spacing--tb-section-padding)\">Il <strong>set di barre Evolve Econ Series con piastre di peso in uretano TPU<\/strong> \u00e8 pensato per gli atleti che cercano un&#8217;attrezzatura durevole e di alta qualit\u00e0 per la loro palestra. Questo set completo comprende l&#8217;affidabile <strong>sbarra olimpica Evolve Econ Series (220 cm \/ 20 kg)<\/strong>, i sicuri <strong>collari della sbarra olimpica Evolve<\/strong> e le resistenti <strong>piastre di peso in uretano TPU (1,25-25 kg)<\/strong>. Ideale per gli amanti dell&#8217;allenamento della forza, questo set offre il perfetto equilibrio tra prestazioni, sicurezza e versatilit\u00e0.  <\/p>\n<\/div>\n\n\n\n<div class=\"wp-block-column is-vertically-aligned-center is-layout-flow wp-block-column-is-layout-flow\">\n<figure class=\"wp-block-image size-large is-style-rounded\"><img loading=\"lazy\" decoding=\"async\" width=\"1024\" height=\"683\" src=\"https:\/\/evolve-fitness.eu\/wp-content\/uploads\/2025\/05\/EV-WP-TP-1-1024x683.jpg\" alt=\"\" class=\"wp-image-197977\" srcset=\"https:\/\/evolve-fitness.eu\/wp-content\/uploads\/2025\/05\/EV-WP-TP-1-1024x683.jpg 1024w, https:\/\/evolve-fitness.eu\/wp-content\/uploads\/2025\/05\/EV-WP-TP-1-300x200.jpg 300w, https:\/\/evolve-fitness.eu\/wp-content\/uploads\/2025\/05\/EV-WP-TP-1-150x100.jpg 150w, https:\/\/evolve-fitness.eu\/wp-content\/uploads\/2025\/05\/EV-WP-TP-1-768x512.jpg 768w, https:\/\/evolve-fitness.eu\/wp-content\/uploads\/2025\/05\/EV-WP-TP-1-1536x1024.jpg 1536w, https:\/\/evolve-fitness.eu\/wp-content\/uploads\/2025\/05\/EV-WP-TP-1-2048x1365.jpg 2048w, https:\/\/evolve-fitness.eu\/wp-content\/uploads\/2025\/05\/EV-WP-TP-1-600x400.jpg 600w, https:\/\/evolve-fitness.eu\/wp-content\/uploads\/2025\/05\/EV-WP-TP-1-225x150.jpg 225w\" sizes=\"auto, (max-width: 1024px) 100vw, 1024px\" \/><\/figure>\n<\/div>\n<\/div>\n\n\n\n<div class=\"wp-block-columns alignwide is-layout-flex wp-container-core-columns-is-layout-c45ee707 wp-block-columns-is-layout-flex\" style=\"margin-bottom:var(--wp--preset--spacing--side-padding);padding-top:var(--wp--preset--spacing--side-padding)\">\n<div class=\"wp-block-column is-vertically-aligned-center is-layout-flow wp-block-column-is-layout-flow\">\n<figure class=\"wp-block-video\"><video height=\"1000\" style=\"aspect-ratio: 1000 \/ 1000;\" width=\"1000\" controls=\"\" src=\"https:\/\/store.evolve-fitness.eu\/wp-content\/uploads\/2025\/05\/EV-OB-CK-201-Evolve-Cerakote-Series-Olympic-Woman-201-cm-15-kg-1.mp4\"><\/video><\/figure>\n<\/div>\n\n\n\n<div class=\"wp-block-column is-vertically-aligned-center is-layout-flow wp-block-column-is-layout-flow\">\n<h3 class=\"wp-block-heading\" style=\"margin-bottom:var(--wp--preset--spacing--h-3-bottom)\">Robusta e affidabile &#8211; Barra olimpica serie Econ<\/h3>\n\n\n\n<p style=\"margin-bottom:var(--wp--preset--spacing--tb-section-padding)\">Il pezzo forte di questo set \u00e8 la <strong>barra olimpica Evolve Econ Series<\/strong>, che misura 220 cm e pesa 20 kg. Realizzata in robusto acciaio, garantisce un&#8217;eccezionale durata e stabilit\u00e0 durante gli allenamenti. La zigrinatura di media profondit\u00e0 offre una presa sicura e confortevole, rendendola adatta a diverse tecniche di sollevamento. Questa sbarra \u00e8 stata progettata per resistere ad allenamenti rigorosi, mantenendo la sua forma e il suo funzionamento anche sotto carichi pesanti.   <\/p>\n<\/div>\n<\/div>\n\n\n\n<div class=\"wp-block-columns alignwide mobile-reverse is-layout-flex wp-container-core-columns-is-layout-ca64bf2d wp-block-columns-is-layout-flex\" style=\"margin-bottom:var(--wp--preset--spacing--side-padding)\">\n<div class=\"wp-block-column is-vertically-aligned-center is-layout-flow wp-block-column-is-layout-flow\">\n<h3 class=\"wp-block-heading\" style=\"margin-bottom:var(--wp--preset--spacing--h-3-bottom)\">Sicuro e protetto &#8211; Collari per barre olimpiche<\/h3>\n\n\n\n<p style=\"margin-bottom:var(--wp--preset--spacing--tb-section-padding)\">Per garantire la sicurezza durante le sessioni di sollevamento, il set include i <strong>collari per barre olimpiche Evolve<\/strong>. Questi collari garantiscono un blocco affidabile, impedendo qualsiasi movimento delle piastre dei pesi durante gli allenamenti pi\u00f9 intensi. Facili da agganciare e da sganciare, sono essenziali per mantenere l&#8217;equilibrio e la sicurezza del tuo setup alla sbarra.  <\/p>\n<\/div>\n\n\n\n<div class=\"wp-block-column is-vertically-aligned-center is-layout-flow wp-block-column-is-layout-flow\">\n<figure class=\"wp-block-video\"><video height=\"1280\" style=\"aspect-ratio: 1920 \/ 1280;\" width=\"1920\" controls=\"\" src=\"https:\/\/store.evolve-fitness.eu\/wp-content\/uploads\/2025\/05\/EV-OC-CC-02-1.mp4\"><\/video><\/figure>\n<\/div>\n<\/div>\n\n\n\n<div class=\"wp-block-columns alignwide is-layout-flex wp-container-core-columns-is-layout-c45ee707 wp-block-columns-is-layout-flex\" style=\"margin-bottom:var(--wp--preset--spacing--side-padding);padding-top:var(--wp--preset--spacing--side-padding)\">\n<div class=\"wp-block-column is-vertically-aligned-center is-layout-flow wp-block-column-is-layout-flow\">\n<figure class=\"wp-block-image size-large is-style-rounded\"><img loading=\"lazy\" decoding=\"async\" width=\"1024\" height=\"683\" src=\"https:\/\/evolve-fitness.eu\/wp-content\/uploads\/2025\/05\/EV-WP-TP-5-1024x683.jpg\" alt=\"\" class=\"wp-image-197952\" srcset=\"https:\/\/evolve-fitness.eu\/wp-content\/uploads\/2025\/05\/EV-WP-TP-5-1024x683.jpg 1024w, https:\/\/evolve-fitness.eu\/wp-content\/uploads\/2025\/05\/EV-WP-TP-5-300x200.jpg 300w, https:\/\/evolve-fitness.eu\/wp-content\/uploads\/2025\/05\/EV-WP-TP-5-150x100.jpg 150w, https:\/\/evolve-fitness.eu\/wp-content\/uploads\/2025\/05\/EV-WP-TP-5-768x512.jpg 768w, https:\/\/evolve-fitness.eu\/wp-content\/uploads\/2025\/05\/EV-WP-TP-5-1536x1024.jpg 1536w, https:\/\/evolve-fitness.eu\/wp-content\/uploads\/2025\/05\/EV-WP-TP-5-2048x1365.jpg 2048w, https:\/\/evolve-fitness.eu\/wp-content\/uploads\/2025\/05\/EV-WP-TP-5-600x400.jpg 600w, https:\/\/evolve-fitness.eu\/wp-content\/uploads\/2025\/05\/EV-WP-TP-5-225x150.jpg 225w\" sizes=\"auto, (max-width: 1024px) 100vw, 1024px\" \/><\/figure>\n<\/div>\n\n\n\n<div class=\"wp-block-column is-vertically-aligned-center is-layout-flow wp-block-column-is-layout-flow\">\n<h3 class=\"wp-block-heading\" style=\"margin-bottom:var(--wp--preset--spacing--h-3-bottom)\">Durevole ed elegante &#8211; Piastre di peso in TPU Uretano<\/h3>\n\n\n\n<p>Le <strong>piastre per pesi in uretano TPU<\/strong> incluse in questo set sono progettate per combinare durata e fascino estetico. Disponibili con pesi da 1,25 a 25 kg, queste piastre sono realizzate in uretano di alta qualit\u00e0 e offrono una resistenza superiore all&#8217;usura. La loro superficie antitraccia protegge il pavimento della palestra, mentre la finitura elegante migliora l&#8217;aspetto professionale della tua palestra. Il design ergonomico garantisce una facile manipolazione e una rapida regolazione del peso.   <\/p>\n<\/div>\n<\/div>\n\n\n\n<div class=\"wp-block-columns alignwide is-layout-flex wp-container-core-columns-is-layout-c45ee707 wp-block-columns-is-layout-flex\" style=\"margin-bottom:var(--wp--preset--spacing--side-padding);padding-top:var(--wp--preset--spacing--side-padding)\">\n<div class=\"wp-block-column is-vertically-aligned-center is-layout-flow wp-block-column-is-layout-flow\">\n<h3 class=\"wp-block-heading\" style=\"margin-bottom:var(--wp--preset--spacing--h-3-bottom)\">Allenati con sicurezza e stile<\/h3>\n\n\n\n<p>l <strong>set di barre Evolve Econ Series con piastre per pesi in uretano TPU<\/strong> \u00e8 una scelta eccellente per chi apprezza la precisione, la sicurezza e la durata dei propri attrezzi per l&#8217;allenamento della forza. Sia che tu stia eseguendo squat, panca o deadlift, questo set garantisce prestazioni costanti e un&#8217;esperienza di sollevamento professionale. <\/p>\n<\/div>\n\n\n\n<div class=\"wp-block-column is-vertically-aligned-center is-layout-flow wp-block-column-is-layout-flow\">\n<div class=\"wp-block-columns is-layout-flex wp-container-core-columns-is-layout-9d6595d7 wp-block-columns-is-layout-flex\">\n<div class=\"wp-block-column is-layout-flow wp-block-column-is-layout-flow\">\n<figure class=\"wp-block-image size-large is-style-rounded\"><img loading=\"lazy\" decoding=\"async\" width=\"1024\" height=\"683\" src=\"https:\/\/evolve-fitness.eu\/wp-content\/uploads\/2025\/05\/EV-WP-TP-9-1024x683.jpg\" alt=\"\" class=\"wp-image-197927\" srcset=\"https:\/\/evolve-fitness.eu\/wp-content\/uploads\/2025\/05\/EV-WP-TP-9-1024x683.jpg 1024w, https:\/\/evolve-fitness.eu\/wp-content\/uploads\/2025\/05\/EV-WP-TP-9-300x200.jpg 300w, https:\/\/evolve-fitness.eu\/wp-content\/uploads\/2025\/05\/EV-WP-TP-9-150x100.jpg 150w, https:\/\/evolve-fitness.eu\/wp-content\/uploads\/2025\/05\/EV-WP-TP-9-768x512.jpg 768w, https:\/\/evolve-fitness.eu\/wp-content\/uploads\/2025\/05\/EV-WP-TP-9-1536x1024.jpg 1536w, https:\/\/evolve-fitness.eu\/wp-content\/uploads\/2025\/05\/EV-WP-TP-9-2048x1365.jpg 2048w, https:\/\/evolve-fitness.eu\/wp-content\/uploads\/2025\/05\/EV-WP-TP-9-600x400.jpg 600w, https:\/\/evolve-fitness.eu\/wp-content\/uploads\/2025\/05\/EV-WP-TP-9-225x150.jpg 225w\" sizes=\"auto, (max-width: 1024px) 100vw, 1024px\" \/><\/figure>\n<\/div>\n<\/div>\n<\/div>\n<\/div>\n<\/section>\n<\/section>\n","protected":false},"excerpt":{"rendered":"<p>Il set di barre Evolve Econ Series con piastre di peso in uretano TPU \u00e8 pensato per gli atleti che cercano un&#8217;attrezzatura da palestra resistente e di alta qualit\u00e0. Questo set completo comprende l&#8217;affidabile sbarra olimpica Evolve Econ Series (220 cm \/ 20 kg), i sicuri collari della sbarra olimpica Evolve e le resistenti piastre di peso in uretano TPU (1,25-25 kg). Ideale per gli amanti dell&#8217;allenamento della forza, questo set offre il perfetto equilibrio tra prestazioni, sicurezza e versatilit\u00e0.  <\/p>\n","protected":false},"featured_media":198014,"template":"","meta":{"_acf_changed":false,"inline_featured_image":false},"product_brand":[],"product_cat":[13062,1460],"product_tag":[],"class_list":{"0":"post-228841","1":"product","2":"type-product","3":"status-publish","4":"has-post-thumbnail","6":"product_cat-set-da-bar","7":"product_cat-pesi-liberi","9":"first","10":"instock","11":"shipping-taxable","12":"purchasable","13":"product-type-variable"},"acf":{"long_title":"  Set di barre Evolve serie Econ con piastre di peso in uretano TPU (EC-T)","subtitle":"","specifications":[{"label":"SKU","text_value":"EV-BS-EC-T","icon":"x"}]},"yoast_head":"<!-- This site is optimized with the Yoast SEO plugin v26.6 - https:\/\/yoast.com\/wordpress\/plugins\/seo\/ -->\n<title>Set di barre Evolve serie Econ con piastre di peso in uretano TPU (EC-T) - Evolve<\/title>\n<meta name=\"description\" content=\"Barra olimpica Evolve Econ Series (220 cm \/ 20 kg), collari sicuri Evolve Olympic Bar e piastre di peso in TPU Uretano resistente (1,25-25 kg).\" \/>\n<meta name=\"robots\" content=\"index, follow, max-snippet:-1, max-image-preview:large, max-video-preview:-1\" \/>\n<link rel=\"canonical\" href=\"https:\/\/evolve-fitness.eu\/it\/prodotto\/set-di-barre-evolve-serie-econ-con-piastre-di-peso-in-uretano-tpu-ec-t\/\" \/>\n<meta property=\"og:locale\" content=\"it_IT\" \/>\n<meta property=\"og:type\" content=\"article\" \/>\n<meta property=\"og:title\" content=\"Set di barre Evolve serie Econ con piastre di peso in uretano TPU (EC-T) - Evolve\" \/>\n<meta property=\"og:description\" content=\"Barra olimpica Evolve Econ Series (220 cm \/ 20 kg), collari sicuri Evolve Olympic Bar e piastre di peso in TPU Uretano resistente (1,25-25 kg).\" \/>\n<meta property=\"og:url\" content=\"https:\/\/evolve-fitness.eu\/it\/prodotto\/set-di-barre-evolve-serie-econ-con-piastre-di-peso-in-uretano-tpu-ec-t\/\" \/>\n<meta property=\"og:site_name\" content=\"Evolve\" \/>\n<meta property=\"article:publisher\" content=\"https:\/\/www.facebook.com\/EvolveFitnessEurope\" \/>\n<meta property=\"article:modified_time\" content=\"2026-04-08T12:59:03+00:00\" \/>\n<meta property=\"og:image\" content=\"https:\/\/evolve-fitness.eu\/wp-content\/uploads\/2025\/05\/Dizainas-be-pavadinimo-27-scaled.png\" \/>\n\t<meta property=\"og:image:width\" content=\"2560\" \/>\n\t<meta property=\"og:image:height\" content=\"2560\" \/>\n\t<meta property=\"og:image:type\" content=\"image\/png\" \/>\n<meta name=\"twitter:card\" content=\"summary_large_image\" \/>\n<script type=\"application\/ld+json\" class=\"yoast-schema-graph\">{\"@context\":\"https:\/\/schema.org\",\"@graph\":[{\"@type\":\"WebPage\",\"@id\":\"https:\/\/evolve-fitness.eu\/it\/prodotto\/set-di-barre-evolve-serie-econ-con-piastre-di-peso-in-uretano-tpu-ec-t\/\",\"url\":\"https:\/\/evolve-fitness.eu\/it\/prodotto\/set-di-barre-evolve-serie-econ-con-piastre-di-peso-in-uretano-tpu-ec-t\/\",\"name\":\"Set di barre Evolve serie Econ con piastre di peso in uretano TPU (EC-T) - Evolve\",\"isPartOf\":{\"@id\":\"https:\/\/evolve-fitness.eu\/it\/#website\"},\"primaryImageOfPage\":{\"@id\":\"https:\/\/evolve-fitness.eu\/it\/prodotto\/set-di-barre-evolve-serie-econ-con-piastre-di-peso-in-uretano-tpu-ec-t\/#primaryimage\"},\"image\":{\"@id\":\"https:\/\/evolve-fitness.eu\/it\/prodotto\/set-di-barre-evolve-serie-econ-con-piastre-di-peso-in-uretano-tpu-ec-t\/#primaryimage\"},\"thumbnailUrl\":\"https:\/\/evolve-fitness.eu\/wp-content\/uploads\/2025\/05\/Dizainas-be-pavadinimo-27-scaled.png\",\"datePublished\":\"2025-05-13T09:22:10+00:00\",\"dateModified\":\"2026-04-08T12:59:03+00:00\",\"description\":\"Barra olimpica Evolve Econ Series (220 cm \/ 20 kg), collari sicuri Evolve Olympic Bar e piastre di peso in TPU Uretano resistente (1,25-25 kg).\",\"breadcrumb\":{\"@id\":\"https:\/\/evolve-fitness.eu\/it\/prodotto\/set-di-barre-evolve-serie-econ-con-piastre-di-peso-in-uretano-tpu-ec-t\/#breadcrumb\"},\"inLanguage\":\"it-IT\",\"potentialAction\":[{\"@type\":\"ReadAction\",\"target\":[\"https:\/\/evolve-fitness.eu\/it\/prodotto\/set-di-barre-evolve-serie-econ-con-piastre-di-peso-in-uretano-tpu-ec-t\/\"]}]},{\"@type\":\"ImageObject\",\"inLanguage\":\"it-IT\",\"@id\":\"https:\/\/evolve-fitness.eu\/it\/prodotto\/set-di-barre-evolve-serie-econ-con-piastre-di-peso-in-uretano-tpu-ec-t\/#primaryimage\",\"url\":\"https:\/\/evolve-fitness.eu\/wp-content\/uploads\/2025\/05\/Dizainas-be-pavadinimo-27-scaled.png\",\"contentUrl\":\"https:\/\/evolve-fitness.eu\/wp-content\/uploads\/2025\/05\/Dizainas-be-pavadinimo-27-scaled.png\",\"width\":2560,\"height\":2560},{\"@type\":\"BreadcrumbList\",\"@id\":\"https:\/\/evolve-fitness.eu\/it\/prodotto\/set-di-barre-evolve-serie-econ-con-piastre-di-peso-in-uretano-tpu-ec-t\/#breadcrumb\",\"itemListElement\":[{\"@type\":\"ListItem\",\"position\":1,\"name\":\"Home\",\"item\":\"https:\/\/evolve-fitness.eu\/it\/\"},{\"@type\":\"ListItem\",\"position\":2,\"name\":\"Prodotti\",\"item\":\"https:\/\/evolve-fitness.eu\/it\/shop\/\"},{\"@type\":\"ListItem\",\"position\":3,\"name\":\"Set di barre Evolve serie Econ con piastre di peso in uretano TPU (EC-T)\"}]},{\"@type\":\"WebSite\",\"@id\":\"https:\/\/evolve-fitness.eu\/it\/#website\",\"url\":\"https:\/\/evolve-fitness.eu\/it\/\",\"name\":\"Evolve\",\"description\":\"Your Evolved Gear Arrived\",\"publisher\":{\"@id\":\"https:\/\/evolve-fitness.eu\/it\/#organization\"},\"potentialAction\":[{\"@type\":\"SearchAction\",\"target\":{\"@type\":\"EntryPoint\",\"urlTemplate\":\"https:\/\/evolve-fitness.eu\/it\/?s={search_term_string}\"},\"query-input\":{\"@type\":\"PropertyValueSpecification\",\"valueRequired\":true,\"valueName\":\"search_term_string\"}}],\"inLanguage\":\"it-IT\"},{\"@type\":\"Organization\",\"@id\":\"https:\/\/evolve-fitness.eu\/it\/#organization\",\"name\":\"Evolve\",\"url\":\"https:\/\/evolve-fitness.eu\/it\/\",\"logo\":{\"@type\":\"ImageObject\",\"inLanguage\":\"it-IT\",\"@id\":\"https:\/\/evolve-fitness.eu\/it\/#\/schema\/logo\/image\/\",\"url\":\"https:\/\/evolve-fitness.eu\/wp-content\/uploads\/2023\/05\/Evolve-logo.svg\",\"contentUrl\":\"https:\/\/evolve-fitness.eu\/wp-content\/uploads\/2023\/05\/Evolve-logo.svg\",\"width\":176,\"height\":20,\"caption\":\"Evolve\"},\"image\":{\"@id\":\"https:\/\/evolve-fitness.eu\/it\/#\/schema\/logo\/image\/\"},\"sameAs\":[\"https:\/\/www.facebook.com\/EvolveFitnessEurope\"]}]}<\/script>\n<!-- \/ Yoast SEO plugin. -->","yoast_head_json":{"title":"Set di barre Evolve serie Econ con piastre di peso in uretano TPU (EC-T) - Evolve","description":"Barra olimpica Evolve Econ Series (220 cm \/ 20 kg), collari sicuri Evolve Olympic Bar e piastre di peso in TPU Uretano resistente (1,25-25 kg).","robots":{"index":"index","follow":"follow","max-snippet":"max-snippet:-1","max-image-preview":"max-image-preview:large","max-video-preview":"max-video-preview:-1"},"canonical":"https:\/\/evolve-fitness.eu\/it\/prodotto\/set-di-barre-evolve-serie-econ-con-piastre-di-peso-in-uretano-tpu-ec-t\/","og_locale":"it_IT","og_type":"article","og_title":"Set di barre Evolve serie Econ con piastre di peso in uretano TPU (EC-T) - Evolve","og_description":"Barra olimpica Evolve Econ Series (220 cm \/ 20 kg), collari sicuri Evolve Olympic Bar e piastre di peso in TPU Uretano resistente (1,25-25 kg).","og_url":"https:\/\/evolve-fitness.eu\/it\/prodotto\/set-di-barre-evolve-serie-econ-con-piastre-di-peso-in-uretano-tpu-ec-t\/","og_site_name":"Evolve","article_publisher":"https:\/\/www.facebook.com\/EvolveFitnessEurope","article_modified_time":"2026-04-08T12:59:03+00:00","og_image":[{"width":2560,"height":2560,"url":"https:\/\/evolve-fitness.eu\/wp-content\/uploads\/2025\/05\/Dizainas-be-pavadinimo-27-scaled.png","type":"image\/png"}],"twitter_card":"summary_large_image","schema":{"@context":"https:\/\/schema.org","@graph":[{"@type":"WebPage","@id":"https:\/\/evolve-fitness.eu\/it\/prodotto\/set-di-barre-evolve-serie-econ-con-piastre-di-peso-in-uretano-tpu-ec-t\/","url":"https:\/\/evolve-fitness.eu\/it\/prodotto\/set-di-barre-evolve-serie-econ-con-piastre-di-peso-in-uretano-tpu-ec-t\/","name":"Set di barre Evolve serie Econ con piastre di peso in uretano TPU (EC-T) - Evolve","isPartOf":{"@id":"https:\/\/evolve-fitness.eu\/it\/#website"},"primaryImageOfPage":{"@id":"https:\/\/evolve-fitness.eu\/it\/prodotto\/set-di-barre-evolve-serie-econ-con-piastre-di-peso-in-uretano-tpu-ec-t\/#primaryimage"},"image":{"@id":"https:\/\/evolve-fitness.eu\/it\/prodotto\/set-di-barre-evolve-serie-econ-con-piastre-di-peso-in-uretano-tpu-ec-t\/#primaryimage"},"thumbnailUrl":"https:\/\/evolve-fitness.eu\/wp-content\/uploads\/2025\/05\/Dizainas-be-pavadinimo-27-scaled.png","datePublished":"2025-05-13T09:22:10+00:00","dateModified":"2026-04-08T12:59:03+00:00","description":"Barra olimpica Evolve Econ Series (220 cm \/ 20 kg), collari sicuri Evolve Olympic Bar e piastre di peso in TPU Uretano resistente (1,25-25 kg).","breadcrumb":{"@id":"https:\/\/evolve-fitness.eu\/it\/prodotto\/set-di-barre-evolve-serie-econ-con-piastre-di-peso-in-uretano-tpu-ec-t\/#breadcrumb"},"inLanguage":"it-IT","potentialAction":[{"@type":"ReadAction","target":["https:\/\/evolve-fitness.eu\/it\/prodotto\/set-di-barre-evolve-serie-econ-con-piastre-di-peso-in-uretano-tpu-ec-t\/"]}]},{"@type":"ImageObject","inLanguage":"it-IT","@id":"https:\/\/evolve-fitness.eu\/it\/prodotto\/set-di-barre-evolve-serie-econ-con-piastre-di-peso-in-uretano-tpu-ec-t\/#primaryimage","url":"https:\/\/evolve-fitness.eu\/wp-content\/uploads\/2025\/05\/Dizainas-be-pavadinimo-27-scaled.png","contentUrl":"https:\/\/evolve-fitness.eu\/wp-content\/uploads\/2025\/05\/Dizainas-be-pavadinimo-27-scaled.png","width":2560,"height":2560},{"@type":"BreadcrumbList","@id":"https:\/\/evolve-fitness.eu\/it\/prodotto\/set-di-barre-evolve-serie-econ-con-piastre-di-peso-in-uretano-tpu-ec-t\/#breadcrumb","itemListElement":[{"@type":"ListItem","position":1,"name":"Home","item":"https:\/\/evolve-fitness.eu\/it\/"},{"@type":"ListItem","position":2,"name":"Prodotti","item":"https:\/\/evolve-fitness.eu\/it\/shop\/"},{"@type":"ListItem","position":3,"name":"Set di barre Evolve serie Econ con piastre di peso in uretano TPU (EC-T)"}]},{"@type":"WebSite","@id":"https:\/\/evolve-fitness.eu\/it\/#website","url":"https:\/\/evolve-fitness.eu\/it\/","name":"Evolve","description":"Your Evolved Gear Arrived","publisher":{"@id":"https:\/\/evolve-fitness.eu\/it\/#organization"},"potentialAction":[{"@type":"SearchAction","target":{"@type":"EntryPoint","urlTemplate":"https:\/\/evolve-fitness.eu\/it\/?s={search_term_string}"},"query-input":{"@type":"PropertyValueSpecification","valueRequired":true,"valueName":"search_term_string"}}],"inLanguage":"it-IT"},{"@type":"Organization","@id":"https:\/\/evolve-fitness.eu\/it\/#organization","name":"Evolve","url":"https:\/\/evolve-fitness.eu\/it\/","logo":{"@type":"ImageObject","inLanguage":"it-IT","@id":"https:\/\/evolve-fitness.eu\/it\/#\/schema\/logo\/image\/","url":"https:\/\/evolve-fitness.eu\/wp-content\/uploads\/2023\/05\/Evolve-logo.svg","contentUrl":"https:\/\/evolve-fitness.eu\/wp-content\/uploads\/2023\/05\/Evolve-logo.svg","width":176,"height":20,"caption":"Evolve"},"image":{"@id":"https:\/\/evolve-fitness.eu\/it\/#\/schema\/logo\/image\/"},"sameAs":["https:\/\/www.facebook.com\/EvolveFitnessEurope"]}]}},"_links":{"self":[{"href":"https:\/\/evolve-fitness.eu\/it\/wp-json\/wp\/v2\/product\/228841","targetHints":{"allow":["GET"]}}],"collection":[{"href":"https:\/\/evolve-fitness.eu\/it\/wp-json\/wp\/v2\/product"}],"about":[{"href":"https:\/\/evolve-fitness.eu\/it\/wp-json\/wp\/v2\/types\/product"}],"wp:featuredmedia":[{"embeddable":true,"href":"https:\/\/evolve-fitness.eu\/it\/wp-json\/wp\/v2\/media\/198014"}],"wp:attachment":[{"href":"https:\/\/evolve-fitness.eu\/it\/wp-json\/wp\/v2\/media?parent=228841"}],"wp:term":[{"taxonomy":"product_brand","embeddable":true,"href":"https:\/\/evolve-fitness.eu\/it\/wp-json\/wp\/v2\/product_brand?post=228841"},{"taxonomy":"product_cat","embeddable":true,"href":"https:\/\/evolve-fitness.eu\/it\/wp-json\/wp\/v2\/product_cat?post=228841"},{"taxonomy":"product_tag","embeddable":true,"href":"https:\/\/evolve-fitness.eu\/it\/wp-json\/wp\/v2\/product_tag?post=228841"}],"curies":[{"name":"wp","href":"https:\/\/api.w.org\/{rel}","templated":true}]}}