{"id":228972,"date":"2025-05-13T11:10:21","date_gmt":"2025-05-13T08:10:21","guid":{"rendered":"https:\/\/evolve-fitness.eu\/product\/set-di-barre-evolve-home-series-con-piastre-di-peso-in-gomma-hs-r\/"},"modified":"2026-04-08T17:43:28","modified_gmt":"2026-04-08T14:43:28","slug":"set-di-barre-evolve-home-series-con-piastre-di-peso-in-gomma-hs-r","status":"publish","type":"product","link":"https:\/\/evolve-fitness.eu\/it\/prodotto\/set-di-barre-evolve-home-series-con-piastre-di-peso-in-gomma-hs-r\/","title":{"rendered":"Set di barre Evolve Home Series con piastre di peso in gomma (HS-R)"},"content":{"rendered":"\n<section class=\"wp-block-group alignfull black-content has-white-color has-darkgray-background-color has-text-color has-background is-layout-constrained wp-block-group-is-layout-constrained\" style=\"padding-top:var(--wp--preset--spacing--section-bottom);padding-bottom:var(--wp--preset--spacing--section-bottom)\">\n<section class=\"wp-block-group alignfull black-content has-white-color has-darkgray-background-color has-text-color has-background is-layout-constrained wp-block-group-is-layout-constrained\" style=\"padding-top:var(--wp--preset--spacing--section-bottom);padding-bottom:var(--wp--preset--spacing--section-bottom)\">\n<div class=\"wp-block-columns alignwide mobile-reverse is-layout-flex wp-container-core-columns-is-layout-ca64bf2d wp-block-columns-is-layout-flex\" style=\"margin-bottom:var(--wp--preset--spacing--side-padding)\">\n<div class=\"wp-block-column is-vertically-aligned-center is-layout-flow wp-block-column-is-layout-flow\">\n<h3 class=\"wp-block-heading\" style=\"margin-bottom:var(--wp--preset--spacing--h-3-bottom)\"><strong>Set di barre Evolve Home Series &#8211; La tua soluzione completa per l&#8217;allenamento della forza<\/strong><\/h3>\n\n\n\n<p><em><strong>Progettato per gli appassionati di fitness che cercano un&#8217;affidabile<\/strong><\/em><\/p>\n\n\n\n<p style=\"margin-bottom:var(--wp--preset--spacing--tb-section-padding)\">Ti presentiamo il <strong>set di barre Evolve Home Series<\/strong>, progettato per gli appassionati di fitness che cercano una configurazione affidabile, durevole e versatile per l&#8217;allenamento della forza. Questo set completo combina la <strong>barra olimpica Evolve Home Series di<\/strong> alta qualit\u00e0 <strong>(220 cm \/ 20 kg)<\/strong>, i sicuri <strong>collari della barra olimpica Evolve<\/strong> e una serie di <strong>piastre di peso in gomma Evolve (1,25-25 kg)<\/strong>. Perfetto per le palestre domestiche, questo set garantisce un&#8217;esperienza di sollevamento pesi efficiente e sicura.  <\/p>\n<\/div>\n\n\n\n<div class=\"wp-block-column is-vertically-aligned-center is-layout-flow wp-block-column-is-layout-flow\">\n<figure class=\"wp-block-image size-large is-style-rounded\"><img decoding=\"async\" src=\"https:\/\/store.evolve-fitness.eu\/wp-content\/uploads\/2025\/05\/EV-WP-RB-1-1024x683.jpg\" alt=\"\" class=\"wp-image-128671\"\/><\/figure>\n<\/div>\n<\/div>\n\n\n\n<div class=\"wp-block-columns alignwide is-layout-flex wp-container-core-columns-is-layout-c45ee707 wp-block-columns-is-layout-flex\" style=\"margin-bottom:var(--wp--preset--spacing--side-padding);padding-top:var(--wp--preset--spacing--side-padding)\">\n<div class=\"wp-block-column is-vertically-aligned-center is-layout-flow wp-block-column-is-layout-flow\">\n<figure class=\"wp-block-video\"><video height=\"1000\" style=\"aspect-ratio: 1000 \/ 1000;\" width=\"1000\" controls=\"\" src=\"https:\/\/store.evolve-fitness.eu\/wp-content\/uploads\/2025\/05\/EV-OB-CK-201-Evolve-Cerakote-Series-Olympic-Woman-201-cm-15-kg-1.mp4\"><\/video><\/figure>\n<\/div>\n\n\n\n<div class=\"wp-block-column is-vertically-aligned-center is-layout-flow wp-block-column-is-layout-flow\">\n<h3 class=\"wp-block-heading\" style=\"margin-bottom:var(--wp--preset--spacing--h-3-bottom)\">Barra Olimpica Premium &#8211; Precisione e prestazioni<\/h3>\n\n\n\n<p style=\"margin-bottom:var(--wp--preset--spacing--tb-section-padding)\">Il cuore di questo set \u00e8 la <strong>barra olimpica Evolve Home Series<\/strong>, che misura 220 cm e pesa 20 kg. Realizzata in acciaio di alta qualit\u00e0, garantisce una lunga durata e prestazioni ottimali. La zigrinatura di precisione assicura una presa sicura, mentre la struttura robusta resiste a intensi allenamenti di forza.  <\/p>\n<\/div>\n<\/div>\n\n\n\n<div class=\"wp-block-columns alignwide mobile-reverse is-layout-flex wp-container-core-columns-is-layout-ca64bf2d wp-block-columns-is-layout-flex\" style=\"margin-bottom:var(--wp--preset--spacing--side-padding)\">\n<div class=\"wp-block-column is-vertically-aligned-center is-layout-flow wp-block-column-is-layout-flow\">\n<h3 class=\"wp-block-heading\" style=\"margin-bottom:var(--wp--preset--spacing--h-3-bottom)\">Sicuri e stabili &#8211; Collari olimpionici alla sbarra<\/h3>\n\n\n\n<p style=\"margin-bottom:var(--wp--preset--spacing--tb-section-padding)\">Per migliorare la sicurezza dei tuoi allenamenti, i <strong>collari per barre olimpiche Evolve<\/strong> garantiscono una presa salda e affidabile dei piatti di peso. Progettati per un bloccaggio rapido e senza sforzo, eliminano i movimenti delle piastre durante i sollevamenti, permettendoti di concentrarti sulle tue prestazioni. <\/p>\n<\/div>\n\n\n\n<div class=\"wp-block-column is-vertically-aligned-center is-layout-flow wp-block-column-is-layout-flow\">\n<figure class=\"wp-block-video\"><video height=\"1280\" style=\"aspect-ratio: 1920 \/ 1280;\" width=\"1920\" controls=\"\" src=\"https:\/\/store.evolve-fitness.eu\/wp-content\/uploads\/2025\/05\/EV-OC-CC-02-1.mp4\"><\/video><\/figure>\n<\/div>\n<\/div>\n\n\n\n<div class=\"wp-block-columns alignwide is-layout-flex wp-container-core-columns-is-layout-c45ee707 wp-block-columns-is-layout-flex\" style=\"margin-bottom:var(--wp--preset--spacing--side-padding);padding-top:var(--wp--preset--spacing--side-padding)\">\n<div class=\"wp-block-column is-vertically-aligned-center is-layout-flow wp-block-column-is-layout-flow\">\n<figure class=\"wp-block-image size-large is-style-rounded\"><img decoding=\"async\" src=\"https:\/\/store.evolve-fitness.eu\/wp-content\/uploads\/2025\/05\/EV-WP-RB-11-1024x683.jpg\" alt=\"\" class=\"wp-image-128771\"\/><\/figure>\n<\/div>\n\n\n\n<div class=\"wp-block-column is-vertically-aligned-center is-layout-flow wp-block-column-is-layout-flow\">\n<h3 class=\"wp-block-heading\" style=\"margin-bottom:var(--wp--preset--spacing--h-3-bottom)\">Piastre di peso versatili &#8211; Robuste e resistenti<\/h3>\n\n\n\n<p>Il set comprende <strong>piastre di peso in gomma Evolve<\/strong> da 1,25 a 25 kg, che offrono flessibilit\u00e0 per un allenamento progressivo della forza. Realizzati in gomma resistente, questi piatti riducono il rumore e proteggono il pavimento della palestra da eventuali danni. Il loro design ergonomico garantisce una facile manipolazione e una precisa regolazione del peso, rendendole adatte a un&#8217;ampia gamma di esercizi.  <\/p>\n<\/div>\n<\/div>\n\n\n\n<div class=\"wp-block-columns alignwide is-layout-flex wp-container-core-columns-is-layout-c45ee707 wp-block-columns-is-layout-flex\" style=\"margin-bottom:var(--wp--preset--spacing--side-padding);padding-top:var(--wp--preset--spacing--side-padding)\">\n<div class=\"wp-block-column is-vertically-aligned-center is-layout-flow wp-block-column-is-layout-flow\">\n<h3 class=\"wp-block-heading\" style=\"margin-bottom:var(--wp--preset--spacing--h-3-bottom)\">Libera il tuo potenziale con Evolve<\/h3>\n\n\n\n<p>Con il <strong>set di barre Evolve Home Series<\/strong> sei attrezzato per affrontare sessioni di allenamento versatili, che si concentrino sulla forza, sulla resistenza o sullo sviluppo muscolare. Questo set \u00e8 ideale sia per i principianti che per gli utenti pi\u00f9 esperti e offre qualit\u00e0 e prestazioni per soddisfare i tuoi obiettivi di fitness in continua evoluzione. <\/p>\n<\/div>\n\n\n\n<div class=\"wp-block-column is-vertically-aligned-center is-layout-flow wp-block-column-is-layout-flow\">\n<div class=\"wp-block-columns is-layout-flex wp-container-core-columns-is-layout-9d6595d7 wp-block-columns-is-layout-flex\">\n<div class=\"wp-block-column is-layout-flow wp-block-column-is-layout-flow\">\n<figure class=\"wp-block-image size-large is-style-rounded\"><img decoding=\"async\" src=\"https:\/\/store.evolve-fitness.eu\/wp-content\/uploads\/2025\/05\/EV-WP-RB-6-1024x683.jpg\" alt=\"\" class=\"wp-image-128796\"\/><\/figure>\n<\/div>\n<\/div>\n<\/div>\n<\/div>\n<\/section>\n<\/section>\n","protected":false},"excerpt":{"rendered":"<p>Evolve Home Series Bar Set, progettato per gli appassionati di fitness che cercano una configurazione affidabile, durevole e versatile per l&#8217;allenamento della forza. Questo set completo combina la barra olimpica Evolve Home Series di alta qualit\u00e0 (220 cm \/ 20 kg), i sicuri collari della barra olimpica Evolve e una serie di piastre di peso in gomma Evolve (1,25-25 kg). Perfetto per le palestre domestiche, questo set garantisce un&#8217;esperienza di sollevamento pesi efficiente e sicura.  <\/p>\n","protected":false},"featured_media":197388,"template":"","meta":{"_acf_changed":false,"inline_featured_image":false},"product_brand":[],"product_cat":[13062,1460],"product_tag":[],"class_list":{"0":"post-228972","1":"product","2":"type-product","3":"status-publish","4":"has-post-thumbnail","6":"product_cat-set-da-bar","7":"product_cat-pesi-liberi","9":"first","10":"instock","11":"shipping-taxable","12":"purchasable","13":"product-type-variable"},"acf":{"long_title":"Set di barre Evolve Home Series con piastre di peso in gomma (HS-R)","subtitle":"","specifications":[{"label":"SKU","text_value":"EV-BS-HS-R","icon":"x"}]},"yoast_head":"<!-- This site is optimized with the Yoast SEO plugin v26.6 - https:\/\/yoast.com\/wordpress\/plugins\/seo\/ -->\n<title>Set di barre Evolve Home Series con piastre di peso in gomma (HS-R) - Evolve<\/title>\n<meta name=\"description\" content=\"Questo set completo combina la barra olimpica di alta qualit\u00e0 con i collari olimpici Evolve e una serie di piastre per pesi in gomma Evolve.\" \/>\n<meta name=\"robots\" content=\"index, follow, max-snippet:-1, max-image-preview:large, max-video-preview:-1\" \/>\n<link rel=\"canonical\" href=\"https:\/\/evolve-fitness.eu\/it\/prodotto\/set-di-barre-evolve-home-series-con-piastre-di-peso-in-gomma-hs-r\/\" \/>\n<meta property=\"og:locale\" content=\"it_IT\" \/>\n<meta property=\"og:type\" content=\"article\" \/>\n<meta property=\"og:title\" content=\"Set di barre Evolve Home Series con piastre di peso in gomma (HS-R) - Evolve\" \/>\n<meta property=\"og:description\" content=\"Questo set completo combina la barra olimpica di alta qualit\u00e0 con i collari olimpici Evolve e una serie di piastre per pesi in gomma Evolve.\" \/>\n<meta property=\"og:url\" content=\"https:\/\/evolve-fitness.eu\/it\/prodotto\/set-di-barre-evolve-home-series-con-piastre-di-peso-in-gomma-hs-r\/\" \/>\n<meta property=\"og:site_name\" content=\"Evolve\" \/>\n<meta property=\"article:publisher\" content=\"https:\/\/www.facebook.com\/EvolveFitnessEurope\" \/>\n<meta property=\"article:modified_time\" content=\"2026-04-08T14:43:28+00:00\" \/>\n<meta property=\"og:image\" content=\"https:\/\/evolve-fitness.eu\/wp-content\/uploads\/2025\/05\/Dizainas-be-pavadinimo-26-scaled.png\" \/>\n\t<meta property=\"og:image:width\" content=\"2560\" \/>\n\t<meta property=\"og:image:height\" content=\"2560\" \/>\n\t<meta property=\"og:image:type\" content=\"image\/png\" \/>\n<meta name=\"twitter:card\" content=\"summary_large_image\" \/>\n<script type=\"application\/ld+json\" class=\"yoast-schema-graph\">{\"@context\":\"https:\/\/schema.org\",\"@graph\":[{\"@type\":\"WebPage\",\"@id\":\"https:\/\/evolve-fitness.eu\/it\/prodotto\/set-di-barre-evolve-home-series-con-piastre-di-peso-in-gomma-hs-r\/\",\"url\":\"https:\/\/evolve-fitness.eu\/it\/prodotto\/set-di-barre-evolve-home-series-con-piastre-di-peso-in-gomma-hs-r\/\",\"name\":\"Set di barre Evolve Home Series con piastre di peso in gomma (HS-R) - Evolve\",\"isPartOf\":{\"@id\":\"https:\/\/evolve-fitness.eu\/it\/#website\"},\"primaryImageOfPage\":{\"@id\":\"https:\/\/evolve-fitness.eu\/it\/prodotto\/set-di-barre-evolve-home-series-con-piastre-di-peso-in-gomma-hs-r\/#primaryimage\"},\"image\":{\"@id\":\"https:\/\/evolve-fitness.eu\/it\/prodotto\/set-di-barre-evolve-home-series-con-piastre-di-peso-in-gomma-hs-r\/#primaryimage\"},\"thumbnailUrl\":\"https:\/\/evolve-fitness.eu\/wp-content\/uploads\/2025\/05\/Dizainas-be-pavadinimo-26-scaled.png\",\"datePublished\":\"2025-05-13T08:10:21+00:00\",\"dateModified\":\"2026-04-08T14:43:28+00:00\",\"description\":\"Questo set completo combina la barra olimpica di alta qualit\u00e0 con i collari olimpici Evolve e una serie di piastre per pesi in gomma Evolve.\",\"breadcrumb\":{\"@id\":\"https:\/\/evolve-fitness.eu\/it\/prodotto\/set-di-barre-evolve-home-series-con-piastre-di-peso-in-gomma-hs-r\/#breadcrumb\"},\"inLanguage\":\"it-IT\",\"potentialAction\":[{\"@type\":\"ReadAction\",\"target\":[\"https:\/\/evolve-fitness.eu\/it\/prodotto\/set-di-barre-evolve-home-series-con-piastre-di-peso-in-gomma-hs-r\/\"]}]},{\"@type\":\"ImageObject\",\"inLanguage\":\"it-IT\",\"@id\":\"https:\/\/evolve-fitness.eu\/it\/prodotto\/set-di-barre-evolve-home-series-con-piastre-di-peso-in-gomma-hs-r\/#primaryimage\",\"url\":\"https:\/\/evolve-fitness.eu\/wp-content\/uploads\/2025\/05\/Dizainas-be-pavadinimo-26-scaled.png\",\"contentUrl\":\"https:\/\/evolve-fitness.eu\/wp-content\/uploads\/2025\/05\/Dizainas-be-pavadinimo-26-scaled.png\",\"width\":2560,\"height\":2560},{\"@type\":\"BreadcrumbList\",\"@id\":\"https:\/\/evolve-fitness.eu\/it\/prodotto\/set-di-barre-evolve-home-series-con-piastre-di-peso-in-gomma-hs-r\/#breadcrumb\",\"itemListElement\":[{\"@type\":\"ListItem\",\"position\":1,\"name\":\"Home\",\"item\":\"https:\/\/evolve-fitness.eu\/it\/\"},{\"@type\":\"ListItem\",\"position\":2,\"name\":\"Prodotti\",\"item\":\"https:\/\/evolve-fitness.eu\/it\/shop\/\"},{\"@type\":\"ListItem\",\"position\":3,\"name\":\"Set di barre Evolve Home Series con piastre di peso in gomma (HS-R)\"}]},{\"@type\":\"WebSite\",\"@id\":\"https:\/\/evolve-fitness.eu\/it\/#website\",\"url\":\"https:\/\/evolve-fitness.eu\/it\/\",\"name\":\"Evolve\",\"description\":\"Your Evolved Gear Arrived\",\"publisher\":{\"@id\":\"https:\/\/evolve-fitness.eu\/it\/#organization\"},\"potentialAction\":[{\"@type\":\"SearchAction\",\"target\":{\"@type\":\"EntryPoint\",\"urlTemplate\":\"https:\/\/evolve-fitness.eu\/it\/?s={search_term_string}\"},\"query-input\":{\"@type\":\"PropertyValueSpecification\",\"valueRequired\":true,\"valueName\":\"search_term_string\"}}],\"inLanguage\":\"it-IT\"},{\"@type\":\"Organization\",\"@id\":\"https:\/\/evolve-fitness.eu\/it\/#organization\",\"name\":\"Evolve\",\"url\":\"https:\/\/evolve-fitness.eu\/it\/\",\"logo\":{\"@type\":\"ImageObject\",\"inLanguage\":\"it-IT\",\"@id\":\"https:\/\/evolve-fitness.eu\/it\/#\/schema\/logo\/image\/\",\"url\":\"https:\/\/evolve-fitness.eu\/wp-content\/uploads\/2023\/05\/Evolve-logo.svg\",\"contentUrl\":\"https:\/\/evolve-fitness.eu\/wp-content\/uploads\/2023\/05\/Evolve-logo.svg\",\"width\":176,\"height\":20,\"caption\":\"Evolve\"},\"image\":{\"@id\":\"https:\/\/evolve-fitness.eu\/it\/#\/schema\/logo\/image\/\"},\"sameAs\":[\"https:\/\/www.facebook.com\/EvolveFitnessEurope\"]}]}<\/script>\n<!-- \/ Yoast SEO plugin. -->","yoast_head_json":{"title":"Set di barre Evolve Home Series con piastre di peso in gomma (HS-R) - Evolve","description":"Questo set completo combina la barra olimpica di alta qualit\u00e0 con i collari olimpici Evolve e una serie di piastre per pesi in gomma Evolve.","robots":{"index":"index","follow":"follow","max-snippet":"max-snippet:-1","max-image-preview":"max-image-preview:large","max-video-preview":"max-video-preview:-1"},"canonical":"https:\/\/evolve-fitness.eu\/it\/prodotto\/set-di-barre-evolve-home-series-con-piastre-di-peso-in-gomma-hs-r\/","og_locale":"it_IT","og_type":"article","og_title":"Set di barre Evolve Home Series con piastre di peso in gomma (HS-R) - Evolve","og_description":"Questo set completo combina la barra olimpica di alta qualit\u00e0 con i collari olimpici Evolve e una serie di piastre per pesi in gomma Evolve.","og_url":"https:\/\/evolve-fitness.eu\/it\/prodotto\/set-di-barre-evolve-home-series-con-piastre-di-peso-in-gomma-hs-r\/","og_site_name":"Evolve","article_publisher":"https:\/\/www.facebook.com\/EvolveFitnessEurope","article_modified_time":"2026-04-08T14:43:28+00:00","og_image":[{"width":2560,"height":2560,"url":"https:\/\/evolve-fitness.eu\/wp-content\/uploads\/2025\/05\/Dizainas-be-pavadinimo-26-scaled.png","type":"image\/png"}],"twitter_card":"summary_large_image","schema":{"@context":"https:\/\/schema.org","@graph":[{"@type":"WebPage","@id":"https:\/\/evolve-fitness.eu\/it\/prodotto\/set-di-barre-evolve-home-series-con-piastre-di-peso-in-gomma-hs-r\/","url":"https:\/\/evolve-fitness.eu\/it\/prodotto\/set-di-barre-evolve-home-series-con-piastre-di-peso-in-gomma-hs-r\/","name":"Set di barre Evolve Home Series con piastre di peso in gomma (HS-R) - Evolve","isPartOf":{"@id":"https:\/\/evolve-fitness.eu\/it\/#website"},"primaryImageOfPage":{"@id":"https:\/\/evolve-fitness.eu\/it\/prodotto\/set-di-barre-evolve-home-series-con-piastre-di-peso-in-gomma-hs-r\/#primaryimage"},"image":{"@id":"https:\/\/evolve-fitness.eu\/it\/prodotto\/set-di-barre-evolve-home-series-con-piastre-di-peso-in-gomma-hs-r\/#primaryimage"},"thumbnailUrl":"https:\/\/evolve-fitness.eu\/wp-content\/uploads\/2025\/05\/Dizainas-be-pavadinimo-26-scaled.png","datePublished":"2025-05-13T08:10:21+00:00","dateModified":"2026-04-08T14:43:28+00:00","description":"Questo set completo combina la barra olimpica di alta qualit\u00e0 con i collari olimpici Evolve e una serie di piastre per pesi in gomma Evolve.","breadcrumb":{"@id":"https:\/\/evolve-fitness.eu\/it\/prodotto\/set-di-barre-evolve-home-series-con-piastre-di-peso-in-gomma-hs-r\/#breadcrumb"},"inLanguage":"it-IT","potentialAction":[{"@type":"ReadAction","target":["https:\/\/evolve-fitness.eu\/it\/prodotto\/set-di-barre-evolve-home-series-con-piastre-di-peso-in-gomma-hs-r\/"]}]},{"@type":"ImageObject","inLanguage":"it-IT","@id":"https:\/\/evolve-fitness.eu\/it\/prodotto\/set-di-barre-evolve-home-series-con-piastre-di-peso-in-gomma-hs-r\/#primaryimage","url":"https:\/\/evolve-fitness.eu\/wp-content\/uploads\/2025\/05\/Dizainas-be-pavadinimo-26-scaled.png","contentUrl":"https:\/\/evolve-fitness.eu\/wp-content\/uploads\/2025\/05\/Dizainas-be-pavadinimo-26-scaled.png","width":2560,"height":2560},{"@type":"BreadcrumbList","@id":"https:\/\/evolve-fitness.eu\/it\/prodotto\/set-di-barre-evolve-home-series-con-piastre-di-peso-in-gomma-hs-r\/#breadcrumb","itemListElement":[{"@type":"ListItem","position":1,"name":"Home","item":"https:\/\/evolve-fitness.eu\/it\/"},{"@type":"ListItem","position":2,"name":"Prodotti","item":"https:\/\/evolve-fitness.eu\/it\/shop\/"},{"@type":"ListItem","position":3,"name":"Set di barre Evolve Home Series con piastre di peso in gomma (HS-R)"}]},{"@type":"WebSite","@id":"https:\/\/evolve-fitness.eu\/it\/#website","url":"https:\/\/evolve-fitness.eu\/it\/","name":"Evolve","description":"Your Evolved Gear Arrived","publisher":{"@id":"https:\/\/evolve-fitness.eu\/it\/#organization"},"potentialAction":[{"@type":"SearchAction","target":{"@type":"EntryPoint","urlTemplate":"https:\/\/evolve-fitness.eu\/it\/?s={search_term_string}"},"query-input":{"@type":"PropertyValueSpecification","valueRequired":true,"valueName":"search_term_string"}}],"inLanguage":"it-IT"},{"@type":"Organization","@id":"https:\/\/evolve-fitness.eu\/it\/#organization","name":"Evolve","url":"https:\/\/evolve-fitness.eu\/it\/","logo":{"@type":"ImageObject","inLanguage":"it-IT","@id":"https:\/\/evolve-fitness.eu\/it\/#\/schema\/logo\/image\/","url":"https:\/\/evolve-fitness.eu\/wp-content\/uploads\/2023\/05\/Evolve-logo.svg","contentUrl":"https:\/\/evolve-fitness.eu\/wp-content\/uploads\/2023\/05\/Evolve-logo.svg","width":176,"height":20,"caption":"Evolve"},"image":{"@id":"https:\/\/evolve-fitness.eu\/it\/#\/schema\/logo\/image\/"},"sameAs":["https:\/\/www.facebook.com\/EvolveFitnessEurope"]}]}},"_links":{"self":[{"href":"https:\/\/evolve-fitness.eu\/it\/wp-json\/wp\/v2\/product\/228972","targetHints":{"allow":["GET"]}}],"collection":[{"href":"https:\/\/evolve-fitness.eu\/it\/wp-json\/wp\/v2\/product"}],"about":[{"href":"https:\/\/evolve-fitness.eu\/it\/wp-json\/wp\/v2\/types\/product"}],"wp:featuredmedia":[{"embeddable":true,"href":"https:\/\/evolve-fitness.eu\/it\/wp-json\/wp\/v2\/media\/197388"}],"wp:attachment":[{"href":"https:\/\/evolve-fitness.eu\/it\/wp-json\/wp\/v2\/media?parent=228972"}],"wp:term":[{"taxonomy":"product_brand","embeddable":true,"href":"https:\/\/evolve-fitness.eu\/it\/wp-json\/wp\/v2\/product_brand?post=228972"},{"taxonomy":"product_cat","embeddable":true,"href":"https:\/\/evolve-fitness.eu\/it\/wp-json\/wp\/v2\/product_cat?post=228972"},{"taxonomy":"product_tag","embeddable":true,"href":"https:\/\/evolve-fitness.eu\/it\/wp-json\/wp\/v2\/product_tag?post=228972"}],"curies":[{"name":"wp","href":"https:\/\/api.w.org\/{rel}","templated":true}]}}