{"id":229680,"date":"2026-04-14T10:26:48","date_gmt":"2026-04-14T07:26:48","guid":{"rendered":"https:\/\/evolve-fitness.eu\/product\/supporto-per-pallacanestro-a-terra-evolve-ah-180\/"},"modified":"2026-04-15T13:01:18","modified_gmt":"2026-04-15T10:01:18","slug":"supporto-per-pallacanestro-a-terra-evolve-ah-180","status":"publish","type":"product","link":"https:\/\/evolve-fitness.eu\/it\/prodotto\/supporto-per-pallacanestro-a-terra-evolve-ah-180\/","title":{"rendered":"Supporto per pallacanestro a terra Evolve (AH-180)"},"content":{"rendered":"\n<section class=\"wp-block-group alignfull black-content has-white-color has-darkgray-background-color has-text-color has-background is-layout-constrained wp-block-group-is-layout-constrained\" style=\"padding-top:var(--wp--preset--spacing--section-bottom);padding-bottom:var(--wp--preset--spacing--section-bottom)\">\n<div class=\"wp-block-columns alignwide mobile-reverse is-layout-flex wp-container-core-columns-is-layout-ca64bf2d wp-block-columns-is-layout-flex\" style=\"margin-bottom:var(--wp--preset--spacing--side-padding)\">\n<div class=\"wp-block-column is-vertically-aligned-center is-layout-flow wp-block-column-is-layout-flow\">\n<h3 class=\"wp-block-heading\" style=\"margin-bottom:var(--wp--preset--spacing--h-3-bottom)\"><strong><strong>Design professionale e regolabilit\u00e0<\/strong><\/strong><\/h3>\n\n\n\n<p style=\"margin-bottom:var(--wp--preset--spacing--tb-section-padding)\">La tribuna da basket da terra regolabile Evolve \u00e8 stata progettata per un uso intensivo, offrendo affidabilit\u00e0, stabilit\u00e0 e un&#8217;esperienza di gioco professionale. La regolazione dell&#8217;altezza da 167 a 305 cm permette di adattarsi facilmente a giocatori di diverse et\u00e0 e livelli di abilit\u00e0, dall&#8217;allenamento giovanile al gioco agonistico degli adulti. Il tabellone in vetro temperato da 12 mm con struttura in metallo rinforzato e finiture in alluminio garantisce un&#8217;eccellente durata e un rimbalzo costante della palla, mentre le grandi dimensioni del tabellone (1805 \u00d7 1050 mm) favoriscono un gioco preciso e dinamico.  <\/p>\n<\/div>\n\n\n\n<div class=\"wp-block-column is-vertically-aligned-center is-layout-flow wp-block-column-is-layout-flow\">\n<figure class=\"wp-block-gallery has-nested-images columns-default is-cropped wp-block-gallery-1 is-layout-flex wp-block-gallery-is-layout-flex\">\n<figure class=\"wp-block-image size-large\"><img decoding=\"async\" data-id=\"148046\" src=\"https:\/\/store.evolve-fitness.eu\/wp-content\/uploads\/2026\/01\/EV-BS-IG-AH-1801-1-1024x1024.png\" alt=\"\" class=\"wp-image-148046\"\/><\/figure>\n<\/figure>\n<\/div>\n<\/div>\n\n\n\n<div class=\"wp-block-columns alignwide is-layout-flex wp-container-core-columns-is-layout-c45ee707 wp-block-columns-is-layout-flex\" style=\"margin-bottom:var(--wp--preset--spacing--side-padding);padding-top:var(--wp--preset--spacing--side-padding)\">\n<div class=\"wp-block-column is-vertically-aligned-center is-layout-flow wp-block-column-is-layout-flow\">\n<div class=\"wp-block-columns is-layout-flex wp-container-core-columns-is-layout-9d6595d7 wp-block-columns-is-layout-flex\">\n<div class=\"wp-block-column is-layout-flow wp-block-column-is-layout-flow\"><\/div>\n<\/div>\n\n\n\n<figure class=\"wp-block-image size-full\"><img decoding=\"async\" src=\"https:\/\/store.evolve-fitness.eu\/wp-content\/uploads\/2026\/01\/Be-pavadinimo-600-x-600-piks.-1.png\" alt=\"\" class=\"wp-image-148350\"\/><\/figure>\n<\/div>\n\n\n\n<div class=\"wp-block-column is-vertically-aligned-center is-layout-flow wp-block-column-is-layout-flow\">\n<h3 class=\"wp-block-heading\" style=\"margin-bottom:var(--wp--preset--spacing--h-3-bottom)\">Stabilit\u00e0 e prestazioni a lungo termine<\/h3>\n\n\n\n<p>Il cerchio in acciaio da 45 cm con due molle ammortizzanti \u00e8 adatto per giochi intensivi e schiacciate, completato da una rete in nylon resistente alle intemperie. Con un peso totale di 277 kg e un&#8217;installazione sicura nel terreno, la tribuna offre una stabilit\u00e0 e una sicurezza eccezionali. Il solido telaio in acciaio con profilo di 15 \u00d7 15 cm e spessore delle pareti di 4 mm garantisce una lunga durata in ambienti difficili.  <\/p>\n<\/div>\n<\/div>\n\n\n\n<div class=\"wp-block-columns alignwide mobile-reverse is-layout-flex wp-container-core-columns-is-layout-ca64bf2d wp-block-columns-is-layout-flex\" style=\"margin-bottom:var(--wp--preset--spacing--side-padding)\">\n<div class=\"wp-block-column is-vertically-aligned-center is-layout-flow wp-block-column-is-layout-flow\">\n<h3 class=\"wp-block-heading\" style=\"margin-bottom:var(--wp--preset--spacing--h-3-bottom)\"><strong><strong>L&#8217;imbottitura del palo garantisce una maggiore sicurezza<\/strong><\/strong><\/h3>\n\n\n\n<p style=\"margin-bottom:var(--wp--preset--spacing--tb-section-padding)\">L&#8217;imbottitura dei pali offre una maggiore sicurezza al tuo campo da basket domestico, proteggendo i giocatori dall&#8217;impatto accidentale con il palo durante il gioco. Contribuisce a ridurre il rischio di infortuni, soprattutto durante le pause veloci, i rimbalzi o le spinte aggressive verso il canestro. Progettato per gli impianti da basket interrati, il cuscinetto si adatta saldamente al palo e assorbe gli impatti mantenendo un aspetto pulito e professionale. Si tratta di un accessorio essenziale per la sicurezza che rende il campo di casa pi\u00f9 sicuro per i giocatori di tutte le et\u00e0 e di tutti i livelli, senza influenzare il gioco o le prestazioni.   <\/p>\n<\/div>\n\n\n\n<div class=\"wp-block-column is-vertically-aligned-center is-layout-flow wp-block-column-is-layout-flow\">\n<figure class=\"wp-block-gallery has-nested-images columns-default is-cropped wp-block-gallery-2 is-layout-flex wp-block-gallery-is-layout-flex\">\n<figure class=\"wp-block-image size-full is-style-rounded\"><img decoding=\"async\" data-id=\"148368\" src=\"https:\/\/store.evolve-fitness.eu\/wp-content\/uploads\/2026\/01\/Dizainas-be-pavadinimo.png\" alt=\"\" class=\"wp-image-148368\"\/><\/figure>\n<\/figure>\n<\/div>\n<\/div>\n\n\n\n<div class=\"wp-block-columns alignwide is-layout-flex wp-container-core-columns-is-layout-c45ee707 wp-block-columns-is-layout-flex\" style=\"margin-bottom:var(--wp--preset--spacing--side-padding);padding-top:var(--wp--preset--spacing--side-padding)\">\n<div class=\"wp-block-column is-vertically-aligned-center is-layout-flow wp-block-column-is-layout-flow\">\n<div class=\"wp-block-columns is-layout-flex wp-container-core-columns-is-layout-9d6595d7 wp-block-columns-is-layout-flex\">\n<div class=\"wp-block-column is-layout-flow wp-block-column-is-layout-flow\"><\/div>\n<\/div>\n\n\n\n<figure class=\"wp-block-image size-full is-style-rounded\"><img decoding=\"async\" src=\"https:\/\/store.evolve-fitness.eu\/wp-content\/uploads\/2026\/01\/Dizainas-be-pavadinimo-1.png\" alt=\"\" class=\"wp-image-148370\"\/><\/figure>\n<\/div>\n\n\n\n<div class=\"wp-block-column is-vertically-aligned-center is-layout-flow wp-block-column-is-layout-flow\">\n<h3 class=\"wp-block-heading\" style=\"margin-bottom:var(--wp--preset--spacing--h-3-bottom)\">La superficie \u00e8 rifinita con polveri di alta qualit\u00e0<\/h3>\n\n\n\n<p>La superficie \u00e8 rifinita con un rivestimento in polvere di alta qualit\u00e0 che offre un&#8217;eccellente resistenza agli agenti atmosferici e alle condizioni ambientali. Questo rivestimento durevole protegge la struttura in acciaio dalla corrosione, dall&#8217;umidit\u00e0, dall&#8217;esposizione ai raggi UV e dagli sbalzi di temperatura, garantendo prestazioni durature all&#8217;esterno. <\/p>\n\n\n\n<p>Grazie alla finitura a polvere, la superficie mantiene il suo aspetto e la sua integrit\u00e0 strutturale nel tempo, anche in caso di utilizzo regolare in campi domestici all&#8217;aperto, scuole o parchi giochi pubblici.<\/p>\n<\/div>\n<\/div>\n\n\n\n<div class=\"wp-block-columns alignwide mobile-reverse is-layout-flex wp-container-core-columns-is-layout-ca64bf2d wp-block-columns-is-layout-flex\" style=\"margin-bottom:var(--wp--preset--spacing--side-padding)\">\n<div class=\"wp-block-column is-vertically-aligned-center is-layout-flow wp-block-column-is-layout-flow\">\n<h3 class=\"wp-block-heading\" style=\"margin-bottom:var(--wp--preset--spacing--h-3-bottom)\"><strong><strong>la copertura della piastra di montaggio offre<\/strong><\/strong> sicurezza intorno alla base<\/h3>\n\n\n\n<p style=\"margin-bottom:var(--wp--preset--spacing--tb-section-padding)\">La copertura della piastra di montaggio offre un aspetto pulito e rifinito, migliorando la sicurezza intorno alla base della porta da basket. Nasconde i bulloni di ancoraggio, riducendo il rischio di inciampare o di ferirsi e dando all&#8217;installazione un aspetto pi\u00f9 curato. La copertura pu\u00f2 essere facilmente rimossa, consentendo di svitare la porta e riposizionarla se necessario. Questo la rende una soluzione pratica per gli utenti che desiderano avere la flessibilit\u00e0 di spostare o riconfigurare il campo in futuro, senza compromettere la sicurezza o l&#8217;estetica.   <\/p>\n<\/div>\n\n\n\n<div class=\"wp-block-column is-vertically-aligned-center is-layout-flow wp-block-column-is-layout-flow\">\n<figure class=\"wp-block-gallery has-nested-images columns-default is-cropped wp-block-gallery-3 is-layout-flex wp-block-gallery-is-layout-flex\">\n<figure class=\"wp-block-image size-full is-style-rounded\"><img decoding=\"async\" data-id=\"149000\" src=\"https:\/\/store.evolve-fitness.eu\/wp-content\/uploads\/2026\/01\/STOVO-DANGTIS.png\" alt=\"\" class=\"wp-image-149000\"\/><\/figure>\n<\/figure>\n<\/div>\n<\/div>\n\n\n\n<div class=\"wp-block-columns alignwide is-layout-flex wp-container-core-columns-is-layout-c45ee707 wp-block-columns-is-layout-flex\" style=\"margin-bottom:var(--wp--preset--spacing--side-padding);padding-top:var(--wp--preset--spacing--side-padding)\">\n<div class=\"wp-block-column is-vertically-aligned-center is-layout-flow wp-block-column-is-layout-flow\">\n<div class=\"wp-block-columns is-layout-flex wp-container-core-columns-is-layout-9d6595d7 wp-block-columns-is-layout-flex\">\n<div class=\"wp-block-column is-layout-flow wp-block-column-is-layout-flow\"><\/div>\n<\/div>\n\n\n\n<figure class=\"wp-block-image size-full is-style-rounded\"><img decoding=\"async\" src=\"https:\/\/store.evolve-fitness.eu\/wp-content\/uploads\/2026\/01\/183-cm-4.png\" alt=\"\" class=\"wp-image-148382\"\/><\/figure>\n<\/div>\n\n\n\n<div class=\"wp-block-column is-vertically-aligned-center is-layout-flow wp-block-column-is-layout-flow\">\n<h3 class=\"wp-block-heading\" style=\"margin-bottom:var(--wp--preset--spacing--h-3-bottom)\">La superficie \u00e8 rifinita con polveri di alta qualit\u00e0<\/h3>\n\n\n\n<p>Il sistema di basket \u00e8 dotato di bulloni in acciaio inossidabile e di tappi antifurto, che garantiscono una maggiore sicurezza e una lunga durata. L&#8217;acciaio inossidabile garantisce un&#8217;eccellente resistenza alla ruggine e alla corrosione, anche in ambienti esterni esposti a pioggia e umidit\u00e0. <\/p>\n\n\n\n<p>I tappi antifurto aggiungono un ulteriore livello di sicurezza impedendo la rimozione non autorizzata e coprendo i bordi taglienti per una finitura pi\u00f9 pulita e sicura. I tappi possono essere personalizzati con il tuo logo, aggiungendo un tocco professionale, <\/p>\n\n\n\n<p>Grazie alla finitura a polvere, la superficie mantiene il suo aspetto e la sua integrit\u00e0 strutturale nel tempo, anche in caso di utilizzo regolare in campi domestici all&#8217;aperto, scuole o parchi giochi pubblici.<\/p>\n<\/div>\n<\/div>\n\n\n\n<div class=\"wp-block-columns alignwide mobile-reverse is-layout-flex wp-container-core-columns-is-layout-ca64bf2d wp-block-columns-is-layout-flex\" style=\"margin-bottom:var(--wp--preset--spacing--side-padding)\">\n<div class=\"wp-block-column is-vertically-aligned-center is-layout-flow wp-block-column-is-layout-flow\">\n<h3 class=\"wp-block-heading\" style=\"margin-bottom:var(--wp--preset--spacing--h-3-bottom)\">Caratteristiche della porta da basket<\/h3>\n\n\n\n<p style=\"margin-bottom:var(--wp--preset--spacing--tb-section-padding)\">La porta da basket \u00e8 dotata di tre ampi bracci di sostegno in acciaio robusto e resistente, progettati per aumentare notevolmente la stabilit\u00e0 complessiva. Questa struttura rinforzata riduce le vibrazioni e i movimenti durante il gioco, anche in caso di utilizzo intenso come le schiacciate o i rimbalzi aggressivi. I solidi bracci in acciaio distribuiscono il carico in modo uniforme sulla struttura, garantendo una sensazione di solidit\u00e0 e affidabilit\u00e0 a lungo termine per i campi da gioco all&#8217;aperto, le scuole e le strutture di allenamento.  <\/p>\n<\/div>\n\n\n\n<div class=\"wp-block-column is-vertically-aligned-center is-layout-flow wp-block-column-is-layout-flow\">\n<figure class=\"wp-block-gallery has-nested-images columns-default is-cropped wp-block-gallery-4 is-layout-flex wp-block-gallery-is-layout-flex\">\n<figure class=\"wp-block-image size-full is-style-rounded\"><img decoding=\"async\" data-id=\"148373\" src=\"https:\/\/store.evolve-fitness.eu\/wp-content\/uploads\/2026\/01\/Dizainas-be-pavadinimo-4.png\" alt=\"\" class=\"wp-image-148373\"\/><\/figure>\n<\/figure>\n<\/div>\n<\/div>\n\n\n\n<div class=\"wp-block-columns alignwide is-layout-flex wp-container-core-columns-is-layout-c45ee707 wp-block-columns-is-layout-flex\" style=\"margin-bottom:var(--wp--preset--spacing--side-padding);padding-top:var(--wp--preset--spacing--side-padding)\">\n<div class=\"wp-block-column is-vertically-aligned-center is-layout-flow wp-block-column-is-layout-flow\">\n<div class=\"wp-block-columns is-layout-flex wp-container-core-columns-is-layout-9d6595d7 wp-block-columns-is-layout-flex\">\n<div class=\"wp-block-column is-layout-flow wp-block-column-is-layout-flow\"><\/div>\n<\/div>\n\n\n\n<figure class=\"wp-block-image size-full is-style-rounded\"><img decoding=\"async\" src=\"https:\/\/store.evolve-fitness.eu\/wp-content\/uploads\/2026\/01\/183-cm-2.png\" alt=\"\" class=\"wp-image-148379\"\/><\/figure>\n<\/div>\n\n\n\n<div class=\"wp-block-column is-vertically-aligned-center is-layout-flow wp-block-column-is-layout-flow\">\n<h3 class=\"wp-block-heading\" style=\"margin-bottom:var(--wp--preset--spacing--h-3-bottom)\">Palo solido e pi\u00f9 resistente<\/h3>\n\n\n\n<p>Palo solido e resistente realizzato in acciaio per impieghi gravosi, progettato per offrire la massima stabilit\u00e0. La sua struttura robusta \u00e8 abbastanza pesante da controbilanciare efficacemente il tabellone, garantendo una struttura solida e stabile durante il gioco e l&#8217;utilizzo all&#8217;aperto a lungo termine. <\/p>\n<\/div>\n<\/div>\n<\/section>\n","protected":false},"excerpt":{"rendered":"<p>  La tribuna da basket da terra regolabile Evolve \u00e8 una soluzione di alta qualit\u00e0 progettata per un gioco intenso e duraturo. L&#8217;altezza del canestro regolabile da 167 a 305 cm permette di adattare la tribuna a giocatori di diverse et\u00e0 e livelli di abilit\u00e0, dai bambini agli adulti. <\/p>\n<p>Il resistente tabellone in vetro temperato da 12 mm con struttura in metallo e finiture in alluminio garantisce un eccellente assorbimento degli urti, una lunga durata e un&#8217;esperienza di gioco di livello professionale. Il cerchio in acciaio di 45 cm di diametro con due molle ammortizzanti \u00e8 progettato per un uso intensivo. La struttura massiccia e il peso totale di 277 kg assicurano una stabilit\u00e0 eccezionale, mentre il metodo di installazione interrata garantisce un utilizzo sicuro e affidabile in tutte le condizioni.    <\/p>\n","protected":false},"featured_media":229706,"template":"","meta":{"_acf_changed":false,"inline_featured_image":false},"product_brand":[],"product_cat":[13111],"product_tag":[],"class_list":{"0":"post-229680","1":"product","2":"type-product","3":"status-publish","4":"has-post-thumbnail","6":"product_cat-attrezzatura-da-basket","8":"first","9":"instock","10":"shipping-taxable","11":"purchasable","12":"product-type-simple"},"acf":{"long_title":"Supporto per pallacanestro a terra Evolve (AH-180)","subtitle":"","specifications":[{"label":"SKU","text_value":"EV-BS-IG-AH-180","icon":"x"},{"label":"Dimensioni della confezione","text_value":"1930 x 1280 x 430 mm","icon":"x"},{"label":"Peso  ","text_value":"277 kg","icon":"x"},{"label":"Gamma di regolazione dell'altezza","text_value":"167 x 305 cm","icon":"x"},{"label":"Dimensioni del telaio","text_value":"150 x 150 mm","icon":"x"},{"label":"Tipo di tabellone","text_value":"Vetro temperato con struttura in acciaio","icon":"x"},{"label":"Dimensioni del tabellone","text_value":"1805 x 1050 mm","icon":"x"},{"label":"Spessore del tabellone","text_value":"12 mm","icon":"x"},{"label":"Tipo di cerchio  ","text_value":"Cerchio in acciaio da 45 cm di diametro con molle","icon":"x"},{"label":"Materiale netto","text_value":"Nylon, resistente agli agenti atmosferici","icon":"x"},{"label":"Spessore del telaio","text_value":"4 mm","icon":"x"},{"label":"Proiezione del tabellone","text_value":"120 cm","icon":"x"},{"label":"Garanzia  ","text_value":"2 anni","icon":"x"}],"product_frequently_asked_questions":null},"yoast_head":"<!-- This site is optimized with the Yoast SEO plugin v27.4 - https:\/\/yoast.com\/product\/yoast-seo-wordpress\/ -->\n<title>Supporto per pallacanestro a terra Evolve (AH-180) - Evolve<\/title>\n<meta name=\"robots\" content=\"index, follow, max-snippet:-1, max-image-preview:large, max-video-preview:-1\" \/>\n<link rel=\"canonical\" href=\"https:\/\/evolve-fitness.eu\/it\/prodotto\/supporto-per-pallacanestro-a-terra-evolve-ah-180\/\" \/>\n<meta property=\"og:locale\" content=\"it_IT\" \/>\n<meta property=\"og:type\" content=\"article\" \/>\n<meta property=\"og:title\" content=\"Supporto per pallacanestro a terra Evolve (AH-180) - Evolve\" \/>\n<meta property=\"og:url\" content=\"https:\/\/evolve-fitness.eu\/it\/prodotto\/supporto-per-pallacanestro-a-terra-evolve-ah-180\/\" \/>\n<meta property=\"og:site_name\" content=\"Evolve\" \/>\n<meta property=\"article:publisher\" content=\"https:\/\/www.facebook.com\/EvolveFitnessEurope\" \/>\n<meta property=\"article:modified_time\" content=\"2026-04-15T10:01:18+00:00\" \/>\n<meta property=\"og:image\" content=\"https:\/\/evolve-fitness.eu\/wp-content\/uploads\/2026\/04\/EV-BS-IG-AH-1801.webp\" \/>\n\t<meta property=\"og:image:width\" content=\"1080\" \/>\n\t<meta property=\"og:image:height\" content=\"1080\" \/>\n\t<meta property=\"og:image:type\" content=\"image\/webp\" \/>\n<meta name=\"twitter:card\" content=\"summary_large_image\" \/>\n<script type=\"application\/ld+json\" class=\"yoast-schema-graph\">{\"@context\":\"https:\\\/\\\/schema.org\",\"@graph\":[{\"@type\":\"WebPage\",\"@id\":\"https:\\\/\\\/evolve-fitness.eu\\\/it\\\/prodotto\\\/supporto-per-pallacanestro-a-terra-evolve-ah-180\\\/\",\"url\":\"https:\\\/\\\/evolve-fitness.eu\\\/it\\\/prodotto\\\/supporto-per-pallacanestro-a-terra-evolve-ah-180\\\/\",\"name\":\"Supporto per pallacanestro a terra Evolve (AH-180) - Evolve\",\"isPartOf\":{\"@id\":\"https:\\\/\\\/evolve-fitness.eu\\\/it\\\/#website\"},\"primaryImageOfPage\":{\"@id\":\"https:\\\/\\\/evolve-fitness.eu\\\/it\\\/prodotto\\\/supporto-per-pallacanestro-a-terra-evolve-ah-180\\\/#primaryimage\"},\"image\":{\"@id\":\"https:\\\/\\\/evolve-fitness.eu\\\/it\\\/prodotto\\\/supporto-per-pallacanestro-a-terra-evolve-ah-180\\\/#primaryimage\"},\"thumbnailUrl\":\"https:\\\/\\\/evolve-fitness.eu\\\/wp-content\\\/uploads\\\/2026\\\/04\\\/EV-BS-IG-AH-1801.webp\",\"datePublished\":\"2026-04-14T07:26:48+00:00\",\"dateModified\":\"2026-04-15T10:01:18+00:00\",\"breadcrumb\":{\"@id\":\"https:\\\/\\\/evolve-fitness.eu\\\/it\\\/prodotto\\\/supporto-per-pallacanestro-a-terra-evolve-ah-180\\\/#breadcrumb\"},\"inLanguage\":\"it-IT\",\"potentialAction\":[{\"@type\":\"ReadAction\",\"target\":[\"https:\\\/\\\/evolve-fitness.eu\\\/it\\\/prodotto\\\/supporto-per-pallacanestro-a-terra-evolve-ah-180\\\/\"]}]},{\"@type\":\"ImageObject\",\"inLanguage\":\"it-IT\",\"@id\":\"https:\\\/\\\/evolve-fitness.eu\\\/it\\\/prodotto\\\/supporto-per-pallacanestro-a-terra-evolve-ah-180\\\/#primaryimage\",\"url\":\"https:\\\/\\\/evolve-fitness.eu\\\/wp-content\\\/uploads\\\/2026\\\/04\\\/EV-BS-IG-AH-1801.webp\",\"contentUrl\":\"https:\\\/\\\/evolve-fitness.eu\\\/wp-content\\\/uploads\\\/2026\\\/04\\\/EV-BS-IG-AH-1801.webp\",\"width\":1080,\"height\":1080},{\"@type\":\"BreadcrumbList\",\"@id\":\"https:\\\/\\\/evolve-fitness.eu\\\/it\\\/prodotto\\\/supporto-per-pallacanestro-a-terra-evolve-ah-180\\\/#breadcrumb\",\"itemListElement\":[{\"@type\":\"ListItem\",\"position\":1,\"name\":\"Home\",\"item\":\"https:\\\/\\\/evolve-fitness.eu\\\/it\\\/\"},{\"@type\":\"ListItem\",\"position\":2,\"name\":\"Prodotti\",\"item\":\"https:\\\/\\\/evolve-fitness.eu\\\/it\\\/shop\\\/\"},{\"@type\":\"ListItem\",\"position\":3,\"name\":\"Supporto per pallacanestro a terra Evolve (AH-180)\"}]},{\"@type\":\"WebSite\",\"@id\":\"https:\\\/\\\/evolve-fitness.eu\\\/it\\\/#website\",\"url\":\"https:\\\/\\\/evolve-fitness.eu\\\/it\\\/\",\"name\":\"Evolve\",\"description\":\"Your Evolved Gear Arrived\",\"publisher\":{\"@id\":\"https:\\\/\\\/evolve-fitness.eu\\\/it\\\/#organization\"},\"potentialAction\":[{\"@type\":\"SearchAction\",\"target\":{\"@type\":\"EntryPoint\",\"urlTemplate\":\"https:\\\/\\\/evolve-fitness.eu\\\/it\\\/?s={search_term_string}\"},\"query-input\":{\"@type\":\"PropertyValueSpecification\",\"valueRequired\":true,\"valueName\":\"search_term_string\"}}],\"inLanguage\":\"it-IT\"},{\"@type\":\"Organization\",\"@id\":\"https:\\\/\\\/evolve-fitness.eu\\\/it\\\/#organization\",\"name\":\"Evolve\",\"url\":\"https:\\\/\\\/evolve-fitness.eu\\\/it\\\/\",\"logo\":{\"@type\":\"ImageObject\",\"inLanguage\":\"it-IT\",\"@id\":\"https:\\\/\\\/evolve-fitness.eu\\\/it\\\/#\\\/schema\\\/logo\\\/image\\\/\",\"url\":\"https:\\\/\\\/evolve-fitness.eu\\\/wp-content\\\/uploads\\\/2023\\\/05\\\/Evolve-logo.svg\",\"contentUrl\":\"https:\\\/\\\/evolve-fitness.eu\\\/wp-content\\\/uploads\\\/2023\\\/05\\\/Evolve-logo.svg\",\"width\":176,\"height\":20,\"caption\":\"Evolve\"},\"image\":{\"@id\":\"https:\\\/\\\/evolve-fitness.eu\\\/it\\\/#\\\/schema\\\/logo\\\/image\\\/\"},\"sameAs\":[\"https:\\\/\\\/www.facebook.com\\\/EvolveFitnessEurope\"]}]}<\/script>\n<!-- \/ Yoast SEO plugin. -->","yoast_head_json":{"title":"Supporto per pallacanestro a terra Evolve (AH-180) - Evolve","robots":{"index":"index","follow":"follow","max-snippet":"max-snippet:-1","max-image-preview":"max-image-preview:large","max-video-preview":"max-video-preview:-1"},"canonical":"https:\/\/evolve-fitness.eu\/it\/prodotto\/supporto-per-pallacanestro-a-terra-evolve-ah-180\/","og_locale":"it_IT","og_type":"article","og_title":"Supporto per pallacanestro a terra Evolve (AH-180) - Evolve","og_url":"https:\/\/evolve-fitness.eu\/it\/prodotto\/supporto-per-pallacanestro-a-terra-evolve-ah-180\/","og_site_name":"Evolve","article_publisher":"https:\/\/www.facebook.com\/EvolveFitnessEurope","article_modified_time":"2026-04-15T10:01:18+00:00","og_image":[{"width":1080,"height":1080,"url":"https:\/\/evolve-fitness.eu\/wp-content\/uploads\/2026\/04\/EV-BS-IG-AH-1801.webp","type":"image\/webp"}],"twitter_card":"summary_large_image","schema":{"@context":"https:\/\/schema.org","@graph":[{"@type":"WebPage","@id":"https:\/\/evolve-fitness.eu\/it\/prodotto\/supporto-per-pallacanestro-a-terra-evolve-ah-180\/","url":"https:\/\/evolve-fitness.eu\/it\/prodotto\/supporto-per-pallacanestro-a-terra-evolve-ah-180\/","name":"Supporto per pallacanestro a terra Evolve (AH-180) - Evolve","isPartOf":{"@id":"https:\/\/evolve-fitness.eu\/it\/#website"},"primaryImageOfPage":{"@id":"https:\/\/evolve-fitness.eu\/it\/prodotto\/supporto-per-pallacanestro-a-terra-evolve-ah-180\/#primaryimage"},"image":{"@id":"https:\/\/evolve-fitness.eu\/it\/prodotto\/supporto-per-pallacanestro-a-terra-evolve-ah-180\/#primaryimage"},"thumbnailUrl":"https:\/\/evolve-fitness.eu\/wp-content\/uploads\/2026\/04\/EV-BS-IG-AH-1801.webp","datePublished":"2026-04-14T07:26:48+00:00","dateModified":"2026-04-15T10:01:18+00:00","breadcrumb":{"@id":"https:\/\/evolve-fitness.eu\/it\/prodotto\/supporto-per-pallacanestro-a-terra-evolve-ah-180\/#breadcrumb"},"inLanguage":"it-IT","potentialAction":[{"@type":"ReadAction","target":["https:\/\/evolve-fitness.eu\/it\/prodotto\/supporto-per-pallacanestro-a-terra-evolve-ah-180\/"]}]},{"@type":"ImageObject","inLanguage":"it-IT","@id":"https:\/\/evolve-fitness.eu\/it\/prodotto\/supporto-per-pallacanestro-a-terra-evolve-ah-180\/#primaryimage","url":"https:\/\/evolve-fitness.eu\/wp-content\/uploads\/2026\/04\/EV-BS-IG-AH-1801.webp","contentUrl":"https:\/\/evolve-fitness.eu\/wp-content\/uploads\/2026\/04\/EV-BS-IG-AH-1801.webp","width":1080,"height":1080},{"@type":"BreadcrumbList","@id":"https:\/\/evolve-fitness.eu\/it\/prodotto\/supporto-per-pallacanestro-a-terra-evolve-ah-180\/#breadcrumb","itemListElement":[{"@type":"ListItem","position":1,"name":"Home","item":"https:\/\/evolve-fitness.eu\/it\/"},{"@type":"ListItem","position":2,"name":"Prodotti","item":"https:\/\/evolve-fitness.eu\/it\/shop\/"},{"@type":"ListItem","position":3,"name":"Supporto per pallacanestro a terra Evolve (AH-180)"}]},{"@type":"WebSite","@id":"https:\/\/evolve-fitness.eu\/it\/#website","url":"https:\/\/evolve-fitness.eu\/it\/","name":"Evolve","description":"Your Evolved Gear Arrived","publisher":{"@id":"https:\/\/evolve-fitness.eu\/it\/#organization"},"potentialAction":[{"@type":"SearchAction","target":{"@type":"EntryPoint","urlTemplate":"https:\/\/evolve-fitness.eu\/it\/?s={search_term_string}"},"query-input":{"@type":"PropertyValueSpecification","valueRequired":true,"valueName":"search_term_string"}}],"inLanguage":"it-IT"},{"@type":"Organization","@id":"https:\/\/evolve-fitness.eu\/it\/#organization","name":"Evolve","url":"https:\/\/evolve-fitness.eu\/it\/","logo":{"@type":"ImageObject","inLanguage":"it-IT","@id":"https:\/\/evolve-fitness.eu\/it\/#\/schema\/logo\/image\/","url":"https:\/\/evolve-fitness.eu\/wp-content\/uploads\/2023\/05\/Evolve-logo.svg","contentUrl":"https:\/\/evolve-fitness.eu\/wp-content\/uploads\/2023\/05\/Evolve-logo.svg","width":176,"height":20,"caption":"Evolve"},"image":{"@id":"https:\/\/evolve-fitness.eu\/it\/#\/schema\/logo\/image\/"},"sameAs":["https:\/\/www.facebook.com\/EvolveFitnessEurope"]}]}},"_links":{"self":[{"href":"https:\/\/evolve-fitness.eu\/it\/wp-json\/wp\/v2\/product\/229680","targetHints":{"allow":["GET"]}}],"collection":[{"href":"https:\/\/evolve-fitness.eu\/it\/wp-json\/wp\/v2\/product"}],"about":[{"href":"https:\/\/evolve-fitness.eu\/it\/wp-json\/wp\/v2\/types\/product"}],"wp:featuredmedia":[{"embeddable":true,"href":"https:\/\/evolve-fitness.eu\/it\/wp-json\/wp\/v2\/media\/229706"}],"wp:attachment":[{"href":"https:\/\/evolve-fitness.eu\/it\/wp-json\/wp\/v2\/media?parent=229680"}],"wp:term":[{"taxonomy":"product_brand","embeddable":true,"href":"https:\/\/evolve-fitness.eu\/it\/wp-json\/wp\/v2\/product_brand?post=229680"},{"taxonomy":"product_cat","embeddable":true,"href":"https:\/\/evolve-fitness.eu\/it\/wp-json\/wp\/v2\/product_cat?post=229680"},{"taxonomy":"product_tag","embeddable":true,"href":"https:\/\/evolve-fitness.eu\/it\/wp-json\/wp\/v2\/product_tag?post=229680"}],"curies":[{"name":"wp","href":"https:\/\/api.w.org\/{rel}","templated":true}]}}