{"id":229979,"date":"2026-04-15T13:39:20","date_gmt":"2026-04-15T10:39:20","guid":{"rendered":"https:\/\/evolve-fitness.eu\/product\/campi-da-padel-classici\/"},"modified":"2026-04-17T13:53:15","modified_gmt":"2026-04-17T10:53:15","slug":"campi-da-padel-classici","status":"publish","type":"product","link":"https:\/\/evolve-fitness.eu\/it\/prodotto\/campi-da-padel-classici\/","title":{"rendered":"Campi da padel classici"},"content":{"rendered":"\n<section class=\"wp-block-group alignfull black-content has-white-color has-darkgray-background-color has-text-color has-background is-layout-constrained wp-block-group-is-layout-constrained\" style=\"padding-top:var(--wp--preset--spacing--section-bottom);padding-bottom:var(--wp--preset--spacing--section-bottom)\">\n<div class=\"wp-block-columns alignwide is-layout-flex wp-container-core-columns-is-layout-c45ee707 wp-block-columns-is-layout-flex\" style=\"margin-bottom:var(--wp--preset--spacing--side-padding);padding-top:var(--wp--preset--spacing--side-padding)\">\n<div class=\"wp-block-column is-vertically-aligned-center is-layout-flow wp-block-column-is-layout-flow\">\n<h3 class=\"wp-block-heading\" style=\"margin-bottom:var(--wp--preset--spacing--h-3-bottom)\"><strong>Attrezzature e rinforzi strutturali<\/strong><\/h3>\n\n\n\n<p><\/p>\n\n\n\n<p>Tutti i montanti della struttura metallica sono inoltre rinforzati con profili quadrati a sezione larga, che garantiscono maggiore resistenza, rigidit\u00e0 e integrit\u00e0 strutturale complessiva. Questo garantisce prestazioni affidabili del campo da gioco anche in caso di uso intensivo e condizioni atmosferiche difficili. <\/p>\n\n\n\n<p>Il campo \u00e8 dotato di 18 unit\u00e0 di pannelli in vetro temperato G1 da 12 mm, tubi in acciaio zincato a caldo da 3 mm, rete in acciaio zincato a caldo da 4 mm, erba artificiale rinforzata, luci a LED con grado di protezione IP65 adatte all&#8217;uso esterno, bulloni in acciaio inox 304 e tutti gli elementi di fissaggio, giunti e componenti aggiuntivi necessari per l&#8217;installazione completa del campo.<\/p>\n<\/div>\n\n\n\n<div class=\"wp-block-column is-vertically-aligned-center is-layout-flow wp-block-column-is-layout-flow\">\n<figure class=\"wp-block-image size-full is-resized is-style-rounded\"><img loading=\"lazy\" decoding=\"async\" width=\"1080\" height=\"1080\" src=\"https:\/\/evolve-fitness.eu\/wp-content\/uploads\/2026\/04\/padel-2-1.png\" alt=\"\" class=\"wp-image-232252\" style=\"width:830px;height:auto\" srcset=\"https:\/\/evolve-fitness.eu\/wp-content\/uploads\/2026\/04\/padel-2-1.png 1080w, https:\/\/evolve-fitness.eu\/wp-content\/uploads\/2026\/04\/padel-2-1-300x300.png 300w, https:\/\/evolve-fitness.eu\/wp-content\/uploads\/2026\/04\/padel-2-1-1024x1024.png 1024w, https:\/\/evolve-fitness.eu\/wp-content\/uploads\/2026\/04\/padel-2-1-150x150.png 150w, https:\/\/evolve-fitness.eu\/wp-content\/uploads\/2026\/04\/padel-2-1-768x768.png 768w, https:\/\/evolve-fitness.eu\/wp-content\/uploads\/2026\/04\/padel-2-1-600x600.png 600w\" sizes=\"auto, (max-width: 1080px) 100vw, 1080px\" \/><\/figure>\n<\/div>\n<\/div>\n\n\n\n<div class=\"wp-block-columns alignwide mobile-reverse is-layout-flex wp-container-core-columns-is-layout-ca64bf2d wp-block-columns-is-layout-flex\" style=\"margin-bottom:var(--wp--preset--spacing--side-padding)\">\n<div class=\"wp-block-column is-vertically-aligned-center is-layout-flow wp-block-column-is-layout-flow\">\n<figure class=\"wp-block-image size-full is-resized is-style-rounded\"><img loading=\"lazy\" decoding=\"async\" width=\"600\" height=\"450\" src=\"https:\/\/evolve-fitness.eu\/wp-content\/uploads\/2026\/04\/Padel-clasic.png\" alt=\"\" class=\"wp-image-229973\" style=\"width:797px;height:auto\" srcset=\"https:\/\/evolve-fitness.eu\/wp-content\/uploads\/2026\/04\/Padel-clasic.png 600w, https:\/\/evolve-fitness.eu\/wp-content\/uploads\/2026\/04\/Padel-clasic-300x225.png 300w, https:\/\/evolve-fitness.eu\/wp-content\/uploads\/2026\/04\/Padel-clasic-150x113.png 150w, https:\/\/evolve-fitness.eu\/wp-content\/uploads\/2026\/04\/Padel-clasic-200x150.png 200w\" sizes=\"auto, (max-width: 600px) 100vw, 600px\" \/><\/figure>\n<\/div>\n\n\n\n<div class=\"wp-block-column is-vertically-aligned-center is-layout-flow wp-block-column-is-layout-flow\">\n<h3 class=\"wp-block-heading\" style=\"margin-bottom:var(--wp--preset--spacing--h-3-bottom)\">Colonne e travi<\/h3>\n\n\n\n<p><strong>Materiale e resistenza alla corrosione<\/strong><\/p>\n\n\n\n<p>Tutte le colonne e le travi sono realizzate in acciaio zincato a caldo di alta qualit\u00e0. Le dimensioni delle colonne in acciaio sono 80 \u00d7 80 \u00d7 3 mm. L&#8217;acciaio zincato a caldo offre eccellenti propriet\u00e0 anticorrosione: non arrugginisce, non si scrosta e non perde colore anche dopo un uso prolungato all&#8217;aperto.  <\/p>\n\n\n\n<p><strong>Recinzione a rete<\/strong><\/p>\n\n\n\n<p><strong>Doppia protezione e bordi sicuri<\/strong><\/p>\n\n\n\n<p>La rete di recinzione \u00e8 realizzata in acciaio zincato a caldo di alta qualit\u00e0. Il processo di produzione avviene in due fasi: in primo luogo, l&#8217;acciaio e la rete vengono trattati con il metodo della zincatura a caldo e, in una seconda fase, la superficie viene rivestita con la tecnologia della verniciatura a polvere elettrostatica. <\/p>\n\n\n\n<p>La dimensione del telaio della rete \u00e8 di 1 \u00d7 2 m, il diametro del filo \u00e8 di 4 mm e l&#8217;apertura della rete \u00e8 di 50 \u00d7 50 mm. I bordi della rete sono protetti in modo speciale contro i graffi e gli strappi, garantendo un utilizzo sicuro. <\/p>\n\n\n\n<p><strong>Bulloni ed elementi di fissaggio<\/strong><\/p>\n\n\n\n<p><strong>Acciaio inox 304 &#8211; affidabilit\u00e0 per uso esterno<\/strong><\/p>\n\n\n\n<p>Tutti gli accessori e i bulloni sono realizzati in acciaio inox 304 per l&#8217;installazione all&#8217;esterno. Non arrugginiscono per tutta la loro durata, sono resistenti, non si deformano e presentano una finitura estetica di alta qualit\u00e0. <\/p>\n<\/div>\n<\/div>\n\n\n\n<div class=\"wp-block-columns alignwide mobile-reverse is-layout-flex wp-container-core-columns-is-layout-ca64bf2d wp-block-columns-is-layout-flex\" style=\"margin-bottom:var(--wp--preset--spacing--side-padding)\">\n<div class=\"wp-block-column is-vertically-aligned-center is-layout-flow wp-block-column-is-layout-flow\">\n<p><strong>Vetro temperato (float)<\/strong><\/p>\n\n\n\n<p><strong>Pannelli in vetro G1 da 12 mm per garantire sicurezza e durata.<\/strong><\/p>\n\n\n\n<p>Viene utilizzato uno speciale vetro temperato antideflagrante di 12 mm di spessore, conforme alla normativa europea EN 12150-1. Certificazioni: SGCC, IGCC, ISO, CSI, SAI Global, AS\/NZS 4666, CCC, CE. <\/p>\n\n\n\n<p><strong>Propriet\u00e0:<\/strong> resistenza all&#8217;impatto, test d&#8217;impatto con sacchi di sabbia e condizione dei frammenti conformi a GB 15763.2-2005 (Vetro di sicurezza per materiali da costruzione, Parte 2 &#8211; Vetro temperato). \u00c8 inoltre conforme alle norme AS\/NZS 2208:1996, EN 12150-1, CAN\/CGSB 12.1-2017 e ANSI Z97.1-2015. <\/p>\n\n\n\n<p><strong>Dimensioni:<\/strong> 2990 \u00d7 1995 mm<br\/><strong>Quantit\u00e0:<\/strong> 18 pezzi<br\/><strong>Spessore:<\/strong> 12 mm<\/p>\n\n\n\n<p>Per la produzione viene utilizzato vetro float di altissima qualit\u00e0, privo di impurit\u00e0, che riduce significativamente il rischio di rottura spontanea dopo la tempra e prolunga la durata del vetro.<\/p>\n\n\n\n<p><strong>Erba artificiale per campi da padel<\/strong><\/p>\n\n\n\n<p><strong>Una soluzione professionale per l&#8217;erba artificiale<\/strong><\/p>\n\n\n\n<p>Il campo \u00e8 dotato di un&#8217;erba artificiale di qualit\u00e0 superiore, progettata appositamente per i campi da padel. \u00c8 conforme allo standard GB\/T 20394-2006 per l&#8217;erba artificiale sportiva e offre un&#8217;eccellente resistenza all&#8217;usura, ai raggi UV, al fuoco e propriet\u00e0 antibatteriche. <\/p>\n\n\n\n<p><strong>Standard<\/strong><\/p>\n\n\n\n<p>\u00c8 conforme allo standard GB\/T 20394-2006 (standard premium per l&#8217;erba artificiale sportiva). Questo modello di erba artificiale \u00e8 uno dei prodotti pi\u00f9 pregiati, realizzato appositamente per i campi da padel. <\/p>\n\n\n\n<p><strong>Fibra e supporto per erba artificiale<\/strong><\/p>\n\n\n\n<p><strong>Tecnologia KDK, supporto rinforzato e durata superiore<\/strong><\/p>\n\n\n\n<p>Il materiale in fibra d&#8217;erba \u00e8 composto da granuli di plastica PE ad alta densit\u00e0 lineare. Grazie alla tecnologia KDK e a uno speciale processo di produzione, le fibre d&#8217;erba mantengono il loro colore e la loro forma per un lungo periodo, prolungando la durata della superficie. <\/p>\n\n\n\n<p>Il tessuto di supporto \u00e8 realizzato con un&#8217;armatura twill a doppio strato, che offre una maggiore resistenza agli strappi e riduce il rischio di grinze che possono verificarsi a causa dei filati spessi e dell&#8217;alta densit\u00e0. Il rovescio \u00e8 rivestito con uno strato di poliuretano che assicura la massima protezione delle fibre e prolunga la durata del prodotto. <\/p>\n\n\n\n<p><strong>Certificati e conformit\u00e0 agli standard<\/strong><\/p>\n\n\n\n<p>CE, ROHS, GB\/T 21604-2008 (test di irritazione cutanea), GB 21510-2008 (test antibatterico e antimicotico), Lisport (resistenza all&#8217;usura &#8211; 150.000 cicli), SGS (resistenza ai raggi UV &#8211; UVA 5000 ore), GB\/T 20394-2013 (test di resistenza al fuoco), REACH 205 (standard europeo), GB\/T 20394-2019 (tutti i test), GB 36246-2018 (tutti i test).<\/p>\n<\/div>\n\n\n\n<div class=\"wp-block-column is-vertically-aligned-center is-layout-flow wp-block-column-is-layout-flow\">\n<figure class=\"wp-block-image size-full is-resized is-style-rounded\"><img loading=\"lazy\" decoding=\"async\" width=\"1080\" height=\"1080\" src=\"https:\/\/evolve-fitness.eu\/wp-content\/uploads\/2026\/04\/padel-2-1.png\" alt=\"\" class=\"wp-image-232252\" style=\"width:864px;height:auto\" srcset=\"https:\/\/evolve-fitness.eu\/wp-content\/uploads\/2026\/04\/padel-2-1.png 1080w, https:\/\/evolve-fitness.eu\/wp-content\/uploads\/2026\/04\/padel-2-1-300x300.png 300w, https:\/\/evolve-fitness.eu\/wp-content\/uploads\/2026\/04\/padel-2-1-1024x1024.png 1024w, https:\/\/evolve-fitness.eu\/wp-content\/uploads\/2026\/04\/padel-2-1-150x150.png 150w, https:\/\/evolve-fitness.eu\/wp-content\/uploads\/2026\/04\/padel-2-1-768x768.png 768w, https:\/\/evolve-fitness.eu\/wp-content\/uploads\/2026\/04\/padel-2-1-600x600.png 600w\" sizes=\"auto, (max-width: 1080px) 100vw, 1080px\" \/><\/figure>\n<\/div>\n<\/div>\n<\/section>\n","protected":false},"excerpt":{"rendered":"<p>Campo da padel classico &#8211; una struttura forte e resistente<\/p>\n<p>Il classico campo da padel \u00e8 caratterizzato da una struttura robusta, estetica e pratica, progettata per un uso prolungato all&#8217;aperto. La sezione in vetro della struttura \u00e8 rinforzata con 16 set di colonne, che garantiscono una maggiore stabilit\u00e0 e un fissaggio sicuro dei pannelli in vetro. L&#8217;intera struttura metallica \u00e8 stata progettata per migliorare significativamente la resistenza ai carichi di vento esterni e per garantire un utilizzo sicuro anche in condizioni ambientali difficili.  <\/p>\n","protected":false},"featured_media":232259,"template":"","meta":{"_acf_changed":false,"inline_featured_image":false},"product_brand":[],"product_cat":[13116],"product_tag":[],"class_list":{"0":"post-229979","1":"product","2":"type-product","3":"status-publish","4":"has-post-thumbnail","6":"product_cat-campi-da-padel","8":"first","9":"instock","10":"shipping-taxable","11":"purchasable","12":"product-type-simple"},"acf":{"long_title":"Campi da padel classici","subtitle":"","specifications":[{"label":"Lunghezza","text_value":"20.000 mm","icon":"x"},{"label":"Altezza","text_value":"12 mm","icon":"x"},{"label":"Dimensioni","text_value":"2990 \u00d7 1995 mm","icon":"x"},{"label":"Quantit\u00e0","text_value":"18 pezzi.","icon":"x"},{"label":"Tipo di filo d'erba","text_value":"10.000 Dtex","icon":"x"},{"label":"Colore","text_value":"blu (colori personalizzati disponibili)","icon":"x"},{"label":"Densit\u00e0","text_value":"63,000 \/ m\u00b2","icon":"x"},{"label":"Calibro","text_value":"4,76 mm","icon":"x"},{"label":"Backing","text_value":"Maglia in PP+ PP+ PU","icon":"x"},{"label":"Spessore del vetro","text_value":"12 mm con 8 fori di fissaggio svasati","icon":"x"}],"product_frequently_asked_questions":null},"yoast_head":"<!-- This site is optimized with the Yoast SEO plugin v27.4 - https:\/\/yoast.com\/product\/yoast-seo-wordpress\/ -->\n<title>Campi da padel classici - Evolve<\/title>\n<meta name=\"robots\" content=\"index, follow, max-snippet:-1, max-image-preview:large, max-video-preview:-1\" \/>\n<link rel=\"canonical\" href=\"https:\/\/evolve-fitness.eu\/it\/prodotto\/campi-da-padel-classici\/\" \/>\n<meta property=\"og:locale\" content=\"it_IT\" \/>\n<meta property=\"og:type\" content=\"article\" \/>\n<meta property=\"og:title\" content=\"Campi da padel classici - Evolve\" \/>\n<meta property=\"og:url\" content=\"https:\/\/evolve-fitness.eu\/it\/prodotto\/campi-da-padel-classici\/\" \/>\n<meta property=\"og:site_name\" content=\"Evolve\" \/>\n<meta property=\"article:publisher\" content=\"https:\/\/www.facebook.com\/EvolveFitnessEurope\" \/>\n<meta property=\"article:modified_time\" content=\"2026-04-17T10:53:15+00:00\" \/>\n<meta property=\"og:image\" content=\"https:\/\/evolve-fitness.eu\/wp-content\/uploads\/2026\/04\/padel-2-1.png\" \/>\n\t<meta property=\"og:image:width\" content=\"1080\" \/>\n\t<meta property=\"og:image:height\" content=\"1080\" \/>\n\t<meta property=\"og:image:type\" content=\"image\/png\" \/>\n<meta name=\"twitter:card\" content=\"summary_large_image\" \/>\n<script type=\"application\/ld+json\" class=\"yoast-schema-graph\">{\"@context\":\"https:\\\/\\\/schema.org\",\"@graph\":[{\"@type\":\"WebPage\",\"@id\":\"https:\\\/\\\/evolve-fitness.eu\\\/it\\\/prodotto\\\/campi-da-padel-classici\\\/\",\"url\":\"https:\\\/\\\/evolve-fitness.eu\\\/it\\\/prodotto\\\/campi-da-padel-classici\\\/\",\"name\":\"Campi da padel classici - Evolve\",\"isPartOf\":{\"@id\":\"https:\\\/\\\/evolve-fitness.eu\\\/it\\\/#website\"},\"primaryImageOfPage\":{\"@id\":\"https:\\\/\\\/evolve-fitness.eu\\\/it\\\/prodotto\\\/campi-da-padel-classici\\\/#primaryimage\"},\"image\":{\"@id\":\"https:\\\/\\\/evolve-fitness.eu\\\/it\\\/prodotto\\\/campi-da-padel-classici\\\/#primaryimage\"},\"thumbnailUrl\":\"https:\\\/\\\/evolve-fitness.eu\\\/wp-content\\\/uploads\\\/2026\\\/04\\\/padel-2-1.png\",\"datePublished\":\"2026-04-15T10:39:20+00:00\",\"dateModified\":\"2026-04-17T10:53:15+00:00\",\"breadcrumb\":{\"@id\":\"https:\\\/\\\/evolve-fitness.eu\\\/it\\\/prodotto\\\/campi-da-padel-classici\\\/#breadcrumb\"},\"inLanguage\":\"it-IT\",\"potentialAction\":[{\"@type\":\"ReadAction\",\"target\":[\"https:\\\/\\\/evolve-fitness.eu\\\/it\\\/prodotto\\\/campi-da-padel-classici\\\/\"]}]},{\"@type\":\"ImageObject\",\"inLanguage\":\"it-IT\",\"@id\":\"https:\\\/\\\/evolve-fitness.eu\\\/it\\\/prodotto\\\/campi-da-padel-classici\\\/#primaryimage\",\"url\":\"https:\\\/\\\/evolve-fitness.eu\\\/wp-content\\\/uploads\\\/2026\\\/04\\\/padel-2-1.png\",\"contentUrl\":\"https:\\\/\\\/evolve-fitness.eu\\\/wp-content\\\/uploads\\\/2026\\\/04\\\/padel-2-1.png\",\"width\":1080,\"height\":1080},{\"@type\":\"BreadcrumbList\",\"@id\":\"https:\\\/\\\/evolve-fitness.eu\\\/it\\\/prodotto\\\/campi-da-padel-classici\\\/#breadcrumb\",\"itemListElement\":[{\"@type\":\"ListItem\",\"position\":1,\"name\":\"Home\",\"item\":\"https:\\\/\\\/evolve-fitness.eu\\\/it\\\/\"},{\"@type\":\"ListItem\",\"position\":2,\"name\":\"Prodotti\",\"item\":\"https:\\\/\\\/evolve-fitness.eu\\\/it\\\/shop\\\/\"},{\"@type\":\"ListItem\",\"position\":3,\"name\":\"Campi da padel classici\"}]},{\"@type\":\"WebSite\",\"@id\":\"https:\\\/\\\/evolve-fitness.eu\\\/it\\\/#website\",\"url\":\"https:\\\/\\\/evolve-fitness.eu\\\/it\\\/\",\"name\":\"Evolve\",\"description\":\"Your Evolved Gear Arrived\",\"publisher\":{\"@id\":\"https:\\\/\\\/evolve-fitness.eu\\\/it\\\/#organization\"},\"potentialAction\":[{\"@type\":\"SearchAction\",\"target\":{\"@type\":\"EntryPoint\",\"urlTemplate\":\"https:\\\/\\\/evolve-fitness.eu\\\/it\\\/?s={search_term_string}\"},\"query-input\":{\"@type\":\"PropertyValueSpecification\",\"valueRequired\":true,\"valueName\":\"search_term_string\"}}],\"inLanguage\":\"it-IT\"},{\"@type\":\"Organization\",\"@id\":\"https:\\\/\\\/evolve-fitness.eu\\\/it\\\/#organization\",\"name\":\"Evolve\",\"url\":\"https:\\\/\\\/evolve-fitness.eu\\\/it\\\/\",\"logo\":{\"@type\":\"ImageObject\",\"inLanguage\":\"it-IT\",\"@id\":\"https:\\\/\\\/evolve-fitness.eu\\\/it\\\/#\\\/schema\\\/logo\\\/image\\\/\",\"url\":\"https:\\\/\\\/evolve-fitness.eu\\\/wp-content\\\/uploads\\\/2023\\\/05\\\/Evolve-logo.svg\",\"contentUrl\":\"https:\\\/\\\/evolve-fitness.eu\\\/wp-content\\\/uploads\\\/2023\\\/05\\\/Evolve-logo.svg\",\"width\":176,\"height\":20,\"caption\":\"Evolve\"},\"image\":{\"@id\":\"https:\\\/\\\/evolve-fitness.eu\\\/it\\\/#\\\/schema\\\/logo\\\/image\\\/\"},\"sameAs\":[\"https:\\\/\\\/www.facebook.com\\\/EvolveFitnessEurope\"]}]}<\/script>\n<!-- \/ Yoast SEO plugin. -->","yoast_head_json":{"title":"Campi da padel classici - Evolve","robots":{"index":"index","follow":"follow","max-snippet":"max-snippet:-1","max-image-preview":"max-image-preview:large","max-video-preview":"max-video-preview:-1"},"canonical":"https:\/\/evolve-fitness.eu\/it\/prodotto\/campi-da-padel-classici\/","og_locale":"it_IT","og_type":"article","og_title":"Campi da padel classici - Evolve","og_url":"https:\/\/evolve-fitness.eu\/it\/prodotto\/campi-da-padel-classici\/","og_site_name":"Evolve","article_publisher":"https:\/\/www.facebook.com\/EvolveFitnessEurope","article_modified_time":"2026-04-17T10:53:15+00:00","og_image":[{"width":1080,"height":1080,"url":"https:\/\/evolve-fitness.eu\/wp-content\/uploads\/2026\/04\/padel-2-1.png","type":"image\/png"}],"twitter_card":"summary_large_image","schema":{"@context":"https:\/\/schema.org","@graph":[{"@type":"WebPage","@id":"https:\/\/evolve-fitness.eu\/it\/prodotto\/campi-da-padel-classici\/","url":"https:\/\/evolve-fitness.eu\/it\/prodotto\/campi-da-padel-classici\/","name":"Campi da padel classici - Evolve","isPartOf":{"@id":"https:\/\/evolve-fitness.eu\/it\/#website"},"primaryImageOfPage":{"@id":"https:\/\/evolve-fitness.eu\/it\/prodotto\/campi-da-padel-classici\/#primaryimage"},"image":{"@id":"https:\/\/evolve-fitness.eu\/it\/prodotto\/campi-da-padel-classici\/#primaryimage"},"thumbnailUrl":"https:\/\/evolve-fitness.eu\/wp-content\/uploads\/2026\/04\/padel-2-1.png","datePublished":"2026-04-15T10:39:20+00:00","dateModified":"2026-04-17T10:53:15+00:00","breadcrumb":{"@id":"https:\/\/evolve-fitness.eu\/it\/prodotto\/campi-da-padel-classici\/#breadcrumb"},"inLanguage":"it-IT","potentialAction":[{"@type":"ReadAction","target":["https:\/\/evolve-fitness.eu\/it\/prodotto\/campi-da-padel-classici\/"]}]},{"@type":"ImageObject","inLanguage":"it-IT","@id":"https:\/\/evolve-fitness.eu\/it\/prodotto\/campi-da-padel-classici\/#primaryimage","url":"https:\/\/evolve-fitness.eu\/wp-content\/uploads\/2026\/04\/padel-2-1.png","contentUrl":"https:\/\/evolve-fitness.eu\/wp-content\/uploads\/2026\/04\/padel-2-1.png","width":1080,"height":1080},{"@type":"BreadcrumbList","@id":"https:\/\/evolve-fitness.eu\/it\/prodotto\/campi-da-padel-classici\/#breadcrumb","itemListElement":[{"@type":"ListItem","position":1,"name":"Home","item":"https:\/\/evolve-fitness.eu\/it\/"},{"@type":"ListItem","position":2,"name":"Prodotti","item":"https:\/\/evolve-fitness.eu\/it\/shop\/"},{"@type":"ListItem","position":3,"name":"Campi da padel classici"}]},{"@type":"WebSite","@id":"https:\/\/evolve-fitness.eu\/it\/#website","url":"https:\/\/evolve-fitness.eu\/it\/","name":"Evolve","description":"Your Evolved Gear Arrived","publisher":{"@id":"https:\/\/evolve-fitness.eu\/it\/#organization"},"potentialAction":[{"@type":"SearchAction","target":{"@type":"EntryPoint","urlTemplate":"https:\/\/evolve-fitness.eu\/it\/?s={search_term_string}"},"query-input":{"@type":"PropertyValueSpecification","valueRequired":true,"valueName":"search_term_string"}}],"inLanguage":"it-IT"},{"@type":"Organization","@id":"https:\/\/evolve-fitness.eu\/it\/#organization","name":"Evolve","url":"https:\/\/evolve-fitness.eu\/it\/","logo":{"@type":"ImageObject","inLanguage":"it-IT","@id":"https:\/\/evolve-fitness.eu\/it\/#\/schema\/logo\/image\/","url":"https:\/\/evolve-fitness.eu\/wp-content\/uploads\/2023\/05\/Evolve-logo.svg","contentUrl":"https:\/\/evolve-fitness.eu\/wp-content\/uploads\/2023\/05\/Evolve-logo.svg","width":176,"height":20,"caption":"Evolve"},"image":{"@id":"https:\/\/evolve-fitness.eu\/it\/#\/schema\/logo\/image\/"},"sameAs":["https:\/\/www.facebook.com\/EvolveFitnessEurope"]}]}},"_links":{"self":[{"href":"https:\/\/evolve-fitness.eu\/it\/wp-json\/wp\/v2\/product\/229979","targetHints":{"allow":["GET"]}}],"collection":[{"href":"https:\/\/evolve-fitness.eu\/it\/wp-json\/wp\/v2\/product"}],"about":[{"href":"https:\/\/evolve-fitness.eu\/it\/wp-json\/wp\/v2\/types\/product"}],"wp:featuredmedia":[{"embeddable":true,"href":"https:\/\/evolve-fitness.eu\/it\/wp-json\/wp\/v2\/media\/232259"}],"wp:attachment":[{"href":"https:\/\/evolve-fitness.eu\/it\/wp-json\/wp\/v2\/media?parent=229979"}],"wp:term":[{"taxonomy":"product_brand","embeddable":true,"href":"https:\/\/evolve-fitness.eu\/it\/wp-json\/wp\/v2\/product_brand?post=229979"},{"taxonomy":"product_cat","embeddable":true,"href":"https:\/\/evolve-fitness.eu\/it\/wp-json\/wp\/v2\/product_cat?post=229979"},{"taxonomy":"product_tag","embeddable":true,"href":"https:\/\/evolve-fitness.eu\/it\/wp-json\/wp\/v2\/product_tag?post=229979"}],"curies":[{"name":"wp","href":"https:\/\/api.w.org\/{rel}","templated":true}]}}