{"id":235230,"date":"2025-10-14T16:25:13","date_gmt":"2025-10-14T13:25:13","guid":{"rendered":"https:\/\/evolve-fitness.eu\/product\/evolve-econ-series-con-carico-a-piastra-e-smith-machine-ec-230\/"},"modified":"2025-10-14T16:25:13","modified_gmt":"2025-10-14T13:25:13","slug":"evolve-econ-series-con-carico-a-piastra-e-smith-machine-ec-230","status":"publish","type":"product","link":"https:\/\/evolve-fitness.eu\/it\/prodotto\/evolve-econ-series-con-carico-a-piastra-e-smith-machine-ec-230\/","title":{"rendered":"Evolve Econ Series con carico a piastra e Smith Machine (EC-230)"},"content":{"rendered":"","protected":false},"excerpt":{"rendered":"<p>La Evolve Econ Series Plate Loaded Half Rack and Smith Machine (EC-230) \u00e8 una stazione multifunzionale per l&#8217;allenamento della forza progettata per una completa versatilit\u00e0. Combina la stabilit\u00e0 di una Smith Machine con la libert\u00e0 di un half rack, consentendo esercizi con bilanciere sicuri e controllati. Costruita con un telaio resistente e con una resistenza a piastre fluida, \u00e8 ideale sia per gli ambienti commerciali che per le palestre professionali.  <\/p>\n","protected":false},"featured_media":235251,"template":"","meta":{"_acf_changed":false,"inline_featured_image":false},"product_brand":[],"product_cat":[4880,6768],"product_tag":[13213,13159,1785,13212],"class_list":{"0":"post-235230","1":"product","2":"type-product","3":"status-publish","4":"has-post-thumbnail","6":"product_cat-macchine-a-piastre","7":"product_cat-macchine-con-carico-a-piastra-della-serie-econ","8":"product_tag-attacco-della-fila-seduta","9":"product_tag-hack-squat","10":"product_tag-la-forza","11":"product_tag-macchina-smith","13":"first","14":"instock","15":"shipping-taxable","16":"purchasable","17":"product-type-simple"},"acf":{"long_title":"Evolve Econ Series con carico a piastra e Smith Machine (EC-230)","subtitle":"","specifications":[{"label":"SKU","text_value":"EV-PL-EC-230","icon":"x"},{"label":"Dimensioni","text_value":"1404 x 1850 x 2343 mm","icon":"x"},{"label":"Peso","text_value":"77,5 kg","icon":"x"},{"label":"Max. carico","text_value":"250 kg","icon":"x"},{"label":"Garanzia","text_value":"2 anni","icon":"x"}],"product_frequently_asked_questions":null},"yoast_head":"<!-- This site is optimized with the Yoast SEO plugin v27.4 - https:\/\/yoast.com\/product\/yoast-seo-wordpress\/ -->\n<title>Evolve Econ Series con carico a piastra e Smith Machine (EC-230) - Evolve<\/title>\n<meta name=\"description\" content=\"La Evolve Econ Series con carico su piastra e Smith Machine con attacco Lat Pulldown\/Seated Row \u00e8 una macchina multifunzionale per l&#039;allenamento della forza.\" \/>\n<meta name=\"robots\" content=\"index, follow, max-snippet:-1, max-image-preview:large, max-video-preview:-1\" \/>\n<link rel=\"canonical\" href=\"https:\/\/evolve-fitness.eu\/it\/prodotto\/evolve-econ-series-con-carico-a-piastra-e-smith-machine-ec-230\/\" \/>\n<meta property=\"og:locale\" content=\"it_IT\" \/>\n<meta property=\"og:type\" content=\"article\" \/>\n<meta property=\"og:title\" content=\"Evolve Econ Series con carico a piastra e Smith Machine (EC-230) - Evolve\" \/>\n<meta property=\"og:description\" content=\"La Evolve Econ Series con carico su piastra e Smith Machine con attacco Lat Pulldown\/Seated Row \u00e8 una macchina multifunzionale per l&#039;allenamento della forza.\" \/>\n<meta property=\"og:url\" content=\"https:\/\/evolve-fitness.eu\/it\/prodotto\/evolve-econ-series-con-carico-a-piastra-e-smith-machine-ec-230\/\" \/>\n<meta property=\"og:site_name\" content=\"Evolve\" \/>\n<meta property=\"article:publisher\" content=\"https:\/\/www.facebook.com\/EvolveFitnessEurope\" \/>\n<meta property=\"og:image\" content=\"https:\/\/evolve-fitness.eu\/wp-content\/uploads\/2025\/10\/EC-230.png\" \/>\n\t<meta property=\"og:image:width\" content=\"450\" \/>\n\t<meta property=\"og:image:height\" content=\"338\" \/>\n\t<meta property=\"og:image:type\" content=\"image\/png\" \/>\n<meta name=\"twitter:card\" content=\"summary_large_image\" \/>\n<script type=\"application\/ld+json\" class=\"yoast-schema-graph\">{\"@context\":\"https:\\\/\\\/schema.org\",\"@graph\":[{\"@type\":\"WebPage\",\"@id\":\"https:\\\/\\\/evolve-fitness.eu\\\/it\\\/prodotto\\\/evolve-econ-series-con-carico-a-piastra-e-smith-machine-ec-230\\\/\",\"url\":\"https:\\\/\\\/evolve-fitness.eu\\\/it\\\/prodotto\\\/evolve-econ-series-con-carico-a-piastra-e-smith-machine-ec-230\\\/\",\"name\":\"Evolve Econ Series con carico a piastra e Smith Machine (EC-230) - Evolve\",\"isPartOf\":{\"@id\":\"https:\\\/\\\/evolve-fitness.eu\\\/it\\\/#website\"},\"primaryImageOfPage\":{\"@id\":\"https:\\\/\\\/evolve-fitness.eu\\\/it\\\/prodotto\\\/evolve-econ-series-con-carico-a-piastra-e-smith-machine-ec-230\\\/#primaryimage\"},\"image\":{\"@id\":\"https:\\\/\\\/evolve-fitness.eu\\\/it\\\/prodotto\\\/evolve-econ-series-con-carico-a-piastra-e-smith-machine-ec-230\\\/#primaryimage\"},\"thumbnailUrl\":\"https:\\\/\\\/evolve-fitness.eu\\\/wp-content\\\/uploads\\\/2025\\\/10\\\/EC-230.png\",\"datePublished\":\"2025-10-14T13:25:13+00:00\",\"description\":\"La Evolve Econ Series con carico su piastra e Smith Machine con attacco Lat Pulldown\\\/Seated Row \u00e8 una macchina multifunzionale per l'allenamento della forza.\",\"breadcrumb\":{\"@id\":\"https:\\\/\\\/evolve-fitness.eu\\\/it\\\/prodotto\\\/evolve-econ-series-con-carico-a-piastra-e-smith-machine-ec-230\\\/#breadcrumb\"},\"inLanguage\":\"it-IT\",\"potentialAction\":[{\"@type\":\"ReadAction\",\"target\":[\"https:\\\/\\\/evolve-fitness.eu\\\/it\\\/prodotto\\\/evolve-econ-series-con-carico-a-piastra-e-smith-machine-ec-230\\\/\"]}]},{\"@type\":\"ImageObject\",\"inLanguage\":\"it-IT\",\"@id\":\"https:\\\/\\\/evolve-fitness.eu\\\/it\\\/prodotto\\\/evolve-econ-series-con-carico-a-piastra-e-smith-machine-ec-230\\\/#primaryimage\",\"url\":\"https:\\\/\\\/evolve-fitness.eu\\\/wp-content\\\/uploads\\\/2025\\\/10\\\/EC-230.png\",\"contentUrl\":\"https:\\\/\\\/evolve-fitness.eu\\\/wp-content\\\/uploads\\\/2025\\\/10\\\/EC-230.png\",\"width\":450,\"height\":338},{\"@type\":\"BreadcrumbList\",\"@id\":\"https:\\\/\\\/evolve-fitness.eu\\\/it\\\/prodotto\\\/evolve-econ-series-con-carico-a-piastra-e-smith-machine-ec-230\\\/#breadcrumb\",\"itemListElement\":[{\"@type\":\"ListItem\",\"position\":1,\"name\":\"Home\",\"item\":\"https:\\\/\\\/evolve-fitness.eu\\\/it\\\/\"},{\"@type\":\"ListItem\",\"position\":2,\"name\":\"Prodotti\",\"item\":\"https:\\\/\\\/evolve-fitness.eu\\\/it\\\/shop\\\/\"},{\"@type\":\"ListItem\",\"position\":3,\"name\":\"Evolve Econ Series con carico a piastra e Smith Machine (EC-230)\"}]},{\"@type\":\"WebSite\",\"@id\":\"https:\\\/\\\/evolve-fitness.eu\\\/it\\\/#website\",\"url\":\"https:\\\/\\\/evolve-fitness.eu\\\/it\\\/\",\"name\":\"Evolve\",\"description\":\"Your Evolved Gear Arrived\",\"publisher\":{\"@id\":\"https:\\\/\\\/evolve-fitness.eu\\\/it\\\/#organization\"},\"potentialAction\":[{\"@type\":\"SearchAction\",\"target\":{\"@type\":\"EntryPoint\",\"urlTemplate\":\"https:\\\/\\\/evolve-fitness.eu\\\/it\\\/?s={search_term_string}\"},\"query-input\":{\"@type\":\"PropertyValueSpecification\",\"valueRequired\":true,\"valueName\":\"search_term_string\"}}],\"inLanguage\":\"it-IT\"},{\"@type\":\"Organization\",\"@id\":\"https:\\\/\\\/evolve-fitness.eu\\\/it\\\/#organization\",\"name\":\"Evolve\",\"url\":\"https:\\\/\\\/evolve-fitness.eu\\\/it\\\/\",\"logo\":{\"@type\":\"ImageObject\",\"inLanguage\":\"it-IT\",\"@id\":\"https:\\\/\\\/evolve-fitness.eu\\\/it\\\/#\\\/schema\\\/logo\\\/image\\\/\",\"url\":\"https:\\\/\\\/evolve-fitness.eu\\\/wp-content\\\/uploads\\\/2023\\\/05\\\/Evolve-logo.svg\",\"contentUrl\":\"https:\\\/\\\/evolve-fitness.eu\\\/wp-content\\\/uploads\\\/2023\\\/05\\\/Evolve-logo.svg\",\"width\":176,\"height\":20,\"caption\":\"Evolve\"},\"image\":{\"@id\":\"https:\\\/\\\/evolve-fitness.eu\\\/it\\\/#\\\/schema\\\/logo\\\/image\\\/\"},\"sameAs\":[\"https:\\\/\\\/www.facebook.com\\\/EvolveFitnessEurope\"]}]}<\/script>\n<!-- \/ Yoast SEO plugin. -->","yoast_head_json":{"title":"Evolve Econ Series con carico a piastra e Smith Machine (EC-230) - Evolve","description":"La Evolve Econ Series con carico su piastra e Smith Machine con attacco Lat Pulldown\/Seated Row \u00e8 una macchina multifunzionale per l'allenamento della forza.","robots":{"index":"index","follow":"follow","max-snippet":"max-snippet:-1","max-image-preview":"max-image-preview:large","max-video-preview":"max-video-preview:-1"},"canonical":"https:\/\/evolve-fitness.eu\/it\/prodotto\/evolve-econ-series-con-carico-a-piastra-e-smith-machine-ec-230\/","og_locale":"it_IT","og_type":"article","og_title":"Evolve Econ Series con carico a piastra e Smith Machine (EC-230) - Evolve","og_description":"La Evolve Econ Series con carico su piastra e Smith Machine con attacco Lat Pulldown\/Seated Row \u00e8 una macchina multifunzionale per l'allenamento della forza.","og_url":"https:\/\/evolve-fitness.eu\/it\/prodotto\/evolve-econ-series-con-carico-a-piastra-e-smith-machine-ec-230\/","og_site_name":"Evolve","article_publisher":"https:\/\/www.facebook.com\/EvolveFitnessEurope","og_image":[{"width":450,"height":338,"url":"https:\/\/evolve-fitness.eu\/wp-content\/uploads\/2025\/10\/EC-230.png","type":"image\/png"}],"twitter_card":"summary_large_image","schema":{"@context":"https:\/\/schema.org","@graph":[{"@type":"WebPage","@id":"https:\/\/evolve-fitness.eu\/it\/prodotto\/evolve-econ-series-con-carico-a-piastra-e-smith-machine-ec-230\/","url":"https:\/\/evolve-fitness.eu\/it\/prodotto\/evolve-econ-series-con-carico-a-piastra-e-smith-machine-ec-230\/","name":"Evolve Econ Series con carico a piastra e Smith Machine (EC-230) - Evolve","isPartOf":{"@id":"https:\/\/evolve-fitness.eu\/it\/#website"},"primaryImageOfPage":{"@id":"https:\/\/evolve-fitness.eu\/it\/prodotto\/evolve-econ-series-con-carico-a-piastra-e-smith-machine-ec-230\/#primaryimage"},"image":{"@id":"https:\/\/evolve-fitness.eu\/it\/prodotto\/evolve-econ-series-con-carico-a-piastra-e-smith-machine-ec-230\/#primaryimage"},"thumbnailUrl":"https:\/\/evolve-fitness.eu\/wp-content\/uploads\/2025\/10\/EC-230.png","datePublished":"2025-10-14T13:25:13+00:00","description":"La Evolve Econ Series con carico su piastra e Smith Machine con attacco Lat Pulldown\/Seated Row \u00e8 una macchina multifunzionale per l'allenamento della forza.","breadcrumb":{"@id":"https:\/\/evolve-fitness.eu\/it\/prodotto\/evolve-econ-series-con-carico-a-piastra-e-smith-machine-ec-230\/#breadcrumb"},"inLanguage":"it-IT","potentialAction":[{"@type":"ReadAction","target":["https:\/\/evolve-fitness.eu\/it\/prodotto\/evolve-econ-series-con-carico-a-piastra-e-smith-machine-ec-230\/"]}]},{"@type":"ImageObject","inLanguage":"it-IT","@id":"https:\/\/evolve-fitness.eu\/it\/prodotto\/evolve-econ-series-con-carico-a-piastra-e-smith-machine-ec-230\/#primaryimage","url":"https:\/\/evolve-fitness.eu\/wp-content\/uploads\/2025\/10\/EC-230.png","contentUrl":"https:\/\/evolve-fitness.eu\/wp-content\/uploads\/2025\/10\/EC-230.png","width":450,"height":338},{"@type":"BreadcrumbList","@id":"https:\/\/evolve-fitness.eu\/it\/prodotto\/evolve-econ-series-con-carico-a-piastra-e-smith-machine-ec-230\/#breadcrumb","itemListElement":[{"@type":"ListItem","position":1,"name":"Home","item":"https:\/\/evolve-fitness.eu\/it\/"},{"@type":"ListItem","position":2,"name":"Prodotti","item":"https:\/\/evolve-fitness.eu\/it\/shop\/"},{"@type":"ListItem","position":3,"name":"Evolve Econ Series con carico a piastra e Smith Machine (EC-230)"}]},{"@type":"WebSite","@id":"https:\/\/evolve-fitness.eu\/it\/#website","url":"https:\/\/evolve-fitness.eu\/it\/","name":"Evolve","description":"Your Evolved Gear Arrived","publisher":{"@id":"https:\/\/evolve-fitness.eu\/it\/#organization"},"potentialAction":[{"@type":"SearchAction","target":{"@type":"EntryPoint","urlTemplate":"https:\/\/evolve-fitness.eu\/it\/?s={search_term_string}"},"query-input":{"@type":"PropertyValueSpecification","valueRequired":true,"valueName":"search_term_string"}}],"inLanguage":"it-IT"},{"@type":"Organization","@id":"https:\/\/evolve-fitness.eu\/it\/#organization","name":"Evolve","url":"https:\/\/evolve-fitness.eu\/it\/","logo":{"@type":"ImageObject","inLanguage":"it-IT","@id":"https:\/\/evolve-fitness.eu\/it\/#\/schema\/logo\/image\/","url":"https:\/\/evolve-fitness.eu\/wp-content\/uploads\/2023\/05\/Evolve-logo.svg","contentUrl":"https:\/\/evolve-fitness.eu\/wp-content\/uploads\/2023\/05\/Evolve-logo.svg","width":176,"height":20,"caption":"Evolve"},"image":{"@id":"https:\/\/evolve-fitness.eu\/it\/#\/schema\/logo\/image\/"},"sameAs":["https:\/\/www.facebook.com\/EvolveFitnessEurope"]}]}},"_links":{"self":[{"href":"https:\/\/evolve-fitness.eu\/it\/wp-json\/wp\/v2\/product\/235230","targetHints":{"allow":["GET"]}}],"collection":[{"href":"https:\/\/evolve-fitness.eu\/it\/wp-json\/wp\/v2\/product"}],"about":[{"href":"https:\/\/evolve-fitness.eu\/it\/wp-json\/wp\/v2\/types\/product"}],"wp:featuredmedia":[{"embeddable":true,"href":"https:\/\/evolve-fitness.eu\/it\/wp-json\/wp\/v2\/media\/235251"}],"wp:attachment":[{"href":"https:\/\/evolve-fitness.eu\/it\/wp-json\/wp\/v2\/media?parent=235230"}],"wp:term":[{"taxonomy":"product_brand","embeddable":true,"href":"https:\/\/evolve-fitness.eu\/it\/wp-json\/wp\/v2\/product_brand?post=235230"},{"taxonomy":"product_cat","embeddable":true,"href":"https:\/\/evolve-fitness.eu\/it\/wp-json\/wp\/v2\/product_cat?post=235230"},{"taxonomy":"product_tag","embeddable":true,"href":"https:\/\/evolve-fitness.eu\/it\/wp-json\/wp\/v2\/product_tag?post=235230"}],"curies":[{"name":"wp","href":"https:\/\/api.w.org\/{rel}","templated":true}]}}